{"id":2592,"date":"2024-09-18T10:25:18","date_gmt":"2024-09-18T08:25:18","guid":{"rendered":"https:\/\/koningdrone.nl\/kon\/product\/mobilis-100w-ac-adapter-1-usb-2-usb-type-c-2m\/"},"modified":"2026-05-01T04:30:36","modified_gmt":"2026-05-01T02:30:36","slug":"mobilis-100w-ac-adapter-1-usb-2-usb-type-c-2m","status":"publish","type":"product","link":"https:\/\/koningdrone.be\/fr\/produit\/mobilis-100w-ac-adapter-1-usb-2-usb-type-c-2m\/","title":{"rendered":"Adaptateur secteur Mobilis 100w 1 USB - 2 USB Type-C 2m"},"content":{"rendered":"<p>Ce chargeur secteur GaN 100W dispose de 3 ports : 2 USB-C et 1 USB-A, vous permettant de charger jusqu'\u00e0 3 appareils simultan\u00e9ment. D'une puissance de 100 W, ce chargeur compact est dot\u00e9 de la technologie au nitrure de gallium (GaN) pour des performances optimales. Les ports USB-A et USB-C offrent une flexibilit\u00e9 totale, vous permettant de charger trois appareils simultan\u00e9ment. Le c\u00e2ble de 2 m\u00e8tres inclus prend en charge une charge de 100 W et assure \u00e0 la fois la charge et la synchronisation des donn\u00e9es de vos appareils. La taille compacte et le design \u00e9l\u00e9gant de cet adaptateur en font le choix id\u00e9al pour une utilisation quotidienne ou en d\u00e9placement. De plus, l'adaptateur est \u00e9co-con\u00e7u, car il est fabriqu\u00e9 en plastique recycl\u00e9 certifi\u00e9 GRS (Global Recycled Standard).<\/p>","protected":false},"excerpt":{"rendered":"<ul>\n<li>2 ports USB-C + 1 port USB-A<\/li>\n<li>Puissance maximale : 100W<\/li>\n<li>Composant GaN<\/li>\n<li>1 x 2m c\u00e2ble 100W<\/li>\n<li>Compatible avec toutes les prises europ\u00e9ennes (Type C \/ E \/ F)<\/li>\n<li>Plastique recycl\u00e9 certifi\u00e9 GRS<\/li>\n<\/ul>","protected":false},"featured_media":0,"template":"","meta":{"_acf_changed":false},"product_brand":[],"product_cat":[97,440],"product_tag":[],"class_list":{"0":"post-2592","1":"product","2":"type-product","3":"status-publish","5":"product_cat-alle-producten","6":"product_cat-mobilis","7":"product_shipping_class-dronelandall","8":"pa_brand-mobilis","9":"pa_productfamily-ac-adapter","10":"pa_producttype-ac-adapter","11":"pa_series-mavic-3","13":"first","14":"instock","15":"taxable","16":"shipping-taxable","17":"purchasable","18":"product-type-simple"},"acf":[],"yoast_head":"<!-- This site is optimized with the Yoast SEO Premium plugin v27.2 (Yoast SEO v27.2) - https:\/\/yoast.com\/product\/yoast-seo-premium-wordpress\/ -->\n<title>Mobilis 100w AC-adapter 1 USB - 2 USB Type-C 2m - koningdrone.be<\/title>\n<meta name=\"robots\" content=\"index, follow, max-snippet:-1, max-image-preview:large, max-video-preview:-1\" \/>\n<link rel=\"canonical\" href=\"https:\/\/koningdrone.be\/fr\/produit\/mobilis-100w-ac-adapter-1-usb-2-usb-type-c-2m\/\" \/>\n<meta property=\"og:locale\" content=\"fr_FR\" \/>\n<meta property=\"og:type\" content=\"article\" \/>\n<meta property=\"og:title\" content=\"Mobilis 100w AC-adapter 1 USB - 2 USB Type-C 2m\" \/>\n<meta property=\"og:description\" content=\"2 USB-C-poorten + 1 USB-A-poortMax. vermogen: 100WGaN-component1 x 2m 100W kabelCompatibel met alle Europese stopcontacten (Type C \/ E \/ F)GRS-gecertificeerd gerecycled plastic\" \/>\n<meta property=\"og:url\" content=\"https:\/\/koningdrone.be\/fr\/produit\/mobilis-100w-ac-adapter-1-usb-2-usb-type-c-2m\/\" \/>\n<meta property=\"og:site_name\" content=\"koningdrone.be\" \/>\n<meta property=\"article:modified_time\" content=\"2026-05-01T02:30:36+00:00\" \/>\n<meta name=\"twitter:card\" content=\"summary_large_image\" \/>\n<meta name=\"twitter:label1\" content=\"Dur\u00e9e de lecture est.\" \/>\n\t<meta name=\"twitter:data1\" content=\"1 minute\" \/>\n<script type=\"application\/ld+json\" class=\"yoast-schema-graph\">{\"@context\":\"https:\/\/schema.org\",\"@graph\":[{\"@type\":\"WebPage\",\"@id\":\"https:\/\/koningdrone.be\/product\/mobilis-100w-ac-adapter-1-usb-2-usb-type-c-2m\/\",\"url\":\"https:\/\/koningdrone.be\/product\/mobilis-100w-ac-adapter-1-usb-2-usb-type-c-2m\/\",\"name\":\"Mobilis 100w AC-adapter 1 USB - 2 USB Type-C 2m - koningdrone.be\",\"isPartOf\":{\"@id\":\"https:\/\/koningdrone.be\/#website\"},\"datePublished\":\"2024-09-18T08:25:18+00:00\",\"dateModified\":\"2026-05-01T02:30:36+00:00\",\"breadcrumb\":{\"@id\":\"https:\/\/koningdrone.be\/product\/mobilis-100w-ac-adapter-1-usb-2-usb-type-c-2m\/#breadcrumb\"},\"inLanguage\":\"fr-BE\",\"potentialAction\":[{\"@type\":\"ReadAction\",\"target\":[\"https:\/\/koningdrone.be\/product\/mobilis-100w-ac-adapter-1-usb-2-usb-type-c-2m\/\"]}]},{\"@type\":\"BreadcrumbList\",\"@id\":\"https:\/\/koningdrone.be\/product\/mobilis-100w-ac-adapter-1-usb-2-usb-type-c-2m\/#breadcrumb\",\"itemListElement\":[{\"@type\":\"ListItem\",\"position\":1,\"name\":\"Home\",\"item\":\"https:\/\/koningdrone.be\/\"},{\"@type\":\"ListItem\",\"position\":2,\"name\":\"AVSS Parachute Recovery System for DJI Matrice 300\/350\",\"item\":\"https:\/\/koningdrone.be\/product\/avss-parachute-recovery-system-for-dji-matrice-300-350\/\"},{\"@type\":\"ListItem\",\"position\":3,\"name\":\"Alle producten\",\"item\":\"https:\/\/koningdrone.be\/categorie\/alle-producten\/\"},{\"@type\":\"ListItem\",\"position\":4,\"name\":\"Mobilis 100w AC-adapter 1 USB &#8211; 2 USB Type-C 2m\"}]},{\"@type\":\"WebSite\",\"@id\":\"https:\/\/koningdrone.be\/#website\",\"url\":\"https:\/\/koningdrone.be\/\",\"name\":\"Koningdrone.be - Uw online specialist in drones, gimbals, camera's en power stations.\",\"description\":\"De webshop in drones en gimbals\",\"publisher\":{\"@id\":\"https:\/\/koningdrone.be\/#organization\"},\"potentialAction\":[{\"@type\":\"SearchAction\",\"target\":{\"@type\":\"EntryPoint\",\"urlTemplate\":\"https:\/\/koningdrone.be\/?s={search_term_string}\"},\"query-input\":{\"@type\":\"PropertyValueSpecification\",\"valueRequired\":true,\"valueName\":\"search_term_string\"}}],\"inLanguage\":\"fr-BE\"},{\"@type\":\"Organization\",\"@id\":\"https:\/\/koningdrone.be\/#organization\",\"name\":\"Koningdrone.be\",\"url\":\"https:\/\/koningdrone.be\/\",\"logo\":{\"@type\":\"ImageObject\",\"inLanguage\":\"fr-BE\",\"@id\":\"https:\/\/koningdrone.be\/#\/schema\/logo\/image\/\",\"url\":\"https:\/\/koningdrone.be\/wp-content\/uploads\/sites\/13\/2025\/04\/koningdrone-copyright-logo.svg\",\"contentUrl\":\"https:\/\/koningdrone.be\/wp-content\/uploads\/sites\/13\/2025\/04\/koningdrone-copyright-logo.svg\",\"width\":227,\"height\":38,\"caption\":\"Koningdrone.be\"},\"image\":{\"@id\":\"https:\/\/koningdrone.be\/#\/schema\/logo\/image\/\"}}]}<\/script>\n<!-- \/ Yoast SEO Premium plugin. -->","yoast_head_json":{"title":"Mobilis 100w AC-adapter 1 USB - 2 USB Type-C 2m - koningdrone.be","robots":{"index":"index","follow":"follow","max-snippet":"max-snippet:-1","max-image-preview":"max-image-preview:large","max-video-preview":"max-video-preview:-1"},"canonical":"https:\/\/koningdrone.be\/fr\/produit\/mobilis-100w-ac-adapter-1-usb-2-usb-type-c-2m\/","og_locale":"fr_FR","og_type":"article","og_title":"Mobilis 100w AC-adapter 1 USB - 2 USB Type-C 2m","og_description":"2 USB-C-poorten + 1 USB-A-poortMax. vermogen: 100WGaN-component1 x 2m 100W kabelCompatibel met alle Europese stopcontacten (Type C \/ E \/ F)GRS-gecertificeerd gerecycled plastic","og_url":"https:\/\/koningdrone.be\/fr\/produit\/mobilis-100w-ac-adapter-1-usb-2-usb-type-c-2m\/","og_site_name":"koningdrone.be","article_modified_time":"2026-05-01T02:30:36+00:00","twitter_card":"summary_large_image","twitter_misc":{"Dur\u00e9e de lecture est.":"1 minute"},"schema":{"@context":"https:\/\/schema.org","@graph":[{"@type":"WebPage","@id":"https:\/\/koningdrone.be\/product\/mobilis-100w-ac-adapter-1-usb-2-usb-type-c-2m\/","url":"https:\/\/koningdrone.be\/product\/mobilis-100w-ac-adapter-1-usb-2-usb-type-c-2m\/","name":"Mobilis 100w AC-adapter 1 USB - 2 USB Type-C 2m - koningdrone.be","isPartOf":{"@id":"https:\/\/koningdrone.be\/#website"},"datePublished":"2024-09-18T08:25:18+00:00","dateModified":"2026-05-01T02:30:36+00:00","breadcrumb":{"@id":"https:\/\/koningdrone.be\/product\/mobilis-100w-ac-adapter-1-usb-2-usb-type-c-2m\/#breadcrumb"},"inLanguage":"fr-BE","potentialAction":[{"@type":"ReadAction","target":["https:\/\/koningdrone.be\/product\/mobilis-100w-ac-adapter-1-usb-2-usb-type-c-2m\/"]}]},{"@type":"BreadcrumbList","@id":"https:\/\/koningdrone.be\/product\/mobilis-100w-ac-adapter-1-usb-2-usb-type-c-2m\/#breadcrumb","itemListElement":[{"@type":"ListItem","position":1,"name":"Home","item":"https:\/\/koningdrone.be\/"},{"@type":"ListItem","position":2,"name":"AVSS Parachute Recovery System for DJI Matrice 300\/350","item":"https:\/\/koningdrone.be\/product\/avss-parachute-recovery-system-for-dji-matrice-300-350\/"},{"@type":"ListItem","position":3,"name":"Alle producten","item":"https:\/\/koningdrone.be\/categorie\/alle-producten\/"},{"@type":"ListItem","position":4,"name":"Mobilis 100w AC-adapter 1 USB &#8211; 2 USB Type-C 2m"}]},{"@type":"WebSite","@id":"https:\/\/koningdrone.be\/#website","url":"https:\/\/koningdrone.be\/","name":"Koningdrone.be - Votre sp\u00e9cialiste en ligne en mati\u00e8re de drones, de cardans, de cam\u00e9ras et de centrales \u00e9lectriques.","description":"La boutique en ligne de drones et de cardans","publisher":{"@id":"https:\/\/koningdrone.be\/#organization"},"potentialAction":[{"@type":"SearchAction","target":{"@type":"EntryPoint","urlTemplate":"https:\/\/koningdrone.be\/?s={search_term_string}"},"query-input":{"@type":"PropertyValueSpecification","valueRequired":true,"valueName":"search_term_string"}}],"inLanguage":"fr-BE"},{"@type":"Organization","@id":"https:\/\/koningdrone.be\/#organization","name":"Kingdrone.co.uk","url":"https:\/\/koningdrone.be\/","logo":{"@type":"ImageObject","inLanguage":"fr-BE","@id":"https:\/\/koningdrone.be\/#\/schema\/logo\/image\/","url":"https:\/\/koningdrone.be\/wp-content\/uploads\/sites\/13\/2025\/04\/koningdrone-copyright-logo.svg","contentUrl":"https:\/\/koningdrone.be\/wp-content\/uploads\/sites\/13\/2025\/04\/koningdrone-copyright-logo.svg","width":227,"height":38,"caption":"Koningdrone.be"},"image":{"@id":"https:\/\/koningdrone.be\/#\/schema\/logo\/image\/"}}]}},"df_price":112,"df_sale_price":"","df_regular_price":112,"df_image_link":"https:\/\/koningdrone.be\/wp-content\/uploads\/sites\/13\/woocommerce-placeholder-300x300.png","_links":{"self":[{"href":"https:\/\/koningdrone.be\/fr\/wp-json\/wp\/v2\/product\/2592","targetHints":{"allow":["GET"]}}],"collection":[{"href":"https:\/\/koningdrone.be\/fr\/wp-json\/wp\/v2\/product"}],"about":[{"href":"https:\/\/koningdrone.be\/fr\/wp-json\/wp\/v2\/types\/product"}],"wp:attachment":[{"href":"https:\/\/koningdrone.be\/fr\/wp-json\/wp\/v2\/media?parent=2592"}],"wp:term":[{"taxonomy":"product_brand","embeddable":true,"href":"https:\/\/koningdrone.be\/fr\/wp-json\/wp\/v2\/product_brand?post=2592"},{"taxonomy":"product_cat","embeddable":true,"href":"https:\/\/koningdrone.be\/fr\/wp-json\/wp\/v2\/product_cat?post=2592"},{"taxonomy":"product_tag","embeddable":true,"href":"https:\/\/koningdrone.be\/fr\/wp-json\/wp\/v2\/product_tag?post=2592"}],"curies":[{"name":"wp","href":"https:\/\/api.w.org\/{rel}","templated":true}]}}