{"id":2589,"date":"2024-09-18T10:26:35","date_gmt":"2024-09-18T10:26:35","guid":{"rendered":"https:\/\/koningdrone.nl\/kon\/product\/dronavia-external-flight-termination-system-kronos-matrice-300-350-2\/"},"modified":"2026-04-10T12:44:55","modified_gmt":"2026-04-10T10:44:55","slug":"dronavia-external-flight-termination-system-kronos-matrice-300-350-2","status":"publish","type":"product","link":"https:\/\/koningdrone.be\/fr\/produit\/dronavia-external-flight-termination-system-kronos-matrice-300-350-2\/","title":{"rendered":"Dronavia Syst\u00e8me de terminaison de vol externe Kronos Matrice 300-350"},"content":{"rendered":"<p>Le syst\u00e8me de terminaison de vol (FTS) de KRONOS est con\u00e7u pour les drones DJI Matrice 300 et 350 RTK et r\u00e9pond aux normes de s\u00e9curit\u00e9 EASA MOC 2511. Ce syst\u00e8me pr\u00eat \u00e0 l'emploi permet aux op\u00e9rateurs de mettre fin aux vols de drones dans des situations d'urgence, augmentant ainsi la s\u00e9curit\u00e9 des op\u00e9rations. Gr\u00e2ce \u00e0 un processus d'installation rapide, le syst\u00e8me s'int\u00e8gre parfaitement au ch\u00e2ssis existant du drone. Il est \u00e9galement compatible avec les communications \u00e0 longue port\u00e9e et la g\u00e9ocommunication, et offre un contr\u00f4le et une autonomie fiables pour les environnements de vol \u00e0 haut risque.<\/p>","protected":false},"excerpt":{"rendered":"<ul>\n<li>Cliquez sur le syst\u00e8me pour un d\u00e9marrage manuel<\/li>\n<li>Autonomie illimit\u00e9e<\/li>\n<li>Syst\u00e8me d\u00e9velopp\u00e9 et test\u00e9 conform\u00e9ment aux directives de l'AESA<\/li>\n<li>Construction ultra-l\u00e9g\u00e8re<\/li>\n<\/ul>","protected":false},"featured_media":2583,"template":"","meta":{"_acf_changed":false},"product_brand":[],"product_cat":[292,97,152,153,430],"product_tag":[],"class_list":{"0":"post-2589","1":"product","2":"type-product","3":"status-publish","4":"has-post-thumbnail","6":"product_cat-alle-parachutes","7":"product_cat-alle-producten","8":"product_cat-dji-matrice-300","9":"product_cat-dji-matrice-350","10":"product_cat-dronavia","11":"pa_brand-dronavia","12":"pa_productfamily-matrice","13":"pa_producttype-fts","14":"pa_series-matrice-350","16":"first","17":"outofstock","18":"taxable","19":"shipping-taxable","20":"product-type-simple"},"acf":[],"yoast_head":"<!-- This site is optimized with the Yoast SEO Premium plugin v27.2 (Yoast SEO v27.2) - https:\/\/yoast.com\/product\/yoast-seo-premium-wordpress\/ -->\n<title>Dronavia External Flight Termination System Kronos Matrice 300-350 - koningdrone.be<\/title>\n<meta name=\"robots\" content=\"index, follow, max-snippet:-1, max-image-preview:large, max-video-preview:-1\" \/>\n<link rel=\"canonical\" href=\"https:\/\/koningdrone.be\/fr\/produit\/dronavia-external-flight-termination-system-kronos-matrice-300-350-2\/\" \/>\n<meta property=\"og:locale\" content=\"fr_FR\" \/>\n<meta property=\"og:type\" content=\"article\" \/>\n<meta property=\"og:title\" content=\"Dronavia External Flight Termination System Kronos Matrice 300-350\" \/>\n<meta property=\"og:description\" content=\"Klick-systeem voor handmatige start  Onbeperkte autonomie  Systeem ontwikkeld en getest volgens EASA-richtlijnen  Ultralichte constructie\" \/>\n<meta property=\"og:url\" content=\"https:\/\/koningdrone.be\/fr\/produit\/dronavia-external-flight-termination-system-kronos-matrice-300-350-2\/\" \/>\n<meta property=\"og:site_name\" content=\"koningdrone.be\" \/>\n<meta property=\"article:modified_time\" content=\"2026-04-10T10:44:55+00:00\" \/>\n<meta property=\"og:image\" content=\"https:\/\/koningdrone.be\/wp-content\/uploads\/sites\/13\/2025\/04\/Product-image-Kronos-for-Matrice-350-FTS-3-1.jpg\" \/>\n\t<meta property=\"og:image:width\" content=\"1920\" \/>\n\t<meta property=\"og:image:height\" content=\"1920\" \/>\n\t<meta property=\"og:image:type\" content=\"image\/jpeg\" \/>\n<meta name=\"twitter:card\" content=\"summary_large_image\" \/>\n<meta name=\"twitter:label1\" content=\"Dur\u00e9e de lecture est.\" \/>\n\t<meta name=\"twitter:data1\" content=\"1 minute\" \/>\n<script type=\"application\/ld+json\" class=\"yoast-schema-graph\">{\"@context\":\"https:\/\/schema.org\",\"@graph\":[{\"@type\":\"WebPage\",\"@id\":\"https:\/\/koningdrone.be\/product\/dronavia-external-flight-termination-system-kronos-matrice-300-350-2\/\",\"url\":\"https:\/\/koningdrone.be\/product\/dronavia-external-flight-termination-system-kronos-matrice-300-350-2\/\",\"name\":\"Dronavia External Flight Termination System Kronos Matrice 300-350 - koningdrone.be\",\"isPartOf\":{\"@id\":\"https:\/\/koningdrone.be\/#website\"},\"primaryImageOfPage\":{\"@id\":\"https:\/\/koningdrone.be\/product\/dronavia-external-flight-termination-system-kronos-matrice-300-350-2\/#primaryimage\"},\"image\":{\"@id\":\"https:\/\/koningdrone.be\/product\/dronavia-external-flight-termination-system-kronos-matrice-300-350-2\/#primaryimage\"},\"thumbnailUrl\":\"https:\/\/koningdrone.be\/wp-content\/uploads\/sites\/13\/2025\/04\/Product-image-Kronos-for-Matrice-350-FTS-3-1.jpg\",\"datePublished\":\"2024-09-18T10:26:35+00:00\",\"dateModified\":\"2026-04-10T10:44:55+00:00\",\"breadcrumb\":{\"@id\":\"https:\/\/koningdrone.be\/product\/dronavia-external-flight-termination-system-kronos-matrice-300-350-2\/#breadcrumb\"},\"inLanguage\":\"fr-BE\",\"potentialAction\":[{\"@type\":\"ReadAction\",\"target\":[\"https:\/\/koningdrone.be\/product\/dronavia-external-flight-termination-system-kronos-matrice-300-350-2\/\"]}]},{\"@type\":\"ImageObject\",\"inLanguage\":\"fr-BE\",\"@id\":\"https:\/\/koningdrone.be\/product\/dronavia-external-flight-termination-system-kronos-matrice-300-350-2\/#primaryimage\",\"url\":\"https:\/\/koningdrone.be\/wp-content\/uploads\/sites\/13\/2025\/04\/Product-image-Kronos-for-Matrice-350-FTS-3-1.jpg\",\"contentUrl\":\"https:\/\/koningdrone.be\/wp-content\/uploads\/sites\/13\/2025\/04\/Product-image-Kronos-for-Matrice-350-FTS-3-1.jpg\",\"width\":1920,\"height\":1920},{\"@type\":\"BreadcrumbList\",\"@id\":\"https:\/\/koningdrone.be\/product\/dronavia-external-flight-termination-system-kronos-matrice-300-350-2\/#breadcrumb\",\"itemListElement\":[{\"@type\":\"ListItem\",\"position\":1,\"name\":\"Home\",\"item\":\"https:\/\/koningdrone.be\/\"},{\"@type\":\"ListItem\",\"position\":2,\"name\":\"AVSS Parachute Recovery System for DJI Matrice 300\/350\",\"item\":\"https:\/\/koningdrone.be\/product\/avss-parachute-recovery-system-for-dji-matrice-300-350\/\"},{\"@type\":\"ListItem\",\"position\":3,\"name\":\"Alle parachutes\",\"item\":\"https:\/\/koningdrone.be\/categorie\/alle-parachutes\/\"},{\"@type\":\"ListItem\",\"position\":4,\"name\":\"Dronavia External Flight Termination System Kronos Matrice 300-350\"}]},{\"@type\":\"WebSite\",\"@id\":\"https:\/\/koningdrone.be\/#website\",\"url\":\"https:\/\/koningdrone.be\/\",\"name\":\"Koningdrone.be - Uw online specialist in drones, gimbals, camera's en power stations.\",\"description\":\"De webshop in drones en gimbals\",\"publisher\":{\"@id\":\"https:\/\/koningdrone.be\/#organization\"},\"potentialAction\":[{\"@type\":\"SearchAction\",\"target\":{\"@type\":\"EntryPoint\",\"urlTemplate\":\"https:\/\/koningdrone.be\/?s={search_term_string}\"},\"query-input\":{\"@type\":\"PropertyValueSpecification\",\"valueRequired\":true,\"valueName\":\"search_term_string\"}}],\"inLanguage\":\"fr-BE\"},{\"@type\":\"Organization\",\"@id\":\"https:\/\/koningdrone.be\/#organization\",\"name\":\"Koningdrone.be\",\"url\":\"https:\/\/koningdrone.be\/\",\"logo\":{\"@type\":\"ImageObject\",\"inLanguage\":\"fr-BE\",\"@id\":\"https:\/\/koningdrone.be\/#\/schema\/logo\/image\/\",\"url\":\"https:\/\/koningdrone.be\/wp-content\/uploads\/sites\/13\/2025\/04\/koningdrone-copyright-logo.svg\",\"contentUrl\":\"https:\/\/koningdrone.be\/wp-content\/uploads\/sites\/13\/2025\/04\/koningdrone-copyright-logo.svg\",\"width\":227,\"height\":38,\"caption\":\"Koningdrone.be\"},\"image\":{\"@id\":\"https:\/\/koningdrone.be\/#\/schema\/logo\/image\/\"}}]}<\/script>\n<!-- \/ Yoast SEO Premium plugin. -->","yoast_head_json":{"title":"Dronavia External Flight Termination System Kronos Matrice 300-350 - koningdrone.be","robots":{"index":"index","follow":"follow","max-snippet":"max-snippet:-1","max-image-preview":"max-image-preview:large","max-video-preview":"max-video-preview:-1"},"canonical":"https:\/\/koningdrone.be\/fr\/produit\/dronavia-external-flight-termination-system-kronos-matrice-300-350-2\/","og_locale":"fr_FR","og_type":"article","og_title":"Dronavia External Flight Termination System Kronos Matrice 300-350","og_description":"Klick-systeem voor handmatige start  Onbeperkte autonomie  Systeem ontwikkeld en getest volgens EASA-richtlijnen  Ultralichte constructie","og_url":"https:\/\/koningdrone.be\/fr\/produit\/dronavia-external-flight-termination-system-kronos-matrice-300-350-2\/","og_site_name":"koningdrone.be","article_modified_time":"2026-04-10T10:44:55+00:00","og_image":[{"width":1920,"height":1920,"url":"https:\/\/koningdrone.be\/wp-content\/uploads\/sites\/13\/2025\/04\/Product-image-Kronos-for-Matrice-350-FTS-3-1.jpg","type":"image\/jpeg"}],"twitter_card":"summary_large_image","twitter_misc":{"Dur\u00e9e de lecture est.":"1 minute"},"schema":{"@context":"https:\/\/schema.org","@graph":[{"@type":"WebPage","@id":"https:\/\/koningdrone.be\/product\/dronavia-external-flight-termination-system-kronos-matrice-300-350-2\/","url":"https:\/\/koningdrone.be\/product\/dronavia-external-flight-termination-system-kronos-matrice-300-350-2\/","name":"Dronavia External Flight Termination System Kronos Matrice 300-350 - koningdrone.be","isPartOf":{"@id":"https:\/\/koningdrone.be\/#website"},"primaryImageOfPage":{"@id":"https:\/\/koningdrone.be\/product\/dronavia-external-flight-termination-system-kronos-matrice-300-350-2\/#primaryimage"},"image":{"@id":"https:\/\/koningdrone.be\/product\/dronavia-external-flight-termination-system-kronos-matrice-300-350-2\/#primaryimage"},"thumbnailUrl":"https:\/\/koningdrone.be\/wp-content\/uploads\/sites\/13\/2025\/04\/Product-image-Kronos-for-Matrice-350-FTS-3-1.jpg","datePublished":"2024-09-18T10:26:35+00:00","dateModified":"2026-04-10T10:44:55+00:00","breadcrumb":{"@id":"https:\/\/koningdrone.be\/product\/dronavia-external-flight-termination-system-kronos-matrice-300-350-2\/#breadcrumb"},"inLanguage":"fr-BE","potentialAction":[{"@type":"ReadAction","target":["https:\/\/koningdrone.be\/product\/dronavia-external-flight-termination-system-kronos-matrice-300-350-2\/"]}]},{"@type":"ImageObject","inLanguage":"fr-BE","@id":"https:\/\/koningdrone.be\/product\/dronavia-external-flight-termination-system-kronos-matrice-300-350-2\/#primaryimage","url":"https:\/\/koningdrone.be\/wp-content\/uploads\/sites\/13\/2025\/04\/Product-image-Kronos-for-Matrice-350-FTS-3-1.jpg","contentUrl":"https:\/\/koningdrone.be\/wp-content\/uploads\/sites\/13\/2025\/04\/Product-image-Kronos-for-Matrice-350-FTS-3-1.jpg","width":1920,"height":1920},{"@type":"BreadcrumbList","@id":"https:\/\/koningdrone.be\/product\/dronavia-external-flight-termination-system-kronos-matrice-300-350-2\/#breadcrumb","itemListElement":[{"@type":"ListItem","position":1,"name":"Home","item":"https:\/\/koningdrone.be\/"},{"@type":"ListItem","position":2,"name":"AVSS Parachute Recovery System for DJI Matrice 300\/350","item":"https:\/\/koningdrone.be\/product\/avss-parachute-recovery-system-for-dji-matrice-300-350\/"},{"@type":"ListItem","position":3,"name":"Alle parachutes","item":"https:\/\/koningdrone.be\/categorie\/alle-parachutes\/"},{"@type":"ListItem","position":4,"name":"Dronavia External Flight Termination System Kronos Matrice 300-350"}]},{"@type":"WebSite","@id":"https:\/\/koningdrone.be\/#website","url":"https:\/\/koningdrone.be\/","name":"Koningdrone.be - Votre sp\u00e9cialiste en ligne en mati\u00e8re de drones, de cardans, de cam\u00e9ras et de centrales \u00e9lectriques.","description":"La boutique en ligne de drones et de cardans","publisher":{"@id":"https:\/\/koningdrone.be\/#organization"},"potentialAction":[{"@type":"SearchAction","target":{"@type":"EntryPoint","urlTemplate":"https:\/\/koningdrone.be\/?s={search_term_string}"},"query-input":{"@type":"PropertyValueSpecification","valueRequired":true,"valueName":"search_term_string"}}],"inLanguage":"fr-BE"},{"@type":"Organization","@id":"https:\/\/koningdrone.be\/#organization","name":"Kingdrone.co.uk","url":"https:\/\/koningdrone.be\/","logo":{"@type":"ImageObject","inLanguage":"fr-BE","@id":"https:\/\/koningdrone.be\/#\/schema\/logo\/image\/","url":"https:\/\/koningdrone.be\/wp-content\/uploads\/sites\/13\/2025\/04\/koningdrone-copyright-logo.svg","contentUrl":"https:\/\/koningdrone.be\/wp-content\/uploads\/sites\/13\/2025\/04\/koningdrone-copyright-logo.svg","width":227,"height":38,"caption":"Koningdrone.be"},"image":{"@id":"https:\/\/koningdrone.be\/#\/schema\/logo\/image\/"}}]}},"df_price":"","df_sale_price":"","df_regular_price":"","df_image_link":"https:\/\/koningdrone.be\/wp-content\/uploads\/sites\/13\/2025\/04\/Product-image-Kronos-for-Matrice-350-FTS-3-1-300x300.jpg","_links":{"self":[{"href":"https:\/\/koningdrone.be\/fr\/wp-json\/wp\/v2\/product\/2589","targetHints":{"allow":["GET"]}}],"collection":[{"href":"https:\/\/koningdrone.be\/fr\/wp-json\/wp\/v2\/product"}],"about":[{"href":"https:\/\/koningdrone.be\/fr\/wp-json\/wp\/v2\/types\/product"}],"wp:featuredmedia":[{"embeddable":true,"href":"https:\/\/koningdrone.be\/fr\/wp-json\/wp\/v2\/media\/2583"}],"wp:attachment":[{"href":"https:\/\/koningdrone.be\/fr\/wp-json\/wp\/v2\/media?parent=2589"}],"wp:term":[{"taxonomy":"product_brand","embeddable":true,"href":"https:\/\/koningdrone.be\/fr\/wp-json\/wp\/v2\/product_brand?post=2589"},{"taxonomy":"product_cat","embeddable":true,"href":"https:\/\/koningdrone.be\/fr\/wp-json\/wp\/v2\/product_cat?post=2589"},{"taxonomy":"product_tag","embeddable":true,"href":"https:\/\/koningdrone.be\/fr\/wp-json\/wp\/v2\/product_tag?post=2589"}],"curies":[{"name":"wp","href":"https:\/\/api.w.org\/{rel}","templated":true}]}}