{"id":2582,"date":"2024-09-18T10:26:35","date_gmt":"2024-09-18T08:26:35","guid":{"rendered":"https:\/\/koningdrone.nl\/kon\/product\/dronavia-external-flight-termination-system-moc-2511-zephyr-matrice-30\/"},"modified":"2026-04-29T14:00:56","modified_gmt":"2026-04-29T12:00:56","slug":"dronavia-external-flight-termination-system-moc-2511-zephyr-matrice-30","status":"publish","type":"product","link":"https:\/\/koningdrone.be\/fr\/produit\/dronavia-external-flight-termination-system-moc-2511-zephyr-matrice-30\/","title":{"rendered":"Dronavia Syst\u00e8me de terminaison de vol externe MOC 2511 Z\u00e9phyr Matrice 30"},"content":{"rendered":"<p>Le FTS externe Z\u00e9phyr pour DJI Matrice 30 est un dispositif de s\u00e9curit\u00e9 qui, dans certaines circonstances, emp\u00eache le drone qui en est \u00e9quip\u00e9 de sortir de son domaine de vol r\u00e9glementaire en coupant l'alimentation \u00e9lectrique du drone.<\/p>\n<p>Dronavia est fi\u00e8re d'\u00eatre le premier fabricant \u00e0 fournir un syst\u00e8me conforme au MoC Light-UAS.25 publi\u00e9 par l'EASA, une conformit\u00e9 essentielle dans le d\u00e9veloppement d'une \u00e9valuation des risques li\u00e9s aux op\u00e9rations sp\u00e9ciales (SORA).<\/p>\n<p>Avec cet ensemble MOC2511, Dronavia fournit une d\u00e9claration de conformit\u00e9 MOC 2511. Cette d\u00e9claration peut \u00eatre int\u00e9gr\u00e9e dans un SORA et est suffisante pour r\u00e9pondre aux exigences de la Partie 9.<\/p>","protected":false},"excerpt":{"rendered":"<ul>\n<li>Installation en 2 minutes<\/li>\n<li><\/li>\n<li>Convient au DJI Matrice 30<\/li>\n<li><\/li>\n<li>Conforme \u00e0 la norme MOC M2511<\/li>\n<li><\/li>\n<li>A placer entre le drone et les batteries.<\/li>\n<\/ul>","protected":false},"featured_media":2576,"template":"","meta":{"_acf_changed":false},"product_brand":[],"product_cat":[292,97,149,430],"product_tag":[],"class_list":{"0":"post-2582","1":"product","2":"type-product","3":"status-publish","4":"has-post-thumbnail","6":"product_cat-alle-parachutes","7":"product_cat-alle-producten","8":"product_cat-dji-matrice-30","9":"product_cat-dronavia","10":"product_shipping_class-outofstock","11":"pa_brand-dronavia","12":"pa_productfamily-vluchtbeeindigingssysteem","13":"pa_producttype-vluchtbeeindigingssysteem","14":"pa_series-matrice-30","16":"first","17":"outofstock","18":"taxable","19":"shipping-taxable","20":"product-type-simple"},"acf":[],"yoast_head":"<!-- This site is optimized with the Yoast SEO Premium plugin v27.2 (Yoast SEO v27.2) - https:\/\/yoast.com\/product\/yoast-seo-premium-wordpress\/ -->\n<title>Dronavia External Flight Termination System MOC 2511 Z\u00e9phyr Matrice 30 - koningdrone.be<\/title>\n<meta name=\"robots\" content=\"index, follow, max-snippet:-1, max-image-preview:large, max-video-preview:-1\" \/>\n<link rel=\"canonical\" href=\"https:\/\/koningdrone.be\/fr\/produit\/dronavia-external-flight-termination-system-moc-2511-zephyr-matrice-30\/\" \/>\n<meta property=\"og:locale\" content=\"fr_FR\" \/>\n<meta property=\"og:type\" content=\"article\" \/>\n<meta property=\"og:title\" content=\"Dronavia External Flight Termination System MOC 2511 Z\u00e9phyr Matrice 30\" \/>\n<meta property=\"og:description\" content=\"Installeren binnen 2 minuten    Geschikt voor de DJI Matrice 30    MOC M2511-compliant    Te plaatsen tussen de drone en de batterijen.\" \/>\n<meta property=\"og:url\" content=\"https:\/\/koningdrone.be\/fr\/produit\/dronavia-external-flight-termination-system-moc-2511-zephyr-matrice-30\/\" \/>\n<meta property=\"og:site_name\" content=\"koningdrone.be\" \/>\n<meta property=\"article:modified_time\" content=\"2026-04-29T12:00:56+00:00\" \/>\n<meta property=\"og:image\" content=\"https:\/\/koningdrone.be\/wp-content\/uploads\/sites\/13\/2025\/04\/dronavia-zephyr-terminatore-fts-esterno-moc-2511-per-dji-matrice-30-certificato-easa-1.png\" \/>\n\t<meta property=\"og:image:width\" content=\"800\" \/>\n\t<meta property=\"og:image:height\" content=\"800\" \/>\n\t<meta property=\"og:image:type\" content=\"image\/png\" \/>\n<meta name=\"twitter:card\" content=\"summary_large_image\" \/>\n<meta name=\"twitter:label1\" content=\"Dur\u00e9e de lecture est.\" \/>\n\t<meta name=\"twitter:data1\" content=\"1 minute\" \/>\n<script type=\"application\/ld+json\" class=\"yoast-schema-graph\">{\"@context\":\"https:\/\/schema.org\",\"@graph\":[{\"@type\":\"WebPage\",\"@id\":\"https:\/\/koningdrone.be\/product\/dronavia-external-flight-termination-system-moc-2511-zephyr-matrice-30\/\",\"url\":\"https:\/\/koningdrone.be\/product\/dronavia-external-flight-termination-system-moc-2511-zephyr-matrice-30\/\",\"name\":\"Dronavia External Flight Termination System MOC 2511 Z\u00e9phyr Matrice 30 - koningdrone.be\",\"isPartOf\":{\"@id\":\"https:\/\/koningdrone.be\/#website\"},\"primaryImageOfPage\":{\"@id\":\"https:\/\/koningdrone.be\/product\/dronavia-external-flight-termination-system-moc-2511-zephyr-matrice-30\/#primaryimage\"},\"image\":{\"@id\":\"https:\/\/koningdrone.be\/product\/dronavia-external-flight-termination-system-moc-2511-zephyr-matrice-30\/#primaryimage\"},\"thumbnailUrl\":\"https:\/\/koningdrone.be\/wp-content\/uploads\/sites\/13\/2025\/04\/dronavia-zephyr-terminatore-fts-esterno-moc-2511-per-dji-matrice-30-certificato-easa-1.png\",\"datePublished\":\"2024-09-18T08:26:35+00:00\",\"dateModified\":\"2026-04-29T12:00:56+00:00\",\"breadcrumb\":{\"@id\":\"https:\/\/koningdrone.be\/product\/dronavia-external-flight-termination-system-moc-2511-zephyr-matrice-30\/#breadcrumb\"},\"inLanguage\":\"fr-BE\",\"potentialAction\":[{\"@type\":\"ReadAction\",\"target\":[\"https:\/\/koningdrone.be\/product\/dronavia-external-flight-termination-system-moc-2511-zephyr-matrice-30\/\"]}]},{\"@type\":\"ImageObject\",\"inLanguage\":\"fr-BE\",\"@id\":\"https:\/\/koningdrone.be\/product\/dronavia-external-flight-termination-system-moc-2511-zephyr-matrice-30\/#primaryimage\",\"url\":\"https:\/\/koningdrone.be\/wp-content\/uploads\/sites\/13\/2025\/04\/dronavia-zephyr-terminatore-fts-esterno-moc-2511-per-dji-matrice-30-certificato-easa-1.png\",\"contentUrl\":\"https:\/\/koningdrone.be\/wp-content\/uploads\/sites\/13\/2025\/04\/dronavia-zephyr-terminatore-fts-esterno-moc-2511-per-dji-matrice-30-certificato-easa-1.png\",\"width\":800,\"height\":800},{\"@type\":\"BreadcrumbList\",\"@id\":\"https:\/\/koningdrone.be\/product\/dronavia-external-flight-termination-system-moc-2511-zephyr-matrice-30\/#breadcrumb\",\"itemListElement\":[{\"@type\":\"ListItem\",\"position\":1,\"name\":\"Home\",\"item\":\"https:\/\/koningdrone.be\/\"},{\"@type\":\"ListItem\",\"position\":2,\"name\":\"AVSS Parachute Recovery System for DJI Matrice 300\/350\",\"item\":\"https:\/\/koningdrone.be\/product\/avss-parachute-recovery-system-for-dji-matrice-300-350\/\"},{\"@type\":\"ListItem\",\"position\":3,\"name\":\"Alle parachutes\",\"item\":\"https:\/\/koningdrone.be\/categorie\/alle-parachutes\/\"},{\"@type\":\"ListItem\",\"position\":4,\"name\":\"Dronavia External Flight Termination System MOC 2511 Z\u00e9phyr Matrice 30\"}]},{\"@type\":\"WebSite\",\"@id\":\"https:\/\/koningdrone.be\/#website\",\"url\":\"https:\/\/koningdrone.be\/\",\"name\":\"Koningdrone.be - Uw online specialist in drones, gimbals, camera's en power stations.\",\"description\":\"De webshop in drones en gimbals\",\"publisher\":{\"@id\":\"https:\/\/koningdrone.be\/#organization\"},\"potentialAction\":[{\"@type\":\"SearchAction\",\"target\":{\"@type\":\"EntryPoint\",\"urlTemplate\":\"https:\/\/koningdrone.be\/?s={search_term_string}\"},\"query-input\":{\"@type\":\"PropertyValueSpecification\",\"valueRequired\":true,\"valueName\":\"search_term_string\"}}],\"inLanguage\":\"fr-BE\"},{\"@type\":\"Organization\",\"@id\":\"https:\/\/koningdrone.be\/#organization\",\"name\":\"Koningdrone.be\",\"url\":\"https:\/\/koningdrone.be\/\",\"logo\":{\"@type\":\"ImageObject\",\"inLanguage\":\"fr-BE\",\"@id\":\"https:\/\/koningdrone.be\/#\/schema\/logo\/image\/\",\"url\":\"https:\/\/koningdrone.be\/wp-content\/uploads\/sites\/13\/2025\/04\/koningdrone-copyright-logo.svg\",\"contentUrl\":\"https:\/\/koningdrone.be\/wp-content\/uploads\/sites\/13\/2025\/04\/koningdrone-copyright-logo.svg\",\"width\":227,\"height\":38,\"caption\":\"Koningdrone.be\"},\"image\":{\"@id\":\"https:\/\/koningdrone.be\/#\/schema\/logo\/image\/\"}}]}<\/script>\n<!-- \/ Yoast SEO Premium plugin. -->","yoast_head_json":{"title":"Dronavia External Flight Termination System MOC 2511 Z\u00e9phyr Matrice 30 - koningdrone.be","robots":{"index":"index","follow":"follow","max-snippet":"max-snippet:-1","max-image-preview":"max-image-preview:large","max-video-preview":"max-video-preview:-1"},"canonical":"https:\/\/koningdrone.be\/fr\/produit\/dronavia-external-flight-termination-system-moc-2511-zephyr-matrice-30\/","og_locale":"fr_FR","og_type":"article","og_title":"Dronavia External Flight Termination System MOC 2511 Z\u00e9phyr Matrice 30","og_description":"Installeren binnen 2 minuten    Geschikt voor de DJI Matrice 30    MOC M2511-compliant    Te plaatsen tussen de drone en de batterijen.","og_url":"https:\/\/koningdrone.be\/fr\/produit\/dronavia-external-flight-termination-system-moc-2511-zephyr-matrice-30\/","og_site_name":"koningdrone.be","article_modified_time":"2026-04-29T12:00:56+00:00","og_image":[{"width":800,"height":800,"url":"https:\/\/koningdrone.be\/wp-content\/uploads\/sites\/13\/2025\/04\/dronavia-zephyr-terminatore-fts-esterno-moc-2511-per-dji-matrice-30-certificato-easa-1.png","type":"image\/png"}],"twitter_card":"summary_large_image","twitter_misc":{"Dur\u00e9e de lecture est.":"1 minute"},"schema":{"@context":"https:\/\/schema.org","@graph":[{"@type":"WebPage","@id":"https:\/\/koningdrone.be\/product\/dronavia-external-flight-termination-system-moc-2511-zephyr-matrice-30\/","url":"https:\/\/koningdrone.be\/product\/dronavia-external-flight-termination-system-moc-2511-zephyr-matrice-30\/","name":"Dronavia External Flight Termination System MOC 2511 Z\u00e9phyr Matrice 30 - koningdrone.be","isPartOf":{"@id":"https:\/\/koningdrone.be\/#website"},"primaryImageOfPage":{"@id":"https:\/\/koningdrone.be\/product\/dronavia-external-flight-termination-system-moc-2511-zephyr-matrice-30\/#primaryimage"},"image":{"@id":"https:\/\/koningdrone.be\/product\/dronavia-external-flight-termination-system-moc-2511-zephyr-matrice-30\/#primaryimage"},"thumbnailUrl":"https:\/\/koningdrone.be\/wp-content\/uploads\/sites\/13\/2025\/04\/dronavia-zephyr-terminatore-fts-esterno-moc-2511-per-dji-matrice-30-certificato-easa-1.png","datePublished":"2024-09-18T08:26:35+00:00","dateModified":"2026-04-29T12:00:56+00:00","breadcrumb":{"@id":"https:\/\/koningdrone.be\/product\/dronavia-external-flight-termination-system-moc-2511-zephyr-matrice-30\/#breadcrumb"},"inLanguage":"fr-BE","potentialAction":[{"@type":"ReadAction","target":["https:\/\/koningdrone.be\/product\/dronavia-external-flight-termination-system-moc-2511-zephyr-matrice-30\/"]}]},{"@type":"ImageObject","inLanguage":"fr-BE","@id":"https:\/\/koningdrone.be\/product\/dronavia-external-flight-termination-system-moc-2511-zephyr-matrice-30\/#primaryimage","url":"https:\/\/koningdrone.be\/wp-content\/uploads\/sites\/13\/2025\/04\/dronavia-zephyr-terminatore-fts-esterno-moc-2511-per-dji-matrice-30-certificato-easa-1.png","contentUrl":"https:\/\/koningdrone.be\/wp-content\/uploads\/sites\/13\/2025\/04\/dronavia-zephyr-terminatore-fts-esterno-moc-2511-per-dji-matrice-30-certificato-easa-1.png","width":800,"height":800},{"@type":"BreadcrumbList","@id":"https:\/\/koningdrone.be\/product\/dronavia-external-flight-termination-system-moc-2511-zephyr-matrice-30\/#breadcrumb","itemListElement":[{"@type":"ListItem","position":1,"name":"Home","item":"https:\/\/koningdrone.be\/"},{"@type":"ListItem","position":2,"name":"AVSS Parachute Recovery System for DJI Matrice 300\/350","item":"https:\/\/koningdrone.be\/product\/avss-parachute-recovery-system-for-dji-matrice-300-350\/"},{"@type":"ListItem","position":3,"name":"Alle parachutes","item":"https:\/\/koningdrone.be\/categorie\/alle-parachutes\/"},{"@type":"ListItem","position":4,"name":"Dronavia External Flight Termination System MOC 2511 Z\u00e9phyr Matrice 30"}]},{"@type":"WebSite","@id":"https:\/\/koningdrone.be\/#website","url":"https:\/\/koningdrone.be\/","name":"Koningdrone.be - Votre sp\u00e9cialiste en ligne en mati\u00e8re de drones, de cardans, de cam\u00e9ras et de centrales \u00e9lectriques.","description":"La boutique en ligne de drones et de cardans","publisher":{"@id":"https:\/\/koningdrone.be\/#organization"},"potentialAction":[{"@type":"SearchAction","target":{"@type":"EntryPoint","urlTemplate":"https:\/\/koningdrone.be\/?s={search_term_string}"},"query-input":{"@type":"PropertyValueSpecification","valueRequired":true,"valueName":"search_term_string"}}],"inLanguage":"fr-BE"},{"@type":"Organization","@id":"https:\/\/koningdrone.be\/#organization","name":"Kingdrone.co.uk","url":"https:\/\/koningdrone.be\/","logo":{"@type":"ImageObject","inLanguage":"fr-BE","@id":"https:\/\/koningdrone.be\/#\/schema\/logo\/image\/","url":"https:\/\/koningdrone.be\/wp-content\/uploads\/sites\/13\/2025\/04\/koningdrone-copyright-logo.svg","contentUrl":"https:\/\/koningdrone.be\/wp-content\/uploads\/sites\/13\/2025\/04\/koningdrone-copyright-logo.svg","width":227,"height":38,"caption":"Koningdrone.be"},"image":{"@id":"https:\/\/koningdrone.be\/#\/schema\/logo\/image\/"}}]}},"df_price":"","df_sale_price":"","df_regular_price":"","df_image_link":"https:\/\/koningdrone.be\/wp-content\/uploads\/sites\/13\/2025\/04\/dronavia-zephyr-terminatore-fts-esterno-moc-2511-per-dji-matrice-30-certificato-easa-1-300x300.png","_links":{"self":[{"href":"https:\/\/koningdrone.be\/fr\/wp-json\/wp\/v2\/product\/2582","targetHints":{"allow":["GET"]}}],"collection":[{"href":"https:\/\/koningdrone.be\/fr\/wp-json\/wp\/v2\/product"}],"about":[{"href":"https:\/\/koningdrone.be\/fr\/wp-json\/wp\/v2\/types\/product"}],"wp:featuredmedia":[{"embeddable":true,"href":"https:\/\/koningdrone.be\/fr\/wp-json\/wp\/v2\/media\/2576"}],"wp:attachment":[{"href":"https:\/\/koningdrone.be\/fr\/wp-json\/wp\/v2\/media?parent=2582"}],"wp:term":[{"taxonomy":"product_brand","embeddable":true,"href":"https:\/\/koningdrone.be\/fr\/wp-json\/wp\/v2\/product_brand?post=2582"},{"taxonomy":"product_cat","embeddable":true,"href":"https:\/\/koningdrone.be\/fr\/wp-json\/wp\/v2\/product_cat?post=2582"},{"taxonomy":"product_tag","embeddable":true,"href":"https:\/\/koningdrone.be\/fr\/wp-json\/wp\/v2\/product_tag?post=2582"}],"curies":[{"name":"wp","href":"https:\/\/api.w.org\/{rel}","templated":true}]}}