{"id":2575,"date":"2024-09-18T10:26:49","date_gmt":"2024-09-18T08:26:49","guid":{"rendered":"https:\/\/koningdrone.nl\/kon\/product\/dronavia-pod-for-parachute-kronos-for-inspire-3\/"},"modified":"2026-04-29T16:01:02","modified_gmt":"2026-04-29T14:01:02","slug":"dronavia-pod-for-parachute-kronos-for-inspire-3","status":"publish","type":"product","link":"https:\/\/koningdrone.be\/fr\/produit\/dronavia-pod-for-parachute-kronos-for-inspire-3\/","title":{"rendered":"Dronavia Pod pour parachute Kronos pour Inspire 3"},"content":{"rendered":"<p>Le parachute Dronavia Pod Kronos pour l'Inspire 3 est facile \u00e0 remplacer. Il est utile comme pi\u00e8ce de rechange ou si le parachute est d\u00e9j\u00e0 activ\u00e9. Ce pod, d\u00e9velopp\u00e9 par Dronavia, offre un moyen s\u00fbr et fiable d'int\u00e9grer des syst\u00e8mes de parachute dans l'Inspire 3, prot\u00e9geant le drone de circonstances impr\u00e9vues telles que les pannes de moteur ou d'autres probl\u00e8mes techniques pendant le vol. Le parachute Kronos, mont\u00e9 dans la nacelle, assure un atterrissage rapide et contr\u00f4l\u00e9 en cas d'urgence, r\u00e9duisant consid\u00e9rablement le risque de dommages au drone. Ce syst\u00e8me est id\u00e9al pour les utilisateurs professionnels de drones qui exigent un maximum de s\u00e9curit\u00e9 et de fiabilit\u00e9 pendant leurs vols.<\/p>","protected":false},"excerpt":{"rendered":"<ul>\n<li>Cosse de parachute<\/li>\n<li><\/li>\n<li>Convient \u00e0 l'Inspire 3<\/li>\n<li><\/li>\n<li>Nacelle de rechange<\/li>\n<li><\/li>\n<li>Facile \u00e0 placer<\/li>\n<\/ul>","protected":false},"featured_media":2573,"template":"","meta":{"_acf_changed":false},"product_brand":[],"product_cat":[292,97,433,430],"product_tag":[],"class_list":{"0":"post-2575","1":"product","2":"type-product","3":"status-publish","4":"has-post-thumbnail","6":"product_cat-alle-parachutes","7":"product_cat-alle-producten","8":"product_cat-dji-inspire-3","9":"product_cat-dronavia","10":"product_shipping_class-outofstock","11":"pa_brand-dronavia","12":"pa_productfamily-pod-parachute","13":"pa_producttype-pod-parachute","14":"pa_series-inspire-3","16":"first","17":"outofstock","18":"taxable","19":"shipping-taxable","20":"purchasable","21":"product-type-simple"},"acf":[],"yoast_head":"<!-- This site is optimized with the Yoast SEO Premium plugin v27.2 (Yoast SEO v27.2) - https:\/\/yoast.com\/product\/yoast-seo-premium-wordpress\/ -->\n<title>Dronavia Pod for parachute Kronos for Inspire 3 - koningdrone.be<\/title>\n<meta name=\"robots\" content=\"index, follow, max-snippet:-1, max-image-preview:large, max-video-preview:-1\" \/>\n<link rel=\"canonical\" href=\"https:\/\/koningdrone.be\/fr\/produit\/dronavia-pod-for-parachute-kronos-for-inspire-3\/\" \/>\n<meta property=\"og:locale\" content=\"fr_FR\" \/>\n<meta property=\"og:type\" content=\"article\" \/>\n<meta property=\"og:title\" content=\"Dronavia Pod for parachute Kronos for Inspire 3\" \/>\n<meta property=\"og:description\" content=\"Parachute Pod    Geschikt voor de Inspire 3    Reserve pod    Gemakkelijk te plaaten\" \/>\n<meta property=\"og:url\" content=\"https:\/\/koningdrone.be\/fr\/produit\/dronavia-pod-for-parachute-kronos-for-inspire-3\/\" \/>\n<meta property=\"og:site_name\" content=\"koningdrone.be\" \/>\n<meta property=\"article:modified_time\" content=\"2026-04-29T14:01:02+00:00\" \/>\n<meta property=\"og:image\" content=\"https:\/\/koningdrone.be\/wp-content\/uploads\/sites\/13\/2025\/04\/dronavia-fallschirmkapsel-kronos-fuer-dji-inspire-3.webp\" \/>\n\t<meta property=\"og:image:width\" content=\"1000\" \/>\n\t<meta property=\"og:image:height\" content=\"720\" \/>\n\t<meta property=\"og:image:type\" content=\"image\/webp\" \/>\n<meta name=\"twitter:card\" content=\"summary_large_image\" \/>\n<meta name=\"twitter:label1\" content=\"Dur\u00e9e de lecture est.\" \/>\n\t<meta name=\"twitter:data1\" content=\"1 minute\" \/>\n<script type=\"application\/ld+json\" class=\"yoast-schema-graph\">{\"@context\":\"https:\/\/schema.org\",\"@graph\":[{\"@type\":\"WebPage\",\"@id\":\"https:\/\/koningdrone.be\/product\/dronavia-pod-for-parachute-kronos-for-inspire-3\/\",\"url\":\"https:\/\/koningdrone.be\/product\/dronavia-pod-for-parachute-kronos-for-inspire-3\/\",\"name\":\"Dronavia Pod for parachute Kronos for Inspire 3 - koningdrone.be\",\"isPartOf\":{\"@id\":\"https:\/\/koningdrone.be\/#website\"},\"primaryImageOfPage\":{\"@id\":\"https:\/\/koningdrone.be\/product\/dronavia-pod-for-parachute-kronos-for-inspire-3\/#primaryimage\"},\"image\":{\"@id\":\"https:\/\/koningdrone.be\/product\/dronavia-pod-for-parachute-kronos-for-inspire-3\/#primaryimage\"},\"thumbnailUrl\":\"https:\/\/koningdrone.be\/wp-content\/uploads\/sites\/13\/2025\/04\/dronavia-fallschirmkapsel-kronos-fuer-dji-inspire-3.webp\",\"datePublished\":\"2024-09-18T08:26:49+00:00\",\"dateModified\":\"2026-04-29T14:01:02+00:00\",\"breadcrumb\":{\"@id\":\"https:\/\/koningdrone.be\/product\/dronavia-pod-for-parachute-kronos-for-inspire-3\/#breadcrumb\"},\"inLanguage\":\"fr-BE\",\"potentialAction\":[{\"@type\":\"ReadAction\",\"target\":[\"https:\/\/koningdrone.be\/product\/dronavia-pod-for-parachute-kronos-for-inspire-3\/\"]}]},{\"@type\":\"ImageObject\",\"inLanguage\":\"fr-BE\",\"@id\":\"https:\/\/koningdrone.be\/product\/dronavia-pod-for-parachute-kronos-for-inspire-3\/#primaryimage\",\"url\":\"https:\/\/koningdrone.be\/wp-content\/uploads\/sites\/13\/2025\/04\/dronavia-fallschirmkapsel-kronos-fuer-dji-inspire-3.webp\",\"contentUrl\":\"https:\/\/koningdrone.be\/wp-content\/uploads\/sites\/13\/2025\/04\/dronavia-fallschirmkapsel-kronos-fuer-dji-inspire-3.webp\",\"width\":1000,\"height\":720},{\"@type\":\"BreadcrumbList\",\"@id\":\"https:\/\/koningdrone.be\/product\/dronavia-pod-for-parachute-kronos-for-inspire-3\/#breadcrumb\",\"itemListElement\":[{\"@type\":\"ListItem\",\"position\":1,\"name\":\"Home\",\"item\":\"https:\/\/koningdrone.be\/\"},{\"@type\":\"ListItem\",\"position\":2,\"name\":\"AVSS Parachute Recovery System for DJI Matrice 300\/350\",\"item\":\"https:\/\/koningdrone.be\/product\/avss-parachute-recovery-system-for-dji-matrice-300-350\/\"},{\"@type\":\"ListItem\",\"position\":3,\"name\":\"Alle parachutes\",\"item\":\"https:\/\/koningdrone.be\/categorie\/alle-parachutes\/\"},{\"@type\":\"ListItem\",\"position\":4,\"name\":\"Dronavia Pod for parachute Kronos for Inspire 3\"}]},{\"@type\":\"WebSite\",\"@id\":\"https:\/\/koningdrone.be\/#website\",\"url\":\"https:\/\/koningdrone.be\/\",\"name\":\"Koningdrone.be - Uw online specialist in drones, gimbals, camera's en power stations.\",\"description\":\"De webshop in drones en gimbals\",\"publisher\":{\"@id\":\"https:\/\/koningdrone.be\/#organization\"},\"potentialAction\":[{\"@type\":\"SearchAction\",\"target\":{\"@type\":\"EntryPoint\",\"urlTemplate\":\"https:\/\/koningdrone.be\/?s={search_term_string}\"},\"query-input\":{\"@type\":\"PropertyValueSpecification\",\"valueRequired\":true,\"valueName\":\"search_term_string\"}}],\"inLanguage\":\"fr-BE\"},{\"@type\":\"Organization\",\"@id\":\"https:\/\/koningdrone.be\/#organization\",\"name\":\"Koningdrone.be\",\"url\":\"https:\/\/koningdrone.be\/\",\"logo\":{\"@type\":\"ImageObject\",\"inLanguage\":\"fr-BE\",\"@id\":\"https:\/\/koningdrone.be\/#\/schema\/logo\/image\/\",\"url\":\"https:\/\/koningdrone.be\/wp-content\/uploads\/sites\/13\/2025\/04\/koningdrone-copyright-logo.svg\",\"contentUrl\":\"https:\/\/koningdrone.be\/wp-content\/uploads\/sites\/13\/2025\/04\/koningdrone-copyright-logo.svg\",\"width\":227,\"height\":38,\"caption\":\"Koningdrone.be\"},\"image\":{\"@id\":\"https:\/\/koningdrone.be\/#\/schema\/logo\/image\/\"}}]}<\/script>\n<!-- \/ Yoast SEO Premium plugin. -->","yoast_head_json":{"title":"Dronavia Pod for parachute Kronos for Inspire 3 - koningdrone.be","robots":{"index":"index","follow":"follow","max-snippet":"max-snippet:-1","max-image-preview":"max-image-preview:large","max-video-preview":"max-video-preview:-1"},"canonical":"https:\/\/koningdrone.be\/fr\/produit\/dronavia-pod-for-parachute-kronos-for-inspire-3\/","og_locale":"fr_FR","og_type":"article","og_title":"Dronavia Pod for parachute Kronos for Inspire 3","og_description":"Parachute Pod    Geschikt voor de Inspire 3    Reserve pod    Gemakkelijk te plaaten","og_url":"https:\/\/koningdrone.be\/fr\/produit\/dronavia-pod-for-parachute-kronos-for-inspire-3\/","og_site_name":"koningdrone.be","article_modified_time":"2026-04-29T14:01:02+00:00","og_image":[{"width":1000,"height":720,"url":"https:\/\/koningdrone.be\/wp-content\/uploads\/sites\/13\/2025\/04\/dronavia-fallschirmkapsel-kronos-fuer-dji-inspire-3.webp","type":"image\/webp"}],"twitter_card":"summary_large_image","twitter_misc":{"Dur\u00e9e de lecture est.":"1 minute"},"schema":{"@context":"https:\/\/schema.org","@graph":[{"@type":"WebPage","@id":"https:\/\/koningdrone.be\/product\/dronavia-pod-for-parachute-kronos-for-inspire-3\/","url":"https:\/\/koningdrone.be\/product\/dronavia-pod-for-parachute-kronos-for-inspire-3\/","name":"Dronavia Pod for parachute Kronos for Inspire 3 - koningdrone.be","isPartOf":{"@id":"https:\/\/koningdrone.be\/#website"},"primaryImageOfPage":{"@id":"https:\/\/koningdrone.be\/product\/dronavia-pod-for-parachute-kronos-for-inspire-3\/#primaryimage"},"image":{"@id":"https:\/\/koningdrone.be\/product\/dronavia-pod-for-parachute-kronos-for-inspire-3\/#primaryimage"},"thumbnailUrl":"https:\/\/koningdrone.be\/wp-content\/uploads\/sites\/13\/2025\/04\/dronavia-fallschirmkapsel-kronos-fuer-dji-inspire-3.webp","datePublished":"2024-09-18T08:26:49+00:00","dateModified":"2026-04-29T14:01:02+00:00","breadcrumb":{"@id":"https:\/\/koningdrone.be\/product\/dronavia-pod-for-parachute-kronos-for-inspire-3\/#breadcrumb"},"inLanguage":"fr-BE","potentialAction":[{"@type":"ReadAction","target":["https:\/\/koningdrone.be\/product\/dronavia-pod-for-parachute-kronos-for-inspire-3\/"]}]},{"@type":"ImageObject","inLanguage":"fr-BE","@id":"https:\/\/koningdrone.be\/product\/dronavia-pod-for-parachute-kronos-for-inspire-3\/#primaryimage","url":"https:\/\/koningdrone.be\/wp-content\/uploads\/sites\/13\/2025\/04\/dronavia-fallschirmkapsel-kronos-fuer-dji-inspire-3.webp","contentUrl":"https:\/\/koningdrone.be\/wp-content\/uploads\/sites\/13\/2025\/04\/dronavia-fallschirmkapsel-kronos-fuer-dji-inspire-3.webp","width":1000,"height":720},{"@type":"BreadcrumbList","@id":"https:\/\/koningdrone.be\/product\/dronavia-pod-for-parachute-kronos-for-inspire-3\/#breadcrumb","itemListElement":[{"@type":"ListItem","position":1,"name":"Home","item":"https:\/\/koningdrone.be\/"},{"@type":"ListItem","position":2,"name":"AVSS Parachute Recovery System for DJI Matrice 300\/350","item":"https:\/\/koningdrone.be\/product\/avss-parachute-recovery-system-for-dji-matrice-300-350\/"},{"@type":"ListItem","position":3,"name":"Alle parachutes","item":"https:\/\/koningdrone.be\/categorie\/alle-parachutes\/"},{"@type":"ListItem","position":4,"name":"Dronavia Pod for parachute Kronos for Inspire 3"}]},{"@type":"WebSite","@id":"https:\/\/koningdrone.be\/#website","url":"https:\/\/koningdrone.be\/","name":"Koningdrone.be - Votre sp\u00e9cialiste en ligne en mati\u00e8re de drones, de cardans, de cam\u00e9ras et de centrales \u00e9lectriques.","description":"La boutique en ligne de drones et de cardans","publisher":{"@id":"https:\/\/koningdrone.be\/#organization"},"potentialAction":[{"@type":"SearchAction","target":{"@type":"EntryPoint","urlTemplate":"https:\/\/koningdrone.be\/?s={search_term_string}"},"query-input":{"@type":"PropertyValueSpecification","valueRequired":true,"valueName":"search_term_string"}}],"inLanguage":"fr-BE"},{"@type":"Organization","@id":"https:\/\/koningdrone.be\/#organization","name":"Kingdrone.co.uk","url":"https:\/\/koningdrone.be\/","logo":{"@type":"ImageObject","inLanguage":"fr-BE","@id":"https:\/\/koningdrone.be\/#\/schema\/logo\/image\/","url":"https:\/\/koningdrone.be\/wp-content\/uploads\/sites\/13\/2025\/04\/koningdrone-copyright-logo.svg","contentUrl":"https:\/\/koningdrone.be\/wp-content\/uploads\/sites\/13\/2025\/04\/koningdrone-copyright-logo.svg","width":227,"height":38,"caption":"Koningdrone.be"},"image":{"@id":"https:\/\/koningdrone.be\/#\/schema\/logo\/image\/"}}]}},"df_price":313.39,"df_sale_price":"","df_regular_price":313.39,"df_image_link":"https:\/\/koningdrone.be\/wp-content\/uploads\/sites\/13\/2025\/04\/dronavia-fallschirmkapsel-kronos-fuer-dji-inspire-3-300x216.webp","_links":{"self":[{"href":"https:\/\/koningdrone.be\/fr\/wp-json\/wp\/v2\/product\/2575","targetHints":{"allow":["GET"]}}],"collection":[{"href":"https:\/\/koningdrone.be\/fr\/wp-json\/wp\/v2\/product"}],"about":[{"href":"https:\/\/koningdrone.be\/fr\/wp-json\/wp\/v2\/types\/product"}],"wp:featuredmedia":[{"embeddable":true,"href":"https:\/\/koningdrone.be\/fr\/wp-json\/wp\/v2\/media\/2573"}],"wp:attachment":[{"href":"https:\/\/koningdrone.be\/fr\/wp-json\/wp\/v2\/media?parent=2575"}],"wp:term":[{"taxonomy":"product_brand","embeddable":true,"href":"https:\/\/koningdrone.be\/fr\/wp-json\/wp\/v2\/product_brand?post=2575"},{"taxonomy":"product_cat","embeddable":true,"href":"https:\/\/koningdrone.be\/fr\/wp-json\/wp\/v2\/product_cat?post=2575"},{"taxonomy":"product_tag","embeddable":true,"href":"https:\/\/koningdrone.be\/fr\/wp-json\/wp\/v2\/product_tag?post=2575"}],"curies":[{"name":"wp","href":"https:\/\/api.w.org\/{rel}","templated":true}]}}