{"id":2544,"date":"2024-09-18T10:27:13","date_gmt":"2024-09-18T08:27:13","guid":{"rendered":"https:\/\/koningdrone.nl\/kon\/product\/ecoflow-solar-to-xt60i-cable-3-5m\/"},"modified":"2026-04-29T16:40:49","modified_gmt":"2026-04-29T14:40:49","slug":"ecoflow-solar-to-xt60i-cable-3-5m","status":"publish","type":"product","link":"https:\/\/koningdrone.be\/fr\/produit\/ecoflow-solar-to-xt60i-cable-3-5m\/","title":{"rendered":"ECOFLOW SOLAR TO XT60I CABLE 3.5M"},"content":{"rendered":"<p>Le c\u00e2ble de charge EcoFlow Solar to XT60i de 3,5 m permet de connecter un panneau solaire dot\u00e9 d'un connecteur MC4, comme les panneaux solaires EcoFlow, aux stations d'alimentation EcoFlow. Le c\u00e2ble se connecte facilement aux panneaux solaires via les connecteurs universels MC4. La fiche XT60 est connect\u00e9e \u00e0 la centrale \u00e9lectrique.<\/p>","protected":false},"excerpt":{"rendered":"<ul>\n<li>Mat\u00e9riaux de haute qualit\u00e9 : Fabriqu\u00e9 \u00e0 partir de mat\u00e9riaux durables et r\u00e9sistants aux intemp\u00e9ries.<\/li>\n<li>Chargement rapide : Con\u00e7ue pour offrir des vitesses de charge optimales.<\/li>\n<li>Connexion s\u00e9curis\u00e9e : assure une connexion stable et fiable.<\/li>\n<li>Utilisation polyvalente : peut \u00eatre utilis\u00e9e avec une gamme de panneaux solaires et de centrales \u00e9lectriques EcoFlow.<\/li>\n<li>Dispositifs de s\u00e9curit\u00e9 : Il comprend souvent des m\u00e9canismes de s\u00e9curit\u00e9 contre la surcharge et les courts-circuits.<\/li>\n<\/ul>","protected":false},"featured_media":2541,"template":"","meta":{"_acf_changed":false},"product_brand":[],"product_cat":[244,97,245,415],"product_tag":[],"class_list":{"0":"post-2544","1":"product","2":"type-product","3":"status-publish","4":"has-post-thumbnail","6":"product_cat-alle-kabels","7":"product_cat-alle-producten","8":"product_cat-ecoflow","9":"product_cat-energy","10":"product_shipping_class-outofstock","11":"pa_brand-ecoflow","12":"pa_productfamily-kabel","13":"pa_producttype-kabel","15":"first","16":"outofstock","17":"taxable","18":"shipping-taxable","19":"purchasable","20":"product-type-simple"},"acf":[],"yoast_head":"<!-- This site is optimized with the Yoast SEO Premium plugin v27.2 (Yoast SEO v27.2) - https:\/\/yoast.com\/product\/yoast-seo-premium-wordpress\/ -->\n<title>ECOFLOW SOLAR TO XT60I CABLE 3.5M - koningdrone.be<\/title>\n<meta name=\"robots\" content=\"index, follow, max-snippet:-1, max-image-preview:large, max-video-preview:-1\" \/>\n<link rel=\"canonical\" href=\"https:\/\/koningdrone.be\/fr\/produit\/ecoflow-solar-to-xt60i-cable-3-5m\/\" \/>\n<meta property=\"og:locale\" content=\"fr_FR\" \/>\n<meta property=\"og:type\" content=\"article\" \/>\n<meta property=\"og:title\" content=\"ECOFLOW SOLAR TO XT60I CABLE 3.5M\" \/>\n<meta property=\"og:description\" content=\"Hoogwaardige materialen: Gemaakt van duurzame en weerbestendige materialen.Snel opladen: Ontworpen om optimale oplaadsnelheden te ondersteunen.Veilige verbinding: Zorgt voor een stabiele en betrouwbare verbinding.Veelzijdig gebruik: Kan worden gebruikt met een reeks zonnepanelen en EcoFlow-centrales.Veiligheidsfuncties: Bevat vaak veiligheidsmechanismen tegen overladen en kortsluiting.\" \/>\n<meta property=\"og:url\" content=\"https:\/\/koningdrone.be\/fr\/produit\/ecoflow-solar-to-xt60i-cable-3-5m\/\" \/>\n<meta property=\"og:site_name\" content=\"koningdrone.be\" \/>\n<meta property=\"article:modified_time\" content=\"2026-04-29T14:40:49+00:00\" \/>\n<meta property=\"og:image\" content=\"https:\/\/koningdrone.be\/wp-content\/uploads\/sites\/13\/2025\/04\/ecoflow-solar-to-xt60i-charging-cable-25m-20230215-min-20240403.jpg\" \/>\n\t<meta property=\"og:image:width\" content=\"800\" \/>\n\t<meta property=\"og:image:height\" content=\"456\" \/>\n\t<meta property=\"og:image:type\" content=\"image\/jpeg\" \/>\n<meta name=\"twitter:card\" content=\"summary_large_image\" \/>\n<script type=\"application\/ld+json\" class=\"yoast-schema-graph\">{\"@context\":\"https:\/\/schema.org\",\"@graph\":[{\"@type\":\"WebPage\",\"@id\":\"https:\/\/koningdrone.be\/product\/ecoflow-solar-to-xt60i-cable-3-5m\/\",\"url\":\"https:\/\/koningdrone.be\/product\/ecoflow-solar-to-xt60i-cable-3-5m\/\",\"name\":\"ECOFLOW SOLAR TO XT60I CABLE 3.5M - koningdrone.be\",\"isPartOf\":{\"@id\":\"https:\/\/koningdrone.be\/#website\"},\"primaryImageOfPage\":{\"@id\":\"https:\/\/koningdrone.be\/product\/ecoflow-solar-to-xt60i-cable-3-5m\/#primaryimage\"},\"image\":{\"@id\":\"https:\/\/koningdrone.be\/product\/ecoflow-solar-to-xt60i-cable-3-5m\/#primaryimage\"},\"thumbnailUrl\":\"https:\/\/koningdrone.be\/wp-content\/uploads\/sites\/13\/2025\/04\/ecoflow-solar-to-xt60i-charging-cable-25m-20230215-min-20240403.jpg\",\"datePublished\":\"2024-09-18T08:27:13+00:00\",\"dateModified\":\"2026-04-29T14:40:49+00:00\",\"breadcrumb\":{\"@id\":\"https:\/\/koningdrone.be\/product\/ecoflow-solar-to-xt60i-cable-3-5m\/#breadcrumb\"},\"inLanguage\":\"fr-BE\",\"potentialAction\":[{\"@type\":\"ReadAction\",\"target\":[\"https:\/\/koningdrone.be\/product\/ecoflow-solar-to-xt60i-cable-3-5m\/\"]}]},{\"@type\":\"ImageObject\",\"inLanguage\":\"fr-BE\",\"@id\":\"https:\/\/koningdrone.be\/product\/ecoflow-solar-to-xt60i-cable-3-5m\/#primaryimage\",\"url\":\"https:\/\/koningdrone.be\/wp-content\/uploads\/sites\/13\/2025\/04\/ecoflow-solar-to-xt60i-charging-cable-25m-20230215-min-20240403.jpg\",\"contentUrl\":\"https:\/\/koningdrone.be\/wp-content\/uploads\/sites\/13\/2025\/04\/ecoflow-solar-to-xt60i-charging-cable-25m-20230215-min-20240403.jpg\",\"width\":800,\"height\":456},{\"@type\":\"BreadcrumbList\",\"@id\":\"https:\/\/koningdrone.be\/product\/ecoflow-solar-to-xt60i-cable-3-5m\/#breadcrumb\",\"itemListElement\":[{\"@type\":\"ListItem\",\"position\":1,\"name\":\"Home\",\"item\":\"https:\/\/koningdrone.be\/\"},{\"@type\":\"ListItem\",\"position\":2,\"name\":\"AVSS Parachute Recovery System for DJI Matrice 300\/350\",\"item\":\"https:\/\/koningdrone.be\/product\/avss-parachute-recovery-system-for-dji-matrice-300-350\/\"},{\"@type\":\"ListItem\",\"position\":3,\"name\":\"Alle kabels\",\"item\":\"https:\/\/koningdrone.be\/categorie\/alle-kabels\/\"},{\"@type\":\"ListItem\",\"position\":4,\"name\":\"ECOFLOW SOLAR TO XT60I CABLE 3.5M\"}]},{\"@type\":\"WebSite\",\"@id\":\"https:\/\/koningdrone.be\/#website\",\"url\":\"https:\/\/koningdrone.be\/\",\"name\":\"Koningdrone.be - Uw online specialist in drones, gimbals, camera's en power stations.\",\"description\":\"De webshop in drones en gimbals\",\"publisher\":{\"@id\":\"https:\/\/koningdrone.be\/#organization\"},\"potentialAction\":[{\"@type\":\"SearchAction\",\"target\":{\"@type\":\"EntryPoint\",\"urlTemplate\":\"https:\/\/koningdrone.be\/?s={search_term_string}\"},\"query-input\":{\"@type\":\"PropertyValueSpecification\",\"valueRequired\":true,\"valueName\":\"search_term_string\"}}],\"inLanguage\":\"fr-BE\"},{\"@type\":\"Organization\",\"@id\":\"https:\/\/koningdrone.be\/#organization\",\"name\":\"Koningdrone.be\",\"url\":\"https:\/\/koningdrone.be\/\",\"logo\":{\"@type\":\"ImageObject\",\"inLanguage\":\"fr-BE\",\"@id\":\"https:\/\/koningdrone.be\/#\/schema\/logo\/image\/\",\"url\":\"https:\/\/koningdrone.be\/wp-content\/uploads\/sites\/13\/2025\/04\/koningdrone-copyright-logo.svg\",\"contentUrl\":\"https:\/\/koningdrone.be\/wp-content\/uploads\/sites\/13\/2025\/04\/koningdrone-copyright-logo.svg\",\"width\":227,\"height\":38,\"caption\":\"Koningdrone.be\"},\"image\":{\"@id\":\"https:\/\/koningdrone.be\/#\/schema\/logo\/image\/\"}}]}<\/script>\n<!-- \/ Yoast SEO Premium plugin. -->","yoast_head_json":{"title":"ECOFLOW SOLAR TO XT60I CABLE 3.5M - koningdrone.be","robots":{"index":"index","follow":"follow","max-snippet":"max-snippet:-1","max-image-preview":"max-image-preview:large","max-video-preview":"max-video-preview:-1"},"canonical":"https:\/\/koningdrone.be\/fr\/produit\/ecoflow-solar-to-xt60i-cable-3-5m\/","og_locale":"fr_FR","og_type":"article","og_title":"ECOFLOW SOLAR TO XT60I CABLE 3.5M","og_description":"Hoogwaardige materialen: Gemaakt van duurzame en weerbestendige materialen.Snel opladen: Ontworpen om optimale oplaadsnelheden te ondersteunen.Veilige verbinding: Zorgt voor een stabiele en betrouwbare verbinding.Veelzijdig gebruik: Kan worden gebruikt met een reeks zonnepanelen en EcoFlow-centrales.Veiligheidsfuncties: Bevat vaak veiligheidsmechanismen tegen overladen en kortsluiting.","og_url":"https:\/\/koningdrone.be\/fr\/produit\/ecoflow-solar-to-xt60i-cable-3-5m\/","og_site_name":"koningdrone.be","article_modified_time":"2026-04-29T14:40:49+00:00","og_image":[{"width":800,"height":456,"url":"https:\/\/koningdrone.be\/wp-content\/uploads\/sites\/13\/2025\/04\/ecoflow-solar-to-xt60i-charging-cable-25m-20230215-min-20240403.jpg","type":"image\/jpeg"}],"twitter_card":"summary_large_image","schema":{"@context":"https:\/\/schema.org","@graph":[{"@type":"WebPage","@id":"https:\/\/koningdrone.be\/product\/ecoflow-solar-to-xt60i-cable-3-5m\/","url":"https:\/\/koningdrone.be\/product\/ecoflow-solar-to-xt60i-cable-3-5m\/","name":"ECOFLOW SOLAR TO XT60I CABLE 3.5M - koningdrone.be","isPartOf":{"@id":"https:\/\/koningdrone.be\/#website"},"primaryImageOfPage":{"@id":"https:\/\/koningdrone.be\/product\/ecoflow-solar-to-xt60i-cable-3-5m\/#primaryimage"},"image":{"@id":"https:\/\/koningdrone.be\/product\/ecoflow-solar-to-xt60i-cable-3-5m\/#primaryimage"},"thumbnailUrl":"https:\/\/koningdrone.be\/wp-content\/uploads\/sites\/13\/2025\/04\/ecoflow-solar-to-xt60i-charging-cable-25m-20230215-min-20240403.jpg","datePublished":"2024-09-18T08:27:13+00:00","dateModified":"2026-04-29T14:40:49+00:00","breadcrumb":{"@id":"https:\/\/koningdrone.be\/product\/ecoflow-solar-to-xt60i-cable-3-5m\/#breadcrumb"},"inLanguage":"fr-BE","potentialAction":[{"@type":"ReadAction","target":["https:\/\/koningdrone.be\/product\/ecoflow-solar-to-xt60i-cable-3-5m\/"]}]},{"@type":"ImageObject","inLanguage":"fr-BE","@id":"https:\/\/koningdrone.be\/product\/ecoflow-solar-to-xt60i-cable-3-5m\/#primaryimage","url":"https:\/\/koningdrone.be\/wp-content\/uploads\/sites\/13\/2025\/04\/ecoflow-solar-to-xt60i-charging-cable-25m-20230215-min-20240403.jpg","contentUrl":"https:\/\/koningdrone.be\/wp-content\/uploads\/sites\/13\/2025\/04\/ecoflow-solar-to-xt60i-charging-cable-25m-20230215-min-20240403.jpg","width":800,"height":456},{"@type":"BreadcrumbList","@id":"https:\/\/koningdrone.be\/product\/ecoflow-solar-to-xt60i-cable-3-5m\/#breadcrumb","itemListElement":[{"@type":"ListItem","position":1,"name":"Home","item":"https:\/\/koningdrone.be\/"},{"@type":"ListItem","position":2,"name":"AVSS Parachute Recovery System for DJI Matrice 300\/350","item":"https:\/\/koningdrone.be\/product\/avss-parachute-recovery-system-for-dji-matrice-300-350\/"},{"@type":"ListItem","position":3,"name":"Alle kabels","item":"https:\/\/koningdrone.be\/categorie\/alle-kabels\/"},{"@type":"ListItem","position":4,"name":"ECOFLOW SOLAR TO XT60I CABLE 3.5M"}]},{"@type":"WebSite","@id":"https:\/\/koningdrone.be\/#website","url":"https:\/\/koningdrone.be\/","name":"Koningdrone.be - Votre sp\u00e9cialiste en ligne en mati\u00e8re de drones, de cardans, de cam\u00e9ras et de centrales \u00e9lectriques.","description":"La boutique en ligne de drones et de cardans","publisher":{"@id":"https:\/\/koningdrone.be\/#organization"},"potentialAction":[{"@type":"SearchAction","target":{"@type":"EntryPoint","urlTemplate":"https:\/\/koningdrone.be\/?s={search_term_string}"},"query-input":{"@type":"PropertyValueSpecification","valueRequired":true,"valueName":"search_term_string"}}],"inLanguage":"fr-BE"},{"@type":"Organization","@id":"https:\/\/koningdrone.be\/#organization","name":"Kingdrone.co.uk","url":"https:\/\/koningdrone.be\/","logo":{"@type":"ImageObject","inLanguage":"fr-BE","@id":"https:\/\/koningdrone.be\/#\/schema\/logo\/image\/","url":"https:\/\/koningdrone.be\/wp-content\/uploads\/sites\/13\/2025\/04\/koningdrone-copyright-logo.svg","contentUrl":"https:\/\/koningdrone.be\/wp-content\/uploads\/sites\/13\/2025\/04\/koningdrone-copyright-logo.svg","width":227,"height":38,"caption":"Koningdrone.be"},"image":{"@id":"https:\/\/koningdrone.be\/#\/schema\/logo\/image\/"}}]}},"df_price":29,"df_sale_price":"","df_regular_price":29,"df_image_link":"https:\/\/koningdrone.be\/wp-content\/uploads\/sites\/13\/2025\/04\/ecoflow-solar-to-xt60i-charging-cable-25m-20230215-min-20240403-300x171.jpg","_links":{"self":[{"href":"https:\/\/koningdrone.be\/fr\/wp-json\/wp\/v2\/product\/2544","targetHints":{"allow":["GET"]}}],"collection":[{"href":"https:\/\/koningdrone.be\/fr\/wp-json\/wp\/v2\/product"}],"about":[{"href":"https:\/\/koningdrone.be\/fr\/wp-json\/wp\/v2\/types\/product"}],"wp:featuredmedia":[{"embeddable":true,"href":"https:\/\/koningdrone.be\/fr\/wp-json\/wp\/v2\/media\/2541"}],"wp:attachment":[{"href":"https:\/\/koningdrone.be\/fr\/wp-json\/wp\/v2\/media?parent=2544"}],"wp:term":[{"taxonomy":"product_brand","embeddable":true,"href":"https:\/\/koningdrone.be\/fr\/wp-json\/wp\/v2\/product_brand?post=2544"},{"taxonomy":"product_cat","embeddable":true,"href":"https:\/\/koningdrone.be\/fr\/wp-json\/wp\/v2\/product_cat?post=2544"},{"taxonomy":"product_tag","embeddable":true,"href":"https:\/\/koningdrone.be\/fr\/wp-json\/wp\/v2\/product_tag?post=2544"}],"curies":[{"name":"wp","href":"https:\/\/api.w.org\/{rel}","templated":true}]}}