{"id":2534,"date":"2024-09-18T10:27:25","date_gmt":"2024-09-18T08:27:25","guid":{"rendered":"https:\/\/koningdrone.nl\/kon\/product\/ecoflow-smart-auto-battery-maintainer\/"},"modified":"2026-04-29T16:40:52","modified_gmt":"2026-04-29T14:40:52","slug":"ecoflow-smart-auto-battery-maintainer","status":"publish","type":"product","link":"https:\/\/koningdrone.be\/fr\/produit\/ecoflow-smart-auto-battery-maintainer\/","title":{"rendered":"EcoFlow Smart Auto Battery Maintainer"},"content":{"rendered":"<p>Utilisez le chargeur de batterie EcoFlow Smart Auto en combinaison avec les s\u00e9ries RIVER ou DELTA pour d\u00e9marrer la batterie de votre voiture. En outre, utilisez le chargeur de batterie Smart Auto pour l'entretien quotidien de la batterie, afin de prolonger sa dur\u00e9e de vie gr\u00e2ce \u00e0 notre technologie de charge s\u00fbre et respectueuse de la batterie. Convient \u00e0 la plupart des voitures, camions, SUV et motos avec un mode de commutation 12\/24V, ce qui vous permet de charger en hiver comme en \u00e9t\u00e9.<\/p>","protected":false},"excerpt":{"rendered":"<ul>\n<li>Red\u00e9marrer la batterie de votre voiture lorsqu'elle est d\u00e9charg\u00e9e sans causer de dommages.<\/li>\n<li>Compatible avec les batteries de v\u00e9hicules de 12V et 24V.<\/li>\n<li>Doit \u00eatre utilis\u00e9 en combinaison avec les PBX portables des s\u00e9ries RIVER et DELTA.<\/li>\n<li>\u00c9quip\u00e9 de 5 contr\u00f4leurs intelligents avec r\u00e9glages automatiques.<\/li>\n<li>Prolonge la dur\u00e9e de vie de votre batterie gr\u00e2ce \u00e0 une recharge r\u00e9guli\u00e8re.<\/li>\n<li>\u00c9quip\u00e9 d'une protection contre le renversement.<\/li>\n<\/ul>","protected":false},"featured_media":2529,"template":"","meta":{"_acf_changed":false},"product_brand":[],"product_cat":[97,245,415],"product_tag":[],"class_list":{"0":"post-2534","1":"product","2":"type-product","3":"status-publish","4":"has-post-thumbnail","6":"product_cat-alle-producten","7":"product_cat-ecoflow","8":"product_cat-energy","9":"product_shipping_class-outofstock","10":"pa_brand-ecoflow","11":"pa_productfamily-auto-batterij-onderhouder","12":"pa_producttype-auto-batterij-onderhouder","14":"first","15":"outofstock","16":"taxable","17":"shipping-taxable","18":"purchasable","19":"product-type-simple"},"acf":[],"yoast_head":"<!-- This site is optimized with the Yoast SEO Premium plugin v27.2 (Yoast SEO v27.2) - https:\/\/yoast.com\/product\/yoast-seo-premium-wordpress\/ -->\n<title>EcoFlow Smart Auto Battery Maintainer - koningdrone.be<\/title>\n<meta name=\"robots\" content=\"index, follow, max-snippet:-1, max-image-preview:large, max-video-preview:-1\" \/>\n<link rel=\"canonical\" href=\"https:\/\/koningdrone.be\/fr\/produit\/ecoflow-smart-auto-battery-maintainer\/\" \/>\n<meta property=\"og:locale\" content=\"fr_FR\" \/>\n<meta property=\"og:type\" content=\"article\" \/>\n<meta property=\"og:title\" content=\"EcoFlow Smart Auto Battery Maintainer\" \/>\n<meta property=\"og:description\" content=\"Start de accu van je auto op als deze bijna leeg is zonder schade te veroorzaken.Compatibel met zowel 12V als 24V voertuigaccu&#039;s.Moet worden gebruikt in combinatie met draagbare centrales uit de RIVER- en DELTA-serie.Voorzien van 5 intelligente regelaars met automatische aanpassingen.Verlengt de levensduur van je batterij door routinematig opladen.Uitgerust met omkeerbeveiliging.\" \/>\n<meta property=\"og:url\" content=\"https:\/\/koningdrone.be\/fr\/produit\/ecoflow-smart-auto-battery-maintainer\/\" \/>\n<meta property=\"og:site_name\" content=\"koningdrone.be\" \/>\n<meta property=\"article:modified_time\" content=\"2026-04-29T14:40:52+00:00\" \/>\n<meta property=\"og:image\" content=\"https:\/\/koningdrone.be\/wp-content\/uploads\/sites\/13\/2025\/04\/ecoflow-smart-auto-battery-charger-54194326569303_2000x.png\" \/>\n\t<meta property=\"og:image:width\" content=\"1500\" \/>\n\t<meta property=\"og:image:height\" content=\"1500\" \/>\n\t<meta property=\"og:image:type\" content=\"image\/png\" \/>\n<meta name=\"twitter:card\" content=\"summary_large_image\" \/>\n<script type=\"application\/ld+json\" class=\"yoast-schema-graph\">{\"@context\":\"https:\/\/schema.org\",\"@graph\":[{\"@type\":\"WebPage\",\"@id\":\"https:\/\/koningdrone.be\/product\/ecoflow-smart-auto-battery-maintainer\/\",\"url\":\"https:\/\/koningdrone.be\/product\/ecoflow-smart-auto-battery-maintainer\/\",\"name\":\"EcoFlow Smart Auto Battery Maintainer - koningdrone.be\",\"isPartOf\":{\"@id\":\"https:\/\/koningdrone.be\/#website\"},\"primaryImageOfPage\":{\"@id\":\"https:\/\/koningdrone.be\/product\/ecoflow-smart-auto-battery-maintainer\/#primaryimage\"},\"image\":{\"@id\":\"https:\/\/koningdrone.be\/product\/ecoflow-smart-auto-battery-maintainer\/#primaryimage\"},\"thumbnailUrl\":\"https:\/\/koningdrone.be\/wp-content\/uploads\/sites\/13\/2025\/04\/ecoflow-smart-auto-battery-charger-54194326569303_2000x.png\",\"datePublished\":\"2024-09-18T08:27:25+00:00\",\"dateModified\":\"2026-04-29T14:40:52+00:00\",\"breadcrumb\":{\"@id\":\"https:\/\/koningdrone.be\/product\/ecoflow-smart-auto-battery-maintainer\/#breadcrumb\"},\"inLanguage\":\"fr-BE\",\"potentialAction\":[{\"@type\":\"ReadAction\",\"target\":[\"https:\/\/koningdrone.be\/product\/ecoflow-smart-auto-battery-maintainer\/\"]}]},{\"@type\":\"ImageObject\",\"inLanguage\":\"fr-BE\",\"@id\":\"https:\/\/koningdrone.be\/product\/ecoflow-smart-auto-battery-maintainer\/#primaryimage\",\"url\":\"https:\/\/koningdrone.be\/wp-content\/uploads\/sites\/13\/2025\/04\/ecoflow-smart-auto-battery-charger-54194326569303_2000x.png\",\"contentUrl\":\"https:\/\/koningdrone.be\/wp-content\/uploads\/sites\/13\/2025\/04\/ecoflow-smart-auto-battery-charger-54194326569303_2000x.png\",\"width\":1500,\"height\":1500},{\"@type\":\"BreadcrumbList\",\"@id\":\"https:\/\/koningdrone.be\/product\/ecoflow-smart-auto-battery-maintainer\/#breadcrumb\",\"itemListElement\":[{\"@type\":\"ListItem\",\"position\":1,\"name\":\"Home\",\"item\":\"https:\/\/koningdrone.be\/\"},{\"@type\":\"ListItem\",\"position\":2,\"name\":\"AVSS Parachute Recovery System for DJI Matrice 300\/350\",\"item\":\"https:\/\/koningdrone.be\/product\/avss-parachute-recovery-system-for-dji-matrice-300-350\/\"},{\"@type\":\"ListItem\",\"position\":3,\"name\":\"Alle producten\",\"item\":\"https:\/\/koningdrone.be\/categorie\/alle-producten\/\"},{\"@type\":\"ListItem\",\"position\":4,\"name\":\"EcoFlow Smart Auto Battery Maintainer\"}]},{\"@type\":\"WebSite\",\"@id\":\"https:\/\/koningdrone.be\/#website\",\"url\":\"https:\/\/koningdrone.be\/\",\"name\":\"Koningdrone.be - Uw online specialist in drones, gimbals, camera's en power stations.\",\"description\":\"De webshop in drones en gimbals\",\"publisher\":{\"@id\":\"https:\/\/koningdrone.be\/#organization\"},\"potentialAction\":[{\"@type\":\"SearchAction\",\"target\":{\"@type\":\"EntryPoint\",\"urlTemplate\":\"https:\/\/koningdrone.be\/?s={search_term_string}\"},\"query-input\":{\"@type\":\"PropertyValueSpecification\",\"valueRequired\":true,\"valueName\":\"search_term_string\"}}],\"inLanguage\":\"fr-BE\"},{\"@type\":\"Organization\",\"@id\":\"https:\/\/koningdrone.be\/#organization\",\"name\":\"Koningdrone.be\",\"url\":\"https:\/\/koningdrone.be\/\",\"logo\":{\"@type\":\"ImageObject\",\"inLanguage\":\"fr-BE\",\"@id\":\"https:\/\/koningdrone.be\/#\/schema\/logo\/image\/\",\"url\":\"https:\/\/koningdrone.be\/wp-content\/uploads\/sites\/13\/2025\/04\/koningdrone-copyright-logo.svg\",\"contentUrl\":\"https:\/\/koningdrone.be\/wp-content\/uploads\/sites\/13\/2025\/04\/koningdrone-copyright-logo.svg\",\"width\":227,\"height\":38,\"caption\":\"Koningdrone.be\"},\"image\":{\"@id\":\"https:\/\/koningdrone.be\/#\/schema\/logo\/image\/\"}}]}<\/script>\n<!-- \/ Yoast SEO Premium plugin. -->","yoast_head_json":{"title":"EcoFlow Smart Auto Battery Maintainer - koningdrone.be","robots":{"index":"index","follow":"follow","max-snippet":"max-snippet:-1","max-image-preview":"max-image-preview:large","max-video-preview":"max-video-preview:-1"},"canonical":"https:\/\/koningdrone.be\/fr\/produit\/ecoflow-smart-auto-battery-maintainer\/","og_locale":"fr_FR","og_type":"article","og_title":"EcoFlow Smart Auto Battery Maintainer","og_description":"Start de accu van je auto op als deze bijna leeg is zonder schade te veroorzaken.Compatibel met zowel 12V als 24V voertuigaccu's.Moet worden gebruikt in combinatie met draagbare centrales uit de RIVER- en DELTA-serie.Voorzien van 5 intelligente regelaars met automatische aanpassingen.Verlengt de levensduur van je batterij door routinematig opladen.Uitgerust met omkeerbeveiliging.","og_url":"https:\/\/koningdrone.be\/fr\/produit\/ecoflow-smart-auto-battery-maintainer\/","og_site_name":"koningdrone.be","article_modified_time":"2026-04-29T14:40:52+00:00","og_image":[{"width":1500,"height":1500,"url":"https:\/\/koningdrone.be\/wp-content\/uploads\/sites\/13\/2025\/04\/ecoflow-smart-auto-battery-charger-54194326569303_2000x.png","type":"image\/png"}],"twitter_card":"summary_large_image","schema":{"@context":"https:\/\/schema.org","@graph":[{"@type":"WebPage","@id":"https:\/\/koningdrone.be\/product\/ecoflow-smart-auto-battery-maintainer\/","url":"https:\/\/koningdrone.be\/product\/ecoflow-smart-auto-battery-maintainer\/","name":"EcoFlow Smart Auto Battery Maintainer - koningdrone.be","isPartOf":{"@id":"https:\/\/koningdrone.be\/#website"},"primaryImageOfPage":{"@id":"https:\/\/koningdrone.be\/product\/ecoflow-smart-auto-battery-maintainer\/#primaryimage"},"image":{"@id":"https:\/\/koningdrone.be\/product\/ecoflow-smart-auto-battery-maintainer\/#primaryimage"},"thumbnailUrl":"https:\/\/koningdrone.be\/wp-content\/uploads\/sites\/13\/2025\/04\/ecoflow-smart-auto-battery-charger-54194326569303_2000x.png","datePublished":"2024-09-18T08:27:25+00:00","dateModified":"2026-04-29T14:40:52+00:00","breadcrumb":{"@id":"https:\/\/koningdrone.be\/product\/ecoflow-smart-auto-battery-maintainer\/#breadcrumb"},"inLanguage":"fr-BE","potentialAction":[{"@type":"ReadAction","target":["https:\/\/koningdrone.be\/product\/ecoflow-smart-auto-battery-maintainer\/"]}]},{"@type":"ImageObject","inLanguage":"fr-BE","@id":"https:\/\/koningdrone.be\/product\/ecoflow-smart-auto-battery-maintainer\/#primaryimage","url":"https:\/\/koningdrone.be\/wp-content\/uploads\/sites\/13\/2025\/04\/ecoflow-smart-auto-battery-charger-54194326569303_2000x.png","contentUrl":"https:\/\/koningdrone.be\/wp-content\/uploads\/sites\/13\/2025\/04\/ecoflow-smart-auto-battery-charger-54194326569303_2000x.png","width":1500,"height":1500},{"@type":"BreadcrumbList","@id":"https:\/\/koningdrone.be\/product\/ecoflow-smart-auto-battery-maintainer\/#breadcrumb","itemListElement":[{"@type":"ListItem","position":1,"name":"Home","item":"https:\/\/koningdrone.be\/"},{"@type":"ListItem","position":2,"name":"AVSS Parachute Recovery System for DJI Matrice 300\/350","item":"https:\/\/koningdrone.be\/product\/avss-parachute-recovery-system-for-dji-matrice-300-350\/"},{"@type":"ListItem","position":3,"name":"Alle producten","item":"https:\/\/koningdrone.be\/categorie\/alle-producten\/"},{"@type":"ListItem","position":4,"name":"EcoFlow Smart Auto Battery Maintainer"}]},{"@type":"WebSite","@id":"https:\/\/koningdrone.be\/#website","url":"https:\/\/koningdrone.be\/","name":"Koningdrone.be - Votre sp\u00e9cialiste en ligne en mati\u00e8re de drones, de cardans, de cam\u00e9ras et de centrales \u00e9lectriques.","description":"La boutique en ligne de drones et de cardans","publisher":{"@id":"https:\/\/koningdrone.be\/#organization"},"potentialAction":[{"@type":"SearchAction","target":{"@type":"EntryPoint","urlTemplate":"https:\/\/koningdrone.be\/?s={search_term_string}"},"query-input":{"@type":"PropertyValueSpecification","valueRequired":true,"valueName":"search_term_string"}}],"inLanguage":"fr-BE"},{"@type":"Organization","@id":"https:\/\/koningdrone.be\/#organization","name":"Kingdrone.co.uk","url":"https:\/\/koningdrone.be\/","logo":{"@type":"ImageObject","inLanguage":"fr-BE","@id":"https:\/\/koningdrone.be\/#\/schema\/logo\/image\/","url":"https:\/\/koningdrone.be\/wp-content\/uploads\/sites\/13\/2025\/04\/koningdrone-copyright-logo.svg","contentUrl":"https:\/\/koningdrone.be\/wp-content\/uploads\/sites\/13\/2025\/04\/koningdrone-copyright-logo.svg","width":227,"height":38,"caption":"Koningdrone.be"},"image":{"@id":"https:\/\/koningdrone.be\/#\/schema\/logo\/image\/"}}]}},"df_price":99,"df_sale_price":"","df_regular_price":99,"df_image_link":"https:\/\/koningdrone.be\/wp-content\/uploads\/sites\/13\/2025\/04\/ecoflow-smart-auto-battery-charger-54194326569303_2000x-300x300.png","_links":{"self":[{"href":"https:\/\/koningdrone.be\/fr\/wp-json\/wp\/v2\/product\/2534","targetHints":{"allow":["GET"]}}],"collection":[{"href":"https:\/\/koningdrone.be\/fr\/wp-json\/wp\/v2\/product"}],"about":[{"href":"https:\/\/koningdrone.be\/fr\/wp-json\/wp\/v2\/types\/product"}],"wp:featuredmedia":[{"embeddable":true,"href":"https:\/\/koningdrone.be\/fr\/wp-json\/wp\/v2\/media\/2529"}],"wp:attachment":[{"href":"https:\/\/koningdrone.be\/fr\/wp-json\/wp\/v2\/media?parent=2534"}],"wp:term":[{"taxonomy":"product_brand","embeddable":true,"href":"https:\/\/koningdrone.be\/fr\/wp-json\/wp\/v2\/product_brand?post=2534"},{"taxonomy":"product_cat","embeddable":true,"href":"https:\/\/koningdrone.be\/fr\/wp-json\/wp\/v2\/product_cat?post=2534"},{"taxonomy":"product_tag","embeddable":true,"href":"https:\/\/koningdrone.be\/fr\/wp-json\/wp\/v2\/product_tag?post=2534"}],"curies":[{"name":"wp","href":"https:\/\/api.w.org\/{rel}","templated":true}]}}