{"id":2518,"date":"2024-09-18T10:28:01","date_gmt":"2024-09-18T08:28:01","guid":{"rendered":"https:\/\/koningdrone.nl\/kon\/product\/insta360-one-r-mounting-bracket-w-accessory-sho\/"},"modified":"2026-04-30T11:20:12","modified_gmt":"2026-04-30T09:20:12","slug":"insta360-one-r-mounting-bracket-w-accessory-sho","status":"publish","type":"product","link":"https:\/\/koningdrone.be\/fr\/produit\/insta360-one-r-mounting-bracket-w-accessory-sho\/","title":{"rendered":"Insta360 ONE R - Support de montage avec magasin d'accessoires"},"content":{"rendered":"<p>Le support de montage Insta360 ONE RS est un accessoire l\u00e9ger et durable con\u00e7u pour fixer solidement votre cam\u00e9ra Insta360 ONE RS \u00e0 divers supports. Fabriqu\u00e9 en polycarbonate et en polym\u00e8re charg\u00e9 de verre, il offre r\u00e9sistance et r\u00e9silience tout en conservant une forme compacte. Mesurant 78,3 x 60,9 x 28,9 mm et pesant seulement 34,8 grammes, il offre une solution fiable pour un positionnement stable de la cam\u00e9ra dans toute une s\u00e9rie de sc\u00e9narios de prise de vue.<\/p>","protected":false},"excerpt":{"rendered":"<ul>\n<li>Housse de protection \u00e0 ouverture rapide pour ONE RS avec ouverture lat\u00e9rale pratique.<\/li>\n<li>Installez et retirez votre appareil photo en un seul clic.<\/li>\n<li>Panneau de dissipation de la chaleur pour garder votre appareil photo au frais.<\/li>\n<li>Microphone \u00e0 bonnette int\u00e9gr\u00e9.<\/li>\n<li>Remarque : Ce support n'est compatible qu'avec le porte-batterie ONE RS.<\/li>\n<li>Comprend un support de montage ONE RS.<\/li>\n<\/ul>","protected":false},"featured_media":2514,"template":"","meta":{"_acf_changed":false},"product_brand":[],"product_cat":[97,343],"product_tag":[],"class_list":{"0":"post-2518","1":"product","2":"type-product","3":"status-publish","4":"has-post-thumbnail","6":"product_cat-alle-producten","7":"product_cat-insta360","8":"product_shipping_class-outofstock","9":"pa_brand-insta360","10":"pa_productfamily-montagebeugel","11":"pa_producttype-montagebeugel","12":"pa_series-insta360-go","14":"first","15":"outofstock","16":"taxable","17":"shipping-taxable","18":"product-type-simple"},"acf":[],"yoast_head":"<!-- This site is optimized with the Yoast SEO Premium plugin v27.2 (Yoast SEO v27.2) - https:\/\/yoast.com\/product\/yoast-seo-premium-wordpress\/ -->\n<title>Insta360 ONE R - Mounting Bracket w\/ Accessory Sho - koningdrone.be<\/title>\n<meta name=\"robots\" content=\"index, follow, max-snippet:-1, max-image-preview:large, max-video-preview:-1\" \/>\n<link rel=\"canonical\" href=\"https:\/\/koningdrone.be\/fr\/produit\/insta360-one-r-mounting-bracket-w-accessory-sho\/\" \/>\n<meta property=\"og:locale\" content=\"fr_FR\" \/>\n<meta property=\"og:type\" content=\"article\" \/>\n<meta property=\"og:title\" content=\"Insta360 ONE R - Mounting Bracket w\/ Accessory Sho\" \/>\n<meta property=\"og:description\" content=\"Quick-release beschermhoes voor ONE RS met handige zijopening.Installeer en verwijder je camera met slechts \u00e9\u00e9n klik.Warmteafvoerpaneel om je camera koel te houden.Ingebouwd microfoonwindscherm.Opmerking: Deze beugel is alleen compatibel met de ONE RS batterijhouder.Inclusief 1x ONE RS montagebeugel.\" \/>\n<meta property=\"og:url\" content=\"https:\/\/koningdrone.be\/fr\/produit\/insta360-one-r-mounting-bracket-w-accessory-sho\/\" \/>\n<meta property=\"og:site_name\" content=\"koningdrone.be\" \/>\n<meta property=\"article:modified_time\" content=\"2026-04-30T09:20:12+00:00\" \/>\n<meta property=\"og:image\" content=\"https:\/\/koningdrone.be\/wp-content\/uploads\/sites\/13\/2025\/04\/\u8fb9\u6846\u66f4\u65b0_Frame_1.webp\" \/>\n\t<meta property=\"og:image:width\" content=\"780\" \/>\n\t<meta property=\"og:image:height\" content=\"780\" \/>\n\t<meta property=\"og:image:type\" content=\"image\/webp\" \/>\n<meta name=\"twitter:card\" content=\"summary_large_image\" \/>\n<script type=\"application\/ld+json\" class=\"yoast-schema-graph\">{\"@context\":\"https:\/\/schema.org\",\"@graph\":[{\"@type\":\"WebPage\",\"@id\":\"https:\/\/koningdrone.be\/product\/insta360-one-r-mounting-bracket-w-accessory-sho\/\",\"url\":\"https:\/\/koningdrone.be\/product\/insta360-one-r-mounting-bracket-w-accessory-sho\/\",\"name\":\"Insta360 ONE R - Mounting Bracket w\/ Accessory Sho - koningdrone.be\",\"isPartOf\":{\"@id\":\"https:\/\/koningdrone.be\/#website\"},\"primaryImageOfPage\":{\"@id\":\"https:\/\/koningdrone.be\/product\/insta360-one-r-mounting-bracket-w-accessory-sho\/#primaryimage\"},\"image\":{\"@id\":\"https:\/\/koningdrone.be\/product\/insta360-one-r-mounting-bracket-w-accessory-sho\/#primaryimage\"},\"thumbnailUrl\":\"https:\/\/koningdrone.be\/wp-content\/uploads\/sites\/13\/2025\/04\/\u8fb9\u6846\u66f4\u65b0_Frame_1.webp\",\"datePublished\":\"2024-09-18T08:28:01+00:00\",\"dateModified\":\"2026-04-30T09:20:12+00:00\",\"breadcrumb\":{\"@id\":\"https:\/\/koningdrone.be\/product\/insta360-one-r-mounting-bracket-w-accessory-sho\/#breadcrumb\"},\"inLanguage\":\"fr-BE\",\"potentialAction\":[{\"@type\":\"ReadAction\",\"target\":[\"https:\/\/koningdrone.be\/product\/insta360-one-r-mounting-bracket-w-accessory-sho\/\"]}]},{\"@type\":\"ImageObject\",\"inLanguage\":\"fr-BE\",\"@id\":\"https:\/\/koningdrone.be\/product\/insta360-one-r-mounting-bracket-w-accessory-sho\/#primaryimage\",\"url\":\"https:\/\/koningdrone.be\/wp-content\/uploads\/sites\/13\/2025\/04\/\u8fb9\u6846\u66f4\u65b0_Frame_1.webp\",\"contentUrl\":\"https:\/\/koningdrone.be\/wp-content\/uploads\/sites\/13\/2025\/04\/\u8fb9\u6846\u66f4\u65b0_Frame_1.webp\",\"width\":780,\"height\":780},{\"@type\":\"BreadcrumbList\",\"@id\":\"https:\/\/koningdrone.be\/product\/insta360-one-r-mounting-bracket-w-accessory-sho\/#breadcrumb\",\"itemListElement\":[{\"@type\":\"ListItem\",\"position\":1,\"name\":\"Home\",\"item\":\"https:\/\/koningdrone.be\/\"},{\"@type\":\"ListItem\",\"position\":2,\"name\":\"AVSS Parachute Recovery System for DJI Matrice 300\/350\",\"item\":\"https:\/\/koningdrone.be\/product\/avss-parachute-recovery-system-for-dji-matrice-300-350\/\"},{\"@type\":\"ListItem\",\"position\":3,\"name\":\"Alle producten\",\"item\":\"https:\/\/koningdrone.be\/categorie\/alle-producten\/\"},{\"@type\":\"ListItem\",\"position\":4,\"name\":\"Insta360 ONE R &#8211; Mounting Bracket w\/ Accessory Sho\"}]},{\"@type\":\"WebSite\",\"@id\":\"https:\/\/koningdrone.be\/#website\",\"url\":\"https:\/\/koningdrone.be\/\",\"name\":\"Koningdrone.be - Uw online specialist in drones, gimbals, camera's en power stations.\",\"description\":\"De webshop in drones en gimbals\",\"publisher\":{\"@id\":\"https:\/\/koningdrone.be\/#organization\"},\"potentialAction\":[{\"@type\":\"SearchAction\",\"target\":{\"@type\":\"EntryPoint\",\"urlTemplate\":\"https:\/\/koningdrone.be\/?s={search_term_string}\"},\"query-input\":{\"@type\":\"PropertyValueSpecification\",\"valueRequired\":true,\"valueName\":\"search_term_string\"}}],\"inLanguage\":\"fr-BE\"},{\"@type\":\"Organization\",\"@id\":\"https:\/\/koningdrone.be\/#organization\",\"name\":\"Koningdrone.be\",\"url\":\"https:\/\/koningdrone.be\/\",\"logo\":{\"@type\":\"ImageObject\",\"inLanguage\":\"fr-BE\",\"@id\":\"https:\/\/koningdrone.be\/#\/schema\/logo\/image\/\",\"url\":\"https:\/\/koningdrone.be\/wp-content\/uploads\/sites\/13\/2025\/04\/koningdrone-copyright-logo.svg\",\"contentUrl\":\"https:\/\/koningdrone.be\/wp-content\/uploads\/sites\/13\/2025\/04\/koningdrone-copyright-logo.svg\",\"width\":227,\"height\":38,\"caption\":\"Koningdrone.be\"},\"image\":{\"@id\":\"https:\/\/koningdrone.be\/#\/schema\/logo\/image\/\"}}]}<\/script>\n<!-- \/ Yoast SEO Premium plugin. -->","yoast_head_json":{"title":"Insta360 ONE R - Mounting Bracket w\/ Accessory Sho - koningdrone.be","robots":{"index":"index","follow":"follow","max-snippet":"max-snippet:-1","max-image-preview":"max-image-preview:large","max-video-preview":"max-video-preview:-1"},"canonical":"https:\/\/koningdrone.be\/fr\/produit\/insta360-one-r-mounting-bracket-w-accessory-sho\/","og_locale":"fr_FR","og_type":"article","og_title":"Insta360 ONE R - Mounting Bracket w\/ Accessory Sho","og_description":"Quick-release beschermhoes voor ONE RS met handige zijopening.Installeer en verwijder je camera met slechts \u00e9\u00e9n klik.Warmteafvoerpaneel om je camera koel te houden.Ingebouwd microfoonwindscherm.Opmerking: Deze beugel is alleen compatibel met de ONE RS batterijhouder.Inclusief 1x ONE RS montagebeugel.","og_url":"https:\/\/koningdrone.be\/fr\/produit\/insta360-one-r-mounting-bracket-w-accessory-sho\/","og_site_name":"koningdrone.be","article_modified_time":"2026-04-30T09:20:12+00:00","og_image":[{"width":780,"height":780,"url":"https:\/\/koningdrone.be\/wp-content\/uploads\/sites\/13\/2025\/04\/\u8fb9\u6846\u66f4\u65b0_Frame_1.webp","type":"image\/webp"}],"twitter_card":"summary_large_image","schema":{"@context":"https:\/\/schema.org","@graph":[{"@type":"WebPage","@id":"https:\/\/koningdrone.be\/product\/insta360-one-r-mounting-bracket-w-accessory-sho\/","url":"https:\/\/koningdrone.be\/product\/insta360-one-r-mounting-bracket-w-accessory-sho\/","name":"Insta360 ONE R - Mounting Bracket w\/ Accessory Sho - koningdrone.be","isPartOf":{"@id":"https:\/\/koningdrone.be\/#website"},"primaryImageOfPage":{"@id":"https:\/\/koningdrone.be\/product\/insta360-one-r-mounting-bracket-w-accessory-sho\/#primaryimage"},"image":{"@id":"https:\/\/koningdrone.be\/product\/insta360-one-r-mounting-bracket-w-accessory-sho\/#primaryimage"},"thumbnailUrl":"https:\/\/koningdrone.be\/wp-content\/uploads\/sites\/13\/2025\/04\/\u8fb9\u6846\u66f4\u65b0_Frame_1.webp","datePublished":"2024-09-18T08:28:01+00:00","dateModified":"2026-04-30T09:20:12+00:00","breadcrumb":{"@id":"https:\/\/koningdrone.be\/product\/insta360-one-r-mounting-bracket-w-accessory-sho\/#breadcrumb"},"inLanguage":"fr-BE","potentialAction":[{"@type":"ReadAction","target":["https:\/\/koningdrone.be\/product\/insta360-one-r-mounting-bracket-w-accessory-sho\/"]}]},{"@type":"ImageObject","inLanguage":"fr-BE","@id":"https:\/\/koningdrone.be\/product\/insta360-one-r-mounting-bracket-w-accessory-sho\/#primaryimage","url":"https:\/\/koningdrone.be\/wp-content\/uploads\/sites\/13\/2025\/04\/\u8fb9\u6846\u66f4\u65b0_Frame_1.webp","contentUrl":"https:\/\/koningdrone.be\/wp-content\/uploads\/sites\/13\/2025\/04\/\u8fb9\u6846\u66f4\u65b0_Frame_1.webp","width":780,"height":780},{"@type":"BreadcrumbList","@id":"https:\/\/koningdrone.be\/product\/insta360-one-r-mounting-bracket-w-accessory-sho\/#breadcrumb","itemListElement":[{"@type":"ListItem","position":1,"name":"Home","item":"https:\/\/koningdrone.be\/"},{"@type":"ListItem","position":2,"name":"AVSS Parachute Recovery System for DJI Matrice 300\/350","item":"https:\/\/koningdrone.be\/product\/avss-parachute-recovery-system-for-dji-matrice-300-350\/"},{"@type":"ListItem","position":3,"name":"Alle producten","item":"https:\/\/koningdrone.be\/categorie\/alle-producten\/"},{"@type":"ListItem","position":4,"name":"Insta360 ONE R &#8211; Mounting Bracket w\/ Accessory Sho"}]},{"@type":"WebSite","@id":"https:\/\/koningdrone.be\/#website","url":"https:\/\/koningdrone.be\/","name":"Koningdrone.be - Votre sp\u00e9cialiste en ligne en mati\u00e8re de drones, de cardans, de cam\u00e9ras et de centrales \u00e9lectriques.","description":"La boutique en ligne de drones et de cardans","publisher":{"@id":"https:\/\/koningdrone.be\/#organization"},"potentialAction":[{"@type":"SearchAction","target":{"@type":"EntryPoint","urlTemplate":"https:\/\/koningdrone.be\/?s={search_term_string}"},"query-input":{"@type":"PropertyValueSpecification","valueRequired":true,"valueName":"search_term_string"}}],"inLanguage":"fr-BE"},{"@type":"Organization","@id":"https:\/\/koningdrone.be\/#organization","name":"Kingdrone.co.uk","url":"https:\/\/koningdrone.be\/","logo":{"@type":"ImageObject","inLanguage":"fr-BE","@id":"https:\/\/koningdrone.be\/#\/schema\/logo\/image\/","url":"https:\/\/koningdrone.be\/wp-content\/uploads\/sites\/13\/2025\/04\/koningdrone-copyright-logo.svg","contentUrl":"https:\/\/koningdrone.be\/wp-content\/uploads\/sites\/13\/2025\/04\/koningdrone-copyright-logo.svg","width":227,"height":38,"caption":"Koningdrone.be"},"image":{"@id":"https:\/\/koningdrone.be\/#\/schema\/logo\/image\/"}}]}},"df_price":"","df_sale_price":"","df_regular_price":"","df_image_link":"https:\/\/koningdrone.be\/wp-content\/uploads\/sites\/13\/2025\/04\/\u8fb9\u6846\u66f4\u65b0_Frame_1-300x300.webp","_links":{"self":[{"href":"https:\/\/koningdrone.be\/fr\/wp-json\/wp\/v2\/product\/2518","targetHints":{"allow":["GET"]}}],"collection":[{"href":"https:\/\/koningdrone.be\/fr\/wp-json\/wp\/v2\/product"}],"about":[{"href":"https:\/\/koningdrone.be\/fr\/wp-json\/wp\/v2\/types\/product"}],"wp:featuredmedia":[{"embeddable":true,"href":"https:\/\/koningdrone.be\/fr\/wp-json\/wp\/v2\/media\/2514"}],"wp:attachment":[{"href":"https:\/\/koningdrone.be\/fr\/wp-json\/wp\/v2\/media?parent=2518"}],"wp:term":[{"taxonomy":"product_brand","embeddable":true,"href":"https:\/\/koningdrone.be\/fr\/wp-json\/wp\/v2\/product_brand?post=2518"},{"taxonomy":"product_cat","embeddable":true,"href":"https:\/\/koningdrone.be\/fr\/wp-json\/wp\/v2\/product_cat?post=2518"},{"taxonomy":"product_tag","embeddable":true,"href":"https:\/\/koningdrone.be\/fr\/wp-json\/wp\/v2\/product_tag?post=2518"}],"curies":[{"name":"wp","href":"https:\/\/api.w.org\/{rel}","templated":true}]}}