{"id":2497,"date":"2024-09-18T10:28:18","date_gmt":"2024-09-18T08:28:18","guid":{"rendered":"https:\/\/koningdrone.nl\/kon\/product\/insta360-multi-mount-tripod\/"},"modified":"2026-05-01T04:40:52","modified_gmt":"2026-05-01T02:40:52","slug":"insta360-multi-mount-tripod","status":"publish","type":"product","link":"https:\/\/koningdrone.be\/fr\/produit\/insta360-multi-mount-tripod\/","title":{"rendered":"Insta360 Multi Mount Tripod"},"content":{"rendered":"<p>Le Multi-Mount Insta360 est un accessoire polyvalent con\u00e7u pour \u00e9largir les options de montage de votre cam\u00e9ra. Il dispose de plusieurs points de fixation, ce qui vous permet de fixer en toute s\u00e9curit\u00e9 votre cam\u00e9ra Insta360 \u00e0 diff\u00e9rentes surfaces et objets. Que vous ayez besoin de fixer votre cam\u00e9ra \u00e0 un tr\u00e9pied, \u00e0 un poteau ou \u00e0 un autre \u00e9quipement, le Multi-Mount offre stabilit\u00e9 et flexibilit\u00e9 pour toute une s\u00e9rie de sc\u00e9narios de prise de vue. Sa construction durable garantit des performances fiables dans une vari\u00e9t\u00e9 d'environnements, ce qui en fait un outil essentiel pour capturer des images dynamiques et cr\u00e9atives.<\/p>","protected":false},"excerpt":{"rendered":"<ul>\n<li>Tout en un. Un tr\u00e9pied, un b\u00e2ton \u00e0 selfie et un bras magique combin\u00e9s en un seul appareil.<\/li>\n<li>Conception \u00e0 3 plis, r\u00e9glage de la longueur et de l'angle pour une plus grande polyvalence.<\/li>\n<li>Monture \u00e0 rotule enti\u00e8rement rotative pour le r\u00e9glage de l'angle de la cam\u00e9ra.<\/li>\n<li>En mode \"Mante\", accrochez votre appareil photo pour obtenir un nouvel angle de prise de vue.<\/li>\n<\/ul>","protected":false},"featured_media":2491,"template":"","meta":{"_acf_changed":false},"product_brand":[],"product_cat":[97,343],"product_tag":[],"class_list":{"0":"post-2497","1":"product","2":"type-product","3":"status-publish","4":"has-post-thumbnail","6":"product_cat-alle-producten","7":"product_cat-insta360","8":"product_shipping_class-europafotoall","9":"pa_brand-insta360","10":"pa_productfamily-driepoot","11":"pa_producttype-driepoot","12":"pa_series-insta360-go","14":"first","15":"instock","16":"taxable","17":"shipping-taxable","18":"purchasable","19":"product-type-simple"},"acf":[],"yoast_head":"<!-- This site is optimized with the Yoast SEO Premium plugin v27.2 (Yoast SEO v27.2) - https:\/\/yoast.com\/product\/yoast-seo-premium-wordpress\/ -->\n<title>Insta360 Multi Mount Tripod - koningdrone.be<\/title>\n<meta name=\"robots\" content=\"index, follow, max-snippet:-1, max-image-preview:large, max-video-preview:-1\" \/>\n<link rel=\"canonical\" href=\"https:\/\/koningdrone.be\/fr\/produit\/insta360-multi-mount-tripod\/\" \/>\n<meta property=\"og:locale\" content=\"fr_FR\" \/>\n<meta property=\"og:type\" content=\"article\" \/>\n<meta property=\"og:title\" content=\"Insta360 Multi Mount Tripod\" \/>\n<meta property=\"og:description\" content=\"Alles in \u00e9\u00e9n. Gecombineerd statief, selfiestick en magische arm in \u00e9\u00e9n.3-voudig vouwontwerp, volledige lengte- en hoekaanpassingen voor veelzijdigheid.Volledig draaibare kogelgewrichtbevestiging voor aanpassing van de camerahoek.\u201cMantis\u201d modus, hang je camera op voor een nieuwe opnamehoek.\" \/>\n<meta property=\"og:url\" content=\"https:\/\/koningdrone.be\/fr\/produit\/insta360-multi-mount-tripod\/\" \/>\n<meta property=\"og:site_name\" content=\"koningdrone.be\" \/>\n<meta property=\"article:modified_time\" content=\"2026-05-01T02:40:52+00:00\" \/>\n<meta property=\"og:image\" content=\"https:\/\/koningdrone.be\/wp-content\/uploads\/sites\/13\/2025\/04\/2673_40e52546-e31d-4496-9982-26b2ba10eb66.webp\" \/>\n\t<meta property=\"og:image:width\" content=\"1280\" \/>\n\t<meta property=\"og:image:height\" content=\"1280\" \/>\n\t<meta property=\"og:image:type\" content=\"image\/webp\" \/>\n<meta name=\"twitter:card\" content=\"summary_large_image\" \/>\n<script type=\"application\/ld+json\" class=\"yoast-schema-graph\">{\"@context\":\"https:\/\/schema.org\",\"@graph\":[{\"@type\":\"WebPage\",\"@id\":\"https:\/\/koningdrone.be\/product\/insta360-multi-mount-tripod\/\",\"url\":\"https:\/\/koningdrone.be\/product\/insta360-multi-mount-tripod\/\",\"name\":\"Insta360 Multi Mount Tripod - koningdrone.be\",\"isPartOf\":{\"@id\":\"https:\/\/koningdrone.be\/#website\"},\"primaryImageOfPage\":{\"@id\":\"https:\/\/koningdrone.be\/product\/insta360-multi-mount-tripod\/#primaryimage\"},\"image\":{\"@id\":\"https:\/\/koningdrone.be\/product\/insta360-multi-mount-tripod\/#primaryimage\"},\"thumbnailUrl\":\"https:\/\/koningdrone.be\/wp-content\/uploads\/sites\/13\/2025\/04\/2673_40e52546-e31d-4496-9982-26b2ba10eb66.webp\",\"datePublished\":\"2024-09-18T08:28:18+00:00\",\"dateModified\":\"2026-05-01T02:40:52+00:00\",\"breadcrumb\":{\"@id\":\"https:\/\/koningdrone.be\/product\/insta360-multi-mount-tripod\/#breadcrumb\"},\"inLanguage\":\"fr-BE\",\"potentialAction\":[{\"@type\":\"ReadAction\",\"target\":[\"https:\/\/koningdrone.be\/product\/insta360-multi-mount-tripod\/\"]}]},{\"@type\":\"ImageObject\",\"inLanguage\":\"fr-BE\",\"@id\":\"https:\/\/koningdrone.be\/product\/insta360-multi-mount-tripod\/#primaryimage\",\"url\":\"https:\/\/koningdrone.be\/wp-content\/uploads\/sites\/13\/2025\/04\/2673_40e52546-e31d-4496-9982-26b2ba10eb66.webp\",\"contentUrl\":\"https:\/\/koningdrone.be\/wp-content\/uploads\/sites\/13\/2025\/04\/2673_40e52546-e31d-4496-9982-26b2ba10eb66.webp\",\"width\":1280,\"height\":1280},{\"@type\":\"BreadcrumbList\",\"@id\":\"https:\/\/koningdrone.be\/product\/insta360-multi-mount-tripod\/#breadcrumb\",\"itemListElement\":[{\"@type\":\"ListItem\",\"position\":1,\"name\":\"Home\",\"item\":\"https:\/\/koningdrone.be\/\"},{\"@type\":\"ListItem\",\"position\":2,\"name\":\"AVSS Parachute Recovery System for DJI Matrice 300\/350\",\"item\":\"https:\/\/koningdrone.be\/product\/avss-parachute-recovery-system-for-dji-matrice-300-350\/\"},{\"@type\":\"ListItem\",\"position\":3,\"name\":\"Alle producten\",\"item\":\"https:\/\/koningdrone.be\/categorie\/alle-producten\/\"},{\"@type\":\"ListItem\",\"position\":4,\"name\":\"Insta360 Multi Mount Tripod\"}]},{\"@type\":\"WebSite\",\"@id\":\"https:\/\/koningdrone.be\/#website\",\"url\":\"https:\/\/koningdrone.be\/\",\"name\":\"Koningdrone.be - Uw online specialist in drones, gimbals, camera's en power stations.\",\"description\":\"De webshop in drones en gimbals\",\"publisher\":{\"@id\":\"https:\/\/koningdrone.be\/#organization\"},\"potentialAction\":[{\"@type\":\"SearchAction\",\"target\":{\"@type\":\"EntryPoint\",\"urlTemplate\":\"https:\/\/koningdrone.be\/?s={search_term_string}\"},\"query-input\":{\"@type\":\"PropertyValueSpecification\",\"valueRequired\":true,\"valueName\":\"search_term_string\"}}],\"inLanguage\":\"fr-BE\"},{\"@type\":\"Organization\",\"@id\":\"https:\/\/koningdrone.be\/#organization\",\"name\":\"Koningdrone.be\",\"url\":\"https:\/\/koningdrone.be\/\",\"logo\":{\"@type\":\"ImageObject\",\"inLanguage\":\"fr-BE\",\"@id\":\"https:\/\/koningdrone.be\/#\/schema\/logo\/image\/\",\"url\":\"https:\/\/koningdrone.be\/wp-content\/uploads\/sites\/13\/2025\/04\/koningdrone-copyright-logo.svg\",\"contentUrl\":\"https:\/\/koningdrone.be\/wp-content\/uploads\/sites\/13\/2025\/04\/koningdrone-copyright-logo.svg\",\"width\":227,\"height\":38,\"caption\":\"Koningdrone.be\"},\"image\":{\"@id\":\"https:\/\/koningdrone.be\/#\/schema\/logo\/image\/\"}}]}<\/script>\n<!-- \/ Yoast SEO Premium plugin. -->","yoast_head_json":{"title":"Insta360 Multi Mount Tripod - koningdrone.be","robots":{"index":"index","follow":"follow","max-snippet":"max-snippet:-1","max-image-preview":"max-image-preview:large","max-video-preview":"max-video-preview:-1"},"canonical":"https:\/\/koningdrone.be\/fr\/produit\/insta360-multi-mount-tripod\/","og_locale":"fr_FR","og_type":"article","og_title":"Insta360 Multi Mount Tripod","og_description":"Alles in \u00e9\u00e9n. Gecombineerd statief, selfiestick en magische arm in \u00e9\u00e9n.3-voudig vouwontwerp, volledige lengte- en hoekaanpassingen voor veelzijdigheid.Volledig draaibare kogelgewrichtbevestiging voor aanpassing van de camerahoek.\u201cMantis\u201d modus, hang je camera op voor een nieuwe opnamehoek.","og_url":"https:\/\/koningdrone.be\/fr\/produit\/insta360-multi-mount-tripod\/","og_site_name":"koningdrone.be","article_modified_time":"2026-05-01T02:40:52+00:00","og_image":[{"width":1280,"height":1280,"url":"https:\/\/koningdrone.be\/wp-content\/uploads\/sites\/13\/2025\/04\/2673_40e52546-e31d-4496-9982-26b2ba10eb66.webp","type":"image\/webp"}],"twitter_card":"summary_large_image","schema":{"@context":"https:\/\/schema.org","@graph":[{"@type":"WebPage","@id":"https:\/\/koningdrone.be\/product\/insta360-multi-mount-tripod\/","url":"https:\/\/koningdrone.be\/product\/insta360-multi-mount-tripod\/","name":"Insta360 Multi Mount Tripod - koningdrone.be","isPartOf":{"@id":"https:\/\/koningdrone.be\/#website"},"primaryImageOfPage":{"@id":"https:\/\/koningdrone.be\/product\/insta360-multi-mount-tripod\/#primaryimage"},"image":{"@id":"https:\/\/koningdrone.be\/product\/insta360-multi-mount-tripod\/#primaryimage"},"thumbnailUrl":"https:\/\/koningdrone.be\/wp-content\/uploads\/sites\/13\/2025\/04\/2673_40e52546-e31d-4496-9982-26b2ba10eb66.webp","datePublished":"2024-09-18T08:28:18+00:00","dateModified":"2026-05-01T02:40:52+00:00","breadcrumb":{"@id":"https:\/\/koningdrone.be\/product\/insta360-multi-mount-tripod\/#breadcrumb"},"inLanguage":"fr-BE","potentialAction":[{"@type":"ReadAction","target":["https:\/\/koningdrone.be\/product\/insta360-multi-mount-tripod\/"]}]},{"@type":"ImageObject","inLanguage":"fr-BE","@id":"https:\/\/koningdrone.be\/product\/insta360-multi-mount-tripod\/#primaryimage","url":"https:\/\/koningdrone.be\/wp-content\/uploads\/sites\/13\/2025\/04\/2673_40e52546-e31d-4496-9982-26b2ba10eb66.webp","contentUrl":"https:\/\/koningdrone.be\/wp-content\/uploads\/sites\/13\/2025\/04\/2673_40e52546-e31d-4496-9982-26b2ba10eb66.webp","width":1280,"height":1280},{"@type":"BreadcrumbList","@id":"https:\/\/koningdrone.be\/product\/insta360-multi-mount-tripod\/#breadcrumb","itemListElement":[{"@type":"ListItem","position":1,"name":"Home","item":"https:\/\/koningdrone.be\/"},{"@type":"ListItem","position":2,"name":"AVSS Parachute Recovery System for DJI Matrice 300\/350","item":"https:\/\/koningdrone.be\/product\/avss-parachute-recovery-system-for-dji-matrice-300-350\/"},{"@type":"ListItem","position":3,"name":"Alle producten","item":"https:\/\/koningdrone.be\/categorie\/alle-producten\/"},{"@type":"ListItem","position":4,"name":"Insta360 Multi Mount Tripod"}]},{"@type":"WebSite","@id":"https:\/\/koningdrone.be\/#website","url":"https:\/\/koningdrone.be\/","name":"Koningdrone.be - Votre sp\u00e9cialiste en ligne en mati\u00e8re de drones, de cardans, de cam\u00e9ras et de centrales \u00e9lectriques.","description":"La boutique en ligne de drones et de cardans","publisher":{"@id":"https:\/\/koningdrone.be\/#organization"},"potentialAction":[{"@type":"SearchAction","target":{"@type":"EntryPoint","urlTemplate":"https:\/\/koningdrone.be\/?s={search_term_string}"},"query-input":{"@type":"PropertyValueSpecification","valueRequired":true,"valueName":"search_term_string"}}],"inLanguage":"fr-BE"},{"@type":"Organization","@id":"https:\/\/koningdrone.be\/#organization","name":"Kingdrone.co.uk","url":"https:\/\/koningdrone.be\/","logo":{"@type":"ImageObject","inLanguage":"fr-BE","@id":"https:\/\/koningdrone.be\/#\/schema\/logo\/image\/","url":"https:\/\/koningdrone.be\/wp-content\/uploads\/sites\/13\/2025\/04\/koningdrone-copyright-logo.svg","contentUrl":"https:\/\/koningdrone.be\/wp-content\/uploads\/sites\/13\/2025\/04\/koningdrone-copyright-logo.svg","width":227,"height":38,"caption":"Koningdrone.be"},"image":{"@id":"https:\/\/koningdrone.be\/#\/schema\/logo\/image\/"}}]}},"df_price":61,"df_sale_price":"","df_regular_price":61,"df_image_link":"https:\/\/koningdrone.be\/wp-content\/uploads\/sites\/13\/2025\/04\/2673_40e52546-e31d-4496-9982-26b2ba10eb66-300x300.webp","_links":{"self":[{"href":"https:\/\/koningdrone.be\/fr\/wp-json\/wp\/v2\/product\/2497","targetHints":{"allow":["GET"]}}],"collection":[{"href":"https:\/\/koningdrone.be\/fr\/wp-json\/wp\/v2\/product"}],"about":[{"href":"https:\/\/koningdrone.be\/fr\/wp-json\/wp\/v2\/types\/product"}],"wp:featuredmedia":[{"embeddable":true,"href":"https:\/\/koningdrone.be\/fr\/wp-json\/wp\/v2\/media\/2491"}],"wp:attachment":[{"href":"https:\/\/koningdrone.be\/fr\/wp-json\/wp\/v2\/media?parent=2497"}],"wp:term":[{"taxonomy":"product_brand","embeddable":true,"href":"https:\/\/koningdrone.be\/fr\/wp-json\/wp\/v2\/product_brand?post=2497"},{"taxonomy":"product_cat","embeddable":true,"href":"https:\/\/koningdrone.be\/fr\/wp-json\/wp\/v2\/product_cat?post=2497"},{"taxonomy":"product_tag","embeddable":true,"href":"https:\/\/koningdrone.be\/fr\/wp-json\/wp\/v2\/product_tag?post=2497"}],"curies":[{"name":"wp","href":"https:\/\/api.w.org\/{rel}","templated":true}]}}