{"id":2428,"date":"2024-09-18T10:28:59","date_gmt":"2024-09-18T08:28:59","guid":{"rendered":"https:\/\/koningdrone.nl\/kon\/product\/insta360-x3-memory-card-64gb\/"},"modified":"2026-04-30T11:20:27","modified_gmt":"2026-04-30T09:20:27","slug":"insta360-x3-memory-card-64gb","status":"publish","type":"product","link":"https:\/\/koningdrone.be\/fr\/produit\/insta360-x3-memory-card-64gb\/","title":{"rendered":"Carte m\u00e9moire Insta360 X3 64GB"},"content":{"rendered":"<p>La carte m\u00e9moire Insta360 est une solution de stockage de haute qualit\u00e9 con\u00e7ue pour compl\u00e9ter votre \u00e9quipement de cam\u00e9ra Insta360. Con\u00e7ue pour une int\u00e9gration transparente, cette carte m\u00e9moire offre des vitesses de lecture et d'\u00e9criture rapides, garantissant un enregistrement vid\u00e9o haute r\u00e9solution fluide et un transfert de donn\u00e9es rapide. Sa grande capacit\u00e9 de stockage prend en charge les longues sessions d'enregistrement et offre un espace fiable pour le stockage de s\u00e9quences et d'images de haute qualit\u00e9. Id\u00e9ale pour capturer des contenus dynamiques et immersifs, la carte m\u00e9moire Insta360 est con\u00e7ue pour r\u00e9sister aux exigences des tournages professionnels et occasionnels, ce qui en fait un accessoire essentiel pour toute installation de cam\u00e9ra Insta360.<\/p>","protected":false},"excerpt":{"rendered":"<ul>\n<li>Fabriqu\u00e9 selon des sp\u00e9cifications parfaites pour un enregistrement vid\u00e9o ininterrompu avec votre cam\u00e9ra Insta360<\/li>\n<li>Carte m\u00e9moire officielle et approuv\u00e9e Insta360 \u00e0 utiliser avec tous les appareils compatibles Insta360 Micro SD<\/li>\n<li>La carte m\u00e9moire Insta360 64 Go permet de stocker environ 21800 photos ou 2,5 heures de vid\u00e9o 5,7K.<\/li>\n<li>La carte m\u00e9moire Insta360 64 Go offre environ 65 minutes d'enregistrement \u00e0 5,7K@30fps, 95 minutes \u00e0 4K@50fps, 150 minutes \u00e0 4K@30fps et 75 minutes \u00e0 3,5K@100fps.<\/li>\n<li>Pour obtenir syst\u00e9matiquement les meilleurs r\u00e9sultats avec votre cam\u00e9ra d'action Insta360, vous devez utiliser des cartes Micro SD UHS-I avec une vitesse d'au moins V30 et un format exFAT, sinon l'enregistrement peut s'arr\u00eater et les enregistrements peuvent \u00eatre corrompus par les cartes de stockage non \u00e9quivalentes.<\/li>\n<\/ul>","protected":false},"featured_media":2427,"template":"","meta":{"_acf_changed":false},"product_brand":[],"product_cat":[97,343],"product_tag":[],"class_list":{"0":"post-2428","1":"product","2":"type-product","3":"status-publish","4":"has-post-thumbnail","6":"product_cat-alle-producten","7":"product_cat-insta360","8":"product_shipping_class-outofstock","9":"pa_brand-insta360","10":"pa_productfamily-geheugenkaart","11":"pa_producttype-geheugenkaart","12":"pa_series-insta360-go","14":"first","15":"outofstock","16":"taxable","17":"shipping-taxable","18":"product-type-simple"},"acf":[],"yoast_head":"<!-- This site is optimized with the Yoast SEO Premium plugin v27.2 (Yoast SEO v27.2) - https:\/\/yoast.com\/product\/yoast-seo-premium-wordpress\/ -->\n<title>Insta360 X3 Memory Card 64GB - koningdrone.be<\/title>\n<meta name=\"robots\" content=\"index, follow, max-snippet:-1, max-image-preview:large, max-video-preview:-1\" \/>\n<link rel=\"canonical\" href=\"https:\/\/koningdrone.be\/fr\/produit\/insta360-x3-memory-card-64gb\/\" \/>\n<meta property=\"og:locale\" content=\"fr_FR\" \/>\n<meta property=\"og:type\" content=\"article\" \/>\n<meta property=\"og:title\" content=\"Insta360 X3 Memory Card 64GB\" \/>\n<meta property=\"og:description\" content=\"Vervaardigd volgens de perfecte specificaties voor ononderbroken video-opnamen met uw Insta360-cameraInsta360 offici\u00eble en goedgekeurde geheugenkaart voor gebruik met alle Insta360 Micro SD compatibele apparatenOp de Insta360 64 GB geheugenkaart kunnen ongeveer 21800 foto&#039;s of 2,5 uur 5,7K video worden opgeslagen.De Insta360 64GB geheugenkaart biedt ongeveer 65 minuten opname bij 5.7K@30fps, 95 minuten bij 4K@50fps, 150 minuten bij 4K@30fps en 75 minuten bij 3.5K@100fps.Om consistent de beste resultaten te behalen met je Insta360 actiecamera moet je UHS-I Micro SD-kaarten gebruiken met een snelheidsklasse van V30 of hoger en een exFAT-indeling, anders kan het opnemen stoppen en kunnen de opnamen beschadigd raken door de niet-gelijkwaardige opslagkaarten.\" \/>\n<meta property=\"og:url\" content=\"https:\/\/koningdrone.be\/fr\/produit\/insta360-x3-memory-card-64gb\/\" \/>\n<meta property=\"og:site_name\" content=\"koningdrone.be\" \/>\n<meta property=\"article:modified_time\" content=\"2026-04-30T09:20:27+00:00\" \/>\n<meta property=\"og:image\" content=\"https:\/\/koningdrone.be\/wp-content\/uploads\/sites\/13\/2025\/04\/2831_02f21909-57d9-4643-88f3-bf0731b3a384.webp\" \/>\n\t<meta property=\"og:image:width\" content=\"1280\" \/>\n\t<meta property=\"og:image:height\" content=\"1280\" \/>\n\t<meta property=\"og:image:type\" content=\"image\/webp\" \/>\n<meta name=\"twitter:card\" content=\"summary_large_image\" \/>\n<meta name=\"twitter:label1\" content=\"Dur\u00e9e de lecture est.\" \/>\n\t<meta name=\"twitter:data1\" content=\"1 minute\" \/>\n<script type=\"application\/ld+json\" class=\"yoast-schema-graph\">{\"@context\":\"https:\/\/schema.org\",\"@graph\":[{\"@type\":\"WebPage\",\"@id\":\"https:\/\/koningdrone.be\/product\/insta360-x3-memory-card-64gb\/\",\"url\":\"https:\/\/koningdrone.be\/product\/insta360-x3-memory-card-64gb\/\",\"name\":\"Insta360 X3 Memory Card 64GB - koningdrone.be\",\"isPartOf\":{\"@id\":\"https:\/\/koningdrone.be\/#website\"},\"primaryImageOfPage\":{\"@id\":\"https:\/\/koningdrone.be\/product\/insta360-x3-memory-card-64gb\/#primaryimage\"},\"image\":{\"@id\":\"https:\/\/koningdrone.be\/product\/insta360-x3-memory-card-64gb\/#primaryimage\"},\"thumbnailUrl\":\"https:\/\/koningdrone.be\/wp-content\/uploads\/sites\/13\/2025\/04\/2831_02f21909-57d9-4643-88f3-bf0731b3a384.webp\",\"datePublished\":\"2024-09-18T08:28:59+00:00\",\"dateModified\":\"2026-04-30T09:20:27+00:00\",\"breadcrumb\":{\"@id\":\"https:\/\/koningdrone.be\/product\/insta360-x3-memory-card-64gb\/#breadcrumb\"},\"inLanguage\":\"fr-BE\",\"potentialAction\":[{\"@type\":\"ReadAction\",\"target\":[\"https:\/\/koningdrone.be\/product\/insta360-x3-memory-card-64gb\/\"]}]},{\"@type\":\"ImageObject\",\"inLanguage\":\"fr-BE\",\"@id\":\"https:\/\/koningdrone.be\/product\/insta360-x3-memory-card-64gb\/#primaryimage\",\"url\":\"https:\/\/koningdrone.be\/wp-content\/uploads\/sites\/13\/2025\/04\/2831_02f21909-57d9-4643-88f3-bf0731b3a384.webp\",\"contentUrl\":\"https:\/\/koningdrone.be\/wp-content\/uploads\/sites\/13\/2025\/04\/2831_02f21909-57d9-4643-88f3-bf0731b3a384.webp\",\"width\":1280,\"height\":1280},{\"@type\":\"BreadcrumbList\",\"@id\":\"https:\/\/koningdrone.be\/product\/insta360-x3-memory-card-64gb\/#breadcrumb\",\"itemListElement\":[{\"@type\":\"ListItem\",\"position\":1,\"name\":\"Home\",\"item\":\"https:\/\/koningdrone.be\/\"},{\"@type\":\"ListItem\",\"position\":2,\"name\":\"AVSS Parachute Recovery System for DJI Matrice 300\/350\",\"item\":\"https:\/\/koningdrone.be\/product\/avss-parachute-recovery-system-for-dji-matrice-300-350\/\"},{\"@type\":\"ListItem\",\"position\":3,\"name\":\"Alle producten\",\"item\":\"https:\/\/koningdrone.be\/categorie\/alle-producten\/\"},{\"@type\":\"ListItem\",\"position\":4,\"name\":\"Insta360 X3 Memory Card 64GB\"}]},{\"@type\":\"WebSite\",\"@id\":\"https:\/\/koningdrone.be\/#website\",\"url\":\"https:\/\/koningdrone.be\/\",\"name\":\"Koningdrone.be - Uw online specialist in drones, gimbals, camera's en power stations.\",\"description\":\"De webshop in drones en gimbals\",\"publisher\":{\"@id\":\"https:\/\/koningdrone.be\/#organization\"},\"potentialAction\":[{\"@type\":\"SearchAction\",\"target\":{\"@type\":\"EntryPoint\",\"urlTemplate\":\"https:\/\/koningdrone.be\/?s={search_term_string}\"},\"query-input\":{\"@type\":\"PropertyValueSpecification\",\"valueRequired\":true,\"valueName\":\"search_term_string\"}}],\"inLanguage\":\"fr-BE\"},{\"@type\":\"Organization\",\"@id\":\"https:\/\/koningdrone.be\/#organization\",\"name\":\"Koningdrone.be\",\"url\":\"https:\/\/koningdrone.be\/\",\"logo\":{\"@type\":\"ImageObject\",\"inLanguage\":\"fr-BE\",\"@id\":\"https:\/\/koningdrone.be\/#\/schema\/logo\/image\/\",\"url\":\"https:\/\/koningdrone.be\/wp-content\/uploads\/sites\/13\/2025\/04\/koningdrone-copyright-logo.svg\",\"contentUrl\":\"https:\/\/koningdrone.be\/wp-content\/uploads\/sites\/13\/2025\/04\/koningdrone-copyright-logo.svg\",\"width\":227,\"height\":38,\"caption\":\"Koningdrone.be\"},\"image\":{\"@id\":\"https:\/\/koningdrone.be\/#\/schema\/logo\/image\/\"}}]}<\/script>\n<!-- \/ Yoast SEO Premium plugin. -->","yoast_head_json":{"title":"Insta360 X3 Memory Card 64GB - koningdrone.be","robots":{"index":"index","follow":"follow","max-snippet":"max-snippet:-1","max-image-preview":"max-image-preview:large","max-video-preview":"max-video-preview:-1"},"canonical":"https:\/\/koningdrone.be\/fr\/produit\/insta360-x3-memory-card-64gb\/","og_locale":"fr_FR","og_type":"article","og_title":"Insta360 X3 Memory Card 64GB","og_description":"Vervaardigd volgens de perfecte specificaties voor ononderbroken video-opnamen met uw Insta360-cameraInsta360 offici\u00eble en goedgekeurde geheugenkaart voor gebruik met alle Insta360 Micro SD compatibele apparatenOp de Insta360 64 GB geheugenkaart kunnen ongeveer 21800 foto's of 2,5 uur 5,7K video worden opgeslagen.De Insta360 64GB geheugenkaart biedt ongeveer 65 minuten opname bij 5.7K@30fps, 95 minuten bij 4K@50fps, 150 minuten bij 4K@30fps en 75 minuten bij 3.5K@100fps.Om consistent de beste resultaten te behalen met je Insta360 actiecamera moet je UHS-I Micro SD-kaarten gebruiken met een snelheidsklasse van V30 of hoger en een exFAT-indeling, anders kan het opnemen stoppen en kunnen de opnamen beschadigd raken door de niet-gelijkwaardige opslagkaarten.","og_url":"https:\/\/koningdrone.be\/fr\/produit\/insta360-x3-memory-card-64gb\/","og_site_name":"koningdrone.be","article_modified_time":"2026-04-30T09:20:27+00:00","og_image":[{"width":1280,"height":1280,"url":"https:\/\/koningdrone.be\/wp-content\/uploads\/sites\/13\/2025\/04\/2831_02f21909-57d9-4643-88f3-bf0731b3a384.webp","type":"image\/webp"}],"twitter_card":"summary_large_image","twitter_misc":{"Dur\u00e9e de lecture est.":"1 minute"},"schema":{"@context":"https:\/\/schema.org","@graph":[{"@type":"WebPage","@id":"https:\/\/koningdrone.be\/product\/insta360-x3-memory-card-64gb\/","url":"https:\/\/koningdrone.be\/product\/insta360-x3-memory-card-64gb\/","name":"Insta360 X3 Memory Card 64GB - koningdrone.be","isPartOf":{"@id":"https:\/\/koningdrone.be\/#website"},"primaryImageOfPage":{"@id":"https:\/\/koningdrone.be\/product\/insta360-x3-memory-card-64gb\/#primaryimage"},"image":{"@id":"https:\/\/koningdrone.be\/product\/insta360-x3-memory-card-64gb\/#primaryimage"},"thumbnailUrl":"https:\/\/koningdrone.be\/wp-content\/uploads\/sites\/13\/2025\/04\/2831_02f21909-57d9-4643-88f3-bf0731b3a384.webp","datePublished":"2024-09-18T08:28:59+00:00","dateModified":"2026-04-30T09:20:27+00:00","breadcrumb":{"@id":"https:\/\/koningdrone.be\/product\/insta360-x3-memory-card-64gb\/#breadcrumb"},"inLanguage":"fr-BE","potentialAction":[{"@type":"ReadAction","target":["https:\/\/koningdrone.be\/product\/insta360-x3-memory-card-64gb\/"]}]},{"@type":"ImageObject","inLanguage":"fr-BE","@id":"https:\/\/koningdrone.be\/product\/insta360-x3-memory-card-64gb\/#primaryimage","url":"https:\/\/koningdrone.be\/wp-content\/uploads\/sites\/13\/2025\/04\/2831_02f21909-57d9-4643-88f3-bf0731b3a384.webp","contentUrl":"https:\/\/koningdrone.be\/wp-content\/uploads\/sites\/13\/2025\/04\/2831_02f21909-57d9-4643-88f3-bf0731b3a384.webp","width":1280,"height":1280},{"@type":"BreadcrumbList","@id":"https:\/\/koningdrone.be\/product\/insta360-x3-memory-card-64gb\/#breadcrumb","itemListElement":[{"@type":"ListItem","position":1,"name":"Home","item":"https:\/\/koningdrone.be\/"},{"@type":"ListItem","position":2,"name":"AVSS Parachute Recovery System for DJI Matrice 300\/350","item":"https:\/\/koningdrone.be\/product\/avss-parachute-recovery-system-for-dji-matrice-300-350\/"},{"@type":"ListItem","position":3,"name":"Alle producten","item":"https:\/\/koningdrone.be\/categorie\/alle-producten\/"},{"@type":"ListItem","position":4,"name":"Insta360 X3 Memory Card 64GB"}]},{"@type":"WebSite","@id":"https:\/\/koningdrone.be\/#website","url":"https:\/\/koningdrone.be\/","name":"Koningdrone.be - Votre sp\u00e9cialiste en ligne en mati\u00e8re de drones, de cardans, de cam\u00e9ras et de centrales \u00e9lectriques.","description":"La boutique en ligne de drones et de cardans","publisher":{"@id":"https:\/\/koningdrone.be\/#organization"},"potentialAction":[{"@type":"SearchAction","target":{"@type":"EntryPoint","urlTemplate":"https:\/\/koningdrone.be\/?s={search_term_string}"},"query-input":{"@type":"PropertyValueSpecification","valueRequired":true,"valueName":"search_term_string"}}],"inLanguage":"fr-BE"},{"@type":"Organization","@id":"https:\/\/koningdrone.be\/#organization","name":"Kingdrone.co.uk","url":"https:\/\/koningdrone.be\/","logo":{"@type":"ImageObject","inLanguage":"fr-BE","@id":"https:\/\/koningdrone.be\/#\/schema\/logo\/image\/","url":"https:\/\/koningdrone.be\/wp-content\/uploads\/sites\/13\/2025\/04\/koningdrone-copyright-logo.svg","contentUrl":"https:\/\/koningdrone.be\/wp-content\/uploads\/sites\/13\/2025\/04\/koningdrone-copyright-logo.svg","width":227,"height":38,"caption":"Koningdrone.be"},"image":{"@id":"https:\/\/koningdrone.be\/#\/schema\/logo\/image\/"}}]}},"df_price":"","df_sale_price":"","df_regular_price":"","df_image_link":"https:\/\/koningdrone.be\/wp-content\/uploads\/sites\/13\/2025\/04\/2831_02f21909-57d9-4643-88f3-bf0731b3a384-300x300.webp","_links":{"self":[{"href":"https:\/\/koningdrone.be\/fr\/wp-json\/wp\/v2\/product\/2428","targetHints":{"allow":["GET"]}}],"collection":[{"href":"https:\/\/koningdrone.be\/fr\/wp-json\/wp\/v2\/product"}],"about":[{"href":"https:\/\/koningdrone.be\/fr\/wp-json\/wp\/v2\/types\/product"}],"wp:featuredmedia":[{"embeddable":true,"href":"https:\/\/koningdrone.be\/fr\/wp-json\/wp\/v2\/media\/2427"}],"wp:attachment":[{"href":"https:\/\/koningdrone.be\/fr\/wp-json\/wp\/v2\/media?parent=2428"}],"wp:term":[{"taxonomy":"product_brand","embeddable":true,"href":"https:\/\/koningdrone.be\/fr\/wp-json\/wp\/v2\/product_brand?post=2428"},{"taxonomy":"product_cat","embeddable":true,"href":"https:\/\/koningdrone.be\/fr\/wp-json\/wp\/v2\/product_cat?post=2428"},{"taxonomy":"product_tag","embeddable":true,"href":"https:\/\/koningdrone.be\/fr\/wp-json\/wp\/v2\/product_tag?post=2428"}],"curies":[{"name":"wp","href":"https:\/\/api.w.org\/{rel}","templated":true}]}}