{"id":2409,"date":"2024-09-18T10:29:04","date_gmt":"2024-09-18T08:29:04","guid":{"rendered":"https:\/\/koningdrone.nl\/kon\/product\/insta360-gps-preview-remote\/"},"modified":"2026-04-29T11:10:45","modified_gmt":"2026-04-29T09:10:45","slug":"insta360-gps-preview-remote","status":"publish","type":"product","link":"https:\/\/koningdrone.be\/fr\/produit\/insta360-gps-preview-remote\/","title":{"rendered":"T\u00e9l\u00e9commande de pr\u00e9visualisation GPS Insta360"},"content":{"rendered":"<p>La t\u00e9l\u00e9commande de pr\u00e9visualisation GPS Insta360 est un accessoire compact et polyvalent con\u00e7u pour am\u00e9liorer votre exp\u00e9rience de tournage avec les cam\u00e9ras Insta360. Cette t\u00e9l\u00e9commande vous permet de visualiser les donn\u00e9es GPS en direct et de g\u00e9rer les param\u00e8tres de votre cam\u00e9ra \u00e0 distance, vous donnant ainsi des informations en temps r\u00e9el sur votre position et vos mouvements. Avec son interface conviviale et sa connectivit\u00e9 sans fil, cette t\u00e9l\u00e9commande est parfaite pour les prises de vue dynamiques et le contr\u00f4le pr\u00e9cis de votre cam\u00e9ra lors de vos aventures. Que vous filmiez dans des conditions extr\u00eames ou que vous souhaitiez visualiser vos images \u00e0 distance, la t\u00e9l\u00e9commande GPS Preview est un outil indispensable pour tous les passionn\u00e9s d'Insta360.<\/p>","protected":false},"excerpt":{"rendered":"<ul>\n<li>R\u00e9glez les param\u00e8tres \u00e0 distance, pr\u00e9visualisez votre prise de vue en temps r\u00e9el et contr\u00f4lez l'appareil photo.<\/li>\n<li>Avec X4, un aper\u00e7u est disponible pour l'ensemble de l'image \u00e0 360\u00b0.<\/li>\n<li>Utilise diff\u00e9rents syst\u00e8mes GNSS pour am\u00e9liorer la qualit\u00e9 et la pr\u00e9cision des donn\u00e9es (GPS, BeiDou, Galileo et GLONASS).<\/li>\n<li>Ajoutez des donn\u00e9es de tableau de bord pr\u00e9cises \u00e0 vos vid\u00e9os dans l'application Insta360 ou dans le Studio.<\/li>\n<li>T\u00e9l\u00e9commande jusqu'\u00e0 20 m\u00e8tres. Aper\u00e7u jusqu'\u00e0 8 m\u00e8tres.<\/li>\n<li>Deux bretelles r\u00e9glables pour une flexibilit\u00e9 totale.<\/li>\n<li>Restez \u00e0 jour avec le dernier micrologiciel officiel pour une exp\u00e9rience optimale.<\/li>\n<\/ul>","protected":false},"featured_media":2404,"template":"","meta":{"_acf_changed":false},"product_brand":[],"product_cat":[122,97,343],"product_tag":[],"class_list":{"0":"post-2409","1":"product","2":"type-product","3":"status-publish","4":"has-post-thumbnail","6":"product_cat-alle-afstandsbedieningen","7":"product_cat-alle-producten","8":"product_cat-insta360","9":"product_shipping_class-outofstock","10":"pa_brand-insta360","11":"pa_productfamily-gps-voorbeeldafstandsbediening","12":"pa_producttype-gps-voorbeeldafstandsbediening","13":"pa_series-insta360-go","15":"first","16":"outofstock","17":"taxable","18":"shipping-taxable","19":"product-type-simple"},"acf":[],"yoast_head":"<!-- This site is optimized with the Yoast SEO Premium plugin v27.2 (Yoast SEO v27.2) - https:\/\/yoast.com\/product\/yoast-seo-premium-wordpress\/ -->\n<title>Insta360 GPS Preview Remote - koningdrone.be<\/title>\n<meta name=\"robots\" content=\"index, follow, max-snippet:-1, max-image-preview:large, max-video-preview:-1\" \/>\n<link rel=\"canonical\" href=\"https:\/\/koningdrone.be\/fr\/produit\/insta360-gps-preview-remote\/\" \/>\n<meta property=\"og:locale\" content=\"fr_FR\" \/>\n<meta property=\"og:type\" content=\"article\" \/>\n<meta property=\"og:title\" content=\"Insta360 GPS Preview Remote\" \/>\n<meta property=\"og:description\" content=\"Pas de instellingen op afstand aan, bekijk een voorvertoning van je opname in realtime en bedien de camera.Met X4 is een voorvertoning beschikbaar voor het hele 360\u00b0-beeld.Maakt gebruik van verschillende GNSS-systemen voor verbeterde gegevenskwaliteit en nauwkeurigheid (GPS, BeiDou, Galileo en GLONASS).Voeg nauwkeurige dashboardgegevens toe aan je video&#039;s in de Insta360 app of Studio.Afstandsbediening tot 20 meter afstand. Preview tot 8 meter afstand.Twee verstelbare riemen voor volledige flexibiliteit.Blijf up-to-date met de nieuwste offici\u00eble firmware voor de beste ervaring.\" \/>\n<meta property=\"og:url\" content=\"https:\/\/koningdrone.be\/fr\/produit\/insta360-gps-preview-remote\/\" \/>\n<meta property=\"og:site_name\" content=\"koningdrone.be\" \/>\n<meta property=\"article:modified_time\" content=\"2026-04-29T09:10:45+00:00\" \/>\n<meta property=\"og:image\" content=\"https:\/\/koningdrone.be\/wp-content\/uploads\/sites\/13\/2025\/04\/2673_aeefbba6-f66b-4b9a-a26e-350d44cc117a.webp\" \/>\n\t<meta property=\"og:image:width\" content=\"1280\" \/>\n\t<meta property=\"og:image:height\" content=\"1280\" \/>\n\t<meta property=\"og:image:type\" content=\"image\/webp\" \/>\n<meta name=\"twitter:card\" content=\"summary_large_image\" \/>\n<script type=\"application\/ld+json\" class=\"yoast-schema-graph\">{\"@context\":\"https:\/\/schema.org\",\"@graph\":[{\"@type\":\"WebPage\",\"@id\":\"https:\/\/koningdrone.be\/product\/insta360-gps-preview-remote\/\",\"url\":\"https:\/\/koningdrone.be\/product\/insta360-gps-preview-remote\/\",\"name\":\"Insta360 GPS Preview Remote - koningdrone.be\",\"isPartOf\":{\"@id\":\"https:\/\/koningdrone.be\/#website\"},\"primaryImageOfPage\":{\"@id\":\"https:\/\/koningdrone.be\/product\/insta360-gps-preview-remote\/#primaryimage\"},\"image\":{\"@id\":\"https:\/\/koningdrone.be\/product\/insta360-gps-preview-remote\/#primaryimage\"},\"thumbnailUrl\":\"https:\/\/koningdrone.be\/wp-content\/uploads\/sites\/13\/2025\/04\/2673_aeefbba6-f66b-4b9a-a26e-350d44cc117a.webp\",\"datePublished\":\"2024-09-18T08:29:04+00:00\",\"dateModified\":\"2026-04-29T09:10:45+00:00\",\"breadcrumb\":{\"@id\":\"https:\/\/koningdrone.be\/product\/insta360-gps-preview-remote\/#breadcrumb\"},\"inLanguage\":\"fr-BE\",\"potentialAction\":[{\"@type\":\"ReadAction\",\"target\":[\"https:\/\/koningdrone.be\/product\/insta360-gps-preview-remote\/\"]}]},{\"@type\":\"ImageObject\",\"inLanguage\":\"fr-BE\",\"@id\":\"https:\/\/koningdrone.be\/product\/insta360-gps-preview-remote\/#primaryimage\",\"url\":\"https:\/\/koningdrone.be\/wp-content\/uploads\/sites\/13\/2025\/04\/2673_aeefbba6-f66b-4b9a-a26e-350d44cc117a.webp\",\"contentUrl\":\"https:\/\/koningdrone.be\/wp-content\/uploads\/sites\/13\/2025\/04\/2673_aeefbba6-f66b-4b9a-a26e-350d44cc117a.webp\",\"width\":1280,\"height\":1280},{\"@type\":\"BreadcrumbList\",\"@id\":\"https:\/\/koningdrone.be\/product\/insta360-gps-preview-remote\/#breadcrumb\",\"itemListElement\":[{\"@type\":\"ListItem\",\"position\":1,\"name\":\"Home\",\"item\":\"https:\/\/koningdrone.be\/\"},{\"@type\":\"ListItem\",\"position\":2,\"name\":\"AVSS Parachute Recovery System for DJI Matrice 300\/350\",\"item\":\"https:\/\/koningdrone.be\/product\/avss-parachute-recovery-system-for-dji-matrice-300-350\/\"},{\"@type\":\"ListItem\",\"position\":3,\"name\":\"Alle afstandsbedieningen\",\"item\":\"https:\/\/koningdrone.be\/categorie\/alle-afstandsbedieningen\/\"},{\"@type\":\"ListItem\",\"position\":4,\"name\":\"Insta360 GPS Preview Remote\"}]},{\"@type\":\"WebSite\",\"@id\":\"https:\/\/koningdrone.be\/#website\",\"url\":\"https:\/\/koningdrone.be\/\",\"name\":\"Koningdrone.be - Uw online specialist in drones, gimbals, camera's en power stations.\",\"description\":\"De webshop in drones en gimbals\",\"publisher\":{\"@id\":\"https:\/\/koningdrone.be\/#organization\"},\"potentialAction\":[{\"@type\":\"SearchAction\",\"target\":{\"@type\":\"EntryPoint\",\"urlTemplate\":\"https:\/\/koningdrone.be\/?s={search_term_string}\"},\"query-input\":{\"@type\":\"PropertyValueSpecification\",\"valueRequired\":true,\"valueName\":\"search_term_string\"}}],\"inLanguage\":\"fr-BE\"},{\"@type\":\"Organization\",\"@id\":\"https:\/\/koningdrone.be\/#organization\",\"name\":\"Koningdrone.be\",\"url\":\"https:\/\/koningdrone.be\/\",\"logo\":{\"@type\":\"ImageObject\",\"inLanguage\":\"fr-BE\",\"@id\":\"https:\/\/koningdrone.be\/#\/schema\/logo\/image\/\",\"url\":\"https:\/\/koningdrone.be\/wp-content\/uploads\/sites\/13\/2025\/04\/koningdrone-copyright-logo.svg\",\"contentUrl\":\"https:\/\/koningdrone.be\/wp-content\/uploads\/sites\/13\/2025\/04\/koningdrone-copyright-logo.svg\",\"width\":227,\"height\":38,\"caption\":\"Koningdrone.be\"},\"image\":{\"@id\":\"https:\/\/koningdrone.be\/#\/schema\/logo\/image\/\"}}]}<\/script>\n<!-- \/ Yoast SEO Premium plugin. -->","yoast_head_json":{"title":"Insta360 GPS Preview Remote - koningdrone.be","robots":{"index":"index","follow":"follow","max-snippet":"max-snippet:-1","max-image-preview":"max-image-preview:large","max-video-preview":"max-video-preview:-1"},"canonical":"https:\/\/koningdrone.be\/fr\/produit\/insta360-gps-preview-remote\/","og_locale":"fr_FR","og_type":"article","og_title":"Insta360 GPS Preview Remote","og_description":"Pas de instellingen op afstand aan, bekijk een voorvertoning van je opname in realtime en bedien de camera.Met X4 is een voorvertoning beschikbaar voor het hele 360\u00b0-beeld.Maakt gebruik van verschillende GNSS-systemen voor verbeterde gegevenskwaliteit en nauwkeurigheid (GPS, BeiDou, Galileo en GLONASS).Voeg nauwkeurige dashboardgegevens toe aan je video's in de Insta360 app of Studio.Afstandsbediening tot 20 meter afstand. Preview tot 8 meter afstand.Twee verstelbare riemen voor volledige flexibiliteit.Blijf up-to-date met de nieuwste offici\u00eble firmware voor de beste ervaring.","og_url":"https:\/\/koningdrone.be\/fr\/produit\/insta360-gps-preview-remote\/","og_site_name":"koningdrone.be","article_modified_time":"2026-04-29T09:10:45+00:00","og_image":[{"width":1280,"height":1280,"url":"https:\/\/koningdrone.be\/wp-content\/uploads\/sites\/13\/2025\/04\/2673_aeefbba6-f66b-4b9a-a26e-350d44cc117a.webp","type":"image\/webp"}],"twitter_card":"summary_large_image","schema":{"@context":"https:\/\/schema.org","@graph":[{"@type":"WebPage","@id":"https:\/\/koningdrone.be\/product\/insta360-gps-preview-remote\/","url":"https:\/\/koningdrone.be\/product\/insta360-gps-preview-remote\/","name":"Insta360 GPS Preview Remote - koningdrone.be","isPartOf":{"@id":"https:\/\/koningdrone.be\/#website"},"primaryImageOfPage":{"@id":"https:\/\/koningdrone.be\/product\/insta360-gps-preview-remote\/#primaryimage"},"image":{"@id":"https:\/\/koningdrone.be\/product\/insta360-gps-preview-remote\/#primaryimage"},"thumbnailUrl":"https:\/\/koningdrone.be\/wp-content\/uploads\/sites\/13\/2025\/04\/2673_aeefbba6-f66b-4b9a-a26e-350d44cc117a.webp","datePublished":"2024-09-18T08:29:04+00:00","dateModified":"2026-04-29T09:10:45+00:00","breadcrumb":{"@id":"https:\/\/koningdrone.be\/product\/insta360-gps-preview-remote\/#breadcrumb"},"inLanguage":"fr-BE","potentialAction":[{"@type":"ReadAction","target":["https:\/\/koningdrone.be\/product\/insta360-gps-preview-remote\/"]}]},{"@type":"ImageObject","inLanguage":"fr-BE","@id":"https:\/\/koningdrone.be\/product\/insta360-gps-preview-remote\/#primaryimage","url":"https:\/\/koningdrone.be\/wp-content\/uploads\/sites\/13\/2025\/04\/2673_aeefbba6-f66b-4b9a-a26e-350d44cc117a.webp","contentUrl":"https:\/\/koningdrone.be\/wp-content\/uploads\/sites\/13\/2025\/04\/2673_aeefbba6-f66b-4b9a-a26e-350d44cc117a.webp","width":1280,"height":1280},{"@type":"BreadcrumbList","@id":"https:\/\/koningdrone.be\/product\/insta360-gps-preview-remote\/#breadcrumb","itemListElement":[{"@type":"ListItem","position":1,"name":"Home","item":"https:\/\/koningdrone.be\/"},{"@type":"ListItem","position":2,"name":"AVSS Parachute Recovery System for DJI Matrice 300\/350","item":"https:\/\/koningdrone.be\/product\/avss-parachute-recovery-system-for-dji-matrice-300-350\/"},{"@type":"ListItem","position":3,"name":"Alle afstandsbedieningen","item":"https:\/\/koningdrone.be\/categorie\/alle-afstandsbedieningen\/"},{"@type":"ListItem","position":4,"name":"Insta360 GPS Preview Remote"}]},{"@type":"WebSite","@id":"https:\/\/koningdrone.be\/#website","url":"https:\/\/koningdrone.be\/","name":"Koningdrone.be - Votre sp\u00e9cialiste en ligne en mati\u00e8re de drones, de cardans, de cam\u00e9ras et de centrales \u00e9lectriques.","description":"La boutique en ligne de drones et de cardans","publisher":{"@id":"https:\/\/koningdrone.be\/#organization"},"potentialAction":[{"@type":"SearchAction","target":{"@type":"EntryPoint","urlTemplate":"https:\/\/koningdrone.be\/?s={search_term_string}"},"query-input":{"@type":"PropertyValueSpecification","valueRequired":true,"valueName":"search_term_string"}}],"inLanguage":"fr-BE"},{"@type":"Organization","@id":"https:\/\/koningdrone.be\/#organization","name":"Kingdrone.co.uk","url":"https:\/\/koningdrone.be\/","logo":{"@type":"ImageObject","inLanguage":"fr-BE","@id":"https:\/\/koningdrone.be\/#\/schema\/logo\/image\/","url":"https:\/\/koningdrone.be\/wp-content\/uploads\/sites\/13\/2025\/04\/koningdrone-copyright-logo.svg","contentUrl":"https:\/\/koningdrone.be\/wp-content\/uploads\/sites\/13\/2025\/04\/koningdrone-copyright-logo.svg","width":227,"height":38,"caption":"Koningdrone.be"},"image":{"@id":"https:\/\/koningdrone.be\/#\/schema\/logo\/image\/"}}]}},"df_price":"","df_sale_price":"","df_regular_price":"","df_image_link":"https:\/\/koningdrone.be\/wp-content\/uploads\/sites\/13\/2025\/04\/2673_aeefbba6-f66b-4b9a-a26e-350d44cc117a-300x300.webp","_links":{"self":[{"href":"https:\/\/koningdrone.be\/fr\/wp-json\/wp\/v2\/product\/2409","targetHints":{"allow":["GET"]}}],"collection":[{"href":"https:\/\/koningdrone.be\/fr\/wp-json\/wp\/v2\/product"}],"about":[{"href":"https:\/\/koningdrone.be\/fr\/wp-json\/wp\/v2\/types\/product"}],"wp:featuredmedia":[{"embeddable":true,"href":"https:\/\/koningdrone.be\/fr\/wp-json\/wp\/v2\/media\/2404"}],"wp:attachment":[{"href":"https:\/\/koningdrone.be\/fr\/wp-json\/wp\/v2\/media?parent=2409"}],"wp:term":[{"taxonomy":"product_brand","embeddable":true,"href":"https:\/\/koningdrone.be\/fr\/wp-json\/wp\/v2\/product_brand?post=2409"},{"taxonomy":"product_cat","embeddable":true,"href":"https:\/\/koningdrone.be\/fr\/wp-json\/wp\/v2\/product_cat?post=2409"},{"taxonomy":"product_tag","embeddable":true,"href":"https:\/\/koningdrone.be\/fr\/wp-json\/wp\/v2\/product_tag?post=2409"}],"curies":[{"name":"wp","href":"https:\/\/api.w.org\/{rel}","templated":true}]}}