{"id":2370,"date":"2024-09-18T10:29:42","date_gmt":"2024-09-18T08:29:42","guid":{"rendered":"https:\/\/koningdrone.nl\/kon\/product\/insta360-one-x-snow-bundle-accessories-only\/"},"modified":"2026-05-01T04:40:28","modified_gmt":"2026-05-01T02:40:28","slug":"insta360-one-x-snow-bundle-accessories-only","status":"publish","type":"product","link":"https:\/\/koningdrone.be\/fr\/produit\/insta360-one-x-snow-bundle-accessories-only\/","title":{"rendered":"Insta360 ONE X Snow Bundle (accessoires uniquement)"},"content":{"rendered":"<p>L'ensemble Insta360 Snow Bundle est con\u00e7u pour prendre des photos d'action \u00e0 360 degr\u00e9s de haute qualit\u00e9 dans des environnements enneig\u00e9s. L'ensemble comprend des accessoires tels qu'un \u00e9tui de transport durable, un capuchon d'objectif r\u00e9sistant \u00e0 la neige et une gamme de supports parfaits pour le ski, le snowboard ou d'autres sports d'hiver. Id\u00e9al pour les aventuriers, ce kit garantit la protection de votre appareil photo et vous permet de r\u00e9aliser des prises de vue \u00e9poustouflantes dans des conditions extr\u00eames.<\/p>","protected":false},"excerpt":{"rendered":"<ul>\n<li>Am\u00e9liorez vos photos de sports d'hiver avec des perspectives uniques.<\/li>\n<li>Comprend une sangle de poitrine, une extension de casque, des supports adh\u00e9sifs flexibles et des pi\u00e8ces de montage.<\/li>\n<li>La sangle de poitrine am\u00e9lior\u00e9e s'adapte confortablement au corps et offre plus de stabilit\u00e9. Parfait pour capturer des POV de vos journ\u00e9es sur les pistes.<\/li>\n<li>La nouvelle fixation adh\u00e9sive flexible s'adapte parfaitement \u00e0 la surface du casque.<\/li>\n<li>Remarque : le nom du produit sur l'emballage peut varier l\u00e9g\u00e8rement, mais le contenu est celui indiqu\u00e9 au moment de l'achat.<\/li>\n<\/ul>","protected":false},"featured_media":2364,"template":"","meta":{"_acf_changed":false},"product_brand":[],"product_cat":[97,343],"product_tag":[],"class_list":{"0":"post-2370","1":"product","2":"type-product","3":"status-publish","4":"has-post-thumbnail","6":"product_cat-alle-producten","7":"product_cat-insta360","8":"product_shipping_class-europafotoall","9":"pa_brand-insta360","10":"pa_productfamily-camera-accessoires","11":"pa_producttype-camera-accessoires","12":"pa_series-insta360-go","14":"first","15":"instock","16":"taxable","17":"shipping-taxable","18":"purchasable","19":"product-type-simple"},"acf":[],"yoast_head":"<!-- This site is optimized with the Yoast SEO Premium plugin v27.2 (Yoast SEO v27.2) - https:\/\/yoast.com\/product\/yoast-seo-premium-wordpress\/ -->\n<title>Insta360 ONE X Snow Bundle (accessories only) - koningdrone.be<\/title>\n<meta name=\"robots\" content=\"index, follow, max-snippet:-1, max-image-preview:large, max-video-preview:-1\" \/>\n<link rel=\"canonical\" href=\"https:\/\/koningdrone.be\/fr\/produit\/insta360-one-x-snow-bundle-accessories-only\/\" \/>\n<meta property=\"og:locale\" content=\"fr_FR\" \/>\n<meta property=\"og:type\" content=\"article\" \/>\n<meta property=\"og:title\" content=\"Insta360 ONE X Snow Bundle (accessories only)\" \/>\n<meta property=\"og:description\" content=\"Verbeter je wintersportfoto&#039;s met unieke perspectieven.Inclusief borstriem, verlengstuk voor helmen, flexibele kleefbevestigingen en montageonderdelen.De verbeterde borstband zit comfortabel op het lichaam en biedt meer stabiliteit. Perfect voor het vastleggen van POV&#039;s van je dagen op de piste.Nieuwe flexibele kleefbevestiging past strak op het oppervlak van de helm.Opmerking: De productnaam op de verpakking kan licht afwijken, maar de inhoud is zoals vermeld bij aankoop.\" \/>\n<meta property=\"og:url\" content=\"https:\/\/koningdrone.be\/fr\/produit\/insta360-one-x-snow-bundle-accessories-only\/\" \/>\n<meta property=\"og:site_name\" content=\"koningdrone.be\" \/>\n<meta property=\"article:modified_time\" content=\"2026-05-01T02:40:28+00:00\" \/>\n<meta property=\"og:image\" content=\"https:\/\/koningdrone.be\/wp-content\/uploads\/sites\/13\/2025\/04\/press_AV05@780w.webp\" \/>\n\t<meta property=\"og:image:width\" content=\"780\" \/>\n\t<meta property=\"og:image:height\" content=\"780\" \/>\n\t<meta property=\"og:image:type\" content=\"image\/webp\" \/>\n<meta name=\"twitter:card\" content=\"summary_large_image\" \/>\n<script type=\"application\/ld+json\" class=\"yoast-schema-graph\">{\"@context\":\"https:\/\/schema.org\",\"@graph\":[{\"@type\":\"WebPage\",\"@id\":\"https:\/\/koningdrone.be\/product\/insta360-one-x-snow-bundle-accessories-only\/\",\"url\":\"https:\/\/koningdrone.be\/product\/insta360-one-x-snow-bundle-accessories-only\/\",\"name\":\"Insta360 ONE X Snow Bundle (accessories only) - koningdrone.be\",\"isPartOf\":{\"@id\":\"https:\/\/koningdrone.be\/#website\"},\"primaryImageOfPage\":{\"@id\":\"https:\/\/koningdrone.be\/product\/insta360-one-x-snow-bundle-accessories-only\/#primaryimage\"},\"image\":{\"@id\":\"https:\/\/koningdrone.be\/product\/insta360-one-x-snow-bundle-accessories-only\/#primaryimage\"},\"thumbnailUrl\":\"https:\/\/koningdrone.be\/wp-content\/uploads\/sites\/13\/2025\/04\/press_AV05@780w.webp\",\"datePublished\":\"2024-09-18T08:29:42+00:00\",\"dateModified\":\"2026-05-01T02:40:28+00:00\",\"breadcrumb\":{\"@id\":\"https:\/\/koningdrone.be\/product\/insta360-one-x-snow-bundle-accessories-only\/#breadcrumb\"},\"inLanguage\":\"fr-BE\",\"potentialAction\":[{\"@type\":\"ReadAction\",\"target\":[\"https:\/\/koningdrone.be\/product\/insta360-one-x-snow-bundle-accessories-only\/\"]}]},{\"@type\":\"ImageObject\",\"inLanguage\":\"fr-BE\",\"@id\":\"https:\/\/koningdrone.be\/product\/insta360-one-x-snow-bundle-accessories-only\/#primaryimage\",\"url\":\"https:\/\/koningdrone.be\/wp-content\/uploads\/sites\/13\/2025\/04\/press_AV05@780w.webp\",\"contentUrl\":\"https:\/\/koningdrone.be\/wp-content\/uploads\/sites\/13\/2025\/04\/press_AV05@780w.webp\",\"width\":780,\"height\":780},{\"@type\":\"BreadcrumbList\",\"@id\":\"https:\/\/koningdrone.be\/product\/insta360-one-x-snow-bundle-accessories-only\/#breadcrumb\",\"itemListElement\":[{\"@type\":\"ListItem\",\"position\":1,\"name\":\"Home\",\"item\":\"https:\/\/koningdrone.be\/\"},{\"@type\":\"ListItem\",\"position\":2,\"name\":\"AVSS Parachute Recovery System for DJI Matrice 300\/350\",\"item\":\"https:\/\/koningdrone.be\/product\/avss-parachute-recovery-system-for-dji-matrice-300-350\/\"},{\"@type\":\"ListItem\",\"position\":3,\"name\":\"Alle producten\",\"item\":\"https:\/\/koningdrone.be\/categorie\/alle-producten\/\"},{\"@type\":\"ListItem\",\"position\":4,\"name\":\"Insta360 ONE X Snow Bundle (accessories only)\"}]},{\"@type\":\"WebSite\",\"@id\":\"https:\/\/koningdrone.be\/#website\",\"url\":\"https:\/\/koningdrone.be\/\",\"name\":\"Koningdrone.be - Uw online specialist in drones, gimbals, camera's en power stations.\",\"description\":\"De webshop in drones en gimbals\",\"publisher\":{\"@id\":\"https:\/\/koningdrone.be\/#organization\"},\"potentialAction\":[{\"@type\":\"SearchAction\",\"target\":{\"@type\":\"EntryPoint\",\"urlTemplate\":\"https:\/\/koningdrone.be\/?s={search_term_string}\"},\"query-input\":{\"@type\":\"PropertyValueSpecification\",\"valueRequired\":true,\"valueName\":\"search_term_string\"}}],\"inLanguage\":\"fr-BE\"},{\"@type\":\"Organization\",\"@id\":\"https:\/\/koningdrone.be\/#organization\",\"name\":\"Koningdrone.be\",\"url\":\"https:\/\/koningdrone.be\/\",\"logo\":{\"@type\":\"ImageObject\",\"inLanguage\":\"fr-BE\",\"@id\":\"https:\/\/koningdrone.be\/#\/schema\/logo\/image\/\",\"url\":\"https:\/\/koningdrone.be\/wp-content\/uploads\/sites\/13\/2025\/04\/koningdrone-copyright-logo.svg\",\"contentUrl\":\"https:\/\/koningdrone.be\/wp-content\/uploads\/sites\/13\/2025\/04\/koningdrone-copyright-logo.svg\",\"width\":227,\"height\":38,\"caption\":\"Koningdrone.be\"},\"image\":{\"@id\":\"https:\/\/koningdrone.be\/#\/schema\/logo\/image\/\"}}]}<\/script>\n<!-- \/ Yoast SEO Premium plugin. -->","yoast_head_json":{"title":"Insta360 ONE X Snow Bundle (accessories only) - koningdrone.be","robots":{"index":"index","follow":"follow","max-snippet":"max-snippet:-1","max-image-preview":"max-image-preview:large","max-video-preview":"max-video-preview:-1"},"canonical":"https:\/\/koningdrone.be\/fr\/produit\/insta360-one-x-snow-bundle-accessories-only\/","og_locale":"fr_FR","og_type":"article","og_title":"Insta360 ONE X Snow Bundle (accessories only)","og_description":"Verbeter je wintersportfoto's met unieke perspectieven.Inclusief borstriem, verlengstuk voor helmen, flexibele kleefbevestigingen en montageonderdelen.De verbeterde borstband zit comfortabel op het lichaam en biedt meer stabiliteit. Perfect voor het vastleggen van POV's van je dagen op de piste.Nieuwe flexibele kleefbevestiging past strak op het oppervlak van de helm.Opmerking: De productnaam op de verpakking kan licht afwijken, maar de inhoud is zoals vermeld bij aankoop.","og_url":"https:\/\/koningdrone.be\/fr\/produit\/insta360-one-x-snow-bundle-accessories-only\/","og_site_name":"koningdrone.be","article_modified_time":"2026-05-01T02:40:28+00:00","og_image":[{"width":780,"height":780,"url":"https:\/\/koningdrone.be\/wp-content\/uploads\/sites\/13\/2025\/04\/press_AV05@780w.webp","type":"image\/webp"}],"twitter_card":"summary_large_image","schema":{"@context":"https:\/\/schema.org","@graph":[{"@type":"WebPage","@id":"https:\/\/koningdrone.be\/product\/insta360-one-x-snow-bundle-accessories-only\/","url":"https:\/\/koningdrone.be\/product\/insta360-one-x-snow-bundle-accessories-only\/","name":"Insta360 ONE X Snow Bundle (accessories only) - koningdrone.be","isPartOf":{"@id":"https:\/\/koningdrone.be\/#website"},"primaryImageOfPage":{"@id":"https:\/\/koningdrone.be\/product\/insta360-one-x-snow-bundle-accessories-only\/#primaryimage"},"image":{"@id":"https:\/\/koningdrone.be\/product\/insta360-one-x-snow-bundle-accessories-only\/#primaryimage"},"thumbnailUrl":"https:\/\/koningdrone.be\/wp-content\/uploads\/sites\/13\/2025\/04\/press_AV05@780w.webp","datePublished":"2024-09-18T08:29:42+00:00","dateModified":"2026-05-01T02:40:28+00:00","breadcrumb":{"@id":"https:\/\/koningdrone.be\/product\/insta360-one-x-snow-bundle-accessories-only\/#breadcrumb"},"inLanguage":"fr-BE","potentialAction":[{"@type":"ReadAction","target":["https:\/\/koningdrone.be\/product\/insta360-one-x-snow-bundle-accessories-only\/"]}]},{"@type":"ImageObject","inLanguage":"fr-BE","@id":"https:\/\/koningdrone.be\/product\/insta360-one-x-snow-bundle-accessories-only\/#primaryimage","url":"https:\/\/koningdrone.be\/wp-content\/uploads\/sites\/13\/2025\/04\/press_AV05@780w.webp","contentUrl":"https:\/\/koningdrone.be\/wp-content\/uploads\/sites\/13\/2025\/04\/press_AV05@780w.webp","width":780,"height":780},{"@type":"BreadcrumbList","@id":"https:\/\/koningdrone.be\/product\/insta360-one-x-snow-bundle-accessories-only\/#breadcrumb","itemListElement":[{"@type":"ListItem","position":1,"name":"Home","item":"https:\/\/koningdrone.be\/"},{"@type":"ListItem","position":2,"name":"AVSS Parachute Recovery System for DJI Matrice 300\/350","item":"https:\/\/koningdrone.be\/product\/avss-parachute-recovery-system-for-dji-matrice-300-350\/"},{"@type":"ListItem","position":3,"name":"Alle producten","item":"https:\/\/koningdrone.be\/categorie\/alle-producten\/"},{"@type":"ListItem","position":4,"name":"Insta360 ONE X Snow Bundle (accessories only)"}]},{"@type":"WebSite","@id":"https:\/\/koningdrone.be\/#website","url":"https:\/\/koningdrone.be\/","name":"Koningdrone.be - Votre sp\u00e9cialiste en ligne en mati\u00e8re de drones, de cardans, de cam\u00e9ras et de centrales \u00e9lectriques.","description":"La boutique en ligne de drones et de cardans","publisher":{"@id":"https:\/\/koningdrone.be\/#organization"},"potentialAction":[{"@type":"SearchAction","target":{"@type":"EntryPoint","urlTemplate":"https:\/\/koningdrone.be\/?s={search_term_string}"},"query-input":{"@type":"PropertyValueSpecification","valueRequired":true,"valueName":"search_term_string"}}],"inLanguage":"fr-BE"},{"@type":"Organization","@id":"https:\/\/koningdrone.be\/#organization","name":"Kingdrone.co.uk","url":"https:\/\/koningdrone.be\/","logo":{"@type":"ImageObject","inLanguage":"fr-BE","@id":"https:\/\/koningdrone.be\/#\/schema\/logo\/image\/","url":"https:\/\/koningdrone.be\/wp-content\/uploads\/sites\/13\/2025\/04\/koningdrone-copyright-logo.svg","contentUrl":"https:\/\/koningdrone.be\/wp-content\/uploads\/sites\/13\/2025\/04\/koningdrone-copyright-logo.svg","width":227,"height":38,"caption":"Koningdrone.be"},"image":{"@id":"https:\/\/koningdrone.be\/#\/schema\/logo\/image\/"}}]}},"df_price":59,"df_sale_price":"","df_regular_price":59,"df_image_link":"https:\/\/koningdrone.be\/wp-content\/uploads\/sites\/13\/2025\/04\/press_AV05@780w-300x300.webp","_links":{"self":[{"href":"https:\/\/koningdrone.be\/fr\/wp-json\/wp\/v2\/product\/2370","targetHints":{"allow":["GET"]}}],"collection":[{"href":"https:\/\/koningdrone.be\/fr\/wp-json\/wp\/v2\/product"}],"about":[{"href":"https:\/\/koningdrone.be\/fr\/wp-json\/wp\/v2\/types\/product"}],"wp:featuredmedia":[{"embeddable":true,"href":"https:\/\/koningdrone.be\/fr\/wp-json\/wp\/v2\/media\/2364"}],"wp:attachment":[{"href":"https:\/\/koningdrone.be\/fr\/wp-json\/wp\/v2\/media?parent=2370"}],"wp:term":[{"taxonomy":"product_brand","embeddable":true,"href":"https:\/\/koningdrone.be\/fr\/wp-json\/wp\/v2\/product_brand?post=2370"},{"taxonomy":"product_cat","embeddable":true,"href":"https:\/\/koningdrone.be\/fr\/wp-json\/wp\/v2\/product_cat?post=2370"},{"taxonomy":"product_tag","embeddable":true,"href":"https:\/\/koningdrone.be\/fr\/wp-json\/wp\/v2\/product_tag?post=2370"}],"curies":[{"name":"wp","href":"https:\/\/api.w.org\/{rel}","templated":true}]}}