{"id":2357,"date":"2024-09-18T10:29:42","date_gmt":"2024-09-18T08:29:42","guid":{"rendered":"https:\/\/koningdrone.nl\/kon\/product\/insta360-flow-magnetic-phone-clamp\/"},"modified":"2026-04-30T11:20:39","modified_gmt":"2026-04-30T09:20:39","slug":"insta360-flow-magnetic-phone-clamp","status":"publish","type":"product","link":"https:\/\/koningdrone.be\/fr\/produit\/insta360-flow-magnetic-phone-clamp\/","title":{"rendered":"Pince magn\u00e9tique pour t\u00e9l\u00e9phone Insta360 Flow"},"content":{"rendered":"<p>Le support magn\u00e9tique Insta360 Flow Pro est une solution polyvalente et s\u00fbre pour fixer votre smartphone. Gr\u00e2ce \u00e0 un puissant syst\u00e8me magn\u00e9tique, il offre une prise stable et est facile \u00e0 ajuster et \u00e0 d\u00e9placer. Id\u00e9al pour capturer des images fluides et stables, parfait pour le vlogging, la diffusion en direct ou l'utilisation quotidienne. Son design fin et compact en fait un compl\u00e9ment pratique \u00e0 votre \u00e9quipement et offre un moyen fiable de garder votre t\u00e9l\u00e9phone accessible et dans une position optimale.<\/p>","protected":false},"excerpt":{"rendered":"<ul>\n<li>Fixez votre t\u00e9l\u00e9phone au Flow\/Flow Pro pour des prises de vue instantan\u00e9es et fluides. A utiliser en remplacement de la pince magn\u00e9tique pour t\u00e9l\u00e9phone.<\/li>\n<li>Des aimants puissants de qualit\u00e9 N52 pour soutenir pleinement votre smartphone.<\/li>\n<li>Le support magn\u00e9tique pour t\u00e9l\u00e9phone ne prend en charge que l'iPhone 12 ou plus r\u00e9cent avec MagSafe ou les \u00e9tuis de t\u00e9l\u00e9phone avec MagSafe.<\/li>\n<li>Surface en silicone souple pour prot\u00e9ger votre t\u00e9l\u00e9phone des rayures.<\/li>\n<\/ul>","protected":false},"featured_media":2352,"template":"","meta":{"_acf_changed":false},"product_brand":[],"product_cat":[97,343],"product_tag":[],"class_list":{"0":"post-2357","1":"product","2":"type-product","3":"status-publish","4":"has-post-thumbnail","6":"product_cat-alle-producten","7":"product_cat-insta360","8":"product_shipping_class-outofstock","9":"pa_brand-insta360","10":"pa_productfamily-magnetische-telefoonklem","11":"pa_producttype-magnetische-telefoonklem","12":"pa_series-insta360-go","14":"first","15":"outofstock","16":"taxable","17":"shipping-taxable","18":"product-type-simple"},"acf":[],"yoast_head":"<!-- This site is optimized with the Yoast SEO Premium plugin v27.2 (Yoast SEO v27.2) - https:\/\/yoast.com\/product\/yoast-seo-premium-wordpress\/ -->\n<title>Insta360 Flow Magnetic Phone Clamp - koningdrone.be<\/title>\n<meta name=\"robots\" content=\"index, follow, max-snippet:-1, max-image-preview:large, max-video-preview:-1\" \/>\n<link rel=\"canonical\" href=\"https:\/\/koningdrone.be\/fr\/produit\/insta360-flow-magnetic-phone-clamp\/\" \/>\n<meta property=\"og:locale\" content=\"fr_FR\" \/>\n<meta property=\"og:type\" content=\"article\" \/>\n<meta property=\"og:title\" content=\"Insta360 Flow Magnetic Phone Clamp\" \/>\n<meta property=\"og:description\" content=\"Klik je telefoon vast aan de Flow\/Flow Pro voor directe, vloeiende opnamen. Gebruik als alternatief voor de magnetische telefoonklem.Sterke magneten van N52-kwaliteit om je smartphone volledig te ondersteunen.De magnetische telefoonhouder ondersteunt alleen iPhone 12 of nieuwer met MagSafe of telefoonhoesjes met MagSafe.Zacht siliconen oppervlak om je telefoon te beschermen tegen krassen.\" \/>\n<meta property=\"og:url\" content=\"https:\/\/koningdrone.be\/fr\/produit\/insta360-flow-magnetic-phone-clamp\/\" \/>\n<meta property=\"og:site_name\" content=\"koningdrone.be\" \/>\n<meta property=\"article:modified_time\" content=\"2026-04-30T09:20:39+00:00\" \/>\n<meta property=\"og:image\" content=\"https:\/\/koningdrone.be\/wp-content\/uploads\/sites\/13\/2025\/04\/2831_4c3464ef-cf2c-4715-8009-bd12a592386f.webp\" \/>\n\t<meta property=\"og:image:width\" content=\"1280\" \/>\n\t<meta property=\"og:image:height\" content=\"1280\" \/>\n\t<meta property=\"og:image:type\" content=\"image\/webp\" \/>\n<meta name=\"twitter:card\" content=\"summary_large_image\" \/>\n<script type=\"application\/ld+json\" class=\"yoast-schema-graph\">{\"@context\":\"https:\/\/schema.org\",\"@graph\":[{\"@type\":\"WebPage\",\"@id\":\"https:\/\/koningdrone.be\/product\/insta360-flow-magnetic-phone-clamp\/\",\"url\":\"https:\/\/koningdrone.be\/product\/insta360-flow-magnetic-phone-clamp\/\",\"name\":\"Insta360 Flow Magnetic Phone Clamp - koningdrone.be\",\"isPartOf\":{\"@id\":\"https:\/\/koningdrone.be\/#website\"},\"primaryImageOfPage\":{\"@id\":\"https:\/\/koningdrone.be\/product\/insta360-flow-magnetic-phone-clamp\/#primaryimage\"},\"image\":{\"@id\":\"https:\/\/koningdrone.be\/product\/insta360-flow-magnetic-phone-clamp\/#primaryimage\"},\"thumbnailUrl\":\"https:\/\/koningdrone.be\/wp-content\/uploads\/sites\/13\/2025\/04\/2831_4c3464ef-cf2c-4715-8009-bd12a592386f.webp\",\"datePublished\":\"2024-09-18T08:29:42+00:00\",\"dateModified\":\"2026-04-30T09:20:39+00:00\",\"breadcrumb\":{\"@id\":\"https:\/\/koningdrone.be\/product\/insta360-flow-magnetic-phone-clamp\/#breadcrumb\"},\"inLanguage\":\"fr-BE\",\"potentialAction\":[{\"@type\":\"ReadAction\",\"target\":[\"https:\/\/koningdrone.be\/product\/insta360-flow-magnetic-phone-clamp\/\"]}]},{\"@type\":\"ImageObject\",\"inLanguage\":\"fr-BE\",\"@id\":\"https:\/\/koningdrone.be\/product\/insta360-flow-magnetic-phone-clamp\/#primaryimage\",\"url\":\"https:\/\/koningdrone.be\/wp-content\/uploads\/sites\/13\/2025\/04\/2831_4c3464ef-cf2c-4715-8009-bd12a592386f.webp\",\"contentUrl\":\"https:\/\/koningdrone.be\/wp-content\/uploads\/sites\/13\/2025\/04\/2831_4c3464ef-cf2c-4715-8009-bd12a592386f.webp\",\"width\":1280,\"height\":1280},{\"@type\":\"BreadcrumbList\",\"@id\":\"https:\/\/koningdrone.be\/product\/insta360-flow-magnetic-phone-clamp\/#breadcrumb\",\"itemListElement\":[{\"@type\":\"ListItem\",\"position\":1,\"name\":\"Home\",\"item\":\"https:\/\/koningdrone.be\/\"},{\"@type\":\"ListItem\",\"position\":2,\"name\":\"AVSS Parachute Recovery System for DJI Matrice 300\/350\",\"item\":\"https:\/\/koningdrone.be\/product\/avss-parachute-recovery-system-for-dji-matrice-300-350\/\"},{\"@type\":\"ListItem\",\"position\":3,\"name\":\"Alle producten\",\"item\":\"https:\/\/koningdrone.be\/categorie\/alle-producten\/\"},{\"@type\":\"ListItem\",\"position\":4,\"name\":\"Insta360 Flow Magnetic Phone Clamp\"}]},{\"@type\":\"WebSite\",\"@id\":\"https:\/\/koningdrone.be\/#website\",\"url\":\"https:\/\/koningdrone.be\/\",\"name\":\"Koningdrone.be - Uw online specialist in drones, gimbals, camera's en power stations.\",\"description\":\"De webshop in drones en gimbals\",\"publisher\":{\"@id\":\"https:\/\/koningdrone.be\/#organization\"},\"potentialAction\":[{\"@type\":\"SearchAction\",\"target\":{\"@type\":\"EntryPoint\",\"urlTemplate\":\"https:\/\/koningdrone.be\/?s={search_term_string}\"},\"query-input\":{\"@type\":\"PropertyValueSpecification\",\"valueRequired\":true,\"valueName\":\"search_term_string\"}}],\"inLanguage\":\"fr-BE\"},{\"@type\":\"Organization\",\"@id\":\"https:\/\/koningdrone.be\/#organization\",\"name\":\"Koningdrone.be\",\"url\":\"https:\/\/koningdrone.be\/\",\"logo\":{\"@type\":\"ImageObject\",\"inLanguage\":\"fr-BE\",\"@id\":\"https:\/\/koningdrone.be\/#\/schema\/logo\/image\/\",\"url\":\"https:\/\/koningdrone.be\/wp-content\/uploads\/sites\/13\/2025\/04\/koningdrone-copyright-logo.svg\",\"contentUrl\":\"https:\/\/koningdrone.be\/wp-content\/uploads\/sites\/13\/2025\/04\/koningdrone-copyright-logo.svg\",\"width\":227,\"height\":38,\"caption\":\"Koningdrone.be\"},\"image\":{\"@id\":\"https:\/\/koningdrone.be\/#\/schema\/logo\/image\/\"}}]}<\/script>\n<!-- \/ Yoast SEO Premium plugin. -->","yoast_head_json":{"title":"Insta360 Flow Magnetic Phone Clamp - koningdrone.be","robots":{"index":"index","follow":"follow","max-snippet":"max-snippet:-1","max-image-preview":"max-image-preview:large","max-video-preview":"max-video-preview:-1"},"canonical":"https:\/\/koningdrone.be\/fr\/produit\/insta360-flow-magnetic-phone-clamp\/","og_locale":"fr_FR","og_type":"article","og_title":"Insta360 Flow Magnetic Phone Clamp","og_description":"Klik je telefoon vast aan de Flow\/Flow Pro voor directe, vloeiende opnamen. Gebruik als alternatief voor de magnetische telefoonklem.Sterke magneten van N52-kwaliteit om je smartphone volledig te ondersteunen.De magnetische telefoonhouder ondersteunt alleen iPhone 12 of nieuwer met MagSafe of telefoonhoesjes met MagSafe.Zacht siliconen oppervlak om je telefoon te beschermen tegen krassen.","og_url":"https:\/\/koningdrone.be\/fr\/produit\/insta360-flow-magnetic-phone-clamp\/","og_site_name":"koningdrone.be","article_modified_time":"2026-04-30T09:20:39+00:00","og_image":[{"width":1280,"height":1280,"url":"https:\/\/koningdrone.be\/wp-content\/uploads\/sites\/13\/2025\/04\/2831_4c3464ef-cf2c-4715-8009-bd12a592386f.webp","type":"image\/webp"}],"twitter_card":"summary_large_image","schema":{"@context":"https:\/\/schema.org","@graph":[{"@type":"WebPage","@id":"https:\/\/koningdrone.be\/product\/insta360-flow-magnetic-phone-clamp\/","url":"https:\/\/koningdrone.be\/product\/insta360-flow-magnetic-phone-clamp\/","name":"Insta360 Flow Magnetic Phone Clamp - koningdrone.be","isPartOf":{"@id":"https:\/\/koningdrone.be\/#website"},"primaryImageOfPage":{"@id":"https:\/\/koningdrone.be\/product\/insta360-flow-magnetic-phone-clamp\/#primaryimage"},"image":{"@id":"https:\/\/koningdrone.be\/product\/insta360-flow-magnetic-phone-clamp\/#primaryimage"},"thumbnailUrl":"https:\/\/koningdrone.be\/wp-content\/uploads\/sites\/13\/2025\/04\/2831_4c3464ef-cf2c-4715-8009-bd12a592386f.webp","datePublished":"2024-09-18T08:29:42+00:00","dateModified":"2026-04-30T09:20:39+00:00","breadcrumb":{"@id":"https:\/\/koningdrone.be\/product\/insta360-flow-magnetic-phone-clamp\/#breadcrumb"},"inLanguage":"fr-BE","potentialAction":[{"@type":"ReadAction","target":["https:\/\/koningdrone.be\/product\/insta360-flow-magnetic-phone-clamp\/"]}]},{"@type":"ImageObject","inLanguage":"fr-BE","@id":"https:\/\/koningdrone.be\/product\/insta360-flow-magnetic-phone-clamp\/#primaryimage","url":"https:\/\/koningdrone.be\/wp-content\/uploads\/sites\/13\/2025\/04\/2831_4c3464ef-cf2c-4715-8009-bd12a592386f.webp","contentUrl":"https:\/\/koningdrone.be\/wp-content\/uploads\/sites\/13\/2025\/04\/2831_4c3464ef-cf2c-4715-8009-bd12a592386f.webp","width":1280,"height":1280},{"@type":"BreadcrumbList","@id":"https:\/\/koningdrone.be\/product\/insta360-flow-magnetic-phone-clamp\/#breadcrumb","itemListElement":[{"@type":"ListItem","position":1,"name":"Home","item":"https:\/\/koningdrone.be\/"},{"@type":"ListItem","position":2,"name":"AVSS Parachute Recovery System for DJI Matrice 300\/350","item":"https:\/\/koningdrone.be\/product\/avss-parachute-recovery-system-for-dji-matrice-300-350\/"},{"@type":"ListItem","position":3,"name":"Alle producten","item":"https:\/\/koningdrone.be\/categorie\/alle-producten\/"},{"@type":"ListItem","position":4,"name":"Insta360 Flow Magnetic Phone Clamp"}]},{"@type":"WebSite","@id":"https:\/\/koningdrone.be\/#website","url":"https:\/\/koningdrone.be\/","name":"Koningdrone.be - Votre sp\u00e9cialiste en ligne en mati\u00e8re de drones, de cardans, de cam\u00e9ras et de centrales \u00e9lectriques.","description":"La boutique en ligne de drones et de cardans","publisher":{"@id":"https:\/\/koningdrone.be\/#organization"},"potentialAction":[{"@type":"SearchAction","target":{"@type":"EntryPoint","urlTemplate":"https:\/\/koningdrone.be\/?s={search_term_string}"},"query-input":{"@type":"PropertyValueSpecification","valueRequired":true,"valueName":"search_term_string"}}],"inLanguage":"fr-BE"},{"@type":"Organization","@id":"https:\/\/koningdrone.be\/#organization","name":"Kingdrone.co.uk","url":"https:\/\/koningdrone.be\/","logo":{"@type":"ImageObject","inLanguage":"fr-BE","@id":"https:\/\/koningdrone.be\/#\/schema\/logo\/image\/","url":"https:\/\/koningdrone.be\/wp-content\/uploads\/sites\/13\/2025\/04\/koningdrone-copyright-logo.svg","contentUrl":"https:\/\/koningdrone.be\/wp-content\/uploads\/sites\/13\/2025\/04\/koningdrone-copyright-logo.svg","width":227,"height":38,"caption":"Koningdrone.be"},"image":{"@id":"https:\/\/koningdrone.be\/#\/schema\/logo\/image\/"}}]}},"df_price":"","df_sale_price":"","df_regular_price":"","df_image_link":"https:\/\/koningdrone.be\/wp-content\/uploads\/sites\/13\/2025\/04\/2831_4c3464ef-cf2c-4715-8009-bd12a592386f-300x300.webp","_links":{"self":[{"href":"https:\/\/koningdrone.be\/fr\/wp-json\/wp\/v2\/product\/2357","targetHints":{"allow":["GET"]}}],"collection":[{"href":"https:\/\/koningdrone.be\/fr\/wp-json\/wp\/v2\/product"}],"about":[{"href":"https:\/\/koningdrone.be\/fr\/wp-json\/wp\/v2\/types\/product"}],"wp:featuredmedia":[{"embeddable":true,"href":"https:\/\/koningdrone.be\/fr\/wp-json\/wp\/v2\/media\/2352"}],"wp:attachment":[{"href":"https:\/\/koningdrone.be\/fr\/wp-json\/wp\/v2\/media?parent=2357"}],"wp:term":[{"taxonomy":"product_brand","embeddable":true,"href":"https:\/\/koningdrone.be\/fr\/wp-json\/wp\/v2\/product_brand?post=2357"},{"taxonomy":"product_cat","embeddable":true,"href":"https:\/\/koningdrone.be\/fr\/wp-json\/wp\/v2\/product_cat?post=2357"},{"taxonomy":"product_tag","embeddable":true,"href":"https:\/\/koningdrone.be\/fr\/wp-json\/wp\/v2\/product_tag?post=2357"}],"curies":[{"name":"wp","href":"https:\/\/api.w.org\/{rel}","templated":true}]}}