{"id":2351,"date":"2024-09-18T10:29:52","date_gmt":"2024-09-18T08:29:52","guid":{"rendered":"https:\/\/koningdrone.nl\/kon\/product\/insta360-flow-creator-kit-grey\/"},"modified":"2026-04-30T11:20:40","modified_gmt":"2026-04-30T09:20:40","slug":"insta360-flow-creator-kit-grey","status":"publish","type":"product","link":"https:\/\/koningdrone.be\/fr\/produit\/insta360-flow-creator-kit-grey\/","title":{"rendered":"Kit Insta360 Flow Creator Gris"},"content":{"rendered":"<p>R\u00e9alisez de meilleures vid\u00e9os avec votre t\u00e9l\u00e9phone. L'Insta360 Flow est une rotule innovante pour smartphones qui offre une stabilisation sur 3 axes, une technologie de suivi AI avanc\u00e9e et de nombreuses fonctionnalit\u00e9s intelligentes. Gr\u00e2ce \u00e0 sa batterie efficace d'une capacit\u00e9 de 2900 mAh, l'autonomie peut atteindre 12 heures. L'appareil dispose \u00e9galement d'un b\u00e2ton de selfie et d'un tr\u00e9pied int\u00e9gr\u00e9s, ce qui le rend id\u00e9al pour diff\u00e9rents sc\u00e9narios. Le stabilisateur peut \u00e9galement servir de banque d'alimentation. Le kit Creator comprend \u00e9galement des accessoires tels que des c\u00e2bles suppl\u00e9mentaires, un \u00e9tui de transport et des lampes.<\/p>","protected":false},"excerpt":{"rendered":"<ul>\n<li>Stabilisation sur 3 axes pour des prises de vue fluides<\/li>\n<li>Clip magn\u00e9tique pour t\u00e9l\u00e9phone, Flow Spotlight<\/li>\n<li>C\u00e2bles USB-C et Lightning<\/li>\n<li>B\u00e2ton de selfie\/tr\u00e9pied int\u00e9gr\u00e9, \u00e9tui de transport<\/li>\n<\/ul>","protected":false},"featured_media":2345,"template":"","meta":{"_acf_changed":false},"product_brand":[],"product_cat":[97,343],"product_tag":[],"class_list":{"0":"post-2351","1":"product","2":"type-product","3":"status-publish","4":"has-post-thumbnail","6":"product_cat-alle-producten","7":"product_cat-insta360","8":"product_shipping_class-outofstock","9":"pa_brand-insta360","10":"pa_productfamily-telefoonstabilisator","11":"pa_producttype-telefoonstabilisator","12":"pa_series-insta360-go","14":"first","15":"outofstock","16":"taxable","17":"shipping-taxable","18":"product-type-simple"},"acf":[],"yoast_head":"<!-- This site is optimized with the Yoast SEO Premium plugin v27.2 (Yoast SEO v27.2) - https:\/\/yoast.com\/product\/yoast-seo-premium-wordpress\/ -->\n<title>Insta360 Flow Creator Kit Grey - koningdrone.be<\/title>\n<meta name=\"robots\" content=\"index, follow, max-snippet:-1, max-image-preview:large, max-video-preview:-1\" \/>\n<link rel=\"canonical\" href=\"https:\/\/koningdrone.be\/fr\/produit\/insta360-flow-creator-kit-grey\/\" \/>\n<meta property=\"og:locale\" content=\"fr_FR\" \/>\n<meta property=\"og:type\" content=\"article\" \/>\n<meta property=\"og:title\" content=\"Insta360 Flow Creator Kit Grey\" \/>\n<meta property=\"og:description\" content=\"3-assige stabilisatie voor vloeiende opnamenMagnetische telefoonklem, Flow SpotlightUSB-C en Lightning-kabelsIngebouwde selfie-stick\/statief, draagtas\" \/>\n<meta property=\"og:url\" content=\"https:\/\/koningdrone.be\/fr\/produit\/insta360-flow-creator-kit-grey\/\" \/>\n<meta property=\"og:site_name\" content=\"koningdrone.be\" \/>\n<meta property=\"article:modified_time\" content=\"2026-04-30T09:20:40+00:00\" \/>\n<meta property=\"og:image\" content=\"https:\/\/koningdrone.be\/wp-content\/uploads\/sites\/13\/2025\/04\/eng_pl_Insta360-Flow-Creator-Kit-Handheld-Gimbal-Grey-27670_1.webp\" \/>\n\t<meta property=\"og:image:width\" content=\"800\" \/>\n\t<meta property=\"og:image:height\" content=\"800\" \/>\n\t<meta property=\"og:image:type\" content=\"image\/webp\" \/>\n<meta name=\"twitter:card\" content=\"summary_large_image\" \/>\n<script type=\"application\/ld+json\" class=\"yoast-schema-graph\">{\"@context\":\"https:\/\/schema.org\",\"@graph\":[{\"@type\":\"WebPage\",\"@id\":\"https:\/\/koningdrone.be\/product\/insta360-flow-creator-kit-grey\/\",\"url\":\"https:\/\/koningdrone.be\/product\/insta360-flow-creator-kit-grey\/\",\"name\":\"Insta360 Flow Creator Kit Grey - koningdrone.be\",\"isPartOf\":{\"@id\":\"https:\/\/koningdrone.be\/#website\"},\"primaryImageOfPage\":{\"@id\":\"https:\/\/koningdrone.be\/product\/insta360-flow-creator-kit-grey\/#primaryimage\"},\"image\":{\"@id\":\"https:\/\/koningdrone.be\/product\/insta360-flow-creator-kit-grey\/#primaryimage\"},\"thumbnailUrl\":\"https:\/\/koningdrone.be\/wp-content\/uploads\/sites\/13\/2025\/04\/eng_pl_Insta360-Flow-Creator-Kit-Handheld-Gimbal-Grey-27670_1.webp\",\"datePublished\":\"2024-09-18T08:29:52+00:00\",\"dateModified\":\"2026-04-30T09:20:40+00:00\",\"breadcrumb\":{\"@id\":\"https:\/\/koningdrone.be\/product\/insta360-flow-creator-kit-grey\/#breadcrumb\"},\"inLanguage\":\"fr-BE\",\"potentialAction\":[{\"@type\":\"ReadAction\",\"target\":[\"https:\/\/koningdrone.be\/product\/insta360-flow-creator-kit-grey\/\"]}]},{\"@type\":\"ImageObject\",\"inLanguage\":\"fr-BE\",\"@id\":\"https:\/\/koningdrone.be\/product\/insta360-flow-creator-kit-grey\/#primaryimage\",\"url\":\"https:\/\/koningdrone.be\/wp-content\/uploads\/sites\/13\/2025\/04\/eng_pl_Insta360-Flow-Creator-Kit-Handheld-Gimbal-Grey-27670_1.webp\",\"contentUrl\":\"https:\/\/koningdrone.be\/wp-content\/uploads\/sites\/13\/2025\/04\/eng_pl_Insta360-Flow-Creator-Kit-Handheld-Gimbal-Grey-27670_1.webp\",\"width\":800,\"height\":800},{\"@type\":\"BreadcrumbList\",\"@id\":\"https:\/\/koningdrone.be\/product\/insta360-flow-creator-kit-grey\/#breadcrumb\",\"itemListElement\":[{\"@type\":\"ListItem\",\"position\":1,\"name\":\"Home\",\"item\":\"https:\/\/koningdrone.be\/\"},{\"@type\":\"ListItem\",\"position\":2,\"name\":\"AVSS Parachute Recovery System for DJI Matrice 300\/350\",\"item\":\"https:\/\/koningdrone.be\/product\/avss-parachute-recovery-system-for-dji-matrice-300-350\/\"},{\"@type\":\"ListItem\",\"position\":3,\"name\":\"Alle producten\",\"item\":\"https:\/\/koningdrone.be\/categorie\/alle-producten\/\"},{\"@type\":\"ListItem\",\"position\":4,\"name\":\"Insta360 Flow Creator Kit Grey\"}]},{\"@type\":\"WebSite\",\"@id\":\"https:\/\/koningdrone.be\/#website\",\"url\":\"https:\/\/koningdrone.be\/\",\"name\":\"Koningdrone.be - Uw online specialist in drones, gimbals, camera's en power stations.\",\"description\":\"De webshop in drones en gimbals\",\"publisher\":{\"@id\":\"https:\/\/koningdrone.be\/#organization\"},\"potentialAction\":[{\"@type\":\"SearchAction\",\"target\":{\"@type\":\"EntryPoint\",\"urlTemplate\":\"https:\/\/koningdrone.be\/?s={search_term_string}\"},\"query-input\":{\"@type\":\"PropertyValueSpecification\",\"valueRequired\":true,\"valueName\":\"search_term_string\"}}],\"inLanguage\":\"fr-BE\"},{\"@type\":\"Organization\",\"@id\":\"https:\/\/koningdrone.be\/#organization\",\"name\":\"Koningdrone.be\",\"url\":\"https:\/\/koningdrone.be\/\",\"logo\":{\"@type\":\"ImageObject\",\"inLanguage\":\"fr-BE\",\"@id\":\"https:\/\/koningdrone.be\/#\/schema\/logo\/image\/\",\"url\":\"https:\/\/koningdrone.be\/wp-content\/uploads\/sites\/13\/2025\/04\/koningdrone-copyright-logo.svg\",\"contentUrl\":\"https:\/\/koningdrone.be\/wp-content\/uploads\/sites\/13\/2025\/04\/koningdrone-copyright-logo.svg\",\"width\":227,\"height\":38,\"caption\":\"Koningdrone.be\"},\"image\":{\"@id\":\"https:\/\/koningdrone.be\/#\/schema\/logo\/image\/\"}}]}<\/script>\n<!-- \/ Yoast SEO Premium plugin. -->","yoast_head_json":{"title":"Insta360 Flow Creator Kit Grey - koningdrone.be","robots":{"index":"index","follow":"follow","max-snippet":"max-snippet:-1","max-image-preview":"max-image-preview:large","max-video-preview":"max-video-preview:-1"},"canonical":"https:\/\/koningdrone.be\/fr\/produit\/insta360-flow-creator-kit-grey\/","og_locale":"fr_FR","og_type":"article","og_title":"Insta360 Flow Creator Kit Grey","og_description":"3-assige stabilisatie voor vloeiende opnamenMagnetische telefoonklem, Flow SpotlightUSB-C en Lightning-kabelsIngebouwde selfie-stick\/statief, draagtas","og_url":"https:\/\/koningdrone.be\/fr\/produit\/insta360-flow-creator-kit-grey\/","og_site_name":"koningdrone.be","article_modified_time":"2026-04-30T09:20:40+00:00","og_image":[{"width":800,"height":800,"url":"https:\/\/koningdrone.be\/wp-content\/uploads\/sites\/13\/2025\/04\/eng_pl_Insta360-Flow-Creator-Kit-Handheld-Gimbal-Grey-27670_1.webp","type":"image\/webp"}],"twitter_card":"summary_large_image","schema":{"@context":"https:\/\/schema.org","@graph":[{"@type":"WebPage","@id":"https:\/\/koningdrone.be\/product\/insta360-flow-creator-kit-grey\/","url":"https:\/\/koningdrone.be\/product\/insta360-flow-creator-kit-grey\/","name":"Insta360 Flow Creator Kit Grey - koningdrone.be","isPartOf":{"@id":"https:\/\/koningdrone.be\/#website"},"primaryImageOfPage":{"@id":"https:\/\/koningdrone.be\/product\/insta360-flow-creator-kit-grey\/#primaryimage"},"image":{"@id":"https:\/\/koningdrone.be\/product\/insta360-flow-creator-kit-grey\/#primaryimage"},"thumbnailUrl":"https:\/\/koningdrone.be\/wp-content\/uploads\/sites\/13\/2025\/04\/eng_pl_Insta360-Flow-Creator-Kit-Handheld-Gimbal-Grey-27670_1.webp","datePublished":"2024-09-18T08:29:52+00:00","dateModified":"2026-04-30T09:20:40+00:00","breadcrumb":{"@id":"https:\/\/koningdrone.be\/product\/insta360-flow-creator-kit-grey\/#breadcrumb"},"inLanguage":"fr-BE","potentialAction":[{"@type":"ReadAction","target":["https:\/\/koningdrone.be\/product\/insta360-flow-creator-kit-grey\/"]}]},{"@type":"ImageObject","inLanguage":"fr-BE","@id":"https:\/\/koningdrone.be\/product\/insta360-flow-creator-kit-grey\/#primaryimage","url":"https:\/\/koningdrone.be\/wp-content\/uploads\/sites\/13\/2025\/04\/eng_pl_Insta360-Flow-Creator-Kit-Handheld-Gimbal-Grey-27670_1.webp","contentUrl":"https:\/\/koningdrone.be\/wp-content\/uploads\/sites\/13\/2025\/04\/eng_pl_Insta360-Flow-Creator-Kit-Handheld-Gimbal-Grey-27670_1.webp","width":800,"height":800},{"@type":"BreadcrumbList","@id":"https:\/\/koningdrone.be\/product\/insta360-flow-creator-kit-grey\/#breadcrumb","itemListElement":[{"@type":"ListItem","position":1,"name":"Home","item":"https:\/\/koningdrone.be\/"},{"@type":"ListItem","position":2,"name":"AVSS Parachute Recovery System for DJI Matrice 300\/350","item":"https:\/\/koningdrone.be\/product\/avss-parachute-recovery-system-for-dji-matrice-300-350\/"},{"@type":"ListItem","position":3,"name":"Alle producten","item":"https:\/\/koningdrone.be\/categorie\/alle-producten\/"},{"@type":"ListItem","position":4,"name":"Insta360 Flow Creator Kit Grey"}]},{"@type":"WebSite","@id":"https:\/\/koningdrone.be\/#website","url":"https:\/\/koningdrone.be\/","name":"Koningdrone.be - Votre sp\u00e9cialiste en ligne en mati\u00e8re de drones, de cardans, de cam\u00e9ras et de centrales \u00e9lectriques.","description":"La boutique en ligne de drones et de cardans","publisher":{"@id":"https:\/\/koningdrone.be\/#organization"},"potentialAction":[{"@type":"SearchAction","target":{"@type":"EntryPoint","urlTemplate":"https:\/\/koningdrone.be\/?s={search_term_string}"},"query-input":{"@type":"PropertyValueSpecification","valueRequired":true,"valueName":"search_term_string"}}],"inLanguage":"fr-BE"},{"@type":"Organization","@id":"https:\/\/koningdrone.be\/#organization","name":"Kingdrone.co.uk","url":"https:\/\/koningdrone.be\/","logo":{"@type":"ImageObject","inLanguage":"fr-BE","@id":"https:\/\/koningdrone.be\/#\/schema\/logo\/image\/","url":"https:\/\/koningdrone.be\/wp-content\/uploads\/sites\/13\/2025\/04\/koningdrone-copyright-logo.svg","contentUrl":"https:\/\/koningdrone.be\/wp-content\/uploads\/sites\/13\/2025\/04\/koningdrone-copyright-logo.svg","width":227,"height":38,"caption":"Koningdrone.be"},"image":{"@id":"https:\/\/koningdrone.be\/#\/schema\/logo\/image\/"}}]}},"df_price":"","df_sale_price":"","df_regular_price":"","df_image_link":"https:\/\/koningdrone.be\/wp-content\/uploads\/sites\/13\/2025\/04\/eng_pl_Insta360-Flow-Creator-Kit-Handheld-Gimbal-Grey-27670_1-300x300.webp","_links":{"self":[{"href":"https:\/\/koningdrone.be\/fr\/wp-json\/wp\/v2\/product\/2351","targetHints":{"allow":["GET"]}}],"collection":[{"href":"https:\/\/koningdrone.be\/fr\/wp-json\/wp\/v2\/product"}],"about":[{"href":"https:\/\/koningdrone.be\/fr\/wp-json\/wp\/v2\/types\/product"}],"wp:featuredmedia":[{"embeddable":true,"href":"https:\/\/koningdrone.be\/fr\/wp-json\/wp\/v2\/media\/2345"}],"wp:attachment":[{"href":"https:\/\/koningdrone.be\/fr\/wp-json\/wp\/v2\/media?parent=2351"}],"wp:term":[{"taxonomy":"product_brand","embeddable":true,"href":"https:\/\/koningdrone.be\/fr\/wp-json\/wp\/v2\/product_brand?post=2351"},{"taxonomy":"product_cat","embeddable":true,"href":"https:\/\/koningdrone.be\/fr\/wp-json\/wp\/v2\/product_cat?post=2351"},{"taxonomy":"product_tag","embeddable":true,"href":"https:\/\/koningdrone.be\/fr\/wp-json\/wp\/v2\/product_tag?post=2351"}],"curies":[{"name":"wp","href":"https:\/\/api.w.org\/{rel}","templated":true}]}}