{"id":2263,"date":"2024-09-18T10:31:14","date_gmt":"2024-09-18T08:31:14","guid":{"rendered":"https:\/\/koningdrone.nl\/kon\/product\/insta360-action-invisible-selfie-stick\/"},"modified":"2026-05-01T04:50:34","modified_gmt":"2026-05-01T02:50:34","slug":"insta360-action-invisible-selfie-stick","status":"publish","type":"product","link":"https:\/\/koningdrone.be\/fr\/produit\/insta360-action-invisible-selfie-stick\/","title":{"rendered":"B\u00e2ton de selfie invisible Insta360 Action"},"content":{"rendered":"<p>L'Insta360 Action Invisible Selfie Stick est un accessoire de haute qualit\u00e9 con\u00e7u pour une cr\u00e9ation de contenu transparente et immersive. Ce selfie stick innovant est con\u00e7u pour \u00eatre invisible dans vos prises de vue, ce qui vous permet de capturer des plans fluides et d\u00e9gag\u00e9s sans que le stick n'apparaisse dans vos vid\u00e9os. Id\u00e9al pour les sports d'action et les tournages dynamiques, le b\u00e2ton peut \u00eatre \u00e9tendu pour vous donner une plus grande port\u00e9e tout en restant invisible, ce qui \u00e9largit vos possibilit\u00e9s cr\u00e9atives.<\/p>","protected":false},"excerpt":{"rendered":"<ul>\n<li>Supprime automatiquement les prises de vue \u00e0 360\u00b0 pour des prises de vue incroyables \u00e0 la troisi\u00e8me personne et des angles impossibles.<\/li>\n<li>Remarque : lorsque ce produit est utilis\u00e9 avec Ace Pro &amp; Ace, les utilisateurs doivent acheter le support \u00e0 d\u00e9gagement rapide ou l'adaptateur 3 broches vers 1\/4\", vendus s\u00e9par\u00e9ment.<\/li>\n<li>Fibre de carbone solide et l\u00e9g\u00e8re.<\/li>\n<li>Conception ultra-durable pour les sports de haute intensit\u00e9 et l'action.<\/li>\n<li>Peut \u00eatre \u00e9tendu jusqu'\u00e0 1m (39in).<\/li>\n<\/ul>","protected":false},"featured_media":2258,"template":"","meta":{"_acf_changed":false},"product_brand":[],"product_cat":[97,343],"product_tag":[],"class_list":{"0":"post-2263","1":"product","2":"type-product","3":"status-publish","4":"has-post-thumbnail","6":"product_cat-alle-producten","7":"product_cat-insta360","8":"product_shipping_class-outofstock","9":"pa_brand-insta360","10":"pa_productfamily-selfie-stick","11":"pa_producttype-selfie-stick","12":"pa_series-insta360-go","14":"first","15":"outofstock","16":"taxable","17":"shipping-taxable","18":"purchasable","19":"product-type-simple"},"acf":[],"yoast_head":"<!-- This site is optimized with the Yoast SEO Premium plugin v27.2 (Yoast SEO v27.2) - https:\/\/yoast.com\/product\/yoast-seo-premium-wordpress\/ -->\n<title>Insta360 Action Invisible Selfie Stick - koningdrone.be<\/title>\n<meta name=\"robots\" content=\"index, follow, max-snippet:-1, max-image-preview:large, max-video-preview:-1\" \/>\n<link rel=\"canonical\" href=\"https:\/\/koningdrone.be\/fr\/produit\/insta360-action-invisible-selfie-stick\/\" \/>\n<meta property=\"og:locale\" content=\"fr_FR\" \/>\n<meta property=\"og:type\" content=\"article\" \/>\n<meta property=\"og:title\" content=\"Insta360 Action Invisible Selfie Stick\" \/>\n<meta property=\"og:description\" content=\"Wordt automatisch verwijderd in 360 opnamen voor ongelooflijke opnamen vanuit de derde persoon en onmogelijke hoeken.Opmerking: wanneer dit product wordt gebruikt met Ace Pro &amp; Ace, moeten gebruikers de Quick Release Mount of 3-prong naar 1\/4\u201d adapter kopen, afzonderlijk verkrijgbaar.Sterk en lichtgewicht koolstofvezel.Ultra-duurzaam ontwerp voor sporten en actie met hoge intensiteit.Kan worden verlengd tot 1m (39in).\" \/>\n<meta property=\"og:url\" content=\"https:\/\/koningdrone.be\/fr\/produit\/insta360-action-invisible-selfie-stick\/\" \/>\n<meta property=\"og:site_name\" content=\"koningdrone.be\" \/>\n<meta property=\"article:modified_time\" content=\"2026-05-01T02:50:34+00:00\" \/>\n<meta property=\"og:image\" content=\"https:\/\/koningdrone.be\/wp-content\/uploads\/sites\/13\/2025\/04\/2673_c7e01b78-97ea-4dca-9fa0-4214e6dfbcd7.webp\" \/>\n\t<meta property=\"og:image:width\" content=\"1280\" \/>\n\t<meta property=\"og:image:height\" content=\"1280\" \/>\n\t<meta property=\"og:image:type\" content=\"image\/webp\" \/>\n<meta name=\"twitter:card\" content=\"summary_large_image\" \/>\n<script type=\"application\/ld+json\" class=\"yoast-schema-graph\">{\"@context\":\"https:\/\/schema.org\",\"@graph\":[{\"@type\":\"WebPage\",\"@id\":\"https:\/\/koningdrone.be\/product\/insta360-action-invisible-selfie-stick\/\",\"url\":\"https:\/\/koningdrone.be\/product\/insta360-action-invisible-selfie-stick\/\",\"name\":\"Insta360 Action Invisible Selfie Stick - koningdrone.be\",\"isPartOf\":{\"@id\":\"https:\/\/koningdrone.be\/#website\"},\"primaryImageOfPage\":{\"@id\":\"https:\/\/koningdrone.be\/product\/insta360-action-invisible-selfie-stick\/#primaryimage\"},\"image\":{\"@id\":\"https:\/\/koningdrone.be\/product\/insta360-action-invisible-selfie-stick\/#primaryimage\"},\"thumbnailUrl\":\"https:\/\/koningdrone.be\/wp-content\/uploads\/sites\/13\/2025\/04\/2673_c7e01b78-97ea-4dca-9fa0-4214e6dfbcd7.webp\",\"datePublished\":\"2024-09-18T08:31:14+00:00\",\"dateModified\":\"2026-05-01T02:50:34+00:00\",\"breadcrumb\":{\"@id\":\"https:\/\/koningdrone.be\/product\/insta360-action-invisible-selfie-stick\/#breadcrumb\"},\"inLanguage\":\"fr-BE\",\"potentialAction\":[{\"@type\":\"ReadAction\",\"target\":[\"https:\/\/koningdrone.be\/product\/insta360-action-invisible-selfie-stick\/\"]}]},{\"@type\":\"ImageObject\",\"inLanguage\":\"fr-BE\",\"@id\":\"https:\/\/koningdrone.be\/product\/insta360-action-invisible-selfie-stick\/#primaryimage\",\"url\":\"https:\/\/koningdrone.be\/wp-content\/uploads\/sites\/13\/2025\/04\/2673_c7e01b78-97ea-4dca-9fa0-4214e6dfbcd7.webp\",\"contentUrl\":\"https:\/\/koningdrone.be\/wp-content\/uploads\/sites\/13\/2025\/04\/2673_c7e01b78-97ea-4dca-9fa0-4214e6dfbcd7.webp\",\"width\":1280,\"height\":1280},{\"@type\":\"BreadcrumbList\",\"@id\":\"https:\/\/koningdrone.be\/product\/insta360-action-invisible-selfie-stick\/#breadcrumb\",\"itemListElement\":[{\"@type\":\"ListItem\",\"position\":1,\"name\":\"Home\",\"item\":\"https:\/\/koningdrone.be\/\"},{\"@type\":\"ListItem\",\"position\":2,\"name\":\"AVSS Parachute Recovery System for DJI Matrice 300\/350\",\"item\":\"https:\/\/koningdrone.be\/product\/avss-parachute-recovery-system-for-dji-matrice-300-350\/\"},{\"@type\":\"ListItem\",\"position\":3,\"name\":\"Alle producten\",\"item\":\"https:\/\/koningdrone.be\/categorie\/alle-producten\/\"},{\"@type\":\"ListItem\",\"position\":4,\"name\":\"Insta360 Action Invisible Selfie Stick\"}]},{\"@type\":\"WebSite\",\"@id\":\"https:\/\/koningdrone.be\/#website\",\"url\":\"https:\/\/koningdrone.be\/\",\"name\":\"Koningdrone.be - Uw online specialist in drones, gimbals, camera's en power stations.\",\"description\":\"De webshop in drones en gimbals\",\"publisher\":{\"@id\":\"https:\/\/koningdrone.be\/#organization\"},\"potentialAction\":[{\"@type\":\"SearchAction\",\"target\":{\"@type\":\"EntryPoint\",\"urlTemplate\":\"https:\/\/koningdrone.be\/?s={search_term_string}\"},\"query-input\":{\"@type\":\"PropertyValueSpecification\",\"valueRequired\":true,\"valueName\":\"search_term_string\"}}],\"inLanguage\":\"fr-BE\"},{\"@type\":\"Organization\",\"@id\":\"https:\/\/koningdrone.be\/#organization\",\"name\":\"Koningdrone.be\",\"url\":\"https:\/\/koningdrone.be\/\",\"logo\":{\"@type\":\"ImageObject\",\"inLanguage\":\"fr-BE\",\"@id\":\"https:\/\/koningdrone.be\/#\/schema\/logo\/image\/\",\"url\":\"https:\/\/koningdrone.be\/wp-content\/uploads\/sites\/13\/2025\/04\/koningdrone-copyright-logo.svg\",\"contentUrl\":\"https:\/\/koningdrone.be\/wp-content\/uploads\/sites\/13\/2025\/04\/koningdrone-copyright-logo.svg\",\"width\":227,\"height\":38,\"caption\":\"Koningdrone.be\"},\"image\":{\"@id\":\"https:\/\/koningdrone.be\/#\/schema\/logo\/image\/\"}}]}<\/script>\n<!-- \/ Yoast SEO Premium plugin. -->","yoast_head_json":{"title":"Insta360 Action Invisible Selfie Stick - koningdrone.be","robots":{"index":"index","follow":"follow","max-snippet":"max-snippet:-1","max-image-preview":"max-image-preview:large","max-video-preview":"max-video-preview:-1"},"canonical":"https:\/\/koningdrone.be\/fr\/produit\/insta360-action-invisible-selfie-stick\/","og_locale":"fr_FR","og_type":"article","og_title":"Insta360 Action Invisible Selfie Stick","og_description":"Wordt automatisch verwijderd in 360 opnamen voor ongelooflijke opnamen vanuit de derde persoon en onmogelijke hoeken.Opmerking: wanneer dit product wordt gebruikt met Ace Pro &amp; Ace, moeten gebruikers de Quick Release Mount of 3-prong naar 1\/4\u201d adapter kopen, afzonderlijk verkrijgbaar.Sterk en lichtgewicht koolstofvezel.Ultra-duurzaam ontwerp voor sporten en actie met hoge intensiteit.Kan worden verlengd tot 1m (39in).","og_url":"https:\/\/koningdrone.be\/fr\/produit\/insta360-action-invisible-selfie-stick\/","og_site_name":"koningdrone.be","article_modified_time":"2026-05-01T02:50:34+00:00","og_image":[{"width":1280,"height":1280,"url":"https:\/\/koningdrone.be\/wp-content\/uploads\/sites\/13\/2025\/04\/2673_c7e01b78-97ea-4dca-9fa0-4214e6dfbcd7.webp","type":"image\/webp"}],"twitter_card":"summary_large_image","schema":{"@context":"https:\/\/schema.org","@graph":[{"@type":"WebPage","@id":"https:\/\/koningdrone.be\/product\/insta360-action-invisible-selfie-stick\/","url":"https:\/\/koningdrone.be\/product\/insta360-action-invisible-selfie-stick\/","name":"Insta360 Action Invisible Selfie Stick - koningdrone.be","isPartOf":{"@id":"https:\/\/koningdrone.be\/#website"},"primaryImageOfPage":{"@id":"https:\/\/koningdrone.be\/product\/insta360-action-invisible-selfie-stick\/#primaryimage"},"image":{"@id":"https:\/\/koningdrone.be\/product\/insta360-action-invisible-selfie-stick\/#primaryimage"},"thumbnailUrl":"https:\/\/koningdrone.be\/wp-content\/uploads\/sites\/13\/2025\/04\/2673_c7e01b78-97ea-4dca-9fa0-4214e6dfbcd7.webp","datePublished":"2024-09-18T08:31:14+00:00","dateModified":"2026-05-01T02:50:34+00:00","breadcrumb":{"@id":"https:\/\/koningdrone.be\/product\/insta360-action-invisible-selfie-stick\/#breadcrumb"},"inLanguage":"fr-BE","potentialAction":[{"@type":"ReadAction","target":["https:\/\/koningdrone.be\/product\/insta360-action-invisible-selfie-stick\/"]}]},{"@type":"ImageObject","inLanguage":"fr-BE","@id":"https:\/\/koningdrone.be\/product\/insta360-action-invisible-selfie-stick\/#primaryimage","url":"https:\/\/koningdrone.be\/wp-content\/uploads\/sites\/13\/2025\/04\/2673_c7e01b78-97ea-4dca-9fa0-4214e6dfbcd7.webp","contentUrl":"https:\/\/koningdrone.be\/wp-content\/uploads\/sites\/13\/2025\/04\/2673_c7e01b78-97ea-4dca-9fa0-4214e6dfbcd7.webp","width":1280,"height":1280},{"@type":"BreadcrumbList","@id":"https:\/\/koningdrone.be\/product\/insta360-action-invisible-selfie-stick\/#breadcrumb","itemListElement":[{"@type":"ListItem","position":1,"name":"Home","item":"https:\/\/koningdrone.be\/"},{"@type":"ListItem","position":2,"name":"AVSS Parachute Recovery System for DJI Matrice 300\/350","item":"https:\/\/koningdrone.be\/product\/avss-parachute-recovery-system-for-dji-matrice-300-350\/"},{"@type":"ListItem","position":3,"name":"Alle producten","item":"https:\/\/koningdrone.be\/categorie\/alle-producten\/"},{"@type":"ListItem","position":4,"name":"Insta360 Action Invisible Selfie Stick"}]},{"@type":"WebSite","@id":"https:\/\/koningdrone.be\/#website","url":"https:\/\/koningdrone.be\/","name":"Koningdrone.be - Votre sp\u00e9cialiste en ligne en mati\u00e8re de drones, de cardans, de cam\u00e9ras et de centrales \u00e9lectriques.","description":"La boutique en ligne de drones et de cardans","publisher":{"@id":"https:\/\/koningdrone.be\/#organization"},"potentialAction":[{"@type":"SearchAction","target":{"@type":"EntryPoint","urlTemplate":"https:\/\/koningdrone.be\/?s={search_term_string}"},"query-input":{"@type":"PropertyValueSpecification","valueRequired":true,"valueName":"search_term_string"}}],"inLanguage":"fr-BE"},{"@type":"Organization","@id":"https:\/\/koningdrone.be\/#organization","name":"Kingdrone.co.uk","url":"https:\/\/koningdrone.be\/","logo":{"@type":"ImageObject","inLanguage":"fr-BE","@id":"https:\/\/koningdrone.be\/#\/schema\/logo\/image\/","url":"https:\/\/koningdrone.be\/wp-content\/uploads\/sites\/13\/2025\/04\/koningdrone-copyright-logo.svg","contentUrl":"https:\/\/koningdrone.be\/wp-content\/uploads\/sites\/13\/2025\/04\/koningdrone-copyright-logo.svg","width":227,"height":38,"caption":"Koningdrone.be"},"image":{"@id":"https:\/\/koningdrone.be\/#\/schema\/logo\/image\/"}}]}},"df_price":59,"df_sale_price":"","df_regular_price":59,"df_image_link":"https:\/\/koningdrone.be\/wp-content\/uploads\/sites\/13\/2025\/04\/2673_c7e01b78-97ea-4dca-9fa0-4214e6dfbcd7-300x300.webp","_links":{"self":[{"href":"https:\/\/koningdrone.be\/fr\/wp-json\/wp\/v2\/product\/2263","targetHints":{"allow":["GET"]}}],"collection":[{"href":"https:\/\/koningdrone.be\/fr\/wp-json\/wp\/v2\/product"}],"about":[{"href":"https:\/\/koningdrone.be\/fr\/wp-json\/wp\/v2\/types\/product"}],"wp:featuredmedia":[{"embeddable":true,"href":"https:\/\/koningdrone.be\/fr\/wp-json\/wp\/v2\/media\/2258"}],"wp:attachment":[{"href":"https:\/\/koningdrone.be\/fr\/wp-json\/wp\/v2\/media?parent=2263"}],"wp:term":[{"taxonomy":"product_brand","embeddable":true,"href":"https:\/\/koningdrone.be\/fr\/wp-json\/wp\/v2\/product_brand?post=2263"},{"taxonomy":"product_cat","embeddable":true,"href":"https:\/\/koningdrone.be\/fr\/wp-json\/wp\/v2\/product_cat?post=2263"},{"taxonomy":"product_tag","embeddable":true,"href":"https:\/\/koningdrone.be\/fr\/wp-json\/wp\/v2\/product_tag?post=2263"}],"curies":[{"name":"wp","href":"https:\/\/api.w.org\/{rel}","templated":true}]}}