{"id":2197,"date":"2024-09-18T10:31:49","date_gmt":"2024-09-18T08:31:49","guid":{"rendered":"https:\/\/koningdrone.nl\/kon\/product\/insta360-invisible-selfie-stick-gold-edition\/"},"modified":"2026-04-30T11:20:49","modified_gmt":"2026-04-30T09:20:49","slug":"insta360-invisible-selfie-stick-gold-edition","status":"publish","type":"product","link":"https:\/\/koningdrone.be\/fr\/produit\/insta360-invisible-selfie-stick-gold-edition\/","title":{"rendered":"Insta360 Invisible Selfie Stick Gold Edition"},"content":{"rendered":"<p>L'Insta360 Selfie Stick est un accessoire polyvalent et extensible con\u00e7u pour r\u00e9aliser des prises de vue dynamiques et immersives. Gr\u00e2ce \u00e0 sa construction l\u00e9g\u00e8re et durable, il est extensible pour une plus grande port\u00e9e tout en restant discret dans vos prises de vue. Il est id\u00e9al pour les selfies, les photos de groupe et les photos d'action et garantit un contenu stable et de haute qualit\u00e9.<\/p>","protected":false},"excerpt":{"rendered":"<ul>\n<li>Supprime automatiquement les prises de vue \u00e0 360\u00b0 pour des prises de vue incroyables \u00e0 la troisi\u00e8me personne et des angles impossibles.<\/li>\n<li>Remarque : lorsque ce produit est utilis\u00e9 avec Ace Pro et Ace, les utilisateurs doivent acheter le support \u00e0 d\u00e9gagement rapide ou l'adaptateur 3 broches vers 1\/4\", vendus s\u00e9par\u00e9ment.<\/li>\n<li>Sa conception tr\u00e8s l\u00e9g\u00e8re permet de le transporter facilement pendant de longues p\u00e9riodes.<\/li>\n<li>Mat\u00e9riaux tr\u00e8s solides pour une utilisation stable avec les cam\u00e9ras Insta360.<\/li>\n<li>Nouvelle structure d'extension ultra-durable.<\/li>\n<li>Pour une meilleure stabilit\u00e9, n'allongez le b\u00e2ton de selfie que jusqu'\u00e0 2 sections (~70 cm) avec la ONE RS 1-Inch 360 Edition. Si vous allongez le b\u00e2ton de selfie plus longtemps, proc\u00e9dez avec discernement et \u00e9valuez la stabilit\u00e9 de la cam\u00e9ra pendant que vous filmez. N'utilisez pas de longues perches \u00e0 selfie \u00e0 des vitesses \u00e9lev\u00e9es ou dans des sc\u00e9narios d'action.<\/li>\n<li>L'effet Selfie Stick invisible ne peut \u00eatre obtenu qu'avec des cam\u00e9ras 360.<\/li>\n<li>Nous recommandons d'utiliser le manchon pour b\u00e2ton de selfie pour une meilleure exp\u00e9rience de prise de vue.<\/li>\n<\/ul>","protected":false},"featured_media":2193,"template":"","meta":{"_acf_changed":false},"product_brand":[],"product_cat":[97,343],"product_tag":[],"class_list":{"0":"post-2197","1":"product","2":"type-product","3":"status-publish","4":"has-post-thumbnail","6":"product_cat-alle-producten","7":"product_cat-insta360","8":"product_shipping_class-outofstock","9":"pa_brand-insta360","10":"pa_productfamily-selfie-stick","11":"pa_producttype-selfie-stick","12":"pa_series-insta360-go","14":"first","15":"outofstock","16":"taxable","17":"shipping-taxable","18":"product-type-simple"},"acf":[],"yoast_head":"<!-- This site is optimized with the Yoast SEO Premium plugin v27.2 (Yoast SEO v27.2) - https:\/\/yoast.com\/product\/yoast-seo-premium-wordpress\/ -->\n<title>Insta360 Invisible Selfie Stick Gold Edition - koningdrone.be<\/title>\n<meta name=\"robots\" content=\"index, follow, max-snippet:-1, max-image-preview:large, max-video-preview:-1\" \/>\n<link rel=\"canonical\" href=\"https:\/\/koningdrone.be\/fr\/produit\/insta360-invisible-selfie-stick-gold-edition\/\" \/>\n<meta property=\"og:locale\" content=\"fr_FR\" \/>\n<meta property=\"og:type\" content=\"article\" \/>\n<meta property=\"og:title\" content=\"Insta360 Invisible Selfie Stick Gold Edition\" \/>\n<meta property=\"og:description\" content=\"Wordt automatisch verwijderd in 360 opnamen voor ongelooflijke opnamen vanuit de derde persoon en onmogelijke hoeken.Opmerking: wanneer dit product wordt gebruikt met Ace Pro &amp; Ace, moeten gebruikers de Quick Release Mount of 3-prong naar 1\/4\u201d Adapter aanschaffen, afzonderlijk verkrijgbaar.Superlicht ontwerp maakt het gemakkelijk om mee te nemen voor langere periodes.Zeer sterke materialen voor stabiel gebruik met Insta360-camera&#039;s.Nieuwe, ultra-duurzame verlengstructuur.Voor de beste stabiliteit, verleng de selfie stick alleen tot 2 secties (~70cm) met de ONE RS 1-Inch 360 Edition. Als je de selfie stick langer uitschuift, ga dan discreet te werk en beoordeel de stabiliteit van de camera tijdens het filmen. Gebruik geen lange selfie sticks bij hoge snelheden of in actiescenario&#039;s.Invisible Selfie Stick effect kan alleen worden bereikt met 360 camera&#039;s.We raden aan de Selfie Stick Sleeve te gebruiken voor een betere opname-ervaring.\" \/>\n<meta property=\"og:url\" content=\"https:\/\/koningdrone.be\/fr\/produit\/insta360-invisible-selfie-stick-gold-edition\/\" \/>\n<meta property=\"og:site_name\" content=\"koningdrone.be\" \/>\n<meta property=\"article:modified_time\" content=\"2026-04-30T09:20:49+00:00\" \/>\n<meta property=\"og:image\" content=\"https:\/\/koningdrone.be\/wp-content\/uploads\/sites\/13\/2025\/04\/2673_1ec40766-681e-40e6-9592-88bb65c8e34a.webp\" \/>\n\t<meta property=\"og:image:width\" content=\"1280\" \/>\n\t<meta property=\"og:image:height\" content=\"1280\" \/>\n\t<meta property=\"og:image:type\" content=\"image\/webp\" \/>\n<meta name=\"twitter:card\" content=\"summary_large_image\" \/>\n<script type=\"application\/ld+json\" class=\"yoast-schema-graph\">{\"@context\":\"https:\/\/schema.org\",\"@graph\":[{\"@type\":\"WebPage\",\"@id\":\"https:\/\/koningdrone.be\/product\/insta360-invisible-selfie-stick-gold-edition\/\",\"url\":\"https:\/\/koningdrone.be\/product\/insta360-invisible-selfie-stick-gold-edition\/\",\"name\":\"Insta360 Invisible Selfie Stick Gold Edition - koningdrone.be\",\"isPartOf\":{\"@id\":\"https:\/\/koningdrone.be\/#website\"},\"primaryImageOfPage\":{\"@id\":\"https:\/\/koningdrone.be\/product\/insta360-invisible-selfie-stick-gold-edition\/#primaryimage\"},\"image\":{\"@id\":\"https:\/\/koningdrone.be\/product\/insta360-invisible-selfie-stick-gold-edition\/#primaryimage\"},\"thumbnailUrl\":\"https:\/\/koningdrone.be\/wp-content\/uploads\/sites\/13\/2025\/04\/2673_1ec40766-681e-40e6-9592-88bb65c8e34a.webp\",\"datePublished\":\"2024-09-18T08:31:49+00:00\",\"dateModified\":\"2026-04-30T09:20:49+00:00\",\"breadcrumb\":{\"@id\":\"https:\/\/koningdrone.be\/product\/insta360-invisible-selfie-stick-gold-edition\/#breadcrumb\"},\"inLanguage\":\"fr-BE\",\"potentialAction\":[{\"@type\":\"ReadAction\",\"target\":[\"https:\/\/koningdrone.be\/product\/insta360-invisible-selfie-stick-gold-edition\/\"]}]},{\"@type\":\"ImageObject\",\"inLanguage\":\"fr-BE\",\"@id\":\"https:\/\/koningdrone.be\/product\/insta360-invisible-selfie-stick-gold-edition\/#primaryimage\",\"url\":\"https:\/\/koningdrone.be\/wp-content\/uploads\/sites\/13\/2025\/04\/2673_1ec40766-681e-40e6-9592-88bb65c8e34a.webp\",\"contentUrl\":\"https:\/\/koningdrone.be\/wp-content\/uploads\/sites\/13\/2025\/04\/2673_1ec40766-681e-40e6-9592-88bb65c8e34a.webp\",\"width\":1280,\"height\":1280},{\"@type\":\"BreadcrumbList\",\"@id\":\"https:\/\/koningdrone.be\/product\/insta360-invisible-selfie-stick-gold-edition\/#breadcrumb\",\"itemListElement\":[{\"@type\":\"ListItem\",\"position\":1,\"name\":\"Home\",\"item\":\"https:\/\/koningdrone.be\/\"},{\"@type\":\"ListItem\",\"position\":2,\"name\":\"AVSS Parachute Recovery System for DJI Matrice 300\/350\",\"item\":\"https:\/\/koningdrone.be\/product\/avss-parachute-recovery-system-for-dji-matrice-300-350\/\"},{\"@type\":\"ListItem\",\"position\":3,\"name\":\"Alle producten\",\"item\":\"https:\/\/koningdrone.be\/categorie\/alle-producten\/\"},{\"@type\":\"ListItem\",\"position\":4,\"name\":\"Insta360 Invisible Selfie Stick Gold Edition\"}]},{\"@type\":\"WebSite\",\"@id\":\"https:\/\/koningdrone.be\/#website\",\"url\":\"https:\/\/koningdrone.be\/\",\"name\":\"Koningdrone.be - Uw online specialist in drones, gimbals, camera's en power stations.\",\"description\":\"De webshop in drones en gimbals\",\"publisher\":{\"@id\":\"https:\/\/koningdrone.be\/#organization\"},\"potentialAction\":[{\"@type\":\"SearchAction\",\"target\":{\"@type\":\"EntryPoint\",\"urlTemplate\":\"https:\/\/koningdrone.be\/?s={search_term_string}\"},\"query-input\":{\"@type\":\"PropertyValueSpecification\",\"valueRequired\":true,\"valueName\":\"search_term_string\"}}],\"inLanguage\":\"fr-BE\"},{\"@type\":\"Organization\",\"@id\":\"https:\/\/koningdrone.be\/#organization\",\"name\":\"Koningdrone.be\",\"url\":\"https:\/\/koningdrone.be\/\",\"logo\":{\"@type\":\"ImageObject\",\"inLanguage\":\"fr-BE\",\"@id\":\"https:\/\/koningdrone.be\/#\/schema\/logo\/image\/\",\"url\":\"https:\/\/koningdrone.be\/wp-content\/uploads\/sites\/13\/2025\/04\/koningdrone-copyright-logo.svg\",\"contentUrl\":\"https:\/\/koningdrone.be\/wp-content\/uploads\/sites\/13\/2025\/04\/koningdrone-copyright-logo.svg\",\"width\":227,\"height\":38,\"caption\":\"Koningdrone.be\"},\"image\":{\"@id\":\"https:\/\/koningdrone.be\/#\/schema\/logo\/image\/\"}}]}<\/script>\n<!-- \/ Yoast SEO Premium plugin. -->","yoast_head_json":{"title":"Insta360 Invisible Selfie Stick Gold Edition - koningdrone.be","robots":{"index":"index","follow":"follow","max-snippet":"max-snippet:-1","max-image-preview":"max-image-preview:large","max-video-preview":"max-video-preview:-1"},"canonical":"https:\/\/koningdrone.be\/fr\/produit\/insta360-invisible-selfie-stick-gold-edition\/","og_locale":"fr_FR","og_type":"article","og_title":"Insta360 Invisible Selfie Stick Gold Edition","og_description":"Wordt automatisch verwijderd in 360 opnamen voor ongelooflijke opnamen vanuit de derde persoon en onmogelijke hoeken.Opmerking: wanneer dit product wordt gebruikt met Ace Pro &amp; Ace, moeten gebruikers de Quick Release Mount of 3-prong naar 1\/4\u201d Adapter aanschaffen, afzonderlijk verkrijgbaar.Superlicht ontwerp maakt het gemakkelijk om mee te nemen voor langere periodes.Zeer sterke materialen voor stabiel gebruik met Insta360-camera's.Nieuwe, ultra-duurzame verlengstructuur.Voor de beste stabiliteit, verleng de selfie stick alleen tot 2 secties (~70cm) met de ONE RS 1-Inch 360 Edition. Als je de selfie stick langer uitschuift, ga dan discreet te werk en beoordeel de stabiliteit van de camera tijdens het filmen. Gebruik geen lange selfie sticks bij hoge snelheden of in actiescenario's.Invisible Selfie Stick effect kan alleen worden bereikt met 360 camera's.We raden aan de Selfie Stick Sleeve te gebruiken voor een betere opname-ervaring.","og_url":"https:\/\/koningdrone.be\/fr\/produit\/insta360-invisible-selfie-stick-gold-edition\/","og_site_name":"koningdrone.be","article_modified_time":"2026-04-30T09:20:49+00:00","og_image":[{"width":1280,"height":1280,"url":"https:\/\/koningdrone.be\/wp-content\/uploads\/sites\/13\/2025\/04\/2673_1ec40766-681e-40e6-9592-88bb65c8e34a.webp","type":"image\/webp"}],"twitter_card":"summary_large_image","schema":{"@context":"https:\/\/schema.org","@graph":[{"@type":"WebPage","@id":"https:\/\/koningdrone.be\/product\/insta360-invisible-selfie-stick-gold-edition\/","url":"https:\/\/koningdrone.be\/product\/insta360-invisible-selfie-stick-gold-edition\/","name":"Insta360 Invisible Selfie Stick Gold Edition - koningdrone.be","isPartOf":{"@id":"https:\/\/koningdrone.be\/#website"},"primaryImageOfPage":{"@id":"https:\/\/koningdrone.be\/product\/insta360-invisible-selfie-stick-gold-edition\/#primaryimage"},"image":{"@id":"https:\/\/koningdrone.be\/product\/insta360-invisible-selfie-stick-gold-edition\/#primaryimage"},"thumbnailUrl":"https:\/\/koningdrone.be\/wp-content\/uploads\/sites\/13\/2025\/04\/2673_1ec40766-681e-40e6-9592-88bb65c8e34a.webp","datePublished":"2024-09-18T08:31:49+00:00","dateModified":"2026-04-30T09:20:49+00:00","breadcrumb":{"@id":"https:\/\/koningdrone.be\/product\/insta360-invisible-selfie-stick-gold-edition\/#breadcrumb"},"inLanguage":"fr-BE","potentialAction":[{"@type":"ReadAction","target":["https:\/\/koningdrone.be\/product\/insta360-invisible-selfie-stick-gold-edition\/"]}]},{"@type":"ImageObject","inLanguage":"fr-BE","@id":"https:\/\/koningdrone.be\/product\/insta360-invisible-selfie-stick-gold-edition\/#primaryimage","url":"https:\/\/koningdrone.be\/wp-content\/uploads\/sites\/13\/2025\/04\/2673_1ec40766-681e-40e6-9592-88bb65c8e34a.webp","contentUrl":"https:\/\/koningdrone.be\/wp-content\/uploads\/sites\/13\/2025\/04\/2673_1ec40766-681e-40e6-9592-88bb65c8e34a.webp","width":1280,"height":1280},{"@type":"BreadcrumbList","@id":"https:\/\/koningdrone.be\/product\/insta360-invisible-selfie-stick-gold-edition\/#breadcrumb","itemListElement":[{"@type":"ListItem","position":1,"name":"Home","item":"https:\/\/koningdrone.be\/"},{"@type":"ListItem","position":2,"name":"AVSS Parachute Recovery System for DJI Matrice 300\/350","item":"https:\/\/koningdrone.be\/product\/avss-parachute-recovery-system-for-dji-matrice-300-350\/"},{"@type":"ListItem","position":3,"name":"Alle producten","item":"https:\/\/koningdrone.be\/categorie\/alle-producten\/"},{"@type":"ListItem","position":4,"name":"Insta360 Invisible Selfie Stick Gold Edition"}]},{"@type":"WebSite","@id":"https:\/\/koningdrone.be\/#website","url":"https:\/\/koningdrone.be\/","name":"Koningdrone.be - Votre sp\u00e9cialiste en ligne en mati\u00e8re de drones, de cardans, de cam\u00e9ras et de centrales \u00e9lectriques.","description":"La boutique en ligne de drones et de cardans","publisher":{"@id":"https:\/\/koningdrone.be\/#organization"},"potentialAction":[{"@type":"SearchAction","target":{"@type":"EntryPoint","urlTemplate":"https:\/\/koningdrone.be\/?s={search_term_string}"},"query-input":{"@type":"PropertyValueSpecification","valueRequired":true,"valueName":"search_term_string"}}],"inLanguage":"fr-BE"},{"@type":"Organization","@id":"https:\/\/koningdrone.be\/#organization","name":"Kingdrone.co.uk","url":"https:\/\/koningdrone.be\/","logo":{"@type":"ImageObject","inLanguage":"fr-BE","@id":"https:\/\/koningdrone.be\/#\/schema\/logo\/image\/","url":"https:\/\/koningdrone.be\/wp-content\/uploads\/sites\/13\/2025\/04\/koningdrone-copyright-logo.svg","contentUrl":"https:\/\/koningdrone.be\/wp-content\/uploads\/sites\/13\/2025\/04\/koningdrone-copyright-logo.svg","width":227,"height":38,"caption":"Koningdrone.be"},"image":{"@id":"https:\/\/koningdrone.be\/#\/schema\/logo\/image\/"}}]}},"df_price":"","df_sale_price":"","df_regular_price":"","df_image_link":"https:\/\/koningdrone.be\/wp-content\/uploads\/sites\/13\/2025\/04\/2673_1ec40766-681e-40e6-9592-88bb65c8e34a-300x300.webp","_links":{"self":[{"href":"https:\/\/koningdrone.be\/fr\/wp-json\/wp\/v2\/product\/2197","targetHints":{"allow":["GET"]}}],"collection":[{"href":"https:\/\/koningdrone.be\/fr\/wp-json\/wp\/v2\/product"}],"about":[{"href":"https:\/\/koningdrone.be\/fr\/wp-json\/wp\/v2\/types\/product"}],"wp:featuredmedia":[{"embeddable":true,"href":"https:\/\/koningdrone.be\/fr\/wp-json\/wp\/v2\/media\/2193"}],"wp:attachment":[{"href":"https:\/\/koningdrone.be\/fr\/wp-json\/wp\/v2\/media?parent=2197"}],"wp:term":[{"taxonomy":"product_brand","embeddable":true,"href":"https:\/\/koningdrone.be\/fr\/wp-json\/wp\/v2\/product_brand?post=2197"},{"taxonomy":"product_cat","embeddable":true,"href":"https:\/\/koningdrone.be\/fr\/wp-json\/wp\/v2\/product_cat?post=2197"},{"taxonomy":"product_tag","embeddable":true,"href":"https:\/\/koningdrone.be\/fr\/wp-json\/wp\/v2\/product_tag?post=2197"}],"curies":[{"name":"wp","href":"https:\/\/api.w.org\/{rel}","templated":true}]}}