{"id":2114,"date":"2024-10-16T07:57:55","date_gmt":"2024-10-16T05:57:55","guid":{"rendered":"https:\/\/koningdrone.nl\/kon\/product\/dji-air-3s-fly-more-combo-dji-rc-n3\/"},"modified":"2026-04-29T15:11:03","modified_gmt":"2026-04-29T13:11:03","slug":"dji-air-3s-fly-more-combo-dji-rc-n3","status":"publish","type":"product","link":"https:\/\/koningdrone.be\/fr\/produit\/dji-air-3s-fly-more-combo-dji-rc-n3\/","title":{"rendered":"DJI Air 3S Fly More Combo (DJI RC-N3)"},"content":{"rendered":"<h3>DJI Air 3S Fly More Combo : Cr\u00e9ativit\u00e9 sans limite, de jour comme de nuit<\/h3>\n<p><iframe loading=\"lazy\" title=\"Voici le DJI Air 3S\" width=\"800\" height=\"450\" src=\"https:\/\/www.youtube.com\/embed\/4fhl9F8DZDU?feature=oembed&#038;enablejsapi=1&#038;origin=https:\/\/koningdrone.be\" frameborder=\"0\" allow=\"accelerometer; autoplay; clipboard-write; encrypted-media; gyroscope; picture-in-picture; web-share\" referrerpolicy=\"strict-origin-when-cross-origin\" allowfullscreen><\/iframe><\/p>\n<p style=\"margin: 20px 0\">Le <strong>DJI Air 3S avec DJI RC-N3<\/strong> est le drone hybride ultime pour les photographes s\u00e9rieux. Il s'agit de la premi\u00e8re plateforme de son segment \u00e0 \u00eatre dot\u00e9e d'un puissant moteur \u00e0 combustion interne. <strong>Appareil photo principal CMOS de 1 pouce<\/strong> s'associe \u00e0 un service sp\u00e9cialis\u00e9 de <strong>Capteur LiDAR<\/strong> pour une s\u00e9curit\u00e9 sans pr\u00e9c\u00e9dent dans l'obscurit\u00e9. Qu'il s'agisse de capturer les textures subtiles d'un coucher de soleil avec une plage dynamique de 14 arr\u00eats ou de prendre des photos d'action fluides avec le t\u00e9l\u00e9objectif, l'Air 3S offre des r\u00e9sultats de niveau professionnel. Le Combo Fly More avec le <strong>Contr\u00f4leur intelligent RC-N3<\/strong> vous offre un flux de travail totalement ind\u00e9pendant et le temps de vol suppl\u00e9mentaire n\u00e9cessaire pour \u00e9puiser chaque site unique.<\/p>\n<p><a href=\"https:\/\/koningdrone.nl\/wp-content\/uploads\/2024\/10\/DJI-Air-3S-Fly-More-Combo-DJI-RC-N3.jpg\"><img loading=\"lazy\" decoding=\"async\" class=\"size-medium wp-image-472549 aligncenter\" src=\"https:\/\/koningdrone.nl\/wp-content\/uploads\/2024\/10\/DJI-Air-3S-Fly-More-Combo-DJI-RC-N3-300x300.jpg\" alt=\"DJI Air 3S Fly More Combo (DJI RC-N3)\" width=\"300\" height=\"300\" \/><\/a><\/p>\n<h4>Syst\u00e8me de double cam\u00e9ra primaire et s\u00e9curit\u00e9 LiDAR<\/h4>\n<p>L'Air 3S offre une polyvalence optique qui rehausse la norme de l'industrie :<\/p>\n<ul>\n<li><strong>Double source d'alimentation :<\/strong> L'appareil photo principal de 50 MP (1 pouce) excelle dans les situations de faible luminosit\u00e9 et de fort contraste, tandis que l'appareil photo t\u00e9l\u00e9m\u00e9trique moyen de 48 MP (70 mm) assure une superbe compression cin\u00e9matographique. Les deux cam\u00e9ras prennent en charge <strong>4K\/60 fps HDR<\/strong> et une impressionnante <strong>4K\/120 images par seconde au ralenti<\/strong>.<\/li>\n<li><strong>Pionnier de la s\u00e9curit\u00e9 nocturne :<\/strong> Gr\u00e2ce \u00e0 l'ajout de <strong>LiDAR orient\u00e9 vers l'avant<\/strong> l'Air 3S peut d\u00e9tecter des obstacles dans des environnements o\u00f9 les capteurs visuels traditionnels \u00e9chouent. La d\u00e9tection omnidirectionnelle des obstacles est ainsi fiable lors des vols de nuit ou dans les for\u00eats denses.<\/li>\n<li><strong>Gamme dynamique sup\u00e9rieure :<\/strong> Avec une plage allant jusqu'\u00e0 14 diaphragmes, l'Air 3S conserve les d\u00e9tails dans les ombres les plus profondes et les hautes lumi\u00e8res, ce qui est essentiel pour le post-traitement professionnel et la correction des couleurs.<\/li>\n<\/ul>\n<p>RC-N3 Smart Control &amp; Fly More Endurance<\/p>\n<p>Le mat\u00e9riel est con\u00e7u pour une efficacit\u00e9 op\u00e9rationnelle maximale sur site :<\/p>\n<ul>\n<li><strong>Contr\u00f4leur DJI RC-N3 Smart :<\/strong> Profitez d'une exp\u00e9rience de vol sans interf\u00e9rence avec le RC-N3 inclus. Le <strong>\u00e9cran lumineux int\u00e9gr\u00e9<\/strong> \u00e9limine la n\u00e9cessit\u00e9 d'utiliser un smartphone et fournit un flux en direct stable et clair comme du cristal gr\u00e2ce au syst\u00e8me de transmission avanc\u00e9 O4.<\/li>\n<li><strong>Paquet \"Voler plus\" :<\/strong> Ce combo est votre ticket pour une productivit\u00e9 ininterrompue. Avec trois batteries de vol intelligentes au total, une station de charge pratique et un jeu d'h\u00e9lices de rechange, vous pouvez filmer pendant des heures sans avoir \u00e0 revenir \u00e0 une prise de courant.<\/li>\n<li><strong>Suivi intelligent et panorama :<\/strong> Utilisation <strong>ActiveTrack 360\u00b0<\/strong> pour suivre votre sujet en douceur, m\u00eame dans des environnements complexes. La nouvelle fonction \u201cPanorama libre\u201d vous permet \u00e9galement de s\u00e9lectionner manuellement la zone que vous souhaitez capturer dans un panorama \u00e0 tr\u00e8s haute r\u00e9solution.<\/li>\n<\/ul>\n<p><a href=\"https:\/\/koningdrone.nl\/wp-content\/uploads\/2024\/10\/DJI-Air-3S-Fly-More-Combo-DJI-RC-N3-Product.jpg\"><img loading=\"lazy\" decoding=\"async\" class=\"size-medium wp-image-472544 aligncenter\" src=\"https:\/\/koningdrone.nl\/wp-content\/uploads\/2024\/10\/DJI-Air-3S-Fly-More-Combo-DJI-RC-N3-Product-300x300.jpg\" alt=\"DJI Air 3S Fly More Combo (DJI RC-N3) Product\" width=\"300\" height=\"300\" \/><\/a><\/p>\n<h4>Pourquoi le combo DJI Air 3S Fly More est indispensable<\/h4>\n<p>Le DJI Air 3S Fly More Combo avec RC-N3 est l'investissement le plus judicieux pour le photographe voyageur et le vid\u00e9aste professionnel. Le syst\u00e8me comble le foss\u00e9 entre la portabilit\u00e9 et les performances haut de gamme. Gr\u00e2ce \u00e0 la technologie LiDAR et au capteur 1 pouce, vous n'aurez jamais \u00e0 renoncer \u00e0 une prise de vue parce qu'elle est trop sombre ou dangereuse. Avec les batteries suppl\u00e9mentaires et le puissant contr\u00f4leur, vous \u00eates toujours pr\u00eat \u00e0 capturer le monde d'un point de vue unique et s\u00fbr.<\/p>","protected":false},"excerpt":{"rendered":"<ul>\n<li>Double appareil photo avanc\u00e9 : CMOS 1 pouce + appareil photo \u00e0 t\u00e9l\u00e9objectif moyen pour des prises de vue d\u00e9taill\u00e9es<\/li>\n<li>Accessoires Fly More : batteries, h\u00e9lices et station de charge suppl\u00e9mentaires pour une dur\u00e9e de vol plus longue<\/li>\n<li>4K HDR et vid\u00e9o au ralenti : des images de haute qualit\u00e9 pour des projets cr\u00e9atifs<\/li>\n<li>D\u00e9tection omnidirectionnelle d'obstacles avec LiDAR : s\u00e9curit\u00e9 maximale \u00e0 chaque vol<\/li>\n<li>Contr\u00f4leur DJI RC-N3 : \u00e9cran lumineux int\u00e9gr\u00e9 et commandes avanc\u00e9es<\/li>\n<\/ul>","protected":false},"featured_media":18834,"template":"","meta":{"_acf_changed":false},"product_brand":[],"product_cat":[335,99],"product_tag":[],"class_list":{"0":"post-2114","1":"product","2":"type-product","3":"status-publish","4":"has-post-thumbnail","6":"product_cat-dji-air-3s","7":"product_cat-drones-met-certificaat","8":"product_shipping_class-outofstock","9":"pa_brand-dji","10":"pa_producttype-drone","11":"pa_series-air","13":"first","14":"outofstock","15":"taxable","16":"shipping-taxable","17":"purchasable","18":"product-type-simple"},"acf":[],"yoast_head":"<!-- This site is optimized with the Yoast SEO Premium plugin v27.2 (Yoast SEO v27.2) - https:\/\/yoast.com\/product\/yoast-seo-premium-wordpress\/ -->\n<title>DJI Air 3S Fly More Combo (DJI RC-N3) - koningdrone.be<\/title>\n<meta name=\"robots\" content=\"index, follow, max-snippet:-1, max-image-preview:large, max-video-preview:-1\" \/>\n<link rel=\"canonical\" href=\"https:\/\/koningdrone.be\/fr\/produit\/dji-air-3s-fly-more-combo-dji-rc-n3\/\" \/>\n<meta property=\"og:locale\" content=\"fr_FR\" \/>\n<meta property=\"og:type\" content=\"article\" \/>\n<meta property=\"og:title\" content=\"DJI Air 3S Fly More Combo (DJI RC-N3)\" \/>\n<meta property=\"og:description\" content=\"Geavanceerde dual\u2011camera: 1\u2011inch CMOS + medium telecamera voor gedetailleerde opnames  Fly More accessoires: extra batterijen, propellers en laadstation voor langere vliegtijd  4K HDR &amp; slow\u2011motion video: hoge kwaliteit beelden voor creatieve projecten  Omnidirectionele obstakeldetectie met LiDAR: maximale veiligheid bij elke vlucht  DJI RC\u2011N3 controller: helder ingebouwd scherm en geavanceerde besturing\" \/>\n<meta property=\"og:url\" content=\"https:\/\/koningdrone.be\/fr\/produit\/dji-air-3s-fly-more-combo-dji-rc-n3\/\" \/>\n<meta property=\"og:site_name\" content=\"koningdrone.be\" \/>\n<meta property=\"article:modified_time\" content=\"2026-04-29T13:11:03+00:00\" \/>\n<meta property=\"og:image\" content=\"https:\/\/koningdrone.be\/wp-content\/uploads\/sites\/13\/2026\/04\/DJI-Air-3S-Fly-More-Combo-DJI-RC-N3.jpg\" \/>\n\t<meta property=\"og:image:width\" content=\"2560\" \/>\n\t<meta property=\"og:image:height\" content=\"2560\" \/>\n\t<meta property=\"og:image:type\" content=\"image\/jpeg\" \/>\n<meta name=\"twitter:card\" content=\"summary_large_image\" \/>\n<meta name=\"twitter:label1\" content=\"Dur\u00e9e de lecture est.\" \/>\n\t<meta name=\"twitter:data1\" content=\"3 minutes\" \/>\n<script type=\"application\/ld+json\" class=\"yoast-schema-graph\">{\"@context\":\"https:\/\/schema.org\",\"@graph\":[{\"@type\":\"WebPage\",\"@id\":\"https:\/\/koningdrone.be\/product\/dji-air-3s-fly-more-combo-dji-rc-n3\/\",\"url\":\"https:\/\/koningdrone.be\/product\/dji-air-3s-fly-more-combo-dji-rc-n3\/\",\"name\":\"DJI Air 3S Fly More Combo (DJI RC-N3) - koningdrone.be\",\"isPartOf\":{\"@id\":\"https:\/\/koningdrone.be\/#website\"},\"primaryImageOfPage\":{\"@id\":\"https:\/\/koningdrone.be\/product\/dji-air-3s-fly-more-combo-dji-rc-n3\/#primaryimage\"},\"image\":{\"@id\":\"https:\/\/koningdrone.be\/product\/dji-air-3s-fly-more-combo-dji-rc-n3\/#primaryimage\"},\"thumbnailUrl\":\"https:\/\/koningdrone.be\/wp-content\/uploads\/sites\/13\/2026\/04\/DJI-Air-3S-Fly-More-Combo-DJI-RC-N3.jpg\",\"datePublished\":\"2024-10-16T05:57:55+00:00\",\"dateModified\":\"2026-04-29T13:11:03+00:00\",\"breadcrumb\":{\"@id\":\"https:\/\/koningdrone.be\/product\/dji-air-3s-fly-more-combo-dji-rc-n3\/#breadcrumb\"},\"inLanguage\":\"fr-BE\",\"potentialAction\":[{\"@type\":\"ReadAction\",\"target\":[\"https:\/\/koningdrone.be\/product\/dji-air-3s-fly-more-combo-dji-rc-n3\/\"]}]},{\"@type\":\"ImageObject\",\"inLanguage\":\"fr-BE\",\"@id\":\"https:\/\/koningdrone.be\/product\/dji-air-3s-fly-more-combo-dji-rc-n3\/#primaryimage\",\"url\":\"https:\/\/koningdrone.be\/wp-content\/uploads\/sites\/13\/2026\/04\/DJI-Air-3S-Fly-More-Combo-DJI-RC-N3.jpg\",\"contentUrl\":\"https:\/\/koningdrone.be\/wp-content\/uploads\/sites\/13\/2026\/04\/DJI-Air-3S-Fly-More-Combo-DJI-RC-N3.jpg\",\"width\":2560,\"height\":2560},{\"@type\":\"BreadcrumbList\",\"@id\":\"https:\/\/koningdrone.be\/product\/dji-air-3s-fly-more-combo-dji-rc-n3\/#breadcrumb\",\"itemListElement\":[{\"@type\":\"ListItem\",\"position\":1,\"name\":\"Home\",\"item\":\"https:\/\/koningdrone.be\/\"},{\"@type\":\"ListItem\",\"position\":2,\"name\":\"AVSS Parachute Recovery System for DJI Matrice 300\/350\",\"item\":\"https:\/\/koningdrone.be\/product\/avss-parachute-recovery-system-for-dji-matrice-300-350\/\"},{\"@type\":\"ListItem\",\"position\":3,\"name\":\"DJI Air 3S\",\"item\":\"https:\/\/koningdrone.be\/categorie\/dji-air-3s\/\"},{\"@type\":\"ListItem\",\"position\":4,\"name\":\"DJI Air 3S Fly More Combo (DJI RC-N3)\"}]},{\"@type\":\"WebSite\",\"@id\":\"https:\/\/koningdrone.be\/#website\",\"url\":\"https:\/\/koningdrone.be\/\",\"name\":\"Koningdrone.be - Uw online specialist in drones, gimbals, camera's en power stations.\",\"description\":\"De webshop in drones en gimbals\",\"publisher\":{\"@id\":\"https:\/\/koningdrone.be\/#organization\"},\"potentialAction\":[{\"@type\":\"SearchAction\",\"target\":{\"@type\":\"EntryPoint\",\"urlTemplate\":\"https:\/\/koningdrone.be\/?s={search_term_string}\"},\"query-input\":{\"@type\":\"PropertyValueSpecification\",\"valueRequired\":true,\"valueName\":\"search_term_string\"}}],\"inLanguage\":\"fr-BE\"},{\"@type\":\"Organization\",\"@id\":\"https:\/\/koningdrone.be\/#organization\",\"name\":\"Koningdrone.be\",\"url\":\"https:\/\/koningdrone.be\/\",\"logo\":{\"@type\":\"ImageObject\",\"inLanguage\":\"fr-BE\",\"@id\":\"https:\/\/koningdrone.be\/#\/schema\/logo\/image\/\",\"url\":\"https:\/\/koningdrone.be\/wp-content\/uploads\/sites\/13\/2025\/04\/koningdrone-copyright-logo.svg\",\"contentUrl\":\"https:\/\/koningdrone.be\/wp-content\/uploads\/sites\/13\/2025\/04\/koningdrone-copyright-logo.svg\",\"width\":227,\"height\":38,\"caption\":\"Koningdrone.be\"},\"image\":{\"@id\":\"https:\/\/koningdrone.be\/#\/schema\/logo\/image\/\"}}]}<\/script>\n<!-- \/ Yoast SEO Premium plugin. -->","yoast_head_json":{"title":"DJI Air 3S Fly More Combo (DJI RC-N3) - koningdrone.be","robots":{"index":"index","follow":"follow","max-snippet":"max-snippet:-1","max-image-preview":"max-image-preview:large","max-video-preview":"max-video-preview:-1"},"canonical":"https:\/\/koningdrone.be\/fr\/produit\/dji-air-3s-fly-more-combo-dji-rc-n3\/","og_locale":"fr_FR","og_type":"article","og_title":"DJI Air 3S Fly More Combo (DJI RC-N3)","og_description":"Geavanceerde dual\u2011camera: 1\u2011inch CMOS + medium telecamera voor gedetailleerde opnames  Fly More accessoires: extra batterijen, propellers en laadstation voor langere vliegtijd  4K HDR &amp; slow\u2011motion video: hoge kwaliteit beelden voor creatieve projecten  Omnidirectionele obstakeldetectie met LiDAR: maximale veiligheid bij elke vlucht  DJI RC\u2011N3 controller: helder ingebouwd scherm en geavanceerde besturing","og_url":"https:\/\/koningdrone.be\/fr\/produit\/dji-air-3s-fly-more-combo-dji-rc-n3\/","og_site_name":"koningdrone.be","article_modified_time":"2026-04-29T13:11:03+00:00","og_image":[{"width":2560,"height":2560,"url":"https:\/\/koningdrone.be\/wp-content\/uploads\/sites\/13\/2026\/04\/DJI-Air-3S-Fly-More-Combo-DJI-RC-N3.jpg","type":"image\/jpeg"}],"twitter_card":"summary_large_image","twitter_misc":{"Dur\u00e9e de lecture est.":"3 minutes"},"schema":{"@context":"https:\/\/schema.org","@graph":[{"@type":"WebPage","@id":"https:\/\/koningdrone.be\/product\/dji-air-3s-fly-more-combo-dji-rc-n3\/","url":"https:\/\/koningdrone.be\/product\/dji-air-3s-fly-more-combo-dji-rc-n3\/","name":"DJI Air 3S Fly More Combo (DJI RC-N3) - koningdrone.be","isPartOf":{"@id":"https:\/\/koningdrone.be\/#website"},"primaryImageOfPage":{"@id":"https:\/\/koningdrone.be\/product\/dji-air-3s-fly-more-combo-dji-rc-n3\/#primaryimage"},"image":{"@id":"https:\/\/koningdrone.be\/product\/dji-air-3s-fly-more-combo-dji-rc-n3\/#primaryimage"},"thumbnailUrl":"https:\/\/koningdrone.be\/wp-content\/uploads\/sites\/13\/2026\/04\/DJI-Air-3S-Fly-More-Combo-DJI-RC-N3.jpg","datePublished":"2024-10-16T05:57:55+00:00","dateModified":"2026-04-29T13:11:03+00:00","breadcrumb":{"@id":"https:\/\/koningdrone.be\/product\/dji-air-3s-fly-more-combo-dji-rc-n3\/#breadcrumb"},"inLanguage":"fr-BE","potentialAction":[{"@type":"ReadAction","target":["https:\/\/koningdrone.be\/product\/dji-air-3s-fly-more-combo-dji-rc-n3\/"]}]},{"@type":"ImageObject","inLanguage":"fr-BE","@id":"https:\/\/koningdrone.be\/product\/dji-air-3s-fly-more-combo-dji-rc-n3\/#primaryimage","url":"https:\/\/koningdrone.be\/wp-content\/uploads\/sites\/13\/2026\/04\/DJI-Air-3S-Fly-More-Combo-DJI-RC-N3.jpg","contentUrl":"https:\/\/koningdrone.be\/wp-content\/uploads\/sites\/13\/2026\/04\/DJI-Air-3S-Fly-More-Combo-DJI-RC-N3.jpg","width":2560,"height":2560},{"@type":"BreadcrumbList","@id":"https:\/\/koningdrone.be\/product\/dji-air-3s-fly-more-combo-dji-rc-n3\/#breadcrumb","itemListElement":[{"@type":"ListItem","position":1,"name":"Home","item":"https:\/\/koningdrone.be\/"},{"@type":"ListItem","position":2,"name":"AVSS Parachute Recovery System for DJI Matrice 300\/350","item":"https:\/\/koningdrone.be\/product\/avss-parachute-recovery-system-for-dji-matrice-300-350\/"},{"@type":"ListItem","position":3,"name":"DJI Air 3S","item":"https:\/\/koningdrone.be\/categorie\/dji-air-3s\/"},{"@type":"ListItem","position":4,"name":"DJI Air 3S Fly More Combo (DJI RC-N3)"}]},{"@type":"WebSite","@id":"https:\/\/koningdrone.be\/#website","url":"https:\/\/koningdrone.be\/","name":"Koningdrone.be - Votre sp\u00e9cialiste en ligne en mati\u00e8re de drones, de cardans, de cam\u00e9ras et de centrales \u00e9lectriques.","description":"La boutique en ligne de drones et de cardans","publisher":{"@id":"https:\/\/koningdrone.be\/#organization"},"potentialAction":[{"@type":"SearchAction","target":{"@type":"EntryPoint","urlTemplate":"https:\/\/koningdrone.be\/?s={search_term_string}"},"query-input":{"@type":"PropertyValueSpecification","valueRequired":true,"valueName":"search_term_string"}}],"inLanguage":"fr-BE"},{"@type":"Organization","@id":"https:\/\/koningdrone.be\/#organization","name":"Kingdrone.co.uk","url":"https:\/\/koningdrone.be\/","logo":{"@type":"ImageObject","inLanguage":"fr-BE","@id":"https:\/\/koningdrone.be\/#\/schema\/logo\/image\/","url":"https:\/\/koningdrone.be\/wp-content\/uploads\/sites\/13\/2025\/04\/koningdrone-copyright-logo.svg","contentUrl":"https:\/\/koningdrone.be\/wp-content\/uploads\/sites\/13\/2025\/04\/koningdrone-copyright-logo.svg","width":227,"height":38,"caption":"Koningdrone.be"},"image":{"@id":"https:\/\/koningdrone.be\/#\/schema\/logo\/image\/"}}]}},"df_price":1399,"df_sale_price":"","df_regular_price":1399,"df_image_link":"https:\/\/koningdrone.be\/wp-content\/uploads\/sites\/13\/2026\/04\/DJI-Air-3S-Fly-More-Combo-DJI-RC-N3-300x300.jpg","_links":{"self":[{"href":"https:\/\/koningdrone.be\/fr\/wp-json\/wp\/v2\/product\/2114","targetHints":{"allow":["GET"]}}],"collection":[{"href":"https:\/\/koningdrone.be\/fr\/wp-json\/wp\/v2\/product"}],"about":[{"href":"https:\/\/koningdrone.be\/fr\/wp-json\/wp\/v2\/types\/product"}],"wp:featuredmedia":[{"embeddable":true,"href":"https:\/\/koningdrone.be\/fr\/wp-json\/wp\/v2\/media\/18834"}],"wp:attachment":[{"href":"https:\/\/koningdrone.be\/fr\/wp-json\/wp\/v2\/media?parent=2114"}],"wp:term":[{"taxonomy":"product_brand","embeddable":true,"href":"https:\/\/koningdrone.be\/fr\/wp-json\/wp\/v2\/product_brand?post=2114"},{"taxonomy":"product_cat","embeddable":true,"href":"https:\/\/koningdrone.be\/fr\/wp-json\/wp\/v2\/product_cat?post=2114"},{"taxonomy":"product_tag","embeddable":true,"href":"https:\/\/koningdrone.be\/fr\/wp-json\/wp\/v2\/product_tag?post=2114"}],"curies":[{"name":"wp","href":"https:\/\/api.w.org\/{rel}","templated":true}]}}