{"id":2108,"date":"2024-10-16T07:57:55","date_gmt":"2024-10-16T05:57:55","guid":{"rendered":"https:\/\/koningdrone.nl\/kon\/product\/dji-air-3s-fly-more-combo-dji-rc-2\/"},"modified":"2026-04-29T15:20:02","modified_gmt":"2026-04-29T13:20:02","slug":"dji-air-3s-fly-more-combo-dji-rc-2","status":"publish","type":"product","link":"https:\/\/koningdrone.be\/fr\/produit\/dji-air-3s-fly-more-combo-dji-rc-2\/","title":{"rendered":"DJI Air 3S Fly More Combo (DJI RC 2)"},"content":{"rendered":"<h3>DJI Air 3S Fly More Combo : le multitalent ultime pour la nuit et le jour<\/h3>\n<p><iframe loading=\"lazy\" title=\"Voici le DJI Air 3S\" width=\"800\" height=\"450\" src=\"https:\/\/www.youtube.com\/embed\/4fhl9F8DZDU?feature=oembed&#038;enablejsapi=1&#038;origin=https:\/\/koningdrone.be\" frameborder=\"0\" allow=\"accelerometer; autoplay; clipboard-write; encrypted-media; gyroscope; picture-in-picture; web-share\" referrerpolicy=\"strict-origin-when-cross-origin\" allowfullscreen><\/iframe><\/p>\n<p style=\"margin: 20px 0\">Le <strong>DJI Air 3S avec DJI RC 2<\/strong> ouvre une nouvelle \u00e8re pour les cr\u00e9ateurs de contenu ambitieux. Premier drone de sa cat\u00e9gorie, l'Air 3S associe un syst\u00e8me d'entra\u00eenement brutal \u00e0 un syst\u00e8me d'alarme. <strong>Appareil photo principal CMOS de 1 pouce<\/strong> avec la pr\u00e9cision d'un <strong>Syst\u00e8me de s\u00e9curit\u00e9 contr\u00f4l\u00e9 par LiDAR<\/strong>. Que vous capturiez des paysages de montagne spectaculaires au lever du soleil ou des hyperlapses urbains fluides la nuit, l'Air 3S offre une plage dynamique de 14 diaphragmes jusqu'alors impensable dans ce segment. Le Combo Fly More maximise votre cr\u00e9ativit\u00e9 en vous offrant le temps de vol suppl\u00e9mentaire et les accessoires n\u00e9cessaires pour r\u00e9aliser une production compl\u00e8te sur place.<\/p>\n<p><a href=\"https:\/\/koningdrone.nl\/wp-content\/uploads\/2024\/10\/DJI-Air-3S-Fly-More-Combo-DJI-RC-2.jpg\"><img loading=\"lazy\" decoding=\"async\" class=\"size-medium wp-image-472536 aligncenter\" src=\"https:\/\/koningdrone.nl\/wp-content\/uploads\/2024\/10\/DJI-Air-3S-Fly-More-Combo-DJI-RC-2-300x300.jpg\" alt=\"DJI Air 3S Fly More Combo (DJI RC 2)\" width=\"300\" height=\"300\" \/><\/a><\/p>\n<h4>La perfection de la double cam\u00e9ra et la pr\u00e9cision du LiDAR<\/h4>\n<p>L'Air 3S offre une polyvalence optique sans pr\u00e9c\u00e9dent pour toutes les compositions :<\/p>\n<ul>\n<li><strong>Syst\u00e8me \u00e0 double cam\u00e9ra :<\/strong> L'appareil photo principal de 50 MP (1 pouce) offre des performances sup\u00e9rieures en basse lumi\u00e8re, tandis que le t\u00e9l\u00e9objectif moyen de 48 MP (70 mm) permet une superbe compression de la perspective. Les deux appareils photo prennent en charge <strong>4K\/60 fps HDR<\/strong> et un magnifique <strong>4K\/120 images par seconde au ralenti<\/strong>, pour donner \u00e0 vos images un aspect cin\u00e9matographique \u00e0 tout moment.<\/li>\n<li><strong>S\u00e9curit\u00e9 nocturne avec LiDAR :<\/strong> Gr\u00e2ce \u00e0 l'int\u00e9gration de <strong>Forward-LiDAR (en anglais)<\/strong> l'Air 3S peut d\u00e9tecter les obstacles dans des conditions de luminosit\u00e9 minimale. La d\u00e9tection omnidirectionnelle des obstacles est donc plus fiable que jamais, ce qui rend les prises de vue nocturnes non seulement plus belles, mais aussi beaucoup plus s\u00fbres.<\/li>\n<li><strong>14 arr\u00eats Gamme dynamique :<\/strong> Gr\u00e2ce \u00e0 la prise en charge des modes de couleur 10 bits, l'Air 3S capture les couleurs et les textures avec une pr\u00e9cision authentique. La fonction \u201cFree Panorama\u201d permet \u00e9galement de fusionner plusieurs images de mani\u00e8re transparente pour obtenir des photos grand angle \u00e9poustouflantes, sans distorsion.<\/li>\n<\/ul>\n<h4>Un contr\u00f4le professionnel et des mouches plus r\u00e9sistantes<\/h4>\n<p>Le mat\u00e9riel est con\u00e7u pour un travail sans faille dans toutes les conditions :<\/p>\n<ul>\n<li><strong>Contr\u00f4leur DJI RC 2 Smart :<\/strong> Prenez imm\u00e9diatement le contr\u00f4le avec la RC 2 incluse. L'\u00e9cran lumineux int\u00e9gr\u00e9 \u00e9limine le besoin d'un smartphone et fournit une image stable de l'appareil. <strong>20 km Lien vid\u00e9o O4<\/strong>. Vous profiterez d'un flux en direct 1080p\/60fps d'une clart\u00e9 cristalline, m\u00eame \u00e0 longue distance.<\/li>\n<li><strong>Avantages du Combo Fly More :<\/strong> Avec trois batteries de vol intelligentes au total et un concentrateur de charge pratique, vous \u00eates assur\u00e9 d'avoir des heures de plaisir en vol. L'ensemble est compl\u00e9t\u00e9 par un jeu de filtres ND, des h\u00e9lices de rechange et un sac \u00e0 bandouli\u00e8re robuste, vous permettant d'\u00eatre imm\u00e9diatement pr\u00eat pour toute mission professionnelle.<\/li>\n<li><strong>Autonomie intelligente :<\/strong> Utiliser <strong>ActiveTrack 360\u00b0<\/strong> pour un suivi harmonieux des sujets et des <strong>Vol de point de rep\u00e8re<\/strong> de programmer et de r\u00e9p\u00e9ter des trajectoires de vol complexes au centim\u00e8tre pr\u00e8s.<\/li>\n<\/ul>\n<p><a href=\"https:\/\/koningdrone.nl\/wp-content\/uploads\/2024\/10\/DJI-Air-3S-Fly-More-Combo-DJI-RC-2-Product.jpg\"><img loading=\"lazy\" decoding=\"async\" class=\"size-medium wp-image-472531 aligncenter\" src=\"https:\/\/koningdrone.nl\/wp-content\/uploads\/2024\/10\/DJI-Air-3S-Fly-More-Combo-DJI-RC-2-Product-300x300.jpg\" alt=\"DJI Air 3S Fly More Combo (DJI RC 2) Product\" width=\"300\" height=\"300\" \/><\/a><\/p>\n<h4>Pourquoi le combo DJI Air 3S Fly More est indispensable<\/h4>\n<p>Le DJI Air 3S est l'\u00e9quilibre parfait entre la s\u00e9rie compacte Mini et les mod\u00e8les Mavic plus lourds. C'est le choix id\u00e9al pour les voyageurs et les cin\u00e9astes qui ont besoin de la puissance d'un capteur de 1 pouce, mais qui veulent aussi la libert\u00e9 cr\u00e9ative d'un t\u00e9l\u00e9objectif. Avec le Combo Fly More, vous n'avez plus \u00e0 vous soucier de l'autonomie de la batterie et vous pouvez vous concentrer sur ce qui compte vraiment : raconter votre histoire avec des images de classe mondiale. Avec l'Air 3S, vous avez entre les mains le \u201cdrone de voyage\u201d le plus avanc\u00e9 du moment.<\/p>","protected":false},"excerpt":{"rendered":"<ul>\n<li>Syst\u00e8me \u00e0 double cam\u00e9ra : cam\u00e9ra principale CMOS de 1 pouce + cam\u00e9ra t\u00e9l\u00e9m\u00e9trique moyenne de 70 mm pour des photos et des vid\u00e9os professionnelles<\/li>\n<li>4K HDR et 4K slow-motion : r\u00e9alisez des prises de vue cin\u00e9matographiques en haute r\u00e9solution et en couleurs 10 bits.<\/li>\n<li>Longue dur\u00e9e de vol : jusqu'\u00e0 45 minutes avec les piles suppl\u00e9mentaires du Combo Fly More<\/li>\n<li>D\u00e9tection omnidirectionnelle des obstacles : voler en toute s\u00e9curit\u00e9 dans n'importe quelle direction, m\u00eame la nuit<\/li>\n<li>Contr\u00f4leur DJI RC 2 : \u00e9cran int\u00e9gr\u00e9 et transmission O4 fiable pour des images en direct stables<\/li>\n<\/ul>","protected":false},"featured_media":18827,"template":"","meta":{"_acf_changed":false},"product_brand":[],"product_cat":[136,335],"product_tag":[],"class_list":{"0":"post-2108","1":"product","2":"type-product","3":"status-publish","4":"has-post-thumbnail","6":"product_cat-consumer-drones","7":"product_cat-dji-air-3s","8":"product_shipping_class-outofstock","9":"pa_brand-dji","10":"pa_producttype-drone","11":"pa_series-air","13":"first","14":"outofstock","15":"taxable","16":"shipping-taxable","17":"purchasable","18":"product-type-simple"},"acf":[],"yoast_head":"<!-- This site is optimized with the Yoast SEO Premium plugin v27.2 (Yoast SEO v27.2) - https:\/\/yoast.com\/product\/yoast-seo-premium-wordpress\/ -->\n<title>DJI Air 3S Fly More Combo (DJI RC 2) - koningdrone.be<\/title>\n<meta name=\"robots\" content=\"index, follow, max-snippet:-1, max-image-preview:large, max-video-preview:-1\" \/>\n<link rel=\"canonical\" href=\"https:\/\/koningdrone.be\/fr\/produit\/dji-air-3s-fly-more-combo-dji-rc-2\/\" \/>\n<meta property=\"og:locale\" content=\"fr_FR\" \/>\n<meta property=\"og:type\" content=\"article\" \/>\n<meta property=\"og:title\" content=\"DJI Air 3S Fly More Combo (DJI RC 2)\" \/>\n<meta property=\"og:description\" content=\"Dual\u2011camera systeem: 1\u2011inch CMOS hoofdcamera + 70\u202fmm medium telecamera voor professionele foto\u2019s en video\u2019s  4K HDR &amp; 4K slow\u2011motion: maak filmische opnames met hoge resolutie en 10\u2011bit kleur  Lange vliegtijd: tot 45 minuten met extra batterijen uit de Fly More Combo  Omnidirectionele obstakeldetectie: veilig vliegen in elke richting, ook bij nacht  DJI RC\u202f2 controller: ingebouwd scherm en betrouwbare O4 transmissie voor stabiele live\u2011feeds\" \/>\n<meta property=\"og:url\" content=\"https:\/\/koningdrone.be\/fr\/produit\/dji-air-3s-fly-more-combo-dji-rc-2\/\" \/>\n<meta property=\"og:site_name\" content=\"koningdrone.be\" \/>\n<meta property=\"article:modified_time\" content=\"2026-04-29T13:20:02+00:00\" \/>\n<meta property=\"og:image\" content=\"https:\/\/koningdrone.be\/wp-content\/uploads\/sites\/13\/2026\/04\/DJI-Air-3S-Fly-More-Combo-DJI-RC-2.jpg\" \/>\n\t<meta property=\"og:image:width\" content=\"2560\" \/>\n\t<meta property=\"og:image:height\" content=\"2560\" \/>\n\t<meta property=\"og:image:type\" content=\"image\/jpeg\" \/>\n<meta name=\"twitter:card\" content=\"summary_large_image\" \/>\n<meta name=\"twitter:label1\" content=\"Dur\u00e9e de lecture est.\" \/>\n\t<meta name=\"twitter:data1\" content=\"3 minutes\" \/>\n<script type=\"application\/ld+json\" class=\"yoast-schema-graph\">{\"@context\":\"https:\/\/schema.org\",\"@graph\":[{\"@type\":\"WebPage\",\"@id\":\"https:\/\/koningdrone.be\/product\/dji-air-3s-fly-more-combo-dji-rc-2\/\",\"url\":\"https:\/\/koningdrone.be\/product\/dji-air-3s-fly-more-combo-dji-rc-2\/\",\"name\":\"DJI Air 3S Fly More Combo (DJI RC 2) - koningdrone.be\",\"isPartOf\":{\"@id\":\"https:\/\/koningdrone.be\/#website\"},\"primaryImageOfPage\":{\"@id\":\"https:\/\/koningdrone.be\/product\/dji-air-3s-fly-more-combo-dji-rc-2\/#primaryimage\"},\"image\":{\"@id\":\"https:\/\/koningdrone.be\/product\/dji-air-3s-fly-more-combo-dji-rc-2\/#primaryimage\"},\"thumbnailUrl\":\"https:\/\/koningdrone.be\/wp-content\/uploads\/sites\/13\/2026\/04\/DJI-Air-3S-Fly-More-Combo-DJI-RC-2.jpg\",\"datePublished\":\"2024-10-16T05:57:55+00:00\",\"dateModified\":\"2026-04-29T13:20:02+00:00\",\"breadcrumb\":{\"@id\":\"https:\/\/koningdrone.be\/product\/dji-air-3s-fly-more-combo-dji-rc-2\/#breadcrumb\"},\"inLanguage\":\"fr-BE\",\"potentialAction\":[{\"@type\":\"ReadAction\",\"target\":[\"https:\/\/koningdrone.be\/product\/dji-air-3s-fly-more-combo-dji-rc-2\/\"]}]},{\"@type\":\"ImageObject\",\"inLanguage\":\"fr-BE\",\"@id\":\"https:\/\/koningdrone.be\/product\/dji-air-3s-fly-more-combo-dji-rc-2\/#primaryimage\",\"url\":\"https:\/\/koningdrone.be\/wp-content\/uploads\/sites\/13\/2026\/04\/DJI-Air-3S-Fly-More-Combo-DJI-RC-2.jpg\",\"contentUrl\":\"https:\/\/koningdrone.be\/wp-content\/uploads\/sites\/13\/2026\/04\/DJI-Air-3S-Fly-More-Combo-DJI-RC-2.jpg\",\"width\":2560,\"height\":2560},{\"@type\":\"BreadcrumbList\",\"@id\":\"https:\/\/koningdrone.be\/product\/dji-air-3s-fly-more-combo-dji-rc-2\/#breadcrumb\",\"itemListElement\":[{\"@type\":\"ListItem\",\"position\":1,\"name\":\"Home\",\"item\":\"https:\/\/koningdrone.be\/\"},{\"@type\":\"ListItem\",\"position\":2,\"name\":\"AVSS Parachute Recovery System for DJI Matrice 300\/350\",\"item\":\"https:\/\/koningdrone.be\/product\/avss-parachute-recovery-system-for-dji-matrice-300-350\/\"},{\"@type\":\"ListItem\",\"position\":3,\"name\":\"Consumer drones\",\"item\":\"https:\/\/koningdrone.be\/categorie\/consumer-drones\/\"},{\"@type\":\"ListItem\",\"position\":4,\"name\":\"DJI Air 3S Fly More Combo (DJI RC 2)\"}]},{\"@type\":\"WebSite\",\"@id\":\"https:\/\/koningdrone.be\/#website\",\"url\":\"https:\/\/koningdrone.be\/\",\"name\":\"Koningdrone.be - Uw online specialist in drones, gimbals, camera's en power stations.\",\"description\":\"De webshop in drones en gimbals\",\"publisher\":{\"@id\":\"https:\/\/koningdrone.be\/#organization\"},\"potentialAction\":[{\"@type\":\"SearchAction\",\"target\":{\"@type\":\"EntryPoint\",\"urlTemplate\":\"https:\/\/koningdrone.be\/?s={search_term_string}\"},\"query-input\":{\"@type\":\"PropertyValueSpecification\",\"valueRequired\":true,\"valueName\":\"search_term_string\"}}],\"inLanguage\":\"fr-BE\"},{\"@type\":\"Organization\",\"@id\":\"https:\/\/koningdrone.be\/#organization\",\"name\":\"Koningdrone.be\",\"url\":\"https:\/\/koningdrone.be\/\",\"logo\":{\"@type\":\"ImageObject\",\"inLanguage\":\"fr-BE\",\"@id\":\"https:\/\/koningdrone.be\/#\/schema\/logo\/image\/\",\"url\":\"https:\/\/koningdrone.be\/wp-content\/uploads\/sites\/13\/2025\/04\/koningdrone-copyright-logo.svg\",\"contentUrl\":\"https:\/\/koningdrone.be\/wp-content\/uploads\/sites\/13\/2025\/04\/koningdrone-copyright-logo.svg\",\"width\":227,\"height\":38,\"caption\":\"Koningdrone.be\"},\"image\":{\"@id\":\"https:\/\/koningdrone.be\/#\/schema\/logo\/image\/\"}}]}<\/script>\n<!-- \/ Yoast SEO Premium plugin. -->","yoast_head_json":{"title":"DJI Air 3S Fly More Combo (DJI RC 2) - koningdrone.be","robots":{"index":"index","follow":"follow","max-snippet":"max-snippet:-1","max-image-preview":"max-image-preview:large","max-video-preview":"max-video-preview:-1"},"canonical":"https:\/\/koningdrone.be\/fr\/produit\/dji-air-3s-fly-more-combo-dji-rc-2\/","og_locale":"fr_FR","og_type":"article","og_title":"DJI Air 3S Fly More Combo (DJI RC 2)","og_description":"Dual\u2011camera systeem: 1\u2011inch CMOS hoofdcamera + 70\u202fmm medium telecamera voor professionele foto\u2019s en video\u2019s  4K HDR &amp; 4K slow\u2011motion: maak filmische opnames met hoge resolutie en 10\u2011bit kleur  Lange vliegtijd: tot 45 minuten met extra batterijen uit de Fly More Combo  Omnidirectionele obstakeldetectie: veilig vliegen in elke richting, ook bij nacht  DJI RC\u202f2 controller: ingebouwd scherm en betrouwbare O4 transmissie voor stabiele live\u2011feeds","og_url":"https:\/\/koningdrone.be\/fr\/produit\/dji-air-3s-fly-more-combo-dji-rc-2\/","og_site_name":"koningdrone.be","article_modified_time":"2026-04-29T13:20:02+00:00","og_image":[{"width":2560,"height":2560,"url":"https:\/\/koningdrone.be\/wp-content\/uploads\/sites\/13\/2026\/04\/DJI-Air-3S-Fly-More-Combo-DJI-RC-2.jpg","type":"image\/jpeg"}],"twitter_card":"summary_large_image","twitter_misc":{"Dur\u00e9e de lecture est.":"3 minutes"},"schema":{"@context":"https:\/\/schema.org","@graph":[{"@type":"WebPage","@id":"https:\/\/koningdrone.be\/product\/dji-air-3s-fly-more-combo-dji-rc-2\/","url":"https:\/\/koningdrone.be\/product\/dji-air-3s-fly-more-combo-dji-rc-2\/","name":"DJI Air 3S Fly More Combo (DJI RC 2) - koningdrone.be","isPartOf":{"@id":"https:\/\/koningdrone.be\/#website"},"primaryImageOfPage":{"@id":"https:\/\/koningdrone.be\/product\/dji-air-3s-fly-more-combo-dji-rc-2\/#primaryimage"},"image":{"@id":"https:\/\/koningdrone.be\/product\/dji-air-3s-fly-more-combo-dji-rc-2\/#primaryimage"},"thumbnailUrl":"https:\/\/koningdrone.be\/wp-content\/uploads\/sites\/13\/2026\/04\/DJI-Air-3S-Fly-More-Combo-DJI-RC-2.jpg","datePublished":"2024-10-16T05:57:55+00:00","dateModified":"2026-04-29T13:20:02+00:00","breadcrumb":{"@id":"https:\/\/koningdrone.be\/product\/dji-air-3s-fly-more-combo-dji-rc-2\/#breadcrumb"},"inLanguage":"fr-BE","potentialAction":[{"@type":"ReadAction","target":["https:\/\/koningdrone.be\/product\/dji-air-3s-fly-more-combo-dji-rc-2\/"]}]},{"@type":"ImageObject","inLanguage":"fr-BE","@id":"https:\/\/koningdrone.be\/product\/dji-air-3s-fly-more-combo-dji-rc-2\/#primaryimage","url":"https:\/\/koningdrone.be\/wp-content\/uploads\/sites\/13\/2026\/04\/DJI-Air-3S-Fly-More-Combo-DJI-RC-2.jpg","contentUrl":"https:\/\/koningdrone.be\/wp-content\/uploads\/sites\/13\/2026\/04\/DJI-Air-3S-Fly-More-Combo-DJI-RC-2.jpg","width":2560,"height":2560},{"@type":"BreadcrumbList","@id":"https:\/\/koningdrone.be\/product\/dji-air-3s-fly-more-combo-dji-rc-2\/#breadcrumb","itemListElement":[{"@type":"ListItem","position":1,"name":"Home","item":"https:\/\/koningdrone.be\/"},{"@type":"ListItem","position":2,"name":"AVSS Parachute Recovery System for DJI Matrice 300\/350","item":"https:\/\/koningdrone.be\/product\/avss-parachute-recovery-system-for-dji-matrice-300-350\/"},{"@type":"ListItem","position":3,"name":"Consumer drones","item":"https:\/\/koningdrone.be\/categorie\/consumer-drones\/"},{"@type":"ListItem","position":4,"name":"DJI Air 3S Fly More Combo (DJI RC 2)"}]},{"@type":"WebSite","@id":"https:\/\/koningdrone.be\/#website","url":"https:\/\/koningdrone.be\/","name":"Koningdrone.be - Votre sp\u00e9cialiste en ligne en mati\u00e8re de drones, de cardans, de cam\u00e9ras et de centrales \u00e9lectriques.","description":"La boutique en ligne de drones et de cardans","publisher":{"@id":"https:\/\/koningdrone.be\/#organization"},"potentialAction":[{"@type":"SearchAction","target":{"@type":"EntryPoint","urlTemplate":"https:\/\/koningdrone.be\/?s={search_term_string}"},"query-input":{"@type":"PropertyValueSpecification","valueRequired":true,"valueName":"search_term_string"}}],"inLanguage":"fr-BE"},{"@type":"Organization","@id":"https:\/\/koningdrone.be\/#organization","name":"Kingdrone.co.uk","url":"https:\/\/koningdrone.be\/","logo":{"@type":"ImageObject","inLanguage":"fr-BE","@id":"https:\/\/koningdrone.be\/#\/schema\/logo\/image\/","url":"https:\/\/koningdrone.be\/wp-content\/uploads\/sites\/13\/2025\/04\/koningdrone-copyright-logo.svg","contentUrl":"https:\/\/koningdrone.be\/wp-content\/uploads\/sites\/13\/2025\/04\/koningdrone-copyright-logo.svg","width":227,"height":38,"caption":"Koningdrone.be"},"image":{"@id":"https:\/\/koningdrone.be\/#\/schema\/logo\/image\/"}}]}},"df_price":1599,"df_sale_price":"","df_regular_price":1599,"df_image_link":"https:\/\/koningdrone.be\/wp-content\/uploads\/sites\/13\/2026\/04\/DJI-Air-3S-Fly-More-Combo-DJI-RC-2-300x300.jpg","_links":{"self":[{"href":"https:\/\/koningdrone.be\/fr\/wp-json\/wp\/v2\/product\/2108","targetHints":{"allow":["GET"]}}],"collection":[{"href":"https:\/\/koningdrone.be\/fr\/wp-json\/wp\/v2\/product"}],"about":[{"href":"https:\/\/koningdrone.be\/fr\/wp-json\/wp\/v2\/types\/product"}],"wp:featuredmedia":[{"embeddable":true,"href":"https:\/\/koningdrone.be\/fr\/wp-json\/wp\/v2\/media\/18827"}],"wp:attachment":[{"href":"https:\/\/koningdrone.be\/fr\/wp-json\/wp\/v2\/media?parent=2108"}],"wp:term":[{"taxonomy":"product_brand","embeddable":true,"href":"https:\/\/koningdrone.be\/fr\/wp-json\/wp\/v2\/product_brand?post=2108"},{"taxonomy":"product_cat","embeddable":true,"href":"https:\/\/koningdrone.be\/fr\/wp-json\/wp\/v2\/product_cat?post=2108"},{"taxonomy":"product_tag","embeddable":true,"href":"https:\/\/koningdrone.be\/fr\/wp-json\/wp\/v2\/product_tag?post=2108"}],"curies":[{"name":"wp","href":"https:\/\/api.w.org\/{rel}","templated":true}]}}