{"id":2101,"date":"2024-10-16T07:57:55","date_gmt":"2024-10-16T05:57:55","guid":{"rendered":"https:\/\/koningdrone.nl\/kon\/product\/dji-air-3s-dji-rc-n3\/"},"modified":"2026-04-29T12:07:27","modified_gmt":"2026-04-29T10:07:27","slug":"dji-air-3s-dji-rc-n3","status":"publish","type":"product","link":"https:\/\/koningdrone.be\/fr\/produit\/dji-air-3s-dji-rc-n3\/","title":{"rendered":"DJI Air 3S (DJI RC-N3)"},"content":{"rendered":"<h3>DJI Air 3S : l'\u00e9quilibre parfait entre puissance des capteurs et s\u00e9curit\u00e9 intelligente<\/h3>\n<p><iframe loading=\"lazy\" title=\"Voici le DJI Air 3S\" width=\"800\" height=\"450\" src=\"https:\/\/www.youtube.com\/embed\/4fhl9F8DZDU?feature=oembed&#038;enablejsapi=1&#038;origin=https:\/\/koningdrone.be\" frameborder=\"0\" allow=\"accelerometer; autoplay; clipboard-write; encrypted-media; gyroscope; picture-in-picture; web-share\" referrerpolicy=\"strict-origin-when-cross-origin\" allowfullscreen><\/iframe><\/p>\n<p style=\"margin: 20px 0\">Le <strong>DJI Air 3S avec DJI RC-N3<\/strong> est con\u00e7u pour les pilotes exigeants qui ne se contentent pas de prises de vue standard. Premier drone de sa cat\u00e9gorie, l'Air 3S introduit une nouvelle technologie. <strong>Syst\u00e8me LiDAR orient\u00e9 vers l'avant<\/strong>, qui permet au drone de reconna\u00eetre parfaitement les obstacles, m\u00eame dans des situations de faible luminosit\u00e9. Combin\u00e9 \u00e0 l'impressionnant <strong>Appareil photo principal CMOS de 1 pouce<\/strong> cet appareil offre une plage dynamique de 14 arr\u00eats, permettant \u00e0 vos images de conserver une profondeur et des d\u00e9tails jusqu'alors inaccessibles. Le contr\u00f4leur DJI RC-N3 avec \u00e9cran int\u00e9gr\u00e9 compl\u00e8te l'ensemble : une exp\u00e9rience de vol professionnelle et rationalis\u00e9e sans d\u00e9pendre de votre smartphone.<\/p>\n<p><a href=\"https:\/\/koningdrone.nl\/wp-content\/uploads\/2024\/10\/DJI-Air-3S-DJI-RC-N3.jpg\"><img loading=\"lazy\" decoding=\"async\" class=\"size-medium wp-image-472563 aligncenter\" src=\"https:\/\/koningdrone.nl\/wp-content\/uploads\/2024\/10\/DJI-Air-3S-DJI-RC-N3-300x300.jpg\" alt=\"DJI Air 3S (DJI RC-N3)\" width=\"300\" height=\"300\" \/><\/a><\/p>\n<h4>Optique sup\u00e9rieure \u00e0 double cam\u00e9ra et vision nocturne<\/h4>\n<p>L'Air 3S offre une palette visuelle qui rend chaque sc\u00e8ne cin\u00e9matographique :<\/p>\n<ul>\n<li><strong>Syst\u00e8me de cam\u00e9ra primaire double :<\/strong> Le capteur principal de 50 MP (1 pouce) capture tous les d\u00e9tails avec une sensibilit\u00e9 sup\u00e9rieure \u00e0 la lumi\u00e8re, tandis que le t\u00e9l\u00e9objectif moyen de 48 MP (70 mm) rapproche les sujets avec une superbe compression de l'arri\u00e8re-plan. Les deux appareils photo prennent en charge <strong>4K\/60 fps HDR<\/strong> et <strong>4K\/120 images par seconde au ralenti<\/strong>.<\/li>\n<li><strong>Pionnier de l'int\u00e9gration LiDAR :<\/strong> Gr\u00e2ce \u00e0 la technologie LiDAR de d\u00e9tection des obstacles, l'Air 3S repousse les limites de la s\u00e9curit\u00e9. Le drone \u201cvoit\u201d physiquement les distances, m\u00eame dans l'obscurit\u00e9, ce qui rend les prises de vue nocturnes ou les vols dans les for\u00eats denses beaucoup plus s\u00fbrs.<\/li>\n<li><strong>14 arr\u00eats Gamme dynamique :<\/strong> Que vous filmiez en plein soleil ou dans les ombres profondes d'un ravin, l'Air 3S conserve les transitions de couleurs et les textures naturelles, ce qui est crucial pour le post-traitement professionnel et la correction des couleurs.<\/li>\n<\/ul>\n<h4>Contr\u00f4le avanc\u00e9 et intelligence artificielle<\/h4>\n<p>Voler plus intelligemment, c'est capturer de meilleures images :<\/p>\n<ul>\n<li><strong>Contr\u00f4leur DJI RC-N3 Smart :<\/strong> Le contr\u00f4leur fourni est dot\u00e9 d'un <strong>affichage clair et int\u00e9gr\u00e9<\/strong>. Cela signifie un temps de d\u00e9marrage plus court et un flux en direct extr\u00eamement stable via le syst\u00e8me de transmission O4, sans \u00eatre distrait par des appels entrants ou des notifications sur un t\u00e9l\u00e9phone.<\/li>\n<li><strong>ActiveTrack 360\u00b0 et Smart RTH :<\/strong> L'Air 3S utilise des algorithmes avanc\u00e9s pour suivre les sujets en douceur tout en planifiant son itin\u00e9raire de mani\u00e8re proactive. La fonction am\u00e9lior\u00e9e \u2018Return to Home\u2019 garantit que le drone retourne en toute s\u00e9curit\u00e9 \u00e0 son point de d\u00e9part, m\u00eame \u00e0 partir d'environnements complexes.<\/li>\n<li><strong>Panorama gratuit :<\/strong> Cr\u00e9ez des vues d'ensemble \u00e0 couper le souffle gr\u00e2ce \u00e0 la nouvelle fonction panorama, o\u00f9 vous d\u00e9cidez du cadre. Le drone fusionne en toute transparence plusieurs prises de vue en une seule image \u00e0 tr\u00e8s haute r\u00e9solution.<\/li>\n<\/ul>\n<p><a href=\"https:\/\/koningdrone.nl\/wp-content\/uploads\/2024\/10\/DJI-Air-3S-DJI-RC-N3-Action.jpg\"><img loading=\"lazy\" decoding=\"async\" class=\"size-medium wp-image-472557 aligncenter\" src=\"https:\/\/koningdrone.nl\/wp-content\/uploads\/2024\/10\/DJI-Air-3S-DJI-RC-N3-Action-300x300.jpg\" alt=\"DJI Air 3S (DJI RC-N3) Action\" width=\"300\" height=\"300\" \/><\/a><\/p>\n<h4>Pourquoi le DJI Air 3S est indispensable<\/h4>\n<p>Le DJI Air 3S avec RC-N3 est le choix id\u00e9al pour ceux qui recherchent un syst\u00e8me puissant et \u201ctout-en-un\u201d. Il comble le foss\u00e9 entre le hobby et la production professionnelle en rendant accessibles des fonctionnalit\u00e9s haut de gamme telles que la couleur 10 bits et la s\u00e9curit\u00e9 LiDAR. Pour les photographes et les cin\u00e9astes \u00e0 la recherche d'un outil de travail fiable qui excelle de jour comme de nuit, l'Air 3S est le drone le plus polyvalent du march\u00e9. Vous obtenez la puissance d'une cam\u00e9ra de cin\u00e9ma dans un cadre que vous pouvez emporter partout.<\/p>","protected":false},"excerpt":{"rendered":"<ul>\n<li>Double cam\u00e9ra puissante : CMOS de 1 pouce et t\u00e9l\u00e9objectif moyen de 70 mm pour des prises de vue a\u00e9riennes polyvalentes.<\/li>\n<li>4K HDR et vid\u00e9o au ralenti : qualit\u00e9 professionnelle pour la photo et le cin\u00e9ma<\/li>\n<li>D\u00e9tection fiable des obstacles : \u00e9vitez les collisions gr\u00e2ce \u00e0 des capteurs plac\u00e9s dans toutes les directions<\/li>\n<li>Portable et robuste : id\u00e9al pour les voyages et les prises de vue en ext\u00e9rieur<\/li>\n<li>Contr\u00f4leur DJI RC-N3 : transmission stable et fonctionnement intuitif<\/li>\n<\/ul>","protected":false},"featured_media":18841,"template":"","meta":{"_acf_changed":false},"product_brand":[],"product_cat":[335],"product_tag":[],"class_list":{"0":"post-2101","1":"product","2":"type-product","3":"status-publish","4":"has-post-thumbnail","6":"product_cat-dji-air-3s","7":"product_shipping_class-acsystemsall","8":"pa_brand-dji","9":"pa_producttype-drone","10":"pa_series-air","12":"first","13":"instock","14":"taxable","15":"shipping-taxable","16":"purchasable","17":"product-type-simple"},"acf":[],"yoast_head":"<!-- This site is optimized with the Yoast SEO Premium plugin v27.2 (Yoast SEO v27.2) - https:\/\/yoast.com\/product\/yoast-seo-premium-wordpress\/ -->\n<title>DJI Air 3S (DJI RC-N3) - koningdrone.be<\/title>\n<meta name=\"robots\" content=\"index, follow, max-snippet:-1, max-image-preview:large, max-video-preview:-1\" \/>\n<link rel=\"canonical\" href=\"https:\/\/koningdrone.be\/fr\/produit\/dji-air-3s-dji-rc-n3\/\" \/>\n<meta property=\"og:locale\" content=\"fr_FR\" \/>\n<meta property=\"og:type\" content=\"article\" \/>\n<meta property=\"og:title\" content=\"DJI Air 3S (DJI RC-N3)\" \/>\n<meta property=\"og:description\" content=\"Krachtige dual\u2011camera: 1\u2011inch CMOS en 70\u202fmm medium telecamera voor veelzijdige luchtfotografie  4K HDR en slow\u2011motion video: professionele kwaliteit voor foto en film  Betrouwbare obstakeldetectie: vermijd botsingen met sensoren in alle richtingen  Draagbaar en robuust ontwerp: ideaal voor reizen en outdoor\u2011opnames  DJI RC\u2011N3 controller: stabiele transmissie en intu\u00eftieve bediening\" \/>\n<meta property=\"og:url\" content=\"https:\/\/koningdrone.be\/fr\/produit\/dji-air-3s-dji-rc-n3\/\" \/>\n<meta property=\"og:site_name\" content=\"koningdrone.be\" \/>\n<meta property=\"article:modified_time\" content=\"2026-04-29T10:07:27+00:00\" \/>\n<meta property=\"og:image\" content=\"https:\/\/koningdrone.be\/wp-content\/uploads\/sites\/13\/2026\/04\/DJI-Air-3S-DJI-RC-N3.jpg\" \/>\n\t<meta property=\"og:image:width\" content=\"2560\" \/>\n\t<meta property=\"og:image:height\" content=\"2560\" \/>\n\t<meta property=\"og:image:type\" content=\"image\/jpeg\" \/>\n<meta name=\"twitter:card\" content=\"summary_large_image\" \/>\n<meta name=\"twitter:label1\" content=\"Dur\u00e9e de lecture est.\" \/>\n\t<meta name=\"twitter:data1\" content=\"2 minutes\" \/>\n<script type=\"application\/ld+json\" class=\"yoast-schema-graph\">{\"@context\":\"https:\/\/schema.org\",\"@graph\":[{\"@type\":\"WebPage\",\"@id\":\"https:\/\/koningdrone.be\/product\/dji-air-3s-dji-rc-n3\/\",\"url\":\"https:\/\/koningdrone.be\/product\/dji-air-3s-dji-rc-n3\/\",\"name\":\"DJI Air 3S (DJI RC-N3) - koningdrone.be\",\"isPartOf\":{\"@id\":\"https:\/\/koningdrone.be\/#website\"},\"primaryImageOfPage\":{\"@id\":\"https:\/\/koningdrone.be\/product\/dji-air-3s-dji-rc-n3\/#primaryimage\"},\"image\":{\"@id\":\"https:\/\/koningdrone.be\/product\/dji-air-3s-dji-rc-n3\/#primaryimage\"},\"thumbnailUrl\":\"https:\/\/koningdrone.be\/wp-content\/uploads\/sites\/13\/2026\/04\/DJI-Air-3S-DJI-RC-N3.jpg\",\"datePublished\":\"2024-10-16T05:57:55+00:00\",\"dateModified\":\"2026-04-29T10:07:27+00:00\",\"breadcrumb\":{\"@id\":\"https:\/\/koningdrone.be\/product\/dji-air-3s-dji-rc-n3\/#breadcrumb\"},\"inLanguage\":\"fr-BE\",\"potentialAction\":[{\"@type\":\"ReadAction\",\"target\":[\"https:\/\/koningdrone.be\/product\/dji-air-3s-dji-rc-n3\/\"]}]},{\"@type\":\"ImageObject\",\"inLanguage\":\"fr-BE\",\"@id\":\"https:\/\/koningdrone.be\/product\/dji-air-3s-dji-rc-n3\/#primaryimage\",\"url\":\"https:\/\/koningdrone.be\/wp-content\/uploads\/sites\/13\/2026\/04\/DJI-Air-3S-DJI-RC-N3.jpg\",\"contentUrl\":\"https:\/\/koningdrone.be\/wp-content\/uploads\/sites\/13\/2026\/04\/DJI-Air-3S-DJI-RC-N3.jpg\",\"width\":2560,\"height\":2560},{\"@type\":\"BreadcrumbList\",\"@id\":\"https:\/\/koningdrone.be\/product\/dji-air-3s-dji-rc-n3\/#breadcrumb\",\"itemListElement\":[{\"@type\":\"ListItem\",\"position\":1,\"name\":\"Home\",\"item\":\"https:\/\/koningdrone.be\/\"},{\"@type\":\"ListItem\",\"position\":2,\"name\":\"AVSS Parachute Recovery System for DJI Matrice 300\/350\",\"item\":\"https:\/\/koningdrone.be\/product\/avss-parachute-recovery-system-for-dji-matrice-300-350\/\"},{\"@type\":\"ListItem\",\"position\":3,\"name\":\"DJI Air 3S\",\"item\":\"https:\/\/koningdrone.be\/categorie\/dji-air-3s\/\"},{\"@type\":\"ListItem\",\"position\":4,\"name\":\"DJI Air 3S (DJI RC-N3)\"}]},{\"@type\":\"WebSite\",\"@id\":\"https:\/\/koningdrone.be\/#website\",\"url\":\"https:\/\/koningdrone.be\/\",\"name\":\"Koningdrone.be - Uw online specialist in drones, gimbals, camera's en power stations.\",\"description\":\"De webshop in drones en gimbals\",\"publisher\":{\"@id\":\"https:\/\/koningdrone.be\/#organization\"},\"potentialAction\":[{\"@type\":\"SearchAction\",\"target\":{\"@type\":\"EntryPoint\",\"urlTemplate\":\"https:\/\/koningdrone.be\/?s={search_term_string}\"},\"query-input\":{\"@type\":\"PropertyValueSpecification\",\"valueRequired\":true,\"valueName\":\"search_term_string\"}}],\"inLanguage\":\"fr-BE\"},{\"@type\":\"Organization\",\"@id\":\"https:\/\/koningdrone.be\/#organization\",\"name\":\"Koningdrone.be\",\"url\":\"https:\/\/koningdrone.be\/\",\"logo\":{\"@type\":\"ImageObject\",\"inLanguage\":\"fr-BE\",\"@id\":\"https:\/\/koningdrone.be\/#\/schema\/logo\/image\/\",\"url\":\"https:\/\/koningdrone.be\/wp-content\/uploads\/sites\/13\/2025\/04\/koningdrone-copyright-logo.svg\",\"contentUrl\":\"https:\/\/koningdrone.be\/wp-content\/uploads\/sites\/13\/2025\/04\/koningdrone-copyright-logo.svg\",\"width\":227,\"height\":38,\"caption\":\"Koningdrone.be\"},\"image\":{\"@id\":\"https:\/\/koningdrone.be\/#\/schema\/logo\/image\/\"}}]}<\/script>\n<!-- \/ Yoast SEO Premium plugin. -->","yoast_head_json":{"title":"DJI Air 3S (DJI RC-N3) - koningdrone.be","robots":{"index":"index","follow":"follow","max-snippet":"max-snippet:-1","max-image-preview":"max-image-preview:large","max-video-preview":"max-video-preview:-1"},"canonical":"https:\/\/koningdrone.be\/fr\/produit\/dji-air-3s-dji-rc-n3\/","og_locale":"fr_FR","og_type":"article","og_title":"DJI Air 3S (DJI RC-N3)","og_description":"Krachtige dual\u2011camera: 1\u2011inch CMOS en 70\u202fmm medium telecamera voor veelzijdige luchtfotografie  4K HDR en slow\u2011motion video: professionele kwaliteit voor foto en film  Betrouwbare obstakeldetectie: vermijd botsingen met sensoren in alle richtingen  Draagbaar en robuust ontwerp: ideaal voor reizen en outdoor\u2011opnames  DJI RC\u2011N3 controller: stabiele transmissie en intu\u00eftieve bediening","og_url":"https:\/\/koningdrone.be\/fr\/produit\/dji-air-3s-dji-rc-n3\/","og_site_name":"koningdrone.be","article_modified_time":"2026-04-29T10:07:27+00:00","og_image":[{"width":2560,"height":2560,"url":"https:\/\/koningdrone.be\/wp-content\/uploads\/sites\/13\/2026\/04\/DJI-Air-3S-DJI-RC-N3.jpg","type":"image\/jpeg"}],"twitter_card":"summary_large_image","twitter_misc":{"Dur\u00e9e de lecture est.":"2 minutes"},"schema":{"@context":"https:\/\/schema.org","@graph":[{"@type":"WebPage","@id":"https:\/\/koningdrone.be\/product\/dji-air-3s-dji-rc-n3\/","url":"https:\/\/koningdrone.be\/product\/dji-air-3s-dji-rc-n3\/","name":"DJI Air 3S (DJI RC-N3) - koningdrone.be","isPartOf":{"@id":"https:\/\/koningdrone.be\/#website"},"primaryImageOfPage":{"@id":"https:\/\/koningdrone.be\/product\/dji-air-3s-dji-rc-n3\/#primaryimage"},"image":{"@id":"https:\/\/koningdrone.be\/product\/dji-air-3s-dji-rc-n3\/#primaryimage"},"thumbnailUrl":"https:\/\/koningdrone.be\/wp-content\/uploads\/sites\/13\/2026\/04\/DJI-Air-3S-DJI-RC-N3.jpg","datePublished":"2024-10-16T05:57:55+00:00","dateModified":"2026-04-29T10:07:27+00:00","breadcrumb":{"@id":"https:\/\/koningdrone.be\/product\/dji-air-3s-dji-rc-n3\/#breadcrumb"},"inLanguage":"fr-BE","potentialAction":[{"@type":"ReadAction","target":["https:\/\/koningdrone.be\/product\/dji-air-3s-dji-rc-n3\/"]}]},{"@type":"ImageObject","inLanguage":"fr-BE","@id":"https:\/\/koningdrone.be\/product\/dji-air-3s-dji-rc-n3\/#primaryimage","url":"https:\/\/koningdrone.be\/wp-content\/uploads\/sites\/13\/2026\/04\/DJI-Air-3S-DJI-RC-N3.jpg","contentUrl":"https:\/\/koningdrone.be\/wp-content\/uploads\/sites\/13\/2026\/04\/DJI-Air-3S-DJI-RC-N3.jpg","width":2560,"height":2560},{"@type":"BreadcrumbList","@id":"https:\/\/koningdrone.be\/product\/dji-air-3s-dji-rc-n3\/#breadcrumb","itemListElement":[{"@type":"ListItem","position":1,"name":"Home","item":"https:\/\/koningdrone.be\/"},{"@type":"ListItem","position":2,"name":"AVSS Parachute Recovery System for DJI Matrice 300\/350","item":"https:\/\/koningdrone.be\/product\/avss-parachute-recovery-system-for-dji-matrice-300-350\/"},{"@type":"ListItem","position":3,"name":"DJI Air 3S","item":"https:\/\/koningdrone.be\/categorie\/dji-air-3s\/"},{"@type":"ListItem","position":4,"name":"DJI Air 3S (DJI RC-N3)"}]},{"@type":"WebSite","@id":"https:\/\/koningdrone.be\/#website","url":"https:\/\/koningdrone.be\/","name":"Koningdrone.be - Votre sp\u00e9cialiste en ligne en mati\u00e8re de drones, de cardans, de cam\u00e9ras et de centrales \u00e9lectriques.","description":"La boutique en ligne de drones et de cardans","publisher":{"@id":"https:\/\/koningdrone.be\/#organization"},"potentialAction":[{"@type":"SearchAction","target":{"@type":"EntryPoint","urlTemplate":"https:\/\/koningdrone.be\/?s={search_term_string}"},"query-input":{"@type":"PropertyValueSpecification","valueRequired":true,"valueName":"search_term_string"}}],"inLanguage":"fr-BE"},{"@type":"Organization","@id":"https:\/\/koningdrone.be\/#organization","name":"Kingdrone.co.uk","url":"https:\/\/koningdrone.be\/","logo":{"@type":"ImageObject","inLanguage":"fr-BE","@id":"https:\/\/koningdrone.be\/#\/schema\/logo\/image\/","url":"https:\/\/koningdrone.be\/wp-content\/uploads\/sites\/13\/2025\/04\/koningdrone-copyright-logo.svg","contentUrl":"https:\/\/koningdrone.be\/wp-content\/uploads\/sites\/13\/2025\/04\/koningdrone-copyright-logo.svg","width":227,"height":38,"caption":"Koningdrone.be"},"image":{"@id":"https:\/\/koningdrone.be\/#\/schema\/logo\/image\/"}}]}},"df_price":1061,"df_sale_price":"","df_regular_price":1061,"df_image_link":"https:\/\/koningdrone.be\/wp-content\/uploads\/sites\/13\/2026\/04\/DJI-Air-3S-DJI-RC-N3-300x300.jpg","_links":{"self":[{"href":"https:\/\/koningdrone.be\/fr\/wp-json\/wp\/v2\/product\/2101","targetHints":{"allow":["GET"]}}],"collection":[{"href":"https:\/\/koningdrone.be\/fr\/wp-json\/wp\/v2\/product"}],"about":[{"href":"https:\/\/koningdrone.be\/fr\/wp-json\/wp\/v2\/types\/product"}],"wp:featuredmedia":[{"embeddable":true,"href":"https:\/\/koningdrone.be\/fr\/wp-json\/wp\/v2\/media\/18841"}],"wp:attachment":[{"href":"https:\/\/koningdrone.be\/fr\/wp-json\/wp\/v2\/media?parent=2101"}],"wp:term":[{"taxonomy":"product_brand","embeddable":true,"href":"https:\/\/koningdrone.be\/fr\/wp-json\/wp\/v2\/product_brand?post=2101"},{"taxonomy":"product_cat","embeddable":true,"href":"https:\/\/koningdrone.be\/fr\/wp-json\/wp\/v2\/product_cat?post=2101"},{"taxonomy":"product_tag","embeddable":true,"href":"https:\/\/koningdrone.be\/fr\/wp-json\/wp\/v2\/product_tag?post=2101"}],"curies":[{"name":"wp","href":"https:\/\/api.w.org\/{rel}","templated":true}]}}