{"id":2093,"date":"2024-10-16T07:58:53","date_gmt":"2024-10-16T05:58:53","guid":{"rendered":"https:\/\/koningdrone.nl\/kon\/product\/dji-cellular-dongle-2-mounting-kit-dji-mini-4-pro\/"},"modified":"2026-04-29T15:01:06","modified_gmt":"2026-04-29T13:01:06","slug":"dji-cellular-dongle-2-mounting-kit-dji-mini-4-pro","status":"publish","type":"product","link":"https:\/\/koningdrone.be\/fr\/produit\/dji-cellular-dongle-2-mounting-kit-dji-mini-4-pro\/","title":{"rendered":"Kit de montage DJI Cellular Dongle 2 (DJI Mini 4 Pro)"},"content":{"rendered":"<p>\u00c9tendez la connectivit\u00e9 de votre DJI Mini 4 Pro avec le kit de montage DJI Cellular Dongle 2. Ce kit permet de fixer facilement un dongle 4G \u00e0 votre drone, vous offrant ainsi des connexions stables et fiables partout.<\/p>","protected":false},"excerpt":{"rendered":"<ul>\n<li>Fixation facile d'un dongle 4G<\/li>\n<li>Assure une connectivit\u00e9 stable pendant les vols<\/li>\n<li>Compatible avec DJI Mini 4 Pro<\/li>\n<\/ul>","protected":false},"featured_media":2090,"template":"","meta":{"_acf_changed":false},"product_brand":[],"product_cat":[215,97,334],"product_tag":[],"class_list":{"0":"post-2093","1":"product","2":"type-product","3":"status-publish","4":"has-post-thumbnail","6":"product_cat-4g-dongle","7":"product_cat-alle-producten","8":"product_cat-dji-mini-4-pro","9":"product_shipping_class-outofstock","10":"pa_brand-dji","11":"pa_producttype-4g-dongle","13":"first","14":"outofstock","15":"taxable","16":"shipping-taxable","17":"purchasable","18":"product-type-simple"},"acf":[],"yoast_head":"<!-- This site is optimized with the Yoast SEO Premium plugin v27.2 (Yoast SEO v27.2) - https:\/\/yoast.com\/product\/yoast-seo-premium-wordpress\/ -->\n<title>DJI Cellular Dongle 2 Mounting Kit (DJI Mini 4 Pro) - koningdrone.be<\/title>\n<meta name=\"robots\" content=\"index, follow, max-snippet:-1, max-image-preview:large, max-video-preview:-1\" \/>\n<link rel=\"canonical\" href=\"https:\/\/koningdrone.be\/fr\/produit\/dji-cellular-dongle-2-mounting-kit-dji-mini-4-pro\/\" \/>\n<meta property=\"og:locale\" content=\"fr_FR\" \/>\n<meta property=\"og:type\" content=\"article\" \/>\n<meta property=\"og:title\" content=\"DJI Cellular Dongle 2 Mounting Kit (DJI Mini 4 Pro)\" \/>\n<meta property=\"og:description\" content=\"Eenvoudige bevestiging van een 4G-dongle Zorgt voor stabiele connectiviteit tijdens vluchten Compatibel met DJI Mini 4 Pro\" \/>\n<meta property=\"og:url\" content=\"https:\/\/koningdrone.be\/fr\/produit\/dji-cellular-dongle-2-mounting-kit-dji-mini-4-pro\/\" \/>\n<meta property=\"og:site_name\" content=\"koningdrone.be\" \/>\n<meta property=\"article:modified_time\" content=\"2026-04-29T13:01:06+00:00\" \/>\n<meta property=\"og:image\" content=\"https:\/\/koningdrone.be\/wp-content\/uploads\/sites\/13\/2025\/04\/26a724e61259e6f44b644e444bbd0769@large.jpg\" \/>\n\t<meta property=\"og:image:width\" content=\"1200\" \/>\n\t<meta property=\"og:image:height\" content=\"800\" \/>\n\t<meta property=\"og:image:type\" content=\"image\/jpeg\" \/>\n<meta name=\"twitter:card\" content=\"summary_large_image\" \/>\n<script type=\"application\/ld+json\" class=\"yoast-schema-graph\">{\"@context\":\"https:\/\/schema.org\",\"@graph\":[{\"@type\":\"WebPage\",\"@id\":\"https:\/\/koningdrone.be\/product\/dji-cellular-dongle-2-mounting-kit-dji-mini-4-pro\/\",\"url\":\"https:\/\/koningdrone.be\/product\/dji-cellular-dongle-2-mounting-kit-dji-mini-4-pro\/\",\"name\":\"DJI Cellular Dongle 2 Mounting Kit (DJI Mini 4 Pro) - koningdrone.be\",\"isPartOf\":{\"@id\":\"https:\/\/koningdrone.be\/#website\"},\"primaryImageOfPage\":{\"@id\":\"https:\/\/koningdrone.be\/product\/dji-cellular-dongle-2-mounting-kit-dji-mini-4-pro\/#primaryimage\"},\"image\":{\"@id\":\"https:\/\/koningdrone.be\/product\/dji-cellular-dongle-2-mounting-kit-dji-mini-4-pro\/#primaryimage\"},\"thumbnailUrl\":\"https:\/\/koningdrone.be\/wp-content\/uploads\/sites\/13\/2025\/04\/26a724e61259e6f44b644e444bbd0769@large.jpg\",\"datePublished\":\"2024-10-16T05:58:53+00:00\",\"dateModified\":\"2026-04-29T13:01:06+00:00\",\"breadcrumb\":{\"@id\":\"https:\/\/koningdrone.be\/product\/dji-cellular-dongle-2-mounting-kit-dji-mini-4-pro\/#breadcrumb\"},\"inLanguage\":\"fr-BE\",\"potentialAction\":[{\"@type\":\"ReadAction\",\"target\":[\"https:\/\/koningdrone.be\/product\/dji-cellular-dongle-2-mounting-kit-dji-mini-4-pro\/\"]}]},{\"@type\":\"ImageObject\",\"inLanguage\":\"fr-BE\",\"@id\":\"https:\/\/koningdrone.be\/product\/dji-cellular-dongle-2-mounting-kit-dji-mini-4-pro\/#primaryimage\",\"url\":\"https:\/\/koningdrone.be\/wp-content\/uploads\/sites\/13\/2025\/04\/26a724e61259e6f44b644e444bbd0769@large.jpg\",\"contentUrl\":\"https:\/\/koningdrone.be\/wp-content\/uploads\/sites\/13\/2025\/04\/26a724e61259e6f44b644e444bbd0769@large.jpg\",\"width\":1200,\"height\":800},{\"@type\":\"BreadcrumbList\",\"@id\":\"https:\/\/koningdrone.be\/product\/dji-cellular-dongle-2-mounting-kit-dji-mini-4-pro\/#breadcrumb\",\"itemListElement\":[{\"@type\":\"ListItem\",\"position\":1,\"name\":\"Home\",\"item\":\"https:\/\/koningdrone.be\/\"},{\"@type\":\"ListItem\",\"position\":2,\"name\":\"AVSS Parachute Recovery System for DJI Matrice 300\/350\",\"item\":\"https:\/\/koningdrone.be\/product\/avss-parachute-recovery-system-for-dji-matrice-300-350\/\"},{\"@type\":\"ListItem\",\"position\":3,\"name\":\"4G dongle\",\"item\":\"https:\/\/koningdrone.be\/categorie\/4g-dongle\/\"},{\"@type\":\"ListItem\",\"position\":4,\"name\":\"DJI Cellular Dongle 2 Mounting Kit (DJI Mini 4 Pro)\"}]},{\"@type\":\"WebSite\",\"@id\":\"https:\/\/koningdrone.be\/#website\",\"url\":\"https:\/\/koningdrone.be\/\",\"name\":\"Koningdrone.be - Uw online specialist in drones, gimbals, camera's en power stations.\",\"description\":\"De webshop in drones en gimbals\",\"publisher\":{\"@id\":\"https:\/\/koningdrone.be\/#organization\"},\"potentialAction\":[{\"@type\":\"SearchAction\",\"target\":{\"@type\":\"EntryPoint\",\"urlTemplate\":\"https:\/\/koningdrone.be\/?s={search_term_string}\"},\"query-input\":{\"@type\":\"PropertyValueSpecification\",\"valueRequired\":true,\"valueName\":\"search_term_string\"}}],\"inLanguage\":\"fr-BE\"},{\"@type\":\"Organization\",\"@id\":\"https:\/\/koningdrone.be\/#organization\",\"name\":\"Koningdrone.be\",\"url\":\"https:\/\/koningdrone.be\/\",\"logo\":{\"@type\":\"ImageObject\",\"inLanguage\":\"fr-BE\",\"@id\":\"https:\/\/koningdrone.be\/#\/schema\/logo\/image\/\",\"url\":\"https:\/\/koningdrone.be\/wp-content\/uploads\/sites\/13\/2025\/04\/koningdrone-copyright-logo.svg\",\"contentUrl\":\"https:\/\/koningdrone.be\/wp-content\/uploads\/sites\/13\/2025\/04\/koningdrone-copyright-logo.svg\",\"width\":227,\"height\":38,\"caption\":\"Koningdrone.be\"},\"image\":{\"@id\":\"https:\/\/koningdrone.be\/#\/schema\/logo\/image\/\"}}]}<\/script>\n<!-- \/ Yoast SEO Premium plugin. -->","yoast_head_json":{"title":"DJI Cellular Dongle 2 Mounting Kit (DJI Mini 4 Pro) - koningdrone.be","robots":{"index":"index","follow":"follow","max-snippet":"max-snippet:-1","max-image-preview":"max-image-preview:large","max-video-preview":"max-video-preview:-1"},"canonical":"https:\/\/koningdrone.be\/fr\/produit\/dji-cellular-dongle-2-mounting-kit-dji-mini-4-pro\/","og_locale":"fr_FR","og_type":"article","og_title":"DJI Cellular Dongle 2 Mounting Kit (DJI Mini 4 Pro)","og_description":"Eenvoudige bevestiging van een 4G-dongle Zorgt voor stabiele connectiviteit tijdens vluchten Compatibel met DJI Mini 4 Pro","og_url":"https:\/\/koningdrone.be\/fr\/produit\/dji-cellular-dongle-2-mounting-kit-dji-mini-4-pro\/","og_site_name":"koningdrone.be","article_modified_time":"2026-04-29T13:01:06+00:00","og_image":[{"width":1200,"height":800,"url":"https:\/\/koningdrone.be\/wp-content\/uploads\/sites\/13\/2025\/04\/26a724e61259e6f44b644e444bbd0769@large.jpg","type":"image\/jpeg"}],"twitter_card":"summary_large_image","schema":{"@context":"https:\/\/schema.org","@graph":[{"@type":"WebPage","@id":"https:\/\/koningdrone.be\/product\/dji-cellular-dongle-2-mounting-kit-dji-mini-4-pro\/","url":"https:\/\/koningdrone.be\/product\/dji-cellular-dongle-2-mounting-kit-dji-mini-4-pro\/","name":"DJI Cellular Dongle 2 Mounting Kit (DJI Mini 4 Pro) - koningdrone.be","isPartOf":{"@id":"https:\/\/koningdrone.be\/#website"},"primaryImageOfPage":{"@id":"https:\/\/koningdrone.be\/product\/dji-cellular-dongle-2-mounting-kit-dji-mini-4-pro\/#primaryimage"},"image":{"@id":"https:\/\/koningdrone.be\/product\/dji-cellular-dongle-2-mounting-kit-dji-mini-4-pro\/#primaryimage"},"thumbnailUrl":"https:\/\/koningdrone.be\/wp-content\/uploads\/sites\/13\/2025\/04\/26a724e61259e6f44b644e444bbd0769@large.jpg","datePublished":"2024-10-16T05:58:53+00:00","dateModified":"2026-04-29T13:01:06+00:00","breadcrumb":{"@id":"https:\/\/koningdrone.be\/product\/dji-cellular-dongle-2-mounting-kit-dji-mini-4-pro\/#breadcrumb"},"inLanguage":"fr-BE","potentialAction":[{"@type":"ReadAction","target":["https:\/\/koningdrone.be\/product\/dji-cellular-dongle-2-mounting-kit-dji-mini-4-pro\/"]}]},{"@type":"ImageObject","inLanguage":"fr-BE","@id":"https:\/\/koningdrone.be\/product\/dji-cellular-dongle-2-mounting-kit-dji-mini-4-pro\/#primaryimage","url":"https:\/\/koningdrone.be\/wp-content\/uploads\/sites\/13\/2025\/04\/26a724e61259e6f44b644e444bbd0769@large.jpg","contentUrl":"https:\/\/koningdrone.be\/wp-content\/uploads\/sites\/13\/2025\/04\/26a724e61259e6f44b644e444bbd0769@large.jpg","width":1200,"height":800},{"@type":"BreadcrumbList","@id":"https:\/\/koningdrone.be\/product\/dji-cellular-dongle-2-mounting-kit-dji-mini-4-pro\/#breadcrumb","itemListElement":[{"@type":"ListItem","position":1,"name":"Home","item":"https:\/\/koningdrone.be\/"},{"@type":"ListItem","position":2,"name":"AVSS Parachute Recovery System for DJI Matrice 300\/350","item":"https:\/\/koningdrone.be\/product\/avss-parachute-recovery-system-for-dji-matrice-300-350\/"},{"@type":"ListItem","position":3,"name":"4G dongle","item":"https:\/\/koningdrone.be\/categorie\/4g-dongle\/"},{"@type":"ListItem","position":4,"name":"DJI Cellular Dongle 2 Mounting Kit (DJI Mini 4 Pro)"}]},{"@type":"WebSite","@id":"https:\/\/koningdrone.be\/#website","url":"https:\/\/koningdrone.be\/","name":"Koningdrone.be - Votre sp\u00e9cialiste en ligne en mati\u00e8re de drones, de cardans, de cam\u00e9ras et de centrales \u00e9lectriques.","description":"La boutique en ligne de drones et de cardans","publisher":{"@id":"https:\/\/koningdrone.be\/#organization"},"potentialAction":[{"@type":"SearchAction","target":{"@type":"EntryPoint","urlTemplate":"https:\/\/koningdrone.be\/?s={search_term_string}"},"query-input":{"@type":"PropertyValueSpecification","valueRequired":true,"valueName":"search_term_string"}}],"inLanguage":"fr-BE"},{"@type":"Organization","@id":"https:\/\/koningdrone.be\/#organization","name":"Kingdrone.co.uk","url":"https:\/\/koningdrone.be\/","logo":{"@type":"ImageObject","inLanguage":"fr-BE","@id":"https:\/\/koningdrone.be\/#\/schema\/logo\/image\/","url":"https:\/\/koningdrone.be\/wp-content\/uploads\/sites\/13\/2025\/04\/koningdrone-copyright-logo.svg","contentUrl":"https:\/\/koningdrone.be\/wp-content\/uploads\/sites\/13\/2025\/04\/koningdrone-copyright-logo.svg","width":227,"height":38,"caption":"Koningdrone.be"},"image":{"@id":"https:\/\/koningdrone.be\/#\/schema\/logo\/image\/"}}]}},"df_price":20,"df_sale_price":"","df_regular_price":20,"df_image_link":"https:\/\/koningdrone.be\/wp-content\/uploads\/sites\/13\/2025\/04\/26a724e61259e6f44b644e444bbd0769@large-300x200.jpg","_links":{"self":[{"href":"https:\/\/koningdrone.be\/fr\/wp-json\/wp\/v2\/product\/2093","targetHints":{"allow":["GET"]}}],"collection":[{"href":"https:\/\/koningdrone.be\/fr\/wp-json\/wp\/v2\/product"}],"about":[{"href":"https:\/\/koningdrone.be\/fr\/wp-json\/wp\/v2\/types\/product"}],"wp:featuredmedia":[{"embeddable":true,"href":"https:\/\/koningdrone.be\/fr\/wp-json\/wp\/v2\/media\/2090"}],"wp:attachment":[{"href":"https:\/\/koningdrone.be\/fr\/wp-json\/wp\/v2\/media?parent=2093"}],"wp:term":[{"taxonomy":"product_brand","embeddable":true,"href":"https:\/\/koningdrone.be\/fr\/wp-json\/wp\/v2\/product_brand?post=2093"},{"taxonomy":"product_cat","embeddable":true,"href":"https:\/\/koningdrone.be\/fr\/wp-json\/wp\/v2\/product_cat?post=2093"},{"taxonomy":"product_tag","embeddable":true,"href":"https:\/\/koningdrone.be\/fr\/wp-json\/wp\/v2\/product_tag?post=2093"}],"curies":[{"name":"wp","href":"https:\/\/api.w.org\/{rel}","templated":true}]}}