{"id":2084,"date":"2024-10-16T07:58:53","date_gmt":"2024-10-16T05:58:53","guid":{"rendered":"https:\/\/koningdrone.nl\/kon\/product\/dji-mini-4k\/"},"modified":"2026-04-29T13:01:04","modified_gmt":"2026-04-29T11:01:04","slug":"dji-mini-4k","status":"publish","type":"product","link":"https:\/\/koningdrone.be\/fr\/produit\/dji-mini-4k\/","title":{"rendered":"DJI Mini 4K"},"content":{"rendered":"<p>Le drone DJI Mini 4K est id\u00e9al pour les d\u00e9butants comme pour les experts gr\u00e2ce \u00e0 son syst\u00e8me d'exploitation simple. Avec des fonctions telles que le d\u00e9collage et l'atterrissage faciles, le retour \u00e0 la maison et le vol stationnaire stable, le drone est facile \u00e0 utiliser. L'enregistrement n'est pas n\u00e9cessaire dans la plupart des pays.<\/p>\n<p>&nbsp;<\/p>\n<p>\u00c9quip\u00e9 d'un appareil photo CMOS de 1\/2,3 pouce, il produit des vid\u00e9os 4K d'une grande nettet\u00e9. Plusieurs modes intelligents prennent en charge les QuickShots et les panoramas. La transmission vid\u00e9o DJI O2 offre une port\u00e9e allant jusqu'\u00e0 10 km et d'excellentes capacit\u00e9s anti-interf\u00e9rences.<\/p>\n<p>&nbsp;<\/p>\n<p>Le Mini 4K dispose d'une dur\u00e9e de vol suffisante pour des enregistrements parfaits, r\u00e9siste au vent jusqu'\u00e0 38 km\/h (niveau 5) et peut d\u00e9coller jusqu'\u00e0 4 000 m\u00e8tres pour des s\u00e9quences stables dans diverses conditions.<\/p>\n<p>&nbsp;<\/p>","protected":false},"excerpt":{"rendered":"<ul>\n<li>Simple et intuitif pour les d\u00e9butants.<\/li>\n<li>Prend en charge les fonctions de vol \u00e0 pression unique telles que le d\u00e9collage et l'atterrissage.<\/li>\n<li>Dans le monde entier, il n'est g\u00e9n\u00e9ralement pas n\u00e9cessaire de s'inscrire.<\/li>\n<li>Taille compacte, facile \u00e0 transporter.<\/li>\n<li>Cam\u00e9ra CMOS de 1\/2,3 pouce pour des vid\u00e9os 4K d'une grande nettet\u00e9.<\/li>\n<li>Fonctions polyvalentes QuickShots et panorama.<\/li>\n<li>La DJI O2 prend en charge la transmission vid\u00e9o HD jusqu'\u00e0 10 km.<\/li>\n<li>Excellente protection contre les interf\u00e9rences pour un vol stable.<\/li>\n<li>Convient aux vents forts (38 km\/h) et \u00e0 une altitude de 4000 m.<\/li>\n<li>Temps de vol plus long pour obtenir la photo parfaite.<\/li>\n<\/ul>","protected":false},"featured_media":2081,"template":"","meta":{"_acf_changed":false},"product_brand":[],"product_cat":[318,97,330,177],"product_tag":[],"class_list":{"0":"post-2084","1":"product","2":"type-product","3":"status-publish","4":"has-post-thumbnail","6":"product_cat-alle-consumer-drones","7":"product_cat-alle-producten","8":"product_cat-dji-mini-4k","9":"product_cat-drones-zonder-certificaat","10":"product_shipping_class-outofstock","11":"pa_brand-dji","12":"pa_producttype-drone","14":"first","15":"outofstock","16":"taxable","17":"shipping-taxable","18":"product-type-simple"},"acf":[],"yoast_head":"<!-- This site is optimized with the Yoast SEO Premium plugin v27.2 (Yoast SEO v27.2) - https:\/\/yoast.com\/product\/yoast-seo-premium-wordpress\/ -->\n<title>DJI Mini 4K - koningdrone.be<\/title>\n<meta name=\"robots\" content=\"index, follow, max-snippet:-1, max-image-preview:large, max-video-preview:-1\" \/>\n<link rel=\"canonical\" href=\"https:\/\/koningdrone.be\/fr\/produit\/dji-mini-4k\/\" \/>\n<meta property=\"og:locale\" content=\"fr_FR\" \/>\n<meta property=\"og:type\" content=\"article\" \/>\n<meta property=\"og:title\" content=\"DJI Mini 4K\" \/>\n<meta property=\"og:description\" content=\"Eenvoudig en intu\u00eftief voor beginners.  Ondersteunt \u00e9\u00e9n-druk vluchtfuncties zoals opstijgen en landen.  Wereldwijd meestal geen registratie nodig.  Compact formaat, eenvoudig mee te nemen.  1\/2.3-inch CMOS-camera voor scherpe 4K-video&#039;s.  Veelzijdige QuickShots en panoramafuncties.  DJI O2 ondersteunt tot 10km HD-video transmissie.  Uitstekende anti-interferentie voor stabiele vlucht.  Geschikt voor stevige wind (38kph) en 4000m hoogte.  Langere vluchttijd om de perfecte opname te maken.\" \/>\n<meta property=\"og:url\" content=\"https:\/\/koningdrone.be\/fr\/produit\/dji-mini-4k\/\" \/>\n<meta property=\"og:site_name\" content=\"koningdrone.be\" \/>\n<meta property=\"article:modified_time\" content=\"2026-04-29T11:01:04+00:00\" \/>\n<meta property=\"og:image\" content=\"https:\/\/koningdrone.be\/wp-content\/uploads\/sites\/13\/2025\/04\/6737c1dc90512f0f019b17256bc40b65@ultra.jpg\" \/>\n\t<meta property=\"og:image:width\" content=\"1280\" \/>\n\t<meta property=\"og:image:height\" content=\"1280\" \/>\n\t<meta property=\"og:image:type\" content=\"image\/jpeg\" \/>\n<meta name=\"twitter:card\" content=\"summary_large_image\" \/>\n<script type=\"application\/ld+json\" class=\"yoast-schema-graph\">{\"@context\":\"https:\/\/schema.org\",\"@graph\":[{\"@type\":\"WebPage\",\"@id\":\"https:\/\/koningdrone.be\/product\/dji-mini-4k\/\",\"url\":\"https:\/\/koningdrone.be\/product\/dji-mini-4k\/\",\"name\":\"DJI Mini 4K - koningdrone.be\",\"isPartOf\":{\"@id\":\"https:\/\/koningdrone.be\/#website\"},\"primaryImageOfPage\":{\"@id\":\"https:\/\/koningdrone.be\/product\/dji-mini-4k\/#primaryimage\"},\"image\":{\"@id\":\"https:\/\/koningdrone.be\/product\/dji-mini-4k\/#primaryimage\"},\"thumbnailUrl\":\"https:\/\/koningdrone.be\/wp-content\/uploads\/sites\/13\/2025\/04\/6737c1dc90512f0f019b17256bc40b65@ultra.jpg\",\"datePublished\":\"2024-10-16T05:58:53+00:00\",\"dateModified\":\"2026-04-29T11:01:04+00:00\",\"breadcrumb\":{\"@id\":\"https:\/\/koningdrone.be\/product\/dji-mini-4k\/#breadcrumb\"},\"inLanguage\":\"fr-BE\",\"potentialAction\":[{\"@type\":\"ReadAction\",\"target\":[\"https:\/\/koningdrone.be\/product\/dji-mini-4k\/\"]}]},{\"@type\":\"ImageObject\",\"inLanguage\":\"fr-BE\",\"@id\":\"https:\/\/koningdrone.be\/product\/dji-mini-4k\/#primaryimage\",\"url\":\"https:\/\/koningdrone.be\/wp-content\/uploads\/sites\/13\/2025\/04\/6737c1dc90512f0f019b17256bc40b65@ultra.jpg\",\"contentUrl\":\"https:\/\/koningdrone.be\/wp-content\/uploads\/sites\/13\/2025\/04\/6737c1dc90512f0f019b17256bc40b65@ultra.jpg\",\"width\":1280,\"height\":1280},{\"@type\":\"BreadcrumbList\",\"@id\":\"https:\/\/koningdrone.be\/product\/dji-mini-4k\/#breadcrumb\",\"itemListElement\":[{\"@type\":\"ListItem\",\"position\":1,\"name\":\"Home\",\"item\":\"https:\/\/koningdrone.be\/\"},{\"@type\":\"ListItem\",\"position\":2,\"name\":\"AVSS Parachute Recovery System for DJI Matrice 300\/350\",\"item\":\"https:\/\/koningdrone.be\/product\/avss-parachute-recovery-system-for-dji-matrice-300-350\/\"},{\"@type\":\"ListItem\",\"position\":3,\"name\":\"Alle consumer drones\",\"item\":\"https:\/\/koningdrone.be\/categorie\/alle-consumer-drones\/\"},{\"@type\":\"ListItem\",\"position\":4,\"name\":\"DJI Mini 4K\"}]},{\"@type\":\"WebSite\",\"@id\":\"https:\/\/koningdrone.be\/#website\",\"url\":\"https:\/\/koningdrone.be\/\",\"name\":\"Koningdrone.be - Uw online specialist in drones, gimbals, camera's en power stations.\",\"description\":\"De webshop in drones en gimbals\",\"publisher\":{\"@id\":\"https:\/\/koningdrone.be\/#organization\"},\"potentialAction\":[{\"@type\":\"SearchAction\",\"target\":{\"@type\":\"EntryPoint\",\"urlTemplate\":\"https:\/\/koningdrone.be\/?s={search_term_string}\"},\"query-input\":{\"@type\":\"PropertyValueSpecification\",\"valueRequired\":true,\"valueName\":\"search_term_string\"}}],\"inLanguage\":\"fr-BE\"},{\"@type\":\"Organization\",\"@id\":\"https:\/\/koningdrone.be\/#organization\",\"name\":\"Koningdrone.be\",\"url\":\"https:\/\/koningdrone.be\/\",\"logo\":{\"@type\":\"ImageObject\",\"inLanguage\":\"fr-BE\",\"@id\":\"https:\/\/koningdrone.be\/#\/schema\/logo\/image\/\",\"url\":\"https:\/\/koningdrone.be\/wp-content\/uploads\/sites\/13\/2025\/04\/koningdrone-copyright-logo.svg\",\"contentUrl\":\"https:\/\/koningdrone.be\/wp-content\/uploads\/sites\/13\/2025\/04\/koningdrone-copyright-logo.svg\",\"width\":227,\"height\":38,\"caption\":\"Koningdrone.be\"},\"image\":{\"@id\":\"https:\/\/koningdrone.be\/#\/schema\/logo\/image\/\"}}]}<\/script>\n<!-- \/ Yoast SEO Premium plugin. -->","yoast_head_json":{"title":"DJI Mini 4K - koningdrone.be","robots":{"index":"index","follow":"follow","max-snippet":"max-snippet:-1","max-image-preview":"max-image-preview:large","max-video-preview":"max-video-preview:-1"},"canonical":"https:\/\/koningdrone.be\/fr\/produit\/dji-mini-4k\/","og_locale":"fr_FR","og_type":"article","og_title":"DJI Mini 4K","og_description":"Eenvoudig en intu\u00eftief voor beginners.  Ondersteunt \u00e9\u00e9n-druk vluchtfuncties zoals opstijgen en landen.  Wereldwijd meestal geen registratie nodig.  Compact formaat, eenvoudig mee te nemen.  1\/2.3-inch CMOS-camera voor scherpe 4K-video's.  Veelzijdige QuickShots en panoramafuncties.  DJI O2 ondersteunt tot 10km HD-video transmissie.  Uitstekende anti-interferentie voor stabiele vlucht.  Geschikt voor stevige wind (38kph) en 4000m hoogte.  Langere vluchttijd om de perfecte opname te maken.","og_url":"https:\/\/koningdrone.be\/fr\/produit\/dji-mini-4k\/","og_site_name":"koningdrone.be","article_modified_time":"2026-04-29T11:01:04+00:00","og_image":[{"width":1280,"height":1280,"url":"https:\/\/koningdrone.be\/wp-content\/uploads\/sites\/13\/2025\/04\/6737c1dc90512f0f019b17256bc40b65@ultra.jpg","type":"image\/jpeg"}],"twitter_card":"summary_large_image","schema":{"@context":"https:\/\/schema.org","@graph":[{"@type":"WebPage","@id":"https:\/\/koningdrone.be\/product\/dji-mini-4k\/","url":"https:\/\/koningdrone.be\/product\/dji-mini-4k\/","name":"DJI Mini 4K - koningdrone.be","isPartOf":{"@id":"https:\/\/koningdrone.be\/#website"},"primaryImageOfPage":{"@id":"https:\/\/koningdrone.be\/product\/dji-mini-4k\/#primaryimage"},"image":{"@id":"https:\/\/koningdrone.be\/product\/dji-mini-4k\/#primaryimage"},"thumbnailUrl":"https:\/\/koningdrone.be\/wp-content\/uploads\/sites\/13\/2025\/04\/6737c1dc90512f0f019b17256bc40b65@ultra.jpg","datePublished":"2024-10-16T05:58:53+00:00","dateModified":"2026-04-29T11:01:04+00:00","breadcrumb":{"@id":"https:\/\/koningdrone.be\/product\/dji-mini-4k\/#breadcrumb"},"inLanguage":"fr-BE","potentialAction":[{"@type":"ReadAction","target":["https:\/\/koningdrone.be\/product\/dji-mini-4k\/"]}]},{"@type":"ImageObject","inLanguage":"fr-BE","@id":"https:\/\/koningdrone.be\/product\/dji-mini-4k\/#primaryimage","url":"https:\/\/koningdrone.be\/wp-content\/uploads\/sites\/13\/2025\/04\/6737c1dc90512f0f019b17256bc40b65@ultra.jpg","contentUrl":"https:\/\/koningdrone.be\/wp-content\/uploads\/sites\/13\/2025\/04\/6737c1dc90512f0f019b17256bc40b65@ultra.jpg","width":1280,"height":1280},{"@type":"BreadcrumbList","@id":"https:\/\/koningdrone.be\/product\/dji-mini-4k\/#breadcrumb","itemListElement":[{"@type":"ListItem","position":1,"name":"Home","item":"https:\/\/koningdrone.be\/"},{"@type":"ListItem","position":2,"name":"AVSS Parachute Recovery System for DJI Matrice 300\/350","item":"https:\/\/koningdrone.be\/product\/avss-parachute-recovery-system-for-dji-matrice-300-350\/"},{"@type":"ListItem","position":3,"name":"Alle consumer drones","item":"https:\/\/koningdrone.be\/categorie\/alle-consumer-drones\/"},{"@type":"ListItem","position":4,"name":"DJI Mini 4K"}]},{"@type":"WebSite","@id":"https:\/\/koningdrone.be\/#website","url":"https:\/\/koningdrone.be\/","name":"Koningdrone.be - Votre sp\u00e9cialiste en ligne en mati\u00e8re de drones, de cardans, de cam\u00e9ras et de centrales \u00e9lectriques.","description":"La boutique en ligne de drones et de cardans","publisher":{"@id":"https:\/\/koningdrone.be\/#organization"},"potentialAction":[{"@type":"SearchAction","target":{"@type":"EntryPoint","urlTemplate":"https:\/\/koningdrone.be\/?s={search_term_string}"},"query-input":{"@type":"PropertyValueSpecification","valueRequired":true,"valueName":"search_term_string"}}],"inLanguage":"fr-BE"},{"@type":"Organization","@id":"https:\/\/koningdrone.be\/#organization","name":"Kingdrone.co.uk","url":"https:\/\/koningdrone.be\/","logo":{"@type":"ImageObject","inLanguage":"fr-BE","@id":"https:\/\/koningdrone.be\/#\/schema\/logo\/image\/","url":"https:\/\/koningdrone.be\/wp-content\/uploads\/sites\/13\/2025\/04\/koningdrone-copyright-logo.svg","contentUrl":"https:\/\/koningdrone.be\/wp-content\/uploads\/sites\/13\/2025\/04\/koningdrone-copyright-logo.svg","width":227,"height":38,"caption":"Koningdrone.be"},"image":{"@id":"https:\/\/koningdrone.be\/#\/schema\/logo\/image\/"}}]}},"df_price":"","df_sale_price":"","df_regular_price":"","df_image_link":"https:\/\/koningdrone.be\/wp-content\/uploads\/sites\/13\/2025\/04\/6737c1dc90512f0f019b17256bc40b65@ultra-300x300.jpg","_links":{"self":[{"href":"https:\/\/koningdrone.be\/fr\/wp-json\/wp\/v2\/product\/2084","targetHints":{"allow":["GET"]}}],"collection":[{"href":"https:\/\/koningdrone.be\/fr\/wp-json\/wp\/v2\/product"}],"about":[{"href":"https:\/\/koningdrone.be\/fr\/wp-json\/wp\/v2\/types\/product"}],"wp:featuredmedia":[{"embeddable":true,"href":"https:\/\/koningdrone.be\/fr\/wp-json\/wp\/v2\/media\/2081"}],"wp:attachment":[{"href":"https:\/\/koningdrone.be\/fr\/wp-json\/wp\/v2\/media?parent=2084"}],"wp:term":[{"taxonomy":"product_brand","embeddable":true,"href":"https:\/\/koningdrone.be\/fr\/wp-json\/wp\/v2\/product_brand?post=2084"},{"taxonomy":"product_cat","embeddable":true,"href":"https:\/\/koningdrone.be\/fr\/wp-json\/wp\/v2\/product_cat?post=2084"},{"taxonomy":"product_tag","embeddable":true,"href":"https:\/\/koningdrone.be\/fr\/wp-json\/wp\/v2\/product_tag?post=2084"}],"curies":[{"name":"wp","href":"https:\/\/api.w.org\/{rel}","templated":true}]}}