{"id":2072,"date":"2024-10-16T07:59:36","date_gmt":"2024-10-16T05:59:36","guid":{"rendered":"https:\/\/koningdrone.nl\/kon\/product\/osmo-action-5-pro-vlog-combo\/"},"modified":"2026-04-29T13:10:11","modified_gmt":"2026-04-29T11:10:11","slug":"osmo-action-5-pro-vlog-combo","status":"publish","type":"product","link":"https:\/\/koningdrone.be\/fr\/produit\/osmo-action-5-pro-vlog-combo\/","title":{"rendered":"Osmo Action 5 Pro Vlog Combo"},"content":{"rendered":"<p>L'Action 5 Pro est un appareil photo avanc\u00e9 avec une taille de pixel de 2,4 \u03bcm et une plage dynamique \u00e9lev\u00e9e de 13,5 arr\u00eats, aliment\u00e9 par une puissante puce de 4 nm. L'appareil photo d\u00e9tecte intelligemment la position du sujet et ajuste automatiquement la composition, en gardant le sujet au centre.<\/p>\n<p>&nbsp;<\/p>\n<p><strong>Dur\u00e9e de vie de la batterie :<\/strong><\/p>\n<p>L'autonomie de la batterie a augment\u00e9 de 50%, permettant d'enregistrer jusqu'\u00e0 4 heures avec une seule batterie. M\u00eame \u00e0 -20\u00b0C, vous pouvez continuer \u00e0 enregistrer jusqu'\u00e0 3,6 heures.<\/p>\n<p>&nbsp;<\/p>\n<p><strong>Affiche :<\/strong><\/p>\n<p>\u00c9quip\u00e9s d'\u00e9crans tactiles OLED lumineux et color\u00e9s, avec un rapport \u00e9cran\/corps 16% plus \u00e9lev\u00e9 pour une meilleure exp\u00e9rience visuelle.<\/p>\n<p>&nbsp;<\/p>\n<p><strong>Stabilisation :<\/strong><\/p>\n<p>La technologie HorizonSteady r\u00e9duit les vibrations et corrige les inclinaisons horizontales jusqu'\u00e0 360\u00b0, ce qui convient \u00e0 divers sports.<\/p>\n<p>&nbsp;<\/p>\n<p><strong>Enregistrement audio :<\/strong><\/p>\n<p>Le syst\u00e8me DJI OsmoAudio\u2122 se connecte \u00e0 un maximum de deux \u00e9metteurs DJI Mic 2 pour un enregistrement \u00e0 48 kHz sans r\u00e9cepteur.<\/p>\n<p>&nbsp;<\/p>\n<p><strong>Possibilit\u00e9 d'extension :<\/strong><\/p>\n<p>Extensible avec des accessoires adapt\u00e9s \u00e0 des activit\u00e9s telles que le cyclisme, la randonn\u00e9e, le parachutisme, la plong\u00e9e, le surf et le ski\/snowboard.<\/p>\n<p>&nbsp;<\/p>","protected":false},"excerpt":{"rendered":"<ul>\n<li>Taille de pixel \u00e9quivalente de 2,4 \u03bcm et plage dynamique \u00e9lev\u00e9e de 13,5 arr\u00eats.<\/li>\n<li>Puce haute performance de 4 nm pour des performances optimales.<\/li>\n<li>D\u00e9tection intelligente du sujet avec ajustement dynamique de la composition.<\/li>\n<li>Le temps d'utilisation du 50% a augment\u00e9 de 4 heures par batterie.<\/li>\n<li>Absorbe jusqu'\u00e0 3,6 heures \u00e0 -20\u00b0 C.<\/li>\n<li>\u00c9crans tactiles OLED \u00e0 haute luminosit\u00e9 avec un rapport \u00e9cran\/corps de 16% plus \u00e9lev\u00e9.<\/li>\n<li>HorizonSteady corrige les inclinaisons horizontales dans un rayon de 360\u00b0.<\/li>\n<li>Connexion audio sans effort avec DJI OsmoAudio\u2122 et deux \u00e9metteurs DJI Mic 2.<\/li>\n<li>Enregistrement audio \u00e0 48 kHz sans n\u00e9cessiter de r\u00e9cepteur.<\/li>\n<li>Large gamme d'accessoires pour diff\u00e9rentes activit\u00e9s sportives.<\/li>\n<\/ul>","protected":false},"featured_media":2070,"template":"","meta":{"_acf_changed":false},"product_brand":[],"product_cat":[97,297,329],"product_tag":[],"class_list":{"0":"post-2072","1":"product","2":"type-product","3":"status-publish","4":"has-post-thumbnail","6":"product_cat-alle-producten","7":"product_cat-dji-osmo","8":"product_cat-dji-osmo-action-5","9":"product_shipping_class-outofstock","10":"pa_brand-dji","11":"pa_producttype-action-cam","13":"first","14":"outofstock","15":"taxable","16":"shipping-taxable","17":"product-type-simple"},"acf":[],"yoast_head":"<!-- This site is optimized with the Yoast SEO Premium plugin v27.2 (Yoast SEO v27.2) - https:\/\/yoast.com\/product\/yoast-seo-premium-wordpress\/ -->\n<title>Osmo Action 5 Pro Vlog Combo - koningdrone.be<\/title>\n<meta name=\"robots\" content=\"index, follow, max-snippet:-1, max-image-preview:large, max-video-preview:-1\" \/>\n<link rel=\"canonical\" href=\"https:\/\/koningdrone.be\/fr\/produit\/osmo-action-5-pro-vlog-combo\/\" \/>\n<meta property=\"og:locale\" content=\"fr_FR\" \/>\n<meta property=\"og:type\" content=\"article\" \/>\n<meta property=\"og:title\" content=\"Osmo Action 5 Pro Vlog Combo\" \/>\n<meta property=\"og:description\" content=\"Equivalente pixelgrootte van 2,4 \u03bcm en hoog dynamisch bereik van 13,5 stops.  4nm high-performance chip voor optimale prestaties.  Intelligente onderwerpdetectie met dynamische compositieaanpassingen.  Bedrijfstijd met 50% toegenomen met maximaal 4 uur per batterij.  Neemt tot 3,6 uur op bij -20\u00b0 C.  OLED-touchscreens met hoge helderheid met 16% grotere scherm-tot-behuizingverhouding.  HorizonSteady corrigeert horizontale kantelingen binnen een bereik van 360\u00b0.  Moeiteloze audioverbinding met DJI OsmoAudio\u2122 en twee DJI Mic 2-zenders.  48kHz audio-opname zonder dat er een ontvanger nodig is.  Breed scala aan accessoires voor verschillende sportactiviteiten.\" \/>\n<meta property=\"og:url\" content=\"https:\/\/koningdrone.be\/fr\/produit\/osmo-action-5-pro-vlog-combo\/\" \/>\n<meta property=\"og:site_name\" content=\"koningdrone.be\" \/>\n<meta property=\"article:modified_time\" content=\"2026-04-29T11:10:11+00:00\" \/>\n<meta property=\"og:image\" content=\"https:\/\/koningdrone.be\/wp-content\/uploads\/sites\/13\/2025\/04\/9fc11c9f7d50999abe972edd4ff1dcdd@ultra.jpg\" \/>\n\t<meta property=\"og:image:width\" content=\"1280\" \/>\n\t<meta property=\"og:image:height\" content=\"1280\" \/>\n\t<meta property=\"og:image:type\" content=\"image\/jpeg\" \/>\n<meta name=\"twitter:card\" content=\"summary_large_image\" \/>\n<meta name=\"twitter:label1\" content=\"Dur\u00e9e de lecture est.\" \/>\n\t<meta name=\"twitter:data1\" content=\"1 minute\" \/>\n<script type=\"application\/ld+json\" class=\"yoast-schema-graph\">{\"@context\":\"https:\/\/schema.org\",\"@graph\":[{\"@type\":\"WebPage\",\"@id\":\"https:\/\/koningdrone.be\/product\/osmo-action-5-pro-vlog-combo\/\",\"url\":\"https:\/\/koningdrone.be\/product\/osmo-action-5-pro-vlog-combo\/\",\"name\":\"Osmo Action 5 Pro Vlog Combo - koningdrone.be\",\"isPartOf\":{\"@id\":\"https:\/\/koningdrone.be\/#website\"},\"primaryImageOfPage\":{\"@id\":\"https:\/\/koningdrone.be\/product\/osmo-action-5-pro-vlog-combo\/#primaryimage\"},\"image\":{\"@id\":\"https:\/\/koningdrone.be\/product\/osmo-action-5-pro-vlog-combo\/#primaryimage\"},\"thumbnailUrl\":\"https:\/\/koningdrone.be\/wp-content\/uploads\/sites\/13\/2025\/04\/9fc11c9f7d50999abe972edd4ff1dcdd@ultra.jpg\",\"datePublished\":\"2024-10-16T05:59:36+00:00\",\"dateModified\":\"2026-04-29T11:10:11+00:00\",\"breadcrumb\":{\"@id\":\"https:\/\/koningdrone.be\/product\/osmo-action-5-pro-vlog-combo\/#breadcrumb\"},\"inLanguage\":\"fr-BE\",\"potentialAction\":[{\"@type\":\"ReadAction\",\"target\":[\"https:\/\/koningdrone.be\/product\/osmo-action-5-pro-vlog-combo\/\"]}]},{\"@type\":\"ImageObject\",\"inLanguage\":\"fr-BE\",\"@id\":\"https:\/\/koningdrone.be\/product\/osmo-action-5-pro-vlog-combo\/#primaryimage\",\"url\":\"https:\/\/koningdrone.be\/wp-content\/uploads\/sites\/13\/2025\/04\/9fc11c9f7d50999abe972edd4ff1dcdd@ultra.jpg\",\"contentUrl\":\"https:\/\/koningdrone.be\/wp-content\/uploads\/sites\/13\/2025\/04\/9fc11c9f7d50999abe972edd4ff1dcdd@ultra.jpg\",\"width\":1280,\"height\":1280},{\"@type\":\"BreadcrumbList\",\"@id\":\"https:\/\/koningdrone.be\/product\/osmo-action-5-pro-vlog-combo\/#breadcrumb\",\"itemListElement\":[{\"@type\":\"ListItem\",\"position\":1,\"name\":\"Home\",\"item\":\"https:\/\/koningdrone.be\/\"},{\"@type\":\"ListItem\",\"position\":2,\"name\":\"AVSS Parachute Recovery System for DJI Matrice 300\/350\",\"item\":\"https:\/\/koningdrone.be\/product\/avss-parachute-recovery-system-for-dji-matrice-300-350\/\"},{\"@type\":\"ListItem\",\"position\":3,\"name\":\"Alle producten\",\"item\":\"https:\/\/koningdrone.be\/categorie\/alle-producten\/\"},{\"@type\":\"ListItem\",\"position\":4,\"name\":\"Osmo Action 5 Pro Vlog Combo\"}]},{\"@type\":\"WebSite\",\"@id\":\"https:\/\/koningdrone.be\/#website\",\"url\":\"https:\/\/koningdrone.be\/\",\"name\":\"Koningdrone.be - Uw online specialist in drones, gimbals, camera's en power stations.\",\"description\":\"De webshop in drones en gimbals\",\"publisher\":{\"@id\":\"https:\/\/koningdrone.be\/#organization\"},\"potentialAction\":[{\"@type\":\"SearchAction\",\"target\":{\"@type\":\"EntryPoint\",\"urlTemplate\":\"https:\/\/koningdrone.be\/?s={search_term_string}\"},\"query-input\":{\"@type\":\"PropertyValueSpecification\",\"valueRequired\":true,\"valueName\":\"search_term_string\"}}],\"inLanguage\":\"fr-BE\"},{\"@type\":\"Organization\",\"@id\":\"https:\/\/koningdrone.be\/#organization\",\"name\":\"Koningdrone.be\",\"url\":\"https:\/\/koningdrone.be\/\",\"logo\":{\"@type\":\"ImageObject\",\"inLanguage\":\"fr-BE\",\"@id\":\"https:\/\/koningdrone.be\/#\/schema\/logo\/image\/\",\"url\":\"https:\/\/koningdrone.be\/wp-content\/uploads\/sites\/13\/2025\/04\/koningdrone-copyright-logo.svg\",\"contentUrl\":\"https:\/\/koningdrone.be\/wp-content\/uploads\/sites\/13\/2025\/04\/koningdrone-copyright-logo.svg\",\"width\":227,\"height\":38,\"caption\":\"Koningdrone.be\"},\"image\":{\"@id\":\"https:\/\/koningdrone.be\/#\/schema\/logo\/image\/\"}}]}<\/script>\n<!-- \/ Yoast SEO Premium plugin. -->","yoast_head_json":{"title":"Osmo Action 5 Pro Vlog Combo - koningdrone.be","robots":{"index":"index","follow":"follow","max-snippet":"max-snippet:-1","max-image-preview":"max-image-preview:large","max-video-preview":"max-video-preview:-1"},"canonical":"https:\/\/koningdrone.be\/fr\/produit\/osmo-action-5-pro-vlog-combo\/","og_locale":"fr_FR","og_type":"article","og_title":"Osmo Action 5 Pro Vlog Combo","og_description":"Equivalente pixelgrootte van 2,4 \u03bcm en hoog dynamisch bereik van 13,5 stops.  4nm high-performance chip voor optimale prestaties.  Intelligente onderwerpdetectie met dynamische compositieaanpassingen.  Bedrijfstijd met 50% toegenomen met maximaal 4 uur per batterij.  Neemt tot 3,6 uur op bij -20\u00b0 C.  OLED-touchscreens met hoge helderheid met 16% grotere scherm-tot-behuizingverhouding.  HorizonSteady corrigeert horizontale kantelingen binnen een bereik van 360\u00b0.  Moeiteloze audioverbinding met DJI OsmoAudio\u2122 en twee DJI Mic 2-zenders.  48kHz audio-opname zonder dat er een ontvanger nodig is.  Breed scala aan accessoires voor verschillende sportactiviteiten.","og_url":"https:\/\/koningdrone.be\/fr\/produit\/osmo-action-5-pro-vlog-combo\/","og_site_name":"koningdrone.be","article_modified_time":"2026-04-29T11:10:11+00:00","og_image":[{"width":1280,"height":1280,"url":"https:\/\/koningdrone.be\/wp-content\/uploads\/sites\/13\/2025\/04\/9fc11c9f7d50999abe972edd4ff1dcdd@ultra.jpg","type":"image\/jpeg"}],"twitter_card":"summary_large_image","twitter_misc":{"Dur\u00e9e de lecture est.":"1 minute"},"schema":{"@context":"https:\/\/schema.org","@graph":[{"@type":"WebPage","@id":"https:\/\/koningdrone.be\/product\/osmo-action-5-pro-vlog-combo\/","url":"https:\/\/koningdrone.be\/product\/osmo-action-5-pro-vlog-combo\/","name":"Osmo Action 5 Pro Vlog Combo - koningdrone.be","isPartOf":{"@id":"https:\/\/koningdrone.be\/#website"},"primaryImageOfPage":{"@id":"https:\/\/koningdrone.be\/product\/osmo-action-5-pro-vlog-combo\/#primaryimage"},"image":{"@id":"https:\/\/koningdrone.be\/product\/osmo-action-5-pro-vlog-combo\/#primaryimage"},"thumbnailUrl":"https:\/\/koningdrone.be\/wp-content\/uploads\/sites\/13\/2025\/04\/9fc11c9f7d50999abe972edd4ff1dcdd@ultra.jpg","datePublished":"2024-10-16T05:59:36+00:00","dateModified":"2026-04-29T11:10:11+00:00","breadcrumb":{"@id":"https:\/\/koningdrone.be\/product\/osmo-action-5-pro-vlog-combo\/#breadcrumb"},"inLanguage":"fr-BE","potentialAction":[{"@type":"ReadAction","target":["https:\/\/koningdrone.be\/product\/osmo-action-5-pro-vlog-combo\/"]}]},{"@type":"ImageObject","inLanguage":"fr-BE","@id":"https:\/\/koningdrone.be\/product\/osmo-action-5-pro-vlog-combo\/#primaryimage","url":"https:\/\/koningdrone.be\/wp-content\/uploads\/sites\/13\/2025\/04\/9fc11c9f7d50999abe972edd4ff1dcdd@ultra.jpg","contentUrl":"https:\/\/koningdrone.be\/wp-content\/uploads\/sites\/13\/2025\/04\/9fc11c9f7d50999abe972edd4ff1dcdd@ultra.jpg","width":1280,"height":1280},{"@type":"BreadcrumbList","@id":"https:\/\/koningdrone.be\/product\/osmo-action-5-pro-vlog-combo\/#breadcrumb","itemListElement":[{"@type":"ListItem","position":1,"name":"Home","item":"https:\/\/koningdrone.be\/"},{"@type":"ListItem","position":2,"name":"AVSS Parachute Recovery System for DJI Matrice 300\/350","item":"https:\/\/koningdrone.be\/product\/avss-parachute-recovery-system-for-dji-matrice-300-350\/"},{"@type":"ListItem","position":3,"name":"Alle producten","item":"https:\/\/koningdrone.be\/categorie\/alle-producten\/"},{"@type":"ListItem","position":4,"name":"Osmo Action 5 Pro Vlog Combo"}]},{"@type":"WebSite","@id":"https:\/\/koningdrone.be\/#website","url":"https:\/\/koningdrone.be\/","name":"Koningdrone.be - Votre sp\u00e9cialiste en ligne en mati\u00e8re de drones, de cardans, de cam\u00e9ras et de centrales \u00e9lectriques.","description":"La boutique en ligne de drones et de cardans","publisher":{"@id":"https:\/\/koningdrone.be\/#organization"},"potentialAction":[{"@type":"SearchAction","target":{"@type":"EntryPoint","urlTemplate":"https:\/\/koningdrone.be\/?s={search_term_string}"},"query-input":{"@type":"PropertyValueSpecification","valueRequired":true,"valueName":"search_term_string"}}],"inLanguage":"fr-BE"},{"@type":"Organization","@id":"https:\/\/koningdrone.be\/#organization","name":"Kingdrone.co.uk","url":"https:\/\/koningdrone.be\/","logo":{"@type":"ImageObject","inLanguage":"fr-BE","@id":"https:\/\/koningdrone.be\/#\/schema\/logo\/image\/","url":"https:\/\/koningdrone.be\/wp-content\/uploads\/sites\/13\/2025\/04\/koningdrone-copyright-logo.svg","contentUrl":"https:\/\/koningdrone.be\/wp-content\/uploads\/sites\/13\/2025\/04\/koningdrone-copyright-logo.svg","width":227,"height":38,"caption":"Koningdrone.be"},"image":{"@id":"https:\/\/koningdrone.be\/#\/schema\/logo\/image\/"}}]}},"df_price":"","df_sale_price":"","df_regular_price":"","df_image_link":"https:\/\/koningdrone.be\/wp-content\/uploads\/sites\/13\/2025\/04\/9fc11c9f7d50999abe972edd4ff1dcdd@ultra-300x300.jpg","_links":{"self":[{"href":"https:\/\/koningdrone.be\/fr\/wp-json\/wp\/v2\/product\/2072","targetHints":{"allow":["GET"]}}],"collection":[{"href":"https:\/\/koningdrone.be\/fr\/wp-json\/wp\/v2\/product"}],"about":[{"href":"https:\/\/koningdrone.be\/fr\/wp-json\/wp\/v2\/types\/product"}],"wp:featuredmedia":[{"embeddable":true,"href":"https:\/\/koningdrone.be\/fr\/wp-json\/wp\/v2\/media\/2070"}],"wp:attachment":[{"href":"https:\/\/koningdrone.be\/fr\/wp-json\/wp\/v2\/media?parent=2072"}],"wp:term":[{"taxonomy":"product_brand","embeddable":true,"href":"https:\/\/koningdrone.be\/fr\/wp-json\/wp\/v2\/product_brand?post=2072"},{"taxonomy":"product_cat","embeddable":true,"href":"https:\/\/koningdrone.be\/fr\/wp-json\/wp\/v2\/product_cat?post=2072"},{"taxonomy":"product_tag","embeddable":true,"href":"https:\/\/koningdrone.be\/fr\/wp-json\/wp\/v2\/product_tag?post=2072"}],"curies":[{"name":"wp","href":"https:\/\/api.w.org\/{rel}","templated":true}]}}