{"id":2069,"date":"2024-10-16T07:59:36","date_gmt":"2024-10-16T05:59:36","guid":{"rendered":"https:\/\/koningdrone.nl\/kon\/product\/osmo-action-5-pro-surfing-combo\/"},"modified":"2026-04-29T13:10:10","modified_gmt":"2026-04-29T11:10:10","slug":"osmo-action-5-pro-surfing-combo","status":"publish","type":"product","link":"https:\/\/koningdrone.be\/fr\/produit\/osmo-action-5-pro-surfing-combo\/","title":{"rendered":"Osmo Action 5 Pro Surfing Combo"},"content":{"rendered":"<p>L'Action 5 Pro dispose d'une taille de pixel de 2,4 \u03bcm et d'une plage dynamique de 13,5 arr\u00eats pour une qualit\u00e9 d'image sup\u00e9rieure. Dot\u00e9 d'une puissante puce de 4 nm, il offre des images nettes et r\u00e9alistes, quelles que soient les conditions d'\u00e9clairage.<\/p>\n<p>&nbsp;<\/p>\n<p><strong>Composition automatique :<\/strong><\/p>\n<p>L'appareil photo d\u00e9tecte intelligemment la position du sujet et ajuste automatiquement la composition de mani\u00e8re \u00e0 ce que le sujet reste toujours au centre du cadre de la prise de vue. Id\u00e9al pour les prises de vue sportives.<\/p>\n<p>&nbsp;<\/p>\n<p><strong>Autonomie de la batterie :<\/strong><\/p>\n<p>L'autonomie de la batterie a augment\u00e9 de 50%, ce qui permet de profiter de 4 heures de films ou de 3,6 heures \u00e0 des temp\u00e9ratures froides allant jusqu'\u00e0 -20\u00b0C. Parfait pour les environnements froids.<\/p>\n<p>&nbsp;<\/p>\n<p><strong>Caract\u00e9ristiques de l'\u00e9cran :<\/strong><\/p>\n<p>Les \u00e9crans tactiles OLED offrent une grande luminosit\u00e9 et un rapport \u00e9cran\/corps \u00e9largi de 16%, pour une image puissante et immersive.<\/p>\n<p>&nbsp;<\/p>\n<p><strong>Stabilisation et audio :<\/strong><\/p>\n<p>La technologie HorizonSteady r\u00e9duit les chocs et corrige les inclinaisons horizontales jusqu'\u00e0 360\u00b0. Avec DJI OsmoAudio\u2122, il est possible d'enregistrer de l'audio jusqu'\u00e0 48 kHz sans r\u00e9cepteur, gr\u00e2ce aux \u00e9metteurs DJI Mic 2.<\/p>\n<p>&nbsp;<\/p>\n<p><strong>Accessoires :<\/strong><\/p>\n<p>Une gamme d'accessoires rend l'Action 5 Pro polyvalent pour des activit\u00e9s telles que le parachutisme, la plong\u00e9e ou le ski. Convient \u00e0 une vari\u00e9t\u00e9 d'aventures.<\/p>\n<p>&nbsp;<\/p>","protected":false},"excerpt":{"rendered":"<ul>\n<li>Taille des pixels de 2,4 \u03bcm avec une plage dynamique de 13,5 arr\u00eats.<\/li>\n<li>L'IA assure une composition centr\u00e9e des images.<\/li>\n<li>Jusqu'\u00e0 4 heures d'utilisation avec une seule pile.<\/li>\n<li>Fonctionne jusqu'\u00e0 3,6 heures \u00e0 -20\u00b0 C.<\/li>\n<li>\u00c9crans tactiles OLED avec un rapport \u00e9cran\/corps de 16% plus \u00e9lev\u00e9.<\/li>\n<li>HorizonSteady corrige les chocs et les inclinaisons horizontales sur 360\u00b0.<\/li>\n<li>Connexion directe \u00e0 DJI OsmoAudio\u2122 pour l'enregistrement audio \u00e0 48 kHz.<\/li>\n<li>Les accessoires permettent de pratiquer divers sports tels que le cyclisme et la plong\u00e9e.<\/li>\n<\/ul>","protected":false},"featured_media":2067,"template":"","meta":{"_acf_changed":false},"product_brand":[],"product_cat":[97,297,329],"product_tag":[],"class_list":{"0":"post-2069","1":"product","2":"type-product","3":"status-publish","4":"has-post-thumbnail","6":"product_cat-alle-producten","7":"product_cat-dji-osmo","8":"product_cat-dji-osmo-action-5","9":"product_shipping_class-outofstock","10":"pa_brand-dji","11":"pa_producttype-action-cam","13":"first","14":"outofstock","15":"taxable","16":"shipping-taxable","17":"product-type-simple"},"acf":[],"yoast_head":"<!-- This site is optimized with the Yoast SEO Premium plugin v27.2 (Yoast SEO v27.2) - https:\/\/yoast.com\/product\/yoast-seo-premium-wordpress\/ -->\n<title>Osmo Action 5 Pro Surfing Combo - koningdrone.be<\/title>\n<meta name=\"robots\" content=\"index, follow, max-snippet:-1, max-image-preview:large, max-video-preview:-1\" \/>\n<link rel=\"canonical\" href=\"https:\/\/koningdrone.be\/fr\/produit\/osmo-action-5-pro-surfing-combo\/\" \/>\n<meta property=\"og:locale\" content=\"fr_FR\" \/>\n<meta property=\"og:type\" content=\"article\" \/>\n<meta property=\"og:title\" content=\"Osmo Action 5 Pro Surfing Combo\" \/>\n<meta property=\"og:description\" content=\"Pixelformaat van 2,4 \u03bcm met dynamisch bereik van 13,5 stops.  AI zorgt voor gecentreerde compositie van de beelden.  Tot 4 uur gebruik met een enkele batterij.  Werkt tot 3,6 uur bij -20\u00b0 C.  OLED-touchscreens met 16% hogere scherm-lichaamsverhouding.  HorizonSteady corrigeert schokken en horizontale kantelingen binnen 360\u00b0.  Directe verbinding met DJI OsmoAudio\u2122 voor 48kHz audio-opname.  Accessoires ondersteunen diverse sporten zoals fietsen en duiken.\" \/>\n<meta property=\"og:url\" content=\"https:\/\/koningdrone.be\/fr\/produit\/osmo-action-5-pro-surfing-combo\/\" \/>\n<meta property=\"og:site_name\" content=\"koningdrone.be\" \/>\n<meta property=\"article:modified_time\" content=\"2026-04-29T11:10:10+00:00\" \/>\n<meta property=\"og:image\" content=\"https:\/\/koningdrone.be\/wp-content\/uploads\/sites\/13\/2025\/04\/1e01096ad444404dc27b569f46242d0d@ultra.jpg\" \/>\n\t<meta property=\"og:image:width\" content=\"1280\" \/>\n\t<meta property=\"og:image:height\" content=\"1280\" \/>\n\t<meta property=\"og:image:type\" content=\"image\/jpeg\" \/>\n<meta name=\"twitter:card\" content=\"summary_large_image\" \/>\n<meta name=\"twitter:label1\" content=\"Dur\u00e9e de lecture est.\" \/>\n\t<meta name=\"twitter:data1\" content=\"1 minute\" \/>\n<script type=\"application\/ld+json\" class=\"yoast-schema-graph\">{\"@context\":\"https:\/\/schema.org\",\"@graph\":[{\"@type\":\"WebPage\",\"@id\":\"https:\/\/koningdrone.be\/product\/osmo-action-5-pro-surfing-combo\/\",\"url\":\"https:\/\/koningdrone.be\/product\/osmo-action-5-pro-surfing-combo\/\",\"name\":\"Osmo Action 5 Pro Surfing Combo - koningdrone.be\",\"isPartOf\":{\"@id\":\"https:\/\/koningdrone.be\/#website\"},\"primaryImageOfPage\":{\"@id\":\"https:\/\/koningdrone.be\/product\/osmo-action-5-pro-surfing-combo\/#primaryimage\"},\"image\":{\"@id\":\"https:\/\/koningdrone.be\/product\/osmo-action-5-pro-surfing-combo\/#primaryimage\"},\"thumbnailUrl\":\"https:\/\/koningdrone.be\/wp-content\/uploads\/sites\/13\/2025\/04\/1e01096ad444404dc27b569f46242d0d@ultra.jpg\",\"datePublished\":\"2024-10-16T05:59:36+00:00\",\"dateModified\":\"2026-04-29T11:10:10+00:00\",\"breadcrumb\":{\"@id\":\"https:\/\/koningdrone.be\/product\/osmo-action-5-pro-surfing-combo\/#breadcrumb\"},\"inLanguage\":\"fr-BE\",\"potentialAction\":[{\"@type\":\"ReadAction\",\"target\":[\"https:\/\/koningdrone.be\/product\/osmo-action-5-pro-surfing-combo\/\"]}]},{\"@type\":\"ImageObject\",\"inLanguage\":\"fr-BE\",\"@id\":\"https:\/\/koningdrone.be\/product\/osmo-action-5-pro-surfing-combo\/#primaryimage\",\"url\":\"https:\/\/koningdrone.be\/wp-content\/uploads\/sites\/13\/2025\/04\/1e01096ad444404dc27b569f46242d0d@ultra.jpg\",\"contentUrl\":\"https:\/\/koningdrone.be\/wp-content\/uploads\/sites\/13\/2025\/04\/1e01096ad444404dc27b569f46242d0d@ultra.jpg\",\"width\":1280,\"height\":1280},{\"@type\":\"BreadcrumbList\",\"@id\":\"https:\/\/koningdrone.be\/product\/osmo-action-5-pro-surfing-combo\/#breadcrumb\",\"itemListElement\":[{\"@type\":\"ListItem\",\"position\":1,\"name\":\"Home\",\"item\":\"https:\/\/koningdrone.be\/\"},{\"@type\":\"ListItem\",\"position\":2,\"name\":\"AVSS Parachute Recovery System for DJI Matrice 300\/350\",\"item\":\"https:\/\/koningdrone.be\/product\/avss-parachute-recovery-system-for-dji-matrice-300-350\/\"},{\"@type\":\"ListItem\",\"position\":3,\"name\":\"Alle producten\",\"item\":\"https:\/\/koningdrone.be\/categorie\/alle-producten\/\"},{\"@type\":\"ListItem\",\"position\":4,\"name\":\"Osmo Action 5 Pro Surfing Combo\"}]},{\"@type\":\"WebSite\",\"@id\":\"https:\/\/koningdrone.be\/#website\",\"url\":\"https:\/\/koningdrone.be\/\",\"name\":\"Koningdrone.be - Uw online specialist in drones, gimbals, camera's en power stations.\",\"description\":\"De webshop in drones en gimbals\",\"publisher\":{\"@id\":\"https:\/\/koningdrone.be\/#organization\"},\"potentialAction\":[{\"@type\":\"SearchAction\",\"target\":{\"@type\":\"EntryPoint\",\"urlTemplate\":\"https:\/\/koningdrone.be\/?s={search_term_string}\"},\"query-input\":{\"@type\":\"PropertyValueSpecification\",\"valueRequired\":true,\"valueName\":\"search_term_string\"}}],\"inLanguage\":\"fr-BE\"},{\"@type\":\"Organization\",\"@id\":\"https:\/\/koningdrone.be\/#organization\",\"name\":\"Koningdrone.be\",\"url\":\"https:\/\/koningdrone.be\/\",\"logo\":{\"@type\":\"ImageObject\",\"inLanguage\":\"fr-BE\",\"@id\":\"https:\/\/koningdrone.be\/#\/schema\/logo\/image\/\",\"url\":\"https:\/\/koningdrone.be\/wp-content\/uploads\/sites\/13\/2025\/04\/koningdrone-copyright-logo.svg\",\"contentUrl\":\"https:\/\/koningdrone.be\/wp-content\/uploads\/sites\/13\/2025\/04\/koningdrone-copyright-logo.svg\",\"width\":227,\"height\":38,\"caption\":\"Koningdrone.be\"},\"image\":{\"@id\":\"https:\/\/koningdrone.be\/#\/schema\/logo\/image\/\"}}]}<\/script>\n<!-- \/ Yoast SEO Premium plugin. -->","yoast_head_json":{"title":"Osmo Action 5 Pro Surfing Combo - koningdrone.be","robots":{"index":"index","follow":"follow","max-snippet":"max-snippet:-1","max-image-preview":"max-image-preview:large","max-video-preview":"max-video-preview:-1"},"canonical":"https:\/\/koningdrone.be\/fr\/produit\/osmo-action-5-pro-surfing-combo\/","og_locale":"fr_FR","og_type":"article","og_title":"Osmo Action 5 Pro Surfing Combo","og_description":"Pixelformaat van 2,4 \u03bcm met dynamisch bereik van 13,5 stops.  AI zorgt voor gecentreerde compositie van de beelden.  Tot 4 uur gebruik met een enkele batterij.  Werkt tot 3,6 uur bij -20\u00b0 C.  OLED-touchscreens met 16% hogere scherm-lichaamsverhouding.  HorizonSteady corrigeert schokken en horizontale kantelingen binnen 360\u00b0.  Directe verbinding met DJI OsmoAudio\u2122 voor 48kHz audio-opname.  Accessoires ondersteunen diverse sporten zoals fietsen en duiken.","og_url":"https:\/\/koningdrone.be\/fr\/produit\/osmo-action-5-pro-surfing-combo\/","og_site_name":"koningdrone.be","article_modified_time":"2026-04-29T11:10:10+00:00","og_image":[{"width":1280,"height":1280,"url":"https:\/\/koningdrone.be\/wp-content\/uploads\/sites\/13\/2025\/04\/1e01096ad444404dc27b569f46242d0d@ultra.jpg","type":"image\/jpeg"}],"twitter_card":"summary_large_image","twitter_misc":{"Dur\u00e9e de lecture est.":"1 minute"},"schema":{"@context":"https:\/\/schema.org","@graph":[{"@type":"WebPage","@id":"https:\/\/koningdrone.be\/product\/osmo-action-5-pro-surfing-combo\/","url":"https:\/\/koningdrone.be\/product\/osmo-action-5-pro-surfing-combo\/","name":"Osmo Action 5 Pro Surfing Combo - koningdrone.be","isPartOf":{"@id":"https:\/\/koningdrone.be\/#website"},"primaryImageOfPage":{"@id":"https:\/\/koningdrone.be\/product\/osmo-action-5-pro-surfing-combo\/#primaryimage"},"image":{"@id":"https:\/\/koningdrone.be\/product\/osmo-action-5-pro-surfing-combo\/#primaryimage"},"thumbnailUrl":"https:\/\/koningdrone.be\/wp-content\/uploads\/sites\/13\/2025\/04\/1e01096ad444404dc27b569f46242d0d@ultra.jpg","datePublished":"2024-10-16T05:59:36+00:00","dateModified":"2026-04-29T11:10:10+00:00","breadcrumb":{"@id":"https:\/\/koningdrone.be\/product\/osmo-action-5-pro-surfing-combo\/#breadcrumb"},"inLanguage":"fr-BE","potentialAction":[{"@type":"ReadAction","target":["https:\/\/koningdrone.be\/product\/osmo-action-5-pro-surfing-combo\/"]}]},{"@type":"ImageObject","inLanguage":"fr-BE","@id":"https:\/\/koningdrone.be\/product\/osmo-action-5-pro-surfing-combo\/#primaryimage","url":"https:\/\/koningdrone.be\/wp-content\/uploads\/sites\/13\/2025\/04\/1e01096ad444404dc27b569f46242d0d@ultra.jpg","contentUrl":"https:\/\/koningdrone.be\/wp-content\/uploads\/sites\/13\/2025\/04\/1e01096ad444404dc27b569f46242d0d@ultra.jpg","width":1280,"height":1280},{"@type":"BreadcrumbList","@id":"https:\/\/koningdrone.be\/product\/osmo-action-5-pro-surfing-combo\/#breadcrumb","itemListElement":[{"@type":"ListItem","position":1,"name":"Home","item":"https:\/\/koningdrone.be\/"},{"@type":"ListItem","position":2,"name":"AVSS Parachute Recovery System for DJI Matrice 300\/350","item":"https:\/\/koningdrone.be\/product\/avss-parachute-recovery-system-for-dji-matrice-300-350\/"},{"@type":"ListItem","position":3,"name":"Alle producten","item":"https:\/\/koningdrone.be\/categorie\/alle-producten\/"},{"@type":"ListItem","position":4,"name":"Osmo Action 5 Pro Surfing Combo"}]},{"@type":"WebSite","@id":"https:\/\/koningdrone.be\/#website","url":"https:\/\/koningdrone.be\/","name":"Koningdrone.be - Votre sp\u00e9cialiste en ligne en mati\u00e8re de drones, de cardans, de cam\u00e9ras et de centrales \u00e9lectriques.","description":"La boutique en ligne de drones et de cardans","publisher":{"@id":"https:\/\/koningdrone.be\/#organization"},"potentialAction":[{"@type":"SearchAction","target":{"@type":"EntryPoint","urlTemplate":"https:\/\/koningdrone.be\/?s={search_term_string}"},"query-input":{"@type":"PropertyValueSpecification","valueRequired":true,"valueName":"search_term_string"}}],"inLanguage":"fr-BE"},{"@type":"Organization","@id":"https:\/\/koningdrone.be\/#organization","name":"Kingdrone.co.uk","url":"https:\/\/koningdrone.be\/","logo":{"@type":"ImageObject","inLanguage":"fr-BE","@id":"https:\/\/koningdrone.be\/#\/schema\/logo\/image\/","url":"https:\/\/koningdrone.be\/wp-content\/uploads\/sites\/13\/2025\/04\/koningdrone-copyright-logo.svg","contentUrl":"https:\/\/koningdrone.be\/wp-content\/uploads\/sites\/13\/2025\/04\/koningdrone-copyright-logo.svg","width":227,"height":38,"caption":"Koningdrone.be"},"image":{"@id":"https:\/\/koningdrone.be\/#\/schema\/logo\/image\/"}}]}},"df_price":"","df_sale_price":"","df_regular_price":"","df_image_link":"https:\/\/koningdrone.be\/wp-content\/uploads\/sites\/13\/2025\/04\/1e01096ad444404dc27b569f46242d0d@ultra-300x300.jpg","_links":{"self":[{"href":"https:\/\/koningdrone.be\/fr\/wp-json\/wp\/v2\/product\/2069","targetHints":{"allow":["GET"]}}],"collection":[{"href":"https:\/\/koningdrone.be\/fr\/wp-json\/wp\/v2\/product"}],"about":[{"href":"https:\/\/koningdrone.be\/fr\/wp-json\/wp\/v2\/types\/product"}],"wp:featuredmedia":[{"embeddable":true,"href":"https:\/\/koningdrone.be\/fr\/wp-json\/wp\/v2\/media\/2067"}],"wp:attachment":[{"href":"https:\/\/koningdrone.be\/fr\/wp-json\/wp\/v2\/media?parent=2069"}],"wp:term":[{"taxonomy":"product_brand","embeddable":true,"href":"https:\/\/koningdrone.be\/fr\/wp-json\/wp\/v2\/product_brand?post=2069"},{"taxonomy":"product_cat","embeddable":true,"href":"https:\/\/koningdrone.be\/fr\/wp-json\/wp\/v2\/product_cat?post=2069"},{"taxonomy":"product_tag","embeddable":true,"href":"https:\/\/koningdrone.be\/fr\/wp-json\/wp\/v2\/product_tag?post=2069"}],"curies":[{"name":"wp","href":"https:\/\/api.w.org\/{rel}","templated":true}]}}