{"id":2066,"date":"2024-10-16T07:59:36","date_gmt":"2024-10-16T05:59:36","guid":{"rendered":"https:\/\/koningdrone.nl\/kon\/product\/osmo-action-5-pro-skiing-combo\/"},"modified":"2026-04-29T13:10:09","modified_gmt":"2026-04-29T11:10:09","slug":"osmo-action-5-pro-skiing-combo","status":"publish","type":"product","link":"https:\/\/koningdrone.be\/fr\/produit\/osmo-action-5-pro-skiing-combo\/","title":{"rendered":"Osmo Action 5 Pro Skiing Combo"},"content":{"rendered":"<p>L'Action 5 Pro est un appareil photo tr\u00e8s performant, dot\u00e9 de caract\u00e9ristiques impressionnantes qui s\u00e9duiront les d\u00e9butants comme les experts. D\u00e9couvrez les caract\u00e9ristiques :<\/p>\n<p>&nbsp;<\/p>\n<p><strong>Taille des pixels et gamme dynamique<\/strong><\/p>\n<p>Avec une taille de pixel de 2,4 \u03bcm et une plage dynamique de 13,5 arr\u00eats, la cam\u00e9ra offre des images d\u00e9taill\u00e9es dans les zones claires et sombres. La puce haute performance fonctionne \u00e0 4 nm.<\/p>\n<p>&nbsp;<\/p>\n<p><strong>D\u00e9tection intelligente des sujets<\/strong><\/p>\n<p>La technologie intelligente d\u00e9tecte automatiquement la position du sujet, de sorte que la composition est ajust\u00e9e dynamiquement pour un centrage optimal de l'image.<\/p>\n<p>&nbsp;<\/p>\n<p><strong>Dur\u00e9e de vie de la batterie<\/strong><\/p>\n<p>Gr\u00e2ce \u00e0 la batterie 50%, l'appareil photo peut \u00eatre utilis\u00e9 jusqu'\u00e0 4 heures avec une seule charge, et m\u00eame jusqu'\u00e0 3,6 heures \u00e0 -20\u00b0C.<\/p>\n<p>&nbsp;<\/p>\n<p><strong>Qualit\u00e9 de l'\u00e9cran<\/strong><\/p>\n<p>Les \u00e9crans tactiles OLED offrent un meilleur contraste et des couleurs plus vives, avec un rapport \u00e9cran\/bo\u00eetier 16% plus \u00e9lev\u00e9 pour une meilleure exp\u00e9rience visuelle.<\/p>\n<p>&nbsp;<\/p>\n<p><strong>Technologie de stabilisation HorizonSteady<\/strong><\/p>\n<p>Cette technologie r\u00e9duit les vibrations et corrige les inclinaisons horizontales \u00e0 360\u00b0, ce qui est id\u00e9al pour les situations sportives.<\/p>\n<p>&nbsp;<\/p>\n<p><strong>Technologie du son<\/strong><\/p>\n<p>Le syst\u00e8me DJI OsmoAudio\u2122 peut connecter jusqu'\u00e0 deux \u00e9metteurs DJI Mic 2 pour un enregistrement audio 48 kHz de haute qualit\u00e9 sans r\u00e9cepteur.<\/p>\n<p>&nbsp;<\/p>\n<p><strong>Accessoires<\/strong><\/p>\n<p>Une large gamme d'accessoires rend l'appareil photo polyvalent et facile \u00e0 utiliser pour des activit\u00e9s telles que le cyclisme, la randonn\u00e9e, le parachutisme, la plong\u00e9e, le surf ou le ski.<\/p>\n<p>&nbsp;<\/p>","protected":false},"excerpt":{"rendered":"<ul>\n<li>Taille de pixel \u00e9quivalente de 2,4 \u03bcm et plage dynamique \u00e9lev\u00e9e de 13,5 arr\u00eats.<\/li>\n<li>D\u00e9tection intelligente du sujet et ajustement dynamique de la composition.<\/li>\n<li>Augmentation de l'autonomie avec le 50% jusqu'\u00e0 4 heures avec une seule batterie.<\/li>\n<li>\u00c9crans tactiles OLED \u00e0 haute luminosit\u00e9 avec une augmentation de 16% du rapport \u00e9cran\/corps.<\/li>\n<li>HorizonSteady r\u00e9duit les vibrations et corrige les inclinaisons horizontales dans un rayon de 360\u00b0.<\/li>\n<li>Connectivit\u00e9 DJI OsmoAudio\u2122 avec enregistrement audio \u00e0 48 kHz \u00e0 partir de deux \u00e9metteurs.<\/li>\n<li>Large gamme d'accessoires pour diff\u00e9rents sports et activit\u00e9s de plein air.<\/li>\n<\/ul>","protected":false},"featured_media":2064,"template":"","meta":{"_acf_changed":false},"product_brand":[],"product_cat":[97,297,329],"product_tag":[],"class_list":{"0":"post-2066","1":"product","2":"type-product","3":"status-publish","4":"has-post-thumbnail","6":"product_cat-alle-producten","7":"product_cat-dji-osmo","8":"product_cat-dji-osmo-action-5","9":"product_shipping_class-outofstock","10":"pa_brand-dji","11":"pa_producttype-action-cam","13":"first","14":"outofstock","15":"taxable","16":"shipping-taxable","17":"product-type-simple"},"acf":[],"yoast_head":"<!-- This site is optimized with the Yoast SEO Premium plugin v27.2 (Yoast SEO v27.2) - https:\/\/yoast.com\/product\/yoast-seo-premium-wordpress\/ -->\n<title>Osmo Action 5 Pro Skiing Combo - koningdrone.be<\/title>\n<meta name=\"robots\" content=\"index, follow, max-snippet:-1, max-image-preview:large, max-video-preview:-1\" \/>\n<link rel=\"canonical\" href=\"https:\/\/koningdrone.be\/fr\/produit\/osmo-action-5-pro-skiing-combo\/\" \/>\n<meta property=\"og:locale\" content=\"fr_FR\" \/>\n<meta property=\"og:type\" content=\"article\" \/>\n<meta property=\"og:title\" content=\"Osmo Action 5 Pro Skiing Combo\" \/>\n<meta property=\"og:description\" content=\"Equivalente pixelgrootte van 2,4 \u03bcm en hoog dynamisch bereik van 13,5 stops.  Intelligente onderwerpdetectie en dynamische compositie-aanpassing.  Verhoogde gebruiksduur met 50% met maximaal 4 uur op \u00e9\u00e9n batterij.  OLED-touchscreens met hoge helderheid met 16% toename in scherm-tot-behuizingverhouding.  HorizonSteady vermindert trillingen en corrigeert horizontale kantelingen binnen een bereik van 360\u00b0.  DJI OsmoAudio\u2122-connectiviteit met 48 kHz audio-opname van twee zenders.  Breed scala aan accessoires voor verschillende sporten en buitenactiviteiten.\" \/>\n<meta property=\"og:url\" content=\"https:\/\/koningdrone.be\/fr\/produit\/osmo-action-5-pro-skiing-combo\/\" \/>\n<meta property=\"og:site_name\" content=\"koningdrone.be\" \/>\n<meta property=\"article:modified_time\" content=\"2026-04-29T11:10:09+00:00\" \/>\n<meta property=\"og:image\" content=\"https:\/\/koningdrone.be\/wp-content\/uploads\/sites\/13\/2025\/04\/0bae681bb46e86af5be3182100014778@ultra.jpg\" \/>\n\t<meta property=\"og:image:width\" content=\"1280\" \/>\n\t<meta property=\"og:image:height\" content=\"1280\" \/>\n\t<meta property=\"og:image:type\" content=\"image\/jpeg\" \/>\n<meta name=\"twitter:card\" content=\"summary_large_image\" \/>\n<meta name=\"twitter:label1\" content=\"Dur\u00e9e de lecture est.\" \/>\n\t<meta name=\"twitter:data1\" content=\"1 minute\" \/>\n<script type=\"application\/ld+json\" class=\"yoast-schema-graph\">{\"@context\":\"https:\/\/schema.org\",\"@graph\":[{\"@type\":\"WebPage\",\"@id\":\"https:\/\/koningdrone.be\/product\/osmo-action-5-pro-skiing-combo\/\",\"url\":\"https:\/\/koningdrone.be\/product\/osmo-action-5-pro-skiing-combo\/\",\"name\":\"Osmo Action 5 Pro Skiing Combo - koningdrone.be\",\"isPartOf\":{\"@id\":\"https:\/\/koningdrone.be\/#website\"},\"primaryImageOfPage\":{\"@id\":\"https:\/\/koningdrone.be\/product\/osmo-action-5-pro-skiing-combo\/#primaryimage\"},\"image\":{\"@id\":\"https:\/\/koningdrone.be\/product\/osmo-action-5-pro-skiing-combo\/#primaryimage\"},\"thumbnailUrl\":\"https:\/\/koningdrone.be\/wp-content\/uploads\/sites\/13\/2025\/04\/0bae681bb46e86af5be3182100014778@ultra.jpg\",\"datePublished\":\"2024-10-16T05:59:36+00:00\",\"dateModified\":\"2026-04-29T11:10:09+00:00\",\"breadcrumb\":{\"@id\":\"https:\/\/koningdrone.be\/product\/osmo-action-5-pro-skiing-combo\/#breadcrumb\"},\"inLanguage\":\"fr-BE\",\"potentialAction\":[{\"@type\":\"ReadAction\",\"target\":[\"https:\/\/koningdrone.be\/product\/osmo-action-5-pro-skiing-combo\/\"]}]},{\"@type\":\"ImageObject\",\"inLanguage\":\"fr-BE\",\"@id\":\"https:\/\/koningdrone.be\/product\/osmo-action-5-pro-skiing-combo\/#primaryimage\",\"url\":\"https:\/\/koningdrone.be\/wp-content\/uploads\/sites\/13\/2025\/04\/0bae681bb46e86af5be3182100014778@ultra.jpg\",\"contentUrl\":\"https:\/\/koningdrone.be\/wp-content\/uploads\/sites\/13\/2025\/04\/0bae681bb46e86af5be3182100014778@ultra.jpg\",\"width\":1280,\"height\":1280},{\"@type\":\"BreadcrumbList\",\"@id\":\"https:\/\/koningdrone.be\/product\/osmo-action-5-pro-skiing-combo\/#breadcrumb\",\"itemListElement\":[{\"@type\":\"ListItem\",\"position\":1,\"name\":\"Home\",\"item\":\"https:\/\/koningdrone.be\/\"},{\"@type\":\"ListItem\",\"position\":2,\"name\":\"AVSS Parachute Recovery System for DJI Matrice 300\/350\",\"item\":\"https:\/\/koningdrone.be\/product\/avss-parachute-recovery-system-for-dji-matrice-300-350\/\"},{\"@type\":\"ListItem\",\"position\":3,\"name\":\"Alle producten\",\"item\":\"https:\/\/koningdrone.be\/categorie\/alle-producten\/\"},{\"@type\":\"ListItem\",\"position\":4,\"name\":\"Osmo Action 5 Pro Skiing Combo\"}]},{\"@type\":\"WebSite\",\"@id\":\"https:\/\/koningdrone.be\/#website\",\"url\":\"https:\/\/koningdrone.be\/\",\"name\":\"Koningdrone.be - Uw online specialist in drones, gimbals, camera's en power stations.\",\"description\":\"De webshop in drones en gimbals\",\"publisher\":{\"@id\":\"https:\/\/koningdrone.be\/#organization\"},\"potentialAction\":[{\"@type\":\"SearchAction\",\"target\":{\"@type\":\"EntryPoint\",\"urlTemplate\":\"https:\/\/koningdrone.be\/?s={search_term_string}\"},\"query-input\":{\"@type\":\"PropertyValueSpecification\",\"valueRequired\":true,\"valueName\":\"search_term_string\"}}],\"inLanguage\":\"fr-BE\"},{\"@type\":\"Organization\",\"@id\":\"https:\/\/koningdrone.be\/#organization\",\"name\":\"Koningdrone.be\",\"url\":\"https:\/\/koningdrone.be\/\",\"logo\":{\"@type\":\"ImageObject\",\"inLanguage\":\"fr-BE\",\"@id\":\"https:\/\/koningdrone.be\/#\/schema\/logo\/image\/\",\"url\":\"https:\/\/koningdrone.be\/wp-content\/uploads\/sites\/13\/2025\/04\/koningdrone-copyright-logo.svg\",\"contentUrl\":\"https:\/\/koningdrone.be\/wp-content\/uploads\/sites\/13\/2025\/04\/koningdrone-copyright-logo.svg\",\"width\":227,\"height\":38,\"caption\":\"Koningdrone.be\"},\"image\":{\"@id\":\"https:\/\/koningdrone.be\/#\/schema\/logo\/image\/\"}}]}<\/script>\n<!-- \/ Yoast SEO Premium plugin. -->","yoast_head_json":{"title":"Osmo Action 5 Pro Skiing Combo - koningdrone.be","robots":{"index":"index","follow":"follow","max-snippet":"max-snippet:-1","max-image-preview":"max-image-preview:large","max-video-preview":"max-video-preview:-1"},"canonical":"https:\/\/koningdrone.be\/fr\/produit\/osmo-action-5-pro-skiing-combo\/","og_locale":"fr_FR","og_type":"article","og_title":"Osmo Action 5 Pro Skiing Combo","og_description":"Equivalente pixelgrootte van 2,4 \u03bcm en hoog dynamisch bereik van 13,5 stops.  Intelligente onderwerpdetectie en dynamische compositie-aanpassing.  Verhoogde gebruiksduur met 50% met maximaal 4 uur op \u00e9\u00e9n batterij.  OLED-touchscreens met hoge helderheid met 16% toename in scherm-tot-behuizingverhouding.  HorizonSteady vermindert trillingen en corrigeert horizontale kantelingen binnen een bereik van 360\u00b0.  DJI OsmoAudio\u2122-connectiviteit met 48 kHz audio-opname van twee zenders.  Breed scala aan accessoires voor verschillende sporten en buitenactiviteiten.","og_url":"https:\/\/koningdrone.be\/fr\/produit\/osmo-action-5-pro-skiing-combo\/","og_site_name":"koningdrone.be","article_modified_time":"2026-04-29T11:10:09+00:00","og_image":[{"width":1280,"height":1280,"url":"https:\/\/koningdrone.be\/wp-content\/uploads\/sites\/13\/2025\/04\/0bae681bb46e86af5be3182100014778@ultra.jpg","type":"image\/jpeg"}],"twitter_card":"summary_large_image","twitter_misc":{"Dur\u00e9e de lecture est.":"1 minute"},"schema":{"@context":"https:\/\/schema.org","@graph":[{"@type":"WebPage","@id":"https:\/\/koningdrone.be\/product\/osmo-action-5-pro-skiing-combo\/","url":"https:\/\/koningdrone.be\/product\/osmo-action-5-pro-skiing-combo\/","name":"Osmo Action 5 Pro Skiing Combo - koningdrone.be","isPartOf":{"@id":"https:\/\/koningdrone.be\/#website"},"primaryImageOfPage":{"@id":"https:\/\/koningdrone.be\/product\/osmo-action-5-pro-skiing-combo\/#primaryimage"},"image":{"@id":"https:\/\/koningdrone.be\/product\/osmo-action-5-pro-skiing-combo\/#primaryimage"},"thumbnailUrl":"https:\/\/koningdrone.be\/wp-content\/uploads\/sites\/13\/2025\/04\/0bae681bb46e86af5be3182100014778@ultra.jpg","datePublished":"2024-10-16T05:59:36+00:00","dateModified":"2026-04-29T11:10:09+00:00","breadcrumb":{"@id":"https:\/\/koningdrone.be\/product\/osmo-action-5-pro-skiing-combo\/#breadcrumb"},"inLanguage":"fr-BE","potentialAction":[{"@type":"ReadAction","target":["https:\/\/koningdrone.be\/product\/osmo-action-5-pro-skiing-combo\/"]}]},{"@type":"ImageObject","inLanguage":"fr-BE","@id":"https:\/\/koningdrone.be\/product\/osmo-action-5-pro-skiing-combo\/#primaryimage","url":"https:\/\/koningdrone.be\/wp-content\/uploads\/sites\/13\/2025\/04\/0bae681bb46e86af5be3182100014778@ultra.jpg","contentUrl":"https:\/\/koningdrone.be\/wp-content\/uploads\/sites\/13\/2025\/04\/0bae681bb46e86af5be3182100014778@ultra.jpg","width":1280,"height":1280},{"@type":"BreadcrumbList","@id":"https:\/\/koningdrone.be\/product\/osmo-action-5-pro-skiing-combo\/#breadcrumb","itemListElement":[{"@type":"ListItem","position":1,"name":"Home","item":"https:\/\/koningdrone.be\/"},{"@type":"ListItem","position":2,"name":"AVSS Parachute Recovery System for DJI Matrice 300\/350","item":"https:\/\/koningdrone.be\/product\/avss-parachute-recovery-system-for-dji-matrice-300-350\/"},{"@type":"ListItem","position":3,"name":"Alle producten","item":"https:\/\/koningdrone.be\/categorie\/alle-producten\/"},{"@type":"ListItem","position":4,"name":"Osmo Action 5 Pro Skiing Combo"}]},{"@type":"WebSite","@id":"https:\/\/koningdrone.be\/#website","url":"https:\/\/koningdrone.be\/","name":"Koningdrone.be - Votre sp\u00e9cialiste en ligne en mati\u00e8re de drones, de cardans, de cam\u00e9ras et de centrales \u00e9lectriques.","description":"La boutique en ligne de drones et de cardans","publisher":{"@id":"https:\/\/koningdrone.be\/#organization"},"potentialAction":[{"@type":"SearchAction","target":{"@type":"EntryPoint","urlTemplate":"https:\/\/koningdrone.be\/?s={search_term_string}"},"query-input":{"@type":"PropertyValueSpecification","valueRequired":true,"valueName":"search_term_string"}}],"inLanguage":"fr-BE"},{"@type":"Organization","@id":"https:\/\/koningdrone.be\/#organization","name":"Kingdrone.co.uk","url":"https:\/\/koningdrone.be\/","logo":{"@type":"ImageObject","inLanguage":"fr-BE","@id":"https:\/\/koningdrone.be\/#\/schema\/logo\/image\/","url":"https:\/\/koningdrone.be\/wp-content\/uploads\/sites\/13\/2025\/04\/koningdrone-copyright-logo.svg","contentUrl":"https:\/\/koningdrone.be\/wp-content\/uploads\/sites\/13\/2025\/04\/koningdrone-copyright-logo.svg","width":227,"height":38,"caption":"Koningdrone.be"},"image":{"@id":"https:\/\/koningdrone.be\/#\/schema\/logo\/image\/"}}]}},"df_price":"","df_sale_price":"","df_regular_price":"","df_image_link":"https:\/\/koningdrone.be\/wp-content\/uploads\/sites\/13\/2025\/04\/0bae681bb46e86af5be3182100014778@ultra-300x300.jpg","_links":{"self":[{"href":"https:\/\/koningdrone.be\/fr\/wp-json\/wp\/v2\/product\/2066","targetHints":{"allow":["GET"]}}],"collection":[{"href":"https:\/\/koningdrone.be\/fr\/wp-json\/wp\/v2\/product"}],"about":[{"href":"https:\/\/koningdrone.be\/fr\/wp-json\/wp\/v2\/types\/product"}],"wp:featuredmedia":[{"embeddable":true,"href":"https:\/\/koningdrone.be\/fr\/wp-json\/wp\/v2\/media\/2064"}],"wp:attachment":[{"href":"https:\/\/koningdrone.be\/fr\/wp-json\/wp\/v2\/media?parent=2066"}],"wp:term":[{"taxonomy":"product_brand","embeddable":true,"href":"https:\/\/koningdrone.be\/fr\/wp-json\/wp\/v2\/product_brand?post=2066"},{"taxonomy":"product_cat","embeddable":true,"href":"https:\/\/koningdrone.be\/fr\/wp-json\/wp\/v2\/product_cat?post=2066"},{"taxonomy":"product_tag","embeddable":true,"href":"https:\/\/koningdrone.be\/fr\/wp-json\/wp\/v2\/product_tag?post=2066"}],"curies":[{"name":"wp","href":"https:\/\/api.w.org\/{rel}","templated":true}]}}