{"id":2063,"date":"2024-10-16T07:59:36","date_gmt":"2024-10-16T05:59:36","guid":{"rendered":"https:\/\/koningdrone.nl\/kon\/product\/osmo-action-5-pro-road-cycling-combo\/"},"modified":"2026-04-29T13:10:08","modified_gmt":"2026-04-29T11:10:08","slug":"osmo-action-5-pro-road-cycling-combo","status":"publish","type":"product","link":"https:\/\/koningdrone.be\/fr\/produit\/osmo-action-5-pro-road-cycling-combo\/","title":{"rendered":"Osmo Action 5 Pro Road Cycling Combo"},"content":{"rendered":"<p><strong>Fonctions d'imagerie avanc\u00e9es<\/strong><\/p>\n<p>L'Action 5 Pro offre une taille de pixel de 2,4 \u03bcm et une plage dynamique de 13,5 arr\u00eats. La puce de 4 nm garantit des images d\u00e9taill\u00e9es et \u00e9clatantes, m\u00eame dans des conditions d'\u00e9clairage difficiles.<\/p>\n<p>&nbsp;<\/p>\n<p><strong>Suivi intelligent des sujets<\/strong><\/p>\n<p>La technologie intelligente d\u00e9tecte la position du sujet et le maintient centr\u00e9 pour des vid\u00e9os professionnelles sans ajustements constants.<\/p>\n<p>&nbsp;<\/p>\n<p><strong>Am\u00e9lioration de l'autonomie de la batterie<\/strong><\/p>\n<p>L'autonomie a \u00e9t\u00e9 am\u00e9lior\u00e9e avec la 50%. La cam\u00e9ra fonctionne jusqu'\u00e0 4 heures avec une seule batterie dans des conditions normales et 3,6 heures \u00e0 -20\u00b0C.<\/p>\n<p>&nbsp;<\/p>\n<p><strong>\u00c9crans tactiles OLED<\/strong><\/p>\n<p>Avec une luminosit\u00e9 \u00e9lev\u00e9e, ces \u00e9crans offrent plus de contraste et des couleurs plus riches. Ils offrent une surface d'image 16% plus grande pour un fonctionnement optimal.<\/p>\n<p>&nbsp;<\/p>\n<p><strong>Syst\u00e8me HorizonSteady<\/strong><\/p>\n<p>Ce syst\u00e8me minimise les vibrations et corrige les inclinaisons horizontales jusqu'\u00e0 360\u00b0, ce qui est id\u00e9al pour les activit\u00e9s sportives.<\/p>\n<p>&nbsp;<\/p>\n<p><strong>Connectivit\u00e9 audio<\/strong><\/p>\n<p>S'int\u00e8gre \u00e0 DJI OsmoAudio\u2122 pour l'enregistrement audio \u00e0 48 kHz, prend en charge jusqu'\u00e0 deux \u00e9metteurs DJI Mic 2 sans r\u00e9cepteur.<\/p>\n<p>&nbsp;<\/p>\n<p><strong>Compatibilit\u00e9 des accessoires<\/strong><\/p>\n<p>Les accessoires polyvalents permettent de s'adapter \u00e0 des activit\u00e9s telles que le cyclisme, la randonn\u00e9e et le surf, et conviennent aussi bien \u00e0 l'aventure qu'\u00e0 l'usage quotidien.<\/p>\n<p>&nbsp;<\/p>","protected":false},"excerpt":{"rendered":"<ul>\n<li>Taille des pixels de 2,4 \u03bcm et plage dynamique de 13,5 arr\u00eats.<\/li>\n<li>L'ajustement dynamique de la composition permet de centrer le sujet.<\/li>\n<li>50% plus longue dur\u00e9e d'utilisation ; 4 heures avec une seule charge de batterie.<\/li>\n<li>Les \u00e9crans OLED sont plus lumineux et offrent 16% d'espace suppl\u00e9mentaire.<\/li>\n<li>HorizonSteady corrige les vibrations et les inclinaisons \u00e0 360\u00b0.<\/li>\n<li>Connexion directe \u00e0 DJI OsmoAudio\u2122 pour l'enregistrement audio \u00e0 48 kHz.<\/li>\n<li>Accessoires pour divers sc\u00e9narios sportifs tels que le cyclisme et la plong\u00e9e.<\/li>\n<\/ul>","protected":false},"featured_media":2061,"template":"","meta":{"_acf_changed":false},"product_brand":[],"product_cat":[97,297,329],"product_tag":[],"class_list":{"0":"post-2063","1":"product","2":"type-product","3":"status-publish","4":"has-post-thumbnail","6":"product_cat-alle-producten","7":"product_cat-dji-osmo","8":"product_cat-dji-osmo-action-5","9":"product_shipping_class-outofstock","10":"pa_brand-dji","11":"pa_producttype-action-cam","13":"first","14":"outofstock","15":"taxable","16":"shipping-taxable","17":"product-type-simple"},"acf":[],"yoast_head":"<!-- This site is optimized with the Yoast SEO Premium plugin v27.2 (Yoast SEO v27.2) - https:\/\/yoast.com\/product\/yoast-seo-premium-wordpress\/ -->\n<title>Osmo Action 5 Pro Road Cycling Combo - koningdrone.be<\/title>\n<meta name=\"robots\" content=\"index, follow, max-snippet:-1, max-image-preview:large, max-video-preview:-1\" \/>\n<link rel=\"canonical\" href=\"https:\/\/koningdrone.be\/fr\/produit\/osmo-action-5-pro-road-cycling-combo\/\" \/>\n<meta property=\"og:locale\" content=\"fr_FR\" \/>\n<meta property=\"og:type\" content=\"article\" \/>\n<meta property=\"og:title\" content=\"Osmo Action 5 Pro Road Cycling Combo\" \/>\n<meta property=\"og:description\" content=\"Pixelgrootte van 2.4 \u03bcm en dynamisch bereik van 13.5 stops.  Dynamische compositieaanpassing houdt onderwerp gecentreerd.  50% langere gebruikstijd; 4 uur op \u00e9\u00e9n batterijlading.  OLED helderheidsschermen met 16% meer schermruimte.  HorizonSteady corrigeert trillingen en kantelingen binnen 360\u00b0.  Directe verbinding met DJI OsmoAudio\u2122 voor 48kHz audio-opname.  Accessoires voor diverse sportscenarios zoals fietsen en duiken.\" \/>\n<meta property=\"og:url\" content=\"https:\/\/koningdrone.be\/fr\/produit\/osmo-action-5-pro-road-cycling-combo\/\" \/>\n<meta property=\"og:site_name\" content=\"koningdrone.be\" \/>\n<meta property=\"article:modified_time\" content=\"2026-04-29T11:10:08+00:00\" \/>\n<meta property=\"og:image\" content=\"https:\/\/koningdrone.be\/wp-content\/uploads\/sites\/13\/2025\/04\/9c1b7a0e19d5b1041c5b525bdc999da7@ultra.jpg\" \/>\n\t<meta property=\"og:image:width\" content=\"1280\" \/>\n\t<meta property=\"og:image:height\" content=\"1280\" \/>\n\t<meta property=\"og:image:type\" content=\"image\/jpeg\" \/>\n<meta name=\"twitter:card\" content=\"summary_large_image\" \/>\n<meta name=\"twitter:label1\" content=\"Dur\u00e9e de lecture est.\" \/>\n\t<meta name=\"twitter:data1\" content=\"1 minute\" \/>\n<script type=\"application\/ld+json\" class=\"yoast-schema-graph\">{\"@context\":\"https:\/\/schema.org\",\"@graph\":[{\"@type\":\"WebPage\",\"@id\":\"https:\/\/koningdrone.be\/product\/osmo-action-5-pro-road-cycling-combo\/\",\"url\":\"https:\/\/koningdrone.be\/product\/osmo-action-5-pro-road-cycling-combo\/\",\"name\":\"Osmo Action 5 Pro Road Cycling Combo - koningdrone.be\",\"isPartOf\":{\"@id\":\"https:\/\/koningdrone.be\/#website\"},\"primaryImageOfPage\":{\"@id\":\"https:\/\/koningdrone.be\/product\/osmo-action-5-pro-road-cycling-combo\/#primaryimage\"},\"image\":{\"@id\":\"https:\/\/koningdrone.be\/product\/osmo-action-5-pro-road-cycling-combo\/#primaryimage\"},\"thumbnailUrl\":\"https:\/\/koningdrone.be\/wp-content\/uploads\/sites\/13\/2025\/04\/9c1b7a0e19d5b1041c5b525bdc999da7@ultra.jpg\",\"datePublished\":\"2024-10-16T05:59:36+00:00\",\"dateModified\":\"2026-04-29T11:10:08+00:00\",\"breadcrumb\":{\"@id\":\"https:\/\/koningdrone.be\/product\/osmo-action-5-pro-road-cycling-combo\/#breadcrumb\"},\"inLanguage\":\"fr-BE\",\"potentialAction\":[{\"@type\":\"ReadAction\",\"target\":[\"https:\/\/koningdrone.be\/product\/osmo-action-5-pro-road-cycling-combo\/\"]}]},{\"@type\":\"ImageObject\",\"inLanguage\":\"fr-BE\",\"@id\":\"https:\/\/koningdrone.be\/product\/osmo-action-5-pro-road-cycling-combo\/#primaryimage\",\"url\":\"https:\/\/koningdrone.be\/wp-content\/uploads\/sites\/13\/2025\/04\/9c1b7a0e19d5b1041c5b525bdc999da7@ultra.jpg\",\"contentUrl\":\"https:\/\/koningdrone.be\/wp-content\/uploads\/sites\/13\/2025\/04\/9c1b7a0e19d5b1041c5b525bdc999da7@ultra.jpg\",\"width\":1280,\"height\":1280},{\"@type\":\"BreadcrumbList\",\"@id\":\"https:\/\/koningdrone.be\/product\/osmo-action-5-pro-road-cycling-combo\/#breadcrumb\",\"itemListElement\":[{\"@type\":\"ListItem\",\"position\":1,\"name\":\"Home\",\"item\":\"https:\/\/koningdrone.be\/\"},{\"@type\":\"ListItem\",\"position\":2,\"name\":\"AVSS Parachute Recovery System for DJI Matrice 300\/350\",\"item\":\"https:\/\/koningdrone.be\/product\/avss-parachute-recovery-system-for-dji-matrice-300-350\/\"},{\"@type\":\"ListItem\",\"position\":3,\"name\":\"Alle producten\",\"item\":\"https:\/\/koningdrone.be\/categorie\/alle-producten\/\"},{\"@type\":\"ListItem\",\"position\":4,\"name\":\"Osmo Action 5 Pro Road Cycling Combo\"}]},{\"@type\":\"WebSite\",\"@id\":\"https:\/\/koningdrone.be\/#website\",\"url\":\"https:\/\/koningdrone.be\/\",\"name\":\"Koningdrone.be - Uw online specialist in drones, gimbals, camera's en power stations.\",\"description\":\"De webshop in drones en gimbals\",\"publisher\":{\"@id\":\"https:\/\/koningdrone.be\/#organization\"},\"potentialAction\":[{\"@type\":\"SearchAction\",\"target\":{\"@type\":\"EntryPoint\",\"urlTemplate\":\"https:\/\/koningdrone.be\/?s={search_term_string}\"},\"query-input\":{\"@type\":\"PropertyValueSpecification\",\"valueRequired\":true,\"valueName\":\"search_term_string\"}}],\"inLanguage\":\"fr-BE\"},{\"@type\":\"Organization\",\"@id\":\"https:\/\/koningdrone.be\/#organization\",\"name\":\"Koningdrone.be\",\"url\":\"https:\/\/koningdrone.be\/\",\"logo\":{\"@type\":\"ImageObject\",\"inLanguage\":\"fr-BE\",\"@id\":\"https:\/\/koningdrone.be\/#\/schema\/logo\/image\/\",\"url\":\"https:\/\/koningdrone.be\/wp-content\/uploads\/sites\/13\/2025\/04\/koningdrone-copyright-logo.svg\",\"contentUrl\":\"https:\/\/koningdrone.be\/wp-content\/uploads\/sites\/13\/2025\/04\/koningdrone-copyright-logo.svg\",\"width\":227,\"height\":38,\"caption\":\"Koningdrone.be\"},\"image\":{\"@id\":\"https:\/\/koningdrone.be\/#\/schema\/logo\/image\/\"}}]}<\/script>\n<!-- \/ Yoast SEO Premium plugin. -->","yoast_head_json":{"title":"Osmo Action 5 Pro Road Cycling Combo - koningdrone.be","robots":{"index":"index","follow":"follow","max-snippet":"max-snippet:-1","max-image-preview":"max-image-preview:large","max-video-preview":"max-video-preview:-1"},"canonical":"https:\/\/koningdrone.be\/fr\/produit\/osmo-action-5-pro-road-cycling-combo\/","og_locale":"fr_FR","og_type":"article","og_title":"Osmo Action 5 Pro Road Cycling Combo","og_description":"Pixelgrootte van 2.4 \u03bcm en dynamisch bereik van 13.5 stops.  Dynamische compositieaanpassing houdt onderwerp gecentreerd.  50% langere gebruikstijd; 4 uur op \u00e9\u00e9n batterijlading.  OLED helderheidsschermen met 16% meer schermruimte.  HorizonSteady corrigeert trillingen en kantelingen binnen 360\u00b0.  Directe verbinding met DJI OsmoAudio\u2122 voor 48kHz audio-opname.  Accessoires voor diverse sportscenarios zoals fietsen en duiken.","og_url":"https:\/\/koningdrone.be\/fr\/produit\/osmo-action-5-pro-road-cycling-combo\/","og_site_name":"koningdrone.be","article_modified_time":"2026-04-29T11:10:08+00:00","og_image":[{"width":1280,"height":1280,"url":"https:\/\/koningdrone.be\/wp-content\/uploads\/sites\/13\/2025\/04\/9c1b7a0e19d5b1041c5b525bdc999da7@ultra.jpg","type":"image\/jpeg"}],"twitter_card":"summary_large_image","twitter_misc":{"Dur\u00e9e de lecture est.":"1 minute"},"schema":{"@context":"https:\/\/schema.org","@graph":[{"@type":"WebPage","@id":"https:\/\/koningdrone.be\/product\/osmo-action-5-pro-road-cycling-combo\/","url":"https:\/\/koningdrone.be\/product\/osmo-action-5-pro-road-cycling-combo\/","name":"Osmo Action 5 Pro Road Cycling Combo - koningdrone.be","isPartOf":{"@id":"https:\/\/koningdrone.be\/#website"},"primaryImageOfPage":{"@id":"https:\/\/koningdrone.be\/product\/osmo-action-5-pro-road-cycling-combo\/#primaryimage"},"image":{"@id":"https:\/\/koningdrone.be\/product\/osmo-action-5-pro-road-cycling-combo\/#primaryimage"},"thumbnailUrl":"https:\/\/koningdrone.be\/wp-content\/uploads\/sites\/13\/2025\/04\/9c1b7a0e19d5b1041c5b525bdc999da7@ultra.jpg","datePublished":"2024-10-16T05:59:36+00:00","dateModified":"2026-04-29T11:10:08+00:00","breadcrumb":{"@id":"https:\/\/koningdrone.be\/product\/osmo-action-5-pro-road-cycling-combo\/#breadcrumb"},"inLanguage":"fr-BE","potentialAction":[{"@type":"ReadAction","target":["https:\/\/koningdrone.be\/product\/osmo-action-5-pro-road-cycling-combo\/"]}]},{"@type":"ImageObject","inLanguage":"fr-BE","@id":"https:\/\/koningdrone.be\/product\/osmo-action-5-pro-road-cycling-combo\/#primaryimage","url":"https:\/\/koningdrone.be\/wp-content\/uploads\/sites\/13\/2025\/04\/9c1b7a0e19d5b1041c5b525bdc999da7@ultra.jpg","contentUrl":"https:\/\/koningdrone.be\/wp-content\/uploads\/sites\/13\/2025\/04\/9c1b7a0e19d5b1041c5b525bdc999da7@ultra.jpg","width":1280,"height":1280},{"@type":"BreadcrumbList","@id":"https:\/\/koningdrone.be\/product\/osmo-action-5-pro-road-cycling-combo\/#breadcrumb","itemListElement":[{"@type":"ListItem","position":1,"name":"Home","item":"https:\/\/koningdrone.be\/"},{"@type":"ListItem","position":2,"name":"AVSS Parachute Recovery System for DJI Matrice 300\/350","item":"https:\/\/koningdrone.be\/product\/avss-parachute-recovery-system-for-dji-matrice-300-350\/"},{"@type":"ListItem","position":3,"name":"Alle producten","item":"https:\/\/koningdrone.be\/categorie\/alle-producten\/"},{"@type":"ListItem","position":4,"name":"Osmo Action 5 Pro Road Cycling Combo"}]},{"@type":"WebSite","@id":"https:\/\/koningdrone.be\/#website","url":"https:\/\/koningdrone.be\/","name":"Koningdrone.be - Votre sp\u00e9cialiste en ligne en mati\u00e8re de drones, de cardans, de cam\u00e9ras et de centrales \u00e9lectriques.","description":"La boutique en ligne de drones et de cardans","publisher":{"@id":"https:\/\/koningdrone.be\/#organization"},"potentialAction":[{"@type":"SearchAction","target":{"@type":"EntryPoint","urlTemplate":"https:\/\/koningdrone.be\/?s={search_term_string}"},"query-input":{"@type":"PropertyValueSpecification","valueRequired":true,"valueName":"search_term_string"}}],"inLanguage":"fr-BE"},{"@type":"Organization","@id":"https:\/\/koningdrone.be\/#organization","name":"Kingdrone.co.uk","url":"https:\/\/koningdrone.be\/","logo":{"@type":"ImageObject","inLanguage":"fr-BE","@id":"https:\/\/koningdrone.be\/#\/schema\/logo\/image\/","url":"https:\/\/koningdrone.be\/wp-content\/uploads\/sites\/13\/2025\/04\/koningdrone-copyright-logo.svg","contentUrl":"https:\/\/koningdrone.be\/wp-content\/uploads\/sites\/13\/2025\/04\/koningdrone-copyright-logo.svg","width":227,"height":38,"caption":"Koningdrone.be"},"image":{"@id":"https:\/\/koningdrone.be\/#\/schema\/logo\/image\/"}}]}},"df_price":"","df_sale_price":"","df_regular_price":"","df_image_link":"https:\/\/koningdrone.be\/wp-content\/uploads\/sites\/13\/2025\/04\/9c1b7a0e19d5b1041c5b525bdc999da7@ultra-300x300.jpg","_links":{"self":[{"href":"https:\/\/koningdrone.be\/fr\/wp-json\/wp\/v2\/product\/2063","targetHints":{"allow":["GET"]}}],"collection":[{"href":"https:\/\/koningdrone.be\/fr\/wp-json\/wp\/v2\/product"}],"about":[{"href":"https:\/\/koningdrone.be\/fr\/wp-json\/wp\/v2\/types\/product"}],"wp:featuredmedia":[{"embeddable":true,"href":"https:\/\/koningdrone.be\/fr\/wp-json\/wp\/v2\/media\/2061"}],"wp:attachment":[{"href":"https:\/\/koningdrone.be\/fr\/wp-json\/wp\/v2\/media?parent=2063"}],"wp:term":[{"taxonomy":"product_brand","embeddable":true,"href":"https:\/\/koningdrone.be\/fr\/wp-json\/wp\/v2\/product_brand?post=2063"},{"taxonomy":"product_cat","embeddable":true,"href":"https:\/\/koningdrone.be\/fr\/wp-json\/wp\/v2\/product_cat?post=2063"},{"taxonomy":"product_tag","embeddable":true,"href":"https:\/\/koningdrone.be\/fr\/wp-json\/wp\/v2\/product_tag?post=2063"}],"curies":[{"name":"wp","href":"https:\/\/api.w.org\/{rel}","templated":true}]}}