{"id":2060,"date":"2024-10-16T07:59:36","date_gmt":"2024-10-16T05:59:36","guid":{"rendered":"https:\/\/koningdrone.nl\/kon\/product\/osmo-action-5-pro-neck-mount-filming-combo\/"},"modified":"2026-04-29T13:10:07","modified_gmt":"2026-04-29T11:10:07","slug":"osmo-action-5-pro-neck-mount-filming-combo","status":"publish","type":"product","link":"https:\/\/koningdrone.be\/fr\/produit\/osmo-action-5-pro-neck-mount-filming-combo\/","title":{"rendered":"Osmo Action 5 Pro Neck Mount Filming Combo"},"content":{"rendered":"<p>L'Action 5 Pro dispose d'une taille de pixel de 2,4 \u03bcm et d'une plage dynamique de 13,5 arr\u00eats, aliment\u00e9e par une puce de 4 nm. Cela garantit des images nettes et des couleurs vives, adapt\u00e9es aux d\u00e9butants comme aux experts.<\/p>\n<p>&nbsp;<\/p>\n<p><strong>Dur\u00e9e de vie de la batterie<\/strong><\/p>\n<p>Offre jusqu'\u00e0 4 heures d'utilisation, m\u00eame \u00e0 des temp\u00e9ratures extr\u00eames telles que -20\u00b0C. Id\u00e9al pour les prises de vue \u00e0 long terme.<\/p>\n<p>&nbsp;<\/p>\n<p><strong>Affichage<\/strong><\/p>\n<p>Les \u00e9crans tactiles OLED offrent une image lumineuse avec un contraste et des couleurs plus \u00e9lev\u00e9s. 16% plus grand ratio \u00e9cran\/bo\u00eetier pour une plus grande compacit\u00e9.<\/p>\n<p>&nbsp;<\/p>\n<p><strong>Stabilisation<\/strong><\/p>\n<p>La technologie HorizonSteady minimise les chocs et corrige les inclinaisons horizontales jusqu'\u00e0 360\u00b0. Id\u00e9al pour les activit\u00e9s sportives.<\/p>\n<p>&nbsp;<\/p>\n<p><strong>Audio<\/strong><\/p>\n<p>La connectivit\u00e9 DJI OsmoAudio\u2122 prend en charge deux \u00e9metteurs DJI Mic 2 pour un son 48 kHz sans r\u00e9cepteur. Une qualit\u00e9 sonore constante.<\/p>\n<p>&nbsp;<\/p>\n<p><strong>Accessoires<\/strong><\/p>\n<p>Divers accessoires pour des activit\u00e9s telles que le cyclisme, la plong\u00e9e et le ski. Une prise de vue parfaite dans toutes les situations.<\/p>\n<p>&nbsp;<\/p>","protected":false},"excerpt":{"rendered":"<ul>\n<li>Taille de pixel \u00e9quivalente de 2,4 \u03bcm et plage dynamique de 13,5 arr\u00eats.<\/li>\n<li>Puce 4 nm haute performance pour un traitement sup\u00e9rieur.<\/li>\n<li>L'ajustement intelligent de la composition permet de centrer les sujets.<\/li>\n<li>50% : cycle de travail plus long pour une utilisation \u00e0 long terme.<\/li>\n<li>Une seule batterie jusqu'\u00e0 4 heures, m\u00eame dans des conditions froides.<\/li>\n<li>\u00c9crans tactiles OLED \u00e0 haute luminosit\u00e9, contraste et couleurs am\u00e9lior\u00e9s.<\/li>\n<li>Augmentation de 16% du rapport \u00e9cran\/bo\u00eetier pour une meilleure exp\u00e9rience visuelle.<\/li>\n<li>HorizonSteady r\u00e9duit les vibrations et corrige les inclinaisons horizontales.<\/li>\n<li>Correction de l'inclinaison sur 360\u00b0 pour diff\u00e9rents sc\u00e9narios sportifs.<\/li>\n<li>Connectivit\u00e9 DJI OsmoAudio\u2122 pour une connexion audio instantan\u00e9e et sans effort.<\/li>\n<li>Enregistrement audio 48 kHz avec jusqu'\u00e0 deux \u00e9metteurs DJI Mic 2.<\/li>\n<li>Large gamme d'accessoires pour diverses activit\u00e9s.<\/li>\n<\/ul>","protected":false},"featured_media":2058,"template":"","meta":{"_acf_changed":false},"product_brand":[],"product_cat":[97,297,329],"product_tag":[],"class_list":{"0":"post-2060","1":"product","2":"type-product","3":"status-publish","4":"has-post-thumbnail","6":"product_cat-alle-producten","7":"product_cat-dji-osmo","8":"product_cat-dji-osmo-action-5","9":"product_shipping_class-outofstock","10":"pa_brand-dji","11":"pa_producttype-action-cam","13":"first","14":"outofstock","15":"taxable","16":"shipping-taxable","17":"product-type-simple"},"acf":[],"yoast_head":"<!-- This site is optimized with the Yoast SEO Premium plugin v27.2 (Yoast SEO v27.2) - https:\/\/yoast.com\/product\/yoast-seo-premium-wordpress\/ -->\n<title>Osmo Action 5 Pro Neck Mount Filming Combo - koningdrone.be<\/title>\n<meta name=\"robots\" content=\"index, follow, max-snippet:-1, max-image-preview:large, max-video-preview:-1\" \/>\n<link rel=\"canonical\" href=\"https:\/\/koningdrone.be\/fr\/produit\/osmo-action-5-pro-neck-mount-filming-combo\/\" \/>\n<meta property=\"og:locale\" content=\"fr_FR\" \/>\n<meta property=\"og:type\" content=\"article\" \/>\n<meta property=\"og:title\" content=\"Osmo Action 5 Pro Neck Mount Filming Combo\" \/>\n<meta property=\"og:description\" content=\"Equivalente pixelgrootte van 2,4 \u03bcm en 13,5 stops dynamisch bereik.  Hoge prestatie 4nm chip voor superieure verwerking.  Intelligente compositieaanpassing houdt onderwerpen gecentreerd.  50% langere gebruiksduur voor langdurig gebruik.  E\u00e9n batterijvoeding tot 4 uur, zelfs in koude omstandigheden.  OLED touchscreens met hoge helderheid, verbeterd contrast en kleuren.  16% toename in scherm-tot-behuizingverhouding voor een betere kijkervaring.  HorizonSteady vermindert trillingen en corrigeert horizontale kantelingen.  360\u00b0 bereik kantelcorrectie voor verschillende sportscenario&#039;s.  DJI OsmoAudio\u2122-connectiviteit voor directe, moeiteloze audioverbinding.  48 kHz audio-opname met maximaal twee DJI Mic 2 Transmitters.  Breed scala aan accessoires voor diverse activiteiten.\" \/>\n<meta property=\"og:url\" content=\"https:\/\/koningdrone.be\/fr\/produit\/osmo-action-5-pro-neck-mount-filming-combo\/\" \/>\n<meta property=\"og:site_name\" content=\"koningdrone.be\" \/>\n<meta property=\"article:modified_time\" content=\"2026-04-29T11:10:07+00:00\" \/>\n<meta property=\"og:image\" content=\"https:\/\/koningdrone.be\/wp-content\/uploads\/sites\/13\/2025\/04\/885ef6b0428c937c643ce251b8ec7b25@ultra.jpg\" \/>\n\t<meta property=\"og:image:width\" content=\"1280\" \/>\n\t<meta property=\"og:image:height\" content=\"1280\" \/>\n\t<meta property=\"og:image:type\" content=\"image\/jpeg\" \/>\n<meta name=\"twitter:card\" content=\"summary_large_image\" \/>\n<meta name=\"twitter:label1\" content=\"Dur\u00e9e de lecture est.\" \/>\n\t<meta name=\"twitter:data1\" content=\"1 minute\" \/>\n<script type=\"application\/ld+json\" class=\"yoast-schema-graph\">{\"@context\":\"https:\/\/schema.org\",\"@graph\":[{\"@type\":\"WebPage\",\"@id\":\"https:\/\/koningdrone.be\/product\/osmo-action-5-pro-neck-mount-filming-combo\/\",\"url\":\"https:\/\/koningdrone.be\/product\/osmo-action-5-pro-neck-mount-filming-combo\/\",\"name\":\"Osmo Action 5 Pro Neck Mount Filming Combo - koningdrone.be\",\"isPartOf\":{\"@id\":\"https:\/\/koningdrone.be\/#website\"},\"primaryImageOfPage\":{\"@id\":\"https:\/\/koningdrone.be\/product\/osmo-action-5-pro-neck-mount-filming-combo\/#primaryimage\"},\"image\":{\"@id\":\"https:\/\/koningdrone.be\/product\/osmo-action-5-pro-neck-mount-filming-combo\/#primaryimage\"},\"thumbnailUrl\":\"https:\/\/koningdrone.be\/wp-content\/uploads\/sites\/13\/2025\/04\/885ef6b0428c937c643ce251b8ec7b25@ultra.jpg\",\"datePublished\":\"2024-10-16T05:59:36+00:00\",\"dateModified\":\"2026-04-29T11:10:07+00:00\",\"breadcrumb\":{\"@id\":\"https:\/\/koningdrone.be\/product\/osmo-action-5-pro-neck-mount-filming-combo\/#breadcrumb\"},\"inLanguage\":\"fr-BE\",\"potentialAction\":[{\"@type\":\"ReadAction\",\"target\":[\"https:\/\/koningdrone.be\/product\/osmo-action-5-pro-neck-mount-filming-combo\/\"]}]},{\"@type\":\"ImageObject\",\"inLanguage\":\"fr-BE\",\"@id\":\"https:\/\/koningdrone.be\/product\/osmo-action-5-pro-neck-mount-filming-combo\/#primaryimage\",\"url\":\"https:\/\/koningdrone.be\/wp-content\/uploads\/sites\/13\/2025\/04\/885ef6b0428c937c643ce251b8ec7b25@ultra.jpg\",\"contentUrl\":\"https:\/\/koningdrone.be\/wp-content\/uploads\/sites\/13\/2025\/04\/885ef6b0428c937c643ce251b8ec7b25@ultra.jpg\",\"width\":1280,\"height\":1280},{\"@type\":\"BreadcrumbList\",\"@id\":\"https:\/\/koningdrone.be\/product\/osmo-action-5-pro-neck-mount-filming-combo\/#breadcrumb\",\"itemListElement\":[{\"@type\":\"ListItem\",\"position\":1,\"name\":\"Home\",\"item\":\"https:\/\/koningdrone.be\/\"},{\"@type\":\"ListItem\",\"position\":2,\"name\":\"AVSS Parachute Recovery System for DJI Matrice 300\/350\",\"item\":\"https:\/\/koningdrone.be\/product\/avss-parachute-recovery-system-for-dji-matrice-300-350\/\"},{\"@type\":\"ListItem\",\"position\":3,\"name\":\"Alle producten\",\"item\":\"https:\/\/koningdrone.be\/categorie\/alle-producten\/\"},{\"@type\":\"ListItem\",\"position\":4,\"name\":\"Osmo Action 5 Pro Neck Mount Filming Combo\"}]},{\"@type\":\"WebSite\",\"@id\":\"https:\/\/koningdrone.be\/#website\",\"url\":\"https:\/\/koningdrone.be\/\",\"name\":\"Koningdrone.be - Uw online specialist in drones, gimbals, camera's en power stations.\",\"description\":\"De webshop in drones en gimbals\",\"publisher\":{\"@id\":\"https:\/\/koningdrone.be\/#organization\"},\"potentialAction\":[{\"@type\":\"SearchAction\",\"target\":{\"@type\":\"EntryPoint\",\"urlTemplate\":\"https:\/\/koningdrone.be\/?s={search_term_string}\"},\"query-input\":{\"@type\":\"PropertyValueSpecification\",\"valueRequired\":true,\"valueName\":\"search_term_string\"}}],\"inLanguage\":\"fr-BE\"},{\"@type\":\"Organization\",\"@id\":\"https:\/\/koningdrone.be\/#organization\",\"name\":\"Koningdrone.be\",\"url\":\"https:\/\/koningdrone.be\/\",\"logo\":{\"@type\":\"ImageObject\",\"inLanguage\":\"fr-BE\",\"@id\":\"https:\/\/koningdrone.be\/#\/schema\/logo\/image\/\",\"url\":\"https:\/\/koningdrone.be\/wp-content\/uploads\/sites\/13\/2025\/04\/koningdrone-copyright-logo.svg\",\"contentUrl\":\"https:\/\/koningdrone.be\/wp-content\/uploads\/sites\/13\/2025\/04\/koningdrone-copyright-logo.svg\",\"width\":227,\"height\":38,\"caption\":\"Koningdrone.be\"},\"image\":{\"@id\":\"https:\/\/koningdrone.be\/#\/schema\/logo\/image\/\"}}]}<\/script>\n<!-- \/ Yoast SEO Premium plugin. -->","yoast_head_json":{"title":"Osmo Action 5 Pro Neck Mount Filming Combo - koningdrone.be","robots":{"index":"index","follow":"follow","max-snippet":"max-snippet:-1","max-image-preview":"max-image-preview:large","max-video-preview":"max-video-preview:-1"},"canonical":"https:\/\/koningdrone.be\/fr\/produit\/osmo-action-5-pro-neck-mount-filming-combo\/","og_locale":"fr_FR","og_type":"article","og_title":"Osmo Action 5 Pro Neck Mount Filming Combo","og_description":"Equivalente pixelgrootte van 2,4 \u03bcm en 13,5 stops dynamisch bereik.  Hoge prestatie 4nm chip voor superieure verwerking.  Intelligente compositieaanpassing houdt onderwerpen gecentreerd.  50% langere gebruiksduur voor langdurig gebruik.  E\u00e9n batterijvoeding tot 4 uur, zelfs in koude omstandigheden.  OLED touchscreens met hoge helderheid, verbeterd contrast en kleuren.  16% toename in scherm-tot-behuizingverhouding voor een betere kijkervaring.  HorizonSteady vermindert trillingen en corrigeert horizontale kantelingen.  360\u00b0 bereik kantelcorrectie voor verschillende sportscenario's.  DJI OsmoAudio\u2122-connectiviteit voor directe, moeiteloze audioverbinding.  48 kHz audio-opname met maximaal twee DJI Mic 2 Transmitters.  Breed scala aan accessoires voor diverse activiteiten.","og_url":"https:\/\/koningdrone.be\/fr\/produit\/osmo-action-5-pro-neck-mount-filming-combo\/","og_site_name":"koningdrone.be","article_modified_time":"2026-04-29T11:10:07+00:00","og_image":[{"width":1280,"height":1280,"url":"https:\/\/koningdrone.be\/wp-content\/uploads\/sites\/13\/2025\/04\/885ef6b0428c937c643ce251b8ec7b25@ultra.jpg","type":"image\/jpeg"}],"twitter_card":"summary_large_image","twitter_misc":{"Dur\u00e9e de lecture est.":"1 minute"},"schema":{"@context":"https:\/\/schema.org","@graph":[{"@type":"WebPage","@id":"https:\/\/koningdrone.be\/product\/osmo-action-5-pro-neck-mount-filming-combo\/","url":"https:\/\/koningdrone.be\/product\/osmo-action-5-pro-neck-mount-filming-combo\/","name":"Osmo Action 5 Pro Neck Mount Filming Combo - koningdrone.be","isPartOf":{"@id":"https:\/\/koningdrone.be\/#website"},"primaryImageOfPage":{"@id":"https:\/\/koningdrone.be\/product\/osmo-action-5-pro-neck-mount-filming-combo\/#primaryimage"},"image":{"@id":"https:\/\/koningdrone.be\/product\/osmo-action-5-pro-neck-mount-filming-combo\/#primaryimage"},"thumbnailUrl":"https:\/\/koningdrone.be\/wp-content\/uploads\/sites\/13\/2025\/04\/885ef6b0428c937c643ce251b8ec7b25@ultra.jpg","datePublished":"2024-10-16T05:59:36+00:00","dateModified":"2026-04-29T11:10:07+00:00","breadcrumb":{"@id":"https:\/\/koningdrone.be\/product\/osmo-action-5-pro-neck-mount-filming-combo\/#breadcrumb"},"inLanguage":"fr-BE","potentialAction":[{"@type":"ReadAction","target":["https:\/\/koningdrone.be\/product\/osmo-action-5-pro-neck-mount-filming-combo\/"]}]},{"@type":"ImageObject","inLanguage":"fr-BE","@id":"https:\/\/koningdrone.be\/product\/osmo-action-5-pro-neck-mount-filming-combo\/#primaryimage","url":"https:\/\/koningdrone.be\/wp-content\/uploads\/sites\/13\/2025\/04\/885ef6b0428c937c643ce251b8ec7b25@ultra.jpg","contentUrl":"https:\/\/koningdrone.be\/wp-content\/uploads\/sites\/13\/2025\/04\/885ef6b0428c937c643ce251b8ec7b25@ultra.jpg","width":1280,"height":1280},{"@type":"BreadcrumbList","@id":"https:\/\/koningdrone.be\/product\/osmo-action-5-pro-neck-mount-filming-combo\/#breadcrumb","itemListElement":[{"@type":"ListItem","position":1,"name":"Home","item":"https:\/\/koningdrone.be\/"},{"@type":"ListItem","position":2,"name":"AVSS Parachute Recovery System for DJI Matrice 300\/350","item":"https:\/\/koningdrone.be\/product\/avss-parachute-recovery-system-for-dji-matrice-300-350\/"},{"@type":"ListItem","position":3,"name":"Alle producten","item":"https:\/\/koningdrone.be\/categorie\/alle-producten\/"},{"@type":"ListItem","position":4,"name":"Osmo Action 5 Pro Neck Mount Filming Combo"}]},{"@type":"WebSite","@id":"https:\/\/koningdrone.be\/#website","url":"https:\/\/koningdrone.be\/","name":"Koningdrone.be - Votre sp\u00e9cialiste en ligne en mati\u00e8re de drones, de cardans, de cam\u00e9ras et de centrales \u00e9lectriques.","description":"La boutique en ligne de drones et de cardans","publisher":{"@id":"https:\/\/koningdrone.be\/#organization"},"potentialAction":[{"@type":"SearchAction","target":{"@type":"EntryPoint","urlTemplate":"https:\/\/koningdrone.be\/?s={search_term_string}"},"query-input":{"@type":"PropertyValueSpecification","valueRequired":true,"valueName":"search_term_string"}}],"inLanguage":"fr-BE"},{"@type":"Organization","@id":"https:\/\/koningdrone.be\/#organization","name":"Kingdrone.co.uk","url":"https:\/\/koningdrone.be\/","logo":{"@type":"ImageObject","inLanguage":"fr-BE","@id":"https:\/\/koningdrone.be\/#\/schema\/logo\/image\/","url":"https:\/\/koningdrone.be\/wp-content\/uploads\/sites\/13\/2025\/04\/koningdrone-copyright-logo.svg","contentUrl":"https:\/\/koningdrone.be\/wp-content\/uploads\/sites\/13\/2025\/04\/koningdrone-copyright-logo.svg","width":227,"height":38,"caption":"Koningdrone.be"},"image":{"@id":"https:\/\/koningdrone.be\/#\/schema\/logo\/image\/"}}]}},"df_price":"","df_sale_price":"","df_regular_price":"","df_image_link":"https:\/\/koningdrone.be\/wp-content\/uploads\/sites\/13\/2025\/04\/885ef6b0428c937c643ce251b8ec7b25@ultra-300x300.jpg","_links":{"self":[{"href":"https:\/\/koningdrone.be\/fr\/wp-json\/wp\/v2\/product\/2060","targetHints":{"allow":["GET"]}}],"collection":[{"href":"https:\/\/koningdrone.be\/fr\/wp-json\/wp\/v2\/product"}],"about":[{"href":"https:\/\/koningdrone.be\/fr\/wp-json\/wp\/v2\/types\/product"}],"wp:featuredmedia":[{"embeddable":true,"href":"https:\/\/koningdrone.be\/fr\/wp-json\/wp\/v2\/media\/2058"}],"wp:attachment":[{"href":"https:\/\/koningdrone.be\/fr\/wp-json\/wp\/v2\/media?parent=2060"}],"wp:term":[{"taxonomy":"product_brand","embeddable":true,"href":"https:\/\/koningdrone.be\/fr\/wp-json\/wp\/v2\/product_brand?post=2060"},{"taxonomy":"product_cat","embeddable":true,"href":"https:\/\/koningdrone.be\/fr\/wp-json\/wp\/v2\/product_cat?post=2060"},{"taxonomy":"product_tag","embeddable":true,"href":"https:\/\/koningdrone.be\/fr\/wp-json\/wp\/v2\/product_tag?post=2060"}],"curies":[{"name":"wp","href":"https:\/\/api.w.org\/{rel}","templated":true}]}}