{"id":2054,"date":"2024-10-16T07:59:36","date_gmt":"2024-10-16T05:59:36","guid":{"rendered":"https:\/\/koningdrone.nl\/kon\/product\/osmo-action-5-pro-hiking-combo\/"},"modified":"2026-04-29T13:10:05","modified_gmt":"2026-04-29T11:10:05","slug":"osmo-action-5-pro-hiking-combo","status":"publish","type":"product","link":"https:\/\/koningdrone.be\/fr\/produit\/osmo-action-5-pro-hiking-combo\/","title":{"rendered":"Osmo Action 5 Pro Hiking Combo"},"content":{"rendered":"<p>L'Action 5 Pro est un appareil photo polyvalent et avanc\u00e9, dot\u00e9 d'excellentes caract\u00e9ristiques, qui s'adresse aussi bien aux d\u00e9butants qu'aux experts.<\/p>\n<p>&nbsp;<\/p>\n<p><strong>Qualit\u00e9 de l'image<\/strong><\/p>\n<p>Avec une taille de pixel de 2,4 \u03bcm et une plage dynamique \u00e9lev\u00e9e de 13,5 arr\u00eats, vous obtenez des images nettes et d\u00e9taill\u00e9es, m\u00eame dans des conditions d'\u00e9clairage difficiles.<\/p>\n<p>&nbsp;<\/p>\n<p><strong>Autofocus et composition<\/strong><\/p>\n<p>Gr\u00e2ce \u00e0 la d\u00e9tection automatique du sujet, la composition est automatiquement ajust\u00e9e pour des prises de vue bien centr\u00e9es.<\/p>\n<p>&nbsp;<\/p>\n<p><strong>Dur\u00e9e de vie de la batterie<\/strong><\/p>\n<p>Am\u00e9lioration de l'autonomie de la batterie 50% : jusqu'\u00e0 4 heures de fonctionnement, 3,6 heures \u00e0 -20\u00b0C.<\/p>\n<p>&nbsp;<\/p>\n<p><strong>\u00c9cran<\/strong><\/p>\n<p>\u00c9quip\u00e9s d'\u00e9crans tactiles OLED pour une luminosit\u00e9 et un contraste plus \u00e9lev\u00e9s et un rapport \u00e9cran\/bo\u00eetier 16% plus important.<\/p>\n<p>&nbsp;<\/p>\n<p><strong>Stabilit\u00e9<\/strong><\/p>\n<p>La technologie HorizonSteady r\u00e9duit les tremblements et corrige les inclinaisons \u00e0 360 degr\u00e9s, ce qui est id\u00e9al pour des prises de vue stables lors de la pratique d'un sport.<\/p>\n<p>&nbsp;<\/p>\n<p><strong>Audio<\/strong><\/p>\n<p>S'int\u00e8gre facilement \u00e0 DJI OsmoAudio\u2122 pour un enregistrement audio de haute qualit\u00e9 sans r\u00e9cepteur s\u00e9par\u00e9.<\/p>\n<p>&nbsp;<\/p>\n<p><strong>Accessoires et utilisation<\/strong><\/p>\n<p>Compatible avec divers accessoires pour des activit\u00e9s telles que le cyclisme, la randonn\u00e9e, la plong\u00e9e et bien d'autres, pour une polyvalence optimale.<\/p>\n<p>&nbsp;<\/p>","protected":false},"excerpt":{"rendered":"<ul>\n<li>Taille de pixel \u00e9quivalente de 2,4 \u03bcm avec une plage dynamique \u00e9lev\u00e9e de 13,5 arr\u00eats.<\/li>\n<li>D\u00e9tection intelligente du sujet avec ajustement dynamique de la composition.<\/li>\n<li>50% : dur\u00e9e d'utilisation plus longue, jusqu'\u00e0 4 heures par pile.<\/li>\n<li>\u00c9crans tactiles OLED \u00e0 haute luminosit\u00e9 avec un rapport \u00e9cran\/corps de 16% plus \u00e9lev\u00e9.<\/li>\n<li>HorizonSteady r\u00e9duit les vibrations et corrige les inclinaisons sur 360\u00b0.<\/li>\n<li>Connectivit\u00e9 DJI OsmoAudio\u2122 pour un enregistrement audio \u00e0 48 kHz sans r\u00e9cepteur.<\/li>\n<li>Accessoires pour le cyclisme, la randonn\u00e9e, le parachutisme, la plong\u00e9e, le surf, le ski\/snowboard.<\/li>\n<\/ul>","protected":false},"featured_media":2052,"template":"","meta":{"_acf_changed":false},"product_brand":[],"product_cat":[97,297,329],"product_tag":[],"class_list":{"0":"post-2054","1":"product","2":"type-product","3":"status-publish","4":"has-post-thumbnail","6":"product_cat-alle-producten","7":"product_cat-dji-osmo","8":"product_cat-dji-osmo-action-5","9":"product_shipping_class-outofstock","10":"pa_brand-dji","11":"pa_producttype-action-cam","13":"first","14":"outofstock","15":"taxable","16":"shipping-taxable","17":"product-type-simple"},"acf":[],"yoast_head":"<!-- This site is optimized with the Yoast SEO Premium plugin v27.2 (Yoast SEO v27.2) - https:\/\/yoast.com\/product\/yoast-seo-premium-wordpress\/ -->\n<title>Osmo Action 5 Pro Hiking Combo - koningdrone.be<\/title>\n<meta name=\"robots\" content=\"index, follow, max-snippet:-1, max-image-preview:large, max-video-preview:-1\" \/>\n<link rel=\"canonical\" href=\"https:\/\/koningdrone.be\/fr\/produit\/osmo-action-5-pro-hiking-combo\/\" \/>\n<meta property=\"og:locale\" content=\"fr_FR\" \/>\n<meta property=\"og:type\" content=\"article\" \/>\n<meta property=\"og:title\" content=\"Osmo Action 5 Pro Hiking Combo\" \/>\n<meta property=\"og:description\" content=\"Equivalente pixelgrootte van 2,4 \u03bcm met een hoog dynamisch bereik van 13,5 stops.  Intelligente onderwerpdetectie met dynamische compositieaanpassing.  50% langere gebruiksduur tot 4 uur per batterij.  OLED-touchscreens met hoge helderheid met 16% hogere scherm-tot-behuizingverhouding.  HorizonSteady vermindert trillingen en corrigeert kantelingen binnen 360\u00b0.  DJI OsmoAudio\u2122-connectiviteit voor 48 kHz audio-opname zonder ontvanger.  Accessoires voor fietsen, wandelen, skydiven, duiken, surfen, ski\u00ebn\/snowboarden.\" \/>\n<meta property=\"og:url\" content=\"https:\/\/koningdrone.be\/fr\/produit\/osmo-action-5-pro-hiking-combo\/\" \/>\n<meta property=\"og:site_name\" content=\"koningdrone.be\" \/>\n<meta property=\"article:modified_time\" content=\"2026-04-29T11:10:05+00:00\" \/>\n<meta property=\"og:image\" content=\"https:\/\/koningdrone.be\/wp-content\/uploads\/sites\/13\/2025\/04\/f95fac575d2978f82405960dfa14b2da@ultra.jpg\" \/>\n\t<meta property=\"og:image:width\" content=\"1280\" \/>\n\t<meta property=\"og:image:height\" content=\"1280\" \/>\n\t<meta property=\"og:image:type\" content=\"image\/jpeg\" \/>\n<meta name=\"twitter:card\" content=\"summary_large_image\" \/>\n<meta name=\"twitter:label1\" content=\"Dur\u00e9e de lecture est.\" \/>\n\t<meta name=\"twitter:data1\" content=\"1 minute\" \/>\n<script type=\"application\/ld+json\" class=\"yoast-schema-graph\">{\"@context\":\"https:\/\/schema.org\",\"@graph\":[{\"@type\":\"WebPage\",\"@id\":\"https:\/\/koningdrone.be\/product\/osmo-action-5-pro-hiking-combo\/\",\"url\":\"https:\/\/koningdrone.be\/product\/osmo-action-5-pro-hiking-combo\/\",\"name\":\"Osmo Action 5 Pro Hiking Combo - koningdrone.be\",\"isPartOf\":{\"@id\":\"https:\/\/koningdrone.be\/#website\"},\"primaryImageOfPage\":{\"@id\":\"https:\/\/koningdrone.be\/product\/osmo-action-5-pro-hiking-combo\/#primaryimage\"},\"image\":{\"@id\":\"https:\/\/koningdrone.be\/product\/osmo-action-5-pro-hiking-combo\/#primaryimage\"},\"thumbnailUrl\":\"https:\/\/koningdrone.be\/wp-content\/uploads\/sites\/13\/2025\/04\/f95fac575d2978f82405960dfa14b2da@ultra.jpg\",\"datePublished\":\"2024-10-16T05:59:36+00:00\",\"dateModified\":\"2026-04-29T11:10:05+00:00\",\"breadcrumb\":{\"@id\":\"https:\/\/koningdrone.be\/product\/osmo-action-5-pro-hiking-combo\/#breadcrumb\"},\"inLanguage\":\"fr-BE\",\"potentialAction\":[{\"@type\":\"ReadAction\",\"target\":[\"https:\/\/koningdrone.be\/product\/osmo-action-5-pro-hiking-combo\/\"]}]},{\"@type\":\"ImageObject\",\"inLanguage\":\"fr-BE\",\"@id\":\"https:\/\/koningdrone.be\/product\/osmo-action-5-pro-hiking-combo\/#primaryimage\",\"url\":\"https:\/\/koningdrone.be\/wp-content\/uploads\/sites\/13\/2025\/04\/f95fac575d2978f82405960dfa14b2da@ultra.jpg\",\"contentUrl\":\"https:\/\/koningdrone.be\/wp-content\/uploads\/sites\/13\/2025\/04\/f95fac575d2978f82405960dfa14b2da@ultra.jpg\",\"width\":1280,\"height\":1280},{\"@type\":\"BreadcrumbList\",\"@id\":\"https:\/\/koningdrone.be\/product\/osmo-action-5-pro-hiking-combo\/#breadcrumb\",\"itemListElement\":[{\"@type\":\"ListItem\",\"position\":1,\"name\":\"Home\",\"item\":\"https:\/\/koningdrone.be\/\"},{\"@type\":\"ListItem\",\"position\":2,\"name\":\"AVSS Parachute Recovery System for DJI Matrice 300\/350\",\"item\":\"https:\/\/koningdrone.be\/product\/avss-parachute-recovery-system-for-dji-matrice-300-350\/\"},{\"@type\":\"ListItem\",\"position\":3,\"name\":\"Alle producten\",\"item\":\"https:\/\/koningdrone.be\/categorie\/alle-producten\/\"},{\"@type\":\"ListItem\",\"position\":4,\"name\":\"Osmo Action 5 Pro Hiking Combo\"}]},{\"@type\":\"WebSite\",\"@id\":\"https:\/\/koningdrone.be\/#website\",\"url\":\"https:\/\/koningdrone.be\/\",\"name\":\"Koningdrone.be - Uw online specialist in drones, gimbals, camera's en power stations.\",\"description\":\"De webshop in drones en gimbals\",\"publisher\":{\"@id\":\"https:\/\/koningdrone.be\/#organization\"},\"potentialAction\":[{\"@type\":\"SearchAction\",\"target\":{\"@type\":\"EntryPoint\",\"urlTemplate\":\"https:\/\/koningdrone.be\/?s={search_term_string}\"},\"query-input\":{\"@type\":\"PropertyValueSpecification\",\"valueRequired\":true,\"valueName\":\"search_term_string\"}}],\"inLanguage\":\"fr-BE\"},{\"@type\":\"Organization\",\"@id\":\"https:\/\/koningdrone.be\/#organization\",\"name\":\"Koningdrone.be\",\"url\":\"https:\/\/koningdrone.be\/\",\"logo\":{\"@type\":\"ImageObject\",\"inLanguage\":\"fr-BE\",\"@id\":\"https:\/\/koningdrone.be\/#\/schema\/logo\/image\/\",\"url\":\"https:\/\/koningdrone.be\/wp-content\/uploads\/sites\/13\/2025\/04\/koningdrone-copyright-logo.svg\",\"contentUrl\":\"https:\/\/koningdrone.be\/wp-content\/uploads\/sites\/13\/2025\/04\/koningdrone-copyright-logo.svg\",\"width\":227,\"height\":38,\"caption\":\"Koningdrone.be\"},\"image\":{\"@id\":\"https:\/\/koningdrone.be\/#\/schema\/logo\/image\/\"}}]}<\/script>\n<!-- \/ Yoast SEO Premium plugin. -->","yoast_head_json":{"title":"Osmo Action 5 Pro Hiking Combo - koningdrone.be","robots":{"index":"index","follow":"follow","max-snippet":"max-snippet:-1","max-image-preview":"max-image-preview:large","max-video-preview":"max-video-preview:-1"},"canonical":"https:\/\/koningdrone.be\/fr\/produit\/osmo-action-5-pro-hiking-combo\/","og_locale":"fr_FR","og_type":"article","og_title":"Osmo Action 5 Pro Hiking Combo","og_description":"Equivalente pixelgrootte van 2,4 \u03bcm met een hoog dynamisch bereik van 13,5 stops.  Intelligente onderwerpdetectie met dynamische compositieaanpassing.  50% langere gebruiksduur tot 4 uur per batterij.  OLED-touchscreens met hoge helderheid met 16% hogere scherm-tot-behuizingverhouding.  HorizonSteady vermindert trillingen en corrigeert kantelingen binnen 360\u00b0.  DJI OsmoAudio\u2122-connectiviteit voor 48 kHz audio-opname zonder ontvanger.  Accessoires voor fietsen, wandelen, skydiven, duiken, surfen, ski\u00ebn\/snowboarden.","og_url":"https:\/\/koningdrone.be\/fr\/produit\/osmo-action-5-pro-hiking-combo\/","og_site_name":"koningdrone.be","article_modified_time":"2026-04-29T11:10:05+00:00","og_image":[{"width":1280,"height":1280,"url":"https:\/\/koningdrone.be\/wp-content\/uploads\/sites\/13\/2025\/04\/f95fac575d2978f82405960dfa14b2da@ultra.jpg","type":"image\/jpeg"}],"twitter_card":"summary_large_image","twitter_misc":{"Dur\u00e9e de lecture est.":"1 minute"},"schema":{"@context":"https:\/\/schema.org","@graph":[{"@type":"WebPage","@id":"https:\/\/koningdrone.be\/product\/osmo-action-5-pro-hiking-combo\/","url":"https:\/\/koningdrone.be\/product\/osmo-action-5-pro-hiking-combo\/","name":"Osmo Action 5 Pro Hiking Combo - koningdrone.be","isPartOf":{"@id":"https:\/\/koningdrone.be\/#website"},"primaryImageOfPage":{"@id":"https:\/\/koningdrone.be\/product\/osmo-action-5-pro-hiking-combo\/#primaryimage"},"image":{"@id":"https:\/\/koningdrone.be\/product\/osmo-action-5-pro-hiking-combo\/#primaryimage"},"thumbnailUrl":"https:\/\/koningdrone.be\/wp-content\/uploads\/sites\/13\/2025\/04\/f95fac575d2978f82405960dfa14b2da@ultra.jpg","datePublished":"2024-10-16T05:59:36+00:00","dateModified":"2026-04-29T11:10:05+00:00","breadcrumb":{"@id":"https:\/\/koningdrone.be\/product\/osmo-action-5-pro-hiking-combo\/#breadcrumb"},"inLanguage":"fr-BE","potentialAction":[{"@type":"ReadAction","target":["https:\/\/koningdrone.be\/product\/osmo-action-5-pro-hiking-combo\/"]}]},{"@type":"ImageObject","inLanguage":"fr-BE","@id":"https:\/\/koningdrone.be\/product\/osmo-action-5-pro-hiking-combo\/#primaryimage","url":"https:\/\/koningdrone.be\/wp-content\/uploads\/sites\/13\/2025\/04\/f95fac575d2978f82405960dfa14b2da@ultra.jpg","contentUrl":"https:\/\/koningdrone.be\/wp-content\/uploads\/sites\/13\/2025\/04\/f95fac575d2978f82405960dfa14b2da@ultra.jpg","width":1280,"height":1280},{"@type":"BreadcrumbList","@id":"https:\/\/koningdrone.be\/product\/osmo-action-5-pro-hiking-combo\/#breadcrumb","itemListElement":[{"@type":"ListItem","position":1,"name":"Home","item":"https:\/\/koningdrone.be\/"},{"@type":"ListItem","position":2,"name":"AVSS Parachute Recovery System for DJI Matrice 300\/350","item":"https:\/\/koningdrone.be\/product\/avss-parachute-recovery-system-for-dji-matrice-300-350\/"},{"@type":"ListItem","position":3,"name":"Alle producten","item":"https:\/\/koningdrone.be\/categorie\/alle-producten\/"},{"@type":"ListItem","position":4,"name":"Osmo Action 5 Pro Hiking Combo"}]},{"@type":"WebSite","@id":"https:\/\/koningdrone.be\/#website","url":"https:\/\/koningdrone.be\/","name":"Koningdrone.be - Votre sp\u00e9cialiste en ligne en mati\u00e8re de drones, de cardans, de cam\u00e9ras et de centrales \u00e9lectriques.","description":"La boutique en ligne de drones et de cardans","publisher":{"@id":"https:\/\/koningdrone.be\/#organization"},"potentialAction":[{"@type":"SearchAction","target":{"@type":"EntryPoint","urlTemplate":"https:\/\/koningdrone.be\/?s={search_term_string}"},"query-input":{"@type":"PropertyValueSpecification","valueRequired":true,"valueName":"search_term_string"}}],"inLanguage":"fr-BE"},{"@type":"Organization","@id":"https:\/\/koningdrone.be\/#organization","name":"Kingdrone.co.uk","url":"https:\/\/koningdrone.be\/","logo":{"@type":"ImageObject","inLanguage":"fr-BE","@id":"https:\/\/koningdrone.be\/#\/schema\/logo\/image\/","url":"https:\/\/koningdrone.be\/wp-content\/uploads\/sites\/13\/2025\/04\/koningdrone-copyright-logo.svg","contentUrl":"https:\/\/koningdrone.be\/wp-content\/uploads\/sites\/13\/2025\/04\/koningdrone-copyright-logo.svg","width":227,"height":38,"caption":"Koningdrone.be"},"image":{"@id":"https:\/\/koningdrone.be\/#\/schema\/logo\/image\/"}}]}},"df_price":"","df_sale_price":"","df_regular_price":"","df_image_link":"https:\/\/koningdrone.be\/wp-content\/uploads\/sites\/13\/2025\/04\/f95fac575d2978f82405960dfa14b2da@ultra-300x300.jpg","_links":{"self":[{"href":"https:\/\/koningdrone.be\/fr\/wp-json\/wp\/v2\/product\/2054","targetHints":{"allow":["GET"]}}],"collection":[{"href":"https:\/\/koningdrone.be\/fr\/wp-json\/wp\/v2\/product"}],"about":[{"href":"https:\/\/koningdrone.be\/fr\/wp-json\/wp\/v2\/types\/product"}],"wp:featuredmedia":[{"embeddable":true,"href":"https:\/\/koningdrone.be\/fr\/wp-json\/wp\/v2\/media\/2052"}],"wp:attachment":[{"href":"https:\/\/koningdrone.be\/fr\/wp-json\/wp\/v2\/media?parent=2054"}],"wp:term":[{"taxonomy":"product_brand","embeddable":true,"href":"https:\/\/koningdrone.be\/fr\/wp-json\/wp\/v2\/product_brand?post=2054"},{"taxonomy":"product_cat","embeddable":true,"href":"https:\/\/koningdrone.be\/fr\/wp-json\/wp\/v2\/product_cat?post=2054"},{"taxonomy":"product_tag","embeddable":true,"href":"https:\/\/koningdrone.be\/fr\/wp-json\/wp\/v2\/product_tag?post=2054"}],"curies":[{"name":"wp","href":"https:\/\/api.w.org\/{rel}","templated":true}]}}