{"id":2045,"date":"2024-10-16T08:00:34","date_gmt":"2024-10-16T06:00:34","guid":{"rendered":"https:\/\/koningdrone.nl\/kon\/product\/zenmuse-h30-worry-free-plus-combo\/"},"modified":"2026-04-29T13:10:17","modified_gmt":"2026-04-29T11:10:17","slug":"zenmuse-h30-worry-free-plus-combo","status":"publish","type":"product","link":"https:\/\/koningdrone.be\/fr\/produit\/zenmuse-h30-worry-free-plus-combo\/","title":{"rendered":"Zenmuse H30 Worry-Free Plus Combo"},"content":{"rendered":"<p><strong>Cam\u00e9ra zoom<\/strong><\/p>\n<p>Notre appareil photo avanc\u00e9 de 40 Mpixels offre un zoom optique de 34\u00d7 et un zoom num\u00e9rique de 400\u00d7 pour des d\u00e9tails d'une nettet\u00e9 remarquable \u00e0 distance.<\/p>\n<p><strong>Compteur de distance \u00e0 laser<\/strong><\/p>\n<p>Avec une port\u00e9e allant jusqu'\u00e0 3 000 m\u00e8tres, soit 2,5 fois plus qu'auparavant, vous mesurez les distances avec pr\u00e9cision.<\/p>\n<p><strong>Mode nuit<\/strong><\/p>\n<p>Le mode nuit pour les cam\u00e9ras zoom et grand angle am\u00e9liore les performances en cas de faible luminosit\u00e9. La lumi\u00e8re infrarouge favorise la vision nocturne.<\/p>\n<p><strong>R\u00e9solution et traitement des images<\/strong><\/p>\n<p>La r\u00e9solution d'image de 1280\u00d71024 offre une qualit\u00e9 quatre fois sup\u00e9rieure, m\u00eame \u00e0 des niveaux de zoom \u00e9lev\u00e9s.<\/p>\n<p><strong>Mesure de la temp\u00e9rature<\/strong><\/p>\n<p>Mesure des temp\u00e9ratures jusqu'\u00e0 1600\u00b0 C, id\u00e9al pour les applications industrielles et la surveillance des incendies.<\/p>\n<p><strong>Enregistrement et s\u00e9curit\u00e9<\/strong><\/p>\n<p>Pr\u00e9-enregistrement de 30 secondes, transmission crypt\u00e9e, effacement de la m\u00e9moire du journal, s\u00e9quences en direct via DJI FlightHub 2.<\/p>\n<p><strong>Capture intelligente<\/strong><\/p>\n<p>Des photos d\u00e9taill\u00e9es en cas de faible luminosit\u00e9 gr\u00e2ce \u00e0 la fonction Smart Capture et une meilleure clart\u00e9 en cas de brouillard.<\/p>\n<p><strong>Protection contre les intemp\u00e9ries<\/strong><\/p>\n<p>IP54, \u00e9tanche \u00e0 la poussi\u00e8re et \u00e0 l'eau, op\u00e9rationnel entre -20\u00b0 et 50\u00b0 C : fiable dans toutes les conditions m\u00e9t\u00e9orologiques.<\/p>","protected":false},"excerpt":{"rendered":"<ul>\n<li>Appareil photo de 40 m\u00e9gapixels avec zoom optique 34\u00d7 et num\u00e9rique 400\u00d7.<\/li>\n<li>Mesure de la distance laser maximale de 3000 m, incr\u00e9ment de 2,5\u00d7.<\/li>\n<li>Prend en charge le mode nuit pour des performances \u00e0 faible luminosit\u00e9.<\/li>\n<li>La cam\u00e9ra zoom est \u00e9quip\u00e9e d'une lumi\u00e8re IR et d'une illumination NIR.<\/li>\n<li>R\u00e9solution de 1280\u00d71024, am\u00e9lioration de 4\u00d7.<\/li>\n<li>Fonction d'imagerie infrarouge UHR pour des images claires avec un zoom plus \u00e9lev\u00e9.<\/li>\n<li>La temp\u00e9rature maximale mesurable est de 1600\u00b0 C (2192\u00b0 F).<\/li>\n<li>30 secondes maximum de pr\u00e9-enregistrement et de transmission de donn\u00e9es crypt\u00e9es.<\/li>\n<li>Smart Capture pour des photos d\u00e9taill\u00e9es dans des conditions d'\u00e9clairage exceptionnelles.<\/li>\n<li>Le d\u00e9sembuage \u00e9lectronique am\u00e9liore la clart\u00e9 en cas de brouillard.<\/li>\n<li>R\u00e9sistance \u00e0 la poussi\u00e8re et \u00e0 l'eau IP54.<\/li>\n<li>Fonctionne \u00e0 des temp\u00e9ratures allant de -20\u00b0 \u00e0 50\u00b0 C (-4\u00b0 \u00e0 122\u00b0 F).<\/li>\n<\/ul>","protected":false},"featured_media":2043,"template":"","meta":{"_acf_changed":false},"product_brand":[],"product_cat":[298,97,153],"product_tag":[],"class_list":{"0":"post-2045","1":"product","2":"type-product","3":"status-publish","4":"has-post-thumbnail","6":"product_cat-alle-industriele-camera","7":"product_cat-alle-producten","8":"product_cat-dji-matrice-350","9":"product_shipping_class-outofstock","10":"pa_brand-dji","11":"pa_producttype-gimbal","13":"first","14":"outofstock","15":"taxable","16":"shipping-taxable","17":"product-type-simple"},"acf":[],"yoast_head":"<!-- This site is optimized with the Yoast SEO Premium plugin v27.2 (Yoast SEO v27.2) - https:\/\/yoast.com\/product\/yoast-seo-premium-wordpress\/ -->\n<title>Zenmuse H30 Worry-Free Plus Combo - koningdrone.be<\/title>\n<meta name=\"robots\" content=\"index, follow, max-snippet:-1, max-image-preview:large, max-video-preview:-1\" \/>\n<link rel=\"canonical\" href=\"https:\/\/koningdrone.be\/fr\/produit\/zenmuse-h30-worry-free-plus-combo\/\" \/>\n<meta property=\"og:locale\" content=\"fr_FR\" \/>\n<meta property=\"og:type\" content=\"article\" \/>\n<meta property=\"og:title\" content=\"Zenmuse H30 Worry-Free Plus Combo\" \/>\n<meta property=\"og:description\" content=\"40MP-camera met 34\u00d7 optische en 400\u00d7 digitale zoommogelijkheden. 3000m maximale laserafstandsmeting, 2,5\u00d7 toename. Ondersteunt de nachtmodus voor prestaties bij weinig licht. Zoomcamera bevat IR-licht en NIR-verlichting. 1280\u00d71024 resolutie, 4\u00d7 verbetering. UHR-infraroodbeeldfunctie voor heldere beelden bij hogere zoom. Maximale meetbare temperatuur is 1600\u00b0 C (2192\u00b0 F). 30s maximale vooropname en gecodeerde mediatransmissie. Smart Capture voor gedetailleerde foto&#039;s bij dramatische verlichting. Elektronische ontwaseming verbetert de helderheid bij mistige omstandigheden. IP54 stof- en waterbestendigheid beoordeling. Operationeel bij temperaturen van -20\u00b0 tot 50\u00b0 C (-4\u00b0 tot 122\u00b0 F).\" \/>\n<meta property=\"og:url\" content=\"https:\/\/koningdrone.be\/fr\/produit\/zenmuse-h30-worry-free-plus-combo\/\" \/>\n<meta property=\"og:site_name\" content=\"koningdrone.be\" \/>\n<meta property=\"article:modified_time\" content=\"2026-04-29T11:10:17+00:00\" \/>\n<meta property=\"og:image\" content=\"https:\/\/koningdrone.be\/wp-content\/uploads\/sites\/13\/2025\/04\/eea38b659e6dfae6964357c7de4ced9f@ultra.jpg\" \/>\n\t<meta property=\"og:image:width\" content=\"1280\" \/>\n\t<meta property=\"og:image:height\" content=\"1280\" \/>\n\t<meta property=\"og:image:type\" content=\"image\/jpeg\" \/>\n<meta name=\"twitter:card\" content=\"summary_large_image\" \/>\n<meta name=\"twitter:label1\" content=\"Dur\u00e9e de lecture est.\" \/>\n\t<meta name=\"twitter:data1\" content=\"1 minute\" \/>\n<script type=\"application\/ld+json\" class=\"yoast-schema-graph\">{\"@context\":\"https:\/\/schema.org\",\"@graph\":[{\"@type\":\"WebPage\",\"@id\":\"https:\/\/koningdrone.be\/product\/zenmuse-h30-worry-free-plus-combo\/\",\"url\":\"https:\/\/koningdrone.be\/product\/zenmuse-h30-worry-free-plus-combo\/\",\"name\":\"Zenmuse H30 Worry-Free Plus Combo - koningdrone.be\",\"isPartOf\":{\"@id\":\"https:\/\/koningdrone.be\/#website\"},\"primaryImageOfPage\":{\"@id\":\"https:\/\/koningdrone.be\/product\/zenmuse-h30-worry-free-plus-combo\/#primaryimage\"},\"image\":{\"@id\":\"https:\/\/koningdrone.be\/product\/zenmuse-h30-worry-free-plus-combo\/#primaryimage\"},\"thumbnailUrl\":\"https:\/\/koningdrone.be\/wp-content\/uploads\/sites\/13\/2025\/04\/eea38b659e6dfae6964357c7de4ced9f@ultra.jpg\",\"datePublished\":\"2024-10-16T06:00:34+00:00\",\"dateModified\":\"2026-04-29T11:10:17+00:00\",\"breadcrumb\":{\"@id\":\"https:\/\/koningdrone.be\/product\/zenmuse-h30-worry-free-plus-combo\/#breadcrumb\"},\"inLanguage\":\"fr-BE\",\"potentialAction\":[{\"@type\":\"ReadAction\",\"target\":[\"https:\/\/koningdrone.be\/product\/zenmuse-h30-worry-free-plus-combo\/\"]}]},{\"@type\":\"ImageObject\",\"inLanguage\":\"fr-BE\",\"@id\":\"https:\/\/koningdrone.be\/product\/zenmuse-h30-worry-free-plus-combo\/#primaryimage\",\"url\":\"https:\/\/koningdrone.be\/wp-content\/uploads\/sites\/13\/2025\/04\/eea38b659e6dfae6964357c7de4ced9f@ultra.jpg\",\"contentUrl\":\"https:\/\/koningdrone.be\/wp-content\/uploads\/sites\/13\/2025\/04\/eea38b659e6dfae6964357c7de4ced9f@ultra.jpg\",\"width\":1280,\"height\":1280},{\"@type\":\"BreadcrumbList\",\"@id\":\"https:\/\/koningdrone.be\/product\/zenmuse-h30-worry-free-plus-combo\/#breadcrumb\",\"itemListElement\":[{\"@type\":\"ListItem\",\"position\":1,\"name\":\"Home\",\"item\":\"https:\/\/koningdrone.be\/\"},{\"@type\":\"ListItem\",\"position\":2,\"name\":\"AVSS Parachute Recovery System for DJI Matrice 300\/350\",\"item\":\"https:\/\/koningdrone.be\/product\/avss-parachute-recovery-system-for-dji-matrice-300-350\/\"},{\"@type\":\"ListItem\",\"position\":3,\"name\":\"Alle industriele camera\",\"item\":\"https:\/\/koningdrone.be\/categorie\/alle-industriele-camera\/\"},{\"@type\":\"ListItem\",\"position\":4,\"name\":\"Zenmuse H30 Worry-Free Plus Combo\"}]},{\"@type\":\"WebSite\",\"@id\":\"https:\/\/koningdrone.be\/#website\",\"url\":\"https:\/\/koningdrone.be\/\",\"name\":\"Koningdrone.be - Uw online specialist in drones, gimbals, camera's en power stations.\",\"description\":\"De webshop in drones en gimbals\",\"publisher\":{\"@id\":\"https:\/\/koningdrone.be\/#organization\"},\"potentialAction\":[{\"@type\":\"SearchAction\",\"target\":{\"@type\":\"EntryPoint\",\"urlTemplate\":\"https:\/\/koningdrone.be\/?s={search_term_string}\"},\"query-input\":{\"@type\":\"PropertyValueSpecification\",\"valueRequired\":true,\"valueName\":\"search_term_string\"}}],\"inLanguage\":\"fr-BE\"},{\"@type\":\"Organization\",\"@id\":\"https:\/\/koningdrone.be\/#organization\",\"name\":\"Koningdrone.be\",\"url\":\"https:\/\/koningdrone.be\/\",\"logo\":{\"@type\":\"ImageObject\",\"inLanguage\":\"fr-BE\",\"@id\":\"https:\/\/koningdrone.be\/#\/schema\/logo\/image\/\",\"url\":\"https:\/\/koningdrone.be\/wp-content\/uploads\/sites\/13\/2025\/04\/koningdrone-copyright-logo.svg\",\"contentUrl\":\"https:\/\/koningdrone.be\/wp-content\/uploads\/sites\/13\/2025\/04\/koningdrone-copyright-logo.svg\",\"width\":227,\"height\":38,\"caption\":\"Koningdrone.be\"},\"image\":{\"@id\":\"https:\/\/koningdrone.be\/#\/schema\/logo\/image\/\"}}]}<\/script>\n<!-- \/ Yoast SEO Premium plugin. -->","yoast_head_json":{"title":"Zenmuse H30 Worry-Free Plus Combo - koningdrone.be","robots":{"index":"index","follow":"follow","max-snippet":"max-snippet:-1","max-image-preview":"max-image-preview:large","max-video-preview":"max-video-preview:-1"},"canonical":"https:\/\/koningdrone.be\/fr\/produit\/zenmuse-h30-worry-free-plus-combo\/","og_locale":"fr_FR","og_type":"article","og_title":"Zenmuse H30 Worry-Free Plus Combo","og_description":"40MP-camera met 34\u00d7 optische en 400\u00d7 digitale zoommogelijkheden. 3000m maximale laserafstandsmeting, 2,5\u00d7 toename. Ondersteunt de nachtmodus voor prestaties bij weinig licht. Zoomcamera bevat IR-licht en NIR-verlichting. 1280\u00d71024 resolutie, 4\u00d7 verbetering. UHR-infraroodbeeldfunctie voor heldere beelden bij hogere zoom. Maximale meetbare temperatuur is 1600\u00b0 C (2192\u00b0 F). 30s maximale vooropname en gecodeerde mediatransmissie. Smart Capture voor gedetailleerde foto's bij dramatische verlichting. Elektronische ontwaseming verbetert de helderheid bij mistige omstandigheden. IP54 stof- en waterbestendigheid beoordeling. Operationeel bij temperaturen van -20\u00b0 tot 50\u00b0 C (-4\u00b0 tot 122\u00b0 F).","og_url":"https:\/\/koningdrone.be\/fr\/produit\/zenmuse-h30-worry-free-plus-combo\/","og_site_name":"koningdrone.be","article_modified_time":"2026-04-29T11:10:17+00:00","og_image":[{"width":1280,"height":1280,"url":"https:\/\/koningdrone.be\/wp-content\/uploads\/sites\/13\/2025\/04\/eea38b659e6dfae6964357c7de4ced9f@ultra.jpg","type":"image\/jpeg"}],"twitter_card":"summary_large_image","twitter_misc":{"Dur\u00e9e de lecture est.":"1 minute"},"schema":{"@context":"https:\/\/schema.org","@graph":[{"@type":"WebPage","@id":"https:\/\/koningdrone.be\/product\/zenmuse-h30-worry-free-plus-combo\/","url":"https:\/\/koningdrone.be\/product\/zenmuse-h30-worry-free-plus-combo\/","name":"Zenmuse H30 Worry-Free Plus Combo - koningdrone.be","isPartOf":{"@id":"https:\/\/koningdrone.be\/#website"},"primaryImageOfPage":{"@id":"https:\/\/koningdrone.be\/product\/zenmuse-h30-worry-free-plus-combo\/#primaryimage"},"image":{"@id":"https:\/\/koningdrone.be\/product\/zenmuse-h30-worry-free-plus-combo\/#primaryimage"},"thumbnailUrl":"https:\/\/koningdrone.be\/wp-content\/uploads\/sites\/13\/2025\/04\/eea38b659e6dfae6964357c7de4ced9f@ultra.jpg","datePublished":"2024-10-16T06:00:34+00:00","dateModified":"2026-04-29T11:10:17+00:00","breadcrumb":{"@id":"https:\/\/koningdrone.be\/product\/zenmuse-h30-worry-free-plus-combo\/#breadcrumb"},"inLanguage":"fr-BE","potentialAction":[{"@type":"ReadAction","target":["https:\/\/koningdrone.be\/product\/zenmuse-h30-worry-free-plus-combo\/"]}]},{"@type":"ImageObject","inLanguage":"fr-BE","@id":"https:\/\/koningdrone.be\/product\/zenmuse-h30-worry-free-plus-combo\/#primaryimage","url":"https:\/\/koningdrone.be\/wp-content\/uploads\/sites\/13\/2025\/04\/eea38b659e6dfae6964357c7de4ced9f@ultra.jpg","contentUrl":"https:\/\/koningdrone.be\/wp-content\/uploads\/sites\/13\/2025\/04\/eea38b659e6dfae6964357c7de4ced9f@ultra.jpg","width":1280,"height":1280},{"@type":"BreadcrumbList","@id":"https:\/\/koningdrone.be\/product\/zenmuse-h30-worry-free-plus-combo\/#breadcrumb","itemListElement":[{"@type":"ListItem","position":1,"name":"Home","item":"https:\/\/koningdrone.be\/"},{"@type":"ListItem","position":2,"name":"AVSS Parachute Recovery System for DJI Matrice 300\/350","item":"https:\/\/koningdrone.be\/product\/avss-parachute-recovery-system-for-dji-matrice-300-350\/"},{"@type":"ListItem","position":3,"name":"Alle industriele camera","item":"https:\/\/koningdrone.be\/categorie\/alle-industriele-camera\/"},{"@type":"ListItem","position":4,"name":"Zenmuse H30 Worry-Free Plus Combo"}]},{"@type":"WebSite","@id":"https:\/\/koningdrone.be\/#website","url":"https:\/\/koningdrone.be\/","name":"Koningdrone.be - Votre sp\u00e9cialiste en ligne en mati\u00e8re de drones, de cardans, de cam\u00e9ras et de centrales \u00e9lectriques.","description":"La boutique en ligne de drones et de cardans","publisher":{"@id":"https:\/\/koningdrone.be\/#organization"},"potentialAction":[{"@type":"SearchAction","target":{"@type":"EntryPoint","urlTemplate":"https:\/\/koningdrone.be\/?s={search_term_string}"},"query-input":{"@type":"PropertyValueSpecification","valueRequired":true,"valueName":"search_term_string"}}],"inLanguage":"fr-BE"},{"@type":"Organization","@id":"https:\/\/koningdrone.be\/#organization","name":"Kingdrone.co.uk","url":"https:\/\/koningdrone.be\/","logo":{"@type":"ImageObject","inLanguage":"fr-BE","@id":"https:\/\/koningdrone.be\/#\/schema\/logo\/image\/","url":"https:\/\/koningdrone.be\/wp-content\/uploads\/sites\/13\/2025\/04\/koningdrone-copyright-logo.svg","contentUrl":"https:\/\/koningdrone.be\/wp-content\/uploads\/sites\/13\/2025\/04\/koningdrone-copyright-logo.svg","width":227,"height":38,"caption":"Koningdrone.be"},"image":{"@id":"https:\/\/koningdrone.be\/#\/schema\/logo\/image\/"}}]}},"df_price":"","df_sale_price":"","df_regular_price":"","df_image_link":"https:\/\/koningdrone.be\/wp-content\/uploads\/sites\/13\/2025\/04\/eea38b659e6dfae6964357c7de4ced9f@ultra-300x300.jpg","_links":{"self":[{"href":"https:\/\/koningdrone.be\/fr\/wp-json\/wp\/v2\/product\/2045","targetHints":{"allow":["GET"]}}],"collection":[{"href":"https:\/\/koningdrone.be\/fr\/wp-json\/wp\/v2\/product"}],"about":[{"href":"https:\/\/koningdrone.be\/fr\/wp-json\/wp\/v2\/types\/product"}],"wp:featuredmedia":[{"embeddable":true,"href":"https:\/\/koningdrone.be\/fr\/wp-json\/wp\/v2\/media\/2043"}],"wp:attachment":[{"href":"https:\/\/koningdrone.be\/fr\/wp-json\/wp\/v2\/media?parent=2045"}],"wp:term":[{"taxonomy":"product_brand","embeddable":true,"href":"https:\/\/koningdrone.be\/fr\/wp-json\/wp\/v2\/product_brand?post=2045"},{"taxonomy":"product_cat","embeddable":true,"href":"https:\/\/koningdrone.be\/fr\/wp-json\/wp\/v2\/product_cat?post=2045"},{"taxonomy":"product_tag","embeddable":true,"href":"https:\/\/koningdrone.be\/fr\/wp-json\/wp\/v2\/product_tag?post=2045"}],"curies":[{"name":"wp","href":"https:\/\/api.w.org\/{rel}","templated":true}]}}