{"id":2042,"date":"2024-10-16T08:00:34","date_gmt":"2024-10-16T06:00:34","guid":{"rendered":"https:\/\/koningdrone.nl\/kon\/product\/zenmuse-h30-worry-free-basic-combo\/"},"modified":"2026-04-29T13:10:15","modified_gmt":"2026-04-29T11:10:15","slug":"zenmuse-h30-worry-free-basic-combo","status":"publish","type":"product","link":"https:\/\/koningdrone.be\/fr\/produit\/zenmuse-h30-worry-free-basic-combo\/","title":{"rendered":"Zenmuse H30 Worry-Free Basic Combo"},"content":{"rendered":"<p><strong>Appareil photo \u00e0 zoom de 40 Mpixels et grossissement plus important :<\/strong><\/p>\n<p>Il offre un zoom optique de 34\u00d7 et un zoom num\u00e9rique de 400\u00d7 pour des prises de vue d\u00e9taill\u00e9es \u00e0 distance. Un t\u00e9l\u00e9m\u00e8tre laser mesure jusqu'\u00e0 3 000 m\u00e8tres, soit 2,5 fois plus que les mod\u00e8les pr\u00e9c\u00e9dents.<\/p>\n<p><strong>Am\u00e9lioration de la photographie de nuit :<\/strong><\/p>\n<p>Les deux cam\u00e9ras disposent d'un mode nuit, avec \u00e9clairage IR et NIR pour de meilleures prises de vue en basse lumi\u00e8re.<\/p>\n<p><strong>Imagerie \u00e0 haute r\u00e9solution :<\/strong><\/p>\n<p>La r\u00e9solution de 1280\u00d71024 offre une luminosit\u00e9 quadruple. La fonction d'imagerie infrarouge UHR pr\u00e9serve la clart\u00e9 en cas de zoom \u00e9lev\u00e9. Temp\u00e9rature mesurable jusqu'\u00e0 1600\u00b0 C.<\/p>\n<p><strong>Enregistrement avanc\u00e9 et s\u00e9curit\u00e9 :<\/strong><\/p>\n<p>Dur\u00e9e maximale de pr\u00e9-enregistrement de 30 secondes, cryptage des m\u00e9dias et permutation des journaux en un seul clic. Visualisez les s\u00e9quences en direct via DJI FlightHub 2.<\/p>\n<p><strong>Capture intelligente et r\u00e9duction \u00e9lectronique du brouillard :<\/strong><\/p>\n<p>La fonction Smart Capture permet d'obtenir des photos nettes dans des conditions d'\u00e9clairage difficiles. Le d\u00e9bruitage \u00e9lectronique am\u00e9liore la clart\u00e9 dans les conditions brumeuses.<\/p>\n<p><strong>Durabilit\u00e9 et r\u00e9sistance aux intemp\u00e9ries :<\/strong><\/p>\n<p>R\u00e9sistance \u00e0 la poussi\u00e8re et \u00e0 l'eau IP54, op\u00e9rationnel de -20\u00b0 \u00e0 50\u00b0 C, id\u00e9al pour toutes les conditions m\u00e9t\u00e9orologiques.<\/p>","protected":false},"excerpt":{"rendered":"<ul>\n<li>Appareil photo \u00e0 zoom de 40 Mpixels avec un zoom optique de 34\u00d7 et un zoom num\u00e9rique de 400\u00d7.<\/li>\n<li>Mesure de la distance laser maximale de 3 000 m, soit 2,5 fois plus que le mod\u00e8le pr\u00e9c\u00e9dent.<\/li>\n<li>Am\u00e9lioration des performances en basse lumi\u00e8re gr\u00e2ce au mode nuit et \u00e0 la prise en charge de la lumi\u00e8re infrarouge.<\/li>\n<li>R\u00e9solution de 1280\u00d71024, soit une am\u00e9lioration de 4 fois par rapport aux versions pr\u00e9c\u00e9dentes.<\/li>\n<li>Fonction d'imagerie infrarouge UHR pour des images plus lumineuses avec un zoom \u00e9lev\u00e9.<\/li>\n<li>Temp\u00e9rature de mesure maximale de 1600\u00b0 C, trois fois plus \u00e9lev\u00e9e qu'auparavant.<\/li>\n<li>Pr\u00e9-enregistrement maximal de 30 secondes et transmission crypt\u00e9e des donn\u00e9es.<\/li>\n<li>Prise en charge de la fonction Smart Capture pour des photos d\u00e9taill\u00e9es dans des conditions d'\u00e9clairage difficiles.<\/li>\n<li>Le d\u00e9sembuage \u00e9lectronique am\u00e9liore la clart\u00e9 de l'image par mauvais temps.<\/li>\n<li>IP54 r\u00e9sistant \u00e0 la poussi\u00e8re et \u00e0 l'eau, op\u00e9rationnel de -20\u00b0 \u00e0 50\u00b0 C.<\/li>\n<\/ul>","protected":false},"featured_media":2040,"template":"","meta":{"_acf_changed":false},"product_brand":[],"product_cat":[298,97,153],"product_tag":[],"class_list":{"0":"post-2042","1":"product","2":"type-product","3":"status-publish","4":"has-post-thumbnail","6":"product_cat-alle-industriele-camera","7":"product_cat-alle-producten","8":"product_cat-dji-matrice-350","9":"product_shipping_class-outofstock","10":"pa_brand-dji","11":"pa_producttype-gimbal","13":"first","14":"outofstock","15":"taxable","16":"shipping-taxable","17":"product-type-simple"},"acf":[],"yoast_head":"<!-- This site is optimized with the Yoast SEO Premium plugin v27.2 (Yoast SEO v27.2) - https:\/\/yoast.com\/product\/yoast-seo-premium-wordpress\/ -->\n<title>Zenmuse H30 Worry-Free Basic Combo - koningdrone.be<\/title>\n<meta name=\"robots\" content=\"index, follow, max-snippet:-1, max-image-preview:large, max-video-preview:-1\" \/>\n<link rel=\"canonical\" href=\"https:\/\/koningdrone.be\/fr\/produit\/zenmuse-h30-worry-free-basic-combo\/\" \/>\n<meta property=\"og:locale\" content=\"fr_FR\" \/>\n<meta property=\"og:type\" content=\"article\" \/>\n<meta property=\"og:title\" content=\"Zenmuse H30 Worry-Free Basic Combo\" \/>\n<meta property=\"og:description\" content=\"40MP zoomcamera met tot 34\u00d7 optische zoom en 400\u00d7 digitale zoom. Maximale laserafstandsmeting van 3000 m, 2,5 keer het vorige model. Verbeterde prestaties bij weinig licht met de nachtmodus en IR-lichtondersteuning. 1280\u00d71024 resolutie, een verbetering van 4x ten opzichte van vorige versies. UHR-infraroodbeeldfunctie voor helderdere beelden met hoge zoom. Maximale meettemperatuur van 1600\u00b0 C, drie keer hoger dan voorheen. Maximale vooropname van 30 seconden en gecodeerde mediatransmissie. Ondersteunt Smart Capture voor gedetailleerde foto&#039;s bij uitdagende verlichting. Elektronische ontwaseming verbetert de helderheid van het beeld bij slecht weer. IP54 stof- en waterbestendig, operationeel van -20\u00b0 tot 50\u00b0 C.\" \/>\n<meta property=\"og:url\" content=\"https:\/\/koningdrone.be\/fr\/produit\/zenmuse-h30-worry-free-basic-combo\/\" \/>\n<meta property=\"og:site_name\" content=\"koningdrone.be\" \/>\n<meta property=\"article:modified_time\" content=\"2026-04-29T11:10:15+00:00\" \/>\n<meta property=\"og:image\" content=\"https:\/\/koningdrone.be\/wp-content\/uploads\/sites\/13\/2025\/04\/be75f1ba17d5697dcc3201e72b4857ea@ultra.jpg\" \/>\n\t<meta property=\"og:image:width\" content=\"1280\" \/>\n\t<meta property=\"og:image:height\" content=\"1280\" \/>\n\t<meta property=\"og:image:type\" content=\"image\/jpeg\" \/>\n<meta name=\"twitter:card\" content=\"summary_large_image\" \/>\n<meta name=\"twitter:label1\" content=\"Dur\u00e9e de lecture est.\" \/>\n\t<meta name=\"twitter:data1\" content=\"1 minute\" \/>\n<script type=\"application\/ld+json\" class=\"yoast-schema-graph\">{\"@context\":\"https:\/\/schema.org\",\"@graph\":[{\"@type\":\"WebPage\",\"@id\":\"https:\/\/koningdrone.be\/product\/zenmuse-h30-worry-free-basic-combo\/\",\"url\":\"https:\/\/koningdrone.be\/product\/zenmuse-h30-worry-free-basic-combo\/\",\"name\":\"Zenmuse H30 Worry-Free Basic Combo - koningdrone.be\",\"isPartOf\":{\"@id\":\"https:\/\/koningdrone.be\/#website\"},\"primaryImageOfPage\":{\"@id\":\"https:\/\/koningdrone.be\/product\/zenmuse-h30-worry-free-basic-combo\/#primaryimage\"},\"image\":{\"@id\":\"https:\/\/koningdrone.be\/product\/zenmuse-h30-worry-free-basic-combo\/#primaryimage\"},\"thumbnailUrl\":\"https:\/\/koningdrone.be\/wp-content\/uploads\/sites\/13\/2025\/04\/be75f1ba17d5697dcc3201e72b4857ea@ultra.jpg\",\"datePublished\":\"2024-10-16T06:00:34+00:00\",\"dateModified\":\"2026-04-29T11:10:15+00:00\",\"breadcrumb\":{\"@id\":\"https:\/\/koningdrone.be\/product\/zenmuse-h30-worry-free-basic-combo\/#breadcrumb\"},\"inLanguage\":\"fr-BE\",\"potentialAction\":[{\"@type\":\"ReadAction\",\"target\":[\"https:\/\/koningdrone.be\/product\/zenmuse-h30-worry-free-basic-combo\/\"]}]},{\"@type\":\"ImageObject\",\"inLanguage\":\"fr-BE\",\"@id\":\"https:\/\/koningdrone.be\/product\/zenmuse-h30-worry-free-basic-combo\/#primaryimage\",\"url\":\"https:\/\/koningdrone.be\/wp-content\/uploads\/sites\/13\/2025\/04\/be75f1ba17d5697dcc3201e72b4857ea@ultra.jpg\",\"contentUrl\":\"https:\/\/koningdrone.be\/wp-content\/uploads\/sites\/13\/2025\/04\/be75f1ba17d5697dcc3201e72b4857ea@ultra.jpg\",\"width\":1280,\"height\":1280},{\"@type\":\"BreadcrumbList\",\"@id\":\"https:\/\/koningdrone.be\/product\/zenmuse-h30-worry-free-basic-combo\/#breadcrumb\",\"itemListElement\":[{\"@type\":\"ListItem\",\"position\":1,\"name\":\"Home\",\"item\":\"https:\/\/koningdrone.be\/\"},{\"@type\":\"ListItem\",\"position\":2,\"name\":\"AVSS Parachute Recovery System for DJI Matrice 300\/350\",\"item\":\"https:\/\/koningdrone.be\/product\/avss-parachute-recovery-system-for-dji-matrice-300-350\/\"},{\"@type\":\"ListItem\",\"position\":3,\"name\":\"Alle industriele camera\",\"item\":\"https:\/\/koningdrone.be\/categorie\/alle-industriele-camera\/\"},{\"@type\":\"ListItem\",\"position\":4,\"name\":\"Zenmuse H30 Worry-Free Basic Combo\"}]},{\"@type\":\"WebSite\",\"@id\":\"https:\/\/koningdrone.be\/#website\",\"url\":\"https:\/\/koningdrone.be\/\",\"name\":\"Koningdrone.be - Uw online specialist in drones, gimbals, camera's en power stations.\",\"description\":\"De webshop in drones en gimbals\",\"publisher\":{\"@id\":\"https:\/\/koningdrone.be\/#organization\"},\"potentialAction\":[{\"@type\":\"SearchAction\",\"target\":{\"@type\":\"EntryPoint\",\"urlTemplate\":\"https:\/\/koningdrone.be\/?s={search_term_string}\"},\"query-input\":{\"@type\":\"PropertyValueSpecification\",\"valueRequired\":true,\"valueName\":\"search_term_string\"}}],\"inLanguage\":\"fr-BE\"},{\"@type\":\"Organization\",\"@id\":\"https:\/\/koningdrone.be\/#organization\",\"name\":\"Koningdrone.be\",\"url\":\"https:\/\/koningdrone.be\/\",\"logo\":{\"@type\":\"ImageObject\",\"inLanguage\":\"fr-BE\",\"@id\":\"https:\/\/koningdrone.be\/#\/schema\/logo\/image\/\",\"url\":\"https:\/\/koningdrone.be\/wp-content\/uploads\/sites\/13\/2025\/04\/koningdrone-copyright-logo.svg\",\"contentUrl\":\"https:\/\/koningdrone.be\/wp-content\/uploads\/sites\/13\/2025\/04\/koningdrone-copyright-logo.svg\",\"width\":227,\"height\":38,\"caption\":\"Koningdrone.be\"},\"image\":{\"@id\":\"https:\/\/koningdrone.be\/#\/schema\/logo\/image\/\"}}]}<\/script>\n<!-- \/ Yoast SEO Premium plugin. -->","yoast_head_json":{"title":"Zenmuse H30 Worry-Free Basic Combo - koningdrone.be","robots":{"index":"index","follow":"follow","max-snippet":"max-snippet:-1","max-image-preview":"max-image-preview:large","max-video-preview":"max-video-preview:-1"},"canonical":"https:\/\/koningdrone.be\/fr\/produit\/zenmuse-h30-worry-free-basic-combo\/","og_locale":"fr_FR","og_type":"article","og_title":"Zenmuse H30 Worry-Free Basic Combo","og_description":"40MP zoomcamera met tot 34\u00d7 optische zoom en 400\u00d7 digitale zoom. Maximale laserafstandsmeting van 3000 m, 2,5 keer het vorige model. Verbeterde prestaties bij weinig licht met de nachtmodus en IR-lichtondersteuning. 1280\u00d71024 resolutie, een verbetering van 4x ten opzichte van vorige versies. UHR-infraroodbeeldfunctie voor helderdere beelden met hoge zoom. Maximale meettemperatuur van 1600\u00b0 C, drie keer hoger dan voorheen. Maximale vooropname van 30 seconden en gecodeerde mediatransmissie. Ondersteunt Smart Capture voor gedetailleerde foto's bij uitdagende verlichting. Elektronische ontwaseming verbetert de helderheid van het beeld bij slecht weer. IP54 stof- en waterbestendig, operationeel van -20\u00b0 tot 50\u00b0 C.","og_url":"https:\/\/koningdrone.be\/fr\/produit\/zenmuse-h30-worry-free-basic-combo\/","og_site_name":"koningdrone.be","article_modified_time":"2026-04-29T11:10:15+00:00","og_image":[{"width":1280,"height":1280,"url":"https:\/\/koningdrone.be\/wp-content\/uploads\/sites\/13\/2025\/04\/be75f1ba17d5697dcc3201e72b4857ea@ultra.jpg","type":"image\/jpeg"}],"twitter_card":"summary_large_image","twitter_misc":{"Dur\u00e9e de lecture est.":"1 minute"},"schema":{"@context":"https:\/\/schema.org","@graph":[{"@type":"WebPage","@id":"https:\/\/koningdrone.be\/product\/zenmuse-h30-worry-free-basic-combo\/","url":"https:\/\/koningdrone.be\/product\/zenmuse-h30-worry-free-basic-combo\/","name":"Zenmuse H30 Worry-Free Basic Combo - koningdrone.be","isPartOf":{"@id":"https:\/\/koningdrone.be\/#website"},"primaryImageOfPage":{"@id":"https:\/\/koningdrone.be\/product\/zenmuse-h30-worry-free-basic-combo\/#primaryimage"},"image":{"@id":"https:\/\/koningdrone.be\/product\/zenmuse-h30-worry-free-basic-combo\/#primaryimage"},"thumbnailUrl":"https:\/\/koningdrone.be\/wp-content\/uploads\/sites\/13\/2025\/04\/be75f1ba17d5697dcc3201e72b4857ea@ultra.jpg","datePublished":"2024-10-16T06:00:34+00:00","dateModified":"2026-04-29T11:10:15+00:00","breadcrumb":{"@id":"https:\/\/koningdrone.be\/product\/zenmuse-h30-worry-free-basic-combo\/#breadcrumb"},"inLanguage":"fr-BE","potentialAction":[{"@type":"ReadAction","target":["https:\/\/koningdrone.be\/product\/zenmuse-h30-worry-free-basic-combo\/"]}]},{"@type":"ImageObject","inLanguage":"fr-BE","@id":"https:\/\/koningdrone.be\/product\/zenmuse-h30-worry-free-basic-combo\/#primaryimage","url":"https:\/\/koningdrone.be\/wp-content\/uploads\/sites\/13\/2025\/04\/be75f1ba17d5697dcc3201e72b4857ea@ultra.jpg","contentUrl":"https:\/\/koningdrone.be\/wp-content\/uploads\/sites\/13\/2025\/04\/be75f1ba17d5697dcc3201e72b4857ea@ultra.jpg","width":1280,"height":1280},{"@type":"BreadcrumbList","@id":"https:\/\/koningdrone.be\/product\/zenmuse-h30-worry-free-basic-combo\/#breadcrumb","itemListElement":[{"@type":"ListItem","position":1,"name":"Home","item":"https:\/\/koningdrone.be\/"},{"@type":"ListItem","position":2,"name":"AVSS Parachute Recovery System for DJI Matrice 300\/350","item":"https:\/\/koningdrone.be\/product\/avss-parachute-recovery-system-for-dji-matrice-300-350\/"},{"@type":"ListItem","position":3,"name":"Alle industriele camera","item":"https:\/\/koningdrone.be\/categorie\/alle-industriele-camera\/"},{"@type":"ListItem","position":4,"name":"Zenmuse H30 Worry-Free Basic Combo"}]},{"@type":"WebSite","@id":"https:\/\/koningdrone.be\/#website","url":"https:\/\/koningdrone.be\/","name":"Koningdrone.be - Votre sp\u00e9cialiste en ligne en mati\u00e8re de drones, de cardans, de cam\u00e9ras et de centrales \u00e9lectriques.","description":"La boutique en ligne de drones et de cardans","publisher":{"@id":"https:\/\/koningdrone.be\/#organization"},"potentialAction":[{"@type":"SearchAction","target":{"@type":"EntryPoint","urlTemplate":"https:\/\/koningdrone.be\/?s={search_term_string}"},"query-input":{"@type":"PropertyValueSpecification","valueRequired":true,"valueName":"search_term_string"}}],"inLanguage":"fr-BE"},{"@type":"Organization","@id":"https:\/\/koningdrone.be\/#organization","name":"Kingdrone.co.uk","url":"https:\/\/koningdrone.be\/","logo":{"@type":"ImageObject","inLanguage":"fr-BE","@id":"https:\/\/koningdrone.be\/#\/schema\/logo\/image\/","url":"https:\/\/koningdrone.be\/wp-content\/uploads\/sites\/13\/2025\/04\/koningdrone-copyright-logo.svg","contentUrl":"https:\/\/koningdrone.be\/wp-content\/uploads\/sites\/13\/2025\/04\/koningdrone-copyright-logo.svg","width":227,"height":38,"caption":"Koningdrone.be"},"image":{"@id":"https:\/\/koningdrone.be\/#\/schema\/logo\/image\/"}}]}},"df_price":"","df_sale_price":"","df_regular_price":"","df_image_link":"https:\/\/koningdrone.be\/wp-content\/uploads\/sites\/13\/2025\/04\/be75f1ba17d5697dcc3201e72b4857ea@ultra-300x300.jpg","_links":{"self":[{"href":"https:\/\/koningdrone.be\/fr\/wp-json\/wp\/v2\/product\/2042","targetHints":{"allow":["GET"]}}],"collection":[{"href":"https:\/\/koningdrone.be\/fr\/wp-json\/wp\/v2\/product"}],"about":[{"href":"https:\/\/koningdrone.be\/fr\/wp-json\/wp\/v2\/types\/product"}],"wp:featuredmedia":[{"embeddable":true,"href":"https:\/\/koningdrone.be\/fr\/wp-json\/wp\/v2\/media\/2040"}],"wp:attachment":[{"href":"https:\/\/koningdrone.be\/fr\/wp-json\/wp\/v2\/media?parent=2042"}],"wp:term":[{"taxonomy":"product_brand","embeddable":true,"href":"https:\/\/koningdrone.be\/fr\/wp-json\/wp\/v2\/product_brand?post=2042"},{"taxonomy":"product_cat","embeddable":true,"href":"https:\/\/koningdrone.be\/fr\/wp-json\/wp\/v2\/product_cat?post=2042"},{"taxonomy":"product_tag","embeddable":true,"href":"https:\/\/koningdrone.be\/fr\/wp-json\/wp\/v2\/product_tag?post=2042"}],"curies":[{"name":"wp","href":"https:\/\/api.w.org\/{rel}","templated":true}]}}