{"id":19253,"date":"2026-04-28T08:10:29","date_gmt":"2026-04-28T06:10:29","guid":{"rendered":"https:\/\/koningdrone.be\/product\/dgs2-mini\/"},"modified":"2026-05-13T12:37:40","modified_gmt":"2026-05-13T10:37:40","slug":"dgs2-mini","status":"publish","type":"product","link":"https:\/\/koningdrone.be\/fr\/produit\/dgs2-mini\/","title":{"rendered":"DGS2 Mini"},"content":{"rendered":"<p data-path-to-node=\"0\">Le DGS2 Mini est un syst\u00e8me de d\u00e9tection de drones compact, certifi\u00e9 IP67, bas\u00e9 sur la technologie TDOA, con\u00e7u pour \u00eatre mis en \u0153uvre \u00e0 l'\u00e9chelle urbaine et \u00e0 proximit\u00e9 d'infrastructures critiques. Il fonctionne de mani\u00e8re totalement silencieuse - il \u00e9coute passivement les \u00e9missions RF des drones entre 100MHz et 6GHz sans \u00e9mettre de signaux lui-m\u00eame.<\/p>\n<p data-path-to-node=\"2\">Avec une port\u00e9e de d\u00e9tection de 500 m \u00e0 2 km et un taux de r\u00e9ussite de plus de 99%, il excelle \u00e0 combler les lacunes des r\u00e9seaux de d\u00e9tection pour les villes intelligentes, la surveillance au niveau de la rue et la s\u00e9curit\u00e9 p\u00e9rim\u00e9trique.<\/p>\n<p data-path-to-node=\"4\">Gr\u00e2ce \u00e0 son format ultra-compact (185\u00d7185\u00d7350 mm) et \u00e0 son poids l\u00e9ger (\u22645 kg), il peut \u00eatre mont\u00e9 de mani\u00e8re flexible sur des poteaux, des toits ou du mobilier urbain.Le DGS2 Mini est \u00e9galement enti\u00e8rement connectable en r\u00e9seau - plusieurs unit\u00e9s peuvent \u00eatre combin\u00e9es dans une grille TDOA pour la couverture de vastes zones, ce qui en fait un \u00e9l\u00e9ment de base id\u00e9al pour les syst\u00e8mes modernes de surveillance de l'espace a\u00e9rien.<\/p>","protected":false},"excerpt":{"rendered":"<p>D\u00e9tection compacte de drones bas\u00e9e sur la TDOA pour un d\u00e9ploiement \u00e0 l'\u00e9chelle de la ville. D\u00e9tecte plus de 300 mod\u00e8les, d\u00e9codage RID, suivi des pilotes, certifi\u00e9 IP67.<\/p>\n<ul class=\"spec-list\">\n<li>Positionnement du r\u00e9seau TDOA et d\u00e9codage RID<\/li>\n<li>Port\u00e9e : 500m-2km | \u226599% taux de r\u00e9ussite<\/li>\n<li>IP67 | -30\u00b0C \u00e0 +65\u00b0C | \u22645kg<\/li>\n<\/ul>","protected":false},"featured_media":19252,"template":"","meta":{"_acf_changed":false},"product_brand":[],"product_cat":[1281],"product_tag":[2022],"class_list":{"0":"post-19253","1":"product","2":"type-product","3":"status-publish","4":"has-post-thumbnail","6":"product_cat-anti-drone-devices","7":"product_tag-anti-drone","9":"first","10":"instock","11":"taxable","12":"shipping-taxable","13":"product-type-simple"},"acf":[],"yoast_head":"<!-- This site is optimized with the Yoast SEO Premium plugin v27.2 (Yoast SEO v27.2) - https:\/\/yoast.com\/product\/yoast-seo-premium-wordpress\/ -->\n<title>DGS2 Mini - koningdrone.be<\/title>\n<meta name=\"robots\" content=\"index, follow, max-snippet:-1, max-image-preview:large, max-video-preview:-1\" \/>\n<link rel=\"canonical\" href=\"https:\/\/koningdrone.be\/fr\/produit\/dgs2-mini\/\" \/>\n<meta property=\"og:locale\" content=\"fr_FR\" \/>\n<meta property=\"og:type\" content=\"article\" \/>\n<meta property=\"og:title\" content=\"DGS2 Mini\" \/>\n<meta property=\"og:description\" content=\"Compacte TDOA-gebaseerde drone-detectie voor implementatie op stadsschaal. Detecteert 300+ modellen, RID-decodering, piloot-tracking, IP67-gecertificeerd.   TDOA-netwerkpositionering &amp; RID-decodering  Bereik: 500m\u20132km | \u226599% succespercentage  IP67 | -30\u00b0C tot +65\u00b0C | \u22645kg\" \/>\n<meta property=\"og:url\" content=\"https:\/\/koningdrone.be\/fr\/produit\/dgs2-mini\/\" \/>\n<meta property=\"og:site_name\" content=\"koningdrone.be\" \/>\n<meta property=\"article:modified_time\" content=\"2026-05-13T10:37:40+00:00\" \/>\n<meta property=\"og:image\" content=\"https:\/\/koningdrone.be\/wp-content\/uploads\/sites\/13\/2026\/04\/DGS2-mini-Neutral-Edition-3.png\" \/>\n\t<meta property=\"og:image:width\" content=\"1440\" \/>\n\t<meta property=\"og:image:height\" content=\"2384\" \/>\n\t<meta property=\"og:image:type\" content=\"image\/png\" \/>\n<meta name=\"twitter:card\" content=\"summary_large_image\" \/>\n<meta name=\"twitter:label1\" content=\"Dur\u00e9e de lecture est.\" \/>\n\t<meta name=\"twitter:data1\" content=\"1 minute\" \/>\n<script type=\"application\/ld+json\" class=\"yoast-schema-graph\">{\"@context\":\"https:\/\/schema.org\",\"@graph\":[{\"@type\":\"WebPage\",\"@id\":\"https:\/\/koningdrone.be\/product\/dgs2-mini\/\",\"url\":\"https:\/\/koningdrone.be\/product\/dgs2-mini\/\",\"name\":\"DGS2 Mini - koningdrone.be\",\"isPartOf\":{\"@id\":\"https:\/\/koningdrone.be\/#website\"},\"primaryImageOfPage\":{\"@id\":\"https:\/\/koningdrone.be\/product\/dgs2-mini\/#primaryimage\"},\"image\":{\"@id\":\"https:\/\/koningdrone.be\/product\/dgs2-mini\/#primaryimage\"},\"thumbnailUrl\":\"https:\/\/koningdrone.be\/wp-content\/uploads\/sites\/13\/2026\/04\/DGS2-mini-Neutral-Edition-3.png\",\"datePublished\":\"2026-04-28T06:10:29+00:00\",\"dateModified\":\"2026-05-13T10:37:40+00:00\",\"breadcrumb\":{\"@id\":\"https:\/\/koningdrone.be\/product\/dgs2-mini\/#breadcrumb\"},\"inLanguage\":\"fr-BE\",\"potentialAction\":[{\"@type\":\"ReadAction\",\"target\":[\"https:\/\/koningdrone.be\/product\/dgs2-mini\/\"]}]},{\"@type\":\"ImageObject\",\"inLanguage\":\"fr-BE\",\"@id\":\"https:\/\/koningdrone.be\/product\/dgs2-mini\/#primaryimage\",\"url\":\"https:\/\/koningdrone.be\/wp-content\/uploads\/sites\/13\/2026\/04\/DGS2-mini-Neutral-Edition-3.png\",\"contentUrl\":\"https:\/\/koningdrone.be\/wp-content\/uploads\/sites\/13\/2026\/04\/DGS2-mini-Neutral-Edition-3.png\",\"width\":1440,\"height\":2384},{\"@type\":\"BreadcrumbList\",\"@id\":\"https:\/\/koningdrone.be\/product\/dgs2-mini\/#breadcrumb\",\"itemListElement\":[{\"@type\":\"ListItem\",\"position\":1,\"name\":\"Home\",\"item\":\"https:\/\/koningdrone.be\/\"},{\"@type\":\"ListItem\",\"position\":2,\"name\":\"AVSS Parachute Recovery System for DJI Matrice 300\/350\",\"item\":\"https:\/\/koningdrone.be\/product\/avss-parachute-recovery-system-for-dji-matrice-300-350\/\"},{\"@type\":\"ListItem\",\"position\":3,\"name\":\"Anti-drone devices\",\"item\":\"https:\/\/koningdrone.be\/categorie\/anti-drone-devices\/\"},{\"@type\":\"ListItem\",\"position\":4,\"name\":\"DGS2 Mini\"}]},{\"@type\":\"WebSite\",\"@id\":\"https:\/\/koningdrone.be\/#website\",\"url\":\"https:\/\/koningdrone.be\/\",\"name\":\"Koningdrone.be - Uw online specialist in drones, gimbals, camera's en power stations.\",\"description\":\"De webshop in drones en gimbals\",\"publisher\":{\"@id\":\"https:\/\/koningdrone.be\/#organization\"},\"potentialAction\":[{\"@type\":\"SearchAction\",\"target\":{\"@type\":\"EntryPoint\",\"urlTemplate\":\"https:\/\/koningdrone.be\/?s={search_term_string}\"},\"query-input\":{\"@type\":\"PropertyValueSpecification\",\"valueRequired\":true,\"valueName\":\"search_term_string\"}}],\"inLanguage\":\"fr-BE\"},{\"@type\":\"Organization\",\"@id\":\"https:\/\/koningdrone.be\/#organization\",\"name\":\"Koningdrone.be\",\"url\":\"https:\/\/koningdrone.be\/\",\"logo\":{\"@type\":\"ImageObject\",\"inLanguage\":\"fr-BE\",\"@id\":\"https:\/\/koningdrone.be\/#\/schema\/logo\/image\/\",\"url\":\"https:\/\/koningdrone.be\/wp-content\/uploads\/sites\/13\/2025\/04\/koningdrone-copyright-logo.svg\",\"contentUrl\":\"https:\/\/koningdrone.be\/wp-content\/uploads\/sites\/13\/2025\/04\/koningdrone-copyright-logo.svg\",\"width\":227,\"height\":38,\"caption\":\"Koningdrone.be\"},\"image\":{\"@id\":\"https:\/\/koningdrone.be\/#\/schema\/logo\/image\/\"}}]}<\/script>\n<!-- \/ Yoast SEO Premium plugin. -->","yoast_head_json":{"title":"DGS2 Mini - koningdrone.be","robots":{"index":"index","follow":"follow","max-snippet":"max-snippet:-1","max-image-preview":"max-image-preview:large","max-video-preview":"max-video-preview:-1"},"canonical":"https:\/\/koningdrone.be\/fr\/produit\/dgs2-mini\/","og_locale":"fr_FR","og_type":"article","og_title":"DGS2 Mini","og_description":"Compacte TDOA-gebaseerde drone-detectie voor implementatie op stadsschaal. Detecteert 300+ modellen, RID-decodering, piloot-tracking, IP67-gecertificeerd.   TDOA-netwerkpositionering &amp; RID-decodering  Bereik: 500m\u20132km | \u226599% succespercentage  IP67 | -30\u00b0C tot +65\u00b0C | \u22645kg","og_url":"https:\/\/koningdrone.be\/fr\/produit\/dgs2-mini\/","og_site_name":"koningdrone.be","article_modified_time":"2026-05-13T10:37:40+00:00","og_image":[{"width":1440,"height":2384,"url":"https:\/\/koningdrone.be\/wp-content\/uploads\/sites\/13\/2026\/04\/DGS2-mini-Neutral-Edition-3.png","type":"image\/png"}],"twitter_card":"summary_large_image","twitter_misc":{"Dur\u00e9e de lecture est.":"1 minute"},"schema":{"@context":"https:\/\/schema.org","@graph":[{"@type":"WebPage","@id":"https:\/\/koningdrone.be\/product\/dgs2-mini\/","url":"https:\/\/koningdrone.be\/product\/dgs2-mini\/","name":"DGS2 Mini - koningdrone.be","isPartOf":{"@id":"https:\/\/koningdrone.be\/#website"},"primaryImageOfPage":{"@id":"https:\/\/koningdrone.be\/product\/dgs2-mini\/#primaryimage"},"image":{"@id":"https:\/\/koningdrone.be\/product\/dgs2-mini\/#primaryimage"},"thumbnailUrl":"https:\/\/koningdrone.be\/wp-content\/uploads\/sites\/13\/2026\/04\/DGS2-mini-Neutral-Edition-3.png","datePublished":"2026-04-28T06:10:29+00:00","dateModified":"2026-05-13T10:37:40+00:00","breadcrumb":{"@id":"https:\/\/koningdrone.be\/product\/dgs2-mini\/#breadcrumb"},"inLanguage":"fr-BE","potentialAction":[{"@type":"ReadAction","target":["https:\/\/koningdrone.be\/product\/dgs2-mini\/"]}]},{"@type":"ImageObject","inLanguage":"fr-BE","@id":"https:\/\/koningdrone.be\/product\/dgs2-mini\/#primaryimage","url":"https:\/\/koningdrone.be\/wp-content\/uploads\/sites\/13\/2026\/04\/DGS2-mini-Neutral-Edition-3.png","contentUrl":"https:\/\/koningdrone.be\/wp-content\/uploads\/sites\/13\/2026\/04\/DGS2-mini-Neutral-Edition-3.png","width":1440,"height":2384},{"@type":"BreadcrumbList","@id":"https:\/\/koningdrone.be\/product\/dgs2-mini\/#breadcrumb","itemListElement":[{"@type":"ListItem","position":1,"name":"Home","item":"https:\/\/koningdrone.be\/"},{"@type":"ListItem","position":2,"name":"AVSS Parachute Recovery System for DJI Matrice 300\/350","item":"https:\/\/koningdrone.be\/product\/avss-parachute-recovery-system-for-dji-matrice-300-350\/"},{"@type":"ListItem","position":3,"name":"Anti-drone devices","item":"https:\/\/koningdrone.be\/categorie\/anti-drone-devices\/"},{"@type":"ListItem","position":4,"name":"DGS2 Mini"}]},{"@type":"WebSite","@id":"https:\/\/koningdrone.be\/#website","url":"https:\/\/koningdrone.be\/","name":"Koningdrone.be - Votre sp\u00e9cialiste en ligne en mati\u00e8re de drones, de cardans, de cam\u00e9ras et de centrales \u00e9lectriques.","description":"La boutique en ligne de drones et de cardans","publisher":{"@id":"https:\/\/koningdrone.be\/#organization"},"potentialAction":[{"@type":"SearchAction","target":{"@type":"EntryPoint","urlTemplate":"https:\/\/koningdrone.be\/?s={search_term_string}"},"query-input":{"@type":"PropertyValueSpecification","valueRequired":true,"valueName":"search_term_string"}}],"inLanguage":"fr-BE"},{"@type":"Organization","@id":"https:\/\/koningdrone.be\/#organization","name":"Kingdrone.co.uk","url":"https:\/\/koningdrone.be\/","logo":{"@type":"ImageObject","inLanguage":"fr-BE","@id":"https:\/\/koningdrone.be\/#\/schema\/logo\/image\/","url":"https:\/\/koningdrone.be\/wp-content\/uploads\/sites\/13\/2025\/04\/koningdrone-copyright-logo.svg","contentUrl":"https:\/\/koningdrone.be\/wp-content\/uploads\/sites\/13\/2025\/04\/koningdrone-copyright-logo.svg","width":227,"height":38,"caption":"Koningdrone.be"},"image":{"@id":"https:\/\/koningdrone.be\/#\/schema\/logo\/image\/"}}]}},"df_price":"","df_sale_price":"","df_regular_price":"","df_image_link":"https:\/\/koningdrone.be\/wp-content\/uploads\/sites\/13\/2026\/04\/DGS2-mini-Neutral-Edition-3-181x300.png","_links":{"self":[{"href":"https:\/\/koningdrone.be\/fr\/wp-json\/wp\/v2\/product\/19253","targetHints":{"allow":["GET"]}}],"collection":[{"href":"https:\/\/koningdrone.be\/fr\/wp-json\/wp\/v2\/product"}],"about":[{"href":"https:\/\/koningdrone.be\/fr\/wp-json\/wp\/v2\/types\/product"}],"wp:featuredmedia":[{"embeddable":true,"href":"https:\/\/koningdrone.be\/fr\/wp-json\/wp\/v2\/media\/19252"}],"wp:attachment":[{"href":"https:\/\/koningdrone.be\/fr\/wp-json\/wp\/v2\/media?parent=19253"}],"wp:term":[{"taxonomy":"product_brand","embeddable":true,"href":"https:\/\/koningdrone.be\/fr\/wp-json\/wp\/v2\/product_brand?post=19253"},{"taxonomy":"product_cat","embeddable":true,"href":"https:\/\/koningdrone.be\/fr\/wp-json\/wp\/v2\/product_cat?post=19253"},{"taxonomy":"product_tag","embeddable":true,"href":"https:\/\/koningdrone.be\/fr\/wp-json\/wp\/v2\/product_tag?post=19253"}],"curies":[{"name":"wp","href":"https:\/\/api.w.org\/{rel}","templated":true}]}}