{"id":19251,"date":"2026-04-28T13:06:33","date_gmt":"2026-04-28T11:06:33","guid":{"rendered":"https:\/\/koningdrone.be\/product\/dgs2d\/"},"modified":"2026-05-13T12:37:35","modified_gmt":"2026-05-13T10:37:35","slug":"dgs2d","status":"publish","type":"product","link":"https:\/\/koningdrone.be\/fr\/produit\/dgs2d\/","title":{"rendered":"DGS2D"},"content":{"rendered":"<div id=\"model-response-message-contentr_17772e62ca9a5b12\" class=\"markdown markdown-main-panel stronger enable-updated-hr-color\" dir=\"ltr\" aria-live=\"polite\">\n<p data-path-to-node=\"0\">Le DGS2D est un syst\u00e8me de d\u00e9tection de drones tr\u00e8s performant qui combine les technologies de diff\u00e9rence de temps d'arriv\u00e9e (TDOA) et d'angle d'arriv\u00e9e (AOA) pour une connaissance de la situation in\u00e9gal\u00e9e. Il offre une d\u00e9tection passive \u00e0 360\u00b0 avec une pr\u00e9cision azimutale en temps r\u00e9el d'environ 10\u00b0, ce qui permet aux op\u00e9rateurs de d\u00e9terminer instantan\u00e9ment la direction d'une menace.<\/p>\n<p data-path-to-node=\"1\">Le syst\u00e8me comprend un analyseur de spectre int\u00e9gr\u00e9 qui balaie de 100 MHz \u00e0 6 GHz et affiche des spectrogrammes et des chutes d'eau pour identifier les activit\u00e9s RF inhabituelles. Avec une port\u00e9e de d\u00e9tection allant jusqu'\u00e0 5 km et la capacit\u00e9 de suivre plus de 20 drones simultan\u00e9ment, le DGS2D est id\u00e9al pour la surveillance de grandes zones, la s\u00e9curit\u00e9 des fronti\u00e8res et la protection des infrastructures critiques.<\/p>\n<p data-path-to-node=\"2\">Le bo\u00eetier robuste IP65 r\u00e9siste aux temp\u00e9ratures extr\u00eames (-40\u00b0C \u00e0 +65\u00b0C) et aux conditions m\u00e9t\u00e9orologiques difficiles. En outre, le r\u00e9seau TDOA entre plusieurs appareils permet une g\u00e9olocalisation tr\u00e8s pr\u00e9cise dans de vastes r\u00e9seaux de capteurs interconnect\u00e9s.<\/p>\n<\/div>","protected":false},"excerpt":{"rendered":"<p>Combine TDOA et AOA pour une radiogoniom\u00e9trie et un positionnement pr\u00e9cis sur les r\u00e9seaux. D\u00e9tecte plus de 500 mod\u00e8les de drones, y compris l'analyse du spectre.<\/p>\n<ul class=\"spec-list\">\n<li>D\u00e9tection passive sur 360\u00b0, pr\u00e9cision de l'angle d'attaque ~10\u00b0.<\/li>\n<li>Port\u00e9e jusqu'\u00e0 5km | \u226520 drones \u00e0 suivre<\/li>\n<li>IP65 | -40\u00b0C \u00e0 +65\u00b0C<\/li>\n<\/ul>","protected":false},"featured_media":19250,"template":"","meta":{"_acf_changed":false},"product_brand":[],"product_cat":[1281],"product_tag":[2022],"class_list":{"0":"post-19251","1":"product","2":"type-product","3":"status-publish","4":"has-post-thumbnail","6":"product_cat-anti-drone-devices","7":"product_tag-anti-drone","9":"first","10":"instock","11":"taxable","12":"shipping-taxable","13":"product-type-simple"},"acf":[],"yoast_head":"<!-- This site is optimized with the Yoast SEO Premium plugin v27.2 (Yoast SEO v27.2) - https:\/\/yoast.com\/product\/yoast-seo-premium-wordpress\/ -->\n<title>DGS2D - koningdrone.be<\/title>\n<meta name=\"robots\" content=\"index, follow, max-snippet:-1, max-image-preview:large, max-video-preview:-1\" \/>\n<link rel=\"canonical\" href=\"https:\/\/koningdrone.be\/fr\/produit\/dgs2d\/\" \/>\n<meta property=\"og:locale\" content=\"fr_FR\" \/>\n<meta property=\"og:type\" content=\"article\" \/>\n<meta property=\"og:title\" content=\"DGS2D\" \/>\n<meta property=\"og:description\" content=\"Combineert TDOA en AOA voor nauwkeurige richtingbepaling en positionering via netwerken. Detecteert 500+ drone-modellen, inclusief spectrumanalyse.   360\u00b0 passieve detectie, AOA-nauwkeurigheid ~10\u00b0  Bereik tot 5km | \u226520 drones tracking  IP65 | -40\u00b0C tot +65\u00b0C\" \/>\n<meta property=\"og:url\" content=\"https:\/\/koningdrone.be\/fr\/produit\/dgs2d\/\" \/>\n<meta property=\"og:site_name\" content=\"koningdrone.be\" \/>\n<meta property=\"article:modified_time\" content=\"2026-05-13T10:37:35+00:00\" \/>\n<meta property=\"og:image\" content=\"https:\/\/koningdrone.be\/wp-content\/uploads\/sites\/13\/2026\/04\/DGS2D.png\" \/>\n\t<meta property=\"og:image:width\" content=\"1340\" \/>\n\t<meta property=\"og:image:height\" content=\"1250\" \/>\n\t<meta property=\"og:image:type\" content=\"image\/png\" \/>\n<meta name=\"twitter:card\" content=\"summary_large_image\" \/>\n<meta name=\"twitter:label1\" content=\"Dur\u00e9e de lecture est.\" \/>\n\t<meta name=\"twitter:data1\" content=\"1 minute\" \/>\n<script type=\"application\/ld+json\" class=\"yoast-schema-graph\">{\"@context\":\"https:\/\/schema.org\",\"@graph\":[{\"@type\":\"WebPage\",\"@id\":\"https:\/\/koningdrone.be\/product\/dgs2d\/\",\"url\":\"https:\/\/koningdrone.be\/product\/dgs2d\/\",\"name\":\"DGS2D - koningdrone.be\",\"isPartOf\":{\"@id\":\"https:\/\/koningdrone.be\/#website\"},\"primaryImageOfPage\":{\"@id\":\"https:\/\/koningdrone.be\/product\/dgs2d\/#primaryimage\"},\"image\":{\"@id\":\"https:\/\/koningdrone.be\/product\/dgs2d\/#primaryimage\"},\"thumbnailUrl\":\"https:\/\/koningdrone.be\/wp-content\/uploads\/sites\/13\/2026\/04\/DGS2D.png\",\"datePublished\":\"2026-04-28T11:06:33+00:00\",\"dateModified\":\"2026-05-13T10:37:35+00:00\",\"breadcrumb\":{\"@id\":\"https:\/\/koningdrone.be\/product\/dgs2d\/#breadcrumb\"},\"inLanguage\":\"fr-BE\",\"potentialAction\":[{\"@type\":\"ReadAction\",\"target\":[\"https:\/\/koningdrone.be\/product\/dgs2d\/\"]}]},{\"@type\":\"ImageObject\",\"inLanguage\":\"fr-BE\",\"@id\":\"https:\/\/koningdrone.be\/product\/dgs2d\/#primaryimage\",\"url\":\"https:\/\/koningdrone.be\/wp-content\/uploads\/sites\/13\/2026\/04\/DGS2D.png\",\"contentUrl\":\"https:\/\/koningdrone.be\/wp-content\/uploads\/sites\/13\/2026\/04\/DGS2D.png\",\"width\":1340,\"height\":1250},{\"@type\":\"BreadcrumbList\",\"@id\":\"https:\/\/koningdrone.be\/product\/dgs2d\/#breadcrumb\",\"itemListElement\":[{\"@type\":\"ListItem\",\"position\":1,\"name\":\"Home\",\"item\":\"https:\/\/koningdrone.be\/\"},{\"@type\":\"ListItem\",\"position\":2,\"name\":\"AVSS Parachute Recovery System for DJI Matrice 300\/350\",\"item\":\"https:\/\/koningdrone.be\/product\/avss-parachute-recovery-system-for-dji-matrice-300-350\/\"},{\"@type\":\"ListItem\",\"position\":3,\"name\":\"Anti-drone devices\",\"item\":\"https:\/\/koningdrone.be\/categorie\/anti-drone-devices\/\"},{\"@type\":\"ListItem\",\"position\":4,\"name\":\"DGS2D\"}]},{\"@type\":\"WebSite\",\"@id\":\"https:\/\/koningdrone.be\/#website\",\"url\":\"https:\/\/koningdrone.be\/\",\"name\":\"Koningdrone.be - Uw online specialist in drones, gimbals, camera's en power stations.\",\"description\":\"De webshop in drones en gimbals\",\"publisher\":{\"@id\":\"https:\/\/koningdrone.be\/#organization\"},\"potentialAction\":[{\"@type\":\"SearchAction\",\"target\":{\"@type\":\"EntryPoint\",\"urlTemplate\":\"https:\/\/koningdrone.be\/?s={search_term_string}\"},\"query-input\":{\"@type\":\"PropertyValueSpecification\",\"valueRequired\":true,\"valueName\":\"search_term_string\"}}],\"inLanguage\":\"fr-BE\"},{\"@type\":\"Organization\",\"@id\":\"https:\/\/koningdrone.be\/#organization\",\"name\":\"Koningdrone.be\",\"url\":\"https:\/\/koningdrone.be\/\",\"logo\":{\"@type\":\"ImageObject\",\"inLanguage\":\"fr-BE\",\"@id\":\"https:\/\/koningdrone.be\/#\/schema\/logo\/image\/\",\"url\":\"https:\/\/koningdrone.be\/wp-content\/uploads\/sites\/13\/2025\/04\/koningdrone-copyright-logo.svg\",\"contentUrl\":\"https:\/\/koningdrone.be\/wp-content\/uploads\/sites\/13\/2025\/04\/koningdrone-copyright-logo.svg\",\"width\":227,\"height\":38,\"caption\":\"Koningdrone.be\"},\"image\":{\"@id\":\"https:\/\/koningdrone.be\/#\/schema\/logo\/image\/\"}}]}<\/script>\n<!-- \/ Yoast SEO Premium plugin. -->","yoast_head_json":{"title":"DGS2D - koningdrone.be","robots":{"index":"index","follow":"follow","max-snippet":"max-snippet:-1","max-image-preview":"max-image-preview:large","max-video-preview":"max-video-preview:-1"},"canonical":"https:\/\/koningdrone.be\/fr\/produit\/dgs2d\/","og_locale":"fr_FR","og_type":"article","og_title":"DGS2D","og_description":"Combineert TDOA en AOA voor nauwkeurige richtingbepaling en positionering via netwerken. Detecteert 500+ drone-modellen, inclusief spectrumanalyse.   360\u00b0 passieve detectie, AOA-nauwkeurigheid ~10\u00b0  Bereik tot 5km | \u226520 drones tracking  IP65 | -40\u00b0C tot +65\u00b0C","og_url":"https:\/\/koningdrone.be\/fr\/produit\/dgs2d\/","og_site_name":"koningdrone.be","article_modified_time":"2026-05-13T10:37:35+00:00","og_image":[{"width":1340,"height":1250,"url":"https:\/\/koningdrone.be\/wp-content\/uploads\/sites\/13\/2026\/04\/DGS2D.png","type":"image\/png"}],"twitter_card":"summary_large_image","twitter_misc":{"Dur\u00e9e de lecture est.":"1 minute"},"schema":{"@context":"https:\/\/schema.org","@graph":[{"@type":"WebPage","@id":"https:\/\/koningdrone.be\/product\/dgs2d\/","url":"https:\/\/koningdrone.be\/product\/dgs2d\/","name":"DGS2D - koningdrone.be","isPartOf":{"@id":"https:\/\/koningdrone.be\/#website"},"primaryImageOfPage":{"@id":"https:\/\/koningdrone.be\/product\/dgs2d\/#primaryimage"},"image":{"@id":"https:\/\/koningdrone.be\/product\/dgs2d\/#primaryimage"},"thumbnailUrl":"https:\/\/koningdrone.be\/wp-content\/uploads\/sites\/13\/2026\/04\/DGS2D.png","datePublished":"2026-04-28T11:06:33+00:00","dateModified":"2026-05-13T10:37:35+00:00","breadcrumb":{"@id":"https:\/\/koningdrone.be\/product\/dgs2d\/#breadcrumb"},"inLanguage":"fr-BE","potentialAction":[{"@type":"ReadAction","target":["https:\/\/koningdrone.be\/product\/dgs2d\/"]}]},{"@type":"ImageObject","inLanguage":"fr-BE","@id":"https:\/\/koningdrone.be\/product\/dgs2d\/#primaryimage","url":"https:\/\/koningdrone.be\/wp-content\/uploads\/sites\/13\/2026\/04\/DGS2D.png","contentUrl":"https:\/\/koningdrone.be\/wp-content\/uploads\/sites\/13\/2026\/04\/DGS2D.png","width":1340,"height":1250},{"@type":"BreadcrumbList","@id":"https:\/\/koningdrone.be\/product\/dgs2d\/#breadcrumb","itemListElement":[{"@type":"ListItem","position":1,"name":"Home","item":"https:\/\/koningdrone.be\/"},{"@type":"ListItem","position":2,"name":"AVSS Parachute Recovery System for DJI Matrice 300\/350","item":"https:\/\/koningdrone.be\/product\/avss-parachute-recovery-system-for-dji-matrice-300-350\/"},{"@type":"ListItem","position":3,"name":"Anti-drone devices","item":"https:\/\/koningdrone.be\/categorie\/anti-drone-devices\/"},{"@type":"ListItem","position":4,"name":"DGS2D"}]},{"@type":"WebSite","@id":"https:\/\/koningdrone.be\/#website","url":"https:\/\/koningdrone.be\/","name":"Koningdrone.be - Votre sp\u00e9cialiste en ligne en mati\u00e8re de drones, de cardans, de cam\u00e9ras et de centrales \u00e9lectriques.","description":"La boutique en ligne de drones et de cardans","publisher":{"@id":"https:\/\/koningdrone.be\/#organization"},"potentialAction":[{"@type":"SearchAction","target":{"@type":"EntryPoint","urlTemplate":"https:\/\/koningdrone.be\/?s={search_term_string}"},"query-input":{"@type":"PropertyValueSpecification","valueRequired":true,"valueName":"search_term_string"}}],"inLanguage":"fr-BE"},{"@type":"Organization","@id":"https:\/\/koningdrone.be\/#organization","name":"Kingdrone.co.uk","url":"https:\/\/koningdrone.be\/","logo":{"@type":"ImageObject","inLanguage":"fr-BE","@id":"https:\/\/koningdrone.be\/#\/schema\/logo\/image\/","url":"https:\/\/koningdrone.be\/wp-content\/uploads\/sites\/13\/2025\/04\/koningdrone-copyright-logo.svg","contentUrl":"https:\/\/koningdrone.be\/wp-content\/uploads\/sites\/13\/2025\/04\/koningdrone-copyright-logo.svg","width":227,"height":38,"caption":"Koningdrone.be"},"image":{"@id":"https:\/\/koningdrone.be\/#\/schema\/logo\/image\/"}}]}},"df_price":"","df_sale_price":"","df_regular_price":"","df_image_link":"https:\/\/koningdrone.be\/wp-content\/uploads\/sites\/13\/2026\/04\/DGS2D-300x280.png","_links":{"self":[{"href":"https:\/\/koningdrone.be\/fr\/wp-json\/wp\/v2\/product\/19251","targetHints":{"allow":["GET"]}}],"collection":[{"href":"https:\/\/koningdrone.be\/fr\/wp-json\/wp\/v2\/product"}],"about":[{"href":"https:\/\/koningdrone.be\/fr\/wp-json\/wp\/v2\/types\/product"}],"wp:featuredmedia":[{"embeddable":true,"href":"https:\/\/koningdrone.be\/fr\/wp-json\/wp\/v2\/media\/19250"}],"wp:attachment":[{"href":"https:\/\/koningdrone.be\/fr\/wp-json\/wp\/v2\/media?parent=19251"}],"wp:term":[{"taxonomy":"product_brand","embeddable":true,"href":"https:\/\/koningdrone.be\/fr\/wp-json\/wp\/v2\/product_brand?post=19251"},{"taxonomy":"product_cat","embeddable":true,"href":"https:\/\/koningdrone.be\/fr\/wp-json\/wp\/v2\/product_cat?post=19251"},{"taxonomy":"product_tag","embeddable":true,"href":"https:\/\/koningdrone.be\/fr\/wp-json\/wp\/v2\/product_tag?post=19251"}],"curies":[{"name":"wp","href":"https:\/\/api.w.org\/{rel}","templated":true}]}}