{"id":19249,"date":"2026-04-28T13:21:07","date_gmt":"2026-04-28T11:21:07","guid":{"rendered":"https:\/\/koningdrone.be\/product\/dgs2\/"},"modified":"2026-05-13T12:37:30","modified_gmt":"2026-05-13T10:37:30","slug":"dgs2","status":"publish","type":"product","link":"https:\/\/koningdrone.be\/fr\/produit\/dgs2\/","title":{"rendered":"DGS2"},"content":{"rendered":"<div id=\"model-response-message-contentr_4423d46bee4783f9\" class=\"markdown markdown-main-panel stronger enable-updated-hr-color\" dir=\"ltr\" aria-live=\"polite\">\n<p data-path-to-node=\"0\">Le DGS2 est un syst\u00e8me professionnel fixe de d\u00e9tection et de positionnement des drones con\u00e7u pour la surveillance de haute pr\u00e9cision de l'espace a\u00e9rien dans les environnements urbains complexes et les environnements de s\u00e9curit\u00e9 critiques. Gr\u00e2ce \u00e0 la d\u00e9tection RF passive, il identifie et suit les drones en temps r\u00e9el sans \u00e9mettre de signaux.<\/p>\n<p data-path-to-node=\"1\">Le syst\u00e8me prend en charge les r\u00e9seaux TDOA pour un positionnement pr\u00e9cis de plusieurs drones et offre une base de donn\u00e9es compl\u00e8te de plus de 800 mod\u00e8les de drones, y compris des drones DJI, Autel, Fimi et des drones de bricolage personnalis\u00e9s. Le DGS2 permet une visualisation compl\u00e8te des trajectoires, la g\u00e9olocalisation des pilotes et des analyses avanc\u00e9es telles que des cartes thermiques, des tendances statistiques et des journaux d'\u00e9v\u00e9nements.<\/p>\n<p data-path-to-node=\"2\">Avec une port\u00e9e de d\u00e9tection allant jusqu'\u00e0 6 km, une pr\u00e9cision de positionnement de \u22645 m pour une seule station et un temps de r\u00e9ponse inf\u00e9rieur \u00e0 3 secondes, le DGS2 constitue l'\u00e9pine dorsale des programmes professionnels de s\u00e9curit\u00e9 de l'espace a\u00e9rien. En outre, il s'int\u00e8gre parfaitement aux syst\u00e8mes de brouillage et de d\u00e9viation pour des contre-mesures coordonn\u00e9es.<\/p>\n<\/div>","protected":false},"excerpt":{"rendered":"<p>Syst\u00e8me performant de d\u00e9tection des drones fixes. Prise en charge des r\u00e9seaux TDOA, plus de 800 mod\u00e8les de drones, suivi du pilote et visualisation compl\u00e8te de la trajectoire.<\/p>\n<ul class=\"spec-list\">\n<li>Port\u00e9e jusqu'\u00e0 6km | Pr\u00e9cision de positionnement \u22645m<\/li>\n<li>\u226510 drones simultan\u00e9s | IP65<\/li>\n<li>Liste noire\/liste blanche, cartes thermiques, int\u00e9gration API<\/li>\n<\/ul>","protected":false},"featured_media":19248,"template":"","meta":{"_acf_changed":false},"product_brand":[],"product_cat":[1281],"product_tag":[2022],"class_list":{"0":"post-19249","1":"product","2":"type-product","3":"status-publish","4":"has-post-thumbnail","6":"product_cat-anti-drone-devices","7":"product_tag-anti-drone","9":"first","10":"instock","11":"taxable","12":"shipping-taxable","13":"product-type-simple"},"acf":[],"yoast_head":"<!-- This site is optimized with the Yoast SEO Premium plugin v27.2 (Yoast SEO v27.2) - https:\/\/yoast.com\/product\/yoast-seo-premium-wordpress\/ -->\n<title>DGS2 - koningdrone.be<\/title>\n<meta name=\"robots\" content=\"index, follow, max-snippet:-1, max-image-preview:large, max-video-preview:-1\" \/>\n<link rel=\"canonical\" href=\"https:\/\/koningdrone.be\/fr\/produit\/dgs2\/\" \/>\n<meta property=\"og:locale\" content=\"fr_FR\" \/>\n<meta property=\"og:type\" content=\"article\" \/>\n<meta property=\"og:title\" content=\"DGS2\" \/>\n<meta property=\"og:description\" content=\"Hoogwaardig vast drone-detectiesysteem. TDOA-netwerkondersteuning, 800+ drone-modellen, piloot-tracking en volledige trajectvisualisatie.   Bereik tot 6km | \u22645m positioneringsnauwkeurigheid  \u226510 gelijktijdige drones | IP65  Blacklist\/whitelist, heatmaps, API-integratie\" \/>\n<meta property=\"og:url\" content=\"https:\/\/koningdrone.be\/fr\/produit\/dgs2\/\" \/>\n<meta property=\"og:site_name\" content=\"koningdrone.be\" \/>\n<meta property=\"article:modified_time\" content=\"2026-05-13T10:37:30+00:00\" \/>\n<meta property=\"og:image\" content=\"https:\/\/koningdrone.be\/wp-content\/uploads\/sites\/13\/2026\/04\/DGS2-scaled-1.png\" \/>\n\t<meta property=\"og:image:width\" content=\"1182\" \/>\n\t<meta property=\"og:image:height\" content=\"2560\" \/>\n\t<meta property=\"og:image:type\" content=\"image\/png\" \/>\n<meta name=\"twitter:card\" content=\"summary_large_image\" \/>\n<meta name=\"twitter:label1\" content=\"Dur\u00e9e de lecture est.\" \/>\n\t<meta name=\"twitter:data1\" content=\"1 minute\" \/>\n<script type=\"application\/ld+json\" class=\"yoast-schema-graph\">{\"@context\":\"https:\/\/schema.org\",\"@graph\":[{\"@type\":\"WebPage\",\"@id\":\"https:\/\/koningdrone.be\/product\/dgs2\/\",\"url\":\"https:\/\/koningdrone.be\/product\/dgs2\/\",\"name\":\"DGS2 - koningdrone.be\",\"isPartOf\":{\"@id\":\"https:\/\/koningdrone.be\/#website\"},\"primaryImageOfPage\":{\"@id\":\"https:\/\/koningdrone.be\/product\/dgs2\/#primaryimage\"},\"image\":{\"@id\":\"https:\/\/koningdrone.be\/product\/dgs2\/#primaryimage\"},\"thumbnailUrl\":\"https:\/\/koningdrone.be\/wp-content\/uploads\/sites\/13\/2026\/04\/DGS2-scaled-1.png\",\"datePublished\":\"2026-04-28T11:21:07+00:00\",\"dateModified\":\"2026-05-13T10:37:30+00:00\",\"breadcrumb\":{\"@id\":\"https:\/\/koningdrone.be\/product\/dgs2\/#breadcrumb\"},\"inLanguage\":\"fr-BE\",\"potentialAction\":[{\"@type\":\"ReadAction\",\"target\":[\"https:\/\/koningdrone.be\/product\/dgs2\/\"]}]},{\"@type\":\"ImageObject\",\"inLanguage\":\"fr-BE\",\"@id\":\"https:\/\/koningdrone.be\/product\/dgs2\/#primaryimage\",\"url\":\"https:\/\/koningdrone.be\/wp-content\/uploads\/sites\/13\/2026\/04\/DGS2-scaled-1.png\",\"contentUrl\":\"https:\/\/koningdrone.be\/wp-content\/uploads\/sites\/13\/2026\/04\/DGS2-scaled-1.png\",\"width\":1182,\"height\":2560},{\"@type\":\"BreadcrumbList\",\"@id\":\"https:\/\/koningdrone.be\/product\/dgs2\/#breadcrumb\",\"itemListElement\":[{\"@type\":\"ListItem\",\"position\":1,\"name\":\"Home\",\"item\":\"https:\/\/koningdrone.be\/\"},{\"@type\":\"ListItem\",\"position\":2,\"name\":\"AVSS Parachute Recovery System for DJI Matrice 300\/350\",\"item\":\"https:\/\/koningdrone.be\/product\/avss-parachute-recovery-system-for-dji-matrice-300-350\/\"},{\"@type\":\"ListItem\",\"position\":3,\"name\":\"Anti-drone devices\",\"item\":\"https:\/\/koningdrone.be\/categorie\/anti-drone-devices\/\"},{\"@type\":\"ListItem\",\"position\":4,\"name\":\"DGS2\"}]},{\"@type\":\"WebSite\",\"@id\":\"https:\/\/koningdrone.be\/#website\",\"url\":\"https:\/\/koningdrone.be\/\",\"name\":\"Koningdrone.be - Uw online specialist in drones, gimbals, camera's en power stations.\",\"description\":\"De webshop in drones en gimbals\",\"publisher\":{\"@id\":\"https:\/\/koningdrone.be\/#organization\"},\"potentialAction\":[{\"@type\":\"SearchAction\",\"target\":{\"@type\":\"EntryPoint\",\"urlTemplate\":\"https:\/\/koningdrone.be\/?s={search_term_string}\"},\"query-input\":{\"@type\":\"PropertyValueSpecification\",\"valueRequired\":true,\"valueName\":\"search_term_string\"}}],\"inLanguage\":\"fr-BE\"},{\"@type\":\"Organization\",\"@id\":\"https:\/\/koningdrone.be\/#organization\",\"name\":\"Koningdrone.be\",\"url\":\"https:\/\/koningdrone.be\/\",\"logo\":{\"@type\":\"ImageObject\",\"inLanguage\":\"fr-BE\",\"@id\":\"https:\/\/koningdrone.be\/#\/schema\/logo\/image\/\",\"url\":\"https:\/\/koningdrone.be\/wp-content\/uploads\/sites\/13\/2025\/04\/koningdrone-copyright-logo.svg\",\"contentUrl\":\"https:\/\/koningdrone.be\/wp-content\/uploads\/sites\/13\/2025\/04\/koningdrone-copyright-logo.svg\",\"width\":227,\"height\":38,\"caption\":\"Koningdrone.be\"},\"image\":{\"@id\":\"https:\/\/koningdrone.be\/#\/schema\/logo\/image\/\"}}]}<\/script>\n<!-- \/ Yoast SEO Premium plugin. -->","yoast_head_json":{"title":"DGS2 - koningdrone.be","robots":{"index":"index","follow":"follow","max-snippet":"max-snippet:-1","max-image-preview":"max-image-preview:large","max-video-preview":"max-video-preview:-1"},"canonical":"https:\/\/koningdrone.be\/fr\/produit\/dgs2\/","og_locale":"fr_FR","og_type":"article","og_title":"DGS2","og_description":"Hoogwaardig vast drone-detectiesysteem. TDOA-netwerkondersteuning, 800+ drone-modellen, piloot-tracking en volledige trajectvisualisatie.   Bereik tot 6km | \u22645m positioneringsnauwkeurigheid  \u226510 gelijktijdige drones | IP65  Blacklist\/whitelist, heatmaps, API-integratie","og_url":"https:\/\/koningdrone.be\/fr\/produit\/dgs2\/","og_site_name":"koningdrone.be","article_modified_time":"2026-05-13T10:37:30+00:00","og_image":[{"width":1182,"height":2560,"url":"https:\/\/koningdrone.be\/wp-content\/uploads\/sites\/13\/2026\/04\/DGS2-scaled-1.png","type":"image\/png"}],"twitter_card":"summary_large_image","twitter_misc":{"Dur\u00e9e de lecture est.":"1 minute"},"schema":{"@context":"https:\/\/schema.org","@graph":[{"@type":"WebPage","@id":"https:\/\/koningdrone.be\/product\/dgs2\/","url":"https:\/\/koningdrone.be\/product\/dgs2\/","name":"DGS2 - koningdrone.be","isPartOf":{"@id":"https:\/\/koningdrone.be\/#website"},"primaryImageOfPage":{"@id":"https:\/\/koningdrone.be\/product\/dgs2\/#primaryimage"},"image":{"@id":"https:\/\/koningdrone.be\/product\/dgs2\/#primaryimage"},"thumbnailUrl":"https:\/\/koningdrone.be\/wp-content\/uploads\/sites\/13\/2026\/04\/DGS2-scaled-1.png","datePublished":"2026-04-28T11:21:07+00:00","dateModified":"2026-05-13T10:37:30+00:00","breadcrumb":{"@id":"https:\/\/koningdrone.be\/product\/dgs2\/#breadcrumb"},"inLanguage":"fr-BE","potentialAction":[{"@type":"ReadAction","target":["https:\/\/koningdrone.be\/product\/dgs2\/"]}]},{"@type":"ImageObject","inLanguage":"fr-BE","@id":"https:\/\/koningdrone.be\/product\/dgs2\/#primaryimage","url":"https:\/\/koningdrone.be\/wp-content\/uploads\/sites\/13\/2026\/04\/DGS2-scaled-1.png","contentUrl":"https:\/\/koningdrone.be\/wp-content\/uploads\/sites\/13\/2026\/04\/DGS2-scaled-1.png","width":1182,"height":2560},{"@type":"BreadcrumbList","@id":"https:\/\/koningdrone.be\/product\/dgs2\/#breadcrumb","itemListElement":[{"@type":"ListItem","position":1,"name":"Home","item":"https:\/\/koningdrone.be\/"},{"@type":"ListItem","position":2,"name":"AVSS Parachute Recovery System for DJI Matrice 300\/350","item":"https:\/\/koningdrone.be\/product\/avss-parachute-recovery-system-for-dji-matrice-300-350\/"},{"@type":"ListItem","position":3,"name":"Anti-drone devices","item":"https:\/\/koningdrone.be\/categorie\/anti-drone-devices\/"},{"@type":"ListItem","position":4,"name":"DGS2"}]},{"@type":"WebSite","@id":"https:\/\/koningdrone.be\/#website","url":"https:\/\/koningdrone.be\/","name":"Koningdrone.be - Votre sp\u00e9cialiste en ligne en mati\u00e8re de drones, de cardans, de cam\u00e9ras et de centrales \u00e9lectriques.","description":"La boutique en ligne de drones et de cardans","publisher":{"@id":"https:\/\/koningdrone.be\/#organization"},"potentialAction":[{"@type":"SearchAction","target":{"@type":"EntryPoint","urlTemplate":"https:\/\/koningdrone.be\/?s={search_term_string}"},"query-input":{"@type":"PropertyValueSpecification","valueRequired":true,"valueName":"search_term_string"}}],"inLanguage":"fr-BE"},{"@type":"Organization","@id":"https:\/\/koningdrone.be\/#organization","name":"Kingdrone.co.uk","url":"https:\/\/koningdrone.be\/","logo":{"@type":"ImageObject","inLanguage":"fr-BE","@id":"https:\/\/koningdrone.be\/#\/schema\/logo\/image\/","url":"https:\/\/koningdrone.be\/wp-content\/uploads\/sites\/13\/2025\/04\/koningdrone-copyright-logo.svg","contentUrl":"https:\/\/koningdrone.be\/wp-content\/uploads\/sites\/13\/2025\/04\/koningdrone-copyright-logo.svg","width":227,"height":38,"caption":"Koningdrone.be"},"image":{"@id":"https:\/\/koningdrone.be\/#\/schema\/logo\/image\/"}}]}},"df_price":"","df_sale_price":"","df_regular_price":"","df_image_link":"https:\/\/koningdrone.be\/wp-content\/uploads\/sites\/13\/2026\/04\/DGS2-scaled-1-139x300.png","_links":{"self":[{"href":"https:\/\/koningdrone.be\/fr\/wp-json\/wp\/v2\/product\/19249","targetHints":{"allow":["GET"]}}],"collection":[{"href":"https:\/\/koningdrone.be\/fr\/wp-json\/wp\/v2\/product"}],"about":[{"href":"https:\/\/koningdrone.be\/fr\/wp-json\/wp\/v2\/types\/product"}],"wp:featuredmedia":[{"embeddable":true,"href":"https:\/\/koningdrone.be\/fr\/wp-json\/wp\/v2\/media\/19248"}],"wp:attachment":[{"href":"https:\/\/koningdrone.be\/fr\/wp-json\/wp\/v2\/media?parent=19249"}],"wp:term":[{"taxonomy":"product_brand","embeddable":true,"href":"https:\/\/koningdrone.be\/fr\/wp-json\/wp\/v2\/product_brand?post=19249"},{"taxonomy":"product_cat","embeddable":true,"href":"https:\/\/koningdrone.be\/fr\/wp-json\/wp\/v2\/product_cat?post=19249"},{"taxonomy":"product_tag","embeddable":true,"href":"https:\/\/koningdrone.be\/fr\/wp-json\/wp\/v2\/product_tag?post=19249"}],"curies":[{"name":"wp","href":"https:\/\/api.w.org\/{rel}","templated":true}]}}