{"id":19243,"date":"2026-04-28T13:55:49","date_gmt":"2026-04-28T11:55:49","guid":{"rendered":"https:\/\/koningdrone.be\/product\/dgh2\/"},"modified":"2026-05-13T12:37:14","modified_gmt":"2026-05-13T10:37:14","slug":"dgh2","status":"publish","type":"product","link":"https:\/\/koningdrone.be\/fr\/produit\/dgh2\/","title":{"rendered":"DGH2"},"content":{"rendered":"<p data-path-to-node=\"0\">Le DGH2 est un d\u00e9tecteur de drones portable de nouvelle g\u00e9n\u00e9ration con\u00e7u pour les \u00e9quipes de s\u00e9curit\u00e9 mobile, les forces de l'ordre et les op\u00e9rateurs militaires. Pesant seulement 658 g, il est dot\u00e9 d'un \u00e9cran tactile de 6 pouces \u00e0 haute luminosit\u00e9, d'un puissant syst\u00e8me d'exploitation Android 12 et d'un r\u00e9cepteur \u00e0 large bande couvrant de 100 MHz \u00e0 6 GHz.<\/p>\n<p data-path-to-node=\"1\">Le syst\u00e8me ne se contente pas de d\u00e9tecter et de suivre les drones et leurs pilotes, il d\u00e9code \u00e9galement les flux vid\u00e9o FPV (vue \u00e0 la premi\u00e8re personne) en temps r\u00e9el, ce qui permet aux op\u00e9rateurs de voir exactement ce que voit le drone. Le DGH2 prend en charge plus de 900 mod\u00e8les de drones, y compris les drones DJI, Autel et les drones FPV personnalis\u00e9s, et fournit une aide \u00e0 la navigation pour guider les utilisateurs jusqu'\u00e0 l'emplacement du pilote.<\/p>\n<p data-path-to-node=\"2\">Avec une port\u00e9e de d\u00e9tection de 1 \u00e0 2 km en zone urbaine (2 \u00e0 3 km en champ libre) et une autonomie de batterie de 4 heures, il s'agit de l'outil id\u00e9al pour les op\u00e9rations tactiques sur le terrain, la protection des personnalit\u00e9s et les patrouilles frontali\u00e8res. Le syst\u00e8me fonctionne \u00e0 la fois en ligne et hors ligne, avec un stockage interne pour les journaux de mission et la lecture.<\/p>","protected":false},"excerpt":{"rendered":"<p>D\u00e9tecteur de drone portable ultra-portable avec d\u00e9codage d'images FPV. 658g, \u00e9cran tactile 6\u2033, couverture 100MHz-6GHz.<\/p>\n<ul class=\"spec-list\">\n<li>D\u00e9tecte plus de 900 mod\u00e8les et la position du pilote<\/li>\n<li>Zone urbaine 1-2 km, zone ouverte 2-3 km<\/li>\n<li>Android 12, batterie de 4 heures, indice de protection IP<\/li>\n<\/ul>","protected":false},"featured_media":19242,"template":"","meta":{"_acf_changed":false},"product_brand":[],"product_cat":[1281],"product_tag":[2022],"class_list":{"0":"post-19243","1":"product","2":"type-product","3":"status-publish","4":"has-post-thumbnail","6":"product_cat-anti-drone-devices","7":"product_tag-anti-drone","9":"first","10":"instock","11":"taxable","12":"shipping-taxable","13":"product-type-simple"},"acf":[],"yoast_head":"<!-- This site is optimized with the Yoast SEO Premium plugin v27.2 (Yoast SEO v27.2) - https:\/\/yoast.com\/product\/yoast-seo-premium-wordpress\/ -->\n<title>DGH2 - koningdrone.be<\/title>\n<meta name=\"robots\" content=\"index, follow, max-snippet:-1, max-image-preview:large, max-video-preview:-1\" \/>\n<link rel=\"canonical\" href=\"https:\/\/koningdrone.be\/fr\/produit\/dgh2\/\" \/>\n<meta property=\"og:locale\" content=\"fr_FR\" \/>\n<meta property=\"og:type\" content=\"article\" \/>\n<meta property=\"og:title\" content=\"DGH2\" \/>\n<meta property=\"og:description\" content=\"Ultra-draagbare handbediende drone-detector met FPV-beelddecodering. 658g, 6&quot; touchscreen, 100MHz\u20136GHz dekking.   Detecteert 900+ modellen en pilootpositie  Stedelijk bereik 1\u20132km, open 2\u20133km  Android 12, 4u batterij, IP-classificatie\" \/>\n<meta property=\"og:url\" content=\"https:\/\/koningdrone.be\/fr\/produit\/dgh2\/\" \/>\n<meta property=\"og:site_name\" content=\"koningdrone.be\" \/>\n<meta property=\"article:modified_time\" content=\"2026-05-13T10:37:14+00:00\" \/>\n<meta property=\"og:image\" content=\"https:\/\/koningdrone.be\/wp-content\/uploads\/sites\/13\/2026\/04\/e0b31a5009367bb253bbe1636f1123de-scaled-1.png\" \/>\n\t<meta property=\"og:image:width\" content=\"1440\" \/>\n\t<meta property=\"og:image:height\" content=\"2560\" \/>\n\t<meta property=\"og:image:type\" content=\"image\/png\" \/>\n<meta name=\"twitter:card\" content=\"summary_large_image\" \/>\n<meta name=\"twitter:label1\" content=\"Dur\u00e9e de lecture est.\" \/>\n\t<meta name=\"twitter:data1\" content=\"1 minute\" \/>\n<script type=\"application\/ld+json\" class=\"yoast-schema-graph\">{\"@context\":\"https:\/\/schema.org\",\"@graph\":[{\"@type\":\"WebPage\",\"@id\":\"https:\/\/koningdrone.be\/product\/dgh2\/\",\"url\":\"https:\/\/koningdrone.be\/product\/dgh2\/\",\"name\":\"DGH2 - koningdrone.be\",\"isPartOf\":{\"@id\":\"https:\/\/koningdrone.be\/#website\"},\"primaryImageOfPage\":{\"@id\":\"https:\/\/koningdrone.be\/product\/dgh2\/#primaryimage\"},\"image\":{\"@id\":\"https:\/\/koningdrone.be\/product\/dgh2\/#primaryimage\"},\"thumbnailUrl\":\"https:\/\/koningdrone.be\/wp-content\/uploads\/sites\/13\/2026\/04\/e0b31a5009367bb253bbe1636f1123de-scaled-1.png\",\"datePublished\":\"2026-04-28T11:55:49+00:00\",\"dateModified\":\"2026-05-13T10:37:14+00:00\",\"breadcrumb\":{\"@id\":\"https:\/\/koningdrone.be\/product\/dgh2\/#breadcrumb\"},\"inLanguage\":\"fr-BE\",\"potentialAction\":[{\"@type\":\"ReadAction\",\"target\":[\"https:\/\/koningdrone.be\/product\/dgh2\/\"]}]},{\"@type\":\"ImageObject\",\"inLanguage\":\"fr-BE\",\"@id\":\"https:\/\/koningdrone.be\/product\/dgh2\/#primaryimage\",\"url\":\"https:\/\/koningdrone.be\/wp-content\/uploads\/sites\/13\/2026\/04\/e0b31a5009367bb253bbe1636f1123de-scaled-1.png\",\"contentUrl\":\"https:\/\/koningdrone.be\/wp-content\/uploads\/sites\/13\/2026\/04\/e0b31a5009367bb253bbe1636f1123de-scaled-1.png\",\"width\":1440,\"height\":2560},{\"@type\":\"BreadcrumbList\",\"@id\":\"https:\/\/koningdrone.be\/product\/dgh2\/#breadcrumb\",\"itemListElement\":[{\"@type\":\"ListItem\",\"position\":1,\"name\":\"Home\",\"item\":\"https:\/\/koningdrone.be\/\"},{\"@type\":\"ListItem\",\"position\":2,\"name\":\"AVSS Parachute Recovery System for DJI Matrice 300\/350\",\"item\":\"https:\/\/koningdrone.be\/product\/avss-parachute-recovery-system-for-dji-matrice-300-350\/\"},{\"@type\":\"ListItem\",\"position\":3,\"name\":\"Anti-drone devices\",\"item\":\"https:\/\/koningdrone.be\/categorie\/anti-drone-devices\/\"},{\"@type\":\"ListItem\",\"position\":4,\"name\":\"DGH2\"}]},{\"@type\":\"WebSite\",\"@id\":\"https:\/\/koningdrone.be\/#website\",\"url\":\"https:\/\/koningdrone.be\/\",\"name\":\"Koningdrone.be - Uw online specialist in drones, gimbals, camera's en power stations.\",\"description\":\"De webshop in drones en gimbals\",\"publisher\":{\"@id\":\"https:\/\/koningdrone.be\/#organization\"},\"potentialAction\":[{\"@type\":\"SearchAction\",\"target\":{\"@type\":\"EntryPoint\",\"urlTemplate\":\"https:\/\/koningdrone.be\/?s={search_term_string}\"},\"query-input\":{\"@type\":\"PropertyValueSpecification\",\"valueRequired\":true,\"valueName\":\"search_term_string\"}}],\"inLanguage\":\"fr-BE\"},{\"@type\":\"Organization\",\"@id\":\"https:\/\/koningdrone.be\/#organization\",\"name\":\"Koningdrone.be\",\"url\":\"https:\/\/koningdrone.be\/\",\"logo\":{\"@type\":\"ImageObject\",\"inLanguage\":\"fr-BE\",\"@id\":\"https:\/\/koningdrone.be\/#\/schema\/logo\/image\/\",\"url\":\"https:\/\/koningdrone.be\/wp-content\/uploads\/sites\/13\/2025\/04\/koningdrone-copyright-logo.svg\",\"contentUrl\":\"https:\/\/koningdrone.be\/wp-content\/uploads\/sites\/13\/2025\/04\/koningdrone-copyright-logo.svg\",\"width\":227,\"height\":38,\"caption\":\"Koningdrone.be\"},\"image\":{\"@id\":\"https:\/\/koningdrone.be\/#\/schema\/logo\/image\/\"}}]}<\/script>\n<!-- \/ Yoast SEO Premium plugin. -->","yoast_head_json":{"title":"DGH2 - koningdrone.be","robots":{"index":"index","follow":"follow","max-snippet":"max-snippet:-1","max-image-preview":"max-image-preview:large","max-video-preview":"max-video-preview:-1"},"canonical":"https:\/\/koningdrone.be\/fr\/produit\/dgh2\/","og_locale":"fr_FR","og_type":"article","og_title":"DGH2","og_description":"Ultra-draagbare handbediende drone-detector met FPV-beelddecodering. 658g, 6\" touchscreen, 100MHz\u20136GHz dekking.   Detecteert 900+ modellen en pilootpositie  Stedelijk bereik 1\u20132km, open 2\u20133km  Android 12, 4u batterij, IP-classificatie","og_url":"https:\/\/koningdrone.be\/fr\/produit\/dgh2\/","og_site_name":"koningdrone.be","article_modified_time":"2026-05-13T10:37:14+00:00","og_image":[{"width":1440,"height":2560,"url":"https:\/\/koningdrone.be\/wp-content\/uploads\/sites\/13\/2026\/04\/e0b31a5009367bb253bbe1636f1123de-scaled-1.png","type":"image\/png"}],"twitter_card":"summary_large_image","twitter_misc":{"Dur\u00e9e de lecture est.":"1 minute"},"schema":{"@context":"https:\/\/schema.org","@graph":[{"@type":"WebPage","@id":"https:\/\/koningdrone.be\/product\/dgh2\/","url":"https:\/\/koningdrone.be\/product\/dgh2\/","name":"DGH2 - koningdrone.be","isPartOf":{"@id":"https:\/\/koningdrone.be\/#website"},"primaryImageOfPage":{"@id":"https:\/\/koningdrone.be\/product\/dgh2\/#primaryimage"},"image":{"@id":"https:\/\/koningdrone.be\/product\/dgh2\/#primaryimage"},"thumbnailUrl":"https:\/\/koningdrone.be\/wp-content\/uploads\/sites\/13\/2026\/04\/e0b31a5009367bb253bbe1636f1123de-scaled-1.png","datePublished":"2026-04-28T11:55:49+00:00","dateModified":"2026-05-13T10:37:14+00:00","breadcrumb":{"@id":"https:\/\/koningdrone.be\/product\/dgh2\/#breadcrumb"},"inLanguage":"fr-BE","potentialAction":[{"@type":"ReadAction","target":["https:\/\/koningdrone.be\/product\/dgh2\/"]}]},{"@type":"ImageObject","inLanguage":"fr-BE","@id":"https:\/\/koningdrone.be\/product\/dgh2\/#primaryimage","url":"https:\/\/koningdrone.be\/wp-content\/uploads\/sites\/13\/2026\/04\/e0b31a5009367bb253bbe1636f1123de-scaled-1.png","contentUrl":"https:\/\/koningdrone.be\/wp-content\/uploads\/sites\/13\/2026\/04\/e0b31a5009367bb253bbe1636f1123de-scaled-1.png","width":1440,"height":2560},{"@type":"BreadcrumbList","@id":"https:\/\/koningdrone.be\/product\/dgh2\/#breadcrumb","itemListElement":[{"@type":"ListItem","position":1,"name":"Home","item":"https:\/\/koningdrone.be\/"},{"@type":"ListItem","position":2,"name":"AVSS Parachute Recovery System for DJI Matrice 300\/350","item":"https:\/\/koningdrone.be\/product\/avss-parachute-recovery-system-for-dji-matrice-300-350\/"},{"@type":"ListItem","position":3,"name":"Anti-drone devices","item":"https:\/\/koningdrone.be\/categorie\/anti-drone-devices\/"},{"@type":"ListItem","position":4,"name":"DGH2"}]},{"@type":"WebSite","@id":"https:\/\/koningdrone.be\/#website","url":"https:\/\/koningdrone.be\/","name":"Koningdrone.be - Votre sp\u00e9cialiste en ligne en mati\u00e8re de drones, de cardans, de cam\u00e9ras et de centrales \u00e9lectriques.","description":"La boutique en ligne de drones et de cardans","publisher":{"@id":"https:\/\/koningdrone.be\/#organization"},"potentialAction":[{"@type":"SearchAction","target":{"@type":"EntryPoint","urlTemplate":"https:\/\/koningdrone.be\/?s={search_term_string}"},"query-input":{"@type":"PropertyValueSpecification","valueRequired":true,"valueName":"search_term_string"}}],"inLanguage":"fr-BE"},{"@type":"Organization","@id":"https:\/\/koningdrone.be\/#organization","name":"Kingdrone.co.uk","url":"https:\/\/koningdrone.be\/","logo":{"@type":"ImageObject","inLanguage":"fr-BE","@id":"https:\/\/koningdrone.be\/#\/schema\/logo\/image\/","url":"https:\/\/koningdrone.be\/wp-content\/uploads\/sites\/13\/2025\/04\/koningdrone-copyright-logo.svg","contentUrl":"https:\/\/koningdrone.be\/wp-content\/uploads\/sites\/13\/2025\/04\/koningdrone-copyright-logo.svg","width":227,"height":38,"caption":"Koningdrone.be"},"image":{"@id":"https:\/\/koningdrone.be\/#\/schema\/logo\/image\/"}}]}},"df_price":"","df_sale_price":"","df_regular_price":"","df_image_link":"https:\/\/koningdrone.be\/wp-content\/uploads\/sites\/13\/2026\/04\/e0b31a5009367bb253bbe1636f1123de-scaled-1-169x300.png","_links":{"self":[{"href":"https:\/\/koningdrone.be\/fr\/wp-json\/wp\/v2\/product\/19243","targetHints":{"allow":["GET"]}}],"collection":[{"href":"https:\/\/koningdrone.be\/fr\/wp-json\/wp\/v2\/product"}],"about":[{"href":"https:\/\/koningdrone.be\/fr\/wp-json\/wp\/v2\/types\/product"}],"wp:featuredmedia":[{"embeddable":true,"href":"https:\/\/koningdrone.be\/fr\/wp-json\/wp\/v2\/media\/19242"}],"wp:attachment":[{"href":"https:\/\/koningdrone.be\/fr\/wp-json\/wp\/v2\/media?parent=19243"}],"wp:term":[{"taxonomy":"product_brand","embeddable":true,"href":"https:\/\/koningdrone.be\/fr\/wp-json\/wp\/v2\/product_brand?post=19243"},{"taxonomy":"product_cat","embeddable":true,"href":"https:\/\/koningdrone.be\/fr\/wp-json\/wp\/v2\/product_cat?post=19243"},{"taxonomy":"product_tag","embeddable":true,"href":"https:\/\/koningdrone.be\/fr\/wp-json\/wp\/v2\/product_tag?post=19243"}],"curies":[{"name":"wp","href":"https:\/\/api.w.org\/{rel}","templated":true}]}}