{"id":19224,"date":"2026-04-28T13:59:15","date_gmt":"2026-04-28T11:59:15","guid":{"rendered":"https:\/\/koningdrone.be\/product\/dgd1\/"},"modified":"2026-05-13T12:37:09","modified_gmt":"2026-05-13T10:37:09","slug":"dgd1","status":"publish","type":"product","link":"https:\/\/koningdrone.be\/fr\/produit\/dgd1\/","title":{"rendered":"DGD1"},"content":{"rendered":"<p data-start=\"0\" data-end=\"380\">Le DGD1 est un syst\u00e8me fixe et performant de d\u00e9tection et de localisation des drones con\u00e7u pour la surveillance continue de l'espace a\u00e9rien \u00e0 basse altitude. Le syst\u00e8me permet un suivi pr\u00e9cis et multidimensionnel des drones, y compris la position (longitude et latitude), l'altitude, la vitesse, le point de d\u00e9collage, le point de retour et la trajectoire de vol compl\u00e8te, le tout sans \u00e9mettre de signaux RF.<\/p>\n<p data-start=\"382\" data-end=\"758\">En outre, le DGD1 peut \u00e9galement localiser la t\u00e9l\u00e9commande, ce qui permet aux \u00e9quipes de s\u00e9curit\u00e9 d'identifier non seulement le drone, mais aussi l'op\u00e9rateur. Le syst\u00e8me est construit avec un bo\u00eetier robuste IP65 (513 \u00d7 462 \u00d7 187 mm, \u226425 kg), adapt\u00e9 \u00e0 une installation ext\u00e9rieure permanente dans les a\u00e9roports, les bases militaires, les centrales \u00e9lectriques et les installations gouvernementales, entre autres.<\/p>\n<p data-start=\"760\" data-end=\"1107\" data-is-last-node=\"\" data-is-only-node=\"\">Le DGD1 est livr\u00e9 avec un logiciel complet, comprenant la visualisation de cartes SIG, la gestion des listes blanches et noires, la lecture de l'historique, les cartes thermiques et l'int\u00e9gration API pour l'interfa\u00e7age avec des syst\u00e8mes C-UAS tiers. Le syst\u00e8me peut fonctionner de mani\u00e8re autonome ou dans le cadre d'un r\u00e9seau de capteurs TDOA plus vaste pour couvrir de vastes zones.<\/p>","protected":false},"excerpt":{"rendered":"<p>Syst\u00e8me fixe pour la d\u00e9tection et la localisation des drones. Surveillance de l'ensemble du spectre, g\u00e9olocalisation TDOA, analyse avanc\u00e9e.<\/p>\n<ul class=\"spec-list\">\n<li>Suivi multidimensionnel des drones (position, vitesse, altitude, trajectoire)<\/li>\n<li>Localisation de la t\u00e9l\u00e9commande et gestion de la liste blanche<\/li>\n<li>IP65, -20~65\u00b0C, puissance \u2264100W<\/li>\n<\/ul>","protected":false},"featured_media":19223,"template":"","meta":{"_acf_changed":false},"product_brand":[],"product_cat":[1281],"product_tag":[2022],"class_list":{"0":"post-19224","1":"product","2":"type-product","3":"status-publish","4":"has-post-thumbnail","6":"product_cat-anti-drone-devices","7":"product_tag-anti-drone","9":"first","10":"instock","11":"taxable","12":"shipping-taxable","13":"product-type-simple"},"acf":[],"yoast_head":"<!-- This site is optimized with the Yoast SEO Premium plugin v27.2 (Yoast SEO v27.2) - https:\/\/yoast.com\/product\/yoast-seo-premium-wordpress\/ -->\n<title>DGD1 - koningdrone.be<\/title>\n<meta name=\"robots\" content=\"index, follow, max-snippet:-1, max-image-preview:large, max-video-preview:-1\" \/>\n<link rel=\"canonical\" href=\"https:\/\/koningdrone.be\/fr\/produit\/dgd1\/\" \/>\n<meta property=\"og:locale\" content=\"fr_FR\" \/>\n<meta property=\"og:type\" content=\"article\" \/>\n<meta property=\"og:title\" content=\"DGD1\" \/>\n<meta property=\"og:description\" content=\"Vast systeem voor drone-detectie &amp; lokalisatie. Full-spectrum monitoring, TDOA-geolocatie, geavanceerde analyses.   Multidimensionale drone-tracking (positie, snelheid, hoogte, traject)  Lokalisatie van afstandsbediening &amp; whitelist-beheer  IP65, -20~65\u00b0C, \u2264100W vermogen\" \/>\n<meta property=\"og:url\" content=\"https:\/\/koningdrone.be\/fr\/produit\/dgd1\/\" \/>\n<meta property=\"og:site_name\" content=\"koningdrone.be\" \/>\n<meta property=\"article:modified_time\" content=\"2026-05-13T10:37:09+00:00\" \/>\n<meta property=\"og:image\" content=\"https:\/\/koningdrone.be\/wp-content\/uploads\/sites\/13\/2026\/04\/Neutral-version.png\" \/>\n\t<meta property=\"og:image:width\" content=\"760\" \/>\n\t<meta property=\"og:image:height\" content=\"1134\" \/>\n\t<meta property=\"og:image:type\" content=\"image\/png\" \/>\n<meta name=\"twitter:card\" content=\"summary_large_image\" \/>\n<meta name=\"twitter:label1\" content=\"Dur\u00e9e de lecture est.\" \/>\n\t<meta name=\"twitter:data1\" content=\"1 minute\" \/>\n<script type=\"application\/ld+json\" class=\"yoast-schema-graph\">{\"@context\":\"https:\/\/schema.org\",\"@graph\":[{\"@type\":\"WebPage\",\"@id\":\"https:\/\/koningdrone.be\/product\/dgd1\/\",\"url\":\"https:\/\/koningdrone.be\/product\/dgd1\/\",\"name\":\"DGD1 - koningdrone.be\",\"isPartOf\":{\"@id\":\"https:\/\/koningdrone.be\/#website\"},\"primaryImageOfPage\":{\"@id\":\"https:\/\/koningdrone.be\/product\/dgd1\/#primaryimage\"},\"image\":{\"@id\":\"https:\/\/koningdrone.be\/product\/dgd1\/#primaryimage\"},\"thumbnailUrl\":\"https:\/\/koningdrone.be\/wp-content\/uploads\/sites\/13\/2026\/04\/Neutral-version.png\",\"datePublished\":\"2026-04-28T11:59:15+00:00\",\"dateModified\":\"2026-05-13T10:37:09+00:00\",\"breadcrumb\":{\"@id\":\"https:\/\/koningdrone.be\/product\/dgd1\/#breadcrumb\"},\"inLanguage\":\"fr-BE\",\"potentialAction\":[{\"@type\":\"ReadAction\",\"target\":[\"https:\/\/koningdrone.be\/product\/dgd1\/\"]}]},{\"@type\":\"ImageObject\",\"inLanguage\":\"fr-BE\",\"@id\":\"https:\/\/koningdrone.be\/product\/dgd1\/#primaryimage\",\"url\":\"https:\/\/koningdrone.be\/wp-content\/uploads\/sites\/13\/2026\/04\/Neutral-version.png\",\"contentUrl\":\"https:\/\/koningdrone.be\/wp-content\/uploads\/sites\/13\/2026\/04\/Neutral-version.png\",\"width\":760,\"height\":1134},{\"@type\":\"BreadcrumbList\",\"@id\":\"https:\/\/koningdrone.be\/product\/dgd1\/#breadcrumb\",\"itemListElement\":[{\"@type\":\"ListItem\",\"position\":1,\"name\":\"Home\",\"item\":\"https:\/\/koningdrone.be\/\"},{\"@type\":\"ListItem\",\"position\":2,\"name\":\"AVSS Parachute Recovery System for DJI Matrice 300\/350\",\"item\":\"https:\/\/koningdrone.be\/product\/avss-parachute-recovery-system-for-dji-matrice-300-350\/\"},{\"@type\":\"ListItem\",\"position\":3,\"name\":\"Anti-drone devices\",\"item\":\"https:\/\/koningdrone.be\/categorie\/anti-drone-devices\/\"},{\"@type\":\"ListItem\",\"position\":4,\"name\":\"DGD1\"}]},{\"@type\":\"WebSite\",\"@id\":\"https:\/\/koningdrone.be\/#website\",\"url\":\"https:\/\/koningdrone.be\/\",\"name\":\"Koningdrone.be - Uw online specialist in drones, gimbals, camera's en power stations.\",\"description\":\"De webshop in drones en gimbals\",\"publisher\":{\"@id\":\"https:\/\/koningdrone.be\/#organization\"},\"potentialAction\":[{\"@type\":\"SearchAction\",\"target\":{\"@type\":\"EntryPoint\",\"urlTemplate\":\"https:\/\/koningdrone.be\/?s={search_term_string}\"},\"query-input\":{\"@type\":\"PropertyValueSpecification\",\"valueRequired\":true,\"valueName\":\"search_term_string\"}}],\"inLanguage\":\"fr-BE\"},{\"@type\":\"Organization\",\"@id\":\"https:\/\/koningdrone.be\/#organization\",\"name\":\"Koningdrone.be\",\"url\":\"https:\/\/koningdrone.be\/\",\"logo\":{\"@type\":\"ImageObject\",\"inLanguage\":\"fr-BE\",\"@id\":\"https:\/\/koningdrone.be\/#\/schema\/logo\/image\/\",\"url\":\"https:\/\/koningdrone.be\/wp-content\/uploads\/sites\/13\/2025\/04\/koningdrone-copyright-logo.svg\",\"contentUrl\":\"https:\/\/koningdrone.be\/wp-content\/uploads\/sites\/13\/2025\/04\/koningdrone-copyright-logo.svg\",\"width\":227,\"height\":38,\"caption\":\"Koningdrone.be\"},\"image\":{\"@id\":\"https:\/\/koningdrone.be\/#\/schema\/logo\/image\/\"}}]}<\/script>\n<!-- \/ Yoast SEO Premium plugin. -->","yoast_head_json":{"title":"DGD1 - koningdrone.be","robots":{"index":"index","follow":"follow","max-snippet":"max-snippet:-1","max-image-preview":"max-image-preview:large","max-video-preview":"max-video-preview:-1"},"canonical":"https:\/\/koningdrone.be\/fr\/produit\/dgd1\/","og_locale":"fr_FR","og_type":"article","og_title":"DGD1","og_description":"Vast systeem voor drone-detectie &amp; lokalisatie. Full-spectrum monitoring, TDOA-geolocatie, geavanceerde analyses.   Multidimensionale drone-tracking (positie, snelheid, hoogte, traject)  Lokalisatie van afstandsbediening &amp; whitelist-beheer  IP65, -20~65\u00b0C, \u2264100W vermogen","og_url":"https:\/\/koningdrone.be\/fr\/produit\/dgd1\/","og_site_name":"koningdrone.be","article_modified_time":"2026-05-13T10:37:09+00:00","og_image":[{"width":760,"height":1134,"url":"https:\/\/koningdrone.be\/wp-content\/uploads\/sites\/13\/2026\/04\/Neutral-version.png","type":"image\/png"}],"twitter_card":"summary_large_image","twitter_misc":{"Dur\u00e9e de lecture est.":"1 minute"},"schema":{"@context":"https:\/\/schema.org","@graph":[{"@type":"WebPage","@id":"https:\/\/koningdrone.be\/product\/dgd1\/","url":"https:\/\/koningdrone.be\/product\/dgd1\/","name":"DGD1 - koningdrone.be","isPartOf":{"@id":"https:\/\/koningdrone.be\/#website"},"primaryImageOfPage":{"@id":"https:\/\/koningdrone.be\/product\/dgd1\/#primaryimage"},"image":{"@id":"https:\/\/koningdrone.be\/product\/dgd1\/#primaryimage"},"thumbnailUrl":"https:\/\/koningdrone.be\/wp-content\/uploads\/sites\/13\/2026\/04\/Neutral-version.png","datePublished":"2026-04-28T11:59:15+00:00","dateModified":"2026-05-13T10:37:09+00:00","breadcrumb":{"@id":"https:\/\/koningdrone.be\/product\/dgd1\/#breadcrumb"},"inLanguage":"fr-BE","potentialAction":[{"@type":"ReadAction","target":["https:\/\/koningdrone.be\/product\/dgd1\/"]}]},{"@type":"ImageObject","inLanguage":"fr-BE","@id":"https:\/\/koningdrone.be\/product\/dgd1\/#primaryimage","url":"https:\/\/koningdrone.be\/wp-content\/uploads\/sites\/13\/2026\/04\/Neutral-version.png","contentUrl":"https:\/\/koningdrone.be\/wp-content\/uploads\/sites\/13\/2026\/04\/Neutral-version.png","width":760,"height":1134},{"@type":"BreadcrumbList","@id":"https:\/\/koningdrone.be\/product\/dgd1\/#breadcrumb","itemListElement":[{"@type":"ListItem","position":1,"name":"Home","item":"https:\/\/koningdrone.be\/"},{"@type":"ListItem","position":2,"name":"AVSS Parachute Recovery System for DJI Matrice 300\/350","item":"https:\/\/koningdrone.be\/product\/avss-parachute-recovery-system-for-dji-matrice-300-350\/"},{"@type":"ListItem","position":3,"name":"Anti-drone devices","item":"https:\/\/koningdrone.be\/categorie\/anti-drone-devices\/"},{"@type":"ListItem","position":4,"name":"DGD1"}]},{"@type":"WebSite","@id":"https:\/\/koningdrone.be\/#website","url":"https:\/\/koningdrone.be\/","name":"Koningdrone.be - Votre sp\u00e9cialiste en ligne en mati\u00e8re de drones, de cardans, de cam\u00e9ras et de centrales \u00e9lectriques.","description":"La boutique en ligne de drones et de cardans","publisher":{"@id":"https:\/\/koningdrone.be\/#organization"},"potentialAction":[{"@type":"SearchAction","target":{"@type":"EntryPoint","urlTemplate":"https:\/\/koningdrone.be\/?s={search_term_string}"},"query-input":{"@type":"PropertyValueSpecification","valueRequired":true,"valueName":"search_term_string"}}],"inLanguage":"fr-BE"},{"@type":"Organization","@id":"https:\/\/koningdrone.be\/#organization","name":"Kingdrone.co.uk","url":"https:\/\/koningdrone.be\/","logo":{"@type":"ImageObject","inLanguage":"fr-BE","@id":"https:\/\/koningdrone.be\/#\/schema\/logo\/image\/","url":"https:\/\/koningdrone.be\/wp-content\/uploads\/sites\/13\/2025\/04\/koningdrone-copyright-logo.svg","contentUrl":"https:\/\/koningdrone.be\/wp-content\/uploads\/sites\/13\/2025\/04\/koningdrone-copyright-logo.svg","width":227,"height":38,"caption":"Koningdrone.be"},"image":{"@id":"https:\/\/koningdrone.be\/#\/schema\/logo\/image\/"}}]}},"df_price":"","df_sale_price":"","df_regular_price":"","df_image_link":"https:\/\/koningdrone.be\/wp-content\/uploads\/sites\/13\/2026\/04\/Neutral-version-201x300.png","_links":{"self":[{"href":"https:\/\/koningdrone.be\/fr\/wp-json\/wp\/v2\/product\/19224","targetHints":{"allow":["GET"]}}],"collection":[{"href":"https:\/\/koningdrone.be\/fr\/wp-json\/wp\/v2\/product"}],"about":[{"href":"https:\/\/koningdrone.be\/fr\/wp-json\/wp\/v2\/types\/product"}],"wp:featuredmedia":[{"embeddable":true,"href":"https:\/\/koningdrone.be\/fr\/wp-json\/wp\/v2\/media\/19223"}],"wp:attachment":[{"href":"https:\/\/koningdrone.be\/fr\/wp-json\/wp\/v2\/media?parent=19224"}],"wp:term":[{"taxonomy":"product_brand","embeddable":true,"href":"https:\/\/koningdrone.be\/fr\/wp-json\/wp\/v2\/product_brand?post=19224"},{"taxonomy":"product_cat","embeddable":true,"href":"https:\/\/koningdrone.be\/fr\/wp-json\/wp\/v2\/product_cat?post=19224"},{"taxonomy":"product_tag","embeddable":true,"href":"https:\/\/koningdrone.be\/fr\/wp-json\/wp\/v2\/product_tag?post=19224"}],"curies":[{"name":"wp","href":"https:\/\/api.w.org\/{rel}","templated":true}]}}