{"id":1921,"date":"2024-11-05T10:24:31","date_gmt":"2024-11-05T09:24:31","guid":{"rendered":"https:\/\/koningdrone.nl\/kon\/product\/kronos-matrice-30-external-flight-termination-system\/"},"modified":"2026-04-29T16:00:25","modified_gmt":"2026-04-29T14:00:25","slug":"kronos-matrice-30-external-flight-termination-system","status":"publish","type":"product","link":"https:\/\/koningdrone.be\/fr\/produit\/kronos-matrice-30-external-flight-termination-system\/","title":{"rendered":"Syst\u00e8me de terminaison de vol externe Kronos Matrice 30"},"content":{"rendered":"<p>Le syst\u00e8me externe de terminaison de vol Kronos Matrice 30 est un dispositif de s\u00e9curit\u00e9 con\u00e7u pour les drones de la s\u00e9rie DJI Matrice 30. Il permet d'interrompre imm\u00e9diatement le vol dans les situations d'urgence, en assurant une descente contr\u00f4l\u00e9e et en minimisant les dommages potentiels. Ce syst\u00e8me fournit une couche suppl\u00e9mentaire de protection et am\u00e9liore la s\u00e9curit\u00e9 des op\u00e9rations critiques des drones dans les environnements commerciaux et industriels.<\/p>","protected":false},"excerpt":{"rendered":"<ul>\n<li>Permet d'interrompre imm\u00e9diatement le vol dans les situations d'urgence.<\/li>\n<li>Am\u00e9liore la s\u00e9curit\u00e9 du drone en assurant une descente contr\u00f4l\u00e9e.<\/li>\n<li>Minimise les dommages potentiels en cas de d\u00e9faillance impr\u00e9vue.<\/li>\n<li>Id\u00e9al pour les op\u00e9rations critiques dans les environnements commerciaux et industriels.<\/li>\n<\/ul>","protected":false},"featured_media":1919,"template":"","meta":{"_acf_changed":false},"product_brand":[],"product_cat":[292,97,149],"product_tag":[],"class_list":{"0":"post-1921","1":"product","2":"type-product","3":"status-publish","4":"has-post-thumbnail","6":"product_cat-alle-parachutes","7":"product_cat-alle-producten","8":"product_cat-dji-matrice-30","9":"product_shipping_class-outofstock","10":"pa_brand-dronavia","11":"pa_productfamily-kronos","12":"pa_producttype-fts","13":"pa_series-matrice-30","15":"first","16":"outofstock","17":"taxable","18":"shipping-taxable","19":"purchasable","20":"product-type-simple"},"acf":[],"yoast_head":"<!-- This site is optimized with the Yoast SEO Premium plugin v27.2 (Yoast SEO v27.2) - https:\/\/yoast.com\/product\/yoast-seo-premium-wordpress\/ -->\n<title>Kronos Matrice 30 External Flight Termination System - koningdrone.be<\/title>\n<meta name=\"robots\" content=\"index, follow, max-snippet:-1, max-image-preview:large, max-video-preview:-1\" \/>\n<link rel=\"canonical\" href=\"https:\/\/koningdrone.be\/fr\/produit\/kronos-matrice-30-external-flight-termination-system\/\" \/>\n<meta property=\"og:locale\" content=\"fr_FR\" \/>\n<meta property=\"og:type\" content=\"article\" \/>\n<meta property=\"og:title\" content=\"Kronos Matrice 30 External Flight Termination System\" \/>\n<meta property=\"og:description\" content=\"Biedt onmiddellijke be\u00ebindiging van de vlucht in noodsituaties.  Verbetert de veiligheid van de drone door te zorgen voor een gecontroleerde daling.  Minimaliseert potenti\u00eble schade bij onvoorziene storingen.  Ideaal voor kritische operaties in commerci\u00eble en industri\u00eble omgevingen.\" \/>\n<meta property=\"og:url\" content=\"https:\/\/koningdrone.be\/fr\/produit\/kronos-matrice-30-external-flight-termination-system\/\" \/>\n<meta property=\"og:site_name\" content=\"koningdrone.be\" \/>\n<meta property=\"article:modified_time\" content=\"2026-04-29T14:00:25+00:00\" \/>\n<meta property=\"og:image\" content=\"https:\/\/koningdrone.be\/wp-content\/uploads\/sites\/13\/2025\/04\/EAKRM30280924.jpg\" \/>\n\t<meta property=\"og:image:width\" content=\"800\" \/>\n\t<meta property=\"og:image:height\" content=\"800\" \/>\n\t<meta property=\"og:image:type\" content=\"image\/jpeg\" \/>\n<meta name=\"twitter:card\" content=\"summary_large_image\" \/>\n<meta name=\"twitter:label1\" content=\"Dur\u00e9e de lecture est.\" \/>\n\t<meta name=\"twitter:data1\" content=\"1 minute\" \/>\n<script type=\"application\/ld+json\" class=\"yoast-schema-graph\">{\"@context\":\"https:\/\/schema.org\",\"@graph\":[{\"@type\":\"WebPage\",\"@id\":\"https:\/\/koningdrone.be\/product\/kronos-matrice-30-external-flight-termination-system\/\",\"url\":\"https:\/\/koningdrone.be\/product\/kronos-matrice-30-external-flight-termination-system\/\",\"name\":\"Kronos Matrice 30 External Flight Termination System - koningdrone.be\",\"isPartOf\":{\"@id\":\"https:\/\/koningdrone.be\/#website\"},\"primaryImageOfPage\":{\"@id\":\"https:\/\/koningdrone.be\/product\/kronos-matrice-30-external-flight-termination-system\/#primaryimage\"},\"image\":{\"@id\":\"https:\/\/koningdrone.be\/product\/kronos-matrice-30-external-flight-termination-system\/#primaryimage\"},\"thumbnailUrl\":\"https:\/\/koningdrone.be\/wp-content\/uploads\/sites\/13\/2025\/04\/EAKRM30280924.jpg\",\"datePublished\":\"2024-11-05T09:24:31+00:00\",\"dateModified\":\"2026-04-29T14:00:25+00:00\",\"breadcrumb\":{\"@id\":\"https:\/\/koningdrone.be\/product\/kronos-matrice-30-external-flight-termination-system\/#breadcrumb\"},\"inLanguage\":\"fr-BE\",\"potentialAction\":[{\"@type\":\"ReadAction\",\"target\":[\"https:\/\/koningdrone.be\/product\/kronos-matrice-30-external-flight-termination-system\/\"]}]},{\"@type\":\"ImageObject\",\"inLanguage\":\"fr-BE\",\"@id\":\"https:\/\/koningdrone.be\/product\/kronos-matrice-30-external-flight-termination-system\/#primaryimage\",\"url\":\"https:\/\/koningdrone.be\/wp-content\/uploads\/sites\/13\/2025\/04\/EAKRM30280924.jpg\",\"contentUrl\":\"https:\/\/koningdrone.be\/wp-content\/uploads\/sites\/13\/2025\/04\/EAKRM30280924.jpg\",\"width\":800,\"height\":800},{\"@type\":\"BreadcrumbList\",\"@id\":\"https:\/\/koningdrone.be\/product\/kronos-matrice-30-external-flight-termination-system\/#breadcrumb\",\"itemListElement\":[{\"@type\":\"ListItem\",\"position\":1,\"name\":\"Home\",\"item\":\"https:\/\/koningdrone.be\/\"},{\"@type\":\"ListItem\",\"position\":2,\"name\":\"AVSS Parachute Recovery System for DJI Matrice 300\/350\",\"item\":\"https:\/\/koningdrone.be\/product\/avss-parachute-recovery-system-for-dji-matrice-300-350\/\"},{\"@type\":\"ListItem\",\"position\":3,\"name\":\"Alle parachutes\",\"item\":\"https:\/\/koningdrone.be\/categorie\/alle-parachutes\/\"},{\"@type\":\"ListItem\",\"position\":4,\"name\":\"Kronos Matrice 30 External Flight Termination System\"}]},{\"@type\":\"WebSite\",\"@id\":\"https:\/\/koningdrone.be\/#website\",\"url\":\"https:\/\/koningdrone.be\/\",\"name\":\"Koningdrone.be - Uw online specialist in drones, gimbals, camera's en power stations.\",\"description\":\"De webshop in drones en gimbals\",\"publisher\":{\"@id\":\"https:\/\/koningdrone.be\/#organization\"},\"potentialAction\":[{\"@type\":\"SearchAction\",\"target\":{\"@type\":\"EntryPoint\",\"urlTemplate\":\"https:\/\/koningdrone.be\/?s={search_term_string}\"},\"query-input\":{\"@type\":\"PropertyValueSpecification\",\"valueRequired\":true,\"valueName\":\"search_term_string\"}}],\"inLanguage\":\"fr-BE\"},{\"@type\":\"Organization\",\"@id\":\"https:\/\/koningdrone.be\/#organization\",\"name\":\"Koningdrone.be\",\"url\":\"https:\/\/koningdrone.be\/\",\"logo\":{\"@type\":\"ImageObject\",\"inLanguage\":\"fr-BE\",\"@id\":\"https:\/\/koningdrone.be\/#\/schema\/logo\/image\/\",\"url\":\"https:\/\/koningdrone.be\/wp-content\/uploads\/sites\/13\/2025\/04\/koningdrone-copyright-logo.svg\",\"contentUrl\":\"https:\/\/koningdrone.be\/wp-content\/uploads\/sites\/13\/2025\/04\/koningdrone-copyright-logo.svg\",\"width\":227,\"height\":38,\"caption\":\"Koningdrone.be\"},\"image\":{\"@id\":\"https:\/\/koningdrone.be\/#\/schema\/logo\/image\/\"}}]}<\/script>\n<!-- \/ Yoast SEO Premium plugin. -->","yoast_head_json":{"title":"Kronos Matrice 30 External Flight Termination System - koningdrone.be","robots":{"index":"index","follow":"follow","max-snippet":"max-snippet:-1","max-image-preview":"max-image-preview:large","max-video-preview":"max-video-preview:-1"},"canonical":"https:\/\/koningdrone.be\/fr\/produit\/kronos-matrice-30-external-flight-termination-system\/","og_locale":"fr_FR","og_type":"article","og_title":"Kronos Matrice 30 External Flight Termination System","og_description":"Biedt onmiddellijke be\u00ebindiging van de vlucht in noodsituaties.  Verbetert de veiligheid van de drone door te zorgen voor een gecontroleerde daling.  Minimaliseert potenti\u00eble schade bij onvoorziene storingen.  Ideaal voor kritische operaties in commerci\u00eble en industri\u00eble omgevingen.","og_url":"https:\/\/koningdrone.be\/fr\/produit\/kronos-matrice-30-external-flight-termination-system\/","og_site_name":"koningdrone.be","article_modified_time":"2026-04-29T14:00:25+00:00","og_image":[{"width":800,"height":800,"url":"https:\/\/koningdrone.be\/wp-content\/uploads\/sites\/13\/2025\/04\/EAKRM30280924.jpg","type":"image\/jpeg"}],"twitter_card":"summary_large_image","twitter_misc":{"Dur\u00e9e de lecture est.":"1 minute"},"schema":{"@context":"https:\/\/schema.org","@graph":[{"@type":"WebPage","@id":"https:\/\/koningdrone.be\/product\/kronos-matrice-30-external-flight-termination-system\/","url":"https:\/\/koningdrone.be\/product\/kronos-matrice-30-external-flight-termination-system\/","name":"Kronos Matrice 30 External Flight Termination System - koningdrone.be","isPartOf":{"@id":"https:\/\/koningdrone.be\/#website"},"primaryImageOfPage":{"@id":"https:\/\/koningdrone.be\/product\/kronos-matrice-30-external-flight-termination-system\/#primaryimage"},"image":{"@id":"https:\/\/koningdrone.be\/product\/kronos-matrice-30-external-flight-termination-system\/#primaryimage"},"thumbnailUrl":"https:\/\/koningdrone.be\/wp-content\/uploads\/sites\/13\/2025\/04\/EAKRM30280924.jpg","datePublished":"2024-11-05T09:24:31+00:00","dateModified":"2026-04-29T14:00:25+00:00","breadcrumb":{"@id":"https:\/\/koningdrone.be\/product\/kronos-matrice-30-external-flight-termination-system\/#breadcrumb"},"inLanguage":"fr-BE","potentialAction":[{"@type":"ReadAction","target":["https:\/\/koningdrone.be\/product\/kronos-matrice-30-external-flight-termination-system\/"]}]},{"@type":"ImageObject","inLanguage":"fr-BE","@id":"https:\/\/koningdrone.be\/product\/kronos-matrice-30-external-flight-termination-system\/#primaryimage","url":"https:\/\/koningdrone.be\/wp-content\/uploads\/sites\/13\/2025\/04\/EAKRM30280924.jpg","contentUrl":"https:\/\/koningdrone.be\/wp-content\/uploads\/sites\/13\/2025\/04\/EAKRM30280924.jpg","width":800,"height":800},{"@type":"BreadcrumbList","@id":"https:\/\/koningdrone.be\/product\/kronos-matrice-30-external-flight-termination-system\/#breadcrumb","itemListElement":[{"@type":"ListItem","position":1,"name":"Home","item":"https:\/\/koningdrone.be\/"},{"@type":"ListItem","position":2,"name":"AVSS Parachute Recovery System for DJI Matrice 300\/350","item":"https:\/\/koningdrone.be\/product\/avss-parachute-recovery-system-for-dji-matrice-300-350\/"},{"@type":"ListItem","position":3,"name":"Alle parachutes","item":"https:\/\/koningdrone.be\/categorie\/alle-parachutes\/"},{"@type":"ListItem","position":4,"name":"Kronos Matrice 30 External Flight Termination System"}]},{"@type":"WebSite","@id":"https:\/\/koningdrone.be\/#website","url":"https:\/\/koningdrone.be\/","name":"Koningdrone.be - Votre sp\u00e9cialiste en ligne en mati\u00e8re de drones, de cardans, de cam\u00e9ras et de centrales \u00e9lectriques.","description":"La boutique en ligne de drones et de cardans","publisher":{"@id":"https:\/\/koningdrone.be\/#organization"},"potentialAction":[{"@type":"SearchAction","target":{"@type":"EntryPoint","urlTemplate":"https:\/\/koningdrone.be\/?s={search_term_string}"},"query-input":{"@type":"PropertyValueSpecification","valueRequired":true,"valueName":"search_term_string"}}],"inLanguage":"fr-BE"},{"@type":"Organization","@id":"https:\/\/koningdrone.be\/#organization","name":"Kingdrone.co.uk","url":"https:\/\/koningdrone.be\/","logo":{"@type":"ImageObject","inLanguage":"fr-BE","@id":"https:\/\/koningdrone.be\/#\/schema\/logo\/image\/","url":"https:\/\/koningdrone.be\/wp-content\/uploads\/sites\/13\/2025\/04\/koningdrone-copyright-logo.svg","contentUrl":"https:\/\/koningdrone.be\/wp-content\/uploads\/sites\/13\/2025\/04\/koningdrone-copyright-logo.svg","width":227,"height":38,"caption":"Koningdrone.be"},"image":{"@id":"https:\/\/koningdrone.be\/#\/schema\/logo\/image\/"}}]}},"df_price":1209,"df_sale_price":"","df_regular_price":1209,"df_image_link":"https:\/\/koningdrone.be\/wp-content\/uploads\/sites\/13\/2025\/04\/EAKRM30280924-300x300.jpg","_links":{"self":[{"href":"https:\/\/koningdrone.be\/fr\/wp-json\/wp\/v2\/product\/1921","targetHints":{"allow":["GET"]}}],"collection":[{"href":"https:\/\/koningdrone.be\/fr\/wp-json\/wp\/v2\/product"}],"about":[{"href":"https:\/\/koningdrone.be\/fr\/wp-json\/wp\/v2\/types\/product"}],"wp:featuredmedia":[{"embeddable":true,"href":"https:\/\/koningdrone.be\/fr\/wp-json\/wp\/v2\/media\/1919"}],"wp:attachment":[{"href":"https:\/\/koningdrone.be\/fr\/wp-json\/wp\/v2\/media?parent=1921"}],"wp:term":[{"taxonomy":"product_brand","embeddable":true,"href":"https:\/\/koningdrone.be\/fr\/wp-json\/wp\/v2\/product_brand?post=1921"},{"taxonomy":"product_cat","embeddable":true,"href":"https:\/\/koningdrone.be\/fr\/wp-json\/wp\/v2\/product_cat?post=1921"},{"taxonomy":"product_tag","embeddable":true,"href":"https:\/\/koningdrone.be\/fr\/wp-json\/wp\/v2\/product_tag?post=1921"}],"curies":[{"name":"wp","href":"https:\/\/api.w.org\/{rel}","templated":true}]}}