{"id":19167,"date":"2026-04-20T15:07:24","date_gmt":"2026-04-20T13:07:24","guid":{"rendered":"https:\/\/koningdrone.be\/?post_type=product&#038;p=19167"},"modified":"2026-04-20T15:07:27","modified_gmt":"2026-04-20T13:07:27","slug":"dji-lidar-range-finder-refurbished","status":"publish","type":"product","link":"https:\/\/koningdrone.be\/fr\/produit\/dji-lidar-range-finder-refurbished\/","title":{"rendered":"DJI LiDAR Range Finder - Remis \u00e0 neuf"},"content":{"rendered":"<h4>Pr\u00e9sentation du syst\u00e8me de mise au point LiDAR<\/h4>\n<p>Le syst\u00e8me de mise au point LiDAR pr\u00e9sente une approche r\u00e9volutionnaire du r\u00e9glage manuel de la mise au point, combinant technologie avanc\u00e9e et convivialit\u00e9. Con\u00e7u pour les d\u00e9butants comme pour les professionnels, ce syst\u00e8me offre une m\u00e9thode simple pour r\u00e9gler avec pr\u00e9cision les points de mise au point.<\/p>\n<h4>La technologie au bout des doigts<\/h4>\n<p>Gr\u00e2ce \u00e0 une technologie avanc\u00e9e qui permet de visualiser les points de mise au point, le syst\u00e8me de mise au point LiDAR simplifie le processus de r\u00e9glage de la mise au point. Que vous soyez novice ou exp\u00e9riment\u00e9, le syst\u00e8me fournit une vue claire et descendante des points de focalisation et les affiche \u00e0 la fois sur l'\u00e9cran principal et sur tous les \u00e9crans secondaires connect\u00e9s.<\/p>\n<h4>Pr\u00e9cision de la forme d'onde LiDAR<\/h4>\n<p>L'innovation ne s'arr\u00eate pas \u00e0 la visualisation ; le syst\u00e8me utilise \u00e9galement une m\u00e9thode LiDAR Waveform pour identifier et suivre les points de focalisation. Cette m\u00e9thode am\u00e9liore la pr\u00e9cision des r\u00e9glages et permet aux utilisateurs d'effectuer une mise au point pr\u00e9cise rapidement et sans effort.<\/p>\n<h4>Con\u00e7u pour tous les niveaux d'expertise<\/h4>\n<p>En mettant l'accent sur la facilit\u00e9 d'utilisation et la pr\u00e9cision, le syst\u00e8me de mise au point LiDAR est con\u00e7u pour aider les utilisateurs de tous niveaux. M\u00eame les novices en mati\u00e8re de mise au point manuelle peuvent rapidement apprendre et ma\u00eetriser l'art du r\u00e9glage pr\u00e9cis, gr\u00e2ce \u00e0 son interface intuitive et \u00e0 ses technologies avanc\u00e9es.<\/p>\n<h4>A propos des produits reconditionn\u00e9s<\/h4>\n<p><em><strong>Ce produit a \u00e9t\u00e9 utilis\u00e9, mais il est en tr\u00e8s bon \u00e9tat\/comme neuf. Il a \u00e9t\u00e9 retourn\u00e9 dans les 14 jours et n'a souvent \u00e9t\u00e9 utilis\u00e9 que bri\u00e8vement. L'\u00e9tat g\u00e9n\u00e9ral est presque comme neuf.<\/strong><\/em><\/p>","protected":false},"excerpt":{"rendered":"<ul>\n<li>Facilite la mise au point manuelle gr\u00e2ce \u00e0 la technologie LiDAR.<\/li>\n<li>Aide \u00e0 la mise au point visualis\u00e9e pour une utilisation simplifi\u00e9e.<\/li>\n<li>Affiche les points de distance sur les moniteurs principal et \u00e0 distance.<\/li>\n<li>Forme d'onde LiDAR innovante permettant de localiser rapidement les points focaux.<\/li>\n<li>Permet des r\u00e9glages pr\u00e9cis de la mise au point.<\/li>\n<li>Convient aux op\u00e9rateurs de tout niveau d'exp\u00e9rience.<\/li>\n<\/ul>","protected":false},"featured_media":5572,"template":"","meta":{"_acf_changed":false},"product_brand":[],"product_cat":[410,187,97,139],"product_tag":[],"class_list":{"0":"post-19167","1":"product","2":"type-product","3":"status-publish","4":"has-post-thumbnail","6":"product_cat-alle-handheld-gimbals","7":"product_cat-alle-lidar","8":"product_cat-alle-producten","9":"product_cat-refurbished","11":"first","12":"instock","13":"sale","14":"taxable","15":"shipping-taxable","16":"purchasable","17":"product-type-simple"},"acf":[],"yoast_head":"<!-- This site is optimized with the Yoast SEO Premium plugin v27.2 (Yoast SEO v27.2) - https:\/\/yoast.com\/product\/yoast-seo-premium-wordpress\/ -->\n<title>DJI LiDAR Range Finder - Refurbished - koningdrone.be<\/title>\n<meta name=\"robots\" content=\"index, follow, max-snippet:-1, max-image-preview:large, max-video-preview:-1\" \/>\n<link rel=\"canonical\" href=\"https:\/\/koningdrone.be\/fr\/produit\/dji-lidar-range-finder-refurbished\/\" \/>\n<meta property=\"og:locale\" content=\"fr_FR\" \/>\n<meta property=\"og:type\" content=\"article\" \/>\n<meta property=\"og:title\" content=\"DJI LiDAR Range Finder - Refurbished\" \/>\n<meta property=\"og:description\" content=\"Maakt handmatig scherpstellen eenvoudiger met LiDAR-technologie.  Gevisualiseerde focushulp voor vereenvoudigde bediening.  Geeft afstandspunten weer op hoofd- en externe monitoren.  Innovatieve LiDAR-golfvorm om snel focuspunten te lokaliseren.  Maakt nauwkeurige focusaanpassingen mogelijk.  Geschikt voor operators van elk ervaringsniveau.\" \/>\n<meta property=\"og:url\" content=\"https:\/\/koningdrone.be\/fr\/produit\/dji-lidar-range-finder-refurbished\/\" \/>\n<meta property=\"og:site_name\" content=\"koningdrone.be\" \/>\n<meta property=\"article:modified_time\" content=\"2026-04-20T13:07:27+00:00\" \/>\n<meta property=\"og:image\" content=\"https:\/\/koningdrone.be\/wp-content\/uploads\/sites\/13\/2025\/04\/402ad3b9568afa16818055ca7109e25f@large.jpg\" \/>\n\t<meta property=\"og:image:width\" content=\"1200\" \/>\n\t<meta property=\"og:image:height\" content=\"800\" \/>\n\t<meta property=\"og:image:type\" content=\"image\/jpeg\" \/>\n<meta name=\"twitter:card\" content=\"summary_large_image\" \/>\n<meta name=\"twitter:label1\" content=\"Dur\u00e9e de lecture est.\" \/>\n\t<meta name=\"twitter:data1\" content=\"1 minute\" \/>\n<script type=\"application\/ld+json\" class=\"yoast-schema-graph\">{\"@context\":\"https:\/\/schema.org\",\"@graph\":[{\"@type\":\"WebPage\",\"@id\":\"https:\/\/koningdrone.be\/product\/dji-lidar-range-finder-refurbished\/\",\"url\":\"https:\/\/koningdrone.be\/product\/dji-lidar-range-finder-refurbished\/\",\"name\":\"DJI LiDAR Range Finder - Refurbished - koningdrone.be\",\"isPartOf\":{\"@id\":\"https:\/\/koningdrone.be\/#website\"},\"primaryImageOfPage\":{\"@id\":\"https:\/\/koningdrone.be\/product\/dji-lidar-range-finder-refurbished\/#primaryimage\"},\"image\":{\"@id\":\"https:\/\/koningdrone.be\/product\/dji-lidar-range-finder-refurbished\/#primaryimage\"},\"thumbnailUrl\":\"https:\/\/koningdrone.be\/wp-content\/uploads\/sites\/13\/2025\/04\/402ad3b9568afa16818055ca7109e25f@large.jpg\",\"datePublished\":\"2026-04-20T13:07:24+00:00\",\"dateModified\":\"2026-04-20T13:07:27+00:00\",\"breadcrumb\":{\"@id\":\"https:\/\/koningdrone.be\/product\/dji-lidar-range-finder-refurbished\/#breadcrumb\"},\"inLanguage\":\"fr-BE\",\"potentialAction\":[{\"@type\":\"ReadAction\",\"target\":[\"https:\/\/koningdrone.be\/product\/dji-lidar-range-finder-refurbished\/\"]}]},{\"@type\":\"ImageObject\",\"inLanguage\":\"fr-BE\",\"@id\":\"https:\/\/koningdrone.be\/product\/dji-lidar-range-finder-refurbished\/#primaryimage\",\"url\":\"https:\/\/koningdrone.be\/wp-content\/uploads\/sites\/13\/2025\/04\/402ad3b9568afa16818055ca7109e25f@large.jpg\",\"contentUrl\":\"https:\/\/koningdrone.be\/wp-content\/uploads\/sites\/13\/2025\/04\/402ad3b9568afa16818055ca7109e25f@large.jpg\",\"width\":1200,\"height\":800},{\"@type\":\"BreadcrumbList\",\"@id\":\"https:\/\/koningdrone.be\/product\/dji-lidar-range-finder-refurbished\/#breadcrumb\",\"itemListElement\":[{\"@type\":\"ListItem\",\"position\":1,\"name\":\"Home\",\"item\":\"https:\/\/koningdrone.be\/\"},{\"@type\":\"ListItem\",\"position\":2,\"name\":\"AVSS Parachute Recovery System for DJI Matrice 300\/350\",\"item\":\"https:\/\/koningdrone.be\/product\/avss-parachute-recovery-system-for-dji-matrice-300-350\/\"},{\"@type\":\"ListItem\",\"position\":3,\"name\":\"Alle handheld gimbals\",\"item\":\"https:\/\/koningdrone.be\/categorie\/alle-handheld-gimbals\/\"},{\"@type\":\"ListItem\",\"position\":4,\"name\":\"DJI LiDAR Range Finder &#8211; Refurbished\"}]},{\"@type\":\"WebSite\",\"@id\":\"https:\/\/koningdrone.be\/#website\",\"url\":\"https:\/\/koningdrone.be\/\",\"name\":\"Koningdrone.be - Uw online specialist in drones, gimbals, camera's en power stations.\",\"description\":\"De webshop in drones en gimbals\",\"publisher\":{\"@id\":\"https:\/\/koningdrone.be\/#organization\"},\"potentialAction\":[{\"@type\":\"SearchAction\",\"target\":{\"@type\":\"EntryPoint\",\"urlTemplate\":\"https:\/\/koningdrone.be\/?s={search_term_string}\"},\"query-input\":{\"@type\":\"PropertyValueSpecification\",\"valueRequired\":true,\"valueName\":\"search_term_string\"}}],\"inLanguage\":\"fr-BE\"},{\"@type\":\"Organization\",\"@id\":\"https:\/\/koningdrone.be\/#organization\",\"name\":\"Koningdrone.be\",\"url\":\"https:\/\/koningdrone.be\/\",\"logo\":{\"@type\":\"ImageObject\",\"inLanguage\":\"fr-BE\",\"@id\":\"https:\/\/koningdrone.be\/#\/schema\/logo\/image\/\",\"url\":\"https:\/\/koningdrone.be\/wp-content\/uploads\/sites\/13\/2025\/04\/koningdrone-copyright-logo.svg\",\"contentUrl\":\"https:\/\/koningdrone.be\/wp-content\/uploads\/sites\/13\/2025\/04\/koningdrone-copyright-logo.svg\",\"width\":227,\"height\":38,\"caption\":\"Koningdrone.be\"},\"image\":{\"@id\":\"https:\/\/koningdrone.be\/#\/schema\/logo\/image\/\"}}]}<\/script>\n<!-- \/ Yoast SEO Premium plugin. -->","yoast_head_json":{"title":"DJI LiDAR Range Finder - Refurbished - koningdrone.be","robots":{"index":"index","follow":"follow","max-snippet":"max-snippet:-1","max-image-preview":"max-image-preview:large","max-video-preview":"max-video-preview:-1"},"canonical":"https:\/\/koningdrone.be\/fr\/produit\/dji-lidar-range-finder-refurbished\/","og_locale":"fr_FR","og_type":"article","og_title":"DJI LiDAR Range Finder - Refurbished","og_description":"Maakt handmatig scherpstellen eenvoudiger met LiDAR-technologie.  Gevisualiseerde focushulp voor vereenvoudigde bediening.  Geeft afstandspunten weer op hoofd- en externe monitoren.  Innovatieve LiDAR-golfvorm om snel focuspunten te lokaliseren.  Maakt nauwkeurige focusaanpassingen mogelijk.  Geschikt voor operators van elk ervaringsniveau.","og_url":"https:\/\/koningdrone.be\/fr\/produit\/dji-lidar-range-finder-refurbished\/","og_site_name":"koningdrone.be","article_modified_time":"2026-04-20T13:07:27+00:00","og_image":[{"width":1200,"height":800,"url":"https:\/\/koningdrone.be\/wp-content\/uploads\/sites\/13\/2025\/04\/402ad3b9568afa16818055ca7109e25f@large.jpg","type":"image\/jpeg"}],"twitter_card":"summary_large_image","twitter_misc":{"Dur\u00e9e de lecture est.":"1 minute"},"schema":{"@context":"https:\/\/schema.org","@graph":[{"@type":"WebPage","@id":"https:\/\/koningdrone.be\/product\/dji-lidar-range-finder-refurbished\/","url":"https:\/\/koningdrone.be\/product\/dji-lidar-range-finder-refurbished\/","name":"DJI LiDAR Range Finder - Refurbished - koningdrone.be","isPartOf":{"@id":"https:\/\/koningdrone.be\/#website"},"primaryImageOfPage":{"@id":"https:\/\/koningdrone.be\/product\/dji-lidar-range-finder-refurbished\/#primaryimage"},"image":{"@id":"https:\/\/koningdrone.be\/product\/dji-lidar-range-finder-refurbished\/#primaryimage"},"thumbnailUrl":"https:\/\/koningdrone.be\/wp-content\/uploads\/sites\/13\/2025\/04\/402ad3b9568afa16818055ca7109e25f@large.jpg","datePublished":"2026-04-20T13:07:24+00:00","dateModified":"2026-04-20T13:07:27+00:00","breadcrumb":{"@id":"https:\/\/koningdrone.be\/product\/dji-lidar-range-finder-refurbished\/#breadcrumb"},"inLanguage":"fr-BE","potentialAction":[{"@type":"ReadAction","target":["https:\/\/koningdrone.be\/product\/dji-lidar-range-finder-refurbished\/"]}]},{"@type":"ImageObject","inLanguage":"fr-BE","@id":"https:\/\/koningdrone.be\/product\/dji-lidar-range-finder-refurbished\/#primaryimage","url":"https:\/\/koningdrone.be\/wp-content\/uploads\/sites\/13\/2025\/04\/402ad3b9568afa16818055ca7109e25f@large.jpg","contentUrl":"https:\/\/koningdrone.be\/wp-content\/uploads\/sites\/13\/2025\/04\/402ad3b9568afa16818055ca7109e25f@large.jpg","width":1200,"height":800},{"@type":"BreadcrumbList","@id":"https:\/\/koningdrone.be\/product\/dji-lidar-range-finder-refurbished\/#breadcrumb","itemListElement":[{"@type":"ListItem","position":1,"name":"Home","item":"https:\/\/koningdrone.be\/"},{"@type":"ListItem","position":2,"name":"AVSS Parachute Recovery System for DJI Matrice 300\/350","item":"https:\/\/koningdrone.be\/product\/avss-parachute-recovery-system-for-dji-matrice-300-350\/"},{"@type":"ListItem","position":3,"name":"Alle handheld gimbals","item":"https:\/\/koningdrone.be\/categorie\/alle-handheld-gimbals\/"},{"@type":"ListItem","position":4,"name":"DJI LiDAR Range Finder &#8211; Refurbished"}]},{"@type":"WebSite","@id":"https:\/\/koningdrone.be\/#website","url":"https:\/\/koningdrone.be\/","name":"Koningdrone.be - Votre sp\u00e9cialiste en ligne en mati\u00e8re de drones, de cardans, de cam\u00e9ras et de centrales \u00e9lectriques.","description":"La boutique en ligne de drones et de cardans","publisher":{"@id":"https:\/\/koningdrone.be\/#organization"},"potentialAction":[{"@type":"SearchAction","target":{"@type":"EntryPoint","urlTemplate":"https:\/\/koningdrone.be\/?s={search_term_string}"},"query-input":{"@type":"PropertyValueSpecification","valueRequired":true,"valueName":"search_term_string"}}],"inLanguage":"fr-BE"},{"@type":"Organization","@id":"https:\/\/koningdrone.be\/#organization","name":"Kingdrone.co.uk","url":"https:\/\/koningdrone.be\/","logo":{"@type":"ImageObject","inLanguage":"fr-BE","@id":"https:\/\/koningdrone.be\/#\/schema\/logo\/image\/","url":"https:\/\/koningdrone.be\/wp-content\/uploads\/sites\/13\/2025\/04\/koningdrone-copyright-logo.svg","contentUrl":"https:\/\/koningdrone.be\/wp-content\/uploads\/sites\/13\/2025\/04\/koningdrone-copyright-logo.svg","width":227,"height":38,"caption":"Koningdrone.be"},"image":{"@id":"https:\/\/koningdrone.be\/#\/schema\/logo\/image\/"}}]}},"df_price":235,"df_sale_price":235,"df_regular_price":799,"df_image_link":"https:\/\/koningdrone.be\/wp-content\/uploads\/sites\/13\/2025\/04\/402ad3b9568afa16818055ca7109e25f@large-300x200.jpg","_links":{"self":[{"href":"https:\/\/koningdrone.be\/fr\/wp-json\/wp\/v2\/product\/19167","targetHints":{"allow":["GET"]}}],"collection":[{"href":"https:\/\/koningdrone.be\/fr\/wp-json\/wp\/v2\/product"}],"about":[{"href":"https:\/\/koningdrone.be\/fr\/wp-json\/wp\/v2\/types\/product"}],"wp:featuredmedia":[{"embeddable":true,"href":"https:\/\/koningdrone.be\/fr\/wp-json\/wp\/v2\/media\/5572"}],"wp:attachment":[{"href":"https:\/\/koningdrone.be\/fr\/wp-json\/wp\/v2\/media?parent=19167"}],"wp:term":[{"taxonomy":"product_brand","embeddable":true,"href":"https:\/\/koningdrone.be\/fr\/wp-json\/wp\/v2\/product_brand?post=19167"},{"taxonomy":"product_cat","embeddable":true,"href":"https:\/\/koningdrone.be\/fr\/wp-json\/wp\/v2\/product_cat?post=19167"},{"taxonomy":"product_tag","embeddable":true,"href":"https:\/\/koningdrone.be\/fr\/wp-json\/wp\/v2\/product_tag?post=19167"}],"curies":[{"name":"wp","href":"https:\/\/api.w.org\/{rel}","templated":true}]}}