{"id":19164,"date":"2025-06-19T08:29:29","date_gmt":"2025-06-19T06:29:29","guid":{"rendered":"https:\/\/koningdrone.be\/product\/dji-avata-propeller-guard-refurbished-2\/"},"modified":"2026-04-20T14:45:29","modified_gmt":"2026-04-20T12:45:29","slug":"dji-avata-propeller-guard-refurbished-2","status":"publish","type":"product","link":"https:\/\/koningdrone.be\/fr\/produit\/dji-avata-propeller-guard-refurbished-2\/","title":{"rendered":"DJI Avata Propeller Guard - Remis \u00e0 neuf"},"content":{"rendered":"<h4>Am\u00e9lioration de la s\u00e9curit\u00e9 gr\u00e2ce \u00e0 une conception innovante<\/h4>\n<p>La protection d'h\u00e9lice DJI Avata a \u00e9t\u00e9 soigneusement con\u00e7ue pour donner la priorit\u00e9 \u00e0 la s\u00e9curit\u00e9 sans compromettre les performances. Son design distinctif enveloppe les h\u00e9lices, r\u00e9duisant de mani\u00e8re significative le risque d'accident. Ce m\u00e9canisme de protection est particuli\u00e8rement crucial pour les d\u00e9butants, car il offre un environnement d'apprentissage plus s\u00fbr, et pour les pilotes exp\u00e9riment\u00e9s, il ajoute une couche suppl\u00e9mentaire de s\u00e9curit\u00e9 lors de man\u0153uvres compliqu\u00e9es.<\/p>\n<h4>Des performances optimis\u00e9es pour des vols plus fluides<\/h4>\n<p>Outre les avantages en termes de s\u00e9curit\u00e9, la structure des canaux de la protection d'h\u00e9lice joue un r\u00f4le crucial dans l'am\u00e9lioration de l'efficacit\u00e9 a\u00e9rodynamique du drone. En canalisant le flux d'air autour des h\u00e9lices de mani\u00e8re plus contr\u00f4l\u00e9e, elle assure des vols plus fluides et plus stables. Cette optimisation est particuli\u00e8rement b\u00e9n\u00e9fique pour r\u00e9aliser des prises de vue a\u00e9riennes de haute qualit\u00e9 et pour ex\u00e9cuter des techniques de vol pr\u00e9cises dans diff\u00e9rentes conditions.<\/p>\n<h4>Appel universel pour les amateurs de drones<\/h4>\n<p>Que vous fassiez vos premiers pas dans le monde du pilotage de drone ou que vous soyez un expert chevronn\u00e9, la protection d'h\u00e9lice DJI Avata offre des avantages significatifs. Il combine de mani\u00e8re transparente des fonctions de s\u00e9curit\u00e9 avanc\u00e9es et des am\u00e9liorations de performance, ce qui en fait un accessoire indispensable pour tous ceux qui cherchent \u00e0 faire passer leur exp\u00e9rience de vol de drone au niveau sup\u00e9rieur.<\/p>\n<h4>A propos des produits reconditionn\u00e9s<\/h4>\n<p><em><strong>Ce produit a \u00e9t\u00e9 utilis\u00e9, mais il est en tr\u00e8s bon \u00e9tat\/comme neuf. Il a \u00e9t\u00e9 retourn\u00e9 dans les 14 jours et n'a souvent \u00e9t\u00e9 utilis\u00e9 que bri\u00e8vement. L'\u00e9tat g\u00e9n\u00e9ral est presque comme neuf.<\/strong><\/em><\/p>","protected":false},"excerpt":{"rendered":"<ul>\n<li>Conception a\u00e9rodynamique guid\u00e9e et pr\u00e9cise.<\/li>\n<li>Am\u00e9liore la circulation de l'air.<\/li>\n<li>Garantit un vol plus s\u00fbr.<\/li>\n<\/ul>","protected":false},"featured_media":5504,"template":"","meta":{"_acf_changed":false},"product_brand":[],"product_cat":[97,128,136,261,139],"product_tag":[],"class_list":{"0":"post-19164","1":"product","2":"type-product","3":"status-publish","4":"has-post-thumbnail","6":"product_cat-alle-producten","7":"product_cat-alle-propellers","8":"product_cat-consumer-drones","9":"product_cat-dji-avata","10":"product_cat-refurbished","11":"pa_brand-dji","12":"pa_productfamily-propeller-bescherming","13":"pa_producttype-propeller-bescherming","14":"pa_series-avata","16":"first","17":"instock","18":"sale","19":"taxable","20":"shipping-taxable","21":"purchasable","22":"product-type-simple"},"acf":[],"yoast_head":"<!-- This site is optimized with the Yoast SEO Premium plugin v27.2 (Yoast SEO v27.2) - https:\/\/yoast.com\/product\/yoast-seo-premium-wordpress\/ -->\n<title>DJI Avata Propeller Guard - Refurbished - koningdrone.be<\/title>\n<meta name=\"robots\" content=\"index, follow, max-snippet:-1, max-image-preview:large, max-video-preview:-1\" \/>\n<link rel=\"canonical\" href=\"https:\/\/koningdrone.be\/fr\/produit\/dji-avata-propeller-guard-refurbished-2\/\" \/>\n<meta property=\"og:locale\" content=\"fr_FR\" \/>\n<meta property=\"og:type\" content=\"article\" \/>\n<meta property=\"og:title\" content=\"DJI Avata Propeller Guard - Refurbished\" \/>\n<meta property=\"og:description\" content=\"Geleid, nauwkeurig aerodynamisch ontwerp.  Verbetert een soepelere luchtstroom.  Zorgt voor een veiligere vlucht.\" \/>\n<meta property=\"og:url\" content=\"https:\/\/koningdrone.be\/fr\/produit\/dji-avata-propeller-guard-refurbished-2\/\" \/>\n<meta property=\"og:site_name\" content=\"koningdrone.be\" \/>\n<meta property=\"article:modified_time\" content=\"2026-04-20T12:45:29+00:00\" \/>\n<meta property=\"og:image\" content=\"https:\/\/koningdrone.be\/wp-content\/uploads\/sites\/13\/2025\/04\/9988cadf9e23ea46c85277955c85c9ba@large.jpg\" \/>\n\t<meta property=\"og:image:width\" content=\"1200\" \/>\n\t<meta property=\"og:image:height\" content=\"800\" \/>\n\t<meta property=\"og:image:type\" content=\"image\/jpeg\" \/>\n<meta name=\"twitter:card\" content=\"summary_large_image\" \/>\n<meta name=\"twitter:label1\" content=\"Dur\u00e9e de lecture est.\" \/>\n\t<meta name=\"twitter:data1\" content=\"1 minute\" \/>\n<script type=\"application\/ld+json\" class=\"yoast-schema-graph\">{\"@context\":\"https:\/\/schema.org\",\"@graph\":[{\"@type\":\"WebPage\",\"@id\":\"https:\/\/koningdrone.be\/product\/dji-avata-propeller-guard-refurbished-2\/\",\"url\":\"https:\/\/koningdrone.be\/product\/dji-avata-propeller-guard-refurbished-2\/\",\"name\":\"DJI Avata Propeller Guard - Refurbished - koningdrone.be\",\"isPartOf\":{\"@id\":\"https:\/\/koningdrone.be\/#website\"},\"primaryImageOfPage\":{\"@id\":\"https:\/\/koningdrone.be\/product\/dji-avata-propeller-guard-refurbished-2\/#primaryimage\"},\"image\":{\"@id\":\"https:\/\/koningdrone.be\/product\/dji-avata-propeller-guard-refurbished-2\/#primaryimage\"},\"thumbnailUrl\":\"https:\/\/koningdrone.be\/wp-content\/uploads\/sites\/13\/2025\/04\/9988cadf9e23ea46c85277955c85c9ba@large.jpg\",\"datePublished\":\"2025-06-19T06:29:29+00:00\",\"dateModified\":\"2026-04-20T12:45:29+00:00\",\"breadcrumb\":{\"@id\":\"https:\/\/koningdrone.be\/product\/dji-avata-propeller-guard-refurbished-2\/#breadcrumb\"},\"inLanguage\":\"fr-BE\",\"potentialAction\":[{\"@type\":\"ReadAction\",\"target\":[\"https:\/\/koningdrone.be\/product\/dji-avata-propeller-guard-refurbished-2\/\"]}]},{\"@type\":\"ImageObject\",\"inLanguage\":\"fr-BE\",\"@id\":\"https:\/\/koningdrone.be\/product\/dji-avata-propeller-guard-refurbished-2\/#primaryimage\",\"url\":\"https:\/\/koningdrone.be\/wp-content\/uploads\/sites\/13\/2025\/04\/9988cadf9e23ea46c85277955c85c9ba@large.jpg\",\"contentUrl\":\"https:\/\/koningdrone.be\/wp-content\/uploads\/sites\/13\/2025\/04\/9988cadf9e23ea46c85277955c85c9ba@large.jpg\",\"width\":1200,\"height\":800},{\"@type\":\"BreadcrumbList\",\"@id\":\"https:\/\/koningdrone.be\/product\/dji-avata-propeller-guard-refurbished-2\/#breadcrumb\",\"itemListElement\":[{\"@type\":\"ListItem\",\"position\":1,\"name\":\"Home\",\"item\":\"https:\/\/koningdrone.be\/\"},{\"@type\":\"ListItem\",\"position\":2,\"name\":\"AVSS Parachute Recovery System for DJI Matrice 300\/350\",\"item\":\"https:\/\/koningdrone.be\/product\/avss-parachute-recovery-system-for-dji-matrice-300-350\/\"},{\"@type\":\"ListItem\",\"position\":3,\"name\":\"Alle producten\",\"item\":\"https:\/\/koningdrone.be\/categorie\/alle-producten\/\"},{\"@type\":\"ListItem\",\"position\":4,\"name\":\"DJI Avata Propeller Guard &#8211; Refurbished\"}]},{\"@type\":\"WebSite\",\"@id\":\"https:\/\/koningdrone.be\/#website\",\"url\":\"https:\/\/koningdrone.be\/\",\"name\":\"Koningdrone.be - Uw online specialist in drones, gimbals, camera's en power stations.\",\"description\":\"De webshop in drones en gimbals\",\"publisher\":{\"@id\":\"https:\/\/koningdrone.be\/#organization\"},\"potentialAction\":[{\"@type\":\"SearchAction\",\"target\":{\"@type\":\"EntryPoint\",\"urlTemplate\":\"https:\/\/koningdrone.be\/?s={search_term_string}\"},\"query-input\":{\"@type\":\"PropertyValueSpecification\",\"valueRequired\":true,\"valueName\":\"search_term_string\"}}],\"inLanguage\":\"fr-BE\"},{\"@type\":\"Organization\",\"@id\":\"https:\/\/koningdrone.be\/#organization\",\"name\":\"Koningdrone.be\",\"url\":\"https:\/\/koningdrone.be\/\",\"logo\":{\"@type\":\"ImageObject\",\"inLanguage\":\"fr-BE\",\"@id\":\"https:\/\/koningdrone.be\/#\/schema\/logo\/image\/\",\"url\":\"https:\/\/koningdrone.be\/wp-content\/uploads\/sites\/13\/2025\/04\/koningdrone-copyright-logo.svg\",\"contentUrl\":\"https:\/\/koningdrone.be\/wp-content\/uploads\/sites\/13\/2025\/04\/koningdrone-copyright-logo.svg\",\"width\":227,\"height\":38,\"caption\":\"Koningdrone.be\"},\"image\":{\"@id\":\"https:\/\/koningdrone.be\/#\/schema\/logo\/image\/\"}}]}<\/script>\n<!-- \/ Yoast SEO Premium plugin. -->","yoast_head_json":{"title":"DJI Avata Propeller Guard - Refurbished - koningdrone.be","robots":{"index":"index","follow":"follow","max-snippet":"max-snippet:-1","max-image-preview":"max-image-preview:large","max-video-preview":"max-video-preview:-1"},"canonical":"https:\/\/koningdrone.be\/fr\/produit\/dji-avata-propeller-guard-refurbished-2\/","og_locale":"fr_FR","og_type":"article","og_title":"DJI Avata Propeller Guard - Refurbished","og_description":"Geleid, nauwkeurig aerodynamisch ontwerp.  Verbetert een soepelere luchtstroom.  Zorgt voor een veiligere vlucht.","og_url":"https:\/\/koningdrone.be\/fr\/produit\/dji-avata-propeller-guard-refurbished-2\/","og_site_name":"koningdrone.be","article_modified_time":"2026-04-20T12:45:29+00:00","og_image":[{"width":1200,"height":800,"url":"https:\/\/koningdrone.be\/wp-content\/uploads\/sites\/13\/2025\/04\/9988cadf9e23ea46c85277955c85c9ba@large.jpg","type":"image\/jpeg"}],"twitter_card":"summary_large_image","twitter_misc":{"Dur\u00e9e de lecture est.":"1 minute"},"schema":{"@context":"https:\/\/schema.org","@graph":[{"@type":"WebPage","@id":"https:\/\/koningdrone.be\/product\/dji-avata-propeller-guard-refurbished-2\/","url":"https:\/\/koningdrone.be\/product\/dji-avata-propeller-guard-refurbished-2\/","name":"DJI Avata Propeller Guard - Refurbished - koningdrone.be","isPartOf":{"@id":"https:\/\/koningdrone.be\/#website"},"primaryImageOfPage":{"@id":"https:\/\/koningdrone.be\/product\/dji-avata-propeller-guard-refurbished-2\/#primaryimage"},"image":{"@id":"https:\/\/koningdrone.be\/product\/dji-avata-propeller-guard-refurbished-2\/#primaryimage"},"thumbnailUrl":"https:\/\/koningdrone.be\/wp-content\/uploads\/sites\/13\/2025\/04\/9988cadf9e23ea46c85277955c85c9ba@large.jpg","datePublished":"2025-06-19T06:29:29+00:00","dateModified":"2026-04-20T12:45:29+00:00","breadcrumb":{"@id":"https:\/\/koningdrone.be\/product\/dji-avata-propeller-guard-refurbished-2\/#breadcrumb"},"inLanguage":"fr-BE","potentialAction":[{"@type":"ReadAction","target":["https:\/\/koningdrone.be\/product\/dji-avata-propeller-guard-refurbished-2\/"]}]},{"@type":"ImageObject","inLanguage":"fr-BE","@id":"https:\/\/koningdrone.be\/product\/dji-avata-propeller-guard-refurbished-2\/#primaryimage","url":"https:\/\/koningdrone.be\/wp-content\/uploads\/sites\/13\/2025\/04\/9988cadf9e23ea46c85277955c85c9ba@large.jpg","contentUrl":"https:\/\/koningdrone.be\/wp-content\/uploads\/sites\/13\/2025\/04\/9988cadf9e23ea46c85277955c85c9ba@large.jpg","width":1200,"height":800},{"@type":"BreadcrumbList","@id":"https:\/\/koningdrone.be\/product\/dji-avata-propeller-guard-refurbished-2\/#breadcrumb","itemListElement":[{"@type":"ListItem","position":1,"name":"Home","item":"https:\/\/koningdrone.be\/"},{"@type":"ListItem","position":2,"name":"AVSS Parachute Recovery System for DJI Matrice 300\/350","item":"https:\/\/koningdrone.be\/product\/avss-parachute-recovery-system-for-dji-matrice-300-350\/"},{"@type":"ListItem","position":3,"name":"Alle producten","item":"https:\/\/koningdrone.be\/categorie\/alle-producten\/"},{"@type":"ListItem","position":4,"name":"DJI Avata Propeller Guard &#8211; Refurbished"}]},{"@type":"WebSite","@id":"https:\/\/koningdrone.be\/#website","url":"https:\/\/koningdrone.be\/","name":"Koningdrone.be - Votre sp\u00e9cialiste en ligne en mati\u00e8re de drones, de cardans, de cam\u00e9ras et de centrales \u00e9lectriques.","description":"La boutique en ligne de drones et de cardans","publisher":{"@id":"https:\/\/koningdrone.be\/#organization"},"potentialAction":[{"@type":"SearchAction","target":{"@type":"EntryPoint","urlTemplate":"https:\/\/koningdrone.be\/?s={search_term_string}"},"query-input":{"@type":"PropertyValueSpecification","valueRequired":true,"valueName":"search_term_string"}}],"inLanguage":"fr-BE"},{"@type":"Organization","@id":"https:\/\/koningdrone.be\/#organization","name":"Kingdrone.co.uk","url":"https:\/\/koningdrone.be\/","logo":{"@type":"ImageObject","inLanguage":"fr-BE","@id":"https:\/\/koningdrone.be\/#\/schema\/logo\/image\/","url":"https:\/\/koningdrone.be\/wp-content\/uploads\/sites\/13\/2025\/04\/koningdrone-copyright-logo.svg","contentUrl":"https:\/\/koningdrone.be\/wp-content\/uploads\/sites\/13\/2025\/04\/koningdrone-copyright-logo.svg","width":227,"height":38,"caption":"Koningdrone.be"},"image":{"@id":"https:\/\/koningdrone.be\/#\/schema\/logo\/image\/"}}]}},"df_price":8,"df_sale_price":8,"df_regular_price":39,"df_image_link":"https:\/\/koningdrone.be\/wp-content\/uploads\/sites\/13\/2025\/04\/9988cadf9e23ea46c85277955c85c9ba@large-300x200.jpg","_links":{"self":[{"href":"https:\/\/koningdrone.be\/fr\/wp-json\/wp\/v2\/product\/19164","targetHints":{"allow":["GET"]}}],"collection":[{"href":"https:\/\/koningdrone.be\/fr\/wp-json\/wp\/v2\/product"}],"about":[{"href":"https:\/\/koningdrone.be\/fr\/wp-json\/wp\/v2\/types\/product"}],"wp:featuredmedia":[{"embeddable":true,"href":"https:\/\/koningdrone.be\/fr\/wp-json\/wp\/v2\/media\/5504"}],"wp:attachment":[{"href":"https:\/\/koningdrone.be\/fr\/wp-json\/wp\/v2\/media?parent=19164"}],"wp:term":[{"taxonomy":"product_brand","embeddable":true,"href":"https:\/\/koningdrone.be\/fr\/wp-json\/wp\/v2\/product_brand?post=19164"},{"taxonomy":"product_cat","embeddable":true,"href":"https:\/\/koningdrone.be\/fr\/wp-json\/wp\/v2\/product_cat?post=19164"},{"taxonomy":"product_tag","embeddable":true,"href":"https:\/\/koningdrone.be\/fr\/wp-json\/wp\/v2\/product_tag?post=19164"}],"curies":[{"name":"wp","href":"https:\/\/api.w.org\/{rel}","templated":true}]}}