{"id":1912,"date":"2024-11-05T10:24:31","date_gmt":"2024-11-05T09:24:31","guid":{"rendered":"https:\/\/koningdrone.nl\/kon\/product\/dji-zenmuse-h30\/"},"modified":"2026-04-29T03:30:58","modified_gmt":"2026-04-29T01:30:58","slug":"dji-zenmuse-h30","status":"publish","type":"product","link":"https:\/\/koningdrone.be\/fr\/produit\/dji-zenmuse-h30\/","title":{"rendered":"DJI Zenmuse H30"},"content":{"rendered":"<h3>DJI Zenmuse H30 (Uni. Edi.) : La solution multi-capteurs ultime pour l'inspection de pr\u00e9cision<\/h3>\n<p><iframe loading=\"lazy\" title=\"Test de fiabilit\u00e9 de la s\u00e9rie DJI Zenmuse H30\" width=\"800\" height=\"450\" src=\"https:\/\/www.youtube.com\/embed\/sxkcgrV2yQM?feature=oembed&#038;enablejsapi=1&#038;origin=https:\/\/koningdrone.be\" frameborder=\"0\" allow=\"accelerometer; autoplay; clipboard-write; encrypted-media; gyroscope; picture-in-picture; web-share\" referrerpolicy=\"strict-origin-when-cross-origin\" allowfullscreen><\/iframe><\/p>\n<p style=\"margin: 20px 0\">Le <strong>DJI Zenmuse H30<\/strong> marque un nouveau point culminant dans l'\u00e9volution des charges utiles d'entreprise. Con\u00e7u comme une centrale visuelle tout-en-un, ce syst\u00e8me int\u00e8gre cinq modules puissants dans un seul bo\u00eetier. Pour les professionnels des secteurs de l'\u00e9nergie, de la s\u00e9curit\u00e9 publique et de la gestion des infrastructures, le H30 offre une capacit\u00e9 sans pr\u00e9c\u00e9dent \u00e0 rendre visible l'invisible. Qu'il s'agisse d'identifier de minuscules d\u00e9fauts sur des pyl\u00f4nes \u00e0 haute tension \u00e0 des kilom\u00e8tres de distance ou de coordonner des op\u00e9rations de sauvetage dans l'obscurit\u00e9 la plus profonde, le Zenmuse H30 fournit l'intelligence visuelle n\u00e9cessaire \u00e0 la prise de d\u00e9cisions critiques.<\/p>\n<p style=\"text-align: center\"><a href=\"https:\/\/koningdrone.nl\/wp-content\/uploads\/2024\/11\/DJI-Product-Zenmuse-H30.webp\"><img loading=\"lazy\" decoding=\"async\" class=\"alignnone size-full wp-image-467192\" src=\"https:\/\/koningdrone.nl\/wp-content\/uploads\/2024\/11\/DJI-Product-Zenmuse-H30.webp\" alt=\"DJI Product Zenmuse H30\" width=\"1200\" height=\"800\" \/><\/a><\/p>\n<h4>Performances optiques sup\u00e9rieures et zoom in\u00e9gal\u00e9<\/h4>\n<p>Les capacit\u00e9s visuelles du Zenmuse H30 sont r\u00e9volutionnaires. La charge utile est \u00e9quip\u00e9e d'un <strong>Appareil photo grand angle de 48 MP<\/strong> pour des images ambiantes claires, mais sa v\u00e9ritable force r\u00e9side dans son appareil photo \u00e0 zoom. Avec <strong>Zoom optique 34\u00d7<\/strong> et un nombre d\u00e9concertant de <strong>Zoom num\u00e9rique 400\u00d7<\/strong> permet au H30 de capturer des d\u00e9tails invisibles \u00e0 l'\u0153il humain \u00e0 une distance s\u00fbre. Il n'est donc plus n\u00e9cessaire de faire voler le drone \u00e0 proximit\u00e9 d'objets ou d'obstacles dangereux, ce qui accro\u00eet consid\u00e9rablement la s\u00e9curit\u00e9 des op\u00e9rations. Gr\u00e2ce \u00e0 la stabilisation am\u00e9lior\u00e9e de l'image, les images restent extr\u00eamement nettes et exploitables, m\u00eame avec un grossissement maximal.<\/p>\n<h4>Fusion de capteurs et vision nocturne avanc\u00e9es<\/h4>\n<p>Le Zenmuse H30 est con\u00e7u pour fonctionner lorsque les conditions de luminosit\u00e9 se d\u00e9gradent. L'int\u00e9gration d'un <strong>t\u00e9l\u00e9m\u00e8tre laser (LRF)<\/strong> d'une port\u00e9e de plusieurs kilom\u00e8tres, permet de d\u00e9terminer les coordonn\u00e9es et de mesurer les distances avec une grande pr\u00e9cision. Pour les op\u00e9rations \u00e0 faible luminosit\u00e9, la charge utile est dot\u00e9e d'un syst\u00e8me d'affichage de l'image. <strong>Lumi\u00e8re auxiliaire NIR (Near-Infrared)<\/strong> et un mode de vision nocturne optimis\u00e9, permettant de poursuivre les inspections et les recherches 24 heures sur 24 et 7 jours sur 7. Cette approche multi-capteurs permet de ne jamais d\u00e9pendre de conditions m\u00e9t\u00e9orologiques favorables ou de la lumi\u00e8re du jour.<\/p>\n<p style=\"text-align: center\"><a href=\"https:\/\/koningdrone.nl\/wp-content\/uploads\/2024\/11\/Zenmuse-DJI-H30-Product.webp\"><img loading=\"lazy\" decoding=\"async\" class=\"aligncenter wp-image-467184 size-medium\" src=\"https:\/\/koningdrone.nl\/wp-content\/uploads\/2024\/11\/Zenmuse-DJI-H30-Product-300x300.webp\" alt=\"Zenmuse DJI H30 Product\" width=\"300\" height=\"300\" \/><\/a><\/p>\n<h4>Design industriel et int\u00e9gration transparente<\/h4>\n<p>Con\u00e7ue pour les conditions de terrain les plus difficiles, la Zenmuse H30 est dot\u00e9e d'un syst\u00e8me d'alarme. <strong>IP54<\/strong> qui r\u00e9siste \u00e0 la poussi\u00e8re et aux \u00e9claboussures d'eau. La charge utile utilise le <strong>DJI SkyPort<\/strong>, qui permet de le monter en quelques secondes sur les plates-formes Matrice compatibles. Le syst\u00e8me de cardan \u00e0 3 axes corrige toute vibration, m\u00eame lors de mouvements de vol rapides ou par vent fort, ce qui permet d'obtenir des donn\u00e9es vid\u00e9o fluides et professionnelles. Malgr\u00e9 sa technologie complexe, le syst\u00e8me est compact et \u00e9conome en \u00e9nergie, ce qui maximise le temps de vol du drone.<\/p>","protected":false},"excerpt":{"rendered":"<ul>\n<li>Visibilit\u00e9 ultra-lumineuse et d\u00e9taill\u00e9e gr\u00e2ce aux cam\u00e9ras zoom de 40 MP et grand angle de 48 MP<\/li>\n<li>Prise en charge d'un zoom optique jusqu'\u00e0 34\u00d7 et d'un zoom num\u00e9rique jusqu'\u00e0 400\u00d7<\/li>\n<li>T\u00e9l\u00e9m\u00e8tre laser d'une port\u00e9e allant jusqu'\u00e0 environ 3000 m pour une d\u00e9termination pr\u00e9cise de la distance<\/li>\n<li>\u00c9clairage auxiliaire NIR et modes d'image intelligents pour de meilleures performances en basse lumi\u00e8re<\/li>\n<li>R\u00e9sistance aux intemp\u00e9ries IP54 et stabilisation sur 3 axes pour une utilisation industrielle robuste<\/li>\n<\/ul>","protected":false},"featured_media":17020,"template":"","meta":{"_acf_changed":false},"product_brand":[],"product_cat":[298,153,1583,288],"product_tag":[],"class_list":{"0":"post-1912","1":"product","2":"type-product","3":"status-publish","4":"has-post-thumbnail","6":"product_cat-alle-industriele-camera","7":"product_cat-dji-matrice-350","8":"product_cat-dji-matrice-400","9":"product_cat-dji-zenmuse-h30","10":"product_shipping_class-uavspacesall","11":"pa_brand-dji","12":"pa_producttype-bedrijfscamera-payload","13":"pa_series-zenmuse","15":"first","16":"instock","17":"taxable","18":"shipping-taxable","19":"purchasable","20":"product-type-simple"},"acf":[],"yoast_head":"<!-- This site is optimized with the Yoast SEO Premium plugin v27.2 (Yoast SEO v27.2) - https:\/\/yoast.com\/product\/yoast-seo-premium-wordpress\/ -->\n<title>DJI Zenmuse H30 - koningdrone.be<\/title>\n<meta name=\"robots\" content=\"index, follow, max-snippet:-1, max-image-preview:large, max-video-preview:-1\" \/>\n<link rel=\"canonical\" href=\"https:\/\/koningdrone.be\/fr\/produit\/dji-zenmuse-h30\/\" \/>\n<meta property=\"og:locale\" content=\"fr_FR\" \/>\n<meta property=\"og:type\" content=\"article\" \/>\n<meta property=\"og:title\" content=\"DJI Zenmuse H30\" \/>\n<meta property=\"og:description\" content=\"Ultra\u2011heldere en gedetailleerde zichtbaarheid met 40\u202fMP zoom\u2011 en 48\u202fMP groothoekcamera\u2019s  Ondersteuning tot 34\u00d7 optische zoom en 400\u00d7 digitale zoom  Laserafstandsmeter met bereik tot ca. 3000\u202fm voor nauwkeurige afstandsbepaling  NIR\u2011hulpverlichting en intelligente beeldmodi voor betere prestaties bij weinig licht  IP54\u2011weerbestendigheid en 3\u2011assige stabilisatie voor robuuste industri\u00eble inzet\" \/>\n<meta property=\"og:url\" content=\"https:\/\/koningdrone.be\/fr\/produit\/dji-zenmuse-h30\/\" \/>\n<meta property=\"og:site_name\" content=\"koningdrone.be\" \/>\n<meta property=\"article:modified_time\" content=\"2026-04-29T01:30:58+00:00\" \/>\n<meta property=\"og:image\" content=\"https:\/\/koningdrone.be\/wp-content\/uploads\/sites\/13\/2026\/03\/DJI-Zenmuse-H30.webp\" \/>\n\t<meta property=\"og:image:width\" content=\"2048\" \/>\n\t<meta property=\"og:image:height\" content=\"2048\" \/>\n\t<meta property=\"og:image:type\" content=\"image\/webp\" \/>\n<meta name=\"twitter:card\" content=\"summary_large_image\" \/>\n<meta name=\"twitter:label1\" content=\"Dur\u00e9e de lecture est.\" \/>\n\t<meta name=\"twitter:data1\" content=\"2 minutes\" \/>\n<script type=\"application\/ld+json\" class=\"yoast-schema-graph\">{\"@context\":\"https:\/\/schema.org\",\"@graph\":[{\"@type\":\"WebPage\",\"@id\":\"https:\/\/koningdrone.be\/product\/dji-zenmuse-h30\/\",\"url\":\"https:\/\/koningdrone.be\/product\/dji-zenmuse-h30\/\",\"name\":\"DJI Zenmuse H30 - koningdrone.be\",\"isPartOf\":{\"@id\":\"https:\/\/koningdrone.be\/#website\"},\"primaryImageOfPage\":{\"@id\":\"https:\/\/koningdrone.be\/product\/dji-zenmuse-h30\/#primaryimage\"},\"image\":{\"@id\":\"https:\/\/koningdrone.be\/product\/dji-zenmuse-h30\/#primaryimage\"},\"thumbnailUrl\":\"https:\/\/koningdrone.be\/wp-content\/uploads\/sites\/13\/2026\/03\/DJI-Zenmuse-H30.webp\",\"datePublished\":\"2024-11-05T09:24:31+00:00\",\"dateModified\":\"2026-04-29T01:30:58+00:00\",\"breadcrumb\":{\"@id\":\"https:\/\/koningdrone.be\/product\/dji-zenmuse-h30\/#breadcrumb\"},\"inLanguage\":\"fr-BE\",\"potentialAction\":[{\"@type\":\"ReadAction\",\"target\":[\"https:\/\/koningdrone.be\/product\/dji-zenmuse-h30\/\"]}]},{\"@type\":\"ImageObject\",\"inLanguage\":\"fr-BE\",\"@id\":\"https:\/\/koningdrone.be\/product\/dji-zenmuse-h30\/#primaryimage\",\"url\":\"https:\/\/koningdrone.be\/wp-content\/uploads\/sites\/13\/2026\/03\/DJI-Zenmuse-H30.webp\",\"contentUrl\":\"https:\/\/koningdrone.be\/wp-content\/uploads\/sites\/13\/2026\/03\/DJI-Zenmuse-H30.webp\",\"width\":2048,\"height\":2048},{\"@type\":\"BreadcrumbList\",\"@id\":\"https:\/\/koningdrone.be\/product\/dji-zenmuse-h30\/#breadcrumb\",\"itemListElement\":[{\"@type\":\"ListItem\",\"position\":1,\"name\":\"Home\",\"item\":\"https:\/\/koningdrone.be\/\"},{\"@type\":\"ListItem\",\"position\":2,\"name\":\"AVSS Parachute Recovery System for DJI Matrice 300\/350\",\"item\":\"https:\/\/koningdrone.be\/product\/avss-parachute-recovery-system-for-dji-matrice-300-350\/\"},{\"@type\":\"ListItem\",\"position\":3,\"name\":\"Alle industriele camera\",\"item\":\"https:\/\/koningdrone.be\/categorie\/alle-industriele-camera\/\"},{\"@type\":\"ListItem\",\"position\":4,\"name\":\"DJI Zenmuse H30\"}]},{\"@type\":\"WebSite\",\"@id\":\"https:\/\/koningdrone.be\/#website\",\"url\":\"https:\/\/koningdrone.be\/\",\"name\":\"Koningdrone.be - Uw online specialist in drones, gimbals, camera's en power stations.\",\"description\":\"De webshop in drones en gimbals\",\"publisher\":{\"@id\":\"https:\/\/koningdrone.be\/#organization\"},\"potentialAction\":[{\"@type\":\"SearchAction\",\"target\":{\"@type\":\"EntryPoint\",\"urlTemplate\":\"https:\/\/koningdrone.be\/?s={search_term_string}\"},\"query-input\":{\"@type\":\"PropertyValueSpecification\",\"valueRequired\":true,\"valueName\":\"search_term_string\"}}],\"inLanguage\":\"fr-BE\"},{\"@type\":\"Organization\",\"@id\":\"https:\/\/koningdrone.be\/#organization\",\"name\":\"Koningdrone.be\",\"url\":\"https:\/\/koningdrone.be\/\",\"logo\":{\"@type\":\"ImageObject\",\"inLanguage\":\"fr-BE\",\"@id\":\"https:\/\/koningdrone.be\/#\/schema\/logo\/image\/\",\"url\":\"https:\/\/koningdrone.be\/wp-content\/uploads\/sites\/13\/2025\/04\/koningdrone-copyright-logo.svg\",\"contentUrl\":\"https:\/\/koningdrone.be\/wp-content\/uploads\/sites\/13\/2025\/04\/koningdrone-copyright-logo.svg\",\"width\":227,\"height\":38,\"caption\":\"Koningdrone.be\"},\"image\":{\"@id\":\"https:\/\/koningdrone.be\/#\/schema\/logo\/image\/\"}}]}<\/script>\n<!-- \/ Yoast SEO Premium plugin. -->","yoast_head_json":{"title":"DJI Zenmuse H30 - koningdrone.be","robots":{"index":"index","follow":"follow","max-snippet":"max-snippet:-1","max-image-preview":"max-image-preview:large","max-video-preview":"max-video-preview:-1"},"canonical":"https:\/\/koningdrone.be\/fr\/produit\/dji-zenmuse-h30\/","og_locale":"fr_FR","og_type":"article","og_title":"DJI Zenmuse H30","og_description":"Ultra\u2011heldere en gedetailleerde zichtbaarheid met 40\u202fMP zoom\u2011 en 48\u202fMP groothoekcamera\u2019s  Ondersteuning tot 34\u00d7 optische zoom en 400\u00d7 digitale zoom  Laserafstandsmeter met bereik tot ca. 3000\u202fm voor nauwkeurige afstandsbepaling  NIR\u2011hulpverlichting en intelligente beeldmodi voor betere prestaties bij weinig licht  IP54\u2011weerbestendigheid en 3\u2011assige stabilisatie voor robuuste industri\u00eble inzet","og_url":"https:\/\/koningdrone.be\/fr\/produit\/dji-zenmuse-h30\/","og_site_name":"koningdrone.be","article_modified_time":"2026-04-29T01:30:58+00:00","og_image":[{"width":2048,"height":2048,"url":"https:\/\/koningdrone.be\/wp-content\/uploads\/sites\/13\/2026\/03\/DJI-Zenmuse-H30.webp","type":"image\/webp"}],"twitter_card":"summary_large_image","twitter_misc":{"Dur\u00e9e de lecture est.":"2 minutes"},"schema":{"@context":"https:\/\/schema.org","@graph":[{"@type":"WebPage","@id":"https:\/\/koningdrone.be\/product\/dji-zenmuse-h30\/","url":"https:\/\/koningdrone.be\/product\/dji-zenmuse-h30\/","name":"DJI Zenmuse H30 - koningdrone.be","isPartOf":{"@id":"https:\/\/koningdrone.be\/#website"},"primaryImageOfPage":{"@id":"https:\/\/koningdrone.be\/product\/dji-zenmuse-h30\/#primaryimage"},"image":{"@id":"https:\/\/koningdrone.be\/product\/dji-zenmuse-h30\/#primaryimage"},"thumbnailUrl":"https:\/\/koningdrone.be\/wp-content\/uploads\/sites\/13\/2026\/03\/DJI-Zenmuse-H30.webp","datePublished":"2024-11-05T09:24:31+00:00","dateModified":"2026-04-29T01:30:58+00:00","breadcrumb":{"@id":"https:\/\/koningdrone.be\/product\/dji-zenmuse-h30\/#breadcrumb"},"inLanguage":"fr-BE","potentialAction":[{"@type":"ReadAction","target":["https:\/\/koningdrone.be\/product\/dji-zenmuse-h30\/"]}]},{"@type":"ImageObject","inLanguage":"fr-BE","@id":"https:\/\/koningdrone.be\/product\/dji-zenmuse-h30\/#primaryimage","url":"https:\/\/koningdrone.be\/wp-content\/uploads\/sites\/13\/2026\/03\/DJI-Zenmuse-H30.webp","contentUrl":"https:\/\/koningdrone.be\/wp-content\/uploads\/sites\/13\/2026\/03\/DJI-Zenmuse-H30.webp","width":2048,"height":2048},{"@type":"BreadcrumbList","@id":"https:\/\/koningdrone.be\/product\/dji-zenmuse-h30\/#breadcrumb","itemListElement":[{"@type":"ListItem","position":1,"name":"Home","item":"https:\/\/koningdrone.be\/"},{"@type":"ListItem","position":2,"name":"AVSS Parachute Recovery System for DJI Matrice 300\/350","item":"https:\/\/koningdrone.be\/product\/avss-parachute-recovery-system-for-dji-matrice-300-350\/"},{"@type":"ListItem","position":3,"name":"Alle industriele camera","item":"https:\/\/koningdrone.be\/categorie\/alle-industriele-camera\/"},{"@type":"ListItem","position":4,"name":"DJI Zenmuse H30"}]},{"@type":"WebSite","@id":"https:\/\/koningdrone.be\/#website","url":"https:\/\/koningdrone.be\/","name":"Koningdrone.be - Votre sp\u00e9cialiste en ligne en mati\u00e8re de drones, de cardans, de cam\u00e9ras et de centrales \u00e9lectriques.","description":"La boutique en ligne de drones et de cardans","publisher":{"@id":"https:\/\/koningdrone.be\/#organization"},"potentialAction":[{"@type":"SearchAction","target":{"@type":"EntryPoint","urlTemplate":"https:\/\/koningdrone.be\/?s={search_term_string}"},"query-input":{"@type":"PropertyValueSpecification","valueRequired":true,"valueName":"search_term_string"}}],"inLanguage":"fr-BE"},{"@type":"Organization","@id":"https:\/\/koningdrone.be\/#organization","name":"Kingdrone.co.uk","url":"https:\/\/koningdrone.be\/","logo":{"@type":"ImageObject","inLanguage":"fr-BE","@id":"https:\/\/koningdrone.be\/#\/schema\/logo\/image\/","url":"https:\/\/koningdrone.be\/wp-content\/uploads\/sites\/13\/2025\/04\/koningdrone-copyright-logo.svg","contentUrl":"https:\/\/koningdrone.be\/wp-content\/uploads\/sites\/13\/2025\/04\/koningdrone-copyright-logo.svg","width":227,"height":38,"caption":"Koningdrone.be"},"image":{"@id":"https:\/\/koningdrone.be\/#\/schema\/logo\/image\/"}}]}},"df_price":4487,"df_sale_price":"","df_regular_price":4487,"df_image_link":"https:\/\/koningdrone.be\/wp-content\/uploads\/sites\/13\/2026\/03\/DJI-Zenmuse-H30-300x300.webp","_links":{"self":[{"href":"https:\/\/koningdrone.be\/fr\/wp-json\/wp\/v2\/product\/1912","targetHints":{"allow":["GET"]}}],"collection":[{"href":"https:\/\/koningdrone.be\/fr\/wp-json\/wp\/v2\/product"}],"about":[{"href":"https:\/\/koningdrone.be\/fr\/wp-json\/wp\/v2\/types\/product"}],"wp:featuredmedia":[{"embeddable":true,"href":"https:\/\/koningdrone.be\/fr\/wp-json\/wp\/v2\/media\/17020"}],"wp:attachment":[{"href":"https:\/\/koningdrone.be\/fr\/wp-json\/wp\/v2\/media?parent=1912"}],"wp:term":[{"taxonomy":"product_brand","embeddable":true,"href":"https:\/\/koningdrone.be\/fr\/wp-json\/wp\/v2\/product_brand?post=1912"},{"taxonomy":"product_cat","embeddable":true,"href":"https:\/\/koningdrone.be\/fr\/wp-json\/wp\/v2\/product_cat?post=1912"},{"taxonomy":"product_tag","embeddable":true,"href":"https:\/\/koningdrone.be\/fr\/wp-json\/wp\/v2\/product_tag?post=1912"}],"curies":[{"name":"wp","href":"https:\/\/api.w.org\/{rel}","templated":true}]}}