{"id":1909,"date":"2024-11-05T10:24:31","date_gmt":"2024-11-05T09:24:31","guid":{"rendered":"https:\/\/koningdrone.nl\/kon\/product\/dji-zenmuse-h30t\/"},"modified":"2026-05-01T03:31:00","modified_gmt":"2026-05-01T01:31:00","slug":"dji-zenmuse-h30t","status":"publish","type":"product","link":"https:\/\/koningdrone.be\/fr\/produit\/dji-zenmuse-h30t\/","title":{"rendered":"DJI Zenmuse H30T"},"content":{"rendered":"<h3>DJI Zenmuse H30T : la centrale multispectrale ultime pour l'intelligence tactique<\/h3>\n<p><iframe loading=\"lazy\" title=\"Zenmuse H30T en action : l&#039;impact de la technologie des drones sur la s\u00e9curit\u00e9 des \u00e9v\u00e9nements\" width=\"800\" height=\"450\" src=\"https:\/\/www.youtube.com\/embed\/4mHZHCfbjIs?feature=oembed&#038;enablejsapi=1&#038;origin=https:\/\/koningdrone.be\" frameborder=\"0\" allow=\"accelerometer; autoplay; clipboard-write; encrypted-media; gyroscope; picture-in-picture; web-share\" referrerpolicy=\"strict-origin-when-cross-origin\" allowfullscreen><\/iframe><\/p>\n<p style=\"margin: 20px 0\">Le <strong>DJI Zenmuse H30T<\/strong> La cam\u00e9ra H30T d\u00e9finit le summum absolu des charges utiles d'entreprise en associant la pr\u00e9cision thermique \u00e0 une puissance de zoom optique sans pr\u00e9c\u00e9dent. L\u00e0 o\u00f9 les solutions standard ne tiennent pas compte des diff\u00e9rences de temp\u00e9rature, le H30T offre une vue d'ensemble de la r\u00e9alit\u00e9. Ce syst\u00e8me est la norme indispensable pour les \u00e9quipes de recherche et de sauvetage, les pompiers et les inspecteurs des infrastructures \u00e9nerg\u00e9tiques vitales. Il permet aux op\u00e9rateurs de voir \u00e0 travers la fum\u00e9e, l'obscurit\u00e9 et les grandes distances, transformant des missions complexes en op\u00e9rations bas\u00e9es sur des donn\u00e9es, avec une s\u00e9curit\u00e9 maximale.<\/p>\n<p style=\"text-align: center\"><a href=\"https:\/\/koningdrone.nl\/wp-content\/uploads\/2024\/11\/DJI-Zenmuse-H30T-Product.webp\"><img loading=\"lazy\" decoding=\"async\" class=\"alignnone size-full wp-image-467216\" src=\"https:\/\/koningdrone.nl\/wp-content\/uploads\/2024\/11\/DJI-Zenmuse-H30T-Product.webp\" alt=\"DJI Zenmuse H30T Product\" width=\"1200\" height=\"800\" \/><\/a><\/p>\n<h4>Synergie thermique et optique sup\u00e9rieure<\/h4>\n<p>Le H30T est \u00e9quip\u00e9 d'un <strong>Cam\u00e9ra thermique 640 \u00d7 512<\/strong>, Le syst\u00e8me d'alarme de l'appareil est pilot\u00e9 par un capteur d'oxyde de vanadium non refroidi et un syst\u00e8me d'\u00e9mission de lumi\u00e8re. <strong>Objectif f\/1.0 53 mm<\/strong>. Il en r\u00e9sulte une image thermique d'une nettet\u00e9 exceptionnelle, qui permet de d\u00e9tecter les points chauds et les anomalies thermiques avec une pr\u00e9cision chirurgicale. En plus de ses capacit\u00e9s thermiques, la charge utile est dot\u00e9e d'un syst\u00e8me de surveillance de l'environnement. <strong>Appareil photo grand angle de 48 MP<\/strong> et un nombre d\u00e9concertant de <strong>Appareil photo \u00e0 zoom de 40 MP<\/strong>. Avec <strong>Zoom optique 34\u00d7<\/strong> et jusqu'\u00e0 <strong>Zoom num\u00e9rique 400\u00d7<\/strong> m\u00eame les plus petits d\u00e9fauts sur les lignes \u00e0 haute tension ou les \u00e9oliennes peuvent \u00eatre analys\u00e9s \u00e0 des kilom\u00e8tres de distance, bien au-del\u00e0 des zones de danger.<\/p>\n<h4>Fonctionnalit\u00e9 tactique et domination de la vision nocturne<\/h4>\n<p>Le H30T se distingue par sa capacit\u00e9 \u00e0 fusionner les donn\u00e9es thermiques et visuelles en temps r\u00e9el. Le syst\u00e8me int\u00e9gr\u00e9 de <strong>t\u00e9l\u00e9m\u00e8tre laser (LRF)<\/strong> fournit des coordonn\u00e9es pr\u00e9cises et des mesures de distance jusqu'\u00e0 plusieurs kilom\u00e8tres, ce qui est crucial pour la planification strat\u00e9gique. Pour les op\u00e9rations dans l'obscurit\u00e9 totale, le <strong>Lumi\u00e8re auxiliaire NIR (Near-Infrared)<\/strong> et le mode de vision nocturne avanc\u00e9 garantissent la pr\u00e9servation des d\u00e9tails visuels, tandis que le mode de vision nocturne avanc\u00e9 garantit la pr\u00e9servation des d\u00e9tails visuels. <strong>mode thermique super-r\u00e9solution<\/strong> rend les minuscules sources de chaleur visibles m\u00eame \u00e0 de longues distances. Le H30T est donc l'instrument le plus polyvalent pour un d\u00e9ploiement 24\/7.<\/p>\n<p style=\"text-align: center\"><a href=\"https:\/\/koningdrone.nl\/wp-content\/uploads\/2024\/11\/Product-DJI-Zenmuse-H30T.webp\"><img loading=\"lazy\" decoding=\"async\" class=\"alignnone wp-image-467215 size-medium\" src=\"https:\/\/koningdrone.nl\/wp-content\/uploads\/2024\/11\/Product-DJI-Zenmuse-H30T-300x300.webp\" alt=\"Product DJI Zenmuse H30T\" width=\"300\" height=\"300\" \/><\/a><\/p>\n<h4>Qualit\u00e9 et fiabilit\u00e9 des b\u00e2timents industriels<\/h4>\n<p>Le Zenmuse H30T est con\u00e7u pour survivre dans les environnements les plus hostiles. Avec un <strong>IP54<\/strong> la charge utile est prot\u00e9g\u00e9e de la poussi\u00e8re et des projections d'eau, ce qui permet aux op\u00e9rations sous la pluie ou dans des complexes industriels poussi\u00e9reux de se d\u00e9rouler sans probl\u00e8me. Le c\u00e9l\u00e8bre <strong>Stabilisation par cardan \u00e0 3 axes<\/strong> de DJI capture chaque vibration, m\u00eame lors de mouvements de vol explosifs ou de fortes rafales de vent, ce qui permet d'obtenir un flux vid\u00e9o stable et de qualit\u00e9 laboratoire. Gr\u00e2ce \u00e0 la <strong>Syst\u00e8me SkyPort<\/strong> le H30T est pr\u00eat \u00e0 d\u00e9coller sur le Matrice 300 ou 350 RTK en quelques secondes, son poids l\u00e9ger optimisant le temps de vol du drone.<\/p>","protected":false},"excerpt":{"rendered":"<ul>\n<li>Cam\u00e9ra thermique haute r\u00e9solution pour la d\u00e9tection par faible luminosit\u00e9<\/li>\n<li>Capteurs optiques multiples avec capacit\u00e9s de zoom \u00e9tendues<\/li>\n<li>T\u00e9l\u00e9m\u00e8tre laser pour une d\u00e9termination pr\u00e9cise de la distance<\/li>\n<li>Protection IP54 et stabilisation robuste du cardan<\/li>\n<li>Con\u00e7u pour \u00eatre utilis\u00e9 avec les drones d'entreprise DJI<\/li>\n<\/ul>","protected":false},"featured_media":17029,"template":"","meta":{"_acf_changed":false},"product_brand":[],"product_cat":[153,1583,288,1808],"product_tag":[],"class_list":{"0":"post-1909","1":"product","2":"type-product","3":"status-publish","4":"has-post-thumbnail","6":"product_cat-dji-matrice-350","7":"product_cat-dji-matrice-400","8":"product_cat-dji-zenmuse-h30","9":"product_cat-thermal-cam","10":"product_shipping_class-uavspacesall","11":"pa_brand-dji","12":"pa_producttype-bedrijfscamera-payload","13":"pa_series-zenmuse","15":"first","16":"instock","17":"taxable","18":"shipping-taxable","19":"purchasable","20":"product-type-simple"},"acf":[],"yoast_head":"<!-- This site is optimized with the Yoast SEO Premium plugin v27.2 (Yoast SEO v27.2) - https:\/\/yoast.com\/product\/yoast-seo-premium-wordpress\/ -->\n<title>DJI Zenmuse H30T - koningdrone.be<\/title>\n<meta name=\"robots\" content=\"index, follow, max-snippet:-1, max-image-preview:large, max-video-preview:-1\" \/>\n<link rel=\"canonical\" href=\"https:\/\/koningdrone.be\/fr\/produit\/dji-zenmuse-h30t\/\" \/>\n<meta property=\"og:locale\" content=\"fr_FR\" \/>\n<meta property=\"og:type\" content=\"article\" \/>\n<meta property=\"og:title\" content=\"DJI Zenmuse H30T\" \/>\n<meta property=\"og:description\" content=\"Thermische camera met hoge resolutie voor detectie bij weinig licht  Meerdere optische sensoren met uitgebreide zoom\u2011mogelijkheden  Laserafstandsmeter voor nauwkeurige afstandsbepaling  IP54\u2011bescherming en robuuste gimbal\u2011stabilisatie  Ontworpen voor gebruik met DJI enterprise\u2011drones\" \/>\n<meta property=\"og:url\" content=\"https:\/\/koningdrone.be\/fr\/produit\/dji-zenmuse-h30t\/\" \/>\n<meta property=\"og:site_name\" content=\"koningdrone.be\" \/>\n<meta property=\"article:modified_time\" content=\"2026-05-01T01:31:00+00:00\" \/>\n<meta property=\"og:image\" content=\"https:\/\/koningdrone.be\/wp-content\/uploads\/sites\/13\/2026\/03\/DJI-Zenmuse-H30T.webp\" \/>\n\t<meta property=\"og:image:width\" content=\"2048\" \/>\n\t<meta property=\"og:image:height\" content=\"2048\" \/>\n\t<meta property=\"og:image:type\" content=\"image\/webp\" \/>\n<meta name=\"twitter:card\" content=\"summary_large_image\" \/>\n<meta name=\"twitter:label1\" content=\"Dur\u00e9e de lecture est.\" \/>\n\t<meta name=\"twitter:data1\" content=\"2 minutes\" \/>\n<script type=\"application\/ld+json\" class=\"yoast-schema-graph\">{\"@context\":\"https:\/\/schema.org\",\"@graph\":[{\"@type\":\"WebPage\",\"@id\":\"https:\/\/koningdrone.be\/product\/dji-zenmuse-h30t\/\",\"url\":\"https:\/\/koningdrone.be\/product\/dji-zenmuse-h30t\/\",\"name\":\"DJI Zenmuse H30T - koningdrone.be\",\"isPartOf\":{\"@id\":\"https:\/\/koningdrone.be\/#website\"},\"primaryImageOfPage\":{\"@id\":\"https:\/\/koningdrone.be\/product\/dji-zenmuse-h30t\/#primaryimage\"},\"image\":{\"@id\":\"https:\/\/koningdrone.be\/product\/dji-zenmuse-h30t\/#primaryimage\"},\"thumbnailUrl\":\"https:\/\/koningdrone.be\/wp-content\/uploads\/sites\/13\/2026\/03\/DJI-Zenmuse-H30T.webp\",\"datePublished\":\"2024-11-05T09:24:31+00:00\",\"dateModified\":\"2026-05-01T01:31:00+00:00\",\"breadcrumb\":{\"@id\":\"https:\/\/koningdrone.be\/product\/dji-zenmuse-h30t\/#breadcrumb\"},\"inLanguage\":\"fr-BE\",\"potentialAction\":[{\"@type\":\"ReadAction\",\"target\":[\"https:\/\/koningdrone.be\/product\/dji-zenmuse-h30t\/\"]}]},{\"@type\":\"ImageObject\",\"inLanguage\":\"fr-BE\",\"@id\":\"https:\/\/koningdrone.be\/product\/dji-zenmuse-h30t\/#primaryimage\",\"url\":\"https:\/\/koningdrone.be\/wp-content\/uploads\/sites\/13\/2026\/03\/DJI-Zenmuse-H30T.webp\",\"contentUrl\":\"https:\/\/koningdrone.be\/wp-content\/uploads\/sites\/13\/2026\/03\/DJI-Zenmuse-H30T.webp\",\"width\":2048,\"height\":2048},{\"@type\":\"BreadcrumbList\",\"@id\":\"https:\/\/koningdrone.be\/product\/dji-zenmuse-h30t\/#breadcrumb\",\"itemListElement\":[{\"@type\":\"ListItem\",\"position\":1,\"name\":\"Home\",\"item\":\"https:\/\/koningdrone.be\/\"},{\"@type\":\"ListItem\",\"position\":2,\"name\":\"AVSS Parachute Recovery System for DJI Matrice 300\/350\",\"item\":\"https:\/\/koningdrone.be\/product\/avss-parachute-recovery-system-for-dji-matrice-300-350\/\"},{\"@type\":\"ListItem\",\"position\":3,\"name\":\"DJI Matrice 350\",\"item\":\"https:\/\/koningdrone.be\/categorie\/dji-matrice-350\/\"},{\"@type\":\"ListItem\",\"position\":4,\"name\":\"DJI Zenmuse H30T\"}]},{\"@type\":\"WebSite\",\"@id\":\"https:\/\/koningdrone.be\/#website\",\"url\":\"https:\/\/koningdrone.be\/\",\"name\":\"Koningdrone.be - Uw online specialist in drones, gimbals, camera's en power stations.\",\"description\":\"De webshop in drones en gimbals\",\"publisher\":{\"@id\":\"https:\/\/koningdrone.be\/#organization\"},\"potentialAction\":[{\"@type\":\"SearchAction\",\"target\":{\"@type\":\"EntryPoint\",\"urlTemplate\":\"https:\/\/koningdrone.be\/?s={search_term_string}\"},\"query-input\":{\"@type\":\"PropertyValueSpecification\",\"valueRequired\":true,\"valueName\":\"search_term_string\"}}],\"inLanguage\":\"fr-BE\"},{\"@type\":\"Organization\",\"@id\":\"https:\/\/koningdrone.be\/#organization\",\"name\":\"Koningdrone.be\",\"url\":\"https:\/\/koningdrone.be\/\",\"logo\":{\"@type\":\"ImageObject\",\"inLanguage\":\"fr-BE\",\"@id\":\"https:\/\/koningdrone.be\/#\/schema\/logo\/image\/\",\"url\":\"https:\/\/koningdrone.be\/wp-content\/uploads\/sites\/13\/2025\/04\/koningdrone-copyright-logo.svg\",\"contentUrl\":\"https:\/\/koningdrone.be\/wp-content\/uploads\/sites\/13\/2025\/04\/koningdrone-copyright-logo.svg\",\"width\":227,\"height\":38,\"caption\":\"Koningdrone.be\"},\"image\":{\"@id\":\"https:\/\/koningdrone.be\/#\/schema\/logo\/image\/\"}}]}<\/script>\n<!-- \/ Yoast SEO Premium plugin. -->","yoast_head_json":{"title":"DJI Zenmuse H30T - koningdrone.be","robots":{"index":"index","follow":"follow","max-snippet":"max-snippet:-1","max-image-preview":"max-image-preview:large","max-video-preview":"max-video-preview:-1"},"canonical":"https:\/\/koningdrone.be\/fr\/produit\/dji-zenmuse-h30t\/","og_locale":"fr_FR","og_type":"article","og_title":"DJI Zenmuse H30T","og_description":"Thermische camera met hoge resolutie voor detectie bij weinig licht  Meerdere optische sensoren met uitgebreide zoom\u2011mogelijkheden  Laserafstandsmeter voor nauwkeurige afstandsbepaling  IP54\u2011bescherming en robuuste gimbal\u2011stabilisatie  Ontworpen voor gebruik met DJI enterprise\u2011drones","og_url":"https:\/\/koningdrone.be\/fr\/produit\/dji-zenmuse-h30t\/","og_site_name":"koningdrone.be","article_modified_time":"2026-05-01T01:31:00+00:00","og_image":[{"width":2048,"height":2048,"url":"https:\/\/koningdrone.be\/wp-content\/uploads\/sites\/13\/2026\/03\/DJI-Zenmuse-H30T.webp","type":"image\/webp"}],"twitter_card":"summary_large_image","twitter_misc":{"Dur\u00e9e de lecture est.":"2 minutes"},"schema":{"@context":"https:\/\/schema.org","@graph":[{"@type":"WebPage","@id":"https:\/\/koningdrone.be\/product\/dji-zenmuse-h30t\/","url":"https:\/\/koningdrone.be\/product\/dji-zenmuse-h30t\/","name":"DJI Zenmuse H30T - koningdrone.be","isPartOf":{"@id":"https:\/\/koningdrone.be\/#website"},"primaryImageOfPage":{"@id":"https:\/\/koningdrone.be\/product\/dji-zenmuse-h30t\/#primaryimage"},"image":{"@id":"https:\/\/koningdrone.be\/product\/dji-zenmuse-h30t\/#primaryimage"},"thumbnailUrl":"https:\/\/koningdrone.be\/wp-content\/uploads\/sites\/13\/2026\/03\/DJI-Zenmuse-H30T.webp","datePublished":"2024-11-05T09:24:31+00:00","dateModified":"2026-05-01T01:31:00+00:00","breadcrumb":{"@id":"https:\/\/koningdrone.be\/product\/dji-zenmuse-h30t\/#breadcrumb"},"inLanguage":"fr-BE","potentialAction":[{"@type":"ReadAction","target":["https:\/\/koningdrone.be\/product\/dji-zenmuse-h30t\/"]}]},{"@type":"ImageObject","inLanguage":"fr-BE","@id":"https:\/\/koningdrone.be\/product\/dji-zenmuse-h30t\/#primaryimage","url":"https:\/\/koningdrone.be\/wp-content\/uploads\/sites\/13\/2026\/03\/DJI-Zenmuse-H30T.webp","contentUrl":"https:\/\/koningdrone.be\/wp-content\/uploads\/sites\/13\/2026\/03\/DJI-Zenmuse-H30T.webp","width":2048,"height":2048},{"@type":"BreadcrumbList","@id":"https:\/\/koningdrone.be\/product\/dji-zenmuse-h30t\/#breadcrumb","itemListElement":[{"@type":"ListItem","position":1,"name":"Home","item":"https:\/\/koningdrone.be\/"},{"@type":"ListItem","position":2,"name":"AVSS Parachute Recovery System for DJI Matrice 300\/350","item":"https:\/\/koningdrone.be\/product\/avss-parachute-recovery-system-for-dji-matrice-300-350\/"},{"@type":"ListItem","position":3,"name":"DJI Matrice 350","item":"https:\/\/koningdrone.be\/categorie\/dji-matrice-350\/"},{"@type":"ListItem","position":4,"name":"DJI Zenmuse H30T"}]},{"@type":"WebSite","@id":"https:\/\/koningdrone.be\/#website","url":"https:\/\/koningdrone.be\/","name":"Koningdrone.be - Votre sp\u00e9cialiste en ligne en mati\u00e8re de drones, de cardans, de cam\u00e9ras et de centrales \u00e9lectriques.","description":"La boutique en ligne de drones et de cardans","publisher":{"@id":"https:\/\/koningdrone.be\/#organization"},"potentialAction":[{"@type":"SearchAction","target":{"@type":"EntryPoint","urlTemplate":"https:\/\/koningdrone.be\/?s={search_term_string}"},"query-input":{"@type":"PropertyValueSpecification","valueRequired":true,"valueName":"search_term_string"}}],"inLanguage":"fr-BE"},{"@type":"Organization","@id":"https:\/\/koningdrone.be\/#organization","name":"Kingdrone.co.uk","url":"https:\/\/koningdrone.be\/","logo":{"@type":"ImageObject","inLanguage":"fr-BE","@id":"https:\/\/koningdrone.be\/#\/schema\/logo\/image\/","url":"https:\/\/koningdrone.be\/wp-content\/uploads\/sites\/13\/2025\/04\/koningdrone-copyright-logo.svg","contentUrl":"https:\/\/koningdrone.be\/wp-content\/uploads\/sites\/13\/2025\/04\/koningdrone-copyright-logo.svg","width":227,"height":38,"caption":"Koningdrone.be"},"image":{"@id":"https:\/\/koningdrone.be\/#\/schema\/logo\/image\/"}}]}},"df_price":12048,"df_sale_price":"","df_regular_price":12048,"df_image_link":"https:\/\/koningdrone.be\/wp-content\/uploads\/sites\/13\/2026\/03\/DJI-Zenmuse-H30T-300x300.webp","_links":{"self":[{"href":"https:\/\/koningdrone.be\/fr\/wp-json\/wp\/v2\/product\/1909","targetHints":{"allow":["GET"]}}],"collection":[{"href":"https:\/\/koningdrone.be\/fr\/wp-json\/wp\/v2\/product"}],"about":[{"href":"https:\/\/koningdrone.be\/fr\/wp-json\/wp\/v2\/types\/product"}],"wp:featuredmedia":[{"embeddable":true,"href":"https:\/\/koningdrone.be\/fr\/wp-json\/wp\/v2\/media\/17029"}],"wp:attachment":[{"href":"https:\/\/koningdrone.be\/fr\/wp-json\/wp\/v2\/media?parent=1909"}],"wp:term":[{"taxonomy":"product_brand","embeddable":true,"href":"https:\/\/koningdrone.be\/fr\/wp-json\/wp\/v2\/product_brand?post=1909"},{"taxonomy":"product_cat","embeddable":true,"href":"https:\/\/koningdrone.be\/fr\/wp-json\/wp\/v2\/product_cat?post=1909"},{"taxonomy":"product_tag","embeddable":true,"href":"https:\/\/koningdrone.be\/fr\/wp-json\/wp\/v2\/product_tag?post=1909"}],"curies":[{"name":"wp","href":"https:\/\/api.w.org\/{rel}","templated":true}]}}