{"id":1894,"date":"2024-11-05T10:25:04","date_gmt":"2024-11-05T09:25:04","guid":{"rendered":"https:\/\/koningdrone.nl\/kon\/product\/kronos-nano-pod-for-parachute\/"},"modified":"2026-04-29T14:10:56","modified_gmt":"2026-04-29T12:10:56","slug":"kronos-nano-pod-for-parachute","status":"publish","type":"product","link":"https:\/\/koningdrone.be\/fr\/produit\/kronos-nano-pod-for-parachute\/","title":{"rendered":"Kronos Nano Pod pour le parachute"},"content":{"rendered":"<p>Le Kronos Nano Pod for Parachute est un accessoire sp\u00e9cialis\u00e9 con\u00e7u pour stocker en toute s\u00e9curit\u00e9 les syst\u00e8mes de parachute pour les petits drones. Sa conception l\u00e9g\u00e8re et compacte minimise l'impact sur les performances du drone et assure un d\u00e9ploiement fiable dans les situations d'urgence. Le Kronos Nano Pod est con\u00e7u pour une int\u00e9gration transparente et am\u00e9liore la s\u00e9curit\u00e9 des vols, ce qui en fait un outil essentiel pour les amateurs comme pour les utilisateurs professionnels. Gr\u00e2ce \u00e0 sa construction durable et \u00e0 son installation conviviale, le pod offre une tranquillit\u00e9 d'esprit, permettant aux pilotes de drones de se concentrer sur leurs missions a\u00e9riennes tout en accordant la priorit\u00e9 \u00e0 la s\u00e9curit\u00e9.<\/p>","protected":false},"excerpt":{"rendered":"<ul>\n<li>Conception compacte sp\u00e9cialement con\u00e7ue pour les petits drones.<\/li>\n<li>Garantit un parachutage fiable en cas d'urgence.<\/li>\n<li>La construction l\u00e9g\u00e8re minimise l'impact sur les performances du drone.<\/li>\n<li>S'int\u00e8gre parfaitement \u00e0 diff\u00e9rents mod\u00e8les de drones pour une installation facile.<\/li>\n<li>Am\u00e9liore la s\u00e9curit\u00e9 globale des vols, tant pour les amateurs que pour les professionnels.<\/li>\n<\/ul>","protected":false},"featured_media":1892,"template":"","meta":{"_acf_changed":false},"product_brand":[],"product_cat":[292,97],"product_tag":[],"class_list":{"0":"post-1894","1":"product","2":"type-product","3":"status-publish","4":"has-post-thumbnail","6":"product_cat-alle-parachutes","7":"product_cat-alle-producten","8":"product_shipping_class-outofstock","9":"pa_brand-dronavia","10":"pa_productfamily-kronos","11":"pa_producttype-parachute","12":"pa_series-mini","14":"first","15":"outofstock","16":"taxable","17":"shipping-taxable","18":"product-type-simple"},"acf":[],"yoast_head":"<!-- This site is optimized with the Yoast SEO Premium plugin v27.2 (Yoast SEO v27.2) - https:\/\/yoast.com\/product\/yoast-seo-premium-wordpress\/ -->\n<title>Kronos Nano Pod for parachute - koningdrone.be<\/title>\n<meta name=\"robots\" content=\"index, follow, max-snippet:-1, max-image-preview:large, max-video-preview:-1\" \/>\n<link rel=\"canonical\" href=\"https:\/\/koningdrone.be\/fr\/produit\/kronos-nano-pod-for-parachute\/\" \/>\n<meta property=\"og:locale\" content=\"fr_FR\" \/>\n<meta property=\"og:type\" content=\"article\" \/>\n<meta property=\"og:title\" content=\"Kronos Nano Pod for parachute\" \/>\n<meta property=\"og:description\" content=\"Compact ontwerp, speciaal gemaakt voor kleine drones.  Zorgt voor betrouwbare parachutering tijdens noodgevallen.  Lichtgewicht constructie minimaliseert de impact op de prestaties van de drone.  Integreert naadloos met verschillende dronemodellen voor eenvoudige installatie.  Verbetert de algehele vliegveiligheid voor zowel hobbyisten als professionele gebruikers.\" \/>\n<meta property=\"og:url\" content=\"https:\/\/koningdrone.be\/fr\/produit\/kronos-nano-pod-for-parachute\/\" \/>\n<meta property=\"og:site_name\" content=\"koningdrone.be\" \/>\n<meta property=\"article:modified_time\" content=\"2026-04-29T12:10:56+00:00\" \/>\n<meta property=\"og:image\" content=\"https:\/\/koningdrone.be\/wp-content\/uploads\/sites\/13\/2025\/04\/Image-produit-Site-internetrevnjzea.png\" \/>\n\t<meta property=\"og:image:width\" content=\"1000\" \/>\n\t<meta property=\"og:image:height\" content=\"400\" \/>\n\t<meta property=\"og:image:type\" content=\"image\/png\" \/>\n<meta name=\"twitter:card\" content=\"summary_large_image\" \/>\n<script type=\"application\/ld+json\" class=\"yoast-schema-graph\">{\"@context\":\"https:\/\/schema.org\",\"@graph\":[{\"@type\":\"WebPage\",\"@id\":\"https:\/\/koningdrone.be\/product\/kronos-nano-pod-for-parachute\/\",\"url\":\"https:\/\/koningdrone.be\/product\/kronos-nano-pod-for-parachute\/\",\"name\":\"Kronos Nano Pod for parachute - koningdrone.be\",\"isPartOf\":{\"@id\":\"https:\/\/koningdrone.be\/#website\"},\"primaryImageOfPage\":{\"@id\":\"https:\/\/koningdrone.be\/product\/kronos-nano-pod-for-parachute\/#primaryimage\"},\"image\":{\"@id\":\"https:\/\/koningdrone.be\/product\/kronos-nano-pod-for-parachute\/#primaryimage\"},\"thumbnailUrl\":\"https:\/\/koningdrone.be\/wp-content\/uploads\/sites\/13\/2025\/04\/Image-produit-Site-internetrevnjzea.png\",\"datePublished\":\"2024-11-05T09:25:04+00:00\",\"dateModified\":\"2026-04-29T12:10:56+00:00\",\"breadcrumb\":{\"@id\":\"https:\/\/koningdrone.be\/product\/kronos-nano-pod-for-parachute\/#breadcrumb\"},\"inLanguage\":\"fr-BE\",\"potentialAction\":[{\"@type\":\"ReadAction\",\"target\":[\"https:\/\/koningdrone.be\/product\/kronos-nano-pod-for-parachute\/\"]}]},{\"@type\":\"ImageObject\",\"inLanguage\":\"fr-BE\",\"@id\":\"https:\/\/koningdrone.be\/product\/kronos-nano-pod-for-parachute\/#primaryimage\",\"url\":\"https:\/\/koningdrone.be\/wp-content\/uploads\/sites\/13\/2025\/04\/Image-produit-Site-internetrevnjzea.png\",\"contentUrl\":\"https:\/\/koningdrone.be\/wp-content\/uploads\/sites\/13\/2025\/04\/Image-produit-Site-internetrevnjzea.png\",\"width\":1000,\"height\":400},{\"@type\":\"BreadcrumbList\",\"@id\":\"https:\/\/koningdrone.be\/product\/kronos-nano-pod-for-parachute\/#breadcrumb\",\"itemListElement\":[{\"@type\":\"ListItem\",\"position\":1,\"name\":\"Home\",\"item\":\"https:\/\/koningdrone.be\/\"},{\"@type\":\"ListItem\",\"position\":2,\"name\":\"AVSS Parachute Recovery System for DJI Matrice 300\/350\",\"item\":\"https:\/\/koningdrone.be\/product\/avss-parachute-recovery-system-for-dji-matrice-300-350\/\"},{\"@type\":\"ListItem\",\"position\":3,\"name\":\"Alle parachutes\",\"item\":\"https:\/\/koningdrone.be\/categorie\/alle-parachutes\/\"},{\"@type\":\"ListItem\",\"position\":4,\"name\":\"Kronos Nano Pod for parachute\"}]},{\"@type\":\"WebSite\",\"@id\":\"https:\/\/koningdrone.be\/#website\",\"url\":\"https:\/\/koningdrone.be\/\",\"name\":\"Koningdrone.be - Uw online specialist in drones, gimbals, camera's en power stations.\",\"description\":\"De webshop in drones en gimbals\",\"publisher\":{\"@id\":\"https:\/\/koningdrone.be\/#organization\"},\"potentialAction\":[{\"@type\":\"SearchAction\",\"target\":{\"@type\":\"EntryPoint\",\"urlTemplate\":\"https:\/\/koningdrone.be\/?s={search_term_string}\"},\"query-input\":{\"@type\":\"PropertyValueSpecification\",\"valueRequired\":true,\"valueName\":\"search_term_string\"}}],\"inLanguage\":\"fr-BE\"},{\"@type\":\"Organization\",\"@id\":\"https:\/\/koningdrone.be\/#organization\",\"name\":\"Koningdrone.be\",\"url\":\"https:\/\/koningdrone.be\/\",\"logo\":{\"@type\":\"ImageObject\",\"inLanguage\":\"fr-BE\",\"@id\":\"https:\/\/koningdrone.be\/#\/schema\/logo\/image\/\",\"url\":\"https:\/\/koningdrone.be\/wp-content\/uploads\/sites\/13\/2025\/04\/koningdrone-copyright-logo.svg\",\"contentUrl\":\"https:\/\/koningdrone.be\/wp-content\/uploads\/sites\/13\/2025\/04\/koningdrone-copyright-logo.svg\",\"width\":227,\"height\":38,\"caption\":\"Koningdrone.be\"},\"image\":{\"@id\":\"https:\/\/koningdrone.be\/#\/schema\/logo\/image\/\"}}]}<\/script>\n<!-- \/ Yoast SEO Premium plugin. -->","yoast_head_json":{"title":"Kronos Nano Pod for parachute - koningdrone.be","robots":{"index":"index","follow":"follow","max-snippet":"max-snippet:-1","max-image-preview":"max-image-preview:large","max-video-preview":"max-video-preview:-1"},"canonical":"https:\/\/koningdrone.be\/fr\/produit\/kronos-nano-pod-for-parachute\/","og_locale":"fr_FR","og_type":"article","og_title":"Kronos Nano Pod for parachute","og_description":"Compact ontwerp, speciaal gemaakt voor kleine drones.  Zorgt voor betrouwbare parachutering tijdens noodgevallen.  Lichtgewicht constructie minimaliseert de impact op de prestaties van de drone.  Integreert naadloos met verschillende dronemodellen voor eenvoudige installatie.  Verbetert de algehele vliegveiligheid voor zowel hobbyisten als professionele gebruikers.","og_url":"https:\/\/koningdrone.be\/fr\/produit\/kronos-nano-pod-for-parachute\/","og_site_name":"koningdrone.be","article_modified_time":"2026-04-29T12:10:56+00:00","og_image":[{"width":1000,"height":400,"url":"https:\/\/koningdrone.be\/wp-content\/uploads\/sites\/13\/2025\/04\/Image-produit-Site-internetrevnjzea.png","type":"image\/png"}],"twitter_card":"summary_large_image","schema":{"@context":"https:\/\/schema.org","@graph":[{"@type":"WebPage","@id":"https:\/\/koningdrone.be\/product\/kronos-nano-pod-for-parachute\/","url":"https:\/\/koningdrone.be\/product\/kronos-nano-pod-for-parachute\/","name":"Kronos Nano Pod for parachute - koningdrone.be","isPartOf":{"@id":"https:\/\/koningdrone.be\/#website"},"primaryImageOfPage":{"@id":"https:\/\/koningdrone.be\/product\/kronos-nano-pod-for-parachute\/#primaryimage"},"image":{"@id":"https:\/\/koningdrone.be\/product\/kronos-nano-pod-for-parachute\/#primaryimage"},"thumbnailUrl":"https:\/\/koningdrone.be\/wp-content\/uploads\/sites\/13\/2025\/04\/Image-produit-Site-internetrevnjzea.png","datePublished":"2024-11-05T09:25:04+00:00","dateModified":"2026-04-29T12:10:56+00:00","breadcrumb":{"@id":"https:\/\/koningdrone.be\/product\/kronos-nano-pod-for-parachute\/#breadcrumb"},"inLanguage":"fr-BE","potentialAction":[{"@type":"ReadAction","target":["https:\/\/koningdrone.be\/product\/kronos-nano-pod-for-parachute\/"]}]},{"@type":"ImageObject","inLanguage":"fr-BE","@id":"https:\/\/koningdrone.be\/product\/kronos-nano-pod-for-parachute\/#primaryimage","url":"https:\/\/koningdrone.be\/wp-content\/uploads\/sites\/13\/2025\/04\/Image-produit-Site-internetrevnjzea.png","contentUrl":"https:\/\/koningdrone.be\/wp-content\/uploads\/sites\/13\/2025\/04\/Image-produit-Site-internetrevnjzea.png","width":1000,"height":400},{"@type":"BreadcrumbList","@id":"https:\/\/koningdrone.be\/product\/kronos-nano-pod-for-parachute\/#breadcrumb","itemListElement":[{"@type":"ListItem","position":1,"name":"Home","item":"https:\/\/koningdrone.be\/"},{"@type":"ListItem","position":2,"name":"AVSS Parachute Recovery System for DJI Matrice 300\/350","item":"https:\/\/koningdrone.be\/product\/avss-parachute-recovery-system-for-dji-matrice-300-350\/"},{"@type":"ListItem","position":3,"name":"Alle parachutes","item":"https:\/\/koningdrone.be\/categorie\/alle-parachutes\/"},{"@type":"ListItem","position":4,"name":"Kronos Nano Pod for parachute"}]},{"@type":"WebSite","@id":"https:\/\/koningdrone.be\/#website","url":"https:\/\/koningdrone.be\/","name":"Koningdrone.be - Votre sp\u00e9cialiste en ligne en mati\u00e8re de drones, de cardans, de cam\u00e9ras et de centrales \u00e9lectriques.","description":"La boutique en ligne de drones et de cardans","publisher":{"@id":"https:\/\/koningdrone.be\/#organization"},"potentialAction":[{"@type":"SearchAction","target":{"@type":"EntryPoint","urlTemplate":"https:\/\/koningdrone.be\/?s={search_term_string}"},"query-input":{"@type":"PropertyValueSpecification","valueRequired":true,"valueName":"search_term_string"}}],"inLanguage":"fr-BE"},{"@type":"Organization","@id":"https:\/\/koningdrone.be\/#organization","name":"Kingdrone.co.uk","url":"https:\/\/koningdrone.be\/","logo":{"@type":"ImageObject","inLanguage":"fr-BE","@id":"https:\/\/koningdrone.be\/#\/schema\/logo\/image\/","url":"https:\/\/koningdrone.be\/wp-content\/uploads\/sites\/13\/2025\/04\/koningdrone-copyright-logo.svg","contentUrl":"https:\/\/koningdrone.be\/wp-content\/uploads\/sites\/13\/2025\/04\/koningdrone-copyright-logo.svg","width":227,"height":38,"caption":"Koningdrone.be"},"image":{"@id":"https:\/\/koningdrone.be\/#\/schema\/logo\/image\/"}}]}},"df_price":"","df_sale_price":"","df_regular_price":"","df_image_link":"https:\/\/koningdrone.be\/wp-content\/uploads\/sites\/13\/2025\/04\/Image-produit-Site-internetrevnjzea-300x120.png","_links":{"self":[{"href":"https:\/\/koningdrone.be\/fr\/wp-json\/wp\/v2\/product\/1894","targetHints":{"allow":["GET"]}}],"collection":[{"href":"https:\/\/koningdrone.be\/fr\/wp-json\/wp\/v2\/product"}],"about":[{"href":"https:\/\/koningdrone.be\/fr\/wp-json\/wp\/v2\/types\/product"}],"wp:featuredmedia":[{"embeddable":true,"href":"https:\/\/koningdrone.be\/fr\/wp-json\/wp\/v2\/media\/1892"}],"wp:attachment":[{"href":"https:\/\/koningdrone.be\/fr\/wp-json\/wp\/v2\/media?parent=1894"}],"wp:term":[{"taxonomy":"product_brand","embeddable":true,"href":"https:\/\/koningdrone.be\/fr\/wp-json\/wp\/v2\/product_brand?post=1894"},{"taxonomy":"product_cat","embeddable":true,"href":"https:\/\/koningdrone.be\/fr\/wp-json\/wp\/v2\/product_cat?post=1894"},{"taxonomy":"product_tag","embeddable":true,"href":"https:\/\/koningdrone.be\/fr\/wp-json\/wp\/v2\/product_tag?post=1894"}],"curies":[{"name":"wp","href":"https:\/\/api.w.org\/{rel}","templated":true}]}}