{"id":18928,"date":"2026-04-13T12:36:49","date_gmt":"2026-04-13T10:36:49","guid":{"rendered":"https:\/\/koningdrone.be\/product\/dji-main-pro-serv-400-eu\/"},"modified":"2026-04-21T13:36:52","modified_gmt":"2026-04-21T11:36:52","slug":"dji-main-pro-serv-400-eu","status":"publish","type":"product","link":"https:\/\/koningdrone.be\/fr\/produit\/dji-main-pro-serv-400-eu\/","title":{"rendered":"DJI Main. Pro. Serv. 400 EU"},"content":{"rendered":"<h3>DJI Main. Pro. Serv. 400 EU<\/h3>\n<p>Le DJI Maintenance Program Service 400 EU est un programme de maintenance professionnelle con\u00e7u pour maintenir les drones DJI dans des conditions optimales. Ce plan de service est con\u00e7u pour les utilisateurs professionnels et industriels qui ont besoin de performances fiables et d'un temps d'arr\u00eat minimal. Il comprend une maintenance et des inspections p\u00e9riodiques conformes aux normes officielles de DJI afin de garantir que le drone continue \u00e0 fonctionner de mani\u00e8re s\u00fbre et efficace. Id\u00e9al pour les organisations qui recherchent la continuit\u00e9 et un temps de fonctionnement maximal.<\/p>\n<h4>Performance et fonctionnalit\u00e9<\/h4>\n<p>L'offre Service 400 propose une inspection compl\u00e8te de tous les principaux composants du drone. Les mises \u00e0 jour des microprogrammes, l'\u00e9talonnage des capteurs tels que l'IMU et le compas, ainsi qu'un nettoyage complet garantissent des performances optimales. En outre, des tests fonctionnels sont effectu\u00e9s pour v\u00e9rifier la stabilit\u00e9 et la fiabilit\u00e9 op\u00e9rationnelle. Cela permet de d\u00e9tecter rapidement les probl\u00e8mes potentiels et contribue \u00e0 la s\u00e9curit\u00e9 pendant les missions.<\/p>\n<p><a href=\"https:\/\/koningdrone.nl\/wp-content\/uploads\/2026\/04\/DJI-Maintenance.-Pro.-Stan.-Serv.-400-EU.webp\"><img loading=\"lazy\" decoding=\"async\" class=\"size-medium wp-image-472049 aligncenter\" src=\"https:\/\/koningdrone.nl\/wp-content\/uploads\/2026\/04\/DJI-Maintenance.-Pro.-Stan.-Serv.-400-EU-300x225.webp\" alt=\"DJI Maintenance. Pro. Stan. Serv. 400 EU\" width=\"300\" height=\"225\" \/><\/a><\/p>\n<h4>Qualit\u00e9 de construction et conception<\/h4>\n<p>Ce service officiel DJI est effectu\u00e9 par des techniciens certifi\u00e9s dans des centres de service agr\u00e9\u00e9s, en utilisant des pi\u00e8ces et des proc\u00e9dures DJI d'origine. L'entretien comprend un diagnostic professionnel, un \u00e9talonnage et, si n\u00e9cessaire, le remplacement des pi\u00e8ces d'usure. L'utilisateur recevra un rapport de service officiel r\u00e9sumant tous les travaux effectu\u00e9s.<\/p>\n<h4>Pourquoi vous en avez besoin ?<\/h4>\n<p>Une maintenance r\u00e9guli\u00e8re avec le plan Service 400 prolonge la dur\u00e9e de vie de votre drone, augmente sa fiabilit\u00e9 et minimise les pannes inattendues. Pour les utilisateurs professionnels qui ont besoin d'une performance maximale et d'une continuit\u00e9 op\u00e9rationnelle, ce service offre s\u00e9curit\u00e9 et tranquillit\u00e9 d'esprit.<\/p>","protected":false},"excerpt":{"rendered":"<ul>\n<li>Programme d'entretien professionnel pour une fiabilit\u00e9 maximale<\/li>\n<\/ul>","protected":false},"featured_media":18486,"template":"","meta":{"_acf_changed":false},"product_brand":[],"product_cat":[1583,2020],"product_tag":[],"class_list":{"0":"post-18928","1":"product","2":"type-product","3":"status-publish","4":"has-post-thumbnail","6":"product_cat-dji-matrice-400","7":"product_cat-maintenance","8":"pa_brand-dji","9":"pa_productfamily-dji-maintenance-pro-prem-serv-400-eu","10":"pa_productfamily-dji-maintenance-pro-stan-serv-400-eu","11":"pa_productfamily-dji-maintenance-progr-b-serv-400-eu","12":"pa_producttype-serviceplan","14":"first","15":"outofstock","16":"taxable","17":"shipping-taxable","18":"purchasable","19":"product-type-variable","20":"has-default-attributes"},"acf":[],"yoast_head":"<!-- This site is optimized with the Yoast SEO Premium plugin v27.2 (Yoast SEO v27.2) - https:\/\/yoast.com\/product\/yoast-seo-premium-wordpress\/ -->\n<title>DJI Main. Pro. Serv. 400 EU - koningdrone.be<\/title>\n<meta name=\"robots\" content=\"index, follow, max-snippet:-1, max-image-preview:large, max-video-preview:-1\" \/>\n<link rel=\"canonical\" href=\"https:\/\/koningdrone.be\/fr\/produit\/dji-main-pro-serv-400-eu\/\" \/>\n<meta property=\"og:locale\" content=\"fr_FR\" \/>\n<meta property=\"og:type\" content=\"article\" \/>\n<meta property=\"og:title\" content=\"DJI Main. Pro. Serv. 400 EU\" \/>\n<meta property=\"og:description\" content=\"Professioneel onderhoudsprogramma voor maximale betrouwbaarheid\" \/>\n<meta property=\"og:url\" content=\"https:\/\/koningdrone.be\/fr\/produit\/dji-main-pro-serv-400-eu\/\" \/>\n<meta property=\"og:site_name\" content=\"koningdrone.be\" \/>\n<meta property=\"article:modified_time\" content=\"2026-04-21T11:36:52+00:00\" \/>\n<meta property=\"og:image\" content=\"https:\/\/koningdrone.be\/wp-content\/uploads\/sites\/13\/2026\/04\/DJI-Maintenance.-Pro.-Stan.-Serv.-400-EU.webp\" \/>\n\t<meta property=\"og:image:width\" content=\"1024\" \/>\n\t<meta property=\"og:image:height\" content=\"768\" \/>\n\t<meta property=\"og:image:type\" content=\"image\/webp\" \/>\n<meta name=\"twitter:card\" content=\"summary_large_image\" \/>\n<meta name=\"twitter:label1\" content=\"Dur\u00e9e de lecture est.\" \/>\n\t<meta name=\"twitter:data1\" content=\"1 minute\" \/>\n<script type=\"application\/ld+json\" class=\"yoast-schema-graph\">{\"@context\":\"https:\/\/schema.org\",\"@graph\":[{\"@type\":\"WebPage\",\"@id\":\"https:\/\/koningdrone.be\/product\/dji-main-pro-serv-400-eu\/\",\"url\":\"https:\/\/koningdrone.be\/product\/dji-main-pro-serv-400-eu\/\",\"name\":\"DJI Main. Pro. Serv. 400 EU - koningdrone.be\",\"isPartOf\":{\"@id\":\"https:\/\/koningdrone.be\/#website\"},\"primaryImageOfPage\":{\"@id\":\"https:\/\/koningdrone.be\/product\/dji-main-pro-serv-400-eu\/#primaryimage\"},\"image\":{\"@id\":\"https:\/\/koningdrone.be\/product\/dji-main-pro-serv-400-eu\/#primaryimage\"},\"thumbnailUrl\":\"https:\/\/koningdrone.be\/wp-content\/uploads\/sites\/13\/2026\/04\/DJI-Maintenance.-Pro.-Stan.-Serv.-400-EU.webp\",\"datePublished\":\"2026-04-13T10:36:49+00:00\",\"dateModified\":\"2026-04-21T11:36:52+00:00\",\"breadcrumb\":{\"@id\":\"https:\/\/koningdrone.be\/product\/dji-main-pro-serv-400-eu\/#breadcrumb\"},\"inLanguage\":\"fr-BE\",\"potentialAction\":[{\"@type\":\"ReadAction\",\"target\":[\"https:\/\/koningdrone.be\/product\/dji-main-pro-serv-400-eu\/\"]}]},{\"@type\":\"ImageObject\",\"inLanguage\":\"fr-BE\",\"@id\":\"https:\/\/koningdrone.be\/product\/dji-main-pro-serv-400-eu\/#primaryimage\",\"url\":\"https:\/\/koningdrone.be\/wp-content\/uploads\/sites\/13\/2026\/04\/DJI-Maintenance.-Pro.-Stan.-Serv.-400-EU.webp\",\"contentUrl\":\"https:\/\/koningdrone.be\/wp-content\/uploads\/sites\/13\/2026\/04\/DJI-Maintenance.-Pro.-Stan.-Serv.-400-EU.webp\",\"width\":1024,\"height\":768},{\"@type\":\"BreadcrumbList\",\"@id\":\"https:\/\/koningdrone.be\/product\/dji-main-pro-serv-400-eu\/#breadcrumb\",\"itemListElement\":[{\"@type\":\"ListItem\",\"position\":1,\"name\":\"Home\",\"item\":\"https:\/\/koningdrone.be\/\"},{\"@type\":\"ListItem\",\"position\":2,\"name\":\"AVSS Parachute Recovery System for DJI Matrice 300\/350\",\"item\":\"https:\/\/koningdrone.be\/product\/avss-parachute-recovery-system-for-dji-matrice-300-350\/\"},{\"@type\":\"ListItem\",\"position\":3,\"name\":\"DJI Matrice 400\",\"item\":\"https:\/\/koningdrone.be\/categorie\/dji-matrice-400\/\"},{\"@type\":\"ListItem\",\"position\":4,\"name\":\"DJI Main. Pro. Serv. 400 EU\"}]},{\"@type\":\"WebSite\",\"@id\":\"https:\/\/koningdrone.be\/#website\",\"url\":\"https:\/\/koningdrone.be\/\",\"name\":\"Koningdrone.be - Uw online specialist in drones, gimbals, camera's en power stations.\",\"description\":\"De webshop in drones en gimbals\",\"publisher\":{\"@id\":\"https:\/\/koningdrone.be\/#organization\"},\"potentialAction\":[{\"@type\":\"SearchAction\",\"target\":{\"@type\":\"EntryPoint\",\"urlTemplate\":\"https:\/\/koningdrone.be\/?s={search_term_string}\"},\"query-input\":{\"@type\":\"PropertyValueSpecification\",\"valueRequired\":true,\"valueName\":\"search_term_string\"}}],\"inLanguage\":\"fr-BE\"},{\"@type\":\"Organization\",\"@id\":\"https:\/\/koningdrone.be\/#organization\",\"name\":\"Koningdrone.be\",\"url\":\"https:\/\/koningdrone.be\/\",\"logo\":{\"@type\":\"ImageObject\",\"inLanguage\":\"fr-BE\",\"@id\":\"https:\/\/koningdrone.be\/#\/schema\/logo\/image\/\",\"url\":\"https:\/\/koningdrone.be\/wp-content\/uploads\/sites\/13\/2025\/04\/koningdrone-copyright-logo.svg\",\"contentUrl\":\"https:\/\/koningdrone.be\/wp-content\/uploads\/sites\/13\/2025\/04\/koningdrone-copyright-logo.svg\",\"width\":227,\"height\":38,\"caption\":\"Koningdrone.be\"},\"image\":{\"@id\":\"https:\/\/koningdrone.be\/#\/schema\/logo\/image\/\"}}]}<\/script>\n<!-- \/ Yoast SEO Premium plugin. -->","yoast_head_json":{"title":"DJI Main. Pro. Serv. 400 EU - koningdrone.be","robots":{"index":"index","follow":"follow","max-snippet":"max-snippet:-1","max-image-preview":"max-image-preview:large","max-video-preview":"max-video-preview:-1"},"canonical":"https:\/\/koningdrone.be\/fr\/produit\/dji-main-pro-serv-400-eu\/","og_locale":"fr_FR","og_type":"article","og_title":"DJI Main. Pro. Serv. 400 EU","og_description":"Professioneel onderhoudsprogramma voor maximale betrouwbaarheid","og_url":"https:\/\/koningdrone.be\/fr\/produit\/dji-main-pro-serv-400-eu\/","og_site_name":"koningdrone.be","article_modified_time":"2026-04-21T11:36:52+00:00","og_image":[{"width":1024,"height":768,"url":"https:\/\/koningdrone.be\/wp-content\/uploads\/sites\/13\/2026\/04\/DJI-Maintenance.-Pro.-Stan.-Serv.-400-EU.webp","type":"image\/webp"}],"twitter_card":"summary_large_image","twitter_misc":{"Dur\u00e9e de lecture est.":"1 minute"},"schema":{"@context":"https:\/\/schema.org","@graph":[{"@type":"WebPage","@id":"https:\/\/koningdrone.be\/product\/dji-main-pro-serv-400-eu\/","url":"https:\/\/koningdrone.be\/product\/dji-main-pro-serv-400-eu\/","name":"DJI Main. Pro. Serv. 400 EU - koningdrone.be","isPartOf":{"@id":"https:\/\/koningdrone.be\/#website"},"primaryImageOfPage":{"@id":"https:\/\/koningdrone.be\/product\/dji-main-pro-serv-400-eu\/#primaryimage"},"image":{"@id":"https:\/\/koningdrone.be\/product\/dji-main-pro-serv-400-eu\/#primaryimage"},"thumbnailUrl":"https:\/\/koningdrone.be\/wp-content\/uploads\/sites\/13\/2026\/04\/DJI-Maintenance.-Pro.-Stan.-Serv.-400-EU.webp","datePublished":"2026-04-13T10:36:49+00:00","dateModified":"2026-04-21T11:36:52+00:00","breadcrumb":{"@id":"https:\/\/koningdrone.be\/product\/dji-main-pro-serv-400-eu\/#breadcrumb"},"inLanguage":"fr-BE","potentialAction":[{"@type":"ReadAction","target":["https:\/\/koningdrone.be\/product\/dji-main-pro-serv-400-eu\/"]}]},{"@type":"ImageObject","inLanguage":"fr-BE","@id":"https:\/\/koningdrone.be\/product\/dji-main-pro-serv-400-eu\/#primaryimage","url":"https:\/\/koningdrone.be\/wp-content\/uploads\/sites\/13\/2026\/04\/DJI-Maintenance.-Pro.-Stan.-Serv.-400-EU.webp","contentUrl":"https:\/\/koningdrone.be\/wp-content\/uploads\/sites\/13\/2026\/04\/DJI-Maintenance.-Pro.-Stan.-Serv.-400-EU.webp","width":1024,"height":768},{"@type":"BreadcrumbList","@id":"https:\/\/koningdrone.be\/product\/dji-main-pro-serv-400-eu\/#breadcrumb","itemListElement":[{"@type":"ListItem","position":1,"name":"Home","item":"https:\/\/koningdrone.be\/"},{"@type":"ListItem","position":2,"name":"AVSS Parachute Recovery System for DJI Matrice 300\/350","item":"https:\/\/koningdrone.be\/product\/avss-parachute-recovery-system-for-dji-matrice-300-350\/"},{"@type":"ListItem","position":3,"name":"DJI Matrice 400","item":"https:\/\/koningdrone.be\/categorie\/dji-matrice-400\/"},{"@type":"ListItem","position":4,"name":"DJI Main. Pro. Serv. 400 EU"}]},{"@type":"WebSite","@id":"https:\/\/koningdrone.be\/#website","url":"https:\/\/koningdrone.be\/","name":"Koningdrone.be - Votre sp\u00e9cialiste en ligne en mati\u00e8re de drones, de cardans, de cam\u00e9ras et de centrales \u00e9lectriques.","description":"La boutique en ligne de drones et de cardans","publisher":{"@id":"https:\/\/koningdrone.be\/#organization"},"potentialAction":[{"@type":"SearchAction","target":{"@type":"EntryPoint","urlTemplate":"https:\/\/koningdrone.be\/?s={search_term_string}"},"query-input":{"@type":"PropertyValueSpecification","valueRequired":true,"valueName":"search_term_string"}}],"inLanguage":"fr-BE"},{"@type":"Organization","@id":"https:\/\/koningdrone.be\/#organization","name":"Kingdrone.co.uk","url":"https:\/\/koningdrone.be\/","logo":{"@type":"ImageObject","inLanguage":"fr-BE","@id":"https:\/\/koningdrone.be\/#\/schema\/logo\/image\/","url":"https:\/\/koningdrone.be\/wp-content\/uploads\/sites\/13\/2025\/04\/koningdrone-copyright-logo.svg","contentUrl":"https:\/\/koningdrone.be\/wp-content\/uploads\/sites\/13\/2025\/04\/koningdrone-copyright-logo.svg","width":227,"height":38,"caption":"Koningdrone.be"},"image":{"@id":"https:\/\/koningdrone.be\/#\/schema\/logo\/image\/"}}]}},"df_price":659,"df_sale_price":"","df_regular_price":659,"df_image_link":"https:\/\/koningdrone.be\/wp-content\/uploads\/sites\/13\/2026\/04\/DJI-Maintenance.-Pro.-Stan.-Serv.-400-EU-300x225.webp","_links":{"self":[{"href":"https:\/\/koningdrone.be\/fr\/wp-json\/wp\/v2\/product\/18928","targetHints":{"allow":["GET"]}}],"collection":[{"href":"https:\/\/koningdrone.be\/fr\/wp-json\/wp\/v2\/product"}],"about":[{"href":"https:\/\/koningdrone.be\/fr\/wp-json\/wp\/v2\/types\/product"}],"wp:featuredmedia":[{"embeddable":true,"href":"https:\/\/koningdrone.be\/fr\/wp-json\/wp\/v2\/media\/18486"}],"wp:attachment":[{"href":"https:\/\/koningdrone.be\/fr\/wp-json\/wp\/v2\/media?parent=18928"}],"wp:term":[{"taxonomy":"product_brand","embeddable":true,"href":"https:\/\/koningdrone.be\/fr\/wp-json\/wp\/v2\/product_brand?post=18928"},{"taxonomy":"product_cat","embeddable":true,"href":"https:\/\/koningdrone.be\/fr\/wp-json\/wp\/v2\/product_cat?post=18928"},{"taxonomy":"product_tag","embeddable":true,"href":"https:\/\/koningdrone.be\/fr\/wp-json\/wp\/v2\/product_tag?post=18928"}],"curies":[{"name":"wp","href":"https:\/\/api.w.org\/{rel}","templated":true}]}}