{"id":18925,"date":"2026-04-13T13:11:41","date_gmt":"2026-04-13T11:11:41","guid":{"rendered":"https:\/\/koningdrone.be\/?post_type=product&#038;p=18925"},"modified":"2026-04-29T03:41:23","modified_gmt":"2026-04-29T01:41:23","slug":"dji-maintenance-pro-s-matrice-4d","status":"publish","type":"product","link":"https:\/\/koningdrone.be\/fr\/produit\/dji-maintenance-pro-s-matrice-4d\/","title":{"rendered":"DJI Maintenance. Pro. S. matrice 4D"},"content":{"rendered":"<h3>DJI Maintenance. Pro. S. matrice 4D<\/h3>\n<p>Le service de base du programme de maintenance DJI pour la Matrice 4D est un programme de maintenance professionnelle con\u00e7u pour maintenir votre drone en parfait \u00e9tat. Ce service s'adresse aux utilisateurs professionnels qui d\u00e9pendent d'une performance fiable et d'un temps d'arr\u00eat minimal. Gr\u00e2ce \u00e0 la maintenance pr\u00e9ventive et aux contr\u00f4les p\u00e9riodiques, le programme permet de prolonger la dur\u00e9e de vie de votre drone. Id\u00e9al pour une utilisation intensive dans les applications industrielles.<\/p>\n<p><a href=\"https:\/\/koningdrone.nl\/wp-content\/uploads\/2026\/04\/DJI-Maintenance.-Pro.-B.-S.-matrice-4D.jpg\"><img loading=\"lazy\" decoding=\"async\" class=\"size-medium wp-image-472053 aligncenter\" src=\"https:\/\/koningdrone.nl\/wp-content\/uploads\/2026\/04\/DJI-Maintenance.-Pro.-B.-S.-matrice-4D-300x300.jpg\" alt=\"DJI Maintenance. Pro. B. S. matrice 4D\" width=\"300\" height=\"300\" \/><\/a><\/p>\n<h4>Performance et fonctionnalit\u00e9<\/h4>\n<p>Le service de base comprend une inspection compl\u00e8te de tous les principaux syst\u00e8mes du drone. La mise \u00e0 jour des microprogrammes, l'\u00e9talonnage des capteurs (tels que l'IMU et la boussole) et un nettoyage approfondi garantissent que le drone continue \u00e0 fonctionner de mani\u00e8re optimale. En outre, un test fonctionnel complet est effectu\u00e9, y compris un vol d'essai pour v\u00e9rifier la stabilit\u00e9 et les performances. Cela permet de d\u00e9tecter rapidement les probl\u00e8mes potentiels et de garantir la s\u00e9curit\u00e9 op\u00e9rationnelle.<\/p>\n<h4>Qualit\u00e9 de construction et conception<\/h4>\n<p>Ce service officiel de DJI est effectu\u00e9 par des techniciens certifi\u00e9s dans des centres de service agr\u00e9\u00e9s. Toutes les proc\u00e9dures respectent les normes de qualit\u00e9 \u00e9lev\u00e9es de DJI et utilisent des pi\u00e8ces et des logiciels d'origine. Le processus de maintenance comprend le diagnostic professionnel, le nettoyage et l'optimisation des composants critiques. \u00c0 l'issue de la maintenance, vous recevrez un rapport de maintenance d\u00e9taill\u00e9 sur l'ensemble des travaux effectu\u00e9s.<\/p>\n<p><a href=\"https:\/\/koningdrone.nl\/wp-content\/uploads\/2026\/04\/DJI-Maintenance.-Pro.-S.-S.-matrice-4D.jpg\"><img loading=\"lazy\" decoding=\"async\" class=\"size-medium wp-image-472051 aligncenter\" src=\"https:\/\/koningdrone.nl\/wp-content\/uploads\/2026\/04\/DJI-Maintenance.-Pro.-S.-S.-matrice-4D-300x300.jpg\" alt=\"DJI Maintenance. Pro. S. S. matrice 4D\" width=\"300\" height=\"300\" \/><\/a><\/p>\n<h4>Pourquoi vous en avez besoin ?<\/h4>\n<p>Un entretien r\u00e9gulier est essentiel pour garantir les performances et la fiabilit\u00e9 de votre drone. Avec ce service, vous limitez les pannes impr\u00e9vues et prolongez la dur\u00e9e de vie de votre investissement. Un choix judicieux pour les professionnels qui souhaitent garantir une disponibilit\u00e9 maximale.<\/p>","protected":false},"excerpt":{"rendered":"<ul>\n<li>Sp\u00e9cifiquement con\u00e7u pour DJI Matrice 4D<\/li>\n<\/ul>","protected":false},"featured_media":18487,"template":"","meta":{"_acf_changed":false},"product_brand":[],"product_cat":[1732,2020],"product_tag":[],"class_list":{"0":"post-18925","1":"product","2":"type-product","3":"status-publish","4":"has-post-thumbnail","6":"product_cat-dji-matrice-4d","7":"product_cat-maintenance","8":"pa_brand-dji","9":"pa_productfamily-dji-maintenance-pro-b-s-matrice-4d","10":"pa_productfamily-dji-maintenance-pro-s-s-matrice-4d","11":"pa_producttype-serviceplan","13":"first","14":"instock","15":"taxable","16":"shipping-taxable","17":"purchasable","18":"product-type-variable"},"acf":[],"yoast_head":"<!-- This site is optimized with the Yoast SEO Premium plugin v27.2 (Yoast SEO v27.2) - https:\/\/yoast.com\/product\/yoast-seo-premium-wordpress\/ -->\n<title>DJI Maintenance. Pro. S. matrice 4D - koningdrone.be<\/title>\n<meta name=\"robots\" content=\"index, follow, max-snippet:-1, max-image-preview:large, max-video-preview:-1\" \/>\n<link rel=\"canonical\" href=\"https:\/\/koningdrone.be\/fr\/produit\/dji-maintenance-pro-s-matrice-4d\/\" \/>\n<meta property=\"og:locale\" content=\"fr_FR\" \/>\n<meta property=\"og:type\" content=\"article\" \/>\n<meta property=\"og:title\" content=\"DJI Maintenance. Pro. S. matrice 4D\" \/>\n<meta property=\"og:description\" content=\"Specifiek ontworpen voor DJI Matrice 4D\" \/>\n<meta property=\"og:url\" content=\"https:\/\/koningdrone.be\/fr\/produit\/dji-maintenance-pro-s-matrice-4d\/\" \/>\n<meta property=\"og:site_name\" content=\"koningdrone.be\" \/>\n<meta property=\"article:modified_time\" content=\"2026-04-29T01:41:23+00:00\" \/>\n<meta property=\"og:image\" content=\"https:\/\/koningdrone.be\/wp-content\/uploads\/sites\/13\/2026\/04\/DJI-Maintenance.-Pro.-B.-S.-matrice-4D.jpg\" \/>\n\t<meta property=\"og:image:width\" content=\"840\" \/>\n\t<meta property=\"og:image:height\" content=\"840\" \/>\n\t<meta property=\"og:image:type\" content=\"image\/jpeg\" \/>\n<meta name=\"twitter:card\" content=\"summary_large_image\" \/>\n<meta name=\"twitter:label1\" content=\"Dur\u00e9e de lecture est.\" \/>\n\t<meta name=\"twitter:data1\" content=\"1 minute\" \/>\n<script type=\"application\/ld+json\" class=\"yoast-schema-graph\">{\"@context\":\"https:\/\/schema.org\",\"@graph\":[{\"@type\":\"WebPage\",\"@id\":\"https:\/\/koningdrone.be\/product\/dji-maintenance-pro-s-matrice-4d\/\",\"url\":\"https:\/\/koningdrone.be\/product\/dji-maintenance-pro-s-matrice-4d\/\",\"name\":\"DJI Maintenance. Pro. S. matrice 4D - koningdrone.be\",\"isPartOf\":{\"@id\":\"https:\/\/koningdrone.be\/#website\"},\"primaryImageOfPage\":{\"@id\":\"https:\/\/koningdrone.be\/product\/dji-maintenance-pro-s-matrice-4d\/#primaryimage\"},\"image\":{\"@id\":\"https:\/\/koningdrone.be\/product\/dji-maintenance-pro-s-matrice-4d\/#primaryimage\"},\"thumbnailUrl\":\"https:\/\/koningdrone.be\/wp-content\/uploads\/sites\/13\/2026\/04\/DJI-Maintenance.-Pro.-B.-S.-matrice-4D.jpg\",\"datePublished\":\"2026-04-13T11:11:41+00:00\",\"dateModified\":\"2026-04-29T01:41:23+00:00\",\"breadcrumb\":{\"@id\":\"https:\/\/koningdrone.be\/product\/dji-maintenance-pro-s-matrice-4d\/#breadcrumb\"},\"inLanguage\":\"fr-BE\",\"potentialAction\":[{\"@type\":\"ReadAction\",\"target\":[\"https:\/\/koningdrone.be\/product\/dji-maintenance-pro-s-matrice-4d\/\"]}]},{\"@type\":\"ImageObject\",\"inLanguage\":\"fr-BE\",\"@id\":\"https:\/\/koningdrone.be\/product\/dji-maintenance-pro-s-matrice-4d\/#primaryimage\",\"url\":\"https:\/\/koningdrone.be\/wp-content\/uploads\/sites\/13\/2026\/04\/DJI-Maintenance.-Pro.-B.-S.-matrice-4D.jpg\",\"contentUrl\":\"https:\/\/koningdrone.be\/wp-content\/uploads\/sites\/13\/2026\/04\/DJI-Maintenance.-Pro.-B.-S.-matrice-4D.jpg\",\"width\":840,\"height\":840},{\"@type\":\"BreadcrumbList\",\"@id\":\"https:\/\/koningdrone.be\/product\/dji-maintenance-pro-s-matrice-4d\/#breadcrumb\",\"itemListElement\":[{\"@type\":\"ListItem\",\"position\":1,\"name\":\"Home\",\"item\":\"https:\/\/koningdrone.be\/\"},{\"@type\":\"ListItem\",\"position\":2,\"name\":\"AVSS Parachute Recovery System for DJI Matrice 300\/350\",\"item\":\"https:\/\/koningdrone.be\/product\/avss-parachute-recovery-system-for-dji-matrice-300-350\/\"},{\"@type\":\"ListItem\",\"position\":3,\"name\":\"DJI Matrice 4D\",\"item\":\"https:\/\/koningdrone.be\/categorie\/dji-matrice-4d\/\"},{\"@type\":\"ListItem\",\"position\":4,\"name\":\"DJI Maintenance. Pro. S. matrice 4D\"}]},{\"@type\":\"WebSite\",\"@id\":\"https:\/\/koningdrone.be\/#website\",\"url\":\"https:\/\/koningdrone.be\/\",\"name\":\"Koningdrone.be - Uw online specialist in drones, gimbals, camera's en power stations.\",\"description\":\"De webshop in drones en gimbals\",\"publisher\":{\"@id\":\"https:\/\/koningdrone.be\/#organization\"},\"potentialAction\":[{\"@type\":\"SearchAction\",\"target\":{\"@type\":\"EntryPoint\",\"urlTemplate\":\"https:\/\/koningdrone.be\/?s={search_term_string}\"},\"query-input\":{\"@type\":\"PropertyValueSpecification\",\"valueRequired\":true,\"valueName\":\"search_term_string\"}}],\"inLanguage\":\"fr-BE\"},{\"@type\":\"Organization\",\"@id\":\"https:\/\/koningdrone.be\/#organization\",\"name\":\"Koningdrone.be\",\"url\":\"https:\/\/koningdrone.be\/\",\"logo\":{\"@type\":\"ImageObject\",\"inLanguage\":\"fr-BE\",\"@id\":\"https:\/\/koningdrone.be\/#\/schema\/logo\/image\/\",\"url\":\"https:\/\/koningdrone.be\/wp-content\/uploads\/sites\/13\/2025\/04\/koningdrone-copyright-logo.svg\",\"contentUrl\":\"https:\/\/koningdrone.be\/wp-content\/uploads\/sites\/13\/2025\/04\/koningdrone-copyright-logo.svg\",\"width\":227,\"height\":38,\"caption\":\"Koningdrone.be\"},\"image\":{\"@id\":\"https:\/\/koningdrone.be\/#\/schema\/logo\/image\/\"}}]}<\/script>\n<!-- \/ Yoast SEO Premium plugin. -->","yoast_head_json":{"title":"DJI Maintenance. Pro. S. matrice 4D - koningdrone.be","robots":{"index":"index","follow":"follow","max-snippet":"max-snippet:-1","max-image-preview":"max-image-preview:large","max-video-preview":"max-video-preview:-1"},"canonical":"https:\/\/koningdrone.be\/fr\/produit\/dji-maintenance-pro-s-matrice-4d\/","og_locale":"fr_FR","og_type":"article","og_title":"DJI Maintenance. Pro. S. matrice 4D","og_description":"Specifiek ontworpen voor DJI Matrice 4D","og_url":"https:\/\/koningdrone.be\/fr\/produit\/dji-maintenance-pro-s-matrice-4d\/","og_site_name":"koningdrone.be","article_modified_time":"2026-04-29T01:41:23+00:00","og_image":[{"width":840,"height":840,"url":"https:\/\/koningdrone.be\/wp-content\/uploads\/sites\/13\/2026\/04\/DJI-Maintenance.-Pro.-B.-S.-matrice-4D.jpg","type":"image\/jpeg"}],"twitter_card":"summary_large_image","twitter_misc":{"Dur\u00e9e de lecture est.":"1 minute"},"schema":{"@context":"https:\/\/schema.org","@graph":[{"@type":"WebPage","@id":"https:\/\/koningdrone.be\/product\/dji-maintenance-pro-s-matrice-4d\/","url":"https:\/\/koningdrone.be\/product\/dji-maintenance-pro-s-matrice-4d\/","name":"DJI Maintenance. Pro. S. matrice 4D - koningdrone.be","isPartOf":{"@id":"https:\/\/koningdrone.be\/#website"},"primaryImageOfPage":{"@id":"https:\/\/koningdrone.be\/product\/dji-maintenance-pro-s-matrice-4d\/#primaryimage"},"image":{"@id":"https:\/\/koningdrone.be\/product\/dji-maintenance-pro-s-matrice-4d\/#primaryimage"},"thumbnailUrl":"https:\/\/koningdrone.be\/wp-content\/uploads\/sites\/13\/2026\/04\/DJI-Maintenance.-Pro.-B.-S.-matrice-4D.jpg","datePublished":"2026-04-13T11:11:41+00:00","dateModified":"2026-04-29T01:41:23+00:00","breadcrumb":{"@id":"https:\/\/koningdrone.be\/product\/dji-maintenance-pro-s-matrice-4d\/#breadcrumb"},"inLanguage":"fr-BE","potentialAction":[{"@type":"ReadAction","target":["https:\/\/koningdrone.be\/product\/dji-maintenance-pro-s-matrice-4d\/"]}]},{"@type":"ImageObject","inLanguage":"fr-BE","@id":"https:\/\/koningdrone.be\/product\/dji-maintenance-pro-s-matrice-4d\/#primaryimage","url":"https:\/\/koningdrone.be\/wp-content\/uploads\/sites\/13\/2026\/04\/DJI-Maintenance.-Pro.-B.-S.-matrice-4D.jpg","contentUrl":"https:\/\/koningdrone.be\/wp-content\/uploads\/sites\/13\/2026\/04\/DJI-Maintenance.-Pro.-B.-S.-matrice-4D.jpg","width":840,"height":840},{"@type":"BreadcrumbList","@id":"https:\/\/koningdrone.be\/product\/dji-maintenance-pro-s-matrice-4d\/#breadcrumb","itemListElement":[{"@type":"ListItem","position":1,"name":"Home","item":"https:\/\/koningdrone.be\/"},{"@type":"ListItem","position":2,"name":"AVSS Parachute Recovery System for DJI Matrice 300\/350","item":"https:\/\/koningdrone.be\/product\/avss-parachute-recovery-system-for-dji-matrice-300-350\/"},{"@type":"ListItem","position":3,"name":"DJI Matrice 4D","item":"https:\/\/koningdrone.be\/categorie\/dji-matrice-4d\/"},{"@type":"ListItem","position":4,"name":"DJI Maintenance. Pro. S. matrice 4D"}]},{"@type":"WebSite","@id":"https:\/\/koningdrone.be\/#website","url":"https:\/\/koningdrone.be\/","name":"Koningdrone.be - Votre sp\u00e9cialiste en ligne en mati\u00e8re de drones, de cardans, de cam\u00e9ras et de centrales \u00e9lectriques.","description":"La boutique en ligne de drones et de cardans","publisher":{"@id":"https:\/\/koningdrone.be\/#organization"},"potentialAction":[{"@type":"SearchAction","target":{"@type":"EntryPoint","urlTemplate":"https:\/\/koningdrone.be\/?s={search_term_string}"},"query-input":{"@type":"PropertyValueSpecification","valueRequired":true,"valueName":"search_term_string"}}],"inLanguage":"fr-BE"},{"@type":"Organization","@id":"https:\/\/koningdrone.be\/#organization","name":"Kingdrone.co.uk","url":"https:\/\/koningdrone.be\/","logo":{"@type":"ImageObject","inLanguage":"fr-BE","@id":"https:\/\/koningdrone.be\/#\/schema\/logo\/image\/","url":"https:\/\/koningdrone.be\/wp-content\/uploads\/sites\/13\/2025\/04\/koningdrone-copyright-logo.svg","contentUrl":"https:\/\/koningdrone.be\/wp-content\/uploads\/sites\/13\/2025\/04\/koningdrone-copyright-logo.svg","width":227,"height":38,"caption":"Koningdrone.be"},"image":{"@id":"https:\/\/koningdrone.be\/#\/schema\/logo\/image\/"}}]}},"df_price":439,"df_sale_price":"","df_regular_price":439,"df_image_link":"https:\/\/koningdrone.be\/wp-content\/uploads\/sites\/13\/2026\/04\/DJI-Maintenance.-Pro.-B.-S.-matrice-4D-300x300.jpg","_links":{"self":[{"href":"https:\/\/koningdrone.be\/fr\/wp-json\/wp\/v2\/product\/18925","targetHints":{"allow":["GET"]}}],"collection":[{"href":"https:\/\/koningdrone.be\/fr\/wp-json\/wp\/v2\/product"}],"about":[{"href":"https:\/\/koningdrone.be\/fr\/wp-json\/wp\/v2\/types\/product"}],"wp:featuredmedia":[{"embeddable":true,"href":"https:\/\/koningdrone.be\/fr\/wp-json\/wp\/v2\/media\/18487"}],"wp:attachment":[{"href":"https:\/\/koningdrone.be\/fr\/wp-json\/wp\/v2\/media?parent=18925"}],"wp:term":[{"taxonomy":"product_brand","embeddable":true,"href":"https:\/\/koningdrone.be\/fr\/wp-json\/wp\/v2\/product_brand?post=18925"},{"taxonomy":"product_cat","embeddable":true,"href":"https:\/\/koningdrone.be\/fr\/wp-json\/wp\/v2\/product_cat?post=18925"},{"taxonomy":"product_tag","embeddable":true,"href":"https:\/\/koningdrone.be\/fr\/wp-json\/wp\/v2\/product_tag?post=18925"}],"curies":[{"name":"wp","href":"https:\/\/api.w.org\/{rel}","templated":true}]}}