{"id":18725,"date":"2026-04-09T16:34:16","date_gmt":"2026-04-09T14:34:16","guid":{"rendered":"https:\/\/koningdrone.be\/?post_type=product&#038;p=18725"},"modified":"2026-05-02T04:00:46","modified_gmt":"2026-05-02T02:00:46","slug":"dji-neo-2-motion-fly-more-combo-incl-goggles-n3-rc-motion-3","status":"publish","type":"product","link":"https:\/\/koningdrone.be\/fr\/produit\/dji-neo-2-motion-fly-more-combo-incl-goggles-n3-rc-motion-3\/","title":{"rendered":"DJI Neo 2 - Motion Fly More Combo - incl Goggles N3 &amp; RC Motion 3"},"content":{"rendered":"<h3>DJI Neo 2 - Motion Fly More Combo - incl Goggles N3 &amp; RC Motion 3<\/h3>\n<p><iframe loading=\"lazy\" title=\"DJI Neo 2\uff5cPremi\u00e8re utilisation (Motion Fly More Combo)\" width=\"800\" height=\"450\" src=\"https:\/\/www.youtube.com\/embed\/0EosbjvRjEQ?feature=oembed&#038;enablejsapi=1&#038;origin=https:\/\/koningdrone.be\" frameborder=\"0\" allow=\"accelerometer; autoplay; clipboard-write; encrypted-media; gyroscope; picture-in-picture; web-share\" referrerpolicy=\"strict-origin-when-cross-origin\" allowfullscreen><\/iframe><\/p>\n<p style=\"margin-top: 20px\">Le DJI Neo 2 Motion Fly More Combo fait entrer le monde des drones compacts dans une toute nouvelle dimension en combinant l'exp\u00e9rience FPV, des commandes intuitives et une libert\u00e9 de cr\u00e9ation totale dans un kit complet. Ce bundle n'est pas un simple ensemble de drones ; il vous place litt\u00e9ralement dans le \u201c cockpit \u201d de vos propres prises de vue a\u00e9riennes. Avec les DJI Goggles N3 inclus, vous ferez l'exp\u00e9rience de s\u00e9quences en temps r\u00e9el comme si vous voliez vous-m\u00eame, tandis que le contr\u00f4leur DJI RC Motion 3 traduit vos mouvements en mouvements de vol pr\u00e9cis.<\/p>\n<p style=\"margin-bottom: 20px\">D\u00e8s que vous mettez le Neo 2 en l'air, vous remarquez imm\u00e9diatement la fluidit\u00e9, la r\u00e9activit\u00e9 et l'intelligence de ce drone. Des fonctions telles que le d\u00e9collage et l'atterrissage palm\u00e9s vous permettent de faire d\u00e9coller et atterrir le drone directement depuis votre main, de sorte que chaque vol commence sans effort et sans proc\u00e9dures compliqu\u00e9es. Gr\u00e2ce \u00e0 ses commandes souples et \u00e0 son faible poids, vous avez l'impression de piloter une extension de vous-m\u00eame dans les airs.<\/p>\n<p><a href=\"https:\/\/koningdrone.nl\/wp-content\/uploads\/2026\/04\/DJI-Neo-2-Motion-Fly-More-Combo-incl.-Goggles-N3-RC-Motion-3.jpg\"><img loading=\"lazy\" decoding=\"async\" class=\"size-medium wp-image-472419 aligncenter\" src=\"https:\/\/koningdrone.nl\/wp-content\/uploads\/2026\/04\/DJI-Neo-2-Motion-Fly-More-Combo-incl.-Goggles-N3-RC-Motion-3-300x300.jpg\" alt=\"DJI Neo 2 - Motion Fly More Combo - incl. Goggles N3 &amp; RC Motion 3\" width=\"300\" height=\"300\" \/><\/a><\/p>\n<h4>Des images cin\u00e9matographiques sans compromis<\/h4>\n<p>Le Neo 2 est dot\u00e9 d'un puissant capteur CMOS 1\/2 pouce et d'un appareil photo de 12 MP qui capture des vid\u00e9os en 4K jusqu'\u00e0 60 fps, y compris un impressionnant ralenti en 4K 100 fps pour des prises de vue cr\u00e9atives et dynamiques. Gr\u00e2ce \u00e0 la combinaison d'un cardan m\u00e9canique \u00e0 2 axes et d'une stabilisation \u00e9lectronique de l'image, vos images restent fluides et professionnelles, m\u00eame en cas de mouvement ou de suivi d'un sujet. Des modes de prise de vue intelligents comme ActiveTrack 4.0 et SelfieShot vous permettent de toujours obtenir la photo parfaite, sans avoir \u00e0 vous pr\u00e9occuper des r\u00e9glages manuels.<\/p>\n<h4>Une exp\u00e9rience de vol immersive \u00e0 la premi\u00e8re personne<\/h4>\n<p>Avec les DJI Goggles N3, vous entrez compl\u00e8tement dans la perspective du drone. Au lieu de regarder un petit \u00e9cran sur un smartphone ou un contr\u00f4leur, vous \u00eates presque litt\u00e9ralement transport\u00e9 dans le vol lui-m\u00eame. Cela ouvre des possibilit\u00e9s cr\u00e9atives au-del\u00e0 de la photographie a\u00e9rienne traditionnelle et vous donne la libert\u00e9 de planifier des prises de vue pr\u00e9cises, de capturer des mouvements dynamiques et de trouver des perspectives uniques.<\/p>\n<p><a href=\"https:\/\/koningdrone.nl\/wp-content\/uploads\/2026\/04\/DJI-Neo-2-Motion-Fly-More-Combo-Product-incl.-Goggles-N3-RC-Motion-3.jpg\"><img loading=\"lazy\" decoding=\"async\" class=\"wp-image-472414 size-medium aligncenter\" src=\"https:\/\/koningdrone.nl\/wp-content\/uploads\/2026\/04\/DJI-Neo-2-Motion-Fly-More-Combo-Product-incl.-Goggles-N3-RC-Motion-3-300x300.jpg\" alt=\"DJI Neo 2 - Motion Fly More Combo Product- incl. Goggles N3 &amp;amp; RC Motion 3\" width=\"300\" height=\"300\" \/><\/a><\/p>\n<h4>Technologie intuitive de commande et de mouvement<\/h4>\n<p>Le contr\u00f4leur DJI RC Motion 3 rend le vol intuitif, fluide et agr\u00e9able. Au lieu d'utiliser des sticks et des boutons complexes, vous pouvez contr\u00f4ler le drone par des mouvements naturels de la main, offrant ainsi une exp\u00e9rience de vol fluide et instinctive. Qu'il s'agisse de passer \u00e0 proximit\u00e9 d'objets ou d'effectuer un mouvement de cam\u00e9ra cr\u00e9atif, ce contr\u00f4leur vous donne la libert\u00e9 de donner vie \u00e0 votre vision avec une courbe d'apprentissage minimale.<\/p>\n<h4>S\u00e9curit\u00e9, navigation et performance durable<\/h4>\n<p>Le Neo 2 peut \u00eatre \u00e9quip\u00e9 d'un syst\u00e8me de d\u00e9tection d'obstacles omnidirectionnel avec LiDAR et capteurs infrarouges, ce qui r\u00e9duit consid\u00e9rablement le risque de collisions lors de vols complexes. La protection int\u00e9gr\u00e9e de l'h\u00e9lice permet de voler plus pr\u00e8s des objets avec une s\u00e9curit\u00e9 accrue. Associ\u00e9 \u00e0 des commandes de vol stables et \u00e0 la navigation GPS, il vous permet de voler en toute confiance, m\u00eame dans des environnements difficiles.<\/p>\n<h4>Plus de temps de vol, plus de cr\u00e9ativit\u00e9<\/h4>\n<p style=\"margin-bottom: 20px\">Le combo comprend plusieurs batteries de vol intelligentes et un concentrateur de charge bidirectionnel, qui vous permet de charger et d'\u00e9changer facilement les batteries. Cela signifie des temps de vol plus longs et plus d'opportunit\u00e9s de lib\u00e9rer votre cr\u00e9ativit\u00e9 lors de s\u00e9ances photo prolong\u00e9es, de vid\u00e9os de voyage ou d'aventures FPV.<\/p>\n<p><a href=\"https:\/\/koningdrone.nl\/wp-content\/uploads\/2026\/04\/DJI-Neo-2-Motion-Fly-More-Combo-incl.-Goggles-N3-RC-Motion-3-Product.jpg\"><img loading=\"lazy\" decoding=\"async\" class=\"size-medium wp-image-472413 aligncenter\" src=\"https:\/\/koningdrone.nl\/wp-content\/uploads\/2026\/04\/DJI-Neo-2-Motion-Fly-More-Combo-incl.-Goggles-N3-RC-Motion-3-Product-300x300.jpg\" alt=\"DJI Neo 2 - Motion Fly More Combo - incl. Goggles N3 &amp; RC Motion 3 Product\" width=\"300\" height=\"300\" \/><\/a><\/p>\n<h4>Notre verdict<\/h4>\n<p>Le DJI Neo 2 Motion Fly More Combo est l'un des ensembles de drones les plus complets que DJI ait mis sur le march\u00e9 \u00e0 ce jour pour le grand public et les cr\u00e9ateurs de contenu. Combinant une cam\u00e9ra puissante, des capteurs intelligents, des lunettes immersives et un contr\u00f4le de mouvement intuitif, ce drone offre une exp\u00e9rience de vol unique et polyvalente. Que vous souhaitiez r\u00e9aliser de v\u00e9ritables prises de vue en FPV, capturer des s\u00e9quences a\u00e9riennes spectaculaires pour les m\u00e9dias sociaux ou simplement profiter de vols immersifs, ce combo donnera vie \u00e0 votre vision avec facilit\u00e9 et professionnalisme.<\/p>","protected":false},"excerpt":{"rendered":"<ul>\n<li>Exp\u00e9rience FPV immersive avec les DJI Goggles N3 pour une visualisation instantan\u00e9e en direct.<\/li>\n<li>RC Motion 3 avec commande bas\u00e9e sur le mouvement pour des mouvements intuitifs.<\/li>\n<li>Appareil photo 4K de 12 MP avec ralenti jusqu'\u00e0 100 fps pour des prises de vue dynamiques.<\/li>\n<li>D\u00e9tection omnidirectionnelle des obstacles et protection de l'h\u00e9lice pour un vol en toute s\u00e9curit\u00e9.<\/li>\n<li>Concentrateur de charge bidirectionnel et batteries suppl\u00e9mentaires pour les vols plus longs.<\/li>\n<\/ul>","protected":false},"featured_media":18724,"template":"","meta":{"_acf_changed":false},"product_brand":[],"product_cat":[1722],"product_tag":[],"class_list":{"0":"post-18725","1":"product","2":"type-product","3":"status-publish","4":"has-post-thumbnail","6":"product_cat-dji-neo-2","7":"product_shipping_class-acsystemsall","8":"pa_brand-dji","9":"pa_producttype-drone","10":"pa_series-neo","12":"first","13":"instock","14":"taxable","15":"shipping-taxable","16":"purchasable","17":"product-type-simple"},"acf":[],"yoast_head":"<!-- This site is optimized with the Yoast SEO Premium plugin v27.2 (Yoast SEO v27.2) - https:\/\/yoast.com\/product\/yoast-seo-premium-wordpress\/ -->\n<title>DJI Neo 2 - Motion Fly More Combo - incl. Goggles N3 &amp; RC Motion 3 - koningdrone.be<\/title>\n<meta name=\"robots\" content=\"index, follow, max-snippet:-1, max-image-preview:large, max-video-preview:-1\" \/>\n<link rel=\"canonical\" href=\"https:\/\/koningdrone.be\/fr\/produit\/dji-neo-2-motion-fly-more-combo-incl-goggles-n3-rc-motion-3\/\" \/>\n<meta property=\"og:locale\" content=\"fr_FR\" \/>\n<meta property=\"og:type\" content=\"article\" \/>\n<meta property=\"og:title\" content=\"DJI Neo 2 - Motion Fly More Combo - incl. Goggles N3 &amp; RC Motion 3\" \/>\n<meta property=\"og:description\" content=\"Meeslepende FPV\u2011ervaring met DJI Goggles N3 voor directe live\u2011weergave.  RC Motion 3 met motion\u2011based controle voor intu\u00eftieve bewegingen.  12\u202fMP 4K\u2011camera met slow\u2011motion tot 100\u202ffps voor dynamische opnames.  Omnidirectionele obstakeldetectie en propellerbescherming voor veilig vliegen.  Two\u2011way charging hub en extra batterijen voor langere vluchten.\" \/>\n<meta property=\"og:url\" content=\"https:\/\/koningdrone.be\/fr\/produit\/dji-neo-2-motion-fly-more-combo-incl-goggles-n3-rc-motion-3\/\" \/>\n<meta property=\"og:site_name\" content=\"koningdrone.be\" \/>\n<meta property=\"article:modified_time\" content=\"2026-05-02T02:00:46+00:00\" \/>\n<meta property=\"og:image\" content=\"https:\/\/koningdrone.be\/wp-content\/uploads\/sites\/13\/2026\/04\/DJI-Neo-2-Motion-Fly-More-Combo-incl.-Goggles-N3-RC-Motion-3.jpg\" \/>\n\t<meta property=\"og:image:width\" content=\"2560\" \/>\n\t<meta property=\"og:image:height\" content=\"2560\" \/>\n\t<meta property=\"og:image:type\" content=\"image\/jpeg\" \/>\n<meta name=\"twitter:card\" content=\"summary_large_image\" \/>\n<meta name=\"twitter:label1\" content=\"Dur\u00e9e de lecture est.\" \/>\n\t<meta name=\"twitter:data1\" content=\"3 minutes\" \/>\n<script type=\"application\/ld+json\" class=\"yoast-schema-graph\">{\"@context\":\"https:\/\/schema.org\",\"@graph\":[{\"@type\":\"WebPage\",\"@id\":\"https:\/\/koningdrone.be\/product\/dji-neo-2-motion-fly-more-combo-incl-goggles-n3-rc-motion-3\/\",\"url\":\"https:\/\/koningdrone.be\/product\/dji-neo-2-motion-fly-more-combo-incl-goggles-n3-rc-motion-3\/\",\"name\":\"DJI Neo 2 - Motion Fly More Combo - incl. Goggles N3 &amp; RC Motion 3 - koningdrone.be\",\"isPartOf\":{\"@id\":\"https:\/\/koningdrone.be\/#website\"},\"primaryImageOfPage\":{\"@id\":\"https:\/\/koningdrone.be\/product\/dji-neo-2-motion-fly-more-combo-incl-goggles-n3-rc-motion-3\/#primaryimage\"},\"image\":{\"@id\":\"https:\/\/koningdrone.be\/product\/dji-neo-2-motion-fly-more-combo-incl-goggles-n3-rc-motion-3\/#primaryimage\"},\"thumbnailUrl\":\"https:\/\/koningdrone.be\/wp-content\/uploads\/sites\/13\/2026\/04\/DJI-Neo-2-Motion-Fly-More-Combo-incl.-Goggles-N3-RC-Motion-3.jpg\",\"datePublished\":\"2026-04-09T14:34:16+00:00\",\"dateModified\":\"2026-05-02T02:00:46+00:00\",\"breadcrumb\":{\"@id\":\"https:\/\/koningdrone.be\/product\/dji-neo-2-motion-fly-more-combo-incl-goggles-n3-rc-motion-3\/#breadcrumb\"},\"inLanguage\":\"fr-BE\",\"potentialAction\":[{\"@type\":\"ReadAction\",\"target\":[\"https:\/\/koningdrone.be\/product\/dji-neo-2-motion-fly-more-combo-incl-goggles-n3-rc-motion-3\/\"]}]},{\"@type\":\"ImageObject\",\"inLanguage\":\"fr-BE\",\"@id\":\"https:\/\/koningdrone.be\/product\/dji-neo-2-motion-fly-more-combo-incl-goggles-n3-rc-motion-3\/#primaryimage\",\"url\":\"https:\/\/koningdrone.be\/wp-content\/uploads\/sites\/13\/2026\/04\/DJI-Neo-2-Motion-Fly-More-Combo-incl.-Goggles-N3-RC-Motion-3.jpg\",\"contentUrl\":\"https:\/\/koningdrone.be\/wp-content\/uploads\/sites\/13\/2026\/04\/DJI-Neo-2-Motion-Fly-More-Combo-incl.-Goggles-N3-RC-Motion-3.jpg\",\"width\":2560,\"height\":2560},{\"@type\":\"BreadcrumbList\",\"@id\":\"https:\/\/koningdrone.be\/product\/dji-neo-2-motion-fly-more-combo-incl-goggles-n3-rc-motion-3\/#breadcrumb\",\"itemListElement\":[{\"@type\":\"ListItem\",\"position\":1,\"name\":\"Home\",\"item\":\"https:\/\/koningdrone.be\/\"},{\"@type\":\"ListItem\",\"position\":2,\"name\":\"AVSS Parachute Recovery System for DJI Matrice 300\/350\",\"item\":\"https:\/\/koningdrone.be\/product\/avss-parachute-recovery-system-for-dji-matrice-300-350\/\"},{\"@type\":\"ListItem\",\"position\":3,\"name\":\"DJI Neo 2\",\"item\":\"https:\/\/koningdrone.be\/categorie\/dji-neo-2\/\"},{\"@type\":\"ListItem\",\"position\":4,\"name\":\"DJI Neo 2 &#8211; Motion Fly More Combo &#8211; incl. Goggles N3 &amp; RC Motion 3\"}]},{\"@type\":\"WebSite\",\"@id\":\"https:\/\/koningdrone.be\/#website\",\"url\":\"https:\/\/koningdrone.be\/\",\"name\":\"Koningdrone.be - Uw online specialist in drones, gimbals, camera's en power stations.\",\"description\":\"De webshop in drones en gimbals\",\"publisher\":{\"@id\":\"https:\/\/koningdrone.be\/#organization\"},\"potentialAction\":[{\"@type\":\"SearchAction\",\"target\":{\"@type\":\"EntryPoint\",\"urlTemplate\":\"https:\/\/koningdrone.be\/?s={search_term_string}\"},\"query-input\":{\"@type\":\"PropertyValueSpecification\",\"valueRequired\":true,\"valueName\":\"search_term_string\"}}],\"inLanguage\":\"fr-BE\"},{\"@type\":\"Organization\",\"@id\":\"https:\/\/koningdrone.be\/#organization\",\"name\":\"Koningdrone.be\",\"url\":\"https:\/\/koningdrone.be\/\",\"logo\":{\"@type\":\"ImageObject\",\"inLanguage\":\"fr-BE\",\"@id\":\"https:\/\/koningdrone.be\/#\/schema\/logo\/image\/\",\"url\":\"https:\/\/koningdrone.be\/wp-content\/uploads\/sites\/13\/2025\/04\/koningdrone-copyright-logo.svg\",\"contentUrl\":\"https:\/\/koningdrone.be\/wp-content\/uploads\/sites\/13\/2025\/04\/koningdrone-copyright-logo.svg\",\"width\":227,\"height\":38,\"caption\":\"Koningdrone.be\"},\"image\":{\"@id\":\"https:\/\/koningdrone.be\/#\/schema\/logo\/image\/\"}}]}<\/script>\n<!-- \/ Yoast SEO Premium plugin. -->","yoast_head_json":{"title":"DJI Neo 2 - Motion Fly More Combo - incl. Goggles N3 &amp; RC Motion 3 - koningdrone.be","robots":{"index":"index","follow":"follow","max-snippet":"max-snippet:-1","max-image-preview":"max-image-preview:large","max-video-preview":"max-video-preview:-1"},"canonical":"https:\/\/koningdrone.be\/fr\/produit\/dji-neo-2-motion-fly-more-combo-incl-goggles-n3-rc-motion-3\/","og_locale":"fr_FR","og_type":"article","og_title":"DJI Neo 2 - Motion Fly More Combo - incl. Goggles N3 &amp; RC Motion 3","og_description":"Meeslepende FPV\u2011ervaring met DJI Goggles N3 voor directe live\u2011weergave.  RC Motion 3 met motion\u2011based controle voor intu\u00eftieve bewegingen.  12\u202fMP 4K\u2011camera met slow\u2011motion tot 100\u202ffps voor dynamische opnames.  Omnidirectionele obstakeldetectie en propellerbescherming voor veilig vliegen.  Two\u2011way charging hub en extra batterijen voor langere vluchten.","og_url":"https:\/\/koningdrone.be\/fr\/produit\/dji-neo-2-motion-fly-more-combo-incl-goggles-n3-rc-motion-3\/","og_site_name":"koningdrone.be","article_modified_time":"2026-05-02T02:00:46+00:00","og_image":[{"width":2560,"height":2560,"url":"https:\/\/koningdrone.be\/wp-content\/uploads\/sites\/13\/2026\/04\/DJI-Neo-2-Motion-Fly-More-Combo-incl.-Goggles-N3-RC-Motion-3.jpg","type":"image\/jpeg"}],"twitter_card":"summary_large_image","twitter_misc":{"Dur\u00e9e de lecture est.":"3 minutes"},"schema":{"@context":"https:\/\/schema.org","@graph":[{"@type":"WebPage","@id":"https:\/\/koningdrone.be\/product\/dji-neo-2-motion-fly-more-combo-incl-goggles-n3-rc-motion-3\/","url":"https:\/\/koningdrone.be\/product\/dji-neo-2-motion-fly-more-combo-incl-goggles-n3-rc-motion-3\/","name":"DJI Neo 2 - Motion Fly More Combo - incl. Goggles N3 &amp; RC Motion 3 - koningdrone.be","isPartOf":{"@id":"https:\/\/koningdrone.be\/#website"},"primaryImageOfPage":{"@id":"https:\/\/koningdrone.be\/product\/dji-neo-2-motion-fly-more-combo-incl-goggles-n3-rc-motion-3\/#primaryimage"},"image":{"@id":"https:\/\/koningdrone.be\/product\/dji-neo-2-motion-fly-more-combo-incl-goggles-n3-rc-motion-3\/#primaryimage"},"thumbnailUrl":"https:\/\/koningdrone.be\/wp-content\/uploads\/sites\/13\/2026\/04\/DJI-Neo-2-Motion-Fly-More-Combo-incl.-Goggles-N3-RC-Motion-3.jpg","datePublished":"2026-04-09T14:34:16+00:00","dateModified":"2026-05-02T02:00:46+00:00","breadcrumb":{"@id":"https:\/\/koningdrone.be\/product\/dji-neo-2-motion-fly-more-combo-incl-goggles-n3-rc-motion-3\/#breadcrumb"},"inLanguage":"fr-BE","potentialAction":[{"@type":"ReadAction","target":["https:\/\/koningdrone.be\/product\/dji-neo-2-motion-fly-more-combo-incl-goggles-n3-rc-motion-3\/"]}]},{"@type":"ImageObject","inLanguage":"fr-BE","@id":"https:\/\/koningdrone.be\/product\/dji-neo-2-motion-fly-more-combo-incl-goggles-n3-rc-motion-3\/#primaryimage","url":"https:\/\/koningdrone.be\/wp-content\/uploads\/sites\/13\/2026\/04\/DJI-Neo-2-Motion-Fly-More-Combo-incl.-Goggles-N3-RC-Motion-3.jpg","contentUrl":"https:\/\/koningdrone.be\/wp-content\/uploads\/sites\/13\/2026\/04\/DJI-Neo-2-Motion-Fly-More-Combo-incl.-Goggles-N3-RC-Motion-3.jpg","width":2560,"height":2560},{"@type":"BreadcrumbList","@id":"https:\/\/koningdrone.be\/product\/dji-neo-2-motion-fly-more-combo-incl-goggles-n3-rc-motion-3\/#breadcrumb","itemListElement":[{"@type":"ListItem","position":1,"name":"Home","item":"https:\/\/koningdrone.be\/"},{"@type":"ListItem","position":2,"name":"AVSS Parachute Recovery System for DJI Matrice 300\/350","item":"https:\/\/koningdrone.be\/product\/avss-parachute-recovery-system-for-dji-matrice-300-350\/"},{"@type":"ListItem","position":3,"name":"DJI Neo 2","item":"https:\/\/koningdrone.be\/categorie\/dji-neo-2\/"},{"@type":"ListItem","position":4,"name":"DJI Neo 2 &#8211; Motion Fly More Combo &#8211; incl. Goggles N3 &amp; RC Motion 3"}]},{"@type":"WebSite","@id":"https:\/\/koningdrone.be\/#website","url":"https:\/\/koningdrone.be\/","name":"Koningdrone.be - Votre sp\u00e9cialiste en ligne en mati\u00e8re de drones, de cardans, de cam\u00e9ras et de centrales \u00e9lectriques.","description":"La boutique en ligne de drones et de cardans","publisher":{"@id":"https:\/\/koningdrone.be\/#organization"},"potentialAction":[{"@type":"SearchAction","target":{"@type":"EntryPoint","urlTemplate":"https:\/\/koningdrone.be\/?s={search_term_string}"},"query-input":{"@type":"PropertyValueSpecification","valueRequired":true,"valueName":"search_term_string"}}],"inLanguage":"fr-BE"},{"@type":"Organization","@id":"https:\/\/koningdrone.be\/#organization","name":"Kingdrone.co.uk","url":"https:\/\/koningdrone.be\/","logo":{"@type":"ImageObject","inLanguage":"fr-BE","@id":"https:\/\/koningdrone.be\/#\/schema\/logo\/image\/","url":"https:\/\/koningdrone.be\/wp-content\/uploads\/sites\/13\/2025\/04\/koningdrone-copyright-logo.svg","contentUrl":"https:\/\/koningdrone.be\/wp-content\/uploads\/sites\/13\/2025\/04\/koningdrone-copyright-logo.svg","width":227,"height":38,"caption":"Koningdrone.be"},"image":{"@id":"https:\/\/koningdrone.be\/#\/schema\/logo\/image\/"}}]}},"df_price":564,"df_sale_price":"","df_regular_price":564,"df_image_link":"https:\/\/koningdrone.be\/wp-content\/uploads\/sites\/13\/2026\/04\/DJI-Neo-2-Motion-Fly-More-Combo-incl.-Goggles-N3-RC-Motion-3-300x300.jpg","_links":{"self":[{"href":"https:\/\/koningdrone.be\/fr\/wp-json\/wp\/v2\/product\/18725","targetHints":{"allow":["GET"]}}],"collection":[{"href":"https:\/\/koningdrone.be\/fr\/wp-json\/wp\/v2\/product"}],"about":[{"href":"https:\/\/koningdrone.be\/fr\/wp-json\/wp\/v2\/types\/product"}],"wp:featuredmedia":[{"embeddable":true,"href":"https:\/\/koningdrone.be\/fr\/wp-json\/wp\/v2\/media\/18724"}],"wp:attachment":[{"href":"https:\/\/koningdrone.be\/fr\/wp-json\/wp\/v2\/media?parent=18725"}],"wp:term":[{"taxonomy":"product_brand","embeddable":true,"href":"https:\/\/koningdrone.be\/fr\/wp-json\/wp\/v2\/product_brand?post=18725"},{"taxonomy":"product_cat","embeddable":true,"href":"https:\/\/koningdrone.be\/fr\/wp-json\/wp\/v2\/product_cat?post=18725"},{"taxonomy":"product_tag","embeddable":true,"href":"https:\/\/koningdrone.be\/fr\/wp-json\/wp\/v2\/product_tag?post=18725"}],"curies":[{"name":"wp","href":"https:\/\/api.w.org\/{rel}","templated":true}]}}