{"id":18723,"date":"2026-04-09T16:01:06","date_gmt":"2026-04-09T14:01:06","guid":{"rendered":"https:\/\/koningdrone.be\/product\/dji-neo-2-fly-more-combo-incl-rc-n3-controller\/"},"modified":"2026-05-02T04:00:45","modified_gmt":"2026-05-02T02:00:45","slug":"dji-neo-2-fly-more-combo-incl-rc-n3-controller","status":"publish","type":"product","link":"https:\/\/koningdrone.be\/fr\/produit\/dji-neo-2-fly-more-combo-incl-rc-n3-controller\/","title":{"rendered":"DJI Neo 2 - Fly More Combo avec contr\u00f4leur RC-N3"},"content":{"rendered":"<h3>DJI Neo 2 - Fly More Combo avec contr\u00f4leur RC-N3<\/h3>\n<p><iframe loading=\"lazy\" title=\"DJI Neo 2\uff5cPremi\u00e8re utilisation (DJI RC-N3)\" width=\"800\" height=\"450\" src=\"https:\/\/www.youtube.com\/embed\/dbgruTJ0U70?feature=oembed&#038;enablejsapi=1&#038;origin=https:\/\/koningdrone.be\" frameborder=\"0\" allow=\"accelerometer; autoplay; clipboard-write; encrypted-media; gyroscope; picture-in-picture; web-share\" referrerpolicy=\"strict-origin-when-cross-origin\" allowfullscreen><\/iframe><\/p>\n<p style=\"margin-top: 20px\">Le DJI Neo 2 Fly More Combo avec contr\u00f4leur RC-N3 est un syst\u00e8me de drone complet, polyvalent et intelligent con\u00e7u pour faire passer la photographie et la vid\u00e9ographie a\u00e9riennes au niveau sup\u00e9rieur. Ce combo Fly More combine la commodit\u00e9, des capacit\u00e9s d'enregistrement puissantes et un temps de vol suppl\u00e9mentaire dans un seul package, vous permettant de voler plus longtemps, d'avoir plus de libert\u00e9 cr\u00e9ative et de rendre votre contenu plus professionnel. Le combo comprend non seulement le drone lui-m\u00eame, mais aussi le contr\u00f4leur DJI RC-N3 et plusieurs batteries, ce qui vous donne un contr\u00f4le total sur chaque vol.<\/p>\n<p style=\"margin-bottom: 20px\">D\u00e8s que vous faites voler le Neo 2, vous constatez \u00e0 quel point ce syst\u00e8me est intuitif et r\u00e9actif. Des fonctions telles que le d\u00e9collage et l'atterrissage palm\u00e9s vous permettent de faire d\u00e9coller et atterrir le drone depuis votre main d'un simple mouvement. Cela semble naturel, m\u00eame si vous n'avez jamais vol\u00e9 auparavant. Mais sous la convivialit\u00e9 se cache une technologie qui s\u00e9duira \u00e9galement les cr\u00e9ateurs chevronn\u00e9s.<\/p>\n<p><a href=\"https:\/\/koningdrone.nl\/wp-content\/uploads\/2026\/04\/DJI-Neo-2-Fly-More-Combo-incl.-RC-N3-Controller.jpg\"><img loading=\"lazy\" decoding=\"async\" class=\"size-medium wp-image-472410 aligncenter\" src=\"https:\/\/koningdrone.nl\/wp-content\/uploads\/2026\/04\/DJI-Neo-2-Fly-More-Combo-incl.-RC-N3-Controller-300x300.jpg\" alt=\"DJI Neo 2 - Fly More Combo incl. RC-N3 Controller\" width=\"300\" height=\"300\" \/><\/a><\/p>\n<h4>Capture d'images cin\u00e9matographiques et fonctionnalit\u00e9 d'enregistrement intelligent<\/h4>\n<p>Le Neo 2 est \u00e9quip\u00e9 d'un appareil photo de 12 MP et d'un capteur CMOS 1\/2 pouce avec ouverture f\/2.2, permettant d'enregistrer des vid\u00e9os 4K fluides jusqu'\u00e0 60 fps, et m\u00eame des ralentis 4K 100 fps pour des sc\u00e8nes dynamiques impressionnantes. Gr\u00e2ce au cardan \u00e0 2 axes et \u00e0 la stabilisation \u00e9lectronique de l'image, les images restent stables m\u00eame lorsque le drone se d\u00e9place ou suit un sujet. La combinaison de 49 Go de m\u00e9moire interne et de modes d'enregistrement intelligents tels que ActiveTrack 4.0 et SelfieShot facilite le suivi ou le cadrage automatique de vos sujets, pour que vos images aient l'air d'avoir \u00e9t\u00e9 prises par des professionnels.<\/p>\n<h4>Des commandes intuitives et une grande exp\u00e9rience de vol<\/h4>\n<p>Le contr\u00f4leur DJI RC-N3 inclus vous permet de contr\u00f4ler directement et pr\u00e9cis\u00e9ment le drone. Le contr\u00f4leur fonctionne parfaitement avec le Neo 2 et augmente votre port\u00e9e et votre pr\u00e9cision, ce qui est particuli\u00e8rement utile pour les vols plus longs ou lorsque vous souhaitez capturer des s\u00e9quences complexes. En outre, vous pouvez \u00e9galement contr\u00f4ler le drone via l'application DJI Fly sur votre smartphone ou via d'autres accessoires DJI, ce qui vous offre des options de contr\u00f4le flexibles.<\/p>\n<p><a href=\"https:\/\/koningdrone.nl\/wp-content\/uploads\/2026\/04\/DJI-Neo-2-Fly-More-Combo-incl.-RC-N3-Controller-Product.jpg\"><img loading=\"lazy\" decoding=\"async\" class=\"size-medium wp-image-472405 aligncenter\" src=\"https:\/\/koningdrone.nl\/wp-content\/uploads\/2026\/04\/DJI-Neo-2-Fly-More-Combo-incl.-RC-N3-Controller-Product-300x300.jpg\" alt=\"DJI Neo 2 - Fly More Combo incl. RC-N3 Controller Product\" width=\"300\" height=\"300\" \/><\/a><\/p>\n<h4>S\u00e9curit\u00e9 et capteurs avanc\u00e9s<\/h4>\n<p>Le Neo 2 est dot\u00e9 d'un syst\u00e8me de d\u00e9tection d'obstacles omnidirectionnel qui d\u00e9tecte les objets dans toutes les directions. Combin\u00e9 aux capteurs LiDAR et infrarouge, ce syst\u00e8me offre une s\u00e9curit\u00e9 suppl\u00e9mentaire pendant le vol, en particulier lorsque vous traversez un terrain complexe ou que vous vous trouvez \u00e0 proximit\u00e9 d'objets. Cela rend le drone accessible aux nouveaux pilotes, mais donne \u00e9galement aux utilisateurs exp\u00e9riment\u00e9s une plus grande confiance dans les situations difficiles.<\/p>\n<h4>Plus de temps de vol et de polyvalence<\/h4>\n<p>Ce combo Fly More comprend plusieurs batteries Intelligent Flight et un concentrateur de charge bidirectionnel, ce qui vous permet d'\u00e9changer et de recharger les batteries rapidement. Plus de temps de vol signifie que vous pouvez voler plus longtemps sans interruption, ce qui est id\u00e9al pour les sessions plus longues ou les plans de prise de vue prolong\u00e9s.<\/p>\n<h4>Pourquoi ce Combo Fly More est-il un excellent choix ?<\/h4>\n<p style=\"margin-bottom: 20px\">Le DJI Neo 2 Fly More Combo avec contr\u00f4leur RC-N3 est parfait pour tous ceux qui cherchent \u00e0 tirer le meilleur parti de leur exp\u00e9rience avec un drone. La combinaison de puissantes capacit\u00e9s vid\u00e9o, d'un contr\u00f4le intelligent, de capteurs \u00e9tendus et de batteries suppl\u00e9mentaires en fait une solution tout-en-un pour la photographie a\u00e9rienne, le vlogging, les voyages, les \u00e9v\u00e9nements et le contenu des m\u00e9dias sociaux. Que vous fassiez votre premier vol en drone ou que vous fassiez passer vos productions vid\u00e9o \u00e0 un niveau sup\u00e9rieur, ce combo vous offre la libert\u00e9 et les outils n\u00e9cessaires pour donner vie \u00e0 votre vision.<\/p>\n<p><a href=\"https:\/\/koningdrone.nl\/wp-content\/uploads\/2026\/04\/DJI-Neo-2-Fly-More-Combo-incl.-RC-N3-Controller-Action.jpg\"><img loading=\"lazy\" decoding=\"async\" class=\"size-medium wp-image-472404 aligncenter\" src=\"https:\/\/koningdrone.nl\/wp-content\/uploads\/2026\/04\/DJI-Neo-2-Fly-More-Combo-incl.-RC-N3-Controller-Action-300x300.jpg\" alt=\"DJI Neo 2 - Fly More Combo incl. RC-N3 Controller Action\" width=\"300\" height=\"300\" \/><\/a><\/p>\n<h4>Notre verdict<\/h4>\n<p>Avec ce Combo Fly More, DJI propose un ensemble qui prend en charge aussi bien les d\u00e9butants que les dronistes exp\u00e9riment\u00e9s. Il offre une grande facilit\u00e9 d'utilisation, une grande flexibilit\u00e9 et suffisamment de fonctionnalit\u00e9s pour capturer des images cr\u00e9atives en toute simplicit\u00e9. Combinant des commandes intuitives, des fonctions intelligentes et un temps de vol suppl\u00e9mentaire, le Neo 2 Fly More Combo est l'un des kits de drone les plus complets de sa cat\u00e9gorie.<\/p>","protected":false},"excerpt":{"rendered":"<ul>\n<li>Comprend un contr\u00f4leur DJI RC-N3 pour un contr\u00f4le pr\u00e9cis et fiable.<\/li>\n<li>Plusieurs batteries intelligentes et un concentrateur de charge bidirectionnel pour une dur\u00e9e de vol plus longue.<\/li>\n<li>Modes de suivi intelligents tels que ActiveTrack 4.0 pour le suivi automatique des sujets.<\/li>\n<li>Appareil photo 4K de 12 MP avec images stabilis\u00e9es gr\u00e2ce \u00e0 un cardan \u00e0 2 axes + EIS.<\/li>\n<li>Options de contr\u00f4le flexibles via le contr\u00f4leur, l'application smartphone et le logiciel DJI Fly.<\/li>\n<\/ul>","protected":false},"featured_media":18716,"template":"","meta":{"_acf_changed":false},"product_brand":[],"product_cat":[1722],"product_tag":[],"class_list":{"0":"post-18723","1":"product","2":"type-product","3":"status-publish","4":"has-post-thumbnail","6":"product_cat-dji-neo-2","7":"product_shipping_class-acsystemsall","8":"pa_brand-dji","9":"pa_producttype-drone","10":"pa_series-neo","12":"first","13":"instock","14":"taxable","15":"shipping-taxable","16":"purchasable","17":"product-type-simple"},"acf":[],"yoast_head":"<!-- This site is optimized with the Yoast SEO Premium plugin v27.2 (Yoast SEO v27.2) - https:\/\/yoast.com\/product\/yoast-seo-premium-wordpress\/ -->\n<title>DJI Neo 2 - Fly More Combo incl. RC-N3 Controller - koningdrone.be<\/title>\n<meta name=\"robots\" content=\"index, follow, max-snippet:-1, max-image-preview:large, max-video-preview:-1\" \/>\n<link rel=\"canonical\" href=\"https:\/\/koningdrone.be\/fr\/produit\/dji-neo-2-fly-more-combo-incl-rc-n3-controller\/\" \/>\n<meta property=\"og:locale\" content=\"fr_FR\" \/>\n<meta property=\"og:type\" content=\"article\" \/>\n<meta property=\"og:title\" content=\"DJI Neo 2 - Fly More Combo incl. RC-N3 Controller\" \/>\n<meta property=\"og:description\" content=\"Inclusief DJI RC\u2011N3 controller voor precieze en betrouwbare besturing.  Meerdere intelligente batterijen en two\u2011way charging hub voor langere vliegtijd.  Slimme tracking\u2011modi zoals ActiveTrack 4.0 voor automatisch onderwerpvolgen.  12\u202fMP 4K\u2011camera met gestabiliseerde beelden dankzij 2\u2011assige gimbal + EIS.  Flexibele besturingsopties via controller, smartphone\u2011app en DJI Fly\u2011software.\" \/>\n<meta property=\"og:url\" content=\"https:\/\/koningdrone.be\/fr\/produit\/dji-neo-2-fly-more-combo-incl-rc-n3-controller\/\" \/>\n<meta property=\"og:site_name\" content=\"koningdrone.be\" \/>\n<meta property=\"article:modified_time\" content=\"2026-05-02T02:00:45+00:00\" \/>\n<meta property=\"og:image\" content=\"https:\/\/koningdrone.be\/wp-content\/uploads\/sites\/13\/2026\/04\/DJI-Neo-2-Fly-More-Combo-incl.-RC-N3-Controller.jpg\" \/>\n\t<meta property=\"og:image:width\" content=\"2560\" \/>\n\t<meta property=\"og:image:height\" content=\"2560\" \/>\n\t<meta property=\"og:image:type\" content=\"image\/jpeg\" \/>\n<meta name=\"twitter:card\" content=\"summary_large_image\" \/>\n<meta name=\"twitter:label1\" content=\"Dur\u00e9e de lecture est.\" \/>\n\t<meta name=\"twitter:data1\" content=\"3 minutes\" \/>\n<script type=\"application\/ld+json\" class=\"yoast-schema-graph\">{\"@context\":\"https:\/\/schema.org\",\"@graph\":[{\"@type\":\"WebPage\",\"@id\":\"https:\/\/koningdrone.be\/product\/dji-neo-2-fly-more-combo-incl-rc-n3-controller\/\",\"url\":\"https:\/\/koningdrone.be\/product\/dji-neo-2-fly-more-combo-incl-rc-n3-controller\/\",\"name\":\"DJI Neo 2 - Fly More Combo incl. RC-N3 Controller - koningdrone.be\",\"isPartOf\":{\"@id\":\"https:\/\/koningdrone.be\/#website\"},\"primaryImageOfPage\":{\"@id\":\"https:\/\/koningdrone.be\/product\/dji-neo-2-fly-more-combo-incl-rc-n3-controller\/#primaryimage\"},\"image\":{\"@id\":\"https:\/\/koningdrone.be\/product\/dji-neo-2-fly-more-combo-incl-rc-n3-controller\/#primaryimage\"},\"thumbnailUrl\":\"https:\/\/koningdrone.be\/wp-content\/uploads\/sites\/13\/2026\/04\/DJI-Neo-2-Fly-More-Combo-incl.-RC-N3-Controller.jpg\",\"datePublished\":\"2026-04-09T14:01:06+00:00\",\"dateModified\":\"2026-05-02T02:00:45+00:00\",\"breadcrumb\":{\"@id\":\"https:\/\/koningdrone.be\/product\/dji-neo-2-fly-more-combo-incl-rc-n3-controller\/#breadcrumb\"},\"inLanguage\":\"fr-BE\",\"potentialAction\":[{\"@type\":\"ReadAction\",\"target\":[\"https:\/\/koningdrone.be\/product\/dji-neo-2-fly-more-combo-incl-rc-n3-controller\/\"]}]},{\"@type\":\"ImageObject\",\"inLanguage\":\"fr-BE\",\"@id\":\"https:\/\/koningdrone.be\/product\/dji-neo-2-fly-more-combo-incl-rc-n3-controller\/#primaryimage\",\"url\":\"https:\/\/koningdrone.be\/wp-content\/uploads\/sites\/13\/2026\/04\/DJI-Neo-2-Fly-More-Combo-incl.-RC-N3-Controller.jpg\",\"contentUrl\":\"https:\/\/koningdrone.be\/wp-content\/uploads\/sites\/13\/2026\/04\/DJI-Neo-2-Fly-More-Combo-incl.-RC-N3-Controller.jpg\",\"width\":2560,\"height\":2560},{\"@type\":\"BreadcrumbList\",\"@id\":\"https:\/\/koningdrone.be\/product\/dji-neo-2-fly-more-combo-incl-rc-n3-controller\/#breadcrumb\",\"itemListElement\":[{\"@type\":\"ListItem\",\"position\":1,\"name\":\"Home\",\"item\":\"https:\/\/koningdrone.be\/\"},{\"@type\":\"ListItem\",\"position\":2,\"name\":\"AVSS Parachute Recovery System for DJI Matrice 300\/350\",\"item\":\"https:\/\/koningdrone.be\/product\/avss-parachute-recovery-system-for-dji-matrice-300-350\/\"},{\"@type\":\"ListItem\",\"position\":3,\"name\":\"DJI Neo 2\",\"item\":\"https:\/\/koningdrone.be\/categorie\/dji-neo-2\/\"},{\"@type\":\"ListItem\",\"position\":4,\"name\":\"DJI Neo 2 &#8211; Fly More Combo incl. RC-N3 Controller\"}]},{\"@type\":\"WebSite\",\"@id\":\"https:\/\/koningdrone.be\/#website\",\"url\":\"https:\/\/koningdrone.be\/\",\"name\":\"Koningdrone.be - Uw online specialist in drones, gimbals, camera's en power stations.\",\"description\":\"De webshop in drones en gimbals\",\"publisher\":{\"@id\":\"https:\/\/koningdrone.be\/#organization\"},\"potentialAction\":[{\"@type\":\"SearchAction\",\"target\":{\"@type\":\"EntryPoint\",\"urlTemplate\":\"https:\/\/koningdrone.be\/?s={search_term_string}\"},\"query-input\":{\"@type\":\"PropertyValueSpecification\",\"valueRequired\":true,\"valueName\":\"search_term_string\"}}],\"inLanguage\":\"fr-BE\"},{\"@type\":\"Organization\",\"@id\":\"https:\/\/koningdrone.be\/#organization\",\"name\":\"Koningdrone.be\",\"url\":\"https:\/\/koningdrone.be\/\",\"logo\":{\"@type\":\"ImageObject\",\"inLanguage\":\"fr-BE\",\"@id\":\"https:\/\/koningdrone.be\/#\/schema\/logo\/image\/\",\"url\":\"https:\/\/koningdrone.be\/wp-content\/uploads\/sites\/13\/2025\/04\/koningdrone-copyright-logo.svg\",\"contentUrl\":\"https:\/\/koningdrone.be\/wp-content\/uploads\/sites\/13\/2025\/04\/koningdrone-copyright-logo.svg\",\"width\":227,\"height\":38,\"caption\":\"Koningdrone.be\"},\"image\":{\"@id\":\"https:\/\/koningdrone.be\/#\/schema\/logo\/image\/\"}}]}<\/script>\n<!-- \/ Yoast SEO Premium plugin. -->","yoast_head_json":{"title":"DJI Neo 2 - Fly More Combo incl. RC-N3 Controller - koningdrone.be","robots":{"index":"index","follow":"follow","max-snippet":"max-snippet:-1","max-image-preview":"max-image-preview:large","max-video-preview":"max-video-preview:-1"},"canonical":"https:\/\/koningdrone.be\/fr\/produit\/dji-neo-2-fly-more-combo-incl-rc-n3-controller\/","og_locale":"fr_FR","og_type":"article","og_title":"DJI Neo 2 - Fly More Combo incl. RC-N3 Controller","og_description":"Inclusief DJI RC\u2011N3 controller voor precieze en betrouwbare besturing.  Meerdere intelligente batterijen en two\u2011way charging hub voor langere vliegtijd.  Slimme tracking\u2011modi zoals ActiveTrack 4.0 voor automatisch onderwerpvolgen.  12\u202fMP 4K\u2011camera met gestabiliseerde beelden dankzij 2\u2011assige gimbal + EIS.  Flexibele besturingsopties via controller, smartphone\u2011app en DJI Fly\u2011software.","og_url":"https:\/\/koningdrone.be\/fr\/produit\/dji-neo-2-fly-more-combo-incl-rc-n3-controller\/","og_site_name":"koningdrone.be","article_modified_time":"2026-05-02T02:00:45+00:00","og_image":[{"width":2560,"height":2560,"url":"https:\/\/koningdrone.be\/wp-content\/uploads\/sites\/13\/2026\/04\/DJI-Neo-2-Fly-More-Combo-incl.-RC-N3-Controller.jpg","type":"image\/jpeg"}],"twitter_card":"summary_large_image","twitter_misc":{"Dur\u00e9e de lecture est.":"3 minutes"},"schema":{"@context":"https:\/\/schema.org","@graph":[{"@type":"WebPage","@id":"https:\/\/koningdrone.be\/product\/dji-neo-2-fly-more-combo-incl-rc-n3-controller\/","url":"https:\/\/koningdrone.be\/product\/dji-neo-2-fly-more-combo-incl-rc-n3-controller\/","name":"DJI Neo 2 - Fly More Combo incl. RC-N3 Controller - koningdrone.be","isPartOf":{"@id":"https:\/\/koningdrone.be\/#website"},"primaryImageOfPage":{"@id":"https:\/\/koningdrone.be\/product\/dji-neo-2-fly-more-combo-incl-rc-n3-controller\/#primaryimage"},"image":{"@id":"https:\/\/koningdrone.be\/product\/dji-neo-2-fly-more-combo-incl-rc-n3-controller\/#primaryimage"},"thumbnailUrl":"https:\/\/koningdrone.be\/wp-content\/uploads\/sites\/13\/2026\/04\/DJI-Neo-2-Fly-More-Combo-incl.-RC-N3-Controller.jpg","datePublished":"2026-04-09T14:01:06+00:00","dateModified":"2026-05-02T02:00:45+00:00","breadcrumb":{"@id":"https:\/\/koningdrone.be\/product\/dji-neo-2-fly-more-combo-incl-rc-n3-controller\/#breadcrumb"},"inLanguage":"fr-BE","potentialAction":[{"@type":"ReadAction","target":["https:\/\/koningdrone.be\/product\/dji-neo-2-fly-more-combo-incl-rc-n3-controller\/"]}]},{"@type":"ImageObject","inLanguage":"fr-BE","@id":"https:\/\/koningdrone.be\/product\/dji-neo-2-fly-more-combo-incl-rc-n3-controller\/#primaryimage","url":"https:\/\/koningdrone.be\/wp-content\/uploads\/sites\/13\/2026\/04\/DJI-Neo-2-Fly-More-Combo-incl.-RC-N3-Controller.jpg","contentUrl":"https:\/\/koningdrone.be\/wp-content\/uploads\/sites\/13\/2026\/04\/DJI-Neo-2-Fly-More-Combo-incl.-RC-N3-Controller.jpg","width":2560,"height":2560},{"@type":"BreadcrumbList","@id":"https:\/\/koningdrone.be\/product\/dji-neo-2-fly-more-combo-incl-rc-n3-controller\/#breadcrumb","itemListElement":[{"@type":"ListItem","position":1,"name":"Home","item":"https:\/\/koningdrone.be\/"},{"@type":"ListItem","position":2,"name":"AVSS Parachute Recovery System for DJI Matrice 300\/350","item":"https:\/\/koningdrone.be\/product\/avss-parachute-recovery-system-for-dji-matrice-300-350\/"},{"@type":"ListItem","position":3,"name":"DJI Neo 2","item":"https:\/\/koningdrone.be\/categorie\/dji-neo-2\/"},{"@type":"ListItem","position":4,"name":"DJI Neo 2 &#8211; Fly More Combo incl. RC-N3 Controller"}]},{"@type":"WebSite","@id":"https:\/\/koningdrone.be\/#website","url":"https:\/\/koningdrone.be\/","name":"Koningdrone.be - Votre sp\u00e9cialiste en ligne en mati\u00e8re de drones, de cardans, de cam\u00e9ras et de centrales \u00e9lectriques.","description":"La boutique en ligne de drones et de cardans","publisher":{"@id":"https:\/\/koningdrone.be\/#organization"},"potentialAction":[{"@type":"SearchAction","target":{"@type":"EntryPoint","urlTemplate":"https:\/\/koningdrone.be\/?s={search_term_string}"},"query-input":{"@type":"PropertyValueSpecification","valueRequired":true,"valueName":"search_term_string"}}],"inLanguage":"fr-BE"},{"@type":"Organization","@id":"https:\/\/koningdrone.be\/#organization","name":"Kingdrone.co.uk","url":"https:\/\/koningdrone.be\/","logo":{"@type":"ImageObject","inLanguage":"fr-BE","@id":"https:\/\/koningdrone.be\/#\/schema\/logo\/image\/","url":"https:\/\/koningdrone.be\/wp-content\/uploads\/sites\/13\/2025\/04\/koningdrone-copyright-logo.svg","contentUrl":"https:\/\/koningdrone.be\/wp-content\/uploads\/sites\/13\/2025\/04\/koningdrone-copyright-logo.svg","width":227,"height":38,"caption":"Koningdrone.be"},"image":{"@id":"https:\/\/koningdrone.be\/#\/schema\/logo\/image\/"}}]}},"df_price":391,"df_sale_price":"","df_regular_price":391,"df_image_link":"https:\/\/koningdrone.be\/wp-content\/uploads\/sites\/13\/2026\/04\/DJI-Neo-2-Fly-More-Combo-incl.-RC-N3-Controller-300x300.jpg","_links":{"self":[{"href":"https:\/\/koningdrone.be\/fr\/wp-json\/wp\/v2\/product\/18723","targetHints":{"allow":["GET"]}}],"collection":[{"href":"https:\/\/koningdrone.be\/fr\/wp-json\/wp\/v2\/product"}],"about":[{"href":"https:\/\/koningdrone.be\/fr\/wp-json\/wp\/v2\/types\/product"}],"wp:featuredmedia":[{"embeddable":true,"href":"https:\/\/koningdrone.be\/fr\/wp-json\/wp\/v2\/media\/18716"}],"wp:attachment":[{"href":"https:\/\/koningdrone.be\/fr\/wp-json\/wp\/v2\/media?parent=18723"}],"wp:term":[{"taxonomy":"product_brand","embeddable":true,"href":"https:\/\/koningdrone.be\/fr\/wp-json\/wp\/v2\/product_brand?post=18723"},{"taxonomy":"product_cat","embeddable":true,"href":"https:\/\/koningdrone.be\/fr\/wp-json\/wp\/v2\/product_cat?post=18723"},{"taxonomy":"product_tag","embeddable":true,"href":"https:\/\/koningdrone.be\/fr\/wp-json\/wp\/v2\/product_tag?post=18723"}],"curies":[{"name":"wp","href":"https:\/\/api.w.org\/{rel}","templated":true}]}}