{"id":18715,"date":"2026-04-09T16:01:30","date_gmt":"2026-04-09T14:01:30","guid":{"rendered":"https:\/\/koningdrone.be\/?post_type=product&#038;p=18715"},"modified":"2026-05-02T04:00:44","modified_gmt":"2026-05-02T02:00:44","slug":"dji-neo-2-drone-only","status":"publish","type":"product","link":"https:\/\/koningdrone.be\/fr\/produit\/dji-neo-2-drone-only\/","title":{"rendered":"DJI Neo 2 - Drone uniquement"},"content":{"rendered":"<h3>DJI Neo 2 - Drone uniquement<\/h3>\n<p><iframe loading=\"lazy\" title=\"DJI Neo 2\uff5cPremi\u00e8re utilisation (drone uniquement)\" width=\"800\" height=\"450\" src=\"https:\/\/www.youtube.com\/embed\/JJ7rYieicew?feature=oembed&#038;enablejsapi=1&#038;origin=https:\/\/koningdrone.be\" frameborder=\"0\" allow=\"accelerometer; autoplay; clipboard-write; encrypted-media; gyroscope; picture-in-picture; web-share\" referrerpolicy=\"strict-origin-when-cross-origin\" allowfullscreen><\/iframe><\/p>\n<p style=\"margin-top: 20px\">Le DJI Neo 2 est un drone intelligent et compact qui red\u00e9finit le monde de la photographie a\u00e9rienne. Avec un \u00e9quilibre parfait entre les performances, la facilit\u00e9 d'utilisation et les capacit\u00e9s cr\u00e9atives, ce drone est con\u00e7u pour tous ceux qui veulent capturer des images impressionnantes, des pilotes novices aux cr\u00e9ateurs de contenu avanc\u00e9s. La particularit\u00e9 du Neo 2 est qu'il fait du vol non seulement un processus technique, mais une exp\u00e9rience compl\u00e8te de libert\u00e9, de pr\u00e9cision et de cr\u00e9ativit\u00e9.<\/p>\n<p style=\"margin-bottom: 20px\">Le syst\u00e8me Palm Takeoff &amp; Landing vous permet de faire litt\u00e9ralement d\u00e9coller ou atterrir le Neo 2 de votre main, rendant chaque d\u00e9but de vol simple et intuitif. Le syst\u00e8me est naturel et vous donne un contr\u00f4le instantan\u00e9, sans r\u00e9glages compliqu\u00e9s ni longues pr\u00e9parations. Une fois le drone en l'air, vous remarquerez \u00e0 quel point il est r\u00e9actif et stable, vous permettant de man\u0153uvrer sans effort \u00e0 travers des espaces \u00e9troits, des paysages ou autour d'objets.<\/p>\n<p><a href=\"https:\/\/koningdrone.nl\/wp-content\/uploads\/2026\/04\/DJI-Neo-2-Drone-Only.jpg\"><img loading=\"lazy\" decoding=\"async\" class=\"size-medium wp-image-472400 aligncenter\" src=\"https:\/\/koningdrone.nl\/wp-content\/uploads\/2026\/04\/DJI-Neo-2-Drone-Only-300x300.jpg\" alt=\"DJI Neo 2 - Drone Only\" width=\"300\" height=\"300\" \/><\/a><\/p>\n<h4>Des images cin\u00e9matiques et des fonctionnalit\u00e9s intelligentes<\/h4>\n<p>La Neo 2 est \u00e9quip\u00e9e d'un appareil photo de 12 MP avec un capteur CMOS 1\/2 pouce et une ouverture f\/2.2, vous permettant d'enregistrer des vid\u00e9os 4K fluides jusqu'\u00e0 60 fps et m\u00eame des ralentis 4K 100 fps pour des effets spectaculaires. Gr\u00e2ce \u00e0 la combinaison d'un cardan \u00e0 2 axes et de la stabilisation \u00e9lectronique de l'image (EIS), vos prises de vue restent stables et professionnelles, m\u00eame en cas de mouvements rapides ou de suivi d'un sujet. Des fonctions intelligentes comme ActiveTrack suivent automatiquement un sujet choisi, tandis que SelfieShot positionne parfaitement le drone pour des prises de vue fluides et bien cadr\u00e9es, facilitant ainsi la cr\u00e9ation d'images complexes.<\/p>\n<h4>Des commandes intuitives et une exp\u00e9rience de vol immersive<\/h4>\n<p style=\"margin-bottom: 20px\">Avec le Neo 2, vous ferez l'exp\u00e9rience d'un contr\u00f4le naturel gr\u00e2ce \u00e0 la technologie avanc\u00e9e de contr\u00f4le de vol de DJI. Que vous voliez via l'application pour smartphone ou que vous utilisiez un contr\u00f4leur compatible, le drone r\u00e9agit avec pr\u00e9cision \u00e0 chacun de vos mouvements et porte votre libert\u00e9 cr\u00e9ative \u00e0 un niveau sup\u00e9rieur. La combinaison de commandes intuitives et de transmission vid\u00e9o en temps r\u00e9el facilite l'ex\u00e9cution de man\u0153uvres pr\u00e9cises et la planification de prises de vue impressionnantes, m\u00eame pour les d\u00e9butants.<\/p>\n<p><a href=\"https:\/\/koningdrone.nl\/wp-content\/uploads\/2026\/04\/DJI-Neo-2-Drone-Only-Product.jpg\"><img loading=\"lazy\" decoding=\"async\" class=\"size-medium wp-image-472395 aligncenter\" src=\"https:\/\/koningdrone.nl\/wp-content\/uploads\/2026\/04\/DJI-Neo-2-Drone-Only-Product-300x300.jpg\" alt=\"DJI Neo 2 - Drone Only Product\" width=\"300\" height=\"300\" \/><\/a><\/p>\n<h4>S\u00e9curit\u00e9 et robustesse<\/h4>\n<p>Le Neo 2 est \u00e9quip\u00e9 d'un syst\u00e8me de d\u00e9tection d'obstacles omnidirectionnel qui d\u00e9tecte et \u00e9vite les objets en temps r\u00e9el. Associ\u00e9 \u00e0 la protection int\u00e9gr\u00e9e de l'h\u00e9lice, ce syst\u00e8me permet de voler en toute s\u00e9curit\u00e9, m\u00eame dans des environnements difficiles ou \u00e0 proximit\u00e9 de personnes ou d'objets. Gr\u00e2ce \u00e0 son design l\u00e9ger et portable, vous pouvez emmener le drone n'importe o\u00f9 et \u00eatre pr\u00eat pour le prochain vol en quelques secondes.<\/p>\n<h4>Pourquoi le DJI Neo 2 est un excellent choix<\/h4>\n<p style=\"margin-bottom: 20px\">Le Neo 2 combine des commandes intuitives, une technologie de cam\u00e9ra avanc\u00e9e, des fonctions intelligentes et la s\u00e9curit\u00e9 dans un ensemble compact. Il rend le FPV et la photographie a\u00e9rienne cr\u00e9ative accessibles \u00e0 tous, tout en donnant aux pilotes exp\u00e9riment\u00e9s tous les outils dont ils ont besoin pour cr\u00e9er des images cin\u00e9matographiques impressionnantes. Que vous souhaitiez capturer des moments en famille, des voyages ou des actions spontan\u00e9es, ce drone offre une exp\u00e9rience de vol polyvalente, immersive et fiable qui \u00e9largit consid\u00e9rablement vos possibilit\u00e9s cr\u00e9atives.<\/p>\n<p><a href=\"https:\/\/koningdrone.nl\/wp-content\/uploads\/2026\/04\/DJI-Neo-2-Drone-Only-Action.jpg\"><img loading=\"lazy\" decoding=\"async\" class=\"size-medium wp-image-472394 aligncenter\" src=\"https:\/\/koningdrone.nl\/wp-content\/uploads\/2026\/04\/DJI-Neo-2-Drone-Only-Action-300x300.jpg\" alt=\"DJI Neo 2 - Drone Only Action\" width=\"300\" height=\"300\" \/><\/a><\/p>\n<h4>Notre verdict<\/h4>\n<p>Avec le DJI Neo 2, DJI propose un drone qui inspire et soutient les d\u00e9butants comme les pilotes exp\u00e9riment\u00e9s. La combinaison de la facilit\u00e9 d'utilisation, des fonctions intelligentes, de la stabilit\u00e9 des prises de vue et de la portabilit\u00e9 fait de ce drone l'un des choix les plus complets et les plus attrayants de sa cat\u00e9gorie. Le Neo 2 est un excellent investissement pour tous ceux qui souhaitent r\u00e9aliser des prises de vue a\u00e9riennes de haute qualit\u00e9 et vivre l'exp\u00e9rience d'un drone vraiment intelligent.<\/p>","protected":false},"excerpt":{"rendered":"<ul>\n<li>D\u00e9collage et atterrissage avec le Palm pour des vols intuitifs et sans effort.<\/li>\n<li>Appareil photo de 12 MP avec enregistrement vid\u00e9o 4K jusqu'\u00e0 60 fps et ralenti 4K 100 fps.<\/li>\n<li>Fonctions de suivi actif telles que ActiveTrack et SelfieShot pour le suivi automatique.<\/li>\n<li>D\u00e9tection omnidirectionnelle des obstacles et protection de l'h\u00e9lice pour plus de s\u00e9curit\u00e9.<\/li>\n<li>L\u00e9ger et portable, il est id\u00e9al pour les voyages.<\/li>\n<\/ul>","protected":false},"featured_media":18708,"template":"","meta":{"_acf_changed":false},"product_brand":[],"product_cat":[1722],"product_tag":[],"class_list":{"0":"post-18715","1":"product","2":"type-product","3":"status-publish","4":"has-post-thumbnail","6":"product_cat-dji-neo-2","7":"product_shipping_class-acsystemsall","8":"pa_brand-dji","9":"pa_producttype-drone","10":"pa_series-neo","12":"first","13":"instock","14":"taxable","15":"shipping-taxable","16":"purchasable","17":"product-type-simple"},"acf":[],"yoast_head":"<!-- This site is optimized with the Yoast SEO Premium plugin v27.2 (Yoast SEO v27.2) - https:\/\/yoast.com\/product\/yoast-seo-premium-wordpress\/ -->\n<title>DJI Neo 2 - Drone Only - koningdrone.be<\/title>\n<meta name=\"robots\" content=\"index, follow, max-snippet:-1, max-image-preview:large, max-video-preview:-1\" \/>\n<link rel=\"canonical\" href=\"https:\/\/koningdrone.be\/fr\/produit\/dji-neo-2-drone-only\/\" \/>\n<meta property=\"og:locale\" content=\"fr_FR\" \/>\n<meta property=\"og:type\" content=\"article\" \/>\n<meta property=\"og:title\" content=\"DJI Neo 2 - Drone Only\" \/>\n<meta property=\"og:description\" content=\"Palm Takeoff &amp; Landing voor intu\u00eftieve en moeiteloze vluchten.  12\u202fMP camera met 4K video\u2011opname tot 60\u202ffps en 4K 100\u202ffps slow\u2011motion.  Actieve tracking\u2011functies zoals ActiveTrack en SelfieShot voor automatisch volgen.  Omnidirectionele obstakeldetectie en propellerbescherming voor extra veiligheid.  Licht en draagbaar ontwerp ideaal voor onderweg.\" \/>\n<meta property=\"og:url\" content=\"https:\/\/koningdrone.be\/fr\/produit\/dji-neo-2-drone-only\/\" \/>\n<meta property=\"og:site_name\" content=\"koningdrone.be\" \/>\n<meta property=\"article:modified_time\" content=\"2026-05-02T02:00:44+00:00\" \/>\n<meta property=\"og:image\" content=\"https:\/\/koningdrone.be\/wp-content\/uploads\/sites\/13\/2026\/04\/DJI-Neo-2-Drone-Only.jpg\" \/>\n\t<meta property=\"og:image:width\" content=\"2560\" \/>\n\t<meta property=\"og:image:height\" content=\"2560\" \/>\n\t<meta property=\"og:image:type\" content=\"image\/jpeg\" \/>\n<meta name=\"twitter:card\" content=\"summary_large_image\" \/>\n<meta name=\"twitter:label1\" content=\"Dur\u00e9e de lecture est.\" \/>\n\t<meta name=\"twitter:data1\" content=\"3 minutes\" \/>\n<script type=\"application\/ld+json\" class=\"yoast-schema-graph\">{\"@context\":\"https:\/\/schema.org\",\"@graph\":[{\"@type\":\"WebPage\",\"@id\":\"https:\/\/koningdrone.be\/product\/dji-neo-2-drone-only\/\",\"url\":\"https:\/\/koningdrone.be\/product\/dji-neo-2-drone-only\/\",\"name\":\"DJI Neo 2 - Drone Only - koningdrone.be\",\"isPartOf\":{\"@id\":\"https:\/\/koningdrone.be\/#website\"},\"primaryImageOfPage\":{\"@id\":\"https:\/\/koningdrone.be\/product\/dji-neo-2-drone-only\/#primaryimage\"},\"image\":{\"@id\":\"https:\/\/koningdrone.be\/product\/dji-neo-2-drone-only\/#primaryimage\"},\"thumbnailUrl\":\"https:\/\/koningdrone.be\/wp-content\/uploads\/sites\/13\/2026\/04\/DJI-Neo-2-Drone-Only.jpg\",\"datePublished\":\"2026-04-09T14:01:30+00:00\",\"dateModified\":\"2026-05-02T02:00:44+00:00\",\"breadcrumb\":{\"@id\":\"https:\/\/koningdrone.be\/product\/dji-neo-2-drone-only\/#breadcrumb\"},\"inLanguage\":\"fr-BE\",\"potentialAction\":[{\"@type\":\"ReadAction\",\"target\":[\"https:\/\/koningdrone.be\/product\/dji-neo-2-drone-only\/\"]}]},{\"@type\":\"ImageObject\",\"inLanguage\":\"fr-BE\",\"@id\":\"https:\/\/koningdrone.be\/product\/dji-neo-2-drone-only\/#primaryimage\",\"url\":\"https:\/\/koningdrone.be\/wp-content\/uploads\/sites\/13\/2026\/04\/DJI-Neo-2-Drone-Only.jpg\",\"contentUrl\":\"https:\/\/koningdrone.be\/wp-content\/uploads\/sites\/13\/2026\/04\/DJI-Neo-2-Drone-Only.jpg\",\"width\":2560,\"height\":2560},{\"@type\":\"BreadcrumbList\",\"@id\":\"https:\/\/koningdrone.be\/product\/dji-neo-2-drone-only\/#breadcrumb\",\"itemListElement\":[{\"@type\":\"ListItem\",\"position\":1,\"name\":\"Home\",\"item\":\"https:\/\/koningdrone.be\/\"},{\"@type\":\"ListItem\",\"position\":2,\"name\":\"AVSS Parachute Recovery System for DJI Matrice 300\/350\",\"item\":\"https:\/\/koningdrone.be\/product\/avss-parachute-recovery-system-for-dji-matrice-300-350\/\"},{\"@type\":\"ListItem\",\"position\":3,\"name\":\"DJI Neo 2\",\"item\":\"https:\/\/koningdrone.be\/categorie\/dji-neo-2\/\"},{\"@type\":\"ListItem\",\"position\":4,\"name\":\"DJI Neo 2 &#8211; Drone Only\"}]},{\"@type\":\"WebSite\",\"@id\":\"https:\/\/koningdrone.be\/#website\",\"url\":\"https:\/\/koningdrone.be\/\",\"name\":\"Koningdrone.be - Uw online specialist in drones, gimbals, camera's en power stations.\",\"description\":\"De webshop in drones en gimbals\",\"publisher\":{\"@id\":\"https:\/\/koningdrone.be\/#organization\"},\"potentialAction\":[{\"@type\":\"SearchAction\",\"target\":{\"@type\":\"EntryPoint\",\"urlTemplate\":\"https:\/\/koningdrone.be\/?s={search_term_string}\"},\"query-input\":{\"@type\":\"PropertyValueSpecification\",\"valueRequired\":true,\"valueName\":\"search_term_string\"}}],\"inLanguage\":\"fr-BE\"},{\"@type\":\"Organization\",\"@id\":\"https:\/\/koningdrone.be\/#organization\",\"name\":\"Koningdrone.be\",\"url\":\"https:\/\/koningdrone.be\/\",\"logo\":{\"@type\":\"ImageObject\",\"inLanguage\":\"fr-BE\",\"@id\":\"https:\/\/koningdrone.be\/#\/schema\/logo\/image\/\",\"url\":\"https:\/\/koningdrone.be\/wp-content\/uploads\/sites\/13\/2025\/04\/koningdrone-copyright-logo.svg\",\"contentUrl\":\"https:\/\/koningdrone.be\/wp-content\/uploads\/sites\/13\/2025\/04\/koningdrone-copyright-logo.svg\",\"width\":227,\"height\":38,\"caption\":\"Koningdrone.be\"},\"image\":{\"@id\":\"https:\/\/koningdrone.be\/#\/schema\/logo\/image\/\"}}]}<\/script>\n<!-- \/ Yoast SEO Premium plugin. -->","yoast_head_json":{"title":"DJI Neo 2 - Drone Only - koningdrone.be","robots":{"index":"index","follow":"follow","max-snippet":"max-snippet:-1","max-image-preview":"max-image-preview:large","max-video-preview":"max-video-preview:-1"},"canonical":"https:\/\/koningdrone.be\/fr\/produit\/dji-neo-2-drone-only\/","og_locale":"fr_FR","og_type":"article","og_title":"DJI Neo 2 - Drone Only","og_description":"Palm Takeoff &amp; Landing voor intu\u00eftieve en moeiteloze vluchten.  12\u202fMP camera met 4K video\u2011opname tot 60\u202ffps en 4K 100\u202ffps slow\u2011motion.  Actieve tracking\u2011functies zoals ActiveTrack en SelfieShot voor automatisch volgen.  Omnidirectionele obstakeldetectie en propellerbescherming voor extra veiligheid.  Licht en draagbaar ontwerp ideaal voor onderweg.","og_url":"https:\/\/koningdrone.be\/fr\/produit\/dji-neo-2-drone-only\/","og_site_name":"koningdrone.be","article_modified_time":"2026-05-02T02:00:44+00:00","og_image":[{"width":2560,"height":2560,"url":"https:\/\/koningdrone.be\/wp-content\/uploads\/sites\/13\/2026\/04\/DJI-Neo-2-Drone-Only.jpg","type":"image\/jpeg"}],"twitter_card":"summary_large_image","twitter_misc":{"Dur\u00e9e de lecture est.":"3 minutes"},"schema":{"@context":"https:\/\/schema.org","@graph":[{"@type":"WebPage","@id":"https:\/\/koningdrone.be\/product\/dji-neo-2-drone-only\/","url":"https:\/\/koningdrone.be\/product\/dji-neo-2-drone-only\/","name":"DJI Neo 2 - Drone Only - koningdrone.be","isPartOf":{"@id":"https:\/\/koningdrone.be\/#website"},"primaryImageOfPage":{"@id":"https:\/\/koningdrone.be\/product\/dji-neo-2-drone-only\/#primaryimage"},"image":{"@id":"https:\/\/koningdrone.be\/product\/dji-neo-2-drone-only\/#primaryimage"},"thumbnailUrl":"https:\/\/koningdrone.be\/wp-content\/uploads\/sites\/13\/2026\/04\/DJI-Neo-2-Drone-Only.jpg","datePublished":"2026-04-09T14:01:30+00:00","dateModified":"2026-05-02T02:00:44+00:00","breadcrumb":{"@id":"https:\/\/koningdrone.be\/product\/dji-neo-2-drone-only\/#breadcrumb"},"inLanguage":"fr-BE","potentialAction":[{"@type":"ReadAction","target":["https:\/\/koningdrone.be\/product\/dji-neo-2-drone-only\/"]}]},{"@type":"ImageObject","inLanguage":"fr-BE","@id":"https:\/\/koningdrone.be\/product\/dji-neo-2-drone-only\/#primaryimage","url":"https:\/\/koningdrone.be\/wp-content\/uploads\/sites\/13\/2026\/04\/DJI-Neo-2-Drone-Only.jpg","contentUrl":"https:\/\/koningdrone.be\/wp-content\/uploads\/sites\/13\/2026\/04\/DJI-Neo-2-Drone-Only.jpg","width":2560,"height":2560},{"@type":"BreadcrumbList","@id":"https:\/\/koningdrone.be\/product\/dji-neo-2-drone-only\/#breadcrumb","itemListElement":[{"@type":"ListItem","position":1,"name":"Home","item":"https:\/\/koningdrone.be\/"},{"@type":"ListItem","position":2,"name":"AVSS Parachute Recovery System for DJI Matrice 300\/350","item":"https:\/\/koningdrone.be\/product\/avss-parachute-recovery-system-for-dji-matrice-300-350\/"},{"@type":"ListItem","position":3,"name":"DJI Neo 2","item":"https:\/\/koningdrone.be\/categorie\/dji-neo-2\/"},{"@type":"ListItem","position":4,"name":"DJI Neo 2 &#8211; Drone Only"}]},{"@type":"WebSite","@id":"https:\/\/koningdrone.be\/#website","url":"https:\/\/koningdrone.be\/","name":"Koningdrone.be - Votre sp\u00e9cialiste en ligne en mati\u00e8re de drones, de cardans, de cam\u00e9ras et de centrales \u00e9lectriques.","description":"La boutique en ligne de drones et de cardans","publisher":{"@id":"https:\/\/koningdrone.be\/#organization"},"potentialAction":[{"@type":"SearchAction","target":{"@type":"EntryPoint","urlTemplate":"https:\/\/koningdrone.be\/?s={search_term_string}"},"query-input":{"@type":"PropertyValueSpecification","valueRequired":true,"valueName":"search_term_string"}}],"inLanguage":"fr-BE"},{"@type":"Organization","@id":"https:\/\/koningdrone.be\/#organization","name":"Kingdrone.co.uk","url":"https:\/\/koningdrone.be\/","logo":{"@type":"ImageObject","inLanguage":"fr-BE","@id":"https:\/\/koningdrone.be\/#\/schema\/logo\/image\/","url":"https:\/\/koningdrone.be\/wp-content\/uploads\/sites\/13\/2025\/04\/koningdrone-copyright-logo.svg","contentUrl":"https:\/\/koningdrone.be\/wp-content\/uploads\/sites\/13\/2025\/04\/koningdrone-copyright-logo.svg","width":227,"height":38,"caption":"Koningdrone.be"},"image":{"@id":"https:\/\/koningdrone.be\/#\/schema\/logo\/image\/"}}]}},"df_price":238,"df_sale_price":"","df_regular_price":238,"df_image_link":"https:\/\/koningdrone.be\/wp-content\/uploads\/sites\/13\/2026\/04\/DJI-Neo-2-Drone-Only-300x300.jpg","_links":{"self":[{"href":"https:\/\/koningdrone.be\/fr\/wp-json\/wp\/v2\/product\/18715","targetHints":{"allow":["GET"]}}],"collection":[{"href":"https:\/\/koningdrone.be\/fr\/wp-json\/wp\/v2\/product"}],"about":[{"href":"https:\/\/koningdrone.be\/fr\/wp-json\/wp\/v2\/types\/product"}],"wp:featuredmedia":[{"embeddable":true,"href":"https:\/\/koningdrone.be\/fr\/wp-json\/wp\/v2\/media\/18708"}],"wp:attachment":[{"href":"https:\/\/koningdrone.be\/fr\/wp-json\/wp\/v2\/media?parent=18715"}],"wp:term":[{"taxonomy":"product_brand","embeddable":true,"href":"https:\/\/koningdrone.be\/fr\/wp-json\/wp\/v2\/product_brand?post=18715"},{"taxonomy":"product_cat","embeddable":true,"href":"https:\/\/koningdrone.be\/fr\/wp-json\/wp\/v2\/product_cat?post=18715"},{"taxonomy":"product_tag","embeddable":true,"href":"https:\/\/koningdrone.be\/fr\/wp-json\/wp\/v2\/product_tag?post=18715"}],"curies":[{"name":"wp","href":"https:\/\/api.w.org\/{rel}","templated":true}]}}