{"id":18543,"date":"2026-04-13T09:36:02","date_gmt":"2026-04-13T07:36:02","guid":{"rendered":"https:\/\/koningdrone.be\/?post_type=product&#038;p=18543"},"modified":"2026-04-29T16:30:33","modified_gmt":"2026-04-29T14:30:33","slug":"dji-flighthub-2","status":"publish","type":"product","link":"https:\/\/koningdrone.be\/fr\/produit\/dji-flighthub-2\/","title":{"rendered":"DJI FlightHub 2"},"content":{"rendered":"<h3 data-start=\"151\" data-end=\"227\">DJI FlightHub 2 - Plateforme professionnelle de gestion des drones (plusieurs variantes)<\/h3>\n<p data-start=\"229\" data-end=\"790\">DJI FlightHub 2 est une plateforme professionnelle avanc\u00e9e de gestion des drones con\u00e7ue pour les organisations qui souhaitent planifier, contr\u00f4ler et optimiser leurs op\u00e9rations de drones de mani\u00e8re centralis\u00e9e. Ce produit est disponible en plusieurs variantes, notamment <strong data-start=\"471\" data-end=\"500\">licences bas\u00e9es sur l'informatique d\u00e9mat\u00e9rialis\u00e9e<\/strong>, <strong data-start=\"502\" data-end=\"529\">solutions sur site<\/strong>, <strong data-start=\"531\" data-end=\"552\">les extensions d'appareils<\/strong>, <strong data-start=\"554\" data-end=\"574\">am\u00e9lioration du stockage<\/strong>, <strong data-start=\"576\" data-end=\"604\">extensions livestream<\/strong>, <strong data-start=\"606\" data-end=\"625\">modules de cartographie<\/strong>, et compl\u00e9ter <strong data-start=\"639\" data-end=\"658\">Solutions AIO<\/strong>. Par cons\u00e9quent, une configuration appropri\u00e9e est toujours disponible, tant pour les op\u00e9rations \u00e0 petite \u00e9chelle que pour les environnements d'entreprise complexes.<\/p>\n<p data-start=\"792\" data-end=\"1252\">Que vous choisissiez une licence mensuelle flexible, une solution d'entreprise pluriannuelle, une installation sur site h\u00e9berg\u00e9e localement ou une extension pour des appareils suppl\u00e9mentaires, DJI FlightHub 2 constitue une base \u00e9volutive et professionnelle pour une gestion efficace des drones. La plateforme est id\u00e9ale pour les secteurs tels que la s\u00e9curit\u00e9 publique, l'inspection, les infrastructures, la construction, la cartographie et les applications industrielles, o\u00f9 la visibilit\u00e9 en temps r\u00e9el, la collaboration et le contr\u00f4le des donn\u00e9es sont essentiels.<\/p>\n<p data-start=\"792\" data-end=\"1252\"><a href=\"https:\/\/koningdrone.nl\/wp-content\/uploads\/2026\/04\/DJI-FlightHub-2-Enterprise-Version-1-Year-1-Device.jpg\"><img loading=\"lazy\" decoding=\"async\" class=\"size-medium wp-image-472214 aligncenter\" src=\"https:\/\/koningdrone.nl\/wp-content\/uploads\/2026\/04\/DJI-FlightHub-2-Enterprise-Version-1-Year-1-Device-300x300.jpg\" alt=\"DJI FlightHub 2 Enterprise Version 1 Year (1 Device)\" width=\"300\" height=\"300\" \/><\/a><\/p>\n<h4 data-start=\"1254\" data-end=\"1292\"><span role=\"text\">Performance et fonctionnalit\u00e9<\/span><\/h4>\n<p data-start=\"1293\" data-end=\"1665\">DJI FlightHub 2 offre de puissantes fonctionnalit\u00e9s pour la planification, l'ex\u00e9cution et l'analyse des op\u00e9rations de drone. Selon la variante choisie, vous avez acc\u00e8s \u00e0 des fonctionnalit\u00e9s telles que <strong data-start=\"1473\" data-end=\"1491\">planification de la mission<\/strong>, <strong data-start=\"1493\" data-end=\"1516\">diffusion vid\u00e9o en direct<\/strong>, <strong data-start=\"1518\" data-end=\"1542\">suivi en temps r\u00e9el<\/strong>, <strong data-start=\"1544\" data-end=\"1573\">l'enregistrement automatique des donn\u00e9es<\/strong>, <strong data-start=\"1575\" data-end=\"1604\">Traitement des cartes en 2D et 3D<\/strong>, <strong data-start=\"1606\" data-end=\"1627\">cartographie des flux de travail<\/strong>, et centrale <strong data-start=\"1641\" data-end=\"1664\">la gestion des donn\u00e9es et des \u00e9quipes<\/strong>.<\/p>\n<p data-start=\"1667\" data-end=\"1782\">Les diff\u00e9rentes variantes vous permettent d'adapter la plateforme exactement \u00e0 vos besoins op\u00e9rationnels :<\/p>\n<ul data-start=\"1784\" data-end=\"2498\">\n<li data-start=\"1784\" data-end=\"1903\"><strong data-start=\"1786\" data-end=\"1811\">Paquets sur site<\/strong> pour les organisations qui exigent un contr\u00f4le maximal des donn\u00e9es, de la s\u00e9curit\u00e9 et de la conformit\u00e9<\/li>\n<li data-start=\"1904\" data-end=\"2015\"><strong data-start=\"1906\" data-end=\"1956\">Licences d'entreprise, licences professionnelles et licences d'entreprise<\/strong> Pour une gestion des drones bas\u00e9e sur le cloud avec des dur\u00e9es flexibles<\/li>\n<li data-start=\"2016\" data-end=\"2111\"><strong data-start=\"2018\" data-end=\"2048\">Paquets d'extension de dispositifs<\/strong> pour ajouter facilement des drones suppl\u00e9mentaires ou des syst\u00e8mes DJI Dock<\/li>\n<li data-start=\"2112\" data-end=\"2199\"><strong data-start=\"2114\" data-end=\"2145\">Recharge des minutes Livestream<\/strong> pour la diffusion intensive de vid\u00e9os en direct pendant les missions<\/li>\n<li data-start=\"2200\" data-end=\"2296\"><strong data-start=\"2202\" data-end=\"2222\">Am\u00e9lioration du stockage<\/strong> pour une capacit\u00e9 de stockage suppl\u00e9mentaire des donn\u00e9es de vol, des images et des fichiers de projet<\/li>\n<li data-start=\"2297\" data-end=\"2398\"><strong data-start=\"2299\" data-end=\"2318\">Modules de cartographie<\/strong> pour le traitement des donn\u00e9es a\u00e9riennes afin de les transformer en cartes utilisables et en r\u00e9sultats g\u00e9ospatiaux<\/li>\n<li data-start=\"2399\" data-end=\"2498\"><strong data-start=\"2401\" data-end=\"2431\">Solutions AIO et dongles<\/strong> pour des environnements d'entreprise int\u00e9gr\u00e9s et g\u00e9r\u00e9s de mani\u00e8re professionnelle<\/li>\n<\/ul>\n<p data-start=\"2500\" data-end=\"2682\">Gr\u00e2ce \u00e0 cette large capacit\u00e9 de d\u00e9ploiement, FlightHub 2 prend en charge \u00e0 la fois les op\u00e9rations quotidiennes et les missions \u00e0 grande \u00e9chelle, o\u00f9 le temps est compt\u00e9 et o\u00f9 plusieurs \u00e9quipes et appareils op\u00e8rent simultan\u00e9ment.<\/p>\n<p data-start=\"2500\" data-end=\"2682\"><a href=\"https:\/\/koningdrone.nl\/wp-content\/uploads\/2026\/04\/DJI-FlightHub-2-On-Premises-Basic-Package.jpg\"><img loading=\"lazy\" decoding=\"async\" class=\"size-medium wp-image-472220 aligncenter\" src=\"https:\/\/koningdrone.nl\/wp-content\/uploads\/2026\/04\/DJI-FlightHub-2-On-Premises-Basic-Package-300x300.jpg\" alt=\"DJI FlightHub 2 On-Premises Basic Package\" width=\"300\" height=\"300\" \/><\/a><\/p>\n<h4 data-start=\"2684\" data-end=\"2717\"><span role=\"text\">Qualit\u00e9 de construction et conception<\/span><\/h4>\n<p data-start=\"2718\" data-end=\"3109\">DJI FlightHub 2 est une solution enti\u00e8rement logicielle avec une interface professionnelle et claire con\u00e7ue pour une utilisation efficace dans des environnements de travail exigeants. Le logiciel s'int\u00e8gre parfaitement aux infrastructures informatiques existantes et, selon la variante, prend en charge \u00e0 la fois <strong data-start=\"3015\" data-end=\"3034\">environnements en nuage<\/strong>, <strong data-start=\"3036\" data-end=\"3054\">nuages priv\u00e9s<\/strong>, <strong data-start=\"3056\" data-end=\"3074\">serveurs locaux<\/strong> comme <strong data-start=\"3079\" data-end=\"3108\">architectures sur site<\/strong>.<\/p>\n<p data-start=\"3111\" data-end=\"3616\">Pour les organisations ayant des exigences \u00e9lev\u00e9es en mati\u00e8re de s\u00e9curit\u00e9 et de contr\u00f4le des donn\u00e9es, les variantes sur site offrent un environnement dans lequel toutes les donn\u00e9es op\u00e9rationnelles restent stock\u00e9es localement. Pour les \u00e9quipes qui ont plut\u00f4t besoin d'une flexibilit\u00e9 maximale et d'une collaboration \u00e0 distance, les versions en nuage offrent un d\u00e9ploiement rapide, une \u00e9volutivit\u00e9 facile et une accessibilit\u00e9 centralis\u00e9e. En outre, les capacit\u00e9s API et les options d'extension garantissent que FlightHub 2 peut \u00eatre facilement int\u00e9gr\u00e9 dans les flux de travail et les syst\u00e8mes d'entreprise existants.<\/p>\n<p data-start=\"3111\" data-end=\"3616\"><a href=\"https:\/\/koningdrone.nl\/wp-content\/uploads\/2026\/04\/DJI-FlightHub-2-AIO-Combo-Overseas-Standard.jpg\"><img loading=\"lazy\" decoding=\"async\" class=\"size-medium wp-image-472211 aligncenter\" src=\"https:\/\/koningdrone.nl\/wp-content\/uploads\/2026\/04\/DJI-FlightHub-2-AIO-Combo-Overseas-Standard-279x300.jpg\" alt=\"DJI FlightHub 2 AIO Combo (Overseas Standard)\" width=\"279\" height=\"300\" \/><\/a><\/p>\n<h4 data-start=\"3618\" data-end=\"3652\"><span role=\"text\">Pourquoi vous en avez besoin ?<\/span><\/h4>\n<p data-start=\"3653\" data-end=\"4099\">DJI FlightHub 2 est essentiel pour les organisations qui cherchent \u00e0 g\u00e9rer professionnellement et \u00e0 d\u00e9velopper leurs op\u00e9rations de drones. La plateforme permet d'am\u00e9liorer la collaboration, d'acc\u00e9l\u00e9rer la prise de d\u00e9cision et de centraliser les donn\u00e9es critiques dans un environnement unique. Combinant la surveillance en temps r\u00e9el, la planification de mission, le livestreaming, la cartographie et les extensions \u00e9volutives, le syst\u00e8me fournit une solution compl\u00e8te pour les op\u00e9rations de drones modernes.<\/p>\n<p data-start=\"4101\" data-end=\"4455\">Gr\u00e2ce aux diff\u00e9rentes variantes, vous pouvez facilement choisir la configuration qui convient \u00e0 votre organisation : d'une licence de base pour un appareil \u00e0 un \u00e9cosyst\u00e8me d'entreprise \u00e9tendu avec stockage suppl\u00e9mentaire, cartographie, livestreaming et plusieurs appareils. Vous disposez ainsi toujours d'une solution s\u00fbre, \u00e9volutive et \u00e0 l'\u00e9preuve du temps pour la gestion professionnelle des drones.<\/p>\n<p data-start=\"4101\" data-end=\"4455\"><a href=\"https:\/\/koningdrone.nl\/wp-content\/uploads\/2026\/04\/DJI-FlightHub-2-AIO-ComboOverseas-Standard.jpg\"><img loading=\"lazy\" decoding=\"async\" class=\"size-medium wp-image-472203 aligncenter\" src=\"https:\/\/koningdrone.nl\/wp-content\/uploads\/2026\/04\/DJI-FlightHub-2-AIO-ComboOverseas-Standard-300x225.jpg\" alt=\"DJI FlightHub 2 AIO Combo(Overseas Standard)\" width=\"300\" height=\"225\" \/><\/a><\/p>","protected":false},"excerpt":{"rendered":"<ul>\n<li>Solution centrale de gestion des drones pour l'h\u00e9bergement local<\/li>\n<\/ul>","protected":false},"featured_media":18562,"template":"","meta":{"_acf_changed":false},"product_brand":[],"product_cat":[1329,1939],"product_tag":[],"class_list":{"0":"post-18543","1":"product","2":"type-product","3":"status-publish","4":"has-post-thumbnail","6":"product_cat-dji-flighthub","7":"product_cat-dji-flighthub-2","8":"pa_brand-dji","9":"pa_productfamily-dji-flighthub-2-aio-combo-overseas-standard","10":"pa_productfamily-dji-flighthub-2-aio-combooverseas-standard","11":"pa_productfamily-dji-flighthub-2-business-version-1-month-plan","12":"pa_productfamily-dji-flighthub-2-business-version-12-month-plan","13":"pa_productfamily-dji-flighthub-2-enterprise-version-1-year-1-device","14":"pa_productfamily-dji-flighthub-2-enterprise-version-3-years-1-device","15":"pa_productfamily-dji-flighthub-2-enterprise-version-online-device-expansion-1-device","16":"pa_productfamily-dji-flighthub-2-livesteam","17":"pa_productfamily-dji-flighthub-2-mapping","18":"pa_productfamily-dji-flighthub-2-on-premises-5-device-expansion-package","19":"pa_productfamily-dji-flighthub-2-on-premises-basic-package","20":"pa_productfamily-dji-flighthub-2-on-premises-device-expansion-package","21":"pa_productfamily-dji-flighthub-2-on-premises-upgrade-validity-period-1-year","22":"pa_productfamily-dji-flighthub-2-prof-1-month","23":"pa_productfamily-dji-flighthub-2-prof-12-month","24":"pa_productfamily-dji-flighthub-2-standard-livestream-minutes-100000-recharge","25":"pa_productfamily-dji-flighthub-2-standard-storage-space-5tb-upgrade","26":"pa_productfamily-dji-flighthub-2-storage","27":"pa_producttype-dongle","28":"pa_producttype-serviceplan","29":"pa_producttype-software","30":"pa_producttype-software-licentie","31":"pa_producttype-systeem","32":"pa_series-flighthub","34":"first","35":"instock","36":"taxable","37":"shipping-taxable","38":"purchasable","39":"product-type-variable"},"acf":[],"yoast_head":"<!-- This site is optimized with the Yoast SEO Premium plugin v27.2 (Yoast SEO v27.2) - https:\/\/yoast.com\/product\/yoast-seo-premium-wordpress\/ -->\n<title>DJI FlightHub 2 - koningdrone.be<\/title>\n<meta name=\"robots\" content=\"index, follow, max-snippet:-1, max-image-preview:large, max-video-preview:-1\" \/>\n<link rel=\"canonical\" href=\"https:\/\/koningdrone.be\/fr\/produit\/dji-flighthub-2\/\" \/>\n<meta property=\"og:locale\" content=\"fr_FR\" \/>\n<meta property=\"og:type\" content=\"article\" \/>\n<meta property=\"og:title\" content=\"DJI FlightHub 2\" \/>\n<meta property=\"og:description\" content=\"Centrale dronebeheeroplossing voor lokale hosting\" \/>\n<meta property=\"og:url\" content=\"https:\/\/koningdrone.be\/fr\/produit\/dji-flighthub-2\/\" \/>\n<meta property=\"og:site_name\" content=\"koningdrone.be\" \/>\n<meta property=\"article:modified_time\" content=\"2026-04-29T14:30:33+00:00\" \/>\n<meta property=\"og:image\" content=\"https:\/\/koningdrone.be\/wp-content\/uploads\/sites\/13\/2026\/04\/DJI-FlightHub-2-Enterprise-Version-1-Year-1-Device.jpg\" \/>\n\t<meta property=\"og:image:width\" content=\"800\" \/>\n\t<meta property=\"og:image:height\" content=\"800\" \/>\n\t<meta property=\"og:image:type\" content=\"image\/jpeg\" \/>\n<meta name=\"twitter:card\" content=\"summary_large_image\" \/>\n<meta name=\"twitter:label1\" content=\"Dur\u00e9e de lecture est.\" \/>\n\t<meta name=\"twitter:data1\" content=\"3 minutes\" \/>\n<script type=\"application\/ld+json\" class=\"yoast-schema-graph\">{\"@context\":\"https:\/\/schema.org\",\"@graph\":[{\"@type\":\"WebPage\",\"@id\":\"https:\/\/koningdrone.be\/product\/dji-flighthub-2\/\",\"url\":\"https:\/\/koningdrone.be\/product\/dji-flighthub-2\/\",\"name\":\"DJI FlightHub 2 - koningdrone.be\",\"isPartOf\":{\"@id\":\"https:\/\/koningdrone.be\/#website\"},\"primaryImageOfPage\":{\"@id\":\"https:\/\/koningdrone.be\/product\/dji-flighthub-2\/#primaryimage\"},\"image\":{\"@id\":\"https:\/\/koningdrone.be\/product\/dji-flighthub-2\/#primaryimage\"},\"thumbnailUrl\":\"https:\/\/koningdrone.be\/wp-content\/uploads\/sites\/13\/2026\/04\/DJI-FlightHub-2-Enterprise-Version-1-Year-1-Device.jpg\",\"datePublished\":\"2026-04-13T07:36:02+00:00\",\"dateModified\":\"2026-04-29T14:30:33+00:00\",\"breadcrumb\":{\"@id\":\"https:\/\/koningdrone.be\/product\/dji-flighthub-2\/#breadcrumb\"},\"inLanguage\":\"fr-BE\",\"potentialAction\":[{\"@type\":\"ReadAction\",\"target\":[\"https:\/\/koningdrone.be\/product\/dji-flighthub-2\/\"]}]},{\"@type\":\"ImageObject\",\"inLanguage\":\"fr-BE\",\"@id\":\"https:\/\/koningdrone.be\/product\/dji-flighthub-2\/#primaryimage\",\"url\":\"https:\/\/koningdrone.be\/wp-content\/uploads\/sites\/13\/2026\/04\/DJI-FlightHub-2-Enterprise-Version-1-Year-1-Device.jpg\",\"contentUrl\":\"https:\/\/koningdrone.be\/wp-content\/uploads\/sites\/13\/2026\/04\/DJI-FlightHub-2-Enterprise-Version-1-Year-1-Device.jpg\",\"width\":800,\"height\":800},{\"@type\":\"BreadcrumbList\",\"@id\":\"https:\/\/koningdrone.be\/product\/dji-flighthub-2\/#breadcrumb\",\"itemListElement\":[{\"@type\":\"ListItem\",\"position\":1,\"name\":\"Home\",\"item\":\"https:\/\/koningdrone.be\/\"},{\"@type\":\"ListItem\",\"position\":2,\"name\":\"AVSS Parachute Recovery System for DJI Matrice 300\/350\",\"item\":\"https:\/\/koningdrone.be\/product\/avss-parachute-recovery-system-for-dji-matrice-300-350\/\"},{\"@type\":\"ListItem\",\"position\":3,\"name\":\"DJI FlightHub\",\"item\":\"https:\/\/koningdrone.be\/categorie\/dji-flighthub\/\"},{\"@type\":\"ListItem\",\"position\":4,\"name\":\"DJI FlightHub 2\"}]},{\"@type\":\"WebSite\",\"@id\":\"https:\/\/koningdrone.be\/#website\",\"url\":\"https:\/\/koningdrone.be\/\",\"name\":\"Koningdrone.be - Uw online specialist in drones, gimbals, camera's en power stations.\",\"description\":\"De webshop in drones en gimbals\",\"publisher\":{\"@id\":\"https:\/\/koningdrone.be\/#organization\"},\"potentialAction\":[{\"@type\":\"SearchAction\",\"target\":{\"@type\":\"EntryPoint\",\"urlTemplate\":\"https:\/\/koningdrone.be\/?s={search_term_string}\"},\"query-input\":{\"@type\":\"PropertyValueSpecification\",\"valueRequired\":true,\"valueName\":\"search_term_string\"}}],\"inLanguage\":\"fr-BE\"},{\"@type\":\"Organization\",\"@id\":\"https:\/\/koningdrone.be\/#organization\",\"name\":\"Koningdrone.be\",\"url\":\"https:\/\/koningdrone.be\/\",\"logo\":{\"@type\":\"ImageObject\",\"inLanguage\":\"fr-BE\",\"@id\":\"https:\/\/koningdrone.be\/#\/schema\/logo\/image\/\",\"url\":\"https:\/\/koningdrone.be\/wp-content\/uploads\/sites\/13\/2025\/04\/koningdrone-copyright-logo.svg\",\"contentUrl\":\"https:\/\/koningdrone.be\/wp-content\/uploads\/sites\/13\/2025\/04\/koningdrone-copyright-logo.svg\",\"width\":227,\"height\":38,\"caption\":\"Koningdrone.be\"},\"image\":{\"@id\":\"https:\/\/koningdrone.be\/#\/schema\/logo\/image\/\"}}]}<\/script>\n<!-- \/ Yoast SEO Premium plugin. -->","yoast_head_json":{"title":"DJI FlightHub 2 - koningdrone.be","robots":{"index":"index","follow":"follow","max-snippet":"max-snippet:-1","max-image-preview":"max-image-preview:large","max-video-preview":"max-video-preview:-1"},"canonical":"https:\/\/koningdrone.be\/fr\/produit\/dji-flighthub-2\/","og_locale":"fr_FR","og_type":"article","og_title":"DJI FlightHub 2","og_description":"Centrale dronebeheeroplossing voor lokale hosting","og_url":"https:\/\/koningdrone.be\/fr\/produit\/dji-flighthub-2\/","og_site_name":"koningdrone.be","article_modified_time":"2026-04-29T14:30:33+00:00","og_image":[{"width":800,"height":800,"url":"https:\/\/koningdrone.be\/wp-content\/uploads\/sites\/13\/2026\/04\/DJI-FlightHub-2-Enterprise-Version-1-Year-1-Device.jpg","type":"image\/jpeg"}],"twitter_card":"summary_large_image","twitter_misc":{"Dur\u00e9e de lecture est.":"3 minutes"},"schema":{"@context":"https:\/\/schema.org","@graph":[{"@type":"WebPage","@id":"https:\/\/koningdrone.be\/product\/dji-flighthub-2\/","url":"https:\/\/koningdrone.be\/product\/dji-flighthub-2\/","name":"DJI FlightHub 2 - koningdrone.be","isPartOf":{"@id":"https:\/\/koningdrone.be\/#website"},"primaryImageOfPage":{"@id":"https:\/\/koningdrone.be\/product\/dji-flighthub-2\/#primaryimage"},"image":{"@id":"https:\/\/koningdrone.be\/product\/dji-flighthub-2\/#primaryimage"},"thumbnailUrl":"https:\/\/koningdrone.be\/wp-content\/uploads\/sites\/13\/2026\/04\/DJI-FlightHub-2-Enterprise-Version-1-Year-1-Device.jpg","datePublished":"2026-04-13T07:36:02+00:00","dateModified":"2026-04-29T14:30:33+00:00","breadcrumb":{"@id":"https:\/\/koningdrone.be\/product\/dji-flighthub-2\/#breadcrumb"},"inLanguage":"fr-BE","potentialAction":[{"@type":"ReadAction","target":["https:\/\/koningdrone.be\/product\/dji-flighthub-2\/"]}]},{"@type":"ImageObject","inLanguage":"fr-BE","@id":"https:\/\/koningdrone.be\/product\/dji-flighthub-2\/#primaryimage","url":"https:\/\/koningdrone.be\/wp-content\/uploads\/sites\/13\/2026\/04\/DJI-FlightHub-2-Enterprise-Version-1-Year-1-Device.jpg","contentUrl":"https:\/\/koningdrone.be\/wp-content\/uploads\/sites\/13\/2026\/04\/DJI-FlightHub-2-Enterprise-Version-1-Year-1-Device.jpg","width":800,"height":800},{"@type":"BreadcrumbList","@id":"https:\/\/koningdrone.be\/product\/dji-flighthub-2\/#breadcrumb","itemListElement":[{"@type":"ListItem","position":1,"name":"Home","item":"https:\/\/koningdrone.be\/"},{"@type":"ListItem","position":2,"name":"AVSS Parachute Recovery System for DJI Matrice 300\/350","item":"https:\/\/koningdrone.be\/product\/avss-parachute-recovery-system-for-dji-matrice-300-350\/"},{"@type":"ListItem","position":3,"name":"DJI FlightHub","item":"https:\/\/koningdrone.be\/categorie\/dji-flighthub\/"},{"@type":"ListItem","position":4,"name":"DJI FlightHub 2"}]},{"@type":"WebSite","@id":"https:\/\/koningdrone.be\/#website","url":"https:\/\/koningdrone.be\/","name":"Koningdrone.be - Votre sp\u00e9cialiste en ligne en mati\u00e8re de drones, de cardans, de cam\u00e9ras et de centrales \u00e9lectriques.","description":"La boutique en ligne de drones et de cardans","publisher":{"@id":"https:\/\/koningdrone.be\/#organization"},"potentialAction":[{"@type":"SearchAction","target":{"@type":"EntryPoint","urlTemplate":"https:\/\/koningdrone.be\/?s={search_term_string}"},"query-input":{"@type":"PropertyValueSpecification","valueRequired":true,"valueName":"search_term_string"}}],"inLanguage":"fr-BE"},{"@type":"Organization","@id":"https:\/\/koningdrone.be\/#organization","name":"Kingdrone.co.uk","url":"https:\/\/koningdrone.be\/","logo":{"@type":"ImageObject","inLanguage":"fr-BE","@id":"https:\/\/koningdrone.be\/#\/schema\/logo\/image\/","url":"https:\/\/koningdrone.be\/wp-content\/uploads\/sites\/13\/2025\/04\/koningdrone-copyright-logo.svg","contentUrl":"https:\/\/koningdrone.be\/wp-content\/uploads\/sites\/13\/2025\/04\/koningdrone-copyright-logo.svg","width":227,"height":38,"caption":"Koningdrone.be"},"image":{"@id":"https:\/\/koningdrone.be\/#\/schema\/logo\/image\/"}}]}},"df_price":119,"df_sale_price":"","df_regular_price":119,"df_image_link":"https:\/\/koningdrone.be\/wp-content\/uploads\/sites\/13\/2026\/04\/DJI-FlightHub-2-Enterprise-Version-1-Year-1-Device-300x300.jpg","_links":{"self":[{"href":"https:\/\/koningdrone.be\/fr\/wp-json\/wp\/v2\/product\/18543","targetHints":{"allow":["GET"]}}],"collection":[{"href":"https:\/\/koningdrone.be\/fr\/wp-json\/wp\/v2\/product"}],"about":[{"href":"https:\/\/koningdrone.be\/fr\/wp-json\/wp\/v2\/types\/product"}],"wp:featuredmedia":[{"embeddable":true,"href":"https:\/\/koningdrone.be\/fr\/wp-json\/wp\/v2\/media\/18562"}],"wp:attachment":[{"href":"https:\/\/koningdrone.be\/fr\/wp-json\/wp\/v2\/media?parent=18543"}],"wp:term":[{"taxonomy":"product_brand","embeddable":true,"href":"https:\/\/koningdrone.be\/fr\/wp-json\/wp\/v2\/product_brand?post=18543"},{"taxonomy":"product_cat","embeddable":true,"href":"https:\/\/koningdrone.be\/fr\/wp-json\/wp\/v2\/product_cat?post=18543"},{"taxonomy":"product_tag","embeddable":true,"href":"https:\/\/koningdrone.be\/fr\/wp-json\/wp\/v2\/product_tag?post=18543"}],"curies":[{"name":"wp","href":"https:\/\/api.w.org\/{rel}","templated":true}]}}