{"id":18514,"date":"2026-04-08T10:39:20","date_gmt":"2026-04-08T08:39:20","guid":{"rendered":"https:\/\/koningdrone.be\/?post_type=product&#038;p=18514"},"modified":"2026-04-29T17:00:08","modified_gmt":"2026-04-29T15:00:08","slug":"dji-terra","status":"publish","type":"product","link":"https:\/\/koningdrone.be\/fr\/produit\/dji-terra\/","title":{"rendered":"DJI Terra"},"content":{"rendered":"<h3 data-start=\"114\" data-end=\"179\">DJI Terra - Logiciel de cartographie et d'analyse (plusieurs variantes)<\/h3>\n<p data-start=\"181\" data-end=\"531\">DJI Terra est une puissante solution logicielle professionnelle de cartographie et d'analyse qui convertit facilement l'imagerie des drones en cartes 2D, mod\u00e8les 3D et nuages de points pr\u00e9cis. Con\u00e7ue pour des secteurs tels que l'arpentage, la construction, les infrastructures et la s\u00e9curit\u00e9 publique, la plateforme offre un flux de travail efficace, de la collecte des donn\u00e9es \u00e0 l'analyse.<\/p>\n<p data-start=\"533\" data-end=\"869\">Ce produit est disponible en plusieurs variantes, notamment <strong data-start=\"593\" data-end=\"625\">Versions standard et phare<\/strong>, <strong data-start=\"627\" data-end=\"671\">Licences d'un an et licences permanentes<\/strong>, <strong data-start=\"673\" data-end=\"702\">utilisation en ligne et hors ligne<\/strong>, et de nombreuses <strong data-start=\"719\" data-end=\"745\">Offres group\u00e9es avec DJI Modify<\/strong> pour l'\u00e9dition 3D avanc\u00e9e. Il est donc facile de choisir la solution qui convient \u00e0 votre flux de travail, \u00e0 votre budget et \u00e0 votre environnement de travail.<\/p>\n<p data-start=\"533\" data-end=\"869\"><a href=\"https:\/\/koningdrone.nl\/wp-content\/uploads\/2026\/04\/DJI-Terra-Flagship-Permanent.jpg\"><img loading=\"lazy\" decoding=\"async\" class=\"size-medium wp-image-472157 aligncenter\" src=\"https:\/\/koningdrone.nl\/wp-content\/uploads\/2026\/04\/DJI-Terra-Flagship-Permanent-300x300.jpg\" alt=\"DJI Terra Flagship Permanent\" width=\"300\" height=\"300\" \/><\/a><\/p>\n<h4 data-start=\"876\" data-end=\"914\"><span role=\"text\">Performance et fonctionnalit\u00e9<\/span><\/h4>\n<p data-start=\"915\" data-end=\"1102\">DJI Terra prend en charge la cartographie en temps r\u00e9el, la reconstruction 2D et 3D et le traitement avanc\u00e9 des donn\u00e9es. Les images de drone sont rapidement converties en orthomosa\u00efques, mod\u00e8les et nuages de points pr\u00e9cis.<\/p>\n<ul data-start=\"1104\" data-end=\"1420\">\n<li data-start=\"1104\" data-end=\"1179\"><strong data-start=\"1106\" data-end=\"1118\">Standard<\/strong>La cartographie en 2D et le traitement rapide des donn\u00e9es sont au centre des pr\u00e9occupations.<\/li>\n<li data-start=\"1180\" data-end=\"1269\"><strong data-start=\"1182\" data-end=\"1194\">Le vaisseau amiral<\/strong>Reconstruction 3D compl\u00e8te, analyse de nuages de points et outils avanc\u00e9s<\/li>\n<li data-start=\"1270\" data-end=\"1337\"><strong data-start=\"1272\" data-end=\"1290\">Options de mise \u00e0 niveau<\/strong>: passer facilement de l'\u00e9chelle standard \u00e0 l'\u00e9chelle phare<\/li>\n<li data-start=\"1338\" data-end=\"1420\"><strong data-start=\"1340\" data-end=\"1366\">Offres group\u00e9es avec DJI Modify<\/strong>: des outils puissants suppl\u00e9mentaires pour l'\u00e9dition et l'analyse en 3D<\/li>\n<\/ul>\n<p data-start=\"1422\" data-end=\"1578\">Gr\u00e2ce \u00e0 l'int\u00e9gration transparente avec les drones DJI Enterprise, l'ensemble du flux de travail est rapide et fiable, m\u00eame pour les grands ensembles de donn\u00e9es et les projets complexes.<\/p>\n<p data-start=\"1422\" data-end=\"1578\"><a href=\"https:\/\/koningdrone.nl\/wp-content\/uploads\/2026\/04\/DJI-Terra-Standard-1Year-online.jpg\"><img loading=\"lazy\" decoding=\"async\" class=\"size-medium wp-image-472163 aligncenter\" src=\"https:\/\/koningdrone.nl\/wp-content\/uploads\/2026\/04\/DJI-Terra-Standard-1Year-online-300x300.jpg\" alt=\"DJI Terra - Standard - 1Year (online)\" width=\"300\" height=\"300\" \/><\/a><\/p>\n<h4 data-start=\"1585\" data-end=\"1615\"><span role=\"text\">Licence et modifications<\/span><\/h4>\n<p data-start=\"1616\" data-end=\"1675\">DJI Terra est disponible sous diff\u00e9rentes formes de licence :<\/p>\n<ul data-start=\"1677\" data-end=\"2060\">\n<li data-start=\"1677\" data-end=\"1748\"><strong data-start=\"1679\" data-end=\"1704\">1 an (abonnement)<\/strong>Utilisation flexible gr\u00e2ce \u00e0 des mises \u00e0 jour r\u00e9guli\u00e8res<\/li>\n<li data-start=\"1749\" data-end=\"1816\"><strong data-start=\"1751\" data-end=\"1764\">Permanent<\/strong>investissement unique sans co\u00fbts r\u00e9currents<\/li>\n<li data-start=\"1817\" data-end=\"1886\"><strong data-start=\"1819\" data-end=\"1829\">En ligne<\/strong>Activation, mises \u00e0 jour et optimisations de l'informatique en nuage : faciles<\/li>\n<li data-start=\"1887\" data-end=\"1985\"><strong data-start=\"1889\" data-end=\"1900\">Hors ligne<\/strong>Fonctionnement complet sans internet, id\u00e9al pour les environnements s\u00e9curis\u00e9s ou distants<\/li>\n<li data-start=\"1986\" data-end=\"2060\"><strong data-start=\"1988\" data-end=\"2010\">Edu (10 appareils)<\/strong>: notamment \u00e0 des fins d'\u00e9ducation et de formation<\/li>\n<\/ul>\n<p data-start=\"2062\" data-end=\"2197\">En outre, il existe des <strong data-start=\"2089\" data-end=\"2111\">offres group\u00e9es de bout en bout<\/strong> qui combinent la cartographie et l'analyse 3D avanc\u00e9e (DJI Modify Flagship).<\/p>\n<h4 data-start=\"2204\" data-end=\"2237\"><span role=\"text\">Qualit\u00e9 de construction et conception<\/span><\/h4>\n<p data-start=\"2238\" data-end=\"2480\">DJI Terra est con\u00e7u avec une interface intuitive et professionnelle, facilitant la gestion de flux de travail complexes. Il fonctionne localement sur des syst\u00e8mes informatiques puissants et offre des performances stables pour les applications intensives.<\/p>\n<p data-start=\"2482\" data-end=\"2652\">Des mises \u00e0 jour r\u00e9guli\u00e8res garantissent la compatibilit\u00e9 avec les derniers drones et technologies DJI Enterprise, tandis que les variantes hors ligne offrent un contr\u00f4le et une s\u00e9curit\u00e9 des donn\u00e9es suppl\u00e9mentaires.<\/p>\n<p data-start=\"2482\" data-end=\"2652\"><a href=\"https:\/\/koningdrone.nl\/wp-content\/uploads\/2026\/04\/DJI-Terra-Flagship-Permanent-Offline.jpg\"><img loading=\"lazy\" decoding=\"async\" class=\"size-medium wp-image-472160 aligncenter\" src=\"https:\/\/koningdrone.nl\/wp-content\/uploads\/2026\/04\/DJI-Terra-Flagship-Permanent-Offline-300x300.jpg\" alt=\"DJI Terra Flagship Permanent (Offline)\" width=\"300\" height=\"300\" \/><\/a><\/p>\n<h4 data-start=\"2659\" data-end=\"2693\"><span role=\"text\">Pourquoi vous en avez besoin ?<\/span><\/h4>\n<p data-start=\"2694\" data-end=\"2875\">DJI Terra est essentiel pour les professionnels qui cherchent \u00e0 transformer les donn\u00e9es des drones en informations exploitables. Que vous optiez pour un mod\u00e8le d'entr\u00e9e de gamme ou pour un pack Flagship complet, le logiciel :<\/p>\n<ul data-start=\"2877\" data-end=\"3061\">\n<li data-start=\"2877\" data-end=\"2918\">acc\u00e9l\u00e8re les processus de cartographie et d'analyse<\/li>\n<li data-start=\"2919\" data-end=\"2961\">augmente la pr\u00e9cision et l'efficacit\u00e9<\/li>\n<li data-start=\"2962\" data-end=\"3013\">offre un contr\u00f4le total sur les donn\u00e9es et les flux de travail<\/li>\n<li data-start=\"3014\" data-end=\"3061\">des \u00e9chelles en fonction de vos projets et de vos besoins<\/li>\n<\/ul>\n<p data-start=\"3063\" data-end=\"3208\">Avec DJI Terra, vous tirez le meilleur parti de votre drone et disposez d'une solution p\u00e9renne pour les projets simples et complexes.<\/p>","protected":false},"excerpt":{"rendered":"<ul>\n<li>Licence en ligne pour une activation et des mises \u00e0 jour rapides<\/li>\n<\/ul>","protected":false},"featured_media":18515,"template":"","meta":{"_acf_changed":false},"product_brand":[],"product_cat":[2019,218],"product_tag":[],"class_list":{"0":"post-18514","1":"product","2":"type-product","3":"status-publish","4":"has-post-thumbnail","6":"product_cat-dji-modify","7":"product_cat-dji-terra","8":"pa_brand-dji","9":"pa_productfamily-dji-terra-flagship-1year","10":"pa_productfamily-dji-terra-standard-1year-online","11":"pa_productfamily-dji-terra-edu-permanent-10-control-devices","12":"pa_productfamily-dji-terra-flagship-dji-modify-flagship-1year","13":"pa_productfamily-dji-terra-flagship-dji-modify-flagship-permanent","14":"pa_productfamily-dji-terra-flagship-permanent","15":"pa_productfamily-dji-terra-flagship-permanent-offline","16":"pa_productfamily-dji-terra-standard-dji-modify-flagship-1year","17":"pa_productfamily-dji-terra-standard-dji-modify-flagship-permanent","18":"pa_productfamily-dji-terra-standard-1year-offline","19":"pa_productfamily-dji-terra-standard-permanent","20":"pa_productfamily-dji-terra-standard-permanent-offline","21":"pa_productfamily-dji-terra-standard-upgrade-to-flagship-offline","22":"pa_productfamily-dji-terra-standard-upgrade-to-flagship-online","23":"pa_producttype-serviceplan","24":"pa_series-terra","26":"first","27":"instock","28":"taxable","29":"shipping-taxable","30":"purchasable","31":"product-type-variable"},"acf":[],"yoast_head":"<!-- This site is optimized with the Yoast SEO Premium plugin v27.2 (Yoast SEO v27.2) - https:\/\/yoast.com\/product\/yoast-seo-premium-wordpress\/ -->\n<title>DJI Terra - koningdrone.be<\/title>\n<meta name=\"robots\" content=\"index, follow, max-snippet:-1, max-image-preview:large, max-video-preview:-1\" \/>\n<link rel=\"canonical\" href=\"https:\/\/koningdrone.be\/fr\/produit\/dji-terra\/\" \/>\n<meta property=\"og:locale\" content=\"fr_FR\" \/>\n<meta property=\"og:type\" content=\"article\" \/>\n<meta property=\"og:title\" content=\"DJI Terra\" \/>\n<meta property=\"og:description\" content=\"Online licentie voor snelle activatie en updates\" \/>\n<meta property=\"og:url\" content=\"https:\/\/koningdrone.be\/fr\/produit\/dji-terra\/\" \/>\n<meta property=\"og:site_name\" content=\"koningdrone.be\" \/>\n<meta property=\"article:modified_time\" content=\"2026-04-29T15:00:08+00:00\" \/>\n<meta property=\"og:image\" content=\"https:\/\/koningdrone.be\/wp-content\/uploads\/sites\/13\/2026\/04\/DJI-Terra-Flagship-Permanent.jpg\" \/>\n\t<meta property=\"og:image:width\" content=\"1500\" \/>\n\t<meta property=\"og:image:height\" content=\"1500\" \/>\n\t<meta property=\"og:image:type\" content=\"image\/jpeg\" \/>\n<meta name=\"twitter:card\" content=\"summary_large_image\" \/>\n<meta name=\"twitter:label1\" content=\"Dur\u00e9e de lecture est.\" \/>\n\t<meta name=\"twitter:data1\" content=\"2 minutes\" \/>\n<script type=\"application\/ld+json\" class=\"yoast-schema-graph\">{\"@context\":\"https:\/\/schema.org\",\"@graph\":[{\"@type\":\"WebPage\",\"@id\":\"https:\/\/koningdrone.be\/product\/dji-terra\/\",\"url\":\"https:\/\/koningdrone.be\/product\/dji-terra\/\",\"name\":\"DJI Terra - koningdrone.be\",\"isPartOf\":{\"@id\":\"https:\/\/koningdrone.be\/#website\"},\"primaryImageOfPage\":{\"@id\":\"https:\/\/koningdrone.be\/product\/dji-terra\/#primaryimage\"},\"image\":{\"@id\":\"https:\/\/koningdrone.be\/product\/dji-terra\/#primaryimage\"},\"thumbnailUrl\":\"https:\/\/koningdrone.be\/wp-content\/uploads\/sites\/13\/2026\/04\/DJI-Terra-Flagship-Permanent.jpg\",\"datePublished\":\"2026-04-08T08:39:20+00:00\",\"dateModified\":\"2026-04-29T15:00:08+00:00\",\"breadcrumb\":{\"@id\":\"https:\/\/koningdrone.be\/product\/dji-terra\/#breadcrumb\"},\"inLanguage\":\"fr-BE\",\"potentialAction\":[{\"@type\":\"ReadAction\",\"target\":[\"https:\/\/koningdrone.be\/product\/dji-terra\/\"]}]},{\"@type\":\"ImageObject\",\"inLanguage\":\"fr-BE\",\"@id\":\"https:\/\/koningdrone.be\/product\/dji-terra\/#primaryimage\",\"url\":\"https:\/\/koningdrone.be\/wp-content\/uploads\/sites\/13\/2026\/04\/DJI-Terra-Flagship-Permanent.jpg\",\"contentUrl\":\"https:\/\/koningdrone.be\/wp-content\/uploads\/sites\/13\/2026\/04\/DJI-Terra-Flagship-Permanent.jpg\",\"width\":1500,\"height\":1500},{\"@type\":\"BreadcrumbList\",\"@id\":\"https:\/\/koningdrone.be\/product\/dji-terra\/#breadcrumb\",\"itemListElement\":[{\"@type\":\"ListItem\",\"position\":1,\"name\":\"Home\",\"item\":\"https:\/\/koningdrone.be\/\"},{\"@type\":\"ListItem\",\"position\":2,\"name\":\"AVSS Parachute Recovery System for DJI Matrice 300\/350\",\"item\":\"https:\/\/koningdrone.be\/product\/avss-parachute-recovery-system-for-dji-matrice-300-350\/\"},{\"@type\":\"ListItem\",\"position\":3,\"name\":\"DJI Modify\",\"item\":\"https:\/\/koningdrone.be\/categorie\/dji-modify\/\"},{\"@type\":\"ListItem\",\"position\":4,\"name\":\"DJI Terra\"}]},{\"@type\":\"WebSite\",\"@id\":\"https:\/\/koningdrone.be\/#website\",\"url\":\"https:\/\/koningdrone.be\/\",\"name\":\"Koningdrone.be - Uw online specialist in drones, gimbals, camera's en power stations.\",\"description\":\"De webshop in drones en gimbals\",\"publisher\":{\"@id\":\"https:\/\/koningdrone.be\/#organization\"},\"potentialAction\":[{\"@type\":\"SearchAction\",\"target\":{\"@type\":\"EntryPoint\",\"urlTemplate\":\"https:\/\/koningdrone.be\/?s={search_term_string}\"},\"query-input\":{\"@type\":\"PropertyValueSpecification\",\"valueRequired\":true,\"valueName\":\"search_term_string\"}}],\"inLanguage\":\"fr-BE\"},{\"@type\":\"Organization\",\"@id\":\"https:\/\/koningdrone.be\/#organization\",\"name\":\"Koningdrone.be\",\"url\":\"https:\/\/koningdrone.be\/\",\"logo\":{\"@type\":\"ImageObject\",\"inLanguage\":\"fr-BE\",\"@id\":\"https:\/\/koningdrone.be\/#\/schema\/logo\/image\/\",\"url\":\"https:\/\/koningdrone.be\/wp-content\/uploads\/sites\/13\/2025\/04\/koningdrone-copyright-logo.svg\",\"contentUrl\":\"https:\/\/koningdrone.be\/wp-content\/uploads\/sites\/13\/2025\/04\/koningdrone-copyright-logo.svg\",\"width\":227,\"height\":38,\"caption\":\"Koningdrone.be\"},\"image\":{\"@id\":\"https:\/\/koningdrone.be\/#\/schema\/logo\/image\/\"}}]}<\/script>\n<!-- \/ Yoast SEO Premium plugin. -->","yoast_head_json":{"title":"DJI Terra - koningdrone.be","robots":{"index":"index","follow":"follow","max-snippet":"max-snippet:-1","max-image-preview":"max-image-preview:large","max-video-preview":"max-video-preview:-1"},"canonical":"https:\/\/koningdrone.be\/fr\/produit\/dji-terra\/","og_locale":"fr_FR","og_type":"article","og_title":"DJI Terra","og_description":"Online licentie voor snelle activatie en updates","og_url":"https:\/\/koningdrone.be\/fr\/produit\/dji-terra\/","og_site_name":"koningdrone.be","article_modified_time":"2026-04-29T15:00:08+00:00","og_image":[{"width":1500,"height":1500,"url":"https:\/\/koningdrone.be\/wp-content\/uploads\/sites\/13\/2026\/04\/DJI-Terra-Flagship-Permanent.jpg","type":"image\/jpeg"}],"twitter_card":"summary_large_image","twitter_misc":{"Dur\u00e9e de lecture est.":"2 minutes"},"schema":{"@context":"https:\/\/schema.org","@graph":[{"@type":"WebPage","@id":"https:\/\/koningdrone.be\/product\/dji-terra\/","url":"https:\/\/koningdrone.be\/product\/dji-terra\/","name":"DJI Terra - koningdrone.be","isPartOf":{"@id":"https:\/\/koningdrone.be\/#website"},"primaryImageOfPage":{"@id":"https:\/\/koningdrone.be\/product\/dji-terra\/#primaryimage"},"image":{"@id":"https:\/\/koningdrone.be\/product\/dji-terra\/#primaryimage"},"thumbnailUrl":"https:\/\/koningdrone.be\/wp-content\/uploads\/sites\/13\/2026\/04\/DJI-Terra-Flagship-Permanent.jpg","datePublished":"2026-04-08T08:39:20+00:00","dateModified":"2026-04-29T15:00:08+00:00","breadcrumb":{"@id":"https:\/\/koningdrone.be\/product\/dji-terra\/#breadcrumb"},"inLanguage":"fr-BE","potentialAction":[{"@type":"ReadAction","target":["https:\/\/koningdrone.be\/product\/dji-terra\/"]}]},{"@type":"ImageObject","inLanguage":"fr-BE","@id":"https:\/\/koningdrone.be\/product\/dji-terra\/#primaryimage","url":"https:\/\/koningdrone.be\/wp-content\/uploads\/sites\/13\/2026\/04\/DJI-Terra-Flagship-Permanent.jpg","contentUrl":"https:\/\/koningdrone.be\/wp-content\/uploads\/sites\/13\/2026\/04\/DJI-Terra-Flagship-Permanent.jpg","width":1500,"height":1500},{"@type":"BreadcrumbList","@id":"https:\/\/koningdrone.be\/product\/dji-terra\/#breadcrumb","itemListElement":[{"@type":"ListItem","position":1,"name":"Home","item":"https:\/\/koningdrone.be\/"},{"@type":"ListItem","position":2,"name":"AVSS Parachute Recovery System for DJI Matrice 300\/350","item":"https:\/\/koningdrone.be\/product\/avss-parachute-recovery-system-for-dji-matrice-300-350\/"},{"@type":"ListItem","position":3,"name":"DJI Modify","item":"https:\/\/koningdrone.be\/categorie\/dji-modify\/"},{"@type":"ListItem","position":4,"name":"DJI Terra"}]},{"@type":"WebSite","@id":"https:\/\/koningdrone.be\/#website","url":"https:\/\/koningdrone.be\/","name":"Koningdrone.be - Votre sp\u00e9cialiste en ligne en mati\u00e8re de drones, de cardans, de cam\u00e9ras et de centrales \u00e9lectriques.","description":"La boutique en ligne de drones et de cardans","publisher":{"@id":"https:\/\/koningdrone.be\/#organization"},"potentialAction":[{"@type":"SearchAction","target":{"@type":"EntryPoint","urlTemplate":"https:\/\/koningdrone.be\/?s={search_term_string}"},"query-input":{"@type":"PropertyValueSpecification","valueRequired":true,"valueName":"search_term_string"}}],"inLanguage":"fr-BE"},{"@type":"Organization","@id":"https:\/\/koningdrone.be\/#organization","name":"Kingdrone.co.uk","url":"https:\/\/koningdrone.be\/","logo":{"@type":"ImageObject","inLanguage":"fr-BE","@id":"https:\/\/koningdrone.be\/#\/schema\/logo\/image\/","url":"https:\/\/koningdrone.be\/wp-content\/uploads\/sites\/13\/2025\/04\/koningdrone-copyright-logo.svg","contentUrl":"https:\/\/koningdrone.be\/wp-content\/uploads\/sites\/13\/2025\/04\/koningdrone-copyright-logo.svg","width":227,"height":38,"caption":"Koningdrone.be"},"image":{"@id":"https:\/\/koningdrone.be\/#\/schema\/logo\/image\/"}}]}},"df_price":1860,"df_sale_price":"","df_regular_price":1860,"df_image_link":"https:\/\/koningdrone.be\/wp-content\/uploads\/sites\/13\/2026\/04\/DJI-Terra-Flagship-Permanent-300x300.jpg","_links":{"self":[{"href":"https:\/\/koningdrone.be\/fr\/wp-json\/wp\/v2\/product\/18514","targetHints":{"allow":["GET"]}}],"collection":[{"href":"https:\/\/koningdrone.be\/fr\/wp-json\/wp\/v2\/product"}],"about":[{"href":"https:\/\/koningdrone.be\/fr\/wp-json\/wp\/v2\/types\/product"}],"wp:featuredmedia":[{"embeddable":true,"href":"https:\/\/koningdrone.be\/fr\/wp-json\/wp\/v2\/media\/18515"}],"wp:attachment":[{"href":"https:\/\/koningdrone.be\/fr\/wp-json\/wp\/v2\/media?parent=18514"}],"wp:term":[{"taxonomy":"product_brand","embeddable":true,"href":"https:\/\/koningdrone.be\/fr\/wp-json\/wp\/v2\/product_brand?post=18514"},{"taxonomy":"product_cat","embeddable":true,"href":"https:\/\/koningdrone.be\/fr\/wp-json\/wp\/v2\/product_cat?post=18514"},{"taxonomy":"product_tag","embeddable":true,"href":"https:\/\/koningdrone.be\/fr\/wp-json\/wp\/v2\/product_tag?post=18514"}],"curies":[{"name":"wp","href":"https:\/\/api.w.org\/{rel}","templated":true}]}}