{"id":18497,"date":"2026-04-07T15:42:14","date_gmt":"2026-04-07T13:42:14","guid":{"rendered":"https:\/\/koningdrone.be\/?post_type=product&#038;p=18497"},"modified":"2026-04-29T03:51:07","modified_gmt":"2026-04-29T01:51:07","slug":"dji-maintenance","status":"publish","type":"product","link":"https:\/\/koningdrone.be\/fr\/produit\/dji-maintenance\/","title":{"rendered":"Maintenance DJI"},"content":{"rendered":"<h3>Programme de maintenance DJI - Service de base, standard et premium (Matrice 4 Series)<\/h3>\n<p>Le programme de maintenance DJI est un programme de maintenance professionnelle pour le <strong>Matrice s\u00e9rie 4<\/strong> (4D, 4TD, 4E et 4T), con\u00e7us pour les entreprises qui exigent une fiabilit\u00e9 maximale et un temps d'arr\u00eat minimal.<\/p>\n<p>Ce produit comporte plusieurs variantes, ce qui vous permet de choisir le niveau d'entretien qui convient le mieux \u00e0 votre utilisation :<\/p>\n<ul>\n<li><strong>Service de base<\/strong> - maintenance pr\u00e9ventive essentielle<\/li>\n<li><strong>Service standard<\/strong> - l'extension de la maintenance avec des inspections et des remplacements suppl\u00e9mentaires<\/li>\n<li><strong>Service Premium (UE 400)<\/strong> - une couverture et un soutien maximums<\/li>\n<\/ul>\n<p>En outre, il existe des variantes sp\u00e9cifiques par mod\u00e8le (4D \/ 4TD \/ 4E \/ 4T) et des plans de service EU 400.<\/p>\n<p>Gr\u00e2ce \u00e0 des inspections p\u00e9riodiques, \u00e0 la maintenance et \u00e0 l'optimisation, ce programme garantit que votre drone continue \u00e0 fonctionner de mani\u00e8re s\u00fbre, efficace et fiable, m\u00eame en cas d'utilisation professionnelle intensive.<\/p>\n<p><a href=\"https:\/\/koningdrone.nl\/wp-content\/uploads\/2026\/04\/DJI-Maintenance.-Pro.-B.-S.-matrice-4D.jpg\"><img loading=\"lazy\" decoding=\"async\" class=\"size-medium wp-image-472053 aligncenter\" src=\"https:\/\/koningdrone.nl\/wp-content\/uploads\/2026\/04\/DJI-Maintenance.-Pro.-B.-S.-matrice-4D-300x300.jpg\" alt=\"DJI Maintenance. Pro. B. S. matrice 4D\" width=\"300\" height=\"300\" \/><\/a><\/p>\n<h4>Performance et fonctionnalit\u00e9<\/h4>\n<p>Toutes les variantes de service comprennent la maintenance selon les normes DJI, avec une couverture croissante en fonction de l'offre choisie :<\/p>\n<p><strong>Service de base<\/strong><\/p>\n<ul>\n<li>Inspection compl\u00e8te des syst\u00e8mes critiques<\/li>\n<li>Mises \u00e0 jour du micrologiciel<\/li>\n<li>\u00c9talonnage des capteurs (IMU, compas)<\/li>\n<li>Nettoyage en profondeur<\/li>\n<li>Essai fonctionnel (y compris contr\u00f4le de stabilit\u00e9)<\/li>\n<\/ul>\n<p><strong>Service standard<\/strong><\/p>\n<ul>\n<li>Tous \u00e0 partir de Basic<\/li>\n<li>Inspection et nettoyage en profondeur<\/li>\n<li>Contr\u00f4le et (si n\u00e9cessaire) remplacement des pi\u00e8ces d'usure<\/li>\n<li>Tests fonctionnels approfondis et vols d'essai<\/li>\n<\/ul>\n<p><strong>Service Premium (UE 400)<\/strong><\/p>\n<ul>\n<li>Inspection compl\u00e8te et la plus exhaustive possible<\/li>\n<li>Remplacement pr\u00e9ventif des pi\u00e8ces critiques ou d'usure<\/li>\n<li>Diagnostic et optimisation avanc\u00e9s<\/li>\n<li>Vols d'essai et v\u00e9rification compl\u00e8te des performances<\/li>\n<li>Priorit\u00e9 \u00e0 la disponibilit\u00e9 et \u00e0 la s\u00e9curit\u00e9 op\u00e9rationnelle<\/li>\n<\/ul>\n<p>Toutes les variantes permettent de d\u00e9tecter rapidement les probl\u00e8mes potentiels et d'accro\u00eetre la s\u00e9curit\u00e9 pendant les missions.<\/p>\n<p><a href=\"https:\/\/koningdrone.nl\/wp-content\/uploads\/2026\/04\/DJI-Maintenance.-Pro.-B.-Ser.-4TD.jpg\"><img loading=\"lazy\" decoding=\"async\" class=\"size-medium wp-image-472052 aligncenter\" src=\"https:\/\/koningdrone.nl\/wp-content\/uploads\/2026\/04\/DJI-Maintenance.-Pro.-B.-Ser.-4TD-300x300.jpg\" alt=\"DJI Maintenance. Pro. B. Ser. 4TD\" width=\"300\" height=\"300\" \/><\/a><\/p>\n<h3>Qualit\u00e9 et ex\u00e9cution de la construction<\/h3>\n<p>La maintenance est assur\u00e9e par <strong>techniciens DJI certifi\u00e9s<\/strong> dans des centres de service agr\u00e9\u00e9s. Seulement :<\/p>\n<ul>\n<li>Pi\u00e8ces DJI d'origine<\/li>\n<li>Logiciels et proc\u00e9dures officiels<\/li>\n<li>Outils professionnels de diagnostic et d'\u00e9talonnage<\/li>\n<\/ul>\n<p>Apr\u00e8s chaque service, vous recevrez un <strong>rapport officiel d'entretien<\/strong> avec un r\u00e9sum\u00e9 complet des travaux effectu\u00e9s et des r\u00e9sultats obtenus.<\/p>\n<p><a href=\"https:\/\/koningdrone.nl\/wp-content\/uploads\/2026\/04\/DJI-Maintenance.-Pro.-Stan.-Serv.-4TD.jpg\"><img loading=\"lazy\" decoding=\"async\" class=\"size-medium wp-image-472050 aligncenter\" src=\"https:\/\/koningdrone.nl\/wp-content\/uploads\/2026\/04\/DJI-Maintenance.-Pro.-Stan.-Serv.-4TD-300x300.jpg\" alt=\"DJI Maintenance. Pro. Stan. Serv. 4TD\" width=\"300\" height=\"300\" \/><\/a><\/p>\n<h3>Pourquoi choisir le programme de maintenance DJI<\/h3>\n<p>Une maintenance r\u00e9guli\u00e8re est essentielle pour les op\u00e9rations de drones professionnelles. Avec ce programme :<\/p>\n<ul>\n<li>Prolongez la dur\u00e9e de vie de votre drone<\/li>\n<li>Augmentez votre fiabilit\u00e9 et vos performances<\/li>\n<li>R\u00e9duire les \u00e9checs inattendus<\/li>\n<li>Maximisez votre temps de fonctionnement<\/li>\n<\/ul>\n<p>Que vous choisissiez <strong>De base<\/strong>, <strong>Standard<\/strong> ou <strong>Prime<\/strong>, Chaque plan de service offre un niveau de s\u00e9curit\u00e9 adapt\u00e9 \u00e0 votre d\u00e9ploiement - de l'inspection p\u00e9riodique \u00e0 l'assistance op\u00e9rationnelle compl\u00e8te et sans souci.<\/p>","protected":false},"excerpt":{"rendered":"<ul>\n<li>Sp\u00e9cifiquement con\u00e7u pour DJI Matrice<\/li>\n<\/ul>","protected":false},"featured_media":18486,"template":"","meta":{"_acf_changed":false},"product_brand":[],"product_cat":[1583,1732,1734,1733,1730,2020],"product_tag":[],"class_list":{"0":"post-18497","1":"product","2":"type-product","3":"status-publish","4":"has-post-thumbnail","6":"product_cat-dji-matrice-400","7":"product_cat-dji-matrice-4d","8":"product_cat-dji-matrice-4e","9":"product_cat-dji-matrice-4t","10":"product_cat-dji-matrice-4td","11":"product_cat-maintenance","12":"pa_brand-dji","13":"pa_productfamily-dji-maintenance-basic-matrice-4e","14":"pa_productfamily-dji-maintenance-basic-matrice-4t","15":"pa_productfamily-dji-maintenance-standard-matrice-4e","16":"pa_productfamily-dji-maintenance-standard-matrice-4t","17":"pa_productfamily-dji-maintenance-pro-b-s-matrice-4d","18":"pa_productfamily-dji-maintenance-pro-b-ser-4td","19":"pa_productfamily-dji-maintenance-pro-prem-serv-400-eu","20":"pa_productfamily-dji-maintenance-pro-s-s-matrice-4d","21":"pa_productfamily-dji-maintenance-pro-stan-serv-400-eu","22":"pa_productfamily-dji-maintenance-pro-stan-serv-4td","23":"pa_productfamily-dji-maintenance-progr-b-serv-400-eu","24":"pa_producttype-serviceplan","26":"first","27":"instock","28":"taxable","29":"shipping-taxable","30":"purchasable","31":"product-type-variable","32":"has-default-attributes"},"acf":[],"yoast_head":"<!-- This site is optimized with the Yoast SEO Premium plugin v27.2 (Yoast SEO v27.2) - https:\/\/yoast.com\/product\/yoast-seo-premium-wordpress\/ -->\n<title>DJI Maintenance - koningdrone.be<\/title>\n<meta name=\"robots\" content=\"index, follow, max-snippet:-1, max-image-preview:large, max-video-preview:-1\" \/>\n<link rel=\"canonical\" href=\"https:\/\/koningdrone.be\/fr\/produit\/dji-maintenance\/\" \/>\n<meta property=\"og:locale\" content=\"fr_FR\" \/>\n<meta property=\"og:type\" content=\"article\" \/>\n<meta property=\"og:title\" content=\"DJI Maintenance\" \/>\n<meta property=\"og:description\" content=\"Specifiek ontworpen voor DJI Matrice\" \/>\n<meta property=\"og:url\" content=\"https:\/\/koningdrone.be\/fr\/produit\/dji-maintenance\/\" \/>\n<meta property=\"og:site_name\" content=\"koningdrone.be\" \/>\n<meta property=\"article:modified_time\" content=\"2026-04-29T01:51:07+00:00\" \/>\n<meta property=\"og:image\" content=\"https:\/\/koningdrone.be\/wp-content\/uploads\/sites\/13\/2026\/04\/DJI-Maintenance.-Pro.-Stan.-Serv.-400-EU.webp\" \/>\n\t<meta property=\"og:image:width\" content=\"1024\" \/>\n\t<meta property=\"og:image:height\" content=\"768\" \/>\n\t<meta property=\"og:image:type\" content=\"image\/webp\" \/>\n<meta name=\"twitter:card\" content=\"summary_large_image\" \/>\n<meta name=\"twitter:label1\" content=\"Dur\u00e9e de lecture est.\" \/>\n\t<meta name=\"twitter:data1\" content=\"2 minutes\" \/>\n<script type=\"application\/ld+json\" class=\"yoast-schema-graph\">{\"@context\":\"https:\/\/schema.org\",\"@graph\":[{\"@type\":\"WebPage\",\"@id\":\"https:\/\/koningdrone.be\/product\/dji-maintenance\/\",\"url\":\"https:\/\/koningdrone.be\/product\/dji-maintenance\/\",\"name\":\"DJI Maintenance - koningdrone.be\",\"isPartOf\":{\"@id\":\"https:\/\/koningdrone.be\/#website\"},\"primaryImageOfPage\":{\"@id\":\"https:\/\/koningdrone.be\/product\/dji-maintenance\/#primaryimage\"},\"image\":{\"@id\":\"https:\/\/koningdrone.be\/product\/dji-maintenance\/#primaryimage\"},\"thumbnailUrl\":\"https:\/\/koningdrone.be\/wp-content\/uploads\/sites\/13\/2026\/04\/DJI-Maintenance.-Pro.-Stan.-Serv.-400-EU.webp\",\"datePublished\":\"2026-04-07T13:42:14+00:00\",\"dateModified\":\"2026-04-29T01:51:07+00:00\",\"breadcrumb\":{\"@id\":\"https:\/\/koningdrone.be\/product\/dji-maintenance\/#breadcrumb\"},\"inLanguage\":\"fr-BE\",\"potentialAction\":[{\"@type\":\"ReadAction\",\"target\":[\"https:\/\/koningdrone.be\/product\/dji-maintenance\/\"]}]},{\"@type\":\"ImageObject\",\"inLanguage\":\"fr-BE\",\"@id\":\"https:\/\/koningdrone.be\/product\/dji-maintenance\/#primaryimage\",\"url\":\"https:\/\/koningdrone.be\/wp-content\/uploads\/sites\/13\/2026\/04\/DJI-Maintenance.-Pro.-Stan.-Serv.-400-EU.webp\",\"contentUrl\":\"https:\/\/koningdrone.be\/wp-content\/uploads\/sites\/13\/2026\/04\/DJI-Maintenance.-Pro.-Stan.-Serv.-400-EU.webp\",\"width\":1024,\"height\":768},{\"@type\":\"BreadcrumbList\",\"@id\":\"https:\/\/koningdrone.be\/product\/dji-maintenance\/#breadcrumb\",\"itemListElement\":[{\"@type\":\"ListItem\",\"position\":1,\"name\":\"Home\",\"item\":\"https:\/\/koningdrone.be\/\"},{\"@type\":\"ListItem\",\"position\":2,\"name\":\"AVSS Parachute Recovery System for DJI Matrice 300\/350\",\"item\":\"https:\/\/koningdrone.be\/product\/avss-parachute-recovery-system-for-dji-matrice-300-350\/\"},{\"@type\":\"ListItem\",\"position\":3,\"name\":\"DJI Matrice 400\",\"item\":\"https:\/\/koningdrone.be\/categorie\/dji-matrice-400\/\"},{\"@type\":\"ListItem\",\"position\":4,\"name\":\"DJI Maintenance\"}]},{\"@type\":\"WebSite\",\"@id\":\"https:\/\/koningdrone.be\/#website\",\"url\":\"https:\/\/koningdrone.be\/\",\"name\":\"Koningdrone.be - Uw online specialist in drones, gimbals, camera's en power stations.\",\"description\":\"De webshop in drones en gimbals\",\"publisher\":{\"@id\":\"https:\/\/koningdrone.be\/#organization\"},\"potentialAction\":[{\"@type\":\"SearchAction\",\"target\":{\"@type\":\"EntryPoint\",\"urlTemplate\":\"https:\/\/koningdrone.be\/?s={search_term_string}\"},\"query-input\":{\"@type\":\"PropertyValueSpecification\",\"valueRequired\":true,\"valueName\":\"search_term_string\"}}],\"inLanguage\":\"fr-BE\"},{\"@type\":\"Organization\",\"@id\":\"https:\/\/koningdrone.be\/#organization\",\"name\":\"Koningdrone.be\",\"url\":\"https:\/\/koningdrone.be\/\",\"logo\":{\"@type\":\"ImageObject\",\"inLanguage\":\"fr-BE\",\"@id\":\"https:\/\/koningdrone.be\/#\/schema\/logo\/image\/\",\"url\":\"https:\/\/koningdrone.be\/wp-content\/uploads\/sites\/13\/2025\/04\/koningdrone-copyright-logo.svg\",\"contentUrl\":\"https:\/\/koningdrone.be\/wp-content\/uploads\/sites\/13\/2025\/04\/koningdrone-copyright-logo.svg\",\"width\":227,\"height\":38,\"caption\":\"Koningdrone.be\"},\"image\":{\"@id\":\"https:\/\/koningdrone.be\/#\/schema\/logo\/image\/\"}}]}<\/script>\n<!-- \/ Yoast SEO Premium plugin. -->","yoast_head_json":{"title":"DJI Maintenance - koningdrone.be","robots":{"index":"index","follow":"follow","max-snippet":"max-snippet:-1","max-image-preview":"max-image-preview:large","max-video-preview":"max-video-preview:-1"},"canonical":"https:\/\/koningdrone.be\/fr\/produit\/dji-maintenance\/","og_locale":"fr_FR","og_type":"article","og_title":"DJI Maintenance","og_description":"Specifiek ontworpen voor DJI Matrice","og_url":"https:\/\/koningdrone.be\/fr\/produit\/dji-maintenance\/","og_site_name":"koningdrone.be","article_modified_time":"2026-04-29T01:51:07+00:00","og_image":[{"width":1024,"height":768,"url":"https:\/\/koningdrone.be\/wp-content\/uploads\/sites\/13\/2026\/04\/DJI-Maintenance.-Pro.-Stan.-Serv.-400-EU.webp","type":"image\/webp"}],"twitter_card":"summary_large_image","twitter_misc":{"Dur\u00e9e de lecture est.":"2 minutes"},"schema":{"@context":"https:\/\/schema.org","@graph":[{"@type":"WebPage","@id":"https:\/\/koningdrone.be\/product\/dji-maintenance\/","url":"https:\/\/koningdrone.be\/product\/dji-maintenance\/","name":"DJI Maintenance - koningdrone.be","isPartOf":{"@id":"https:\/\/koningdrone.be\/#website"},"primaryImageOfPage":{"@id":"https:\/\/koningdrone.be\/product\/dji-maintenance\/#primaryimage"},"image":{"@id":"https:\/\/koningdrone.be\/product\/dji-maintenance\/#primaryimage"},"thumbnailUrl":"https:\/\/koningdrone.be\/wp-content\/uploads\/sites\/13\/2026\/04\/DJI-Maintenance.-Pro.-Stan.-Serv.-400-EU.webp","datePublished":"2026-04-07T13:42:14+00:00","dateModified":"2026-04-29T01:51:07+00:00","breadcrumb":{"@id":"https:\/\/koningdrone.be\/product\/dji-maintenance\/#breadcrumb"},"inLanguage":"fr-BE","potentialAction":[{"@type":"ReadAction","target":["https:\/\/koningdrone.be\/product\/dji-maintenance\/"]}]},{"@type":"ImageObject","inLanguage":"fr-BE","@id":"https:\/\/koningdrone.be\/product\/dji-maintenance\/#primaryimage","url":"https:\/\/koningdrone.be\/wp-content\/uploads\/sites\/13\/2026\/04\/DJI-Maintenance.-Pro.-Stan.-Serv.-400-EU.webp","contentUrl":"https:\/\/koningdrone.be\/wp-content\/uploads\/sites\/13\/2026\/04\/DJI-Maintenance.-Pro.-Stan.-Serv.-400-EU.webp","width":1024,"height":768},{"@type":"BreadcrumbList","@id":"https:\/\/koningdrone.be\/product\/dji-maintenance\/#breadcrumb","itemListElement":[{"@type":"ListItem","position":1,"name":"Home","item":"https:\/\/koningdrone.be\/"},{"@type":"ListItem","position":2,"name":"AVSS Parachute Recovery System for DJI Matrice 300\/350","item":"https:\/\/koningdrone.be\/product\/avss-parachute-recovery-system-for-dji-matrice-300-350\/"},{"@type":"ListItem","position":3,"name":"DJI Matrice 400","item":"https:\/\/koningdrone.be\/categorie\/dji-matrice-400\/"},{"@type":"ListItem","position":4,"name":"DJI Maintenance"}]},{"@type":"WebSite","@id":"https:\/\/koningdrone.be\/#website","url":"https:\/\/koningdrone.be\/","name":"Koningdrone.be - Votre sp\u00e9cialiste en ligne en mati\u00e8re de drones, de cardans, de cam\u00e9ras et de centrales \u00e9lectriques.","description":"La boutique en ligne de drones et de cardans","publisher":{"@id":"https:\/\/koningdrone.be\/#organization"},"potentialAction":[{"@type":"SearchAction","target":{"@type":"EntryPoint","urlTemplate":"https:\/\/koningdrone.be\/?s={search_term_string}"},"query-input":{"@type":"PropertyValueSpecification","valueRequired":true,"valueName":"search_term_string"}}],"inLanguage":"fr-BE"},{"@type":"Organization","@id":"https:\/\/koningdrone.be\/#organization","name":"Kingdrone.co.uk","url":"https:\/\/koningdrone.be\/","logo":{"@type":"ImageObject","inLanguage":"fr-BE","@id":"https:\/\/koningdrone.be\/#\/schema\/logo\/image\/","url":"https:\/\/koningdrone.be\/wp-content\/uploads\/sites\/13\/2025\/04\/koningdrone-copyright-logo.svg","contentUrl":"https:\/\/koningdrone.be\/wp-content\/uploads\/sites\/13\/2025\/04\/koningdrone-copyright-logo.svg","width":227,"height":38,"caption":"Koningdrone.be"},"image":{"@id":"https:\/\/koningdrone.be\/#\/schema\/logo\/image\/"}}]}},"df_price":439,"df_sale_price":"","df_regular_price":439,"df_image_link":"https:\/\/koningdrone.be\/wp-content\/uploads\/sites\/13\/2026\/04\/DJI-Maintenance.-Pro.-Stan.-Serv.-400-EU-300x225.webp","_links":{"self":[{"href":"https:\/\/koningdrone.be\/fr\/wp-json\/wp\/v2\/product\/18497","targetHints":{"allow":["GET"]}}],"collection":[{"href":"https:\/\/koningdrone.be\/fr\/wp-json\/wp\/v2\/product"}],"about":[{"href":"https:\/\/koningdrone.be\/fr\/wp-json\/wp\/v2\/types\/product"}],"wp:featuredmedia":[{"embeddable":true,"href":"https:\/\/koningdrone.be\/fr\/wp-json\/wp\/v2\/media\/18486"}],"wp:attachment":[{"href":"https:\/\/koningdrone.be\/fr\/wp-json\/wp\/v2\/media?parent=18497"}],"wp:term":[{"taxonomy":"product_brand","embeddable":true,"href":"https:\/\/koningdrone.be\/fr\/wp-json\/wp\/v2\/product_brand?post=18497"},{"taxonomy":"product_cat","embeddable":true,"href":"https:\/\/koningdrone.be\/fr\/wp-json\/wp\/v2\/product_cat?post=18497"},{"taxonomy":"product_tag","embeddable":true,"href":"https:\/\/koningdrone.be\/fr\/wp-json\/wp\/v2\/product_tag?post=18497"}],"curies":[{"name":"wp","href":"https:\/\/api.w.org\/{rel}","templated":true}]}}