{"id":18465,"date":"2026-04-06T18:55:10","date_gmt":"2026-04-06T16:55:10","guid":{"rendered":"https:\/\/koningdrone.be\/?post_type=product&#038;p=18465"},"modified":"2026-04-29T04:10:27","modified_gmt":"2026-04-29T02:10:27","slug":"dji-rs4-mini-dji-care-refresh-2-year-plan-card","status":"publish","type":"product","link":"https:\/\/koningdrone.be\/fr\/produit\/dji-rs4-mini-dji-care-refresh-2-year-plan-card\/","title":{"rendered":"DJI RS4 Mini - Carte d'abonnement de 2 ans DJI Care Refresh"},"content":{"rendered":"<h3>DJI RS4 Mini - Carte d'abonnement de 2 ans DJI Care Refresh<\/h3>\n<p>Le plan DJI Care Refresh de 2 ans offre la protection \u00e0 long terme la plus compl\u00e8te pour votre DJI RS 4 Mini. Ce plan de service num\u00e9rique \u00e9tend le filet de s\u00e9curit\u00e9 de votre stabilisateur professionnel \u00e0 une p\u00e9riode compl\u00e8te de 24 mois. Il est sp\u00e9cialement con\u00e7u pour les vid\u00e9astes qui veulent repousser leurs limites cr\u00e9atives avec la s\u00e9curit\u00e9 d'une couverture compl\u00e8te en cas de dommages impr\u00e9vus.<\/p>\n<h4>Performance et fonctionnalit\u00e9<\/h4>\n<p>Ce plan de deux ans offre une s\u00e9curit\u00e9 suppl\u00e9mentaire avec jusqu'\u00e0 quatre unit\u00e9s de remplacement pendant toute la dur\u00e9e du contrat. Il couvre un large \u00e9ventail de sinistres, y compris les collisions et les d\u00e9g\u00e2ts des eaux, ainsi que l'usure naturelle. Gr\u00e2ce \u00e0 DJI Care Express, vous pouvez \u00e9viter l'\u00e9valuation standard des dommages ; DJI exp\u00e9diera un appareil de remplacement d\u00e8s qu'il aura re\u00e7u votre mat\u00e9riel d\u00e9fectueux, afin que vous puissiez reprendre vos activit\u00e9s \u00e0 la vitesse de l'\u00e9clair.<\/p>\n<p><a href=\"https:\/\/koningdrone.nl\/wp-content\/uploads\/2026\/04\/DJI-RS4-Mini-DJI-Care-Refresh.jpg\"><img loading=\"lazy\" decoding=\"async\" class=\"size-medium wp-image-471895 aligncenter\" src=\"https:\/\/koningdrone.nl\/wp-content\/uploads\/2026\/04\/DJI-RS4-Mini-DJI-Care-Refresh-300x300.jpg\" alt=\"DJI RS4 Mini - DJI Care Refresh\" width=\"300\" height=\"300\" \/><\/a><\/p>\n<h4>Qualit\u00e9 de construction et conception<\/h4>\n<p>Comme il s'agit d'un produit virtuel (code d'activation), il doit \u00eatre appari\u00e9 dans les 30 jours suivant l'activation initiale du RS 4 Mini. Le plan garantit que les unit\u00e9s de remplacement sont conformes aux normes DJI les plus strictes (neuves ou comme neuves). De plus, les frais d'exp\u00e9dition sont gratuits dans les deux sens pour toute demande de service dans la r\u00e9gion d'achat.<\/p>\n<h4>Pourquoi vous en avez besoin ?<\/h4>\n<p>Le RS 4 Mini est con\u00e7u pour la vitesse et la mobilit\u00e9, ce qui augmente le risque de choc ou de chute. Le plan de 2 ans est le choix le plus \u00e9conomique pour une protection \u00e0 long terme et comprend une extension de la garantie officielle du fabricant \u00e0 deux ans. Il offre une tranquillit\u00e9 d'esprit ultime, soutenue par un service et une assistance globale dans n'importe quel centre de service DJI agr\u00e9\u00e9 dans le monde entier.<\/p>","protected":false},"excerpt":{"rendered":"<ul>\n<li>Offre jusqu'\u00e0 4 remplacements \u00e0 faible co\u00fbt r\u00e9partis sur deux ans.<\/li>\n<li>Couverture compl\u00e8te pour les dommages caus\u00e9s par la chute, la collision et les d\u00e9g\u00e2ts des eaux.<\/li>\n<li>Prolonge la garantie officielle du fabricant jusqu'\u00e0 la p\u00e9riode compl\u00e8te de 24 mois.<\/li>\n<li>DJI Care Express pour un remplacement prioritaire et un temps d'arr\u00eat minimal.<\/li>\n<li>Comprend l'exp\u00e9dition gratuite (aller-retour) pour toutes les demandes de service.<\/li>\n<\/ul>","protected":false},"featured_media":18461,"template":"","meta":{"_acf_changed":false},"product_brand":[],"product_cat":[175,1890],"product_tag":[],"class_list":{"0":"post-18465","1":"product","2":"type-product","3":"status-publish","4":"has-post-thumbnail","6":"product_cat-alle-care-refresh","7":"product_cat-dji-rs4-mini","8":"product_shipping_class-acsystemsall","9":"pa_brand-dji","10":"pa_productfamily-mini","11":"pa_producttype-serviceplan","12":"pa_series-rs4","14":"first","15":"instock","16":"taxable","17":"shipping-taxable","18":"purchasable","19":"product-type-simple"},"acf":[],"yoast_head":"<!-- This site is optimized with the Yoast SEO Premium plugin v27.2 (Yoast SEO v27.2) - https:\/\/yoast.com\/product\/yoast-seo-premium-wordpress\/ -->\n<title>DJI RS4 Mini - DJI Care Refresh 2-Year Plan Card - koningdrone.be<\/title>\n<meta name=\"robots\" content=\"index, follow, max-snippet:-1, max-image-preview:large, max-video-preview:-1\" \/>\n<link rel=\"canonical\" href=\"https:\/\/koningdrone.be\/fr\/produit\/dji-rs4-mini-dji-care-refresh-2-year-plan-card\/\" \/>\n<meta property=\"og:locale\" content=\"fr_FR\" \/>\n<meta property=\"og:type\" content=\"article\" \/>\n<meta property=\"og:title\" content=\"DJI RS4 Mini - DJI Care Refresh 2-Year Plan Card\" \/>\n<meta property=\"og:description\" content=\"Biedt tot 4 voordelige vervangingen verspreid over twee jaar.  Volledige dekking voor valschade, botsingen en waterschade.  Verlengt de offici\u00eble fabrieksgarantie naar de volledige periode van 24 maanden.  DJI Care Express voor prioriteit bij vervanging en minimale downtime.  Inclusief gratis verzending (heen en terug) voor alle service-aanvragen.\" \/>\n<meta property=\"og:url\" content=\"https:\/\/koningdrone.be\/fr\/produit\/dji-rs4-mini-dji-care-refresh-2-year-plan-card\/\" \/>\n<meta property=\"og:site_name\" content=\"koningdrone.be\" \/>\n<meta property=\"article:modified_time\" content=\"2026-04-29T02:10:27+00:00\" \/>\n<meta property=\"og:image\" content=\"https:\/\/koningdrone.be\/wp-content\/uploads\/sites\/13\/2026\/04\/DJI-RS4-Mini-DJI-Care-Refresh.jpg\" \/>\n\t<meta property=\"og:image:width\" content=\"2560\" \/>\n\t<meta property=\"og:image:height\" content=\"2560\" \/>\n\t<meta property=\"og:image:type\" content=\"image\/jpeg\" \/>\n<meta name=\"twitter:card\" content=\"summary_large_image\" \/>\n<meta name=\"twitter:label1\" content=\"Dur\u00e9e de lecture est.\" \/>\n\t<meta name=\"twitter:data1\" content=\"1 minute\" \/>\n<script type=\"application\/ld+json\" class=\"yoast-schema-graph\">{\"@context\":\"https:\/\/schema.org\",\"@graph\":[{\"@type\":\"WebPage\",\"@id\":\"https:\/\/koningdrone.be\/product\/dji-rs4-mini-dji-care-refresh-2-year-plan-card\/\",\"url\":\"https:\/\/koningdrone.be\/product\/dji-rs4-mini-dji-care-refresh-2-year-plan-card\/\",\"name\":\"DJI RS4 Mini - DJI Care Refresh 2-Year Plan Card - koningdrone.be\",\"isPartOf\":{\"@id\":\"https:\/\/koningdrone.be\/#website\"},\"primaryImageOfPage\":{\"@id\":\"https:\/\/koningdrone.be\/product\/dji-rs4-mini-dji-care-refresh-2-year-plan-card\/#primaryimage\"},\"image\":{\"@id\":\"https:\/\/koningdrone.be\/product\/dji-rs4-mini-dji-care-refresh-2-year-plan-card\/#primaryimage\"},\"thumbnailUrl\":\"https:\/\/koningdrone.be\/wp-content\/uploads\/sites\/13\/2026\/04\/DJI-RS4-Mini-DJI-Care-Refresh.jpg\",\"datePublished\":\"2026-04-06T16:55:10+00:00\",\"dateModified\":\"2026-04-29T02:10:27+00:00\",\"breadcrumb\":{\"@id\":\"https:\/\/koningdrone.be\/product\/dji-rs4-mini-dji-care-refresh-2-year-plan-card\/#breadcrumb\"},\"inLanguage\":\"fr-BE\",\"potentialAction\":[{\"@type\":\"ReadAction\",\"target\":[\"https:\/\/koningdrone.be\/product\/dji-rs4-mini-dji-care-refresh-2-year-plan-card\/\"]}]},{\"@type\":\"ImageObject\",\"inLanguage\":\"fr-BE\",\"@id\":\"https:\/\/koningdrone.be\/product\/dji-rs4-mini-dji-care-refresh-2-year-plan-card\/#primaryimage\",\"url\":\"https:\/\/koningdrone.be\/wp-content\/uploads\/sites\/13\/2026\/04\/DJI-RS4-Mini-DJI-Care-Refresh.jpg\",\"contentUrl\":\"https:\/\/koningdrone.be\/wp-content\/uploads\/sites\/13\/2026\/04\/DJI-RS4-Mini-DJI-Care-Refresh.jpg\",\"width\":2560,\"height\":2560},{\"@type\":\"BreadcrumbList\",\"@id\":\"https:\/\/koningdrone.be\/product\/dji-rs4-mini-dji-care-refresh-2-year-plan-card\/#breadcrumb\",\"itemListElement\":[{\"@type\":\"ListItem\",\"position\":1,\"name\":\"Home\",\"item\":\"https:\/\/koningdrone.be\/\"},{\"@type\":\"ListItem\",\"position\":2,\"name\":\"AVSS Parachute Recovery System for DJI Matrice 300\/350\",\"item\":\"https:\/\/koningdrone.be\/product\/avss-parachute-recovery-system-for-dji-matrice-300-350\/\"},{\"@type\":\"ListItem\",\"position\":3,\"name\":\"Alle care refresh\",\"item\":\"https:\/\/koningdrone.be\/categorie\/alle-care-refresh\/\"},{\"@type\":\"ListItem\",\"position\":4,\"name\":\"DJI RS4 Mini &#8211; DJI Care Refresh 2-Year Plan Card\"}]},{\"@type\":\"WebSite\",\"@id\":\"https:\/\/koningdrone.be\/#website\",\"url\":\"https:\/\/koningdrone.be\/\",\"name\":\"Koningdrone.be - Uw online specialist in drones, gimbals, camera's en power stations.\",\"description\":\"De webshop in drones en gimbals\",\"publisher\":{\"@id\":\"https:\/\/koningdrone.be\/#organization\"},\"potentialAction\":[{\"@type\":\"SearchAction\",\"target\":{\"@type\":\"EntryPoint\",\"urlTemplate\":\"https:\/\/koningdrone.be\/?s={search_term_string}\"},\"query-input\":{\"@type\":\"PropertyValueSpecification\",\"valueRequired\":true,\"valueName\":\"search_term_string\"}}],\"inLanguage\":\"fr-BE\"},{\"@type\":\"Organization\",\"@id\":\"https:\/\/koningdrone.be\/#organization\",\"name\":\"Koningdrone.be\",\"url\":\"https:\/\/koningdrone.be\/\",\"logo\":{\"@type\":\"ImageObject\",\"inLanguage\":\"fr-BE\",\"@id\":\"https:\/\/koningdrone.be\/#\/schema\/logo\/image\/\",\"url\":\"https:\/\/koningdrone.be\/wp-content\/uploads\/sites\/13\/2025\/04\/koningdrone-copyright-logo.svg\",\"contentUrl\":\"https:\/\/koningdrone.be\/wp-content\/uploads\/sites\/13\/2025\/04\/koningdrone-copyright-logo.svg\",\"width\":227,\"height\":38,\"caption\":\"Koningdrone.be\"},\"image\":{\"@id\":\"https:\/\/koningdrone.be\/#\/schema\/logo\/image\/\"}}]}<\/script>\n<!-- \/ Yoast SEO Premium plugin. -->","yoast_head_json":{"title":"DJI RS4 Mini - DJI Care Refresh 2-Year Plan Card - koningdrone.be","robots":{"index":"index","follow":"follow","max-snippet":"max-snippet:-1","max-image-preview":"max-image-preview:large","max-video-preview":"max-video-preview:-1"},"canonical":"https:\/\/koningdrone.be\/fr\/produit\/dji-rs4-mini-dji-care-refresh-2-year-plan-card\/","og_locale":"fr_FR","og_type":"article","og_title":"DJI RS4 Mini - DJI Care Refresh 2-Year Plan Card","og_description":"Biedt tot 4 voordelige vervangingen verspreid over twee jaar.  Volledige dekking voor valschade, botsingen en waterschade.  Verlengt de offici\u00eble fabrieksgarantie naar de volledige periode van 24 maanden.  DJI Care Express voor prioriteit bij vervanging en minimale downtime.  Inclusief gratis verzending (heen en terug) voor alle service-aanvragen.","og_url":"https:\/\/koningdrone.be\/fr\/produit\/dji-rs4-mini-dji-care-refresh-2-year-plan-card\/","og_site_name":"koningdrone.be","article_modified_time":"2026-04-29T02:10:27+00:00","og_image":[{"width":2560,"height":2560,"url":"https:\/\/koningdrone.be\/wp-content\/uploads\/sites\/13\/2026\/04\/DJI-RS4-Mini-DJI-Care-Refresh.jpg","type":"image\/jpeg"}],"twitter_card":"summary_large_image","twitter_misc":{"Dur\u00e9e de lecture est.":"1 minute"},"schema":{"@context":"https:\/\/schema.org","@graph":[{"@type":"WebPage","@id":"https:\/\/koningdrone.be\/product\/dji-rs4-mini-dji-care-refresh-2-year-plan-card\/","url":"https:\/\/koningdrone.be\/product\/dji-rs4-mini-dji-care-refresh-2-year-plan-card\/","name":"DJI RS4 Mini - DJI Care Refresh 2-Year Plan Card - koningdrone.be","isPartOf":{"@id":"https:\/\/koningdrone.be\/#website"},"primaryImageOfPage":{"@id":"https:\/\/koningdrone.be\/product\/dji-rs4-mini-dji-care-refresh-2-year-plan-card\/#primaryimage"},"image":{"@id":"https:\/\/koningdrone.be\/product\/dji-rs4-mini-dji-care-refresh-2-year-plan-card\/#primaryimage"},"thumbnailUrl":"https:\/\/koningdrone.be\/wp-content\/uploads\/sites\/13\/2026\/04\/DJI-RS4-Mini-DJI-Care-Refresh.jpg","datePublished":"2026-04-06T16:55:10+00:00","dateModified":"2026-04-29T02:10:27+00:00","breadcrumb":{"@id":"https:\/\/koningdrone.be\/product\/dji-rs4-mini-dji-care-refresh-2-year-plan-card\/#breadcrumb"},"inLanguage":"fr-BE","potentialAction":[{"@type":"ReadAction","target":["https:\/\/koningdrone.be\/product\/dji-rs4-mini-dji-care-refresh-2-year-plan-card\/"]}]},{"@type":"ImageObject","inLanguage":"fr-BE","@id":"https:\/\/koningdrone.be\/product\/dji-rs4-mini-dji-care-refresh-2-year-plan-card\/#primaryimage","url":"https:\/\/koningdrone.be\/wp-content\/uploads\/sites\/13\/2026\/04\/DJI-RS4-Mini-DJI-Care-Refresh.jpg","contentUrl":"https:\/\/koningdrone.be\/wp-content\/uploads\/sites\/13\/2026\/04\/DJI-RS4-Mini-DJI-Care-Refresh.jpg","width":2560,"height":2560},{"@type":"BreadcrumbList","@id":"https:\/\/koningdrone.be\/product\/dji-rs4-mini-dji-care-refresh-2-year-plan-card\/#breadcrumb","itemListElement":[{"@type":"ListItem","position":1,"name":"Home","item":"https:\/\/koningdrone.be\/"},{"@type":"ListItem","position":2,"name":"AVSS Parachute Recovery System for DJI Matrice 300\/350","item":"https:\/\/koningdrone.be\/product\/avss-parachute-recovery-system-for-dji-matrice-300-350\/"},{"@type":"ListItem","position":3,"name":"Alle care refresh","item":"https:\/\/koningdrone.be\/categorie\/alle-care-refresh\/"},{"@type":"ListItem","position":4,"name":"DJI RS4 Mini &#8211; DJI Care Refresh 2-Year Plan Card"}]},{"@type":"WebSite","@id":"https:\/\/koningdrone.be\/#website","url":"https:\/\/koningdrone.be\/","name":"Koningdrone.be - Votre sp\u00e9cialiste en ligne en mati\u00e8re de drones, de cardans, de cam\u00e9ras et de centrales \u00e9lectriques.","description":"La boutique en ligne de drones et de cardans","publisher":{"@id":"https:\/\/koningdrone.be\/#organization"},"potentialAction":[{"@type":"SearchAction","target":{"@type":"EntryPoint","urlTemplate":"https:\/\/koningdrone.be\/?s={search_term_string}"},"query-input":{"@type":"PropertyValueSpecification","valueRequired":true,"valueName":"search_term_string"}}],"inLanguage":"fr-BE"},{"@type":"Organization","@id":"https:\/\/koningdrone.be\/#organization","name":"Kingdrone.co.uk","url":"https:\/\/koningdrone.be\/","logo":{"@type":"ImageObject","inLanguage":"fr-BE","@id":"https:\/\/koningdrone.be\/#\/schema\/logo\/image\/","url":"https:\/\/koningdrone.be\/wp-content\/uploads\/sites\/13\/2025\/04\/koningdrone-copyright-logo.svg","contentUrl":"https:\/\/koningdrone.be\/wp-content\/uploads\/sites\/13\/2025\/04\/koningdrone-copyright-logo.svg","width":227,"height":38,"caption":"Koningdrone.be"},"image":{"@id":"https:\/\/koningdrone.be\/#\/schema\/logo\/image\/"}}]}},"df_price":66,"df_sale_price":"","df_regular_price":66,"df_image_link":"https:\/\/koningdrone.be\/wp-content\/uploads\/sites\/13\/2026\/04\/DJI-RS4-Mini-DJI-Care-Refresh-300x300.jpg","_links":{"self":[{"href":"https:\/\/koningdrone.be\/fr\/wp-json\/wp\/v2\/product\/18465","targetHints":{"allow":["GET"]}}],"collection":[{"href":"https:\/\/koningdrone.be\/fr\/wp-json\/wp\/v2\/product"}],"about":[{"href":"https:\/\/koningdrone.be\/fr\/wp-json\/wp\/v2\/types\/product"}],"wp:featuredmedia":[{"embeddable":true,"href":"https:\/\/koningdrone.be\/fr\/wp-json\/wp\/v2\/media\/18461"}],"wp:attachment":[{"href":"https:\/\/koningdrone.be\/fr\/wp-json\/wp\/v2\/media?parent=18465"}],"wp:term":[{"taxonomy":"product_brand","embeddable":true,"href":"https:\/\/koningdrone.be\/fr\/wp-json\/wp\/v2\/product_brand?post=18465"},{"taxonomy":"product_cat","embeddable":true,"href":"https:\/\/koningdrone.be\/fr\/wp-json\/wp\/v2\/product_cat?post=18465"},{"taxonomy":"product_tag","embeddable":true,"href":"https:\/\/koningdrone.be\/fr\/wp-json\/wp\/v2\/product_tag?post=18465"}],"curies":[{"name":"wp","href":"https:\/\/api.w.org\/{rel}","templated":true}]}}