{"id":18460,"date":"2026-04-06T18:54:52","date_gmt":"2026-04-06T16:54:52","guid":{"rendered":"https:\/\/koningdrone.be\/?post_type=product&#038;p=18460"},"modified":"2026-04-29T04:10:26","modified_gmt":"2026-04-29T02:10:26","slug":"dji-rs4-mini-dji-care-refresh-1-year-plan-card","status":"publish","type":"product","link":"https:\/\/koningdrone.be\/fr\/produit\/dji-rs4-mini-dji-care-refresh-1-year-plan-card\/","title":{"rendered":"DJI RS4 Mini - Carte d'abonnement d'un an DJI Care Refresh"},"content":{"rendered":"<h3>DJI RS4 Mini - Carte d'abonnement d'un an DJI Care Refresh<\/h3>\n<p>Le plan DJI Care Refresh 1 an pour le DJI RS4 Mini est un service de protection sp\u00e9cialis\u00e9 pour le stabilisateur de voyage professionnel l\u00e9ger de DJI. Ce plan de service num\u00e9rique offre 12 mois de s\u00e9curit\u00e9 pour les puissants moteurs et le syst\u00e8me de stabilisation \u00e0 3 axes du RS4 Mini. Il s'agit d'un investissement essentiel pour les cr\u00e9ateurs solo et les vid\u00e9astes de voyage qui ont besoin d'une protection mat\u00e9rielle fiable lorsqu'ils filment sur place.<\/p>\n<h4>Performance et fonctionnalit\u00e9<\/h4>\n<p>Ce plan offre jusqu'\u00e0 deux unit\u00e9s de remplacement par an pour un montant fixe et peu \u00e9lev\u00e9. Il est sp\u00e9cialement con\u00e7u pour couvrir les dommages communs aux cardans, tels que la surcharge du moteur, les collisions et les dommages caus\u00e9s par l'eau. Gr\u00e2ce \u00e0 DJI Care Express, vous pouvez \u00e9viter l'\u00e9valuation standard des dommages ; DJI exp\u00e9diera imm\u00e9diatement une unit\u00e9 de remplacement (neuve ou comme neuve) d\u00e8s r\u00e9ception de votre stabilisateur d\u00e9fectueux.<\/p>\n<p><a href=\"https:\/\/koningdrone.nl\/wp-content\/uploads\/2026\/04\/DJI-RS4-Mini-DJI-Care-Refresh.jpg\"><img loading=\"lazy\" decoding=\"async\" class=\"size-medium wp-image-471895 aligncenter\" src=\"https:\/\/koningdrone.nl\/wp-content\/uploads\/2026\/04\/DJI-RS4-Mini-DJI-Care-Refresh-300x300.jpg\" alt=\"DJI RS4 Mini - DJI Care Refresh\" width=\"300\" height=\"300\" \/><\/a><\/p>\n<h4>Qualit\u00e9 de construction et conception<\/h4>\n<p>En tant que produit virtuel, ce plan se pr\u00e9sente sous la forme d'un code d'activation qui doit \u00eatre associ\u00e9 dans les 30 jours suivant l'activation initiale du RS4 Mini. Le plan inclut la livraison gratuite dans les deux sens et garantit que le mat\u00e9riel de remplacement r\u00e9pond aux normes DJI les plus strictes. Le Global Service inclus vous donne \u00e9galement acc\u00e8s \u00e0 des services de r\u00e9paration ou de remplacement dans les centres de service DJI agr\u00e9\u00e9s dans le monde entier.<\/p>\n<h4>Pourquoi vous en avez besoin ?<\/h4>\n<p>Con\u00e7u pour la vitesse et la portabilit\u00e9, le RS4 Mini est souvent utilis\u00e9 dans des environnements tr\u00e8s fr\u00e9quent\u00e9s o\u00f9 un choc ou une chute est toujours possible. DJI Care Refresh agit comme une police d'assurance compl\u00e8te, comprenant une garantie officielle et un acc\u00e8s direct \u00e0 des experts techniques. Il \u00e9limine le stress financier li\u00e9 aux r\u00e9parations potentielles, afin que vous puissiez vous concentrer pleinement sur la cr\u00e9ation d'images fluides et cin\u00e9matographiques avec votre cam\u00e9ra sans miroir.<\/p>","protected":false},"excerpt":{"rendered":"<ul>\n<li>Jusqu'\u00e0 deux remplacements b\u00e9n\u00e9fiques au cours d'une p\u00e9riode d'un an.<\/li>\n<li>Couverture compl\u00e8te pour les dommages caus\u00e9s par la chute, la collision et les d\u00e9g\u00e2ts des eaux.<\/li>\n<li>DJI Care Express pour un remplacement prioritaire et un temps d'arr\u00eat minimal.<\/li>\n<li>Comprend l'exp\u00e9dition gratuite (aller-retour) pour toutes les demandes de service.<\/li>\n<li>Service mondial et garantie officielle DJI pour la dur\u00e9e.<\/li>\n<\/ul>","protected":false},"featured_media":18461,"template":"","meta":{"_acf_changed":false},"product_brand":[],"product_cat":[175,1890],"product_tag":[],"class_list":{"0":"post-18460","1":"product","2":"type-product","3":"status-publish","4":"has-post-thumbnail","6":"product_cat-alle-care-refresh","7":"product_cat-dji-rs4-mini","8":"product_shipping_class-acsystemsall","9":"pa_brand-dji","10":"pa_productfamily-mini","11":"pa_producttype-serviceplan","12":"pa_series-rs4","14":"first","15":"instock","16":"taxable","17":"shipping-taxable","18":"purchasable","19":"product-type-simple"},"acf":[],"yoast_head":"<!-- This site is optimized with the Yoast SEO Premium plugin v27.2 (Yoast SEO v27.2) - https:\/\/yoast.com\/product\/yoast-seo-premium-wordpress\/ -->\n<title>DJI RS4 Mini - DJI Care Refresh 1-Year Plan Card - koningdrone.be<\/title>\n<meta name=\"robots\" content=\"index, follow, max-snippet:-1, max-image-preview:large, max-video-preview:-1\" \/>\n<link rel=\"canonical\" href=\"https:\/\/koningdrone.be\/fr\/produit\/dji-rs4-mini-dji-care-refresh-1-year-plan-card\/\" \/>\n<meta property=\"og:locale\" content=\"fr_FR\" \/>\n<meta property=\"og:type\" content=\"article\" \/>\n<meta property=\"og:title\" content=\"DJI RS4 Mini - DJI Care Refresh 1-Year Plan Card\" \/>\n<meta property=\"og:description\" content=\"Tot 2 voordelige vervangingen binnen een periode van \u00e9\u00e9n jaar.  Volledige dekking voor valschade, botsingen en waterschade.  DJI Care Express voor prioriteit bij vervanging en minimale downtime.  Inclusief gratis verzending (heen en terug) voor alle service-aanvragen.  Wereldwijde service en offici\u00eble DJI-garantie gedurende de looptijd.\" \/>\n<meta property=\"og:url\" content=\"https:\/\/koningdrone.be\/fr\/produit\/dji-rs4-mini-dji-care-refresh-1-year-plan-card\/\" \/>\n<meta property=\"og:site_name\" content=\"koningdrone.be\" \/>\n<meta property=\"article:modified_time\" content=\"2026-04-29T02:10:26+00:00\" \/>\n<meta property=\"og:image\" content=\"https:\/\/koningdrone.be\/wp-content\/uploads\/sites\/13\/2026\/04\/DJI-RS4-Mini-DJI-Care-Refresh.jpg\" \/>\n\t<meta property=\"og:image:width\" content=\"2560\" \/>\n\t<meta property=\"og:image:height\" content=\"2560\" \/>\n\t<meta property=\"og:image:type\" content=\"image\/jpeg\" \/>\n<meta name=\"twitter:card\" content=\"summary_large_image\" \/>\n<meta name=\"twitter:label1\" content=\"Dur\u00e9e de lecture est.\" \/>\n\t<meta name=\"twitter:data1\" content=\"1 minute\" \/>\n<script type=\"application\/ld+json\" class=\"yoast-schema-graph\">{\"@context\":\"https:\/\/schema.org\",\"@graph\":[{\"@type\":\"WebPage\",\"@id\":\"https:\/\/koningdrone.be\/product\/dji-rs4-mini-dji-care-refresh-1-year-plan-card\/\",\"url\":\"https:\/\/koningdrone.be\/product\/dji-rs4-mini-dji-care-refresh-1-year-plan-card\/\",\"name\":\"DJI RS4 Mini - DJI Care Refresh 1-Year Plan Card - koningdrone.be\",\"isPartOf\":{\"@id\":\"https:\/\/koningdrone.be\/#website\"},\"primaryImageOfPage\":{\"@id\":\"https:\/\/koningdrone.be\/product\/dji-rs4-mini-dji-care-refresh-1-year-plan-card\/#primaryimage\"},\"image\":{\"@id\":\"https:\/\/koningdrone.be\/product\/dji-rs4-mini-dji-care-refresh-1-year-plan-card\/#primaryimage\"},\"thumbnailUrl\":\"https:\/\/koningdrone.be\/wp-content\/uploads\/sites\/13\/2026\/04\/DJI-RS4-Mini-DJI-Care-Refresh.jpg\",\"datePublished\":\"2026-04-06T16:54:52+00:00\",\"dateModified\":\"2026-04-29T02:10:26+00:00\",\"breadcrumb\":{\"@id\":\"https:\/\/koningdrone.be\/product\/dji-rs4-mini-dji-care-refresh-1-year-plan-card\/#breadcrumb\"},\"inLanguage\":\"fr-BE\",\"potentialAction\":[{\"@type\":\"ReadAction\",\"target\":[\"https:\/\/koningdrone.be\/product\/dji-rs4-mini-dji-care-refresh-1-year-plan-card\/\"]}]},{\"@type\":\"ImageObject\",\"inLanguage\":\"fr-BE\",\"@id\":\"https:\/\/koningdrone.be\/product\/dji-rs4-mini-dji-care-refresh-1-year-plan-card\/#primaryimage\",\"url\":\"https:\/\/koningdrone.be\/wp-content\/uploads\/sites\/13\/2026\/04\/DJI-RS4-Mini-DJI-Care-Refresh.jpg\",\"contentUrl\":\"https:\/\/koningdrone.be\/wp-content\/uploads\/sites\/13\/2026\/04\/DJI-RS4-Mini-DJI-Care-Refresh.jpg\",\"width\":2560,\"height\":2560},{\"@type\":\"BreadcrumbList\",\"@id\":\"https:\/\/koningdrone.be\/product\/dji-rs4-mini-dji-care-refresh-1-year-plan-card\/#breadcrumb\",\"itemListElement\":[{\"@type\":\"ListItem\",\"position\":1,\"name\":\"Home\",\"item\":\"https:\/\/koningdrone.be\/\"},{\"@type\":\"ListItem\",\"position\":2,\"name\":\"AVSS Parachute Recovery System for DJI Matrice 300\/350\",\"item\":\"https:\/\/koningdrone.be\/product\/avss-parachute-recovery-system-for-dji-matrice-300-350\/\"},{\"@type\":\"ListItem\",\"position\":3,\"name\":\"Alle care refresh\",\"item\":\"https:\/\/koningdrone.be\/categorie\/alle-care-refresh\/\"},{\"@type\":\"ListItem\",\"position\":4,\"name\":\"DJI RS4 Mini &#8211; DJI Care Refresh 1-Year Plan Card\"}]},{\"@type\":\"WebSite\",\"@id\":\"https:\/\/koningdrone.be\/#website\",\"url\":\"https:\/\/koningdrone.be\/\",\"name\":\"Koningdrone.be - Uw online specialist in drones, gimbals, camera's en power stations.\",\"description\":\"De webshop in drones en gimbals\",\"publisher\":{\"@id\":\"https:\/\/koningdrone.be\/#organization\"},\"potentialAction\":[{\"@type\":\"SearchAction\",\"target\":{\"@type\":\"EntryPoint\",\"urlTemplate\":\"https:\/\/koningdrone.be\/?s={search_term_string}\"},\"query-input\":{\"@type\":\"PropertyValueSpecification\",\"valueRequired\":true,\"valueName\":\"search_term_string\"}}],\"inLanguage\":\"fr-BE\"},{\"@type\":\"Organization\",\"@id\":\"https:\/\/koningdrone.be\/#organization\",\"name\":\"Koningdrone.be\",\"url\":\"https:\/\/koningdrone.be\/\",\"logo\":{\"@type\":\"ImageObject\",\"inLanguage\":\"fr-BE\",\"@id\":\"https:\/\/koningdrone.be\/#\/schema\/logo\/image\/\",\"url\":\"https:\/\/koningdrone.be\/wp-content\/uploads\/sites\/13\/2025\/04\/koningdrone-copyright-logo.svg\",\"contentUrl\":\"https:\/\/koningdrone.be\/wp-content\/uploads\/sites\/13\/2025\/04\/koningdrone-copyright-logo.svg\",\"width\":227,\"height\":38,\"caption\":\"Koningdrone.be\"},\"image\":{\"@id\":\"https:\/\/koningdrone.be\/#\/schema\/logo\/image\/\"}}]}<\/script>\n<!-- \/ Yoast SEO Premium plugin. -->","yoast_head_json":{"title":"DJI RS4 Mini - DJI Care Refresh 1-Year Plan Card - koningdrone.be","robots":{"index":"index","follow":"follow","max-snippet":"max-snippet:-1","max-image-preview":"max-image-preview:large","max-video-preview":"max-video-preview:-1"},"canonical":"https:\/\/koningdrone.be\/fr\/produit\/dji-rs4-mini-dji-care-refresh-1-year-plan-card\/","og_locale":"fr_FR","og_type":"article","og_title":"DJI RS4 Mini - DJI Care Refresh 1-Year Plan Card","og_description":"Tot 2 voordelige vervangingen binnen een periode van \u00e9\u00e9n jaar.  Volledige dekking voor valschade, botsingen en waterschade.  DJI Care Express voor prioriteit bij vervanging en minimale downtime.  Inclusief gratis verzending (heen en terug) voor alle service-aanvragen.  Wereldwijde service en offici\u00eble DJI-garantie gedurende de looptijd.","og_url":"https:\/\/koningdrone.be\/fr\/produit\/dji-rs4-mini-dji-care-refresh-1-year-plan-card\/","og_site_name":"koningdrone.be","article_modified_time":"2026-04-29T02:10:26+00:00","og_image":[{"width":2560,"height":2560,"url":"https:\/\/koningdrone.be\/wp-content\/uploads\/sites\/13\/2026\/04\/DJI-RS4-Mini-DJI-Care-Refresh.jpg","type":"image\/jpeg"}],"twitter_card":"summary_large_image","twitter_misc":{"Dur\u00e9e de lecture est.":"1 minute"},"schema":{"@context":"https:\/\/schema.org","@graph":[{"@type":"WebPage","@id":"https:\/\/koningdrone.be\/product\/dji-rs4-mini-dji-care-refresh-1-year-plan-card\/","url":"https:\/\/koningdrone.be\/product\/dji-rs4-mini-dji-care-refresh-1-year-plan-card\/","name":"DJI RS4 Mini - DJI Care Refresh 1-Year Plan Card - koningdrone.be","isPartOf":{"@id":"https:\/\/koningdrone.be\/#website"},"primaryImageOfPage":{"@id":"https:\/\/koningdrone.be\/product\/dji-rs4-mini-dji-care-refresh-1-year-plan-card\/#primaryimage"},"image":{"@id":"https:\/\/koningdrone.be\/product\/dji-rs4-mini-dji-care-refresh-1-year-plan-card\/#primaryimage"},"thumbnailUrl":"https:\/\/koningdrone.be\/wp-content\/uploads\/sites\/13\/2026\/04\/DJI-RS4-Mini-DJI-Care-Refresh.jpg","datePublished":"2026-04-06T16:54:52+00:00","dateModified":"2026-04-29T02:10:26+00:00","breadcrumb":{"@id":"https:\/\/koningdrone.be\/product\/dji-rs4-mini-dji-care-refresh-1-year-plan-card\/#breadcrumb"},"inLanguage":"fr-BE","potentialAction":[{"@type":"ReadAction","target":["https:\/\/koningdrone.be\/product\/dji-rs4-mini-dji-care-refresh-1-year-plan-card\/"]}]},{"@type":"ImageObject","inLanguage":"fr-BE","@id":"https:\/\/koningdrone.be\/product\/dji-rs4-mini-dji-care-refresh-1-year-plan-card\/#primaryimage","url":"https:\/\/koningdrone.be\/wp-content\/uploads\/sites\/13\/2026\/04\/DJI-RS4-Mini-DJI-Care-Refresh.jpg","contentUrl":"https:\/\/koningdrone.be\/wp-content\/uploads\/sites\/13\/2026\/04\/DJI-RS4-Mini-DJI-Care-Refresh.jpg","width":2560,"height":2560},{"@type":"BreadcrumbList","@id":"https:\/\/koningdrone.be\/product\/dji-rs4-mini-dji-care-refresh-1-year-plan-card\/#breadcrumb","itemListElement":[{"@type":"ListItem","position":1,"name":"Home","item":"https:\/\/koningdrone.be\/"},{"@type":"ListItem","position":2,"name":"AVSS Parachute Recovery System for DJI Matrice 300\/350","item":"https:\/\/koningdrone.be\/product\/avss-parachute-recovery-system-for-dji-matrice-300-350\/"},{"@type":"ListItem","position":3,"name":"Alle care refresh","item":"https:\/\/koningdrone.be\/categorie\/alle-care-refresh\/"},{"@type":"ListItem","position":4,"name":"DJI RS4 Mini &#8211; DJI Care Refresh 1-Year Plan Card"}]},{"@type":"WebSite","@id":"https:\/\/koningdrone.be\/#website","url":"https:\/\/koningdrone.be\/","name":"Koningdrone.be - Votre sp\u00e9cialiste en ligne en mati\u00e8re de drones, de cardans, de cam\u00e9ras et de centrales \u00e9lectriques.","description":"La boutique en ligne de drones et de cardans","publisher":{"@id":"https:\/\/koningdrone.be\/#organization"},"potentialAction":[{"@type":"SearchAction","target":{"@type":"EntryPoint","urlTemplate":"https:\/\/koningdrone.be\/?s={search_term_string}"},"query-input":{"@type":"PropertyValueSpecification","valueRequired":true,"valueName":"search_term_string"}}],"inLanguage":"fr-BE"},{"@type":"Organization","@id":"https:\/\/koningdrone.be\/#organization","name":"Kingdrone.co.uk","url":"https:\/\/koningdrone.be\/","logo":{"@type":"ImageObject","inLanguage":"fr-BE","@id":"https:\/\/koningdrone.be\/#\/schema\/logo\/image\/","url":"https:\/\/koningdrone.be\/wp-content\/uploads\/sites\/13\/2025\/04\/koningdrone-copyright-logo.svg","contentUrl":"https:\/\/koningdrone.be\/wp-content\/uploads\/sites\/13\/2025\/04\/koningdrone-copyright-logo.svg","width":227,"height":38,"caption":"Koningdrone.be"},"image":{"@id":"https:\/\/koningdrone.be\/#\/schema\/logo\/image\/"}}]}},"df_price":44,"df_sale_price":"","df_regular_price":44,"df_image_link":"https:\/\/koningdrone.be\/wp-content\/uploads\/sites\/13\/2026\/04\/DJI-RS4-Mini-DJI-Care-Refresh-300x300.jpg","_links":{"self":[{"href":"https:\/\/koningdrone.be\/fr\/wp-json\/wp\/v2\/product\/18460","targetHints":{"allow":["GET"]}}],"collection":[{"href":"https:\/\/koningdrone.be\/fr\/wp-json\/wp\/v2\/product"}],"about":[{"href":"https:\/\/koningdrone.be\/fr\/wp-json\/wp\/v2\/types\/product"}],"wp:featuredmedia":[{"embeddable":true,"href":"https:\/\/koningdrone.be\/fr\/wp-json\/wp\/v2\/media\/18461"}],"wp:attachment":[{"href":"https:\/\/koningdrone.be\/fr\/wp-json\/wp\/v2\/media?parent=18460"}],"wp:term":[{"taxonomy":"product_brand","embeddable":true,"href":"https:\/\/koningdrone.be\/fr\/wp-json\/wp\/v2\/product_brand?post=18460"},{"taxonomy":"product_cat","embeddable":true,"href":"https:\/\/koningdrone.be\/fr\/wp-json\/wp\/v2\/product_cat?post=18460"},{"taxonomy":"product_tag","embeddable":true,"href":"https:\/\/koningdrone.be\/fr\/wp-json\/wp\/v2\/product_tag?post=18460"}],"curies":[{"name":"wp","href":"https:\/\/api.w.org\/{rel}","templated":true}]}}