{"id":18454,"date":"2026-04-06T18:54:21","date_gmt":"2026-04-06T16:54:21","guid":{"rendered":"https:\/\/koningdrone.be\/?post_type=product&#038;p=18454"},"modified":"2026-04-29T04:10:19","modified_gmt":"2026-04-29T02:10:19","slug":"dji-osmo-360-dji-care-refresh-card-1-year-plan","status":"publish","type":"product","link":"https:\/\/koningdrone.be\/fr\/produit\/dji-osmo-360-dji-care-refresh-card-1-year-plan\/","title":{"rendered":"DJI Osmo 360 - DJI Care Refresh Card - Plan d'un an"},"content":{"rendered":"<h3>DJI Osmo 360 - DJI Care Refresh Card - Plan d'un an<\/h3>\n<p>Le plan DJI Care Refresh 1 an est le premier service de protection pour la DJI Osmo 360, la cam\u00e9ra panoramique 8K r\u00e9volutionnaire de DJI. Cette carte d'activation num\u00e9rique offre 12 mois de couverture pour les doubles capteurs de 1 pouce de l'Osmo 360. Il s'agit d'un filet de s\u00e9curit\u00e9 essentiel pour une cam\u00e9ra con\u00e7ue pour des prises de vue tous azimuts, afin que vos projets cr\u00e9atifs ne soient pas interrompus par des dommages impr\u00e9vus.<\/p>\n<h4>Performance et fonctionnalit\u00e9<\/h4>\n<p>Ce plan permet de remplacer jusqu'\u00e0 deux appareils par an pour un montant fixe et peu \u00e9lev\u00e9. Il couvre divers sinistres, notamment les collisions et les d\u00e9g\u00e2ts des eaux, ce qui est essentiel pour un appareil souvent utilis\u00e9 dans des environnements ext\u00e9rieurs difficiles. Gr\u00e2ce \u00e0 DJI Care Express, vous pouvez vous passer de l'\u00e9valuation standard des dommages. DJI exp\u00e9diera imm\u00e9diatement un appareil de remplacement d\u00e8s r\u00e9ception de votre cam\u00e9ra d\u00e9fectueuse, afin que vous puissiez retourner filmer en un rien de temps.<\/p>\n<p><a href=\"https:\/\/koningdrone.nl\/wp-content\/uploads\/2026\/04\/DJI-Osmo-360-DJI-Care-Refresh-Card.jpg\"><img loading=\"lazy\" decoding=\"async\" class=\"size-medium wp-image-471883 aligncenter\" src=\"https:\/\/koningdrone.nl\/wp-content\/uploads\/2026\/04\/DJI-Osmo-360-DJI-Care-Refresh-Card-300x300.jpg\" alt=\"DJI Osmo 360 - DJI Care Refresh Card\" width=\"300\" height=\"300\" \/><\/a><\/p>\n<h4>Qualit\u00e9 de construction et conception<\/h4>\n<p>Bien qu'il s'agisse d'un produit virtuel (code d'activation), il offre une s\u00e9curit\u00e9 physique pour les optiques fragiles de votre cam\u00e9ra. Le code doit \u00eatre associ\u00e9 dans les 30 jours suivant la premi\u00e8re activation de l'Osmo 360. Le plan comprend l'exp\u00e9dition gratuite dans les deux sens, ce qui signifie que DJI couvre tous les co\u00fbts logistiques. En outre, le service mondial vous permet d'obtenir un remplacement ou une r\u00e9paration dans n'importe quel centre de service DJI agr\u00e9\u00e9 dans le monde entier.<\/p>\n<h4>Pourquoi vous en avez besoin ?<\/h4>\n<p>L'Osmo 360 est \u00e9quip\u00e9e de deux lentilles fisheye qui sont toujours l\u00e9g\u00e8rement expos\u00e9es pendant l'utilisation. Que vous utilisiez le b\u00e2ton de selfie invisible pour des s\u00e9quences \u00e0 la troisi\u00e8me personne ou que vous filmiez en mode SuperNight 8K, un accident se trouve dans un petit coin. DJI Care Refresh offre une garantie officielle et vous donne un acc\u00e8s exclusif \u00e0 des experts techniques, afin que vous puissiez vous concentrer pleinement sur vos s\u00e9quences plut\u00f4t que sur les co\u00fbts de r\u00e9paration.<\/p>","protected":false},"excerpt":{"rendered":"<ul>\n<li>Jusqu'\u00e0 deux remplacements b\u00e9n\u00e9fiques au cours d'une p\u00e9riode d'un an.<\/li>\n<li>Couverture compl\u00e8te pour les dommages caus\u00e9s par la chute, la collision et les d\u00e9g\u00e2ts des eaux.<\/li>\n<li>DJI Care Express pour un traitement acc\u00e9l\u00e9r\u00e9 sans d\u00e9lai d'inspection.<\/li>\n<li>Comprend l'exp\u00e9dition gratuite (aller-retour) pour toutes les demandes de service.<\/li>\n<li>Service mondial et garantie officielle DJI.<\/li>\n<\/ul>","protected":false},"featured_media":18455,"template":"","meta":{"_acf_changed":false},"product_brand":[],"product_cat":[175,1819],"product_tag":[],"class_list":{"0":"post-18454","1":"product","2":"type-product","3":"status-publish","4":"has-post-thumbnail","6":"product_cat-alle-care-refresh","7":"product_cat-dji-osmo-360","8":"product_shipping_class-acsystemsall","9":"pa_brand-dji","10":"pa_producttype-serviceplan","11":"pa_series-osmo","13":"first","14":"instock","15":"taxable","16":"shipping-taxable","17":"purchasable","18":"product-type-simple"},"acf":[],"yoast_head":"<!-- This site is optimized with the Yoast SEO Premium plugin v27.2 (Yoast SEO v27.2) - https:\/\/yoast.com\/product\/yoast-seo-premium-wordpress\/ -->\n<title>DJI Osmo 360 - DJI Care Refresh Card - 1-Year Plan - koningdrone.be<\/title>\n<meta name=\"robots\" content=\"index, follow, max-snippet:-1, max-image-preview:large, max-video-preview:-1\" \/>\n<link rel=\"canonical\" href=\"https:\/\/koningdrone.be\/fr\/produit\/dji-osmo-360-dji-care-refresh-card-1-year-plan\/\" \/>\n<meta property=\"og:locale\" content=\"fr_FR\" \/>\n<meta property=\"og:type\" content=\"article\" \/>\n<meta property=\"og:title\" content=\"DJI Osmo 360 - DJI Care Refresh Card - 1-Year Plan\" \/>\n<meta property=\"og:description\" content=\"Tot 2 voordelige vervangingen binnen een periode van \u00e9\u00e9n jaar.  Volledige dekking voor valschade, botsingen en waterschade.  DJI Care Express voor een versnelde afhandeling zonder inspectiewachttijd.  Inclusief gratis verzending (heen en terug) voor alle service-aanvragen.  Wereldwijde service en offici\u00eble DJI-garantie gedurende de hele looptijd.\" \/>\n<meta property=\"og:url\" content=\"https:\/\/koningdrone.be\/fr\/produit\/dji-osmo-360-dji-care-refresh-card-1-year-plan\/\" \/>\n<meta property=\"og:site_name\" content=\"koningdrone.be\" \/>\n<meta property=\"article:modified_time\" content=\"2026-04-29T02:10:19+00:00\" \/>\n<meta property=\"og:image\" content=\"https:\/\/koningdrone.be\/wp-content\/uploads\/sites\/13\/2026\/04\/DJI-Osmo-360-DJI-Care-Refresh-Card.jpg\" \/>\n\t<meta property=\"og:image:width\" content=\"2560\" \/>\n\t<meta property=\"og:image:height\" content=\"2560\" \/>\n\t<meta property=\"og:image:type\" content=\"image\/jpeg\" \/>\n<meta name=\"twitter:card\" content=\"summary_large_image\" \/>\n<meta name=\"twitter:label1\" content=\"Dur\u00e9e de lecture est.\" \/>\n\t<meta name=\"twitter:data1\" content=\"1 minute\" \/>\n<script type=\"application\/ld+json\" class=\"yoast-schema-graph\">{\"@context\":\"https:\/\/schema.org\",\"@graph\":[{\"@type\":\"WebPage\",\"@id\":\"https:\/\/koningdrone.be\/product\/dji-osmo-360-dji-care-refresh-card-1-year-plan\/\",\"url\":\"https:\/\/koningdrone.be\/product\/dji-osmo-360-dji-care-refresh-card-1-year-plan\/\",\"name\":\"DJI Osmo 360 - DJI Care Refresh Card - 1-Year Plan - koningdrone.be\",\"isPartOf\":{\"@id\":\"https:\/\/koningdrone.be\/#website\"},\"primaryImageOfPage\":{\"@id\":\"https:\/\/koningdrone.be\/product\/dji-osmo-360-dji-care-refresh-card-1-year-plan\/#primaryimage\"},\"image\":{\"@id\":\"https:\/\/koningdrone.be\/product\/dji-osmo-360-dji-care-refresh-card-1-year-plan\/#primaryimage\"},\"thumbnailUrl\":\"https:\/\/koningdrone.be\/wp-content\/uploads\/sites\/13\/2026\/04\/DJI-Osmo-360-DJI-Care-Refresh-Card.jpg\",\"datePublished\":\"2026-04-06T16:54:21+00:00\",\"dateModified\":\"2026-04-29T02:10:19+00:00\",\"breadcrumb\":{\"@id\":\"https:\/\/koningdrone.be\/product\/dji-osmo-360-dji-care-refresh-card-1-year-plan\/#breadcrumb\"},\"inLanguage\":\"fr-BE\",\"potentialAction\":[{\"@type\":\"ReadAction\",\"target\":[\"https:\/\/koningdrone.be\/product\/dji-osmo-360-dji-care-refresh-card-1-year-plan\/\"]}]},{\"@type\":\"ImageObject\",\"inLanguage\":\"fr-BE\",\"@id\":\"https:\/\/koningdrone.be\/product\/dji-osmo-360-dji-care-refresh-card-1-year-plan\/#primaryimage\",\"url\":\"https:\/\/koningdrone.be\/wp-content\/uploads\/sites\/13\/2026\/04\/DJI-Osmo-360-DJI-Care-Refresh-Card.jpg\",\"contentUrl\":\"https:\/\/koningdrone.be\/wp-content\/uploads\/sites\/13\/2026\/04\/DJI-Osmo-360-DJI-Care-Refresh-Card.jpg\",\"width\":2560,\"height\":2560},{\"@type\":\"BreadcrumbList\",\"@id\":\"https:\/\/koningdrone.be\/product\/dji-osmo-360-dji-care-refresh-card-1-year-plan\/#breadcrumb\",\"itemListElement\":[{\"@type\":\"ListItem\",\"position\":1,\"name\":\"Home\",\"item\":\"https:\/\/koningdrone.be\/\"},{\"@type\":\"ListItem\",\"position\":2,\"name\":\"AVSS Parachute Recovery System for DJI Matrice 300\/350\",\"item\":\"https:\/\/koningdrone.be\/product\/avss-parachute-recovery-system-for-dji-matrice-300-350\/\"},{\"@type\":\"ListItem\",\"position\":3,\"name\":\"Alle care refresh\",\"item\":\"https:\/\/koningdrone.be\/categorie\/alle-care-refresh\/\"},{\"@type\":\"ListItem\",\"position\":4,\"name\":\"DJI Osmo 360 &#8211; DJI Care Refresh Card &#8211; 1-Year Plan\"}]},{\"@type\":\"WebSite\",\"@id\":\"https:\/\/koningdrone.be\/#website\",\"url\":\"https:\/\/koningdrone.be\/\",\"name\":\"Koningdrone.be - Uw online specialist in drones, gimbals, camera's en power stations.\",\"description\":\"De webshop in drones en gimbals\",\"publisher\":{\"@id\":\"https:\/\/koningdrone.be\/#organization\"},\"potentialAction\":[{\"@type\":\"SearchAction\",\"target\":{\"@type\":\"EntryPoint\",\"urlTemplate\":\"https:\/\/koningdrone.be\/?s={search_term_string}\"},\"query-input\":{\"@type\":\"PropertyValueSpecification\",\"valueRequired\":true,\"valueName\":\"search_term_string\"}}],\"inLanguage\":\"fr-BE\"},{\"@type\":\"Organization\",\"@id\":\"https:\/\/koningdrone.be\/#organization\",\"name\":\"Koningdrone.be\",\"url\":\"https:\/\/koningdrone.be\/\",\"logo\":{\"@type\":\"ImageObject\",\"inLanguage\":\"fr-BE\",\"@id\":\"https:\/\/koningdrone.be\/#\/schema\/logo\/image\/\",\"url\":\"https:\/\/koningdrone.be\/wp-content\/uploads\/sites\/13\/2025\/04\/koningdrone-copyright-logo.svg\",\"contentUrl\":\"https:\/\/koningdrone.be\/wp-content\/uploads\/sites\/13\/2025\/04\/koningdrone-copyright-logo.svg\",\"width\":227,\"height\":38,\"caption\":\"Koningdrone.be\"},\"image\":{\"@id\":\"https:\/\/koningdrone.be\/#\/schema\/logo\/image\/\"}}]}<\/script>\n<!-- \/ Yoast SEO Premium plugin. -->","yoast_head_json":{"title":"DJI Osmo 360 - DJI Care Refresh Card - 1-Year Plan - koningdrone.be","robots":{"index":"index","follow":"follow","max-snippet":"max-snippet:-1","max-image-preview":"max-image-preview:large","max-video-preview":"max-video-preview:-1"},"canonical":"https:\/\/koningdrone.be\/fr\/produit\/dji-osmo-360-dji-care-refresh-card-1-year-plan\/","og_locale":"fr_FR","og_type":"article","og_title":"DJI Osmo 360 - DJI Care Refresh Card - 1-Year Plan","og_description":"Tot 2 voordelige vervangingen binnen een periode van \u00e9\u00e9n jaar.  Volledige dekking voor valschade, botsingen en waterschade.  DJI Care Express voor een versnelde afhandeling zonder inspectiewachttijd.  Inclusief gratis verzending (heen en terug) voor alle service-aanvragen.  Wereldwijde service en offici\u00eble DJI-garantie gedurende de hele looptijd.","og_url":"https:\/\/koningdrone.be\/fr\/produit\/dji-osmo-360-dji-care-refresh-card-1-year-plan\/","og_site_name":"koningdrone.be","article_modified_time":"2026-04-29T02:10:19+00:00","og_image":[{"width":2560,"height":2560,"url":"https:\/\/koningdrone.be\/wp-content\/uploads\/sites\/13\/2026\/04\/DJI-Osmo-360-DJI-Care-Refresh-Card.jpg","type":"image\/jpeg"}],"twitter_card":"summary_large_image","twitter_misc":{"Dur\u00e9e de lecture est.":"1 minute"},"schema":{"@context":"https:\/\/schema.org","@graph":[{"@type":"WebPage","@id":"https:\/\/koningdrone.be\/product\/dji-osmo-360-dji-care-refresh-card-1-year-plan\/","url":"https:\/\/koningdrone.be\/product\/dji-osmo-360-dji-care-refresh-card-1-year-plan\/","name":"DJI Osmo 360 - DJI Care Refresh Card - 1-Year Plan - koningdrone.be","isPartOf":{"@id":"https:\/\/koningdrone.be\/#website"},"primaryImageOfPage":{"@id":"https:\/\/koningdrone.be\/product\/dji-osmo-360-dji-care-refresh-card-1-year-plan\/#primaryimage"},"image":{"@id":"https:\/\/koningdrone.be\/product\/dji-osmo-360-dji-care-refresh-card-1-year-plan\/#primaryimage"},"thumbnailUrl":"https:\/\/koningdrone.be\/wp-content\/uploads\/sites\/13\/2026\/04\/DJI-Osmo-360-DJI-Care-Refresh-Card.jpg","datePublished":"2026-04-06T16:54:21+00:00","dateModified":"2026-04-29T02:10:19+00:00","breadcrumb":{"@id":"https:\/\/koningdrone.be\/product\/dji-osmo-360-dji-care-refresh-card-1-year-plan\/#breadcrumb"},"inLanguage":"fr-BE","potentialAction":[{"@type":"ReadAction","target":["https:\/\/koningdrone.be\/product\/dji-osmo-360-dji-care-refresh-card-1-year-plan\/"]}]},{"@type":"ImageObject","inLanguage":"fr-BE","@id":"https:\/\/koningdrone.be\/product\/dji-osmo-360-dji-care-refresh-card-1-year-plan\/#primaryimage","url":"https:\/\/koningdrone.be\/wp-content\/uploads\/sites\/13\/2026\/04\/DJI-Osmo-360-DJI-Care-Refresh-Card.jpg","contentUrl":"https:\/\/koningdrone.be\/wp-content\/uploads\/sites\/13\/2026\/04\/DJI-Osmo-360-DJI-Care-Refresh-Card.jpg","width":2560,"height":2560},{"@type":"BreadcrumbList","@id":"https:\/\/koningdrone.be\/product\/dji-osmo-360-dji-care-refresh-card-1-year-plan\/#breadcrumb","itemListElement":[{"@type":"ListItem","position":1,"name":"Home","item":"https:\/\/koningdrone.be\/"},{"@type":"ListItem","position":2,"name":"AVSS Parachute Recovery System for DJI Matrice 300\/350","item":"https:\/\/koningdrone.be\/product\/avss-parachute-recovery-system-for-dji-matrice-300-350\/"},{"@type":"ListItem","position":3,"name":"Alle care refresh","item":"https:\/\/koningdrone.be\/categorie\/alle-care-refresh\/"},{"@type":"ListItem","position":4,"name":"DJI Osmo 360 &#8211; DJI Care Refresh Card &#8211; 1-Year Plan"}]},{"@type":"WebSite","@id":"https:\/\/koningdrone.be\/#website","url":"https:\/\/koningdrone.be\/","name":"Koningdrone.be - Votre sp\u00e9cialiste en ligne en mati\u00e8re de drones, de cardans, de cam\u00e9ras et de centrales \u00e9lectriques.","description":"La boutique en ligne de drones et de cardans","publisher":{"@id":"https:\/\/koningdrone.be\/#organization"},"potentialAction":[{"@type":"SearchAction","target":{"@type":"EntryPoint","urlTemplate":"https:\/\/koningdrone.be\/?s={search_term_string}"},"query-input":{"@type":"PropertyValueSpecification","valueRequired":true,"valueName":"search_term_string"}}],"inLanguage":"fr-BE"},{"@type":"Organization","@id":"https:\/\/koningdrone.be\/#organization","name":"Kingdrone.co.uk","url":"https:\/\/koningdrone.be\/","logo":{"@type":"ImageObject","inLanguage":"fr-BE","@id":"https:\/\/koningdrone.be\/#\/schema\/logo\/image\/","url":"https:\/\/koningdrone.be\/wp-content\/uploads\/sites\/13\/2025\/04\/koningdrone-copyright-logo.svg","contentUrl":"https:\/\/koningdrone.be\/wp-content\/uploads\/sites\/13\/2025\/04\/koningdrone-copyright-logo.svg","width":227,"height":38,"caption":"Koningdrone.be"},"image":{"@id":"https:\/\/koningdrone.be\/#\/schema\/logo\/image\/"}}]}},"df_price":35,"df_sale_price":"","df_regular_price":35,"df_image_link":"https:\/\/koningdrone.be\/wp-content\/uploads\/sites\/13\/2026\/04\/DJI-Osmo-360-DJI-Care-Refresh-Card-300x300.jpg","_links":{"self":[{"href":"https:\/\/koningdrone.be\/fr\/wp-json\/wp\/v2\/product\/18454","targetHints":{"allow":["GET"]}}],"collection":[{"href":"https:\/\/koningdrone.be\/fr\/wp-json\/wp\/v2\/product"}],"about":[{"href":"https:\/\/koningdrone.be\/fr\/wp-json\/wp\/v2\/types\/product"}],"wp:featuredmedia":[{"embeddable":true,"href":"https:\/\/koningdrone.be\/fr\/wp-json\/wp\/v2\/media\/18455"}],"wp:attachment":[{"href":"https:\/\/koningdrone.be\/fr\/wp-json\/wp\/v2\/media?parent=18454"}],"wp:term":[{"taxonomy":"product_brand","embeddable":true,"href":"https:\/\/koningdrone.be\/fr\/wp-json\/wp\/v2\/product_brand?post=18454"},{"taxonomy":"product_cat","embeddable":true,"href":"https:\/\/koningdrone.be\/fr\/wp-json\/wp\/v2\/product_cat?post=18454"},{"taxonomy":"product_tag","embeddable":true,"href":"https:\/\/koningdrone.be\/fr\/wp-json\/wp\/v2\/product_tag?post=18454"}],"curies":[{"name":"wp","href":"https:\/\/api.w.org\/{rel}","templated":true}]}}